{"id":8353,"date":"2024-05-03T06:32:32","date_gmt":"2024-05-03T06:32:32","guid":{"rendered":"https:\/\/elfsight.com\/de\/?page_id=8353"},"modified":"2025-02-20T06:41:42","modified_gmt":"2025-02-20T06:41:42","slug":"jquery","status":"publish","type":"page","link":"https:\/\/elfsight.com\/de\/click-to-call-widget\/jquery\/","title":{"rendered":"Click to Call &#8211; jQuery"},"content":{"rendered":"\n<div class=\"application-platform-content-item-description application-platform-content-item\" id=\"description\" data-nav-section=\"description\"> <h2>Beschreibung<\/h2> <p>Click To Call f\u00fcr jOuery ist ein praktisches Tool, mit dem Ihre Website-Besucher Sie in k\u00fcrzerer Zeit kontaktieren k\u00f6nnen. Benutzer k\u00f6nnen Sie anrufen, indem sie auf dem Mobilger\u00e4t auf die Miniaturansicht der Rufnummer klicken. Auf dem PC wird Ihre Nummer auff\u00e4llig angezeigt, um das W\u00e4hlen zu erleichtern. Die Blase selbst und das Telefonfenster sind enorm anpassbar und machen es Ihnen leicht, ein absolut einzigartiges Design Ihres Plugins zu gestalten. Es steht Ihnen frei, alle Komponenten Ihres Tools neu einzuf\u00e4rben, um es vollst\u00e4ndig an das Gesamtdesign der Website anzupassen.<\/p> <div class=\"faq\" data-component=\"FAQ\"><div class=\"faq-item\">\r\n\t\t\t\t\t<div class=\"faq-item-question\">\r\n\t\t\t\t\t\t<h3 class=\"faq-item-question-text\">Wie kann ich einen Click-to-Call-Button zu meiner jQuery-Website hinzuf\u00fcgen?<\/h3>\r\n\r\n\t\t\t\t\t\t<div class=\"faq-item-question-icon\"><\/div>\r\n\t\t\t\t\t<\/div>\r\n\r\n\t\t\t\t\t<div class=\"faq-item-answer\">\r\n\t\t\t\t\t\t<div class=\"faq-item-answer-text\"><p>Die Erstellung des Widgets erfolgt innerhalb der Elfsight-Website und Sie m\u00fcssen keine Programmierkenntnisse erlernen. Nutzen Sie die Online-Demo, um Ihre App zu erstellen, den Code abzurufen und ihn in Ihre Website einzuf\u00fcgen. <\/p><\/div>\r\n\t\t\t\t\t<\/div>\r\n\t\t\t\t<\/div><div class=\"faq-item\">\r\n\t\t\t\t\t<div class=\"faq-item-question\">\r\n\t\t\t\t\t\t<h3 class=\"faq-item-question-text\">Die besten Anwendungsbeispiele f\u00fcr die Integration von Anrufschaltfl\u00e4chen<\/h3>\r\n\r\n\t\t\t\t\t\t<div class=\"faq-item-question-icon\"><\/div>\r\n\t\t\t\t\t<\/div>\r\n\r\n\t\t\t\t\t<div class=\"faq-item-answer\">\r\n\t\t\t\t\t\t<div class=\"faq-item-answer-text\"><p>Wir haben unz\u00e4hlige Anpassungsoptionen: Widgets in voller L\u00e4nge zum Hinzuf\u00fcgen im Inhaltsbereich, schwebende Widgets f\u00fcr Scrollfunktion, Layouts f\u00fcr Fu\u00dfzeile, Kopfzeile und alle m\u00f6glichen vertikalen M\u00f6glichkeiten f\u00fcr Website-Seitenleisten und Men\u00fcs. <\/p><\/div>\r\n\t\t\t\t\t<\/div>\r\n\t\t\t\t<\/div><div class=\"faq-item\">\r\n\t\t\t\t\t<div class=\"faq-item-question\">\r\n\t\t\t\t\t\t<h3 class=\"faq-item-question-text\">Kann ich mit dem Editor eine \u201eRufen Sie uns an\u201c-Schaltfl\u00e4che oder eine schwebende Anrufschaltfl\u00e4che erstellen?<\/h3>\r\n\r\n\t\t\t\t\t\t<div class=\"faq-item-question-icon\"><\/div>\r\n\t\t\t\t\t<\/div>\r\n\r\n\t\t\t\t\t<div class=\"faq-item-answer\">\r\n\t\t\t\t\t\t<div class=\"faq-item-answer-text\"><p>Sie k\u00f6nnen die Variationen jedes Widgets erstellen. Im Editor stehen unz\u00e4hlige Layouts zur Verf\u00fcgung, die alle schnell nach Ihren W\u00fcnschen angepasst werden k\u00f6nnen. <\/p><\/div>\r\n\t\t\t\t\t<\/div>\r\n\t\t\t\t<\/div><\/div><\/div> <div class=\"application-platform-content-item-features application-platform-content-item\" id=\"features\" data-nav-section=\"features\"> <h2>Funktionen<\/h2> <p>Um ein klares Verst\u00e4ndnis des Widgets zu vermitteln, finden Sie hier eine Liste der wichtigsten Z\u00fcge. Sie machen dieses Widget f\u00fcr Sie unglaublich effizient: <\/p> <ul><li>Sofortiges W\u00e4hlen auf Mobiltelefonen;<\/li> <li>W\u00e4hlen Sie eine der Optionen f\u00fcr die Widget-Platzierung: Links schwebend, Rechts schwebend oder benutzerdefiniert;<\/li> <li>Die Option, das Widget auf bestimmten Seiten zu demonstrieren oder Webseiten auszuschlie\u00dfen;<\/li> <li>3 Arten von Benutzern, f\u00fcr die das Widget angezeigt wird: alle, neue und nur wiederkehrende Benutzer;<\/li> <li>Integrierte Widget-\u00d6ffnungsausl\u00f6ser: auf der Seite verbrachte Zeit, Zeit auf der Website, Scroll-Prozentsatz oder Ausstiegsabsicht.<\/li> <\/ul><p><a href=\"#demo\">Weitere Funktionen finden Sie unter Live-Demo<\/a><\/p> <\/div> <div class=\"application-platform-content-item-installation application-platform-content-item\" id=\"installation\" data-nav-section=\"installation\"> <h2>So betten Sie die Schaltfl\u00e4che \u201eJetzt anrufen\u201c in Ihre jQuery-Site ein<\/h2> <p>Diese verschiedenen Aktionen sind das Einzige Sie m\u00fcssen dies tun, um das Plugin einzubetten.<\/p> <ol><li><b>Verwalten Sie unseren kostenlosen Konfigurator und beginnen Sie mit der Erstellung Ihres eigenen Plugins. <\/b><br> Bestimmen Sie das bevorzugte Aussehen und die Spezifikationen des Plugins und \u00fcbernehmen Sie die \u00c4nderungen. <\/li> <li><b>Lassen Sie sich Ihren pers\u00f6nlichen Code im Fenster von Elfsight Apps anzeigen. <\/b><br> Wenn die Einrichtung Ihres pers\u00f6nlichen Widgets abgeschlossen ist, kopieren Sie den pers\u00f6nlichen Code im angezeigten Fenster und speichern Sie ihn zur sp\u00e4teren Verwendung. <\/li> <li><b>Beginnen Sie mit der Nutzung des Tools auf Ihrer jQuery-Website. <\/b><br> Geben Sie den k\u00fcrzlich kopierten Code in Ihre Website ein und speichern Sie die Anpassungen. <\/li> <li><b>Du bist fertig! Das Setup wurde erfolgreich beendet. <\/b><br> Besuchen Sie Ihre Website, um die Leistung des Plugins zu sehen. <\/li><\/ol> <p>Haben Sie noch Zweifel? Oder Probleme haben? Schreiben Sie einfach eine Anfrage an unser Support-Team. Wir werden unser Bestes tun, um jedes Problem zu l\u00f6sen. <\/p> <\/div>\n","protected":false},"excerpt":{"rendered":"","protected":false},"author":9,"featured_media":0,"parent":2867,"menu_order":0,"comment_status":"closed","ping_status":"closed","template":"templates\/template-application-platform.php","meta":{"publish_to_discourse":"","publish_post_category":"","wpdc_auto_publish_overridden":"","wpdc_topic_tags":"","wpdc_pin_topic":"","wpdc_pin_until":"","discourse_post_id":"","discourse_permalink":"","wpdc_publishing_response":"","wpdc_publishing_error":"","footnotes":""},"class_list":["post-8353","page","type-page","status-publish","hentry"],"yoast_head":"<!-- This site is optimized with the Yoast SEO plugin v25.3.1 - https:\/\/yoast.com\/wordpress\/plugins\/seo\/ -->\n<title>Jquery-Aufrufschaltfl\u00e4che | Plugin \u201eJetzt anrufen\u201c zur Website hinzuf\u00fcgen (2025)<\/title>\n<meta name=\"description\" content=\"Erstellen Sie ein Click-to-Call-Plugin auf Ihrer jQuery-Site. Nutzen Sie die kostenlose Demo von Elfsight und erstellen Sie Ihr einzigartiges Plugin in nur 2 Minuten.\" \/>\n<meta name=\"robots\" content=\"index, follow, max-snippet:-1, max-image-preview:large, max-video-preview:-1\" \/>\n<link rel=\"canonical\" href=\"https:\/\/elfsight.com\/de\/click-to-call-widget\/jquery\/\" \/>\n<meta property=\"og:locale\" content=\"de_DE\" \/>\n<meta property=\"og:type\" content=\"article\" \/>\n<meta property=\"og:title\" content=\"Jquery-Aufrufschaltfl\u00e4che | Plugin \u201eJetzt anrufen\u201c zur Website hinzuf\u00fcgen (2025)\" \/>\n<meta property=\"og:description\" content=\"Erstellen Sie ein Click-to-Call-Plugin auf Ihrer jQuery-Site. Nutzen Sie die kostenlose Demo von Elfsight und erstellen Sie Ihr einzigartiges Plugin in nur 2 Minuten.\" \/>\n<meta property=\"og:url\" content=\"https:\/\/elfsight.com\/de\/click-to-call-widget\/jquery\/\" \/>\n<meta property=\"og:site_name\" content=\"Elfsight DE\" \/>\n<meta property=\"article:modified_time\" content=\"2025-02-20T06:41:42+00:00\" \/>\n<meta name=\"twitter:card\" content=\"summary_large_image\" \/>\n<meta name=\"twitter:label1\" content=\"Gesch\u00e4tzte Lesezeit\" \/>\n\t<meta name=\"twitter:data1\" content=\"3\u00a0Minuten\" \/>\n<!-- \/ Yoast SEO plugin. -->","yoast_head_json":{"title":"Jquery-Aufrufschaltfl\u00e4che | Plugin \u201eJetzt anrufen\u201c zur Website hinzuf\u00fcgen (2025)","description":"Erstellen Sie ein Click-to-Call-Plugin auf Ihrer jQuery-Site. Nutzen Sie die kostenlose Demo von Elfsight und erstellen Sie Ihr einzigartiges Plugin in nur 2 Minuten.","robots":{"index":"index","follow":"follow","max-snippet":"max-snippet:-1","max-image-preview":"max-image-preview:large","max-video-preview":"max-video-preview:-1"},"canonical":"https:\/\/elfsight.com\/de\/click-to-call-widget\/jquery\/","og_locale":"de_DE","og_type":"article","og_title":"Jquery-Aufrufschaltfl\u00e4che | Plugin \u201eJetzt anrufen\u201c zur Website hinzuf\u00fcgen (2025)","og_description":"Erstellen Sie ein Click-to-Call-Plugin auf Ihrer jQuery-Site. Nutzen Sie die kostenlose Demo von Elfsight und erstellen Sie Ihr einzigartiges Plugin in nur 2 Minuten.","og_url":"https:\/\/elfsight.com\/de\/click-to-call-widget\/jquery\/","og_site_name":"Elfsight DE","article_modified_time":"2025-02-20T06:41:42+00:00","twitter_card":"summary_large_image","twitter_misc":{"Gesch\u00e4tzte Lesezeit":"3\u00a0Minuten"},"schema":{"@context":"https:\/\/schema.org","@graph":[{"@type":"WebPage","@id":"https:\/\/elfsight.com\/de\/click-to-call-widget\/jquery\/","url":"https:\/\/elfsight.com\/de\/click-to-call-widget\/jquery\/","name":"Jquery-Aufrufschaltfl\u00e4che | Plugin \u201eJetzt anrufen\u201c zur Website hinzuf\u00fcgen (2025)","isPartOf":{"@id":"https:\/\/elfsight.com\/de\/#website"},"datePublished":"2024-05-03T06:32:32+00:00","dateModified":"2025-02-20T06:41:42+00:00","description":"Erstellen Sie ein Click-to-Call-Plugin auf Ihrer jQuery-Site. Nutzen Sie die kostenlose Demo von Elfsight und erstellen Sie Ihr einzigartiges Plugin in nur 2 Minuten.","breadcrumb":{"@id":"https:\/\/elfsight.com\/de\/click-to-call-widget\/jquery\/#breadcrumb"},"inLanguage":"de","potentialAction":[{"@type":"ReadAction","target":["https:\/\/elfsight.com\/de\/click-to-call-widget\/jquery\/"]}]},{"@type":"BreadcrumbList","@id":"https:\/\/elfsight.com\/de\/click-to-call-widget\/jquery\/#breadcrumb","itemListElement":[{"@type":"ListItem","position":1,"name":"Home","item":"https:\/\/elfsight.com\/de\/"},{"@type":"ListItem","position":2,"name":"Click to Call","item":"https:\/\/elfsight.com\/de\/click-to-call-widget\/"},{"@type":"ListItem","position":3,"name":"Click to Call &#8211; jQuery"}]},{"@type":"WebSite","@id":"https:\/\/elfsight.com\/de\/#website","url":"https:\/\/elfsight.com\/de\/","name":"Elfsight DE","description":"Just another Elfsight Sites site","potentialAction":[{"@type":"SearchAction","target":{"@type":"EntryPoint","urlTemplate":"https:\/\/elfsight.com\/de\/?s={search_term_string}"},"query-input":{"@type":"PropertyValueSpecification","valueRequired":true,"valueName":"search_term_string"}}],"inLanguage":"de"}]}},"meta_box":{"industry":"","seo_heading":"","heading":"","description":"","cta_heading":"","cta_description":"","application":"490","h1":"jQuery Click-to-Call-Button-Plugin","h1_caption":"Erm\u00f6glichen Sie Benutzern die sofortige Kontaktaufnahme mit Ihnen \u00fcber eine einfache Click-to-Call-Schaltfl\u00e4che, sodass Sie m\u00fchelos und m\u00fchelos direkt \u00fcber Ihre jQuery-Website Kontakt aufnehmen k\u00f6nnen.","application_category":[],"applications_title":"","applications_request_title":"","applications_request_button_text":"","hero_text":"","hero_video":"","hero_video_schema_markup":"","selling_points_title":"","selling_points_caption":"","selling_points":[],"selling_points_cta_text":"","features_title":"","features":"","ed_cta_examples_text":"","ed_cta_examples_hidden":"","ed_cta_demo_text":"","ed_cta_demo_hidden":"","why_caption":"","why_editor_title":"","why_editor_text":"","why_team_title":"","why_team_text":"","why_service_title":"","why_service_text":"","template_catalog_visible":"0","template_catalog_title":"","template_catalog_text":"","template_catalog_categories_visible":"","demo_title":"Erstellen Sie Ihr Click-to-Call-Plugin","demo_caption":"Konfigurieren Sie Ihren Click-to-Call und f\u00fcgen Sie ihn kostenlos zu Ihrer jQuery-Website hinzu!","default_faq_hidden":"","app_template_category":[],"platform":"258","template_public_id":"","codecanyon_url":"","codecanyon_item_id":"","codecanyon_price":"","pricing_caption":"","pricing_elfsight_apps_hide_column":"","pricing_elfsight_apps_url":"","pricing_codecanyon_price_caption":"","integration_category":[],"integration_request_title":"","integration_request_cta":"","integration_platform":"","integrations":[],"platform_category":[],"video_schema_markup":"","price":"ab 0 $ \/ Monat","trial":"","benefits":[{"text":"Kostenlose Installationsunterst\u00fctzung"},{"text":"Premium-Support"},{"text":"14-t\u00e4gige R\u00fcckerstattungsgarantie"},{"text":"Kontinuierliche kostenlose Verbesserungen"}],"button_url":"#demo","button_target_blank":"0","button_nofollow":"0","attributes":[{"name":"Installiert","content":"10,000 - 100,000"},{"name":"Reaktionsfreudig","content":"Ja"},{"name":"Kompatible Browser","content":"Firefox, Safari, Opera, Chrome, Edge"}],"tags":[],"tags_disable_links":"0","hide_more_platforms":"0","video_object":"","demo_hide_cta":"0","demo_hide_cloud_options":"0","pricing_title":"","pricing":[{"pricing_icon":"platform","pricing_title":"Elfsight Apps","pricing_title_caption":"Plattform\u00fcbergreifende L\u00f6sung, die auf jeder Website funktioniert","pricing_price":"ab 0 $ \/ Monat","pricing_price_caption":"Beginnen Sie mit einem kostenlosen Plan","pricing_benefits":[{"text":"Unbegrenzte Domains"},{"text":"Engagierter und p\u00fcnktlicher Support und gut dokumentiert"},{"text":"Kostenlose Installationshilfe"},{"text":"Flexibles Design"}],"pricing_button_text":"Zur Website hinzuf\u00fcgen","pricing_button_url":"#demo"}],"related_apps_title":"","related_apps_hidden":"0","author":"","image":[],"title":"","job":"","social_networks":[]},"_links":{"self":[{"href":"https:\/\/elfsight.com\/de\/wp-json\/wp\/v2\/pages\/8353","targetHints":{"allow":["GET"]}}],"collection":[{"href":"https:\/\/elfsight.com\/de\/wp-json\/wp\/v2\/pages"}],"about":[{"href":"https:\/\/elfsight.com\/de\/wp-json\/wp\/v2\/types\/page"}],"author":[{"embeddable":true,"href":"https:\/\/elfsight.com\/de\/wp-json\/wp\/v2\/users\/9"}],"replies":[{"embeddable":true,"href":"https:\/\/elfsight.com\/de\/wp-json\/wp\/v2\/comments?post=8353"}],"version-history":[{"count":4,"href":"https:\/\/elfsight.com\/de\/wp-json\/wp\/v2\/pages\/8353\/revisions"}],"predecessor-version":[{"id":24463,"href":"https:\/\/elfsight.com\/de\/wp-json\/wp\/v2\/pages\/8353\/revisions\/24463"}],"up":[{"embeddable":true,"href":"https:\/\/elfsight.com\/de\/wp-json\/wp\/v2\/pages\/2867"}],"wp:attachment":[{"href":"https:\/\/elfsight.com\/de\/wp-json\/wp\/v2\/media?parent=8353"}],"curies":[{"name":"wp","href":"https:\/\/api.w.org\/{rel}","templated":true}]}}