{"id":8348,"date":"2024-05-03T06:32:31","date_gmt":"2024-05-03T06:32:31","guid":{"rendered":"https:\/\/elfsight.com\/de\/?page_id=8348"},"modified":"2025-07-08T10:27:58","modified_gmt":"2025-07-08T10:27:58","slug":"magento","status":"publish","type":"page","link":"https:\/\/elfsight.com\/de\/click-to-call-widget\/magento\/","title":{"rendered":"Click to Call &#8211; Magento"},"content":{"rendered":"<div class=\"application-platform-content-item-description application-platform-content-item\" id=\"description\" data-nav-section=\"description\"> <h2>Beschreibung<\/h2> <p>Elfsight Call Now Button ist das einfachste Plugin f\u00fcr eine Website, das Ihren Benutzern den Start beschleunigt ein Anruf. Wenn Benutzer Ihre Website auf Mobilger\u00e4ten durchsuchen, w\u00e4hlt das Plugin Ihre Nummer, wenn eine Person auf das Telefonsymbol klickt. Auf PCs und Tablets wird durch Klicken Ihre Telefonnummer auf der Website angezeigt, damit Benutzer sie direkt w\u00e4hlen k\u00f6nnen. Es ist m\u00f6glich, nicht nur die Nummer anzuzeigen, sondern auch das Anruffenster mit dem Namen und dem Bild des Ansprechpartners sowie einer Bildunterschrift anzuzeigen. Alle diese Elemente sind umschaltbar und erm\u00f6glichen Ihnen, jede Variante der Schnittstelle zu erhalten. Es gibt auch eine Funktion zum Festlegen eines Ausl\u00f6sers, der die Telefonblase aktiviert, und zum Festlegen einer Besucherkategorie, f\u00fcr die sie aktiv sein soll.<\/p><div class=\"faq\" data-component=\"FAQ\"><div class=\"faq-item\">\r\n\t\t\t\t\t<div class=\"faq-item-question\">\r\n\t\t\t\t\t\t<h3 class=\"faq-item-question-text\">Wo kann ich es installieren<\/h3>\r\n\r\n\t\t\t\t\t\t<div class=\"faq-item-question-icon\"><\/div>\r\n\t\t\t\t\t<\/div>\r\n\r\n\t\t\t\t\t<div class=\"faq-item-answer\">\r\n\t\t\t\t\t\t<div class=\"faq-item-answer-text\"><p>Das k\u00f6nnen Sie F\u00fcgen Sie es auf einer beliebigen Seite der Website sowie auf allen Seiten hinzu. In den Plugin-Einstellungen k\u00f6nnen Sie die URLs der Seiten einf\u00fcgen, auf denen Sie das Plugin per Click To Call einbetten m\u00f6chten. Alternativ k\u00f6nnen Sie die Ausschlussfunktion verwenden und die URLs genau der Seiten einf\u00fcgen, auf denen Sie die Anzeige des Plugins verbieten m\u00f6chten.<\/p><\/div>\r\n\t\t\t\t\t<\/div>\r\n\t\t\t\t<\/div><div class=\"faq-item\">\r\n\t\t\t\t\t<div class=\"faq-item-question\">\r\n\t\t\t\t\t\t<h3 class=\"faq-item-question-text\">Wie profitiere ich von diesem Plugin?<\/h3>\r\n\r\n\t\t\t\t\t\t<div class=\"faq-item-question-icon\"><\/div>\r\n\t\t\t\t\t<\/div>\r\n\r\n\t\t\t\t\t<div class=\"faq-item-answer\">\r\n\t\t\t\t\t\t<div class=\"faq-item-answer-text\"> <p>Sie Sie k\u00f6nnen mehr Anrufe von Benutzern erhalten, da Sie schnell und bequem mit Ihnen in Kontakt treten k\u00f6nnen, ohne die Website verlassen zu m\u00fcssen. Dies kann Ihnen helfen, mehr pers\u00f6nliche Gespr\u00e4che zu f\u00fchren und Benutzer in neue K\u00e4ufe umzuwandeln. Au\u00dferdem k\u00f6nnen Sie Ihre Datenbank mit Leads sammeln. <\/p> <\/div>\r\n\t\t\t\t\t<\/div>\r\n\t\t\t\t<\/div><div class=\"faq-item\">\r\n\t\t\t\t\t<div class=\"faq-item-question\">\r\n\t\t\t\t\t\t<h3 class=\"faq-item-question-text\">Wie kann ich Call Button zu meiner Magento-Website hinzuf\u00fcgen?<\/h3>\r\n\r\n\t\t\t\t\t\t<div class=\"faq-item-question-icon\"><\/div>\r\n\t\t\t\t\t<\/div>\r\n\r\n\t\t\t\t\t<div class=\"faq-item-answer\">\r\n\t\t\t\t\t\t<div class=\"faq-item-answer-text\"><p>Es dauert nur eine Minute, bis Sie mit der Verwendung des Plugins beginnen. Die Integration ist sehr schnell, kostenlos und ohne Programmierung. <\/p> <p>Das Elfsight Call-Plugin kann in unseren Dienst oder \u00fcber den Marktplatz integriert werden. Sie k\u00f6nnen sich beide Optionen genauer ansehen und eine passendere ausw\u00e4hlen.<\/p><\/div>\r\n\t\t\t\t\t<\/div>\r\n\t\t\t\t<\/div><\/div><\/div><div class=\"application-platform-content-item-features application-platform-content-item\" id=\"features\" data-nav-section=\"features\"> <h2>Funktionen<\/h2> <p>In der Reihenfolge Um eine bessere Vorstellung von Call zu bekommen, schauen Sie sich die Liste seiner herausragendsten Eigenschaften an. Sie machen dieses Plugin f\u00fcr Ihr Unternehmen maximal effektiv: <\/p> <ul><li>Schnelle Telefonanrufe auf Mobiltelefonen;<\/li><li>W\u00e4hlen Sie eine von drei Varianten der Widget-Position: Links oder rechts schwebend oder benutzerdefiniert;<\/li><li>Die Option, das Widget auf bestimmten Webseiten zu demonstrieren oder Seiten auszuschlie\u00dfen;<\/li><li>W\u00e4hlen Sie Benutzervarianten aus, um das Widget anzuzeigen: alle, neu und wiederkehrend;<\/li><li>Vier Widget-Ausl\u00f6ser: Zeit auf der Seite, Zeit auf der Website, Scrollposition oder Ausstiegsabsicht.<\/li><\/ul><p><a href=\"#demo\">Live-Demo er\u00f6ffnet Ihnen weitere Funktionen<\/a><\/p> <\/div> <div class=\"application-platform-content-item-installation application-platform-content-item\" id=\"installation\" data-nav-section=\"installation\"> <h2>So f\u00fcgen Sie das Call Button-Plugin zu Ihrer Magento-Site hinzu<\/h2> <p> Ein paar einfache Schritte sind das Einzige, was Sie brauchen machen. <\/p> <ol><li><b>\u00d6ffnen Sie unseren kostenlosen Konfigurator und beginnen Sie mit der Erstellung Ihrer eigenen Erweiterung. <\/b><br> Finden Sie die gew\u00fcnschten Design- und Funktionsmerkmale der Erweiterung und \u00fcbernehmen Sie alle \u00c4nderungen. <\/li> <li><b>Erhalten Sie Ihren individuellen Code, der im Fenster von Elfsight Apps angezeigt wird. <\/b><br> Sobald die Generierung Ihrer Erweiterung abgeschlossen ist, kopieren Sie den einzelnen Code im angezeigten Popup und bewahren Sie ihn f\u00fcr zuk\u00fcnftige Gelegenheiten auf. <\/li> <li><b>Initiieren Sie den Einsatz der Erweiterung auf der Magento-Site. <\/b><br> Betten Sie den zuvor gespeicherten Code in Ihre Website ein und \u00fcbernehmen Sie die \u00c4nderungen. <\/li> <li><b>Du bist fertig! Die Einbettung wurde erfolgreich beendet. <\/b><br> \u00d6ffnen Sie Ihre Website, um zu pr\u00fcfen, wie die Erweiterung funktioniert. <\/li><\/ol><p>Immer noch unruhig? Oder haben Sie Probleme? Richten Sie einfach eine Anfrage an unser Support-Team. Sie helfen bei jedem Problem. <\/p> <\/div>","protected":false},"excerpt":{"rendered":"","protected":false},"author":9,"featured_media":0,"parent":2867,"menu_order":0,"comment_status":"closed","ping_status":"closed","template":"templates\/template-application-platform.php","meta":{"publish_to_discourse":"","publish_post_category":"","wpdc_auto_publish_overridden":"","wpdc_topic_tags":"","wpdc_pin_topic":"","wpdc_pin_until":"","discourse_post_id":"","discourse_permalink":"","wpdc_publishing_response":"","wpdc_publishing_error":"","footnotes":""},"class_list":["post-8348","page","type-page","status-publish","hentry"],"yoast_head":"<!-- This site is optimized with the Yoast SEO plugin v25.3.1 - https:\/\/yoast.com\/wordpress\/plugins\/seo\/ -->\n<title>F\u00fcgen Sie das Plugin \u201eJetzt anrufen\u201c zu Ihrer Magento-Website hinzu (in 2 Minuten)<\/title>\n<meta name=\"description\" content=\"Hier haben Sie die M\u00f6glichkeit, eine Click-to-Call-Button-Erweiterung zu erstellen und diese zu Ihrem Magento hinzuzuf\u00fcgen. Genie\u00dfen Sie kostenlosen Kundenservice und andere Boni von Elfsight.\" \/>\n<meta name=\"robots\" content=\"index, follow, max-snippet:-1, max-image-preview:large, max-video-preview:-1\" \/>\n<link rel=\"canonical\" href=\"https:\/\/elfsight.com\/de\/click-to-call-widget\/magento\/\" \/>\n<meta property=\"og:locale\" content=\"de_DE\" \/>\n<meta property=\"og:type\" content=\"article\" \/>\n<meta property=\"og:title\" content=\"F\u00fcgen Sie das Plugin \u201eJetzt anrufen\u201c zu Ihrer Magento-Website hinzu (in 2 Minuten)\" \/>\n<meta property=\"og:description\" content=\"Hier haben Sie die M\u00f6glichkeit, eine Click-to-Call-Button-Erweiterung zu erstellen und diese zu Ihrem Magento hinzuzuf\u00fcgen. Genie\u00dfen Sie kostenlosen Kundenservice und andere Boni von Elfsight.\" \/>\n<meta property=\"og:url\" content=\"https:\/\/elfsight.com\/de\/click-to-call-widget\/magento\/\" \/>\n<meta property=\"og:site_name\" content=\"Elfsight DE\" \/>\n<meta property=\"article:modified_time\" content=\"2025-07-08T10:27:58+00:00\" \/>\n<meta name=\"twitter:card\" content=\"summary_large_image\" \/>\n<meta name=\"twitter:label1\" content=\"Gesch\u00e4tzte Lesezeit\" \/>\n\t<meta name=\"twitter:data1\" content=\"3\u00a0Minuten\" \/>\n<!-- \/ Yoast SEO plugin. -->","yoast_head_json":{"title":"F\u00fcgen Sie das Plugin \u201eJetzt anrufen\u201c zu Ihrer Magento-Website hinzu (in 2 Minuten)","description":"Hier haben Sie die M\u00f6glichkeit, eine Click-to-Call-Button-Erweiterung zu erstellen und diese zu Ihrem Magento hinzuzuf\u00fcgen. Genie\u00dfen Sie kostenlosen Kundenservice und andere Boni von Elfsight.","robots":{"index":"index","follow":"follow","max-snippet":"max-snippet:-1","max-image-preview":"max-image-preview:large","max-video-preview":"max-video-preview:-1"},"canonical":"https:\/\/elfsight.com\/de\/click-to-call-widget\/magento\/","og_locale":"de_DE","og_type":"article","og_title":"F\u00fcgen Sie das Plugin \u201eJetzt anrufen\u201c zu Ihrer Magento-Website hinzu (in 2 Minuten)","og_description":"Hier haben Sie die M\u00f6glichkeit, eine Click-to-Call-Button-Erweiterung zu erstellen und diese zu Ihrem Magento hinzuzuf\u00fcgen. Genie\u00dfen Sie kostenlosen Kundenservice und andere Boni von Elfsight.","og_url":"https:\/\/elfsight.com\/de\/click-to-call-widget\/magento\/","og_site_name":"Elfsight DE","article_modified_time":"2025-07-08T10:27:58+00:00","twitter_card":"summary_large_image","twitter_misc":{"Gesch\u00e4tzte Lesezeit":"3\u00a0Minuten"},"schema":{"@context":"https:\/\/schema.org","@graph":[{"@type":"WebPage","@id":"https:\/\/elfsight.com\/de\/click-to-call-widget\/magento\/","url":"https:\/\/elfsight.com\/de\/click-to-call-widget\/magento\/","name":"F\u00fcgen Sie das Plugin \u201eJetzt anrufen\u201c zu Ihrer Magento-Website hinzu (in 2 Minuten)","isPartOf":{"@id":"https:\/\/elfsight.com\/de\/#website"},"datePublished":"2024-05-03T06:32:31+00:00","dateModified":"2025-07-08T10:27:58+00:00","description":"Hier haben Sie die M\u00f6glichkeit, eine Click-to-Call-Button-Erweiterung zu erstellen und diese zu Ihrem Magento hinzuzuf\u00fcgen. Genie\u00dfen Sie kostenlosen Kundenservice und andere Boni von Elfsight.","breadcrumb":{"@id":"https:\/\/elfsight.com\/de\/click-to-call-widget\/magento\/#breadcrumb"},"inLanguage":"de","potentialAction":[{"@type":"ReadAction","target":["https:\/\/elfsight.com\/de\/click-to-call-widget\/magento\/"]}]},{"@type":"BreadcrumbList","@id":"https:\/\/elfsight.com\/de\/click-to-call-widget\/magento\/#breadcrumb","itemListElement":[{"@type":"ListItem","position":1,"name":"Home","item":"https:\/\/elfsight.com\/de\/"},{"@type":"ListItem","position":2,"name":"Click to Call","item":"https:\/\/elfsight.com\/de\/click-to-call-widget\/"},{"@type":"ListItem","position":3,"name":"Click to Call &#8211; Magento"}]},{"@type":"WebSite","@id":"https:\/\/elfsight.com\/de\/#website","url":"https:\/\/elfsight.com\/de\/","name":"Elfsight DE","description":"Just another Elfsight Sites site","potentialAction":[{"@type":"SearchAction","target":{"@type":"EntryPoint","urlTemplate":"https:\/\/elfsight.com\/de\/?s={search_term_string}"},"query-input":{"@type":"PropertyValueSpecification","valueRequired":true,"valueName":"search_term_string"}}],"inLanguage":"de"}]}},"meta_box":{"industry":"","seo_heading":"","heading":"","description":"","cta_heading":"","cta_description":"","application":"490","h1":"Magento Call Button-Erweiterung","h1_caption":"Erm\u00f6glichen Sie Benutzern die sofortige Kontaktaufnahme mit Ihnen \u00fcber eine einfache Click-to-Call-Schaltfl\u00e4che, sodass Sie m\u00fchelos und direkt \u00fcber Ihre Magento-Website Kontakt aufnehmen k\u00f6nnen.","application_category":[],"applications_title":"","applications_request_title":"","applications_request_button_text":"","hero_text":"","hero_video":"","hero_video_schema_markup":"","selling_points_title":"","selling_points_caption":"","selling_points":[],"selling_points_cta_text":"","features_title":"","features":"","ed_cta_examples_text":"","ed_cta_examples_hidden":"","ed_cta_demo_text":"","ed_cta_demo_hidden":"","why_caption":"","why_editor_title":"","why_editor_text":"","why_team_title":"","why_team_text":"","why_service_title":"","why_service_text":"","template_catalog_visible":"","template_catalog_title":"","template_catalog_text":"","template_catalog_categories_visible":"","demo_title":"Erstellen Sie Ihre Click-to-Call-Erweiterung","demo_caption":"Konfigurieren Sie Ihr Click-to-Call und f\u00fcgen Sie es kostenlos zu Ihrer Magento-Website hinzu!","default_faq_hidden":"","app_template_category":[],"platform":"256","template_public_id":"","codecanyon_url":"","codecanyon_item_id":"","codecanyon_price":"","pricing_caption":"","pricing_elfsight_apps_hide_column":"","pricing_elfsight_apps_url":"","pricing_codecanyon_price_caption":"","integration_category":[],"integration_request_title":"","integration_request_cta":"","integration_platform":"","integrations":[],"platform_category":[],"video_schema_markup":"","price":"ab 0 $ \/ Monat","trial":"","benefits":[{"text":"Kostenlose Installationsunterst\u00fctzung"},{"text":"Erfahrener Kundensupport"},{"text":"14-t\u00e4gige R\u00fcckerstattungsgarantie"},{"text":"Lebenslange kostenlose Verbesserungen"}],"button_url":"#demo","button_target_blank":"","button_nofollow":"","attributes":[{"name":"Installiert","content":"10,000 - 100,000"},{"name":"Reaktionsfreudig","content":"Ja"},{"name":"Kompatible Browser","content":"Firefox, Safari, Opera, Chrome, Edge"}],"tags":[],"tags_disable_links":"","hide_more_platforms":"","video_object":"","demo_hide_cta":"","demo_hide_cloud_options":"","pricing_title":"","pricing":[{"pricing_icon":"platform","pricing_title":"Elfsight Apps","pricing_title_caption":"Plattform\u00fcbergreifende digitale L\u00f6sung, die auf jedem Standort funktioniert","pricing_price":"ab 0 $ \/ Monat","pricing_price_caption":"Beginnen Sie mit einem kostenlosen Plan","pricing_benefits":[{"text":"Unbegrenzte Domains"},{"text":"Professionelle Unterst\u00fctzung"},{"text":"Kostenlose Installationshilfe"},{"text":"100 % anpassbar"}],"pricing_button_text":"Zur Website hinzuf\u00fcgen","pricing_button_url":"#demo"}],"related_apps_title":"","related_apps_hidden":"","author":"","image":[],"title":"","job":"","social_networks":[]},"_links":{"self":[{"href":"https:\/\/elfsight.com\/de\/wp-json\/wp\/v2\/pages\/8348","targetHints":{"allow":["GET"]}}],"collection":[{"href":"https:\/\/elfsight.com\/de\/wp-json\/wp\/v2\/pages"}],"about":[{"href":"https:\/\/elfsight.com\/de\/wp-json\/wp\/v2\/types\/page"}],"author":[{"embeddable":true,"href":"https:\/\/elfsight.com\/de\/wp-json\/wp\/v2\/users\/9"}],"replies":[{"embeddable":true,"href":"https:\/\/elfsight.com\/de\/wp-json\/wp\/v2\/comments?post=8348"}],"version-history":[{"count":1,"href":"https:\/\/elfsight.com\/de\/wp-json\/wp\/v2\/pages\/8348\/revisions"}],"predecessor-version":[{"id":8352,"href":"https:\/\/elfsight.com\/de\/wp-json\/wp\/v2\/pages\/8348\/revisions\/8352"}],"up":[{"embeddable":true,"href":"https:\/\/elfsight.com\/de\/wp-json\/wp\/v2\/pages\/2867"}],"wp:attachment":[{"href":"https:\/\/elfsight.com\/de\/wp-json\/wp\/v2\/media?parent=8348"}],"curies":[{"name":"wp","href":"https:\/\/api.w.org\/{rel}","templated":true}]}}