{"id":8345,"date":"2024-05-03T06:32:28","date_gmt":"2024-05-03T06:32:28","guid":{"rendered":"https:\/\/elfsight.com\/de\/?page_id=8345"},"modified":"2025-07-08T10:28:07","modified_gmt":"2025-07-08T10:28:07","slug":"opencart","status":"publish","type":"page","link":"https:\/\/elfsight.com\/de\/click-to-call-widget\/opencart\/","title":{"rendered":"Click to Call &#8211; OpenCart"},"content":{"rendered":"<div class=\"application-platform-content-item-description application-platform-content-item\" id=\"description\" data-nav-section=\"description\"> <h2>Beschreibung<\/h2> <p>Elfsight Call Now Button ist ein einfaches Modul f\u00fcr jede Website, das es Benutzern erm\u00f6glicht, sie schneller zu erreichen Du am Telefon. Bei der Verwendung mobiler Ger\u00e4te w\u00e4hlt das Modul die ausgew\u00e4hlte Nummer, sobald eine Person auf die Telefonblase klickt. Auf PCs und Tablets zeigt der Klick Ihre Telefonnummer auf der Seite an und hilft Benutzern, in derselben Sekunde mit dem W\u00e4hlen zu beginnen. Es besteht die M\u00f6glichkeit, nicht nur Ihre Nummer anzuzeigen, sondern auch das Anruffenster zu konfigurieren, das den Namen und das Bild des Kundenkontakts sowie eine Bildunterschrift enth\u00e4lt. Alle Teile des Aufruffensters sind umschaltbar und erlauben die Gestaltung beliebiger Varianten der Schnittstelle. Sie k\u00f6nnen auch einen Ausl\u00f6ser aktivieren, der die Telefonblase erscheinen l\u00e4sst, und eine Kategorie von Benutzern ausw\u00e4hlen, die sie sehen sollen. <\/p> <div class=\"faq\" data-component=\"FAQ\"><div class=\"faq-item\">\r\n\t\t\t\t\t<div class=\"faq-item-question\">\r\n\t\t\t\t\t\t<h3 class=\"faq-item-question-text\">Wo auf meiner Website kann ich das Modul einf\u00fcgen<\/h3>\r\n\r\n\t\t\t\t\t\t<div class=\"faq-item-question-icon\"><\/div>\r\n\t\t\t\t\t<\/div>\r\n\r\n\t\t\t\t\t<div class=\"faq-item-answer\">\r\n\t\t\t\t\t\t<div class=\"faq-item-answer-text\"> <p>Sie k\u00f6nnen es auf jeder Seite der Website sowie auf allen Seiten einbetten. In den Moduleinstellungen gibt es die M\u00f6glichkeit, die URLs der Seiten einzugeben, auf denen Sie das Modul platzieren m\u00f6chten. Alternativ k\u00f6nnen Sie die Ausschlussfunktion verwenden und die URLs der Seiten hinzuf\u00fcgen, auf denen Sie die Anzeige des Moduls einschr\u00e4nken m\u00f6chten. <\/p> <\/div>\r\n\t\t\t\t\t<\/div>\r\n\t\t\t\t<\/div><div class=\"faq-item\">\r\n\t\t\t\t\t<div class=\"faq-item-question\">\r\n\t\t\t\t\t\t<h3 class=\"faq-item-question-text\">Welche Vorteile kann es mir bringen?<\/h3>\r\n\r\n\t\t\t\t\t\t<div class=\"faq-item-question-icon\"><\/div>\r\n\t\t\t\t\t<\/div>\r\n\r\n\t\t\t\t\t<div class=\"faq-item-answer\">\r\n\t\t\t\t\t\t<div class=\"faq-item-answer-text\"> <p>Sie k\u00f6nnen mehr Anrufe von Kunden erhalten, da Sie sofort und einfach anrufen k\u00f6nnen, ohne die Website verlassen zu m\u00fcssen. Es wird zu mehr pers\u00f6nlicher Kommunikation beitragen und Benutzer zu neuen K\u00e4ufen bewegen. Au\u00dferdem k\u00f6nnen Sie Ihre Lead-Datenbank erstellen. <\/p> <\/div>\r\n\t\t\t\t\t<\/div>\r\n\t\t\t\t<\/div><div class=\"faq-item\">\r\n\t\t\t\t\t<div class=\"faq-item-question\">\r\n\t\t\t\t\t\t<h3 class=\"faq-item-question-text\">Wie kann ich das Call-Button-Modul auf meiner OpenCart-Website installieren?<\/h3>\r\n\r\n\t\t\t\t\t\t<div class=\"faq-item-question-icon\"><\/div>\r\n\t\t\t\t\t<\/div>\r\n\r\n\t\t\t\t\t<div class=\"faq-item-answer\">\r\n\t\t\t\t\t\t<div class=\"faq-item-answer-text\"> <p>Die Aktivierung des Moduls dauert drei Minuten. Das Einbetten geht extrem schnell, ist kostenlos und erfordert keine Programmierung.<\/p> <p>Elfsight Click to Call kann \u00fcber unseren Service oder \u00fcber den Marktplatz zu Ihrer Website hinzugef\u00fcgt werden. Sie k\u00f6nnen weitere Details zu diesen Optionen anzeigen und entscheiden, welche Ihnen zusteht.<\/p><\/div>\r\n\t\t\t\t\t<\/div>\r\n\t\t\t\t<\/div><\/div> <\/div><div class=\"application-platform-content-item-features application-platform-content-item\" id=\"features\" data-nav-section=\"features\"> <h2>Funktionen<\/h2> <p>An Wenn Sie mehr \u00fcber die Schaltfl\u00e4che \u201eJetzt anrufen\u201c erfahren m\u00f6chten, sehen Sie sich die Liste der Hauptmerkmale an. Sie machen unser Modul f\u00fcr Sie maximal effizient: <\/p> <ul><li>Schnelles W\u00e4hlen auf mobilen Ger\u00e4ten; <\/li> <li>Drei integrierte Varianten der Widget-Platzierung: links oder rechts schwebend oder benutzerdefiniert; <\/li> <li>Die Option, das Widget auf bestimmten Webseiten anzuzeigen oder Webseiten auszuschlie\u00dfen; <\/li> <li>W\u00e4hlen Sie Besucherkategorien aus, denen das Widget angezeigt werden soll: alle, neue und wiederkehrende Besucher; <\/li> <li> 4 Widget-aktivierende Ausl\u00f6ser: Zeit auf der Seite, Zeit auf der Website, Scroll-Prozentsatz oder Exit-Versuch. <\/li> <\/ul><p><a href=\"#demo\">Entdecken Sie eine vollst\u00e4ndige Liste der Funktionen in der Live-Demo<\/a><\/p> <\/div><div class=\"application-platform-content-item-installation application-platform-content-item\" id=\"installation\" data-nav-section=\"installation\"> <h2>So f\u00fcgen Sie die Click-to-Call-Button-Erweiterung zu Ihrer OpenCart-Website hinzu<\/h2><p>Befolgen Sie einfach die unten aufgef\u00fchrten Schritte, um das Tool zu OpenCart hinzuzuf\u00fcgen.<\/p> <ol><li><b>Nutzen Sie es Nutzen Sie unseren kostenlosen Konfigurator und beginnen Sie mit der Erstellung Ihres eigenen Widgets. <\/b><br> Bestimmen Sie die bevorzugte Benutzeroberfl\u00e4che und die Funktionen des Tools und \u00fcbernehmen Sie die \u00c4nderungen. <\/li> <li><b>Erhalten Sie den individuellen Code, der im speziellen Formular auf Elfsight Apps angezeigt wird. <\/b><br> Wenn die Einrichtung Ihrer pers\u00f6nlichen Click-to-Call-Erweiterung abgeschlossen ist, kopieren Sie den pers\u00f6nlichen Code im angezeigten Fenster und bewahren Sie ihn f\u00fcr die zuk\u00fcnftige Verwendung auf. <\/li> <li><b>Erste Schritte mit der Verwendung des Tools auf Ihrer OpenCart-Website. <\/b><br> Platzieren Sie den k\u00fcrzlich kopierten Code auf Ihrer Seite und speichern Sie die \u00c4nderungen. <\/li> <li><b>Du bist fertig! Die Einbettung ist erfolgreich abgeschlossen. <\/b><br> Besuchen Sie Ihre Website, um die Funktionsweise des Tools zu beobachten. <\/li><\/ol> <p>Immer noch unruhig? Oder haben Sie Probleme? Mit nur einer einzigen Anfrage an unser Kundensupport-Team k\u00f6nnen alle Probleme gel\u00f6st werden. <\/p> <\/div>","protected":false},"excerpt":{"rendered":"","protected":false},"author":9,"featured_media":0,"parent":2867,"menu_order":0,"comment_status":"closed","ping_status":"closed","template":"templates\/template-application-platform.php","meta":{"publish_to_discourse":"","publish_post_category":"","wpdc_auto_publish_overridden":"","wpdc_topic_tags":"","wpdc_pin_topic":"","wpdc_pin_until":"","discourse_post_id":"","discourse_permalink":"","wpdc_publishing_response":"","wpdc_publishing_error":"","footnotes":""},"class_list":["post-8345","page","type-page","status-publish","hentry"],"yoast_head":"<!-- This site is optimized with the Yoast SEO plugin v25.3.1 - https:\/\/yoast.com\/wordpress\/plugins\/seo\/ -->\n<title>F\u00fcgen Sie das Click-to-Call-Button-Modul zu Ihrer OpenCart-Website hinzu (kostenlos und schnell)<\/title>\n<meta name=\"description\" content=\"Erstellen Sie eine Click-to-Call-Schaltfl\u00e4che und f\u00fcgen Sie sie Ihrer OpenCart-Website hinzu. Genie\u00dfen Sie kostenlosen Kundensupport und andere Boni von Elfsight.\" \/>\n<meta name=\"robots\" content=\"index, follow, max-snippet:-1, max-image-preview:large, max-video-preview:-1\" \/>\n<link rel=\"canonical\" href=\"https:\/\/elfsight.com\/de\/click-to-call-widget\/opencart\/\" \/>\n<meta property=\"og:locale\" content=\"de_DE\" \/>\n<meta property=\"og:type\" content=\"article\" \/>\n<meta property=\"og:title\" content=\"F\u00fcgen Sie das Click-to-Call-Button-Modul zu Ihrer OpenCart-Website hinzu (kostenlos und schnell)\" \/>\n<meta property=\"og:description\" content=\"Erstellen Sie eine Click-to-Call-Schaltfl\u00e4che und f\u00fcgen Sie sie Ihrer OpenCart-Website hinzu. Genie\u00dfen Sie kostenlosen Kundensupport und andere Boni von Elfsight.\" \/>\n<meta property=\"og:url\" content=\"https:\/\/elfsight.com\/de\/click-to-call-widget\/opencart\/\" \/>\n<meta property=\"og:site_name\" content=\"Elfsight DE\" \/>\n<meta property=\"article:modified_time\" content=\"2025-07-08T10:28:07+00:00\" \/>\n<meta name=\"twitter:card\" content=\"summary_large_image\" \/>\n<meta name=\"twitter:label1\" content=\"Gesch\u00e4tzte Lesezeit\" \/>\n\t<meta name=\"twitter:data1\" content=\"3\u00a0Minuten\" \/>\n<!-- \/ Yoast SEO plugin. -->","yoast_head_json":{"title":"F\u00fcgen Sie das Click-to-Call-Button-Modul zu Ihrer OpenCart-Website hinzu (kostenlos und schnell)","description":"Erstellen Sie eine Click-to-Call-Schaltfl\u00e4che und f\u00fcgen Sie sie Ihrer OpenCart-Website hinzu. Genie\u00dfen Sie kostenlosen Kundensupport und andere Boni von Elfsight.","robots":{"index":"index","follow":"follow","max-snippet":"max-snippet:-1","max-image-preview":"max-image-preview:large","max-video-preview":"max-video-preview:-1"},"canonical":"https:\/\/elfsight.com\/de\/click-to-call-widget\/opencart\/","og_locale":"de_DE","og_type":"article","og_title":"F\u00fcgen Sie das Click-to-Call-Button-Modul zu Ihrer OpenCart-Website hinzu (kostenlos und schnell)","og_description":"Erstellen Sie eine Click-to-Call-Schaltfl\u00e4che und f\u00fcgen Sie sie Ihrer OpenCart-Website hinzu. Genie\u00dfen Sie kostenlosen Kundensupport und andere Boni von Elfsight.","og_url":"https:\/\/elfsight.com\/de\/click-to-call-widget\/opencart\/","og_site_name":"Elfsight DE","article_modified_time":"2025-07-08T10:28:07+00:00","twitter_card":"summary_large_image","twitter_misc":{"Gesch\u00e4tzte Lesezeit":"3\u00a0Minuten"},"schema":{"@context":"https:\/\/schema.org","@graph":[{"@type":"WebPage","@id":"https:\/\/elfsight.com\/de\/click-to-call-widget\/opencart\/","url":"https:\/\/elfsight.com\/de\/click-to-call-widget\/opencart\/","name":"F\u00fcgen Sie das Click-to-Call-Button-Modul zu Ihrer OpenCart-Website hinzu (kostenlos und schnell)","isPartOf":{"@id":"https:\/\/elfsight.com\/de\/#website"},"datePublished":"2024-05-03T06:32:28+00:00","dateModified":"2025-07-08T10:28:07+00:00","description":"Erstellen Sie eine Click-to-Call-Schaltfl\u00e4che und f\u00fcgen Sie sie Ihrer OpenCart-Website hinzu. Genie\u00dfen Sie kostenlosen Kundensupport und andere Boni von Elfsight.","breadcrumb":{"@id":"https:\/\/elfsight.com\/de\/click-to-call-widget\/opencart\/#breadcrumb"},"inLanguage":"de","potentialAction":[{"@type":"ReadAction","target":["https:\/\/elfsight.com\/de\/click-to-call-widget\/opencart\/"]}]},{"@type":"BreadcrumbList","@id":"https:\/\/elfsight.com\/de\/click-to-call-widget\/opencart\/#breadcrumb","itemListElement":[{"@type":"ListItem","position":1,"name":"Home","item":"https:\/\/elfsight.com\/de\/"},{"@type":"ListItem","position":2,"name":"Click to Call","item":"https:\/\/elfsight.com\/de\/click-to-call-widget\/"},{"@type":"ListItem","position":3,"name":"Click to Call &#8211; OpenCart"}]},{"@type":"WebSite","@id":"https:\/\/elfsight.com\/de\/#website","url":"https:\/\/elfsight.com\/de\/","name":"Elfsight DE","description":"Just another Elfsight Sites site","potentialAction":[{"@type":"SearchAction","target":{"@type":"EntryPoint","urlTemplate":"https:\/\/elfsight.com\/de\/?s={search_term_string}"},"query-input":{"@type":"PropertyValueSpecification","valueRequired":true,"valueName":"search_term_string"}}],"inLanguage":"de"}]}},"meta_box":{"industry":"","seo_heading":"","heading":"","description":"","cta_heading":"","cta_description":"","application":"490","h1":"OpenCart Call Button-Modul","h1_caption":"Erm\u00f6glichen Sie Benutzern die sofortige Kontaktaufnahme mit Ihnen \u00fcber eine einfache Click-to-Call-Schaltfl\u00e4che, sodass Sie m\u00fchelos und m\u00fchelos direkt \u00fcber Ihre Opencart-Website Kontakt aufnehmen k\u00f6nnen.","application_category":[],"applications_title":"","applications_request_title":"","applications_request_button_text":"","hero_text":"","hero_video":"","hero_video_schema_markup":"","selling_points_title":"","selling_points_caption":"","selling_points":[],"selling_points_cta_text":"","features_title":"","features":"","ed_cta_examples_text":"","ed_cta_examples_hidden":"","ed_cta_demo_text":"","ed_cta_demo_hidden":"","why_caption":"","why_editor_title":"","why_editor_text":"","why_team_title":"","why_team_text":"","why_service_title":"","why_service_text":"","template_catalog_visible":"","template_catalog_title":"","template_catalog_text":"","template_catalog_categories_visible":"","demo_title":"Erstellen Sie Ihre Click-to-Call-Erweiterung","demo_caption":"Konfigurieren Sie Ihren Click-to-Call und f\u00fcgen Sie ihn kostenlos zu Ihrer OpenCart-Website hinzu!","default_faq_hidden":"","app_template_category":[],"platform":"254","template_public_id":"","codecanyon_url":"","codecanyon_item_id":"","codecanyon_price":"","pricing_caption":"","pricing_elfsight_apps_hide_column":"","pricing_elfsight_apps_url":"","pricing_codecanyon_price_caption":"","integration_category":[],"integration_request_title":"","integration_request_cta":"","integration_platform":"","integrations":[],"platform_category":[],"video_schema_markup":"","price":"ab 0 $ \/ Monat","trial":"","benefits":[{"text":"Kostenlose Installationshilfe"},{"text":"Kompetenter Kundenservice"},{"text":"14-t\u00e4gige Geld-zur\u00fcck-Garantie"},{"text":"Laufende kostenlose Updates"}],"button_url":"#demo","button_target_blank":"","button_nofollow":"","attributes":[{"name":"Installiert","content":"10,000 - 100,000"},{"name":"Reaktionsfreudig","content":"Ja"},{"name":"Kompatible Browser","content":"Chrome, Firefox, Opera, Safari, Edge"}],"tags":[],"tags_disable_links":"","hide_more_platforms":"","video_object":"","demo_hide_cta":"","demo_hide_cloud_options":"","pricing_title":"","pricing":[{"pricing_icon":"platform","pricing_title":"Elfsight Apps","pricing_title_caption":"Plattform\u00fcbergreifende Version","pricing_price":"ab 0 $ \/ Monat","pricing_price_caption":"Beginnen Sie mit einem kostenlosen Plan","pricing_benefits":[{"text":"Unbegrenzte Domains"},{"text":"Premium-Support"},{"text":"Kostenlose Installationsunterst\u00fctzung"},{"text":"Flexibles Design"}],"pricing_button_text":"Zur Website hinzuf\u00fcgen","pricing_button_url":"#demo"}],"related_apps_title":"","related_apps_hidden":"","author":"","image":[],"title":"","job":"","social_networks":[]},"_links":{"self":[{"href":"https:\/\/elfsight.com\/de\/wp-json\/wp\/v2\/pages\/8345","targetHints":{"allow":["GET"]}}],"collection":[{"href":"https:\/\/elfsight.com\/de\/wp-json\/wp\/v2\/pages"}],"about":[{"href":"https:\/\/elfsight.com\/de\/wp-json\/wp\/v2\/types\/page"}],"author":[{"embeddable":true,"href":"https:\/\/elfsight.com\/de\/wp-json\/wp\/v2\/users\/9"}],"replies":[{"embeddable":true,"href":"https:\/\/elfsight.com\/de\/wp-json\/wp\/v2\/comments?post=8345"}],"version-history":[{"count":1,"href":"https:\/\/elfsight.com\/de\/wp-json\/wp\/v2\/pages\/8345\/revisions"}],"predecessor-version":[{"id":8349,"href":"https:\/\/elfsight.com\/de\/wp-json\/wp\/v2\/pages\/8345\/revisions\/8349"}],"up":[{"embeddable":true,"href":"https:\/\/elfsight.com\/de\/wp-json\/wp\/v2\/pages\/2867"}],"wp:attachment":[{"href":"https:\/\/elfsight.com\/de\/wp-json\/wp\/v2\/media?parent=8345"}],"curies":[{"name":"wp","href":"https:\/\/api.w.org\/{rel}","templated":true}]}}