{"id":8340,"date":"2024-05-03T06:32:27","date_gmt":"2024-05-03T06:32:27","guid":{"rendered":"https:\/\/elfsight.com\/de\/?page_id=8340"},"modified":"2025-07-08T10:28:18","modified_gmt":"2025-07-08T10:28:18","slug":"shopify","status":"publish","type":"page","link":"https:\/\/elfsight.com\/de\/click-to-call-widget\/shopify\/","title":{"rendered":"Click to Call &#8211; Shopify"},"content":{"rendered":"<div class=\"application-platform-content-item-description application-platform-content-item\" id=\"description\" data-nav-section=\"description\"> <h2>Click to Call auf Shopify mit dem Elfsight-Widget einbetten<\/h2> <p>Elfsight Call Now Button ist eine unkomplizierte App f\u00fcr jede Website. Dies macht es f\u00fcr Benutzer einfacher, einen Anruf zu t\u00e4tigen. Von Mobiltelefonen aus betrachtet beginnt die App mit dem W\u00e4hlen der Nummer, wenn eine Person auf das Telefonsymbol klickt. Auf PCs und Tablets wird durch Klicken Ihre Telefonnummer auf der Seite angezeigt und Benutzer k\u00f6nnen Sie in derselben Sekunde anrufen. Es ist m\u00f6glich, nicht nur die Nummer preiszugeben, sondern auch das Anruffenster anzuzeigen, in dem Benutzer den Namen und das Bild der Kontaktperson sowie einen benutzerdefinierten Text sehen k\u00f6nnen. Alle diese Elemente sind umschaltbar und erm\u00f6glichen Ihnen durch die Gestaltung ein unterschiedliches Aussehen der Benutzeroberfl\u00e4che. Es besteht auch die M\u00f6glichkeit, einen Ausl\u00f6ser auszuw\u00e4hlen, der die Telefonblase aktiviert, und eine Kategorie von Besuchern auszuw\u00e4hlen, die sie sehen sollen.<\/p> <div class=\"faq\" data-component=\"FAQ\"><div class=\"faq-item\">\r\n\t\t\t\t\t<div class=\"faq-item-question\">\r\n\t\t\t\t\t\t<h3 class=\"faq-item-question-text\">Wo kann ich die Anrufschaltfl\u00e4che anzeigen<\/h3>\r\n\r\n\t\t\t\t\t\t<div class=\"faq-item-question-icon\"><\/div>\r\n\t\t\t\t\t<\/div>\r\n\r\n\t\t\t\t\t<div class=\"faq-item-answer\">\r\n\t\t\t\t\t\t<div class=\"faq-item-answer-text\"> <p>Das ist m\u00f6glich F\u00fcgen Sie die App auf einer beliebigen Seite Ihrer Website oder auf allen Seiten ein. In den App-Einstellungen gibt es eine Funktion zum Hinzuf\u00fcgen der URLs der Seiten, auf denen Sie die App platzieren m\u00fcssen. Oder verwenden Sie die Option \u201eAusschlie\u00dfen\u201c und f\u00fcgen Sie die URLs der Seiten hinzu, auf denen Sie die Anzeige der Schaltfl\u00e4che einschr\u00e4nken m\u00f6chten. <\/p> <\/div>\r\n\t\t\t\t\t<\/div>\r\n\t\t\t\t<\/div><div class=\"faq-item\">\r\n\t\t\t\t\t<div class=\"faq-item-question\">\r\n\t\t\t\t\t\t<h3 class=\"faq-item-question-text\">Was sind die Vorteile der App f\u00fcr mich?<\/h3>\r\n\r\n\t\t\t\t\t\t<div class=\"faq-item-question-icon\"><\/div>\r\n\t\t\t\t\t<\/div>\r\n\r\n\t\t\t\t\t<div class=\"faq-item-answer\">\r\n\t\t\t\t\t\t<div class=\"faq-item-answer-text\"> <p>Mit der sofortigen und einfachen M\u00f6glichkeit, Sie anzurufen, ohne aufzuschreiben, k\u00f6nnen Sie mehr Anrufe von Kunden erhalten Ihre Nummer. Dies wird Ihnen helfen, mehr direkte Gespr\u00e4che zu f\u00fchren und Besucher in Kunden zu verwandeln. Au\u00dferdem k\u00f6nnen Sie Ihre Datenbank mit Leads sammeln. <\/p> <\/div>\r\n\t\t\t\t\t<\/div>\r\n\t\t\t\t<\/div> <div class=\"faq-item\">\r\n\t\t\t\t\t<div class=\"faq-item-question\">\r\n\t\t\t\t\t\t<h3 class=\"faq-item-question-text\">Was muss ich Click-to-Call auf meiner Shopify-Website hinzuf\u00fcgen?<\/h3>\r\n\r\n\t\t\t\t\t\t<div class=\"faq-item-question-icon\"><\/div>\r\n\t\t\t\t\t<\/div>\r\n\r\n\t\t\t\t\t<div class=\"faq-item-answer\">\r\n\t\t\t\t\t\t<div class=\"faq-item-answer-text\"> <p>Das Einbetten der App dauert eine Minute. Das Hinzuf\u00fcgen geht wirklich schnell, ist kostenlos und erfordert keine Programmierung. <\/p> <p>Die Einf\u00fchrung der App kann \u00fcber unseren Service oder \u00fcber den Marktplatz erfolgen. Sie k\u00f6nnen sich \u00fcber beide Varianten informieren und entscheiden, welche Ihre Variante ist.<\/p> <\/div>\r\n\t\t\t\t\t<\/div>\r\n\t\t\t\t<\/div> <\/div> <\/div> <div class=\"application-platform-content-item-features application-platform-content-item\" id=\"features\" data-nav-section=\"features\"> <h2>Hauptfunktionen des Click-to-Call-Widgets<\/h2> <p>Um die Anruftaste besser zu verstehen, sehen Sie sich die Liste der Hauptfunktionen an. Sie machen unsere App f\u00fcr Sie maximal n\u00fctzlich:<\/p> <ul><li>Sofortige Anrufe auf Mobiltelefonen; <\/li> <li>Drei integrierte Varianten der Widget-Platzierung: links oder rechts schwebend oder benutzerdefiniert; <\/li> <li>Die M\u00f6glichkeit, Widgets auf bestimmten Seiten einzubetten oder Seiten auszuschlie\u00dfen; <\/li> <li>Drei Arten von Benutzern, die das Widget sehen: alle, neue oder nur wiederkehrende Benutzer; <\/li> <li> Eingebaute Widget-Aktivierungsausl\u00f6ser: auf der Seite verbrachte Zeit, auf der Website verbrachte Zeit, Scroll-Menge oder ein Versuch, die Website zu verlassen. <\/li> <\/ul><p><a href=\"#demo\">Um alle Funktionen zu sehen, sehen Sie sich unsere Demo an<\/a><\/p> <\/div><div class=\"application-platform-content-item-installation application-platform-content-item\" id=\"installation\" data-nav-section=\"installation\"> <h2>So f\u00fcgen Sie den \u201eJetzt anrufen\u201c-Button zu Ihrem Shopify-Shop hinzu<\/h2> <p>Ein paar schnelle Schritte sind das Einzige, was Sie zum Ver\u00f6ffentlichen ben\u00f6tigen.<\/p> <ol><li><b>Nutzen Sie unseren kostenlosen Editor und beginnen Sie mit der Arbeit mit Ihrer ma\u00dfgeschneiderten App. <\/b><br> Finden Sie das bevorzugte Aussehen und die bevorzugten Aspekte der App und nehmen Sie alle Korrekturen vor. <\/li> <li><b>Holen Sie sich den einzigartigen Code, der in der Box von Elfsight Apps angezeigt wird. <\/b><br> Nachdem die Einrichtung Ihrer App abgeschlossen ist, kopieren Sie den einzelnen Code aus dem angezeigten Feld und bewahren Sie ihn zur weiteren Verwendung auf. <\/li> <li><b>Beginnen Sie mit der Nutzung der App auf Ihrer Shopify-Website. <\/b><br> Integrieren Sie den zuvor gespeicherten Code in Ihre Seite und speichern Sie die Anpassungen. <\/li> <li><b>Fertig! Die Integration ist vollst\u00e4ndig durchgef\u00fchrt. <\/b><br> Besuchen Sie Ihre Website, um die Arbeit der App in Aktion zu sehen. <\/li><\/ol><p>Sie k\u00f6nnen immer noch keine Entscheidung treffen? Oder haben Sie Fragen? Mit nur einer einzigen Anfrage an unser Support-Team l\u00e4sst sich jede Frage kl\u00e4ren. <\/p> <\/div>","protected":false},"excerpt":{"rendered":"","protected":false},"author":9,"featured_media":0,"parent":2867,"menu_order":0,"comment_status":"closed","ping_status":"closed","template":"templates\/template-application-platform.php","meta":{"publish_to_discourse":"","publish_post_category":"","wpdc_auto_publish_overridden":"","wpdc_topic_tags":"","wpdc_pin_topic":"","wpdc_pin_until":"","discourse_post_id":"","discourse_permalink":"","wpdc_publishing_response":"","wpdc_publishing_error":"","footnotes":""},"class_list":["post-8340","page","type-page","status-publish","hentry"],"yoast_head":"<!-- This site is optimized with the Yoast SEO plugin v25.3.1 - https:\/\/yoast.com\/wordpress\/plugins\/seo\/ -->\n<title>Shopify-Anrufschaltfl\u00e4che | Call Now Button-App zur Website hinzuf\u00fcgen (kostenlos und schnell)<\/title>\n<meta name=\"description\" content=\"Erstellen Sie Ihre \u201eClick to Call Now Button\u201c-App und f\u00fcgen Sie sie schnell Ihrem Shopify-Shop hinzu. Wir bieten kostenlosen Kundenservice und weitere Boni.\" \/>\n<meta name=\"robots\" content=\"index, follow, max-snippet:-1, max-image-preview:large, max-video-preview:-1\" \/>\n<link rel=\"canonical\" href=\"https:\/\/elfsight.com\/de\/click-to-call-widget\/shopify\/\" \/>\n<meta property=\"og:locale\" content=\"de_DE\" \/>\n<meta property=\"og:type\" content=\"article\" \/>\n<meta property=\"og:title\" content=\"Shopify-Anrufschaltfl\u00e4che | Call Now Button-App zur Website hinzuf\u00fcgen (kostenlos und schnell)\" \/>\n<meta property=\"og:description\" content=\"Erstellen Sie Ihre \u201eClick to Call Now Button\u201c-App und f\u00fcgen Sie sie schnell Ihrem Shopify-Shop hinzu. Wir bieten kostenlosen Kundenservice und weitere Boni.\" \/>\n<meta property=\"og:url\" content=\"https:\/\/elfsight.com\/de\/click-to-call-widget\/shopify\/\" \/>\n<meta property=\"og:site_name\" content=\"Elfsight DE\" \/>\n<meta property=\"article:modified_time\" content=\"2025-07-08T10:28:18+00:00\" \/>\n<meta name=\"twitter:card\" content=\"summary_large_image\" \/>\n<meta name=\"twitter:label1\" content=\"Gesch\u00e4tzte Lesezeit\" \/>\n\t<meta name=\"twitter:data1\" content=\"3\u00a0Minuten\" \/>\n<!-- \/ Yoast SEO plugin. -->","yoast_head_json":{"title":"Shopify-Anrufschaltfl\u00e4che | Call Now Button-App zur Website hinzuf\u00fcgen (kostenlos und schnell)","description":"Erstellen Sie Ihre \u201eClick to Call Now Button\u201c-App und f\u00fcgen Sie sie schnell Ihrem Shopify-Shop hinzu. Wir bieten kostenlosen Kundenservice und weitere Boni.","robots":{"index":"index","follow":"follow","max-snippet":"max-snippet:-1","max-image-preview":"max-image-preview:large","max-video-preview":"max-video-preview:-1"},"canonical":"https:\/\/elfsight.com\/de\/click-to-call-widget\/shopify\/","og_locale":"de_DE","og_type":"article","og_title":"Shopify-Anrufschaltfl\u00e4che | Call Now Button-App zur Website hinzuf\u00fcgen (kostenlos und schnell)","og_description":"Erstellen Sie Ihre \u201eClick to Call Now Button\u201c-App und f\u00fcgen Sie sie schnell Ihrem Shopify-Shop hinzu. Wir bieten kostenlosen Kundenservice und weitere Boni.","og_url":"https:\/\/elfsight.com\/de\/click-to-call-widget\/shopify\/","og_site_name":"Elfsight DE","article_modified_time":"2025-07-08T10:28:18+00:00","twitter_card":"summary_large_image","twitter_misc":{"Gesch\u00e4tzte Lesezeit":"3\u00a0Minuten"},"schema":{"@context":"https:\/\/schema.org","@graph":[{"@type":"WebPage","@id":"https:\/\/elfsight.com\/de\/click-to-call-widget\/shopify\/","url":"https:\/\/elfsight.com\/de\/click-to-call-widget\/shopify\/","name":"Shopify-Anrufschaltfl\u00e4che | Call Now Button-App zur Website hinzuf\u00fcgen (kostenlos und schnell)","isPartOf":{"@id":"https:\/\/elfsight.com\/de\/#website"},"datePublished":"2024-05-03T06:32:27+00:00","dateModified":"2025-07-08T10:28:18+00:00","description":"Erstellen Sie Ihre \u201eClick to Call Now Button\u201c-App und f\u00fcgen Sie sie schnell Ihrem Shopify-Shop hinzu. Wir bieten kostenlosen Kundenservice und weitere Boni.","breadcrumb":{"@id":"https:\/\/elfsight.com\/de\/click-to-call-widget\/shopify\/#breadcrumb"},"inLanguage":"de","potentialAction":[{"@type":"ReadAction","target":["https:\/\/elfsight.com\/de\/click-to-call-widget\/shopify\/"]}]},{"@type":"BreadcrumbList","@id":"https:\/\/elfsight.com\/de\/click-to-call-widget\/shopify\/#breadcrumb","itemListElement":[{"@type":"ListItem","position":1,"name":"Home","item":"https:\/\/elfsight.com\/de\/"},{"@type":"ListItem","position":2,"name":"Click to Call","item":"https:\/\/elfsight.com\/de\/click-to-call-widget\/"},{"@type":"ListItem","position":3,"name":"Click to Call &#8211; Shopify"}]},{"@type":"WebSite","@id":"https:\/\/elfsight.com\/de\/#website","url":"https:\/\/elfsight.com\/de\/","name":"Elfsight DE","description":"Just another Elfsight Sites site","potentialAction":[{"@type":"SearchAction","target":{"@type":"EntryPoint","urlTemplate":"https:\/\/elfsight.com\/de\/?s={search_term_string}"},"query-input":{"@type":"PropertyValueSpecification","valueRequired":true,"valueName":"search_term_string"}}],"inLanguage":"de"}]}},"meta_box":{"industry":"","seo_heading":"","heading":"","description":"","cta_heading":"","cta_description":"","application":"490","h1":"Shopify Call Button-App","h1_caption":"Erm\u00f6glichen Sie Benutzern die sofortige Kontaktaufnahme mit Ihnen \u00fcber eine einfache Click-to-Call-Schaltfl\u00e4che, sodass Sie m\u00fchelos direkt \u00fcber Ihre Shopify-Website Kontakt aufnehmen k\u00f6nnen.","application_category":[],"applications_title":"","applications_request_title":"","applications_request_button_text":"","hero_text":"","hero_video":"","hero_video_schema_markup":"","selling_points_title":"","selling_points_caption":"","selling_points":[],"selling_points_cta_text":"","features_title":"","features":"","ed_cta_examples_text":"","ed_cta_examples_hidden":"","ed_cta_demo_text":"","ed_cta_demo_hidden":"","why_caption":"","why_editor_title":"","why_editor_text":"","why_team_title":"","why_team_text":"","why_service_title":"","why_service_text":"","template_catalog_visible":"","template_catalog_title":"","template_catalog_text":"","template_catalog_categories_visible":"","demo_title":"Erstellen Sie Ihre Click-to-Call-App","demo_caption":"Konfigurieren Sie Ihren Click-to-Call und f\u00fcgen Sie ihn kostenlos zu Ihrer Shopify-Website hinzu!","default_faq_hidden":"","app_template_category":[],"platform":"253","template_public_id":"","codecanyon_url":"","codecanyon_item_id":"","codecanyon_price":"","pricing_caption":"","pricing_elfsight_apps_hide_column":"","pricing_elfsight_apps_url":"","pricing_codecanyon_price_caption":"","integration_category":[],"integration_request_title":"","integration_request_cta":"","integration_platform":"","integrations":[],"platform_category":[],"video_schema_markup":"","price":"ab 0 $ \/ Monat","trial":"","benefits":[{"text":"Kostenloser Installationsservice"},{"text":"Premium-Support"},{"text":"14-t\u00e4gige Geld-zur\u00fcck-Garantie"},{"text":"Kontinuierliche kostenlose Updates"}],"button_url":"#demo","button_target_blank":"","button_nofollow":"","attributes":[{"name":"Installiert","content":"10,000 - 100,000"},{"name":"Reaktionsfreudig","content":"Ja"},{"name":"Kompatible Browser","content":"Firefox, Safari, Opera, Chrome, Edge"}],"tags":[],"tags_disable_links":"","hide_more_platforms":"","video_object":"","demo_hide_cta":"","demo_hide_cloud_options":"","pricing_title":"","pricing":[{"pricing_icon":"platform","pricing_title":"Elfsight Apps","pricing_title_caption":"Plattform\u00fcbergreifende Version, die auf jeder Website funktioniert","pricing_price":"ab 0 $ \/ Monat","pricing_price_caption":"Beginnen Sie mit einem kostenlosen Plan","pricing_benefits":[{"text":"Unbegrenzte Websites"},{"text":"Premium-Support"},{"text":"Kostenloser Installationsservice"},{"text":"Sonderangebot f\u00fcr mehrere Apps"}],"pricing_button_text":"Zur Website hinzuf\u00fcgen","pricing_button_url":"#demo"}],"related_apps_title":"","related_apps_hidden":"","author":"","image":[],"title":"","job":"","social_networks":[]},"_links":{"self":[{"href":"https:\/\/elfsight.com\/de\/wp-json\/wp\/v2\/pages\/8340","targetHints":{"allow":["GET"]}}],"collection":[{"href":"https:\/\/elfsight.com\/de\/wp-json\/wp\/v2\/pages"}],"about":[{"href":"https:\/\/elfsight.com\/de\/wp-json\/wp\/v2\/types\/page"}],"author":[{"embeddable":true,"href":"https:\/\/elfsight.com\/de\/wp-json\/wp\/v2\/users\/9"}],"replies":[{"embeddable":true,"href":"https:\/\/elfsight.com\/de\/wp-json\/wp\/v2\/comments?post=8340"}],"version-history":[{"count":2,"href":"https:\/\/elfsight.com\/de\/wp-json\/wp\/v2\/pages\/8340\/revisions"}],"predecessor-version":[{"id":21395,"href":"https:\/\/elfsight.com\/de\/wp-json\/wp\/v2\/pages\/8340\/revisions\/21395"}],"up":[{"embeddable":true,"href":"https:\/\/elfsight.com\/de\/wp-json\/wp\/v2\/pages\/2867"}],"wp:attachment":[{"href":"https:\/\/elfsight.com\/de\/wp-json\/wp\/v2\/media?parent=8340"}],"curies":[{"name":"wp","href":"https:\/\/api.w.org\/{rel}","templated":true}]}}