{"id":8339,"date":"2024-05-03T06:32:26","date_gmt":"2024-05-03T06:32:26","guid":{"rendered":"https:\/\/elfsight.com\/de\/?page_id=8339"},"modified":"2025-07-08T10:28:25","modified_gmt":"2025-07-08T10:28:25","slug":"squarespace","status":"publish","type":"page","link":"https:\/\/elfsight.com\/de\/click-to-call-widget\/squarespace\/","title":{"rendered":"Click to Call &#8211; Squarespace"},"content":{"rendered":"<div class=\"application-platform-content-item-description application-platform-content-item\" id=\"description\" data-nav-section=\"description\"> <h2>Click-to-Call auf Squarespace mit dem Elfsight-Widget einbetten<\/h2> <p>Elfsight Call Now Button ist das einfachste Plugin f\u00fcr eine Website. Dadurch wird es f\u00fcr Benutzer einfacher, Sie anzurufen. Auf Mobiltelefonen verwendet, beginnt das Plugin, Ihre Nummer zu w\u00e4hlen, wenn eine Person auf das Telefonsymbol klickt. Auf Desktop-Computern wird durch Klicken Ihre Telefonnummer auf der Website angezeigt und Benutzer k\u00f6nnen Sie direkt anrufen. Sie k\u00f6nnen nicht nur die Telefonnummer preisgeben, sondern auch das Anruffenster anzeigen, das den Namen und das Foto Ihres Ansprechpartners sowie eine Bildunterschrift enth\u00e4lt. Alle diese Teile sind umschaltbar, wodurch jede Variante der Schnittstelle erstellt werden kann. Sie k\u00f6nnen auch einen Ausl\u00f6ser ausw\u00e4hlen, der die Telefonblase aktiviert, und entscheiden, welche Zuschauerkategorie sie sehen soll.<\/p><div class=\"faq\" data-component=\"FAQ\"><div class=\"faq-item\">\r\n\t\t\t\t\t<div class=\"faq-item-question\">\r\n\t\t\t\t\t\t<h3 class=\"faq-item-question-text\">Wo kann ich Click to Call installieren<\/h3>\r\n\r\n\t\t\t\t\t\t<div class=\"faq-item-question-icon\"><\/div>\r\n\t\t\t\t\t<\/div>\r\n\r\n\t\t\t\t\t<div class=\"faq-item-answer\">\r\n\t\t\t\t\t\t<div class=\"faq-item-answer-text\"> <p>Elfsight Call-Plugin kann auf jeder Seite Ihrer Website oder auf allen Webseiten eingerichtet werden. In den Anrufschaltfl\u00e4cheneinstellungen gibt es eine Funktion zum Einf\u00fcgen der URLs einzelner Seiten, auf denen Sie das Widget aktivieren m\u00fcssen. Oder verwenden Sie die Ausschlussfunktion und geben Sie die URLs der Seiten ein, auf denen Sie die Anzeige des Widgets einschr\u00e4nken m\u00f6chten.<\/p> <\/div>\r\n\t\t\t\t\t<\/div>\r\n\t\t\t\t<\/div><div class=\"faq-item\">\r\n\t\t\t\t\t<div class=\"faq-item-question\">\r\n\t\t\t\t\t\t<h3 class=\"faq-item-question-text\">Wie kann ich davon profitieren?<\/h3>\r\n\r\n\t\t\t\t\t\t<div class=\"faq-item-question-icon\"><\/div>\r\n\t\t\t\t\t<\/div>\r\n\r\n\t\t\t\t\t<div class=\"faq-item-answer\">\r\n\t\t\t\t\t\t<div class=\"faq-item-answer-text\"> <p>Sie k\u00f6nnen mehr Telefon erhalten Anrufe von potenziellen Kunden dank der sofortigen und einfachen M\u00f6glichkeit, Sie anzurufen, ohne die Website zu verlassen. Dies kann dazu beitragen, dass die Kommunikation pers\u00f6nlicher wird und Besucher zu neuen K\u00e4ufen werden. Dar\u00fcber hinaus k\u00f6nnen Sie Ihren Kundenstamm an Leads sammeln. <\/p> <\/div>\r\n\t\t\t\t\t<\/div>\r\n\t\t\t\t<\/div> <div class=\"faq-item\">\r\n\t\t\t\t\t<div class=\"faq-item-question\">\r\n\t\t\t\t\t\t<h3 class=\"faq-item-question-text\">Wie kann ich den Click-to-Call-Button auf meiner Squarespace-Website einbetten?<\/h3>\r\n\r\n\t\t\t\t\t\t<div class=\"faq-item-question-icon\"><\/div>\r\n\t\t\t\t\t<\/div>\r\n\r\n\t\t\t\t\t<div class=\"faq-item-answer\">\r\n\t\t\t\t\t\t<div class=\"faq-item-answer-text\"> <p>Sie ben\u00f6tigen nur zwei Minuten Ihrer Zeit, um das Plugin einzubetten. Dieser Prozess ist sehr schnell, kostenlos und erfordert keine Programmierung.<\/p> <p>Sie k\u00f6nnen das Plugin direkt in unserem Service in die Website integrieren. F\u00fchren Sie einfach die nachstehende Anleitung auf dieser Seite aus.<\/p> <\/div>\r\n\t\t\t\t\t<\/div>\r\n\t\t\t\t<\/div> <\/div> <\/div> <div class=\"application-platform-content-item-features application-platform-content-item\" id=\"features\" data-nav-section=\"features\"> <h2>Hauptfunktionen des Click-to-Call-Widgets<\/h2> <p>Um die Schaltfl\u00e4che \u201eJetzt anrufen\u201c besser zu verstehen, finden Sie hier eine Liste der wichtigsten Funktionen. Sie machen unser Plugin f\u00fcr Sie wirklich effektiv: <\/p> <ul><li>Schnellwahl auf Mobiltelefonen;<\/li> <li>3 Varianten der Widget-Platzierung: Links schwebend, Rechts schwebend oder benutzerdefiniert;<\/li> <li>Die Option, das Widget auf bestimmten Webseiten anzuzeigen oder Webseiten auszuschlie\u00dfen;<\/li> <li>Drei Varianten von Besuchern, denen das Widget angezeigt werden soll: allen, neuen und wiederkehrenden;<\/li> <li> 4 Widget-\u00d6ffnungen Ausl\u00f6ser: Zeit auf der Seite, auf der Website verbrachte Zeit, Scroll-Prozentsatz oder Ausstiegsversuch.<\/li> <\/ul><p><a href=\"#demo\">Weitere Funktionen finden Sie in der Live-Demo<\/a> <\/p> <\/div><div class=\"application-platform-content-item-installation application-platform-content-item\" id=\"installation\" data-nav-section=\"installation\"> <h2>So f\u00fcgen Sie den Click-To-Call-Button zu Ihrer Squarespace-Website hinzu<\/h2> <p>Die folgenden Schritte sind das Einzige, was Sie dazu ben\u00f6tigen gr\u00fcnden. <\/p> <ol><li><b>Generieren Sie Ihr ma\u00dfgeschneidertes Call-Plugin<\/b><br> Erstellen Sie in unserem kostenlosen Konfigurator ein Plugin mit Ihrem bevorzugten Design und Ihren bevorzugten Funktionen.<\/li><li><b>Besorgen Sie sich den individuellen Code zum Hinzuf\u00fcgen des Plugins<\/b><br> Nachdem Sie Ihr Plugin generiert haben, erhalten Sie den Installationscode im angezeigten Fenster von Elfsight Apps. Kopiere diesen Code. <\/li> <li><b>Betten Sie das Plugin auf Ihrer Squarespace-Site ein<\/b><br> Definieren Sie den Ort, an dem Sie das Plugin anzeigen m\u00f6chten, und f\u00fcgen Sie dort den gespeicherten Code hinzu. \u00dcbernehmen Sie die \u00c4nderungen. <\/li> <li><b>Die Einbettung ist erfolgreich!<\/b><br> Besuchen Sie Ihre Website, um Ihre Arbeit zu sehen. <\/li> <\/ol><p>Immer noch nicht sicher? Oder haben Sie Probleme? Senden Sie einfach eine Anfrage an unser Support-Team, das Ihnen bei jedem Problem weiterhilft. <\/p> <\/div>","protected":false},"excerpt":{"rendered":"","protected":false},"author":9,"featured_media":0,"parent":2867,"menu_order":0,"comment_status":"closed","ping_status":"closed","template":"templates\/template-application-platform.php","meta":{"publish_to_discourse":"","publish_post_category":"","wpdc_auto_publish_overridden":"","wpdc_topic_tags":"","wpdc_pin_topic":"","wpdc_pin_until":"","discourse_post_id":"","discourse_permalink":"","wpdc_publishing_response":"","wpdc_publishing_error":"","footnotes":""},"class_list":["post-8339","page","type-page","status-publish","hentry"],"yoast_head":"<!-- This site is optimized with the Yoast SEO plugin v25.3.1 - https:\/\/yoast.com\/wordpress\/plugins\/seo\/ -->\n<title>Squarespace-Anrufschaltfl\u00e4che | Click-to-Call-Button-Plugin zur Website hinzuf\u00fcgen [2025]<\/title>\n<meta name=\"description\" content=\"Erstellen Sie Ihr Click-to-Call-Button-Plugin und f\u00fcgen Sie es Ihrer Squarespace-Website hinzu. Wir bieten kostenlosen Kundenservice und andere Boni.\" \/>\n<meta name=\"robots\" content=\"index, follow, max-snippet:-1, max-image-preview:large, max-video-preview:-1\" \/>\n<link rel=\"canonical\" href=\"https:\/\/elfsight.com\/de\/click-to-call-widget\/squarespace\/\" \/>\n<meta property=\"og:locale\" content=\"de_DE\" \/>\n<meta property=\"og:type\" content=\"article\" \/>\n<meta property=\"og:title\" content=\"Squarespace-Anrufschaltfl\u00e4che | Click-to-Call-Button-Plugin zur Website hinzuf\u00fcgen [2025]\" \/>\n<meta property=\"og:description\" content=\"Erstellen Sie Ihr Click-to-Call-Button-Plugin und f\u00fcgen Sie es Ihrer Squarespace-Website hinzu. Wir bieten kostenlosen Kundenservice und andere Boni.\" \/>\n<meta property=\"og:url\" content=\"https:\/\/elfsight.com\/de\/click-to-call-widget\/squarespace\/\" \/>\n<meta property=\"og:site_name\" content=\"Elfsight DE\" \/>\n<meta property=\"article:modified_time\" content=\"2025-07-08T10:28:25+00:00\" \/>\n<meta name=\"twitter:card\" content=\"summary_large_image\" \/>\n<meta name=\"twitter:label1\" content=\"Gesch\u00e4tzte Lesezeit\" \/>\n\t<meta name=\"twitter:data1\" content=\"3\u00a0Minuten\" \/>\n<!-- \/ Yoast SEO plugin. -->","yoast_head_json":{"title":"Squarespace-Anrufschaltfl\u00e4che | Click-to-Call-Button-Plugin zur Website hinzuf\u00fcgen [2025]","description":"Erstellen Sie Ihr Click-to-Call-Button-Plugin und f\u00fcgen Sie es Ihrer Squarespace-Website hinzu. Wir bieten kostenlosen Kundenservice und andere Boni.","robots":{"index":"index","follow":"follow","max-snippet":"max-snippet:-1","max-image-preview":"max-image-preview:large","max-video-preview":"max-video-preview:-1"},"canonical":"https:\/\/elfsight.com\/de\/click-to-call-widget\/squarespace\/","og_locale":"de_DE","og_type":"article","og_title":"Squarespace-Anrufschaltfl\u00e4che | Click-to-Call-Button-Plugin zur Website hinzuf\u00fcgen [2025]","og_description":"Erstellen Sie Ihr Click-to-Call-Button-Plugin und f\u00fcgen Sie es Ihrer Squarespace-Website hinzu. Wir bieten kostenlosen Kundenservice und andere Boni.","og_url":"https:\/\/elfsight.com\/de\/click-to-call-widget\/squarespace\/","og_site_name":"Elfsight DE","article_modified_time":"2025-07-08T10:28:25+00:00","twitter_card":"summary_large_image","twitter_misc":{"Gesch\u00e4tzte Lesezeit":"3\u00a0Minuten"},"schema":{"@context":"https:\/\/schema.org","@graph":[{"@type":"WebPage","@id":"https:\/\/elfsight.com\/de\/click-to-call-widget\/squarespace\/","url":"https:\/\/elfsight.com\/de\/click-to-call-widget\/squarespace\/","name":"Squarespace-Anrufschaltfl\u00e4che | Click-to-Call-Button-Plugin zur Website hinzuf\u00fcgen [2025]","isPartOf":{"@id":"https:\/\/elfsight.com\/de\/#website"},"datePublished":"2024-05-03T06:32:26+00:00","dateModified":"2025-07-08T10:28:25+00:00","description":"Erstellen Sie Ihr Click-to-Call-Button-Plugin und f\u00fcgen Sie es Ihrer Squarespace-Website hinzu. Wir bieten kostenlosen Kundenservice und andere Boni.","breadcrumb":{"@id":"https:\/\/elfsight.com\/de\/click-to-call-widget\/squarespace\/#breadcrumb"},"inLanguage":"de","potentialAction":[{"@type":"ReadAction","target":["https:\/\/elfsight.com\/de\/click-to-call-widget\/squarespace\/"]}]},{"@type":"BreadcrumbList","@id":"https:\/\/elfsight.com\/de\/click-to-call-widget\/squarespace\/#breadcrumb","itemListElement":[{"@type":"ListItem","position":1,"name":"Home","item":"https:\/\/elfsight.com\/de\/"},{"@type":"ListItem","position":2,"name":"Click to Call","item":"https:\/\/elfsight.com\/de\/click-to-call-widget\/"},{"@type":"ListItem","position":3,"name":"Click to Call &#8211; Squarespace"}]},{"@type":"WebSite","@id":"https:\/\/elfsight.com\/de\/#website","url":"https:\/\/elfsight.com\/de\/","name":"Elfsight DE","description":"Just another Elfsight Sites site","potentialAction":[{"@type":"SearchAction","target":{"@type":"EntryPoint","urlTemplate":"https:\/\/elfsight.com\/de\/?s={search_term_string}"},"query-input":{"@type":"PropertyValueSpecification","valueRequired":true,"valueName":"search_term_string"}}],"inLanguage":"de"}]}},"meta_box":{"industry":"","seo_heading":"","heading":"","description":"","cta_heading":"","cta_description":"","application":"490","h1":"Squarespace Click-to-Call-Schaltfl\u00e4che","h1_caption":"Erm\u00f6glichen Sie Benutzern die sofortige Kontaktaufnahme mit Ihnen \u00fcber eine einfache Click-to-Call-Schaltfl\u00e4che, sodass Sie m\u00fchelos direkt \u00fcber Ihre Squarespace-Website Kontakt aufnehmen k\u00f6nnen.","application_category":[],"applications_title":"","applications_request_title":"","applications_request_button_text":"","hero_text":"","hero_video":"","hero_video_schema_markup":"","selling_points_title":"","selling_points_caption":"","selling_points":[],"selling_points_cta_text":"","features_title":"","features":"","ed_cta_examples_text":"","ed_cta_examples_hidden":"","ed_cta_demo_text":"","ed_cta_demo_hidden":"","why_caption":"","why_editor_title":"","why_editor_text":"","why_team_title":"","why_team_text":"","why_service_title":"","why_service_text":"","template_catalog_visible":"","template_catalog_title":"","template_catalog_text":"","template_catalog_categories_visible":"","demo_title":"Erstellen Sie Ihr Click-to-Call-Plugin","demo_caption":"Konfigurieren Sie Ihren Click-to-Call und f\u00fcgen Sie ihn kostenlos zu Ihrer Squarespace-Website hinzu!","default_faq_hidden":"","app_template_category":[],"platform":"252","template_public_id":"","codecanyon_url":"","codecanyon_item_id":"","codecanyon_price":"","pricing_caption":"","pricing_elfsight_apps_hide_column":"","pricing_elfsight_apps_url":"","pricing_codecanyon_price_caption":"","integration_category":[],"integration_request_title":"","integration_request_cta":"","integration_platform":"","integrations":[],"platform_category":[],"video_schema_markup":"","price":"ab 0 $ \/ Monat","trial":"","benefits":[{"text":"Premium-Support"},{"text":"Kostenloser Installationsservice"},{"text":"14-t\u00e4gige Geld-zur\u00fcck-Garantie"},{"text":"Fortlaufende Entwicklung"}],"button_url":"#demo","button_target_blank":"","button_nofollow":"","attributes":[{"name":"Installiert","content":"10,000 - 100,000"},{"name":"Reaktionsfreudig","content":"Ja"},{"name":"Kompatible Browser","content":"Firefox, Safari, Opera, Chrome, Edge"}],"tags":[],"tags_disable_links":"","hide_more_platforms":"","video_object":"","demo_hide_cta":"","demo_hide_cloud_options":"","pricing_title":"","pricing":[{"pricing_icon":"platform","pricing_title":"Elfsight Apps","pricing_title_caption":"Plattform\u00fcbergreifende Software, die f\u00fcr jede Website geeignet ist","pricing_price":"ab 0 $ \/ Monat","pricing_price_caption":"Beginnen Sie mit einem kostenlosen Plan","pricing_benefits":[{"text":"Unbegrenzte Websites"},{"text":"Schnelle Unternehmensunterst\u00fctzung"},{"text":"Kostenlose Installationshilfe"},{"text":"Flexibles Design"}],"pricing_button_text":"Zur Website hinzuf\u00fcgen","pricing_button_url":"#demo"}],"related_apps_title":"","related_apps_hidden":"","author":"","image":[],"title":"","job":"","social_networks":[]},"_links":{"self":[{"href":"https:\/\/elfsight.com\/de\/wp-json\/wp\/v2\/pages\/8339","targetHints":{"allow":["GET"]}}],"collection":[{"href":"https:\/\/elfsight.com\/de\/wp-json\/wp\/v2\/pages"}],"about":[{"href":"https:\/\/elfsight.com\/de\/wp-json\/wp\/v2\/types\/page"}],"author":[{"embeddable":true,"href":"https:\/\/elfsight.com\/de\/wp-json\/wp\/v2\/users\/9"}],"replies":[{"embeddable":true,"href":"https:\/\/elfsight.com\/de\/wp-json\/wp\/v2\/comments?post=8339"}],"version-history":[{"count":1,"href":"https:\/\/elfsight.com\/de\/wp-json\/wp\/v2\/pages\/8339\/revisions"}],"predecessor-version":[{"id":8343,"href":"https:\/\/elfsight.com\/de\/wp-json\/wp\/v2\/pages\/8339\/revisions\/8343"}],"up":[{"embeddable":true,"href":"https:\/\/elfsight.com\/de\/wp-json\/wp\/v2\/pages\/2867"}],"wp:attachment":[{"href":"https:\/\/elfsight.com\/de\/wp-json\/wp\/v2\/media?parent=8339"}],"curies":[{"name":"wp","href":"https:\/\/api.w.org\/{rel}","templated":true}]}}