{"id":8338,"date":"2024-05-03T06:32:25","date_gmt":"2024-05-03T06:32:25","guid":{"rendered":"https:\/\/elfsight.com\/de\/?page_id=8338"},"modified":"2025-07-08T10:28:30","modified_gmt":"2025-07-08T10:28:30","slug":"webflow","status":"publish","type":"page","link":"https:\/\/elfsight.com\/de\/click-to-call-widget\/webflow\/","title":{"rendered":"Click to Call &#8211; Webflow"},"content":{"rendered":"<div class=\"application-platform-content-item-description application-platform-content-item\" id=\"description\" data-nav-section=\"description\"> <h2>Click-to-Call in Webflow mit dem Elfsight-Widget einbetten<\/h2> <p>Elfsight Call Now Button ist ein einfaches Widget f\u00fcr eine Website. Dadurch k\u00f6nnen Kunden Sie schneller anrufen. Von Mobiltelefonen aus betrachtet, beginnt das Widget, Ihre Nummer zu w\u00e4hlen, sobald ein Benutzer auf die Telefonblase klickt. Wenn Sie es von Desktops aus verwenden, wird durch Klicken Ihre Nummer auf der Seite angezeigt, damit Benutzer Sie direkt anrufen k\u00f6nnen. Es besteht nicht nur die M\u00f6glichkeit, die Telefonnummer hinzuzuf\u00fcgen, sondern auch das Anruffenster zu konfigurieren, das den Namen und das Bild Ihres Kundenkontakts sowie eine Bildunterschrift enth\u00e4lt. Alle Teile sind flexibel und erm\u00f6glichen die Konfiguration, um jede Variante der Schnittstelle zu erhalten. Es besteht auch die M\u00f6glichkeit, einen Ausl\u00f6ser auszuw\u00e4hlen, der die Telefonblase zum Platzen bringt, und zu entscheiden, welche Benutzerkategorie sie sehen soll. <\/p> <div class=\"faq\" data-component=\"FAQ\"><div class=\"faq-item\">\r\n\t\t\t\t\t<div class=\"faq-item-question\">\r\n\t\t\t\t\t\t<h3 class=\"faq-item-question-text\">Wo kann ich das Widget einbetten<\/h3>\r\n\r\n\t\t\t\t\t\t<div class=\"faq-item-question-icon\"><\/div>\r\n\t\t\t\t\t<\/div>\r\n\r\n\t\t\t\t\t<div class=\"faq-item-answer\">\r\n\t\t\t\t\t\t<div class=\"faq-item-answer-text\"> <p>Sie k\u00f6nnen es zu jeder Seite Ihrer Website oder zu allen Webseiten hinzuf\u00fcgen. In den Widget-Einstellungen k\u00f6nnen Sie die URLs bestimmter Seiten eingeben, auf denen Sie das Widget aktivieren m\u00fcssen. Oder verwenden Sie die Ausschlussfunktion und geben Sie die URLs der Seiten ein, auf denen Sie die Anzeige des Widgets verhindern m\u00f6chten.<\/p> <\/div>\r\n\t\t\t\t\t<\/div>\r\n\t\t\t\t<\/div><div class=\"faq-item\">\r\n\t\t\t\t\t<div class=\"faq-item-question\">\r\n\t\t\t\t\t\t<h3 class=\"faq-item-question-text\">Welche Vorteile kann es mir bringen?<\/h3>\r\n\r\n\t\t\t\t\t\t<div class=\"faq-item-question-icon\"><\/div>\r\n\t\t\t\t\t<\/div>\r\n\r\n\t\t\t\t\t<div class=\"faq-item-answer\">\r\n\t\t\t\t\t\t<div class=\"faq-item-answer-text\"> <p>Sie k\u00f6nnen mehr Anrufe t\u00e4tigen von Kunden dank der schnellen und bequemen M\u00f6glichkeit, Sie anzurufen, ohne die Webseite zu verlassen. Es kann Ihnen dabei helfen, mehr direkte Kommunikation zu erreichen und Besucher in Kunden umzuwandeln. Au\u00dferdem k\u00f6nnen Sie Ihren Kundenstamm aus Leads erstellen. <\/p> <\/div>\r\n\t\t\t\t\t<\/div>\r\n\t\t\t\t<\/div> <div class=\"faq-item\">\r\n\t\t\t\t\t<div class=\"faq-item-question\">\r\n\t\t\t\t\t\t<h3 class=\"faq-item-question-text\">Wie bette ich Call Button in meine Webflow-Website ein?<\/h3>\r\n\r\n\t\t\t\t\t\t<div class=\"faq-item-question-icon\"><\/div>\r\n\t\t\t\t\t<\/div>\r\n\r\n\t\t\t\t\t<div class=\"faq-item-answer\">\r\n\t\t\t\t\t\t<div class=\"faq-item-answer-text\"> <p>Sie ben\u00f6tigen nur eine Minute Zeit f\u00fcr die Einrichtung. Dieser Vorgang ist wirklich schnell, kostenlos und erfordert keine Programmierung. <\/p> <p>Sie k\u00f6nnen in unserem Service ein Anruf-Widget zu Ihrer Website hinzuf\u00fcgen. Befolgen Sie dazu die nachstehenden Anweisungen auf dieser Seite.<\/p> <\/div>\r\n\t\t\t\t\t<\/div>\r\n\t\t\t\t<\/div> <\/div> <\/div> <div class=\"application-platform-content-item-features application-platform-content-item\" id=\"features\" data-nav-section=\"features\"> <h2>Hauptfunktionen des Click-to-Call-Widgets<\/h2> <p>Um sich einen umfassenden \u00dcberblick \u00fcber das Widget zu verschaffen, finden Sie hier die Liste der Hauptmerkmale. Sie machen unser Widget f\u00fcr Sie unglaublich effizient: <\/p> <ul><li>Schnelle Telefonate auf Mobiltelefonen; <\/li> <li>W\u00e4hlen Sie eine von drei Optionen f\u00fcr die Widget-Platzierung: Links oder rechts schwebend oder benutzerdefiniert; <\/li> <li>Die M\u00f6glichkeit, Widgets auf bestimmten Seiten einzubetten oder Webseiten auszuschlie\u00dfen; <\/li> <li>W\u00e4hlen Sie Kategorien von Benutzern aus, die das Widget sehen sollen: alle, neu oder wiederkehrend; <\/li> <li> Eingebaute Widget-Ausl\u00f6ser: Zeit auf der Seite, Zeit auf der Website, Scroll-Prozentsatz und ein Versuch, die Website zu verlassen. <\/li> <\/ul><p><a href=\"#demo\">Die Demo er\u00f6ffnet Ihnen weitere Funktionen<\/a><\/p> <\/div> <div class=\"application-platform-content-item-installation application-platform-content-item\" id=\"installation\" data-nav-section=\"installation\"> <h2> So f\u00fcgen Sie den Click-To-Call-Button zu Ihrer Webflow-Website hinzu<\/h2> <p>Diese verschiedenen Aktionen sind alles, was Sie tun m\u00fcssen, um das Widget zu installieren. <\/p> <ol><li><b>Generieren Sie Ihr einzigartiges Anruf-Widget<\/b><br> Erhalten Sie mit unserem kostenlosen Editor ein Plugin mit ausgew\u00e4hltem Design und Funktionen. <\/li><li><b>Erhalten Sie den individuellen Code zur Installation des Plugins<\/b><br> Nachdem Sie Ihr Widget konfiguriert haben, erhalten Sie den Installationscode aus der angezeigten Benachrichtigung auf Elfsight Apps. Kopieren Sie diesen Code zur weiteren Verwendung. <\/li> <li><b>Zeigen Sie das Plugin auf Ihrer Webflow-Site an<\/b><br> Gehen Sie zu der Stelle, an der Sie das Plugin platzieren m\u00f6chten, und f\u00fcgen Sie dort den kopierten Code hinzu. \u00dcbernehmen Sie die \u00c4nderungen.<\/li> <li><b>Fertig! <\/b><br> Betreten Sie den Laden, um einen Blick auf Ihren Call Button zu werfen. <\/li> <\/ol><p>Sie k\u00f6nnen sich immer noch nicht entscheiden? Oder haben Sie Fragen? Richten Sie einfach eine Anfrage an unseren Kundenservice, der bei Problemen weiterhilft. <\/p> <\/div>","protected":false},"excerpt":{"rendered":"","protected":false},"author":9,"featured_media":0,"parent":2867,"menu_order":0,"comment_status":"closed","ping_status":"closed","template":"templates\/template-application-platform.php","meta":{"publish_to_discourse":"","publish_post_category":"","wpdc_auto_publish_overridden":"","wpdc_topic_tags":"","wpdc_pin_topic":"","wpdc_pin_until":"","discourse_post_id":"","discourse_permalink":"","wpdc_publishing_response":"","wpdc_publishing_error":"","footnotes":""},"class_list":["post-8338","page","type-page","status-publish","hentry"],"yoast_head":"<!-- This site is optimized with the Yoast SEO plugin v25.3.1 - https:\/\/yoast.com\/wordpress\/plugins\/seo\/ -->\n<title>F\u00fcgen Sie das Click-to-Call-Button-Widget zu Ihrer Webflow-Website hinzu (in 2 Minuten)<\/title>\n<meta name=\"description\" content=\"Es ist absolut einfach, Ihr \u201eClick to Call Now Button\u201c-Widget zu gestalten und es auf der Webflow-Website hinzuzuf\u00fcgen. Der Kundendienst von Elfsight ist kostenlos und schnell.\" \/>\n<meta name=\"robots\" content=\"index, follow, max-snippet:-1, max-image-preview:large, max-video-preview:-1\" \/>\n<link rel=\"canonical\" href=\"https:\/\/elfsight.com\/de\/click-to-call-widget\/webflow\/\" \/>\n<meta property=\"og:locale\" content=\"de_DE\" \/>\n<meta property=\"og:type\" content=\"article\" \/>\n<meta property=\"og:title\" content=\"F\u00fcgen Sie das Click-to-Call-Button-Widget zu Ihrer Webflow-Website hinzu (in 2 Minuten)\" \/>\n<meta property=\"og:description\" content=\"Es ist absolut einfach, Ihr \u201eClick to Call Now Button\u201c-Widget zu gestalten und es auf der Webflow-Website hinzuzuf\u00fcgen. Der Kundendienst von Elfsight ist kostenlos und schnell.\" \/>\n<meta property=\"og:url\" content=\"https:\/\/elfsight.com\/de\/click-to-call-widget\/webflow\/\" \/>\n<meta property=\"og:site_name\" content=\"Elfsight DE\" \/>\n<meta property=\"article:modified_time\" content=\"2025-07-08T10:28:30+00:00\" \/>\n<meta name=\"twitter:card\" content=\"summary_large_image\" \/>\n<meta name=\"twitter:label1\" content=\"Gesch\u00e4tzte Lesezeit\" \/>\n\t<meta name=\"twitter:data1\" content=\"3\u00a0Minuten\" \/>\n<!-- \/ Yoast SEO plugin. -->","yoast_head_json":{"title":"F\u00fcgen Sie das Click-to-Call-Button-Widget zu Ihrer Webflow-Website hinzu (in 2 Minuten)","description":"Es ist absolut einfach, Ihr \u201eClick to Call Now Button\u201c-Widget zu gestalten und es auf der Webflow-Website hinzuzuf\u00fcgen. Der Kundendienst von Elfsight ist kostenlos und schnell.","robots":{"index":"index","follow":"follow","max-snippet":"max-snippet:-1","max-image-preview":"max-image-preview:large","max-video-preview":"max-video-preview:-1"},"canonical":"https:\/\/elfsight.com\/de\/click-to-call-widget\/webflow\/","og_locale":"de_DE","og_type":"article","og_title":"F\u00fcgen Sie das Click-to-Call-Button-Widget zu Ihrer Webflow-Website hinzu (in 2 Minuten)","og_description":"Es ist absolut einfach, Ihr \u201eClick to Call Now Button\u201c-Widget zu gestalten und es auf der Webflow-Website hinzuzuf\u00fcgen. Der Kundendienst von Elfsight ist kostenlos und schnell.","og_url":"https:\/\/elfsight.com\/de\/click-to-call-widget\/webflow\/","og_site_name":"Elfsight DE","article_modified_time":"2025-07-08T10:28:30+00:00","twitter_card":"summary_large_image","twitter_misc":{"Gesch\u00e4tzte Lesezeit":"3\u00a0Minuten"},"schema":{"@context":"https:\/\/schema.org","@graph":[{"@type":"WebPage","@id":"https:\/\/elfsight.com\/de\/click-to-call-widget\/webflow\/","url":"https:\/\/elfsight.com\/de\/click-to-call-widget\/webflow\/","name":"F\u00fcgen Sie das Click-to-Call-Button-Widget zu Ihrer Webflow-Website hinzu (in 2 Minuten)","isPartOf":{"@id":"https:\/\/elfsight.com\/de\/#website"},"datePublished":"2024-05-03T06:32:25+00:00","dateModified":"2025-07-08T10:28:30+00:00","description":"Es ist absolut einfach, Ihr \u201eClick to Call Now Button\u201c-Widget zu gestalten und es auf der Webflow-Website hinzuzuf\u00fcgen. Der Kundendienst von Elfsight ist kostenlos und schnell.","breadcrumb":{"@id":"https:\/\/elfsight.com\/de\/click-to-call-widget\/webflow\/#breadcrumb"},"inLanguage":"de","potentialAction":[{"@type":"ReadAction","target":["https:\/\/elfsight.com\/de\/click-to-call-widget\/webflow\/"]}]},{"@type":"BreadcrumbList","@id":"https:\/\/elfsight.com\/de\/click-to-call-widget\/webflow\/#breadcrumb","itemListElement":[{"@type":"ListItem","position":1,"name":"Home","item":"https:\/\/elfsight.com\/de\/"},{"@type":"ListItem","position":2,"name":"Click to Call","item":"https:\/\/elfsight.com\/de\/click-to-call-widget\/"},{"@type":"ListItem","position":3,"name":"Click to Call &#8211; Webflow"}]},{"@type":"WebSite","@id":"https:\/\/elfsight.com\/de\/#website","url":"https:\/\/elfsight.com\/de\/","name":"Elfsight DE","description":"Just another Elfsight Sites site","potentialAction":[{"@type":"SearchAction","target":{"@type":"EntryPoint","urlTemplate":"https:\/\/elfsight.com\/de\/?s={search_term_string}"},"query-input":{"@type":"PropertyValueSpecification","valueRequired":true,"valueName":"search_term_string"}}],"inLanguage":"de"}]}},"meta_box":{"industry":"","seo_heading":"","heading":"","description":"","cta_heading":"","cta_description":"","application":"490","h1":"Webflow-Click-to-Call-Schaltfl\u00e4che","h1_caption":"Erm\u00f6glichen Sie Benutzern die sofortige Kontaktaufnahme mit Ihnen \u00fcber eine einfache Click-to-Call-Schaltfl\u00e4che, sodass Sie m\u00fchelos und m\u00fchelos direkt \u00fcber Ihre Webflow-Website Kontakt aufnehmen k\u00f6nnen.","application_category":[],"applications_title":"","applications_request_title":"","applications_request_button_text":"","hero_text":"","hero_video":"","hero_video_schema_markup":"","selling_points_title":"","selling_points_caption":"","selling_points":[],"selling_points_cta_text":"","features_title":"","features":"","ed_cta_examples_text":"","ed_cta_examples_hidden":"","ed_cta_demo_text":"","ed_cta_demo_hidden":"","why_caption":"","why_editor_title":"","why_editor_text":"","why_team_title":"","why_team_text":"","why_service_title":"","why_service_text":"","template_catalog_visible":"","template_catalog_title":"","template_catalog_text":"","template_catalog_categories_visible":"","demo_title":"Erstellen Sie Ihr Click-to-Call-Widget","demo_caption":"Konfigurieren Sie Ihren Click-to-Call und f\u00fcgen Sie ihn kostenlos zu Ihrer Webflow-Website hinzu!","default_faq_hidden":"","app_template_category":[],"platform":"250","template_public_id":"","codecanyon_url":"","codecanyon_item_id":"","codecanyon_price":"","pricing_caption":"","pricing_elfsight_apps_hide_column":"","pricing_elfsight_apps_url":"","pricing_codecanyon_price_caption":"","integration_category":[],"integration_request_title":"","integration_request_cta":"","integration_platform":"","integrations":[],"platform_category":[],"video_schema_markup":"","price":"ab 0 $ \/ Monat","trial":"","benefits":[{"text":"Kostenlose Installationsunterst\u00fctzung"},{"text":"Premium-Support"},{"text":"14-t\u00e4gige Geld-zur\u00fcck-Garantie"},{"text":"Lebenslange kostenlose Verbesserungen"}],"button_url":"#demo","button_target_blank":"","button_nofollow":"","attributes":[{"name":"Installiert","content":"10,000 - 100,000"},{"name":"Reaktionsfreudig","content":"Ja"},{"name":"Kompatible Browser","content":"Chrome, Firefox, Safari, Opera, Edge"}],"tags":[],"tags_disable_links":"","hide_more_platforms":"","video_object":"","demo_hide_cta":"","demo_hide_cloud_options":"","pricing_title":"","pricing":[{"pricing_icon":"platform","pricing_title":"Elfsight Apps","pricing_title_caption":"Plattformunabh\u00e4ngige Software, die zu jeder Website passt","pricing_price":"ab 0 $ \/ Monat","pricing_price_caption":"Beginnen Sie mit einem kostenlosen Plan","pricing_benefits":[{"text":"Unbegrenzte Domains"},{"text":"Kostenloser Installationsservice"},{"text":"Professioneller Kundensupport"},{"text":"Sonderangebot f\u00fcr mehrere Apps"}],"pricing_button_text":"Zur Website hinzuf\u00fcgen","pricing_button_url":"#demo"}],"related_apps_title":"","related_apps_hidden":"","author":"","image":[],"title":"","job":"","social_networks":[]},"_links":{"self":[{"href":"https:\/\/elfsight.com\/de\/wp-json\/wp\/v2\/pages\/8338","targetHints":{"allow":["GET"]}}],"collection":[{"href":"https:\/\/elfsight.com\/de\/wp-json\/wp\/v2\/pages"}],"about":[{"href":"https:\/\/elfsight.com\/de\/wp-json\/wp\/v2\/types\/page"}],"author":[{"embeddable":true,"href":"https:\/\/elfsight.com\/de\/wp-json\/wp\/v2\/users\/9"}],"replies":[{"embeddable":true,"href":"https:\/\/elfsight.com\/de\/wp-json\/wp\/v2\/comments?post=8338"}],"version-history":[{"count":2,"href":"https:\/\/elfsight.com\/de\/wp-json\/wp\/v2\/pages\/8338\/revisions"}],"predecessor-version":[{"id":21394,"href":"https:\/\/elfsight.com\/de\/wp-json\/wp\/v2\/pages\/8338\/revisions\/21394"}],"up":[{"embeddable":true,"href":"https:\/\/elfsight.com\/de\/wp-json\/wp\/v2\/pages\/2867"}],"wp:attachment":[{"href":"https:\/\/elfsight.com\/de\/wp-json\/wp\/v2\/media?parent=8338"}],"curies":[{"name":"wp","href":"https:\/\/api.w.org\/{rel}","templated":true}]}}