{"id":8337,"date":"2024-05-03T06:32:24","date_gmt":"2024-05-03T06:32:24","guid":{"rendered":"https:\/\/elfsight.com\/de\/?page_id=8337"},"modified":"2025-02-20T07:43:37","modified_gmt":"2025-02-20T07:43:37","slug":"webnode","status":"publish","type":"page","link":"https:\/\/elfsight.com\/de\/click-to-call-widget\/webnode\/","title":{"rendered":"Click to Call &#8211; Webnode"},"content":{"rendered":"<div class=\"application-platform-content-item-description application-platform-content-item\" id=\"description\" data-nav-section=\"description\"> <h2>Beschreibung<\/h2> <p>Das Elfsight Click-To-Call-Widget f\u00fcr Webnode ist ein effektives Tool, mit dem Sie Ihre Website-Besucher schneller erreichen k\u00f6nnen. Sie k\u00f6nnen Sie anrufen, indem sie auf dem Mobilger\u00e4t auf das Telefonsymbol dr\u00fccken, und auf dem Desktop wird Ihre Nummer f\u00fcr eine optimierte Einwahl auff\u00e4llig angezeigt. Die Sprechblase und das Anruffenster sind vollst\u00e4ndig konfigurierbar und erm\u00f6glichen es Ihnen, einen absolut einzigartigen Stil Ihres Widgets zu erstellen. Es steht Ihnen frei, alle Teile des Widgets zu \u00e4ndern, um es vollst\u00e4ndig an die Farbpalette der Website anzupassen.<\/p> <div class=\"faq\" data-component=\"FAQ\"><div class=\"faq-item\">\r\n\t\t\t\t\t<div class=\"faq-item-question\">\r\n\t\t\t\t\t\t<h3 class=\"faq-item-question-text\">Wo auf meiner Website kann ich es einbetten?<\/h3>\r\n\r\n\t\t\t\t\t\t<div class=\"faq-item-question-icon\"><\/div>\r\n\t\t\t\t\t<\/div>\r\n\r\n\t\t\t\t\t<div class=\"faq-item-answer\">\r\n\t\t\t\t\t\t<div class=\"faq-item-answer-text\"> <p>Ja W\u00e4hlen Sie frei die Seiten aus, auf denen die W\u00e4hlblase angezeigt werden soll, und zeigen Sie deren URLs in den Einstellungen an. Oder Sie k\u00f6nnen bestimmte Seiten ausschlie\u00dfen, auch per URL.<\/p> <\/div>\r\n\t\t\t\t\t<\/div>\r\n\t\t\t\t<\/div><div class=\"faq-item\">\r\n\t\t\t\t\t<div class=\"faq-item-question\">\r\n\t\t\t\t\t\t<h3 class=\"faq-item-question-text\">Welche Vorteile bietet es mir?<\/h3>\r\n\r\n\t\t\t\t\t\t<div class=\"faq-item-question-icon\"><\/div>\r\n\t\t\t\t\t<\/div>\r\n\r\n\t\t\t\t\t<div class=\"faq-item-answer\">\r\n\t\t\t\t\t\t<div class=\"faq-item-answer-text\"> <p>Einfache Kommunikation per Telefon hilft dabei, tats\u00e4chlich mehr potenzielle K\u00e4ufer zu gewinnen Kunden. Dar\u00fcber hinaus wird das W\u00e4hlen durch einfaches W\u00e4hlen und Vorf\u00fchren der Telefonnummer zum Kinderspiel.<\/p> <\/div>\r\n\t\t\t\t\t<\/div>\r\n\t\t\t\t<\/div> <div class=\"faq-item\">\r\n\t\t\t\t\t<div class=\"faq-item-question\">\r\n\t\t\t\t\t\t<h3 class=\"faq-item-question-text\">Wie erhalte ich Click-to-Call auf meiner Webnode-Website?<\/h3>\r\n\r\n\t\t\t\t\t\t<div class=\"faq-item-question-icon\"><\/div>\r\n\t\t\t\t\t<\/div>\r\n\r\n\t\t\t\t\t<div class=\"faq-item-answer\">\r\n\t\t\t\t\t\t<div class=\"faq-item-answer-text\"> <p>Alles, was Sie tun m\u00fcssen Sie m\u00fcssen lediglich Ihr Widget erstellen, die Farben und die H\u00f6he ausw\u00e4hlen, dann Ihre Arbeit speichern und den Code kopieren, der am Ende des Erstellungsprozesses im Popup-Fenster angezeigt wird. F\u00fcgen Sie diesen Code in Ihre Website ein.<\/p> <\/div>\r\n\t\t\t\t\t<\/div>\r\n\t\t\t\t<\/div> <\/div> <\/div> <div class=\"application-platform-content-item-features application-platform-content-item\" id=\"features\" data-nav-section=\"features\"> <h2>Funktionen<\/h2> <p>Zur besseren Kenntnis des Call Button-Widgets Schauen Sie sich die Liste seiner herausragendsten Funktionen an. Sie machen unser Widget f\u00fcr Sie unglaublich effizient: <\/p> <ul><li>Sofortwahl auf Mobiltelefonen; <\/li> <li>Drei integrierte Optionen f\u00fcr die Widget-Position: Links schwebend, Rechts schwebend oder benutzerdefiniert; <\/li> <li>Die Option, das Widget auf bestimmten Seiten anzuzeigen oder Seiten auszuschlie\u00dfen; <\/li> <li>W\u00e4hlen Sie Besucherkategorien aus, um das Widget anzuzeigen: alle, neu oder wiederkehrend; <\/li> <li> Eingebaute Widget-\u00d6ffnungsausl\u00f6ser: auf der Seite verbrachte Zeit, Zeit auf der Website, Scroll-Prozentsatz oder Ausstiegsversuch. <\/li> <\/ul><p><a href=\"#demo\">Weitere Funktionen finden Sie in unserer Demo<\/a><\/p> <\/div> <div class=\"application-platform-content-item-installation application-platform-content-item\" id=\"installation\" data-nav-section=\"installation\"> <h2>So f\u00fcgen Sie das Click-To-Call-Button-Widget zu Ihrer Webnode-Seite hinzu<\/h2> <p>Die folgenden Aktionen sind das Einzige, was Sie f\u00fcr eine erfolgreiche Isolierung tun m\u00fcssen. <\/p> <ol><li><b>\u00d6ffnen Sie unseren kostenlosen Editor und beginnen Sie mit der Erstellung Ihres ma\u00dfgeschneiderten Plugins. <\/b><br> Geben Sie das benutzerdefinierte Design und die Spezifikationen des Widgets an und wenden Sie die Korrekturen an. <\/li> <li><b>Erhalten Sie den pers\u00f6nlichen Code, der in der Box auf Elfsight Apps angezeigt wird. <\/b><br> Sobald die Einrichtung Ihres Tools abgeschlossen ist, kopieren Sie den individuellen Code aus dem erscheinenden Popup und bewahren Sie ihn f\u00fcr eine sp\u00e4tere Gelegenheit auf. <\/li> <li><b>Initiieren Sie den Einsatz des Tools auf der Webnode-Website. <\/b><br> Geben Sie den zuvor kopierten Code in Ihre Webseite ein und speichern Sie die \u00c4nderungen. <\/li> <li><b>Du bist fertig! Die Einbettung wurde erfolgreich beendet. <\/b><br> Besuchen Sie Ihre Webseite, um einen Blick auf die Funktionsweise des Plugins zu werfen. <\/li><\/ol> <p>Immer noch nicht sicher? Oder Probleme haben? Schreiben Sie einfach eine Anfrage an unseren Kundenservice, unsere Spezialisten k\u00fcmmern sich um alles. <\/p> <\/div>","protected":false},"excerpt":{"rendered":"","protected":false},"author":9,"featured_media":0,"parent":2867,"menu_order":0,"comment_status":"closed","ping_status":"closed","template":"templates\/template-application-platform.php","meta":{"publish_to_discourse":"","publish_post_category":"","wpdc_auto_publish_overridden":"","wpdc_topic_tags":"","wpdc_pin_topic":"","wpdc_pin_until":"","discourse_post_id":"","discourse_permalink":"","wpdc_publishing_response":"","wpdc_publishing_error":"","footnotes":""},"class_list":["post-8337","page","type-page","status-publish","hentry"],"yoast_head":"<!-- This site is optimized with the Yoast SEO plugin v25.3.1 - https:\/\/yoast.com\/wordpress\/plugins\/seo\/ -->\n<title>F\u00fcgen Sie das Click-to-Call-Button-Widget zur Webnode-Website hinzu (kostenlos und schnell)<\/title>\n<meta name=\"description\" content=\"F\u00fcgen Sie ein praktisches Click-to-Call-Plugin auf Ihrer Webnode-Site ein. Nutzen Sie die benutzerfreundliche Elfsight-Demo und gestalten Sie Ihr einzigartiges Plugin in 1-2-3.\" \/>\n<meta name=\"robots\" content=\"index, follow, max-snippet:-1, max-image-preview:large, max-video-preview:-1\" \/>\n<link rel=\"canonical\" href=\"https:\/\/elfsight.com\/de\/click-to-call-widget\/webnode\/\" \/>\n<meta property=\"og:locale\" content=\"de_DE\" \/>\n<meta property=\"og:type\" content=\"article\" \/>\n<meta property=\"og:title\" content=\"F\u00fcgen Sie das Click-to-Call-Button-Widget zur Webnode-Website hinzu (kostenlos und schnell)\" \/>\n<meta property=\"og:description\" content=\"F\u00fcgen Sie ein praktisches Click-to-Call-Plugin auf Ihrer Webnode-Site ein. Nutzen Sie die benutzerfreundliche Elfsight-Demo und gestalten Sie Ihr einzigartiges Plugin in 1-2-3.\" \/>\n<meta property=\"og:url\" content=\"https:\/\/elfsight.com\/de\/click-to-call-widget\/webnode\/\" \/>\n<meta property=\"og:site_name\" content=\"Elfsight DE\" \/>\n<meta property=\"article:modified_time\" content=\"2025-02-20T07:43:37+00:00\" \/>\n<meta name=\"twitter:card\" content=\"summary_large_image\" \/>\n<meta name=\"twitter:label1\" content=\"Gesch\u00e4tzte Lesezeit\" \/>\n\t<meta name=\"twitter:data1\" content=\"3\u00a0Minuten\" \/>\n<!-- \/ Yoast SEO plugin. -->","yoast_head_json":{"title":"F\u00fcgen Sie das Click-to-Call-Button-Widget zur Webnode-Website hinzu (kostenlos und schnell)","description":"F\u00fcgen Sie ein praktisches Click-to-Call-Plugin auf Ihrer Webnode-Site ein. Nutzen Sie die benutzerfreundliche Elfsight-Demo und gestalten Sie Ihr einzigartiges Plugin in 1-2-3.","robots":{"index":"index","follow":"follow","max-snippet":"max-snippet:-1","max-image-preview":"max-image-preview:large","max-video-preview":"max-video-preview:-1"},"canonical":"https:\/\/elfsight.com\/de\/click-to-call-widget\/webnode\/","og_locale":"de_DE","og_type":"article","og_title":"F\u00fcgen Sie das Click-to-Call-Button-Widget zur Webnode-Website hinzu (kostenlos und schnell)","og_description":"F\u00fcgen Sie ein praktisches Click-to-Call-Plugin auf Ihrer Webnode-Site ein. Nutzen Sie die benutzerfreundliche Elfsight-Demo und gestalten Sie Ihr einzigartiges Plugin in 1-2-3.","og_url":"https:\/\/elfsight.com\/de\/click-to-call-widget\/webnode\/","og_site_name":"Elfsight DE","article_modified_time":"2025-02-20T07:43:37+00:00","twitter_card":"summary_large_image","twitter_misc":{"Gesch\u00e4tzte Lesezeit":"3\u00a0Minuten"},"schema":{"@context":"https:\/\/schema.org","@graph":[{"@type":"WebPage","@id":"https:\/\/elfsight.com\/de\/click-to-call-widget\/webnode\/","url":"https:\/\/elfsight.com\/de\/click-to-call-widget\/webnode\/","name":"F\u00fcgen Sie das Click-to-Call-Button-Widget zur Webnode-Website hinzu (kostenlos und schnell)","isPartOf":{"@id":"https:\/\/elfsight.com\/de\/#website"},"datePublished":"2024-05-03T06:32:24+00:00","dateModified":"2025-02-20T07:43:37+00:00","description":"F\u00fcgen Sie ein praktisches Click-to-Call-Plugin auf Ihrer Webnode-Site ein. Nutzen Sie die benutzerfreundliche Elfsight-Demo und gestalten Sie Ihr einzigartiges Plugin in 1-2-3.","breadcrumb":{"@id":"https:\/\/elfsight.com\/de\/click-to-call-widget\/webnode\/#breadcrumb"},"inLanguage":"de","potentialAction":[{"@type":"ReadAction","target":["https:\/\/elfsight.com\/de\/click-to-call-widget\/webnode\/"]}]},{"@type":"BreadcrumbList","@id":"https:\/\/elfsight.com\/de\/click-to-call-widget\/webnode\/#breadcrumb","itemListElement":[{"@type":"ListItem","position":1,"name":"Home","item":"https:\/\/elfsight.com\/de\/"},{"@type":"ListItem","position":2,"name":"Click to Call","item":"https:\/\/elfsight.com\/de\/click-to-call-widget\/"},{"@type":"ListItem","position":3,"name":"Click to Call &#8211; Webnode"}]},{"@type":"WebSite","@id":"https:\/\/elfsight.com\/de\/#website","url":"https:\/\/elfsight.com\/de\/","name":"Elfsight DE","description":"Just another Elfsight Sites site","potentialAction":[{"@type":"SearchAction","target":{"@type":"EntryPoint","urlTemplate":"https:\/\/elfsight.com\/de\/?s={search_term_string}"},"query-input":{"@type":"PropertyValueSpecification","valueRequired":true,"valueName":"search_term_string"}}],"inLanguage":"de"}]}},"meta_box":{"industry":"","seo_heading":"","heading":"","description":"","cta_heading":"","cta_description":"","application":"490","h1":"Click-to-Call-Button f\u00fcr Webnode","h1_caption":"Erm\u00f6glichen Sie Benutzern die sofortige Kontaktaufnahme mit Ihnen \u00fcber eine einfache Click-to-Call-Schaltfl\u00e4che, sodass Sie m\u00fchelos und m\u00fchelos direkt \u00fcber Ihre Webnode-Website Kontakt aufnehmen k\u00f6nnen.","application_category":[],"applications_title":"","applications_request_title":"","applications_request_button_text":"","hero_text":"","hero_video":"","hero_video_schema_markup":"","selling_points_title":"","selling_points_caption":"","selling_points":[],"selling_points_cta_text":"","features_title":"","features":"","ed_cta_examples_text":"","ed_cta_examples_hidden":"","ed_cta_demo_text":"","ed_cta_demo_hidden":"","why_caption":"","why_editor_title":"","why_editor_text":"","why_team_title":"","why_team_text":"","why_service_title":"","why_service_text":"","template_catalog_visible":"0","template_catalog_title":"","template_catalog_text":"","template_catalog_categories_visible":"","demo_title":"Erstellen Sie Ihr Click-to-Call-Widget","demo_caption":"Konfigurieren Sie Ihren Click to Call und f\u00fcgen Sie ihn kostenlos zu Ihrer Webnode-Website hinzu!","default_faq_hidden":"","app_template_category":[],"platform":"248","template_public_id":"","codecanyon_url":"","codecanyon_item_id":"","codecanyon_price":"","pricing_caption":"","pricing_elfsight_apps_hide_column":"","pricing_elfsight_apps_url":"","pricing_codecanyon_price_caption":"","integration_category":[],"integration_request_title":"","integration_request_cta":"","integration_platform":"","integrations":[],"platform_category":[],"video_schema_markup":"","price":"ab 0 $ \/ Monat","trial":"","benefits":[{"text":"Kostenlose Installationsunterst\u00fctzung"},{"text":"Professioneller Kundenservice"},{"text":"14-t\u00e4gige R\u00fcckerstattungsgarantie"},{"text":"St\u00e4ndige Aktualisierung"}],"button_url":"#demo","button_target_blank":"0","button_nofollow":"0","attributes":[{"name":"Installiert","content":"10,000 - 100,000"},{"name":"Reaktionsfreudig","content":"Ja"},{"name":"Kompatible Browser","content":"Firefox, Safari, Opera, Chrome, Edge"}],"tags":[],"tags_disable_links":"0","hide_more_platforms":"0","video_object":"","demo_hide_cta":"0","demo_hide_cloud_options":"0","pricing_title":"","pricing":[{"pricing_icon":"platform","pricing_title":"Elfsight Apps","pricing_title_caption":"Multiplattform-L\u00f6sung","pricing_price":"ab 0 $ \/ Monat","pricing_price_caption":"Beginnen Sie mit einem kostenlosen Plan","pricing_benefits":[{"text":"Unbegrenzte Websites"},{"text":"Erstklassiger Kundensupport und gut dokumentiert"},{"text":"Kostenloser Installationssupport"},{"text":"Sonderpreis f\u00fcr mehrere Apps"}],"pricing_button_text":"Zur Website hinzuf\u00fcgen","pricing_button_url":"#demo"}],"related_apps_title":"","related_apps_hidden":"0","author":"","image":[],"title":"","job":"","social_networks":[]},"_links":{"self":[{"href":"https:\/\/elfsight.com\/de\/wp-json\/wp\/v2\/pages\/8337","targetHints":{"allow":["GET"]}}],"collection":[{"href":"https:\/\/elfsight.com\/de\/wp-json\/wp\/v2\/pages"}],"about":[{"href":"https:\/\/elfsight.com\/de\/wp-json\/wp\/v2\/types\/page"}],"author":[{"embeddable":true,"href":"https:\/\/elfsight.com\/de\/wp-json\/wp\/v2\/users\/9"}],"replies":[{"embeddable":true,"href":"https:\/\/elfsight.com\/de\/wp-json\/wp\/v2\/comments?post=8337"}],"version-history":[{"count":1,"href":"https:\/\/elfsight.com\/de\/wp-json\/wp\/v2\/pages\/8337\/revisions"}],"predecessor-version":[{"id":8341,"href":"https:\/\/elfsight.com\/de\/wp-json\/wp\/v2\/pages\/8337\/revisions\/8341"}],"up":[{"embeddable":true,"href":"https:\/\/elfsight.com\/de\/wp-json\/wp\/v2\/pages\/2867"}],"wp:attachment":[{"href":"https:\/\/elfsight.com\/de\/wp-json\/wp\/v2\/media?parent=8337"}],"curies":[{"name":"wp","href":"https:\/\/api.w.org\/{rel}","templated":true}]}}