{"id":8332,"date":"2024-05-03T06:32:23","date_gmt":"2024-05-03T06:32:23","guid":{"rendered":"https:\/\/elfsight.com\/de\/?page_id=8332"},"modified":"2025-02-20T07:45:09","modified_gmt":"2025-02-20T07:45:09","slug":"weebly","status":"publish","type":"page","link":"https:\/\/elfsight.com\/de\/click-to-call-widget\/weebly\/","title":{"rendered":"Click to Call &#8211; Weebly"},"content":{"rendered":"\n<div class=\"application-platform-content-item-description application-platform-content-item\" id=\"description\" data-nav-section=\"description\"> <h2>Beschreibung<\/h2> <p>Das Click-to-Call-Plugin f\u00fcr Weebly ist ein einfach zu verwendendes Tool, das es Ihrem Website-Publikum einfacher macht, Sie anzurufen schneller. Ihre Besucher k\u00f6nnen Sie anrufen, indem sie auf Mobilger\u00e4ten auf das Telefonbild dr\u00fccken. Auf dem PC wird Ihre Nummer zum bequemen W\u00e4hlen ins Auge gefasst. Die Sprechblase und das Telefonfenster sind umfassend konfigurierbar und erm\u00f6glichen Ihnen die Gestaltung eines ganz individuellen Stils f\u00fcr Ihr Widget. Es steht Ihnen frei, alle Teile des Tools zu bemalen, um es vollst\u00e4ndig an die Farbpalette der Website anzupassen.<\/p> <div class=\"faq\" data-component=\"FAQ\"><div class=\"faq-item\">\r\n\t\t\t\t\t<div class=\"faq-item-question\">\r\n\t\t\t\t\t\t<h3 class=\"faq-item-question-text\">Wo kann ich Click to Call ver\u00f6ffentlichen?<\/h3>\r\n\r\n\t\t\t\t\t\t<div class=\"faq-item-question-icon\"><\/div>\r\n\t\t\t\t\t<\/div>\r\n\r\n\t\t\t\t\t<div class=\"faq-item-answer\">\r\n\t\t\t\t\t\t<div class=\"faq-item-answer-text\"> <p>Es steht Ihnen frei W\u00e4hlen Sie die Seiten aus, auf denen die Telefonblase angezeigt werden soll, und zeigen Sie deren URL in den Einstellungen an. Oder Sie k\u00f6nnen bestimmte Seiten nach URL blockieren.<\/p> <\/div>\r\n\t\t\t\t\t<\/div>\r\n\t\t\t\t<\/div><div class=\"faq-item\">\r\n\t\t\t\t\t<div class=\"faq-item-question\">\r\n\t\t\t\t\t\t<h3 class=\"faq-item-question-text\">Wie kann ich von Call Button profitieren?<\/h3>\r\n\r\n\t\t\t\t\t\t<div class=\"faq-item-question-icon\"><\/div>\r\n\t\t\t\t\t<\/div>\r\n\r\n\t\t\t\t\t<div class=\"faq-item-answer\">\r\n\t\t\t\t\t\t<div class=\"faq-item-answer-text\"> <p>Direktes Gespr\u00e4ch am Telefon hilft dabei, mehr potenzielle K\u00e4ufer in physische Kunden zu verwandeln . Dar\u00fcber hinaus wird das Anw\u00e4hlen durch einfaches W\u00e4hlen und die Demonstration Ihrer Telefonnummer ganz einfach.<\/p> <\/div>\r\n\t\t\t\t\t<\/div>\r\n\t\t\t\t<\/div> <div class=\"faq-item\">\r\n\t\t\t\t\t<div class=\"faq-item-question\">\r\n\t\t\t\t\t\t<h3 class=\"faq-item-question-text\">Wie bette ich die Anruf-App auf meiner Weebly-Website ein?<\/h3>\r\n\r\n\t\t\t\t\t\t<div class=\"faq-item-question-icon\"><\/div>\r\n\t\t\t\t\t<\/div>\r\n\r\n\t\t\t\t\t<div class=\"faq-item-answer\">\r\n\t\t\t\t\t\t<div class=\"faq-item-answer-text\"> <p>Das Einzige, was Sie tun m\u00fcssen Sie m\u00fcssen lediglich Ihr Werkzeug erstellen, die Farben und die Gr\u00f6\u00dfe ausw\u00e4hlen, es dann speichern und den Code kopieren, der am Ende des Erstellungsprozesses im Popup angezeigt wird. Implementieren Sie den Code in Ihre Website.<\/p> <\/div>\r\n\t\t\t\t\t<\/div>\r\n\t\t\t\t<\/div> <\/div> <\/div> <div class=\"application-platform-content-item-features application-platform-content-item\" id=\"features\" data-nav-section=\"features\"> <h2>Funktionen<\/h2> <p>Um eine klare Vorstellung davon zu bekommen Klicken Sie hier, um anzurufen. Hier finden Sie die Liste der Hauptfunktionen. Sie machen die App f\u00fcr Sie unglaublich effektiv: <\/p> <ul><li>Schnellwahl auf Mobiltelefonen;<\/li> <li>Drei Optionen f\u00fcr die Widget-Position: links oder rechts schwebend oder benutzerdefiniert;<\/li> <li>Die M\u00f6glichkeit, das Widget in ausgew\u00e4hlte Webseiten einzubetten oder Webseiten auszuschlie\u00dfen;<\/li> <li>Drei Gruppen von Besuchern, denen das Widget angezeigt werden soll: allen, neuen oder nur wiederkehrenden Besuchern;<\/li> <li> 4 Widgets Ausl\u00f6ser aktivieren: auf der Seite verbrachte Zeit, auf der Website verbrachte Zeit, Scrollprozentsatz oder Ausstiegsversuch.<\/li> <\/ul><p><a href=\"#demo\">Entdecken Sie eine vollst\u00e4ndige Liste der Funktionen in der Demo <\/a><\/p> <\/div> <div class=\"application-platform-content-item-installation application-platform-content-item\" id=\"installation\" data-nav-section=\"installation\"> <h2>So f\u00fcgen Sie den Click-to-Call-Button zu Ihrer Weebly-Site hinzu<\/h2> <p>Die folgenden Aktionen sind das Einzige, was Sie tun m\u00fcssen tun m\u00fcssen. <\/p> <ol><li><b>Nutzen Sie unsere kostenlose Demo und beginnen Sie mit der Gestaltung Ihres einzigartigen Widgets. <\/b><br> Geben Sie das benutzerdefinierte Erscheinungsbild und die Funktionalit\u00e4t des Tools an und \u00fcbernehmen Sie die \u00c4nderungen. <\/li> <li><b>Erhalten Sie Ihren individuellen Code, der im Feld auf Elfsight Apps angezeigt wird. <\/b><br> Kopieren Sie unmittelbar nach der Erstellung Ihres pers\u00f6nlichen Plugins den individuellen Code aus dem angezeigten Popup und bewahren Sie ihn f\u00fcr einen sp\u00e4teren Anlass auf. <\/li> <li><b>Geben Sie Informationen zur Verwendung des Tools auf der Weebly-Website ein. <\/b><br> Integrieren Sie den k\u00fcrzlich kopierten Code in Ihre Website und \u00fcbernehmen Sie die \u00c4nderungen. <\/li> <li><b>Fertig! Die Einbettung ist vollst\u00e4ndig durchgef\u00fchrt. <\/b><br> Besuchen Sie Ihre Website, um die Funktionsweise des Tools zu \u00fcberpr\u00fcfen. <\/li><\/ol><p>Sie k\u00f6nnen sich immer noch nicht entscheiden? Oder Probleme haben? Schreiben Sie einfach eine Anfrage an unseren Kundenservice. Wir werden jede Art von Frage kl\u00e4ren.<\/p> <\/div>\n","protected":false},"excerpt":{"rendered":"","protected":false},"author":9,"featured_media":0,"parent":2867,"menu_order":0,"comment_status":"closed","ping_status":"closed","template":"templates\/template-application-platform.php","meta":{"publish_to_discourse":"","publish_post_category":"","wpdc_auto_publish_overridden":"","wpdc_topic_tags":"","wpdc_pin_topic":"","wpdc_pin_until":"","discourse_post_id":"","discourse_permalink":"","wpdc_publishing_response":"","wpdc_publishing_error":"","footnotes":""},"class_list":["post-8332","page","type-page","status-publish","hentry"],"yoast_head":"<!-- This site is optimized with the Yoast SEO plugin v25.3.1 - https:\/\/yoast.com\/wordpress\/plugins\/seo\/ -->\n<title>Weebly-Anruftaste | Click-to-Call-Button-App zur Website hinzuf\u00fcgen (kostenlos und schnell)<\/title>\n<meta name=\"description\" content=\"F\u00fcgen Sie ein praktisches Click-to-Call-Plugin auf Ihrer Weebly-Website hinzu. Wenden Sie die \u00fcberschaubare Elfsight-Demo an und erstellen Sie Ihr einzigartiges Plugin in 1-2-3.\" \/>\n<meta name=\"robots\" content=\"index, follow, max-snippet:-1, max-image-preview:large, max-video-preview:-1\" \/>\n<link rel=\"canonical\" href=\"https:\/\/elfsight.com\/de\/click-to-call-widget\/weebly\/\" \/>\n<meta property=\"og:locale\" content=\"de_DE\" \/>\n<meta property=\"og:type\" content=\"article\" \/>\n<meta property=\"og:title\" content=\"Weebly-Anruftaste | Click-to-Call-Button-App zur Website hinzuf\u00fcgen (kostenlos und schnell)\" \/>\n<meta property=\"og:description\" content=\"F\u00fcgen Sie ein praktisches Click-to-Call-Plugin auf Ihrer Weebly-Website hinzu. Wenden Sie die \u00fcberschaubare Elfsight-Demo an und erstellen Sie Ihr einzigartiges Plugin in 1-2-3.\" \/>\n<meta property=\"og:url\" content=\"https:\/\/elfsight.com\/de\/click-to-call-widget\/weebly\/\" \/>\n<meta property=\"og:site_name\" content=\"Elfsight DE\" \/>\n<meta property=\"article:modified_time\" content=\"2025-02-20T07:45:09+00:00\" \/>\n<meta name=\"twitter:card\" content=\"summary_large_image\" \/>\n<meta name=\"twitter:label1\" content=\"Gesch\u00e4tzte Lesezeit\" \/>\n\t<meta name=\"twitter:data1\" content=\"3\u00a0Minuten\" \/>\n<!-- \/ Yoast SEO plugin. -->","yoast_head_json":{"title":"Weebly-Anruftaste | Click-to-Call-Button-App zur Website hinzuf\u00fcgen (kostenlos und schnell)","description":"F\u00fcgen Sie ein praktisches Click-to-Call-Plugin auf Ihrer Weebly-Website hinzu. Wenden Sie die \u00fcberschaubare Elfsight-Demo an und erstellen Sie Ihr einzigartiges Plugin in 1-2-3.","robots":{"index":"index","follow":"follow","max-snippet":"max-snippet:-1","max-image-preview":"max-image-preview:large","max-video-preview":"max-video-preview:-1"},"canonical":"https:\/\/elfsight.com\/de\/click-to-call-widget\/weebly\/","og_locale":"de_DE","og_type":"article","og_title":"Weebly-Anruftaste | Click-to-Call-Button-App zur Website hinzuf\u00fcgen (kostenlos und schnell)","og_description":"F\u00fcgen Sie ein praktisches Click-to-Call-Plugin auf Ihrer Weebly-Website hinzu. Wenden Sie die \u00fcberschaubare Elfsight-Demo an und erstellen Sie Ihr einzigartiges Plugin in 1-2-3.","og_url":"https:\/\/elfsight.com\/de\/click-to-call-widget\/weebly\/","og_site_name":"Elfsight DE","article_modified_time":"2025-02-20T07:45:09+00:00","twitter_card":"summary_large_image","twitter_misc":{"Gesch\u00e4tzte Lesezeit":"3\u00a0Minuten"},"schema":{"@context":"https:\/\/schema.org","@graph":[{"@type":"WebPage","@id":"https:\/\/elfsight.com\/de\/click-to-call-widget\/weebly\/","url":"https:\/\/elfsight.com\/de\/click-to-call-widget\/weebly\/","name":"Weebly-Anruftaste | Click-to-Call-Button-App zur Website hinzuf\u00fcgen (kostenlos und schnell)","isPartOf":{"@id":"https:\/\/elfsight.com\/de\/#website"},"datePublished":"2024-05-03T06:32:23+00:00","dateModified":"2025-02-20T07:45:09+00:00","description":"F\u00fcgen Sie ein praktisches Click-to-Call-Plugin auf Ihrer Weebly-Website hinzu. Wenden Sie die \u00fcberschaubare Elfsight-Demo an und erstellen Sie Ihr einzigartiges Plugin in 1-2-3.","breadcrumb":{"@id":"https:\/\/elfsight.com\/de\/click-to-call-widget\/weebly\/#breadcrumb"},"inLanguage":"de","potentialAction":[{"@type":"ReadAction","target":["https:\/\/elfsight.com\/de\/click-to-call-widget\/weebly\/"]}]},{"@type":"BreadcrumbList","@id":"https:\/\/elfsight.com\/de\/click-to-call-widget\/weebly\/#breadcrumb","itemListElement":[{"@type":"ListItem","position":1,"name":"Home","item":"https:\/\/elfsight.com\/de\/"},{"@type":"ListItem","position":2,"name":"Click to Call","item":"https:\/\/elfsight.com\/de\/click-to-call-widget\/"},{"@type":"ListItem","position":3,"name":"Click to Call &#8211; Weebly"}]},{"@type":"WebSite","@id":"https:\/\/elfsight.com\/de\/#website","url":"https:\/\/elfsight.com\/de\/","name":"Elfsight DE","description":"Just another Elfsight Sites site","potentialAction":[{"@type":"SearchAction","target":{"@type":"EntryPoint","urlTemplate":"https:\/\/elfsight.com\/de\/?s={search_term_string}"},"query-input":{"@type":"PropertyValueSpecification","valueRequired":true,"valueName":"search_term_string"}}],"inLanguage":"de"}]}},"meta_box":{"industry":"","seo_heading":"","heading":"","description":"","cta_heading":"","cta_description":"","application":"490","h1":"Weebly Click-to-Call-Button-App","h1_caption":"Erm\u00f6glichen Sie Benutzern die sofortige Kontaktaufnahme mit Ihnen \u00fcber eine einfache Click-to-Call-Schaltfl\u00e4che, sodass Sie m\u00fchelos und m\u00fchelos direkt \u00fcber Ihre Weebly-Website Kontakt aufnehmen k\u00f6nnen.","application_category":[],"applications_title":"","applications_request_title":"","applications_request_button_text":"","hero_text":"","hero_video":"","hero_video_schema_markup":"","selling_points_title":"","selling_points_caption":"","selling_points":[],"selling_points_cta_text":"","features_title":"","features":"","ed_cta_examples_text":"","ed_cta_examples_hidden":"","ed_cta_demo_text":"","ed_cta_demo_hidden":"","why_caption":"","why_editor_title":"","why_editor_text":"","why_team_title":"","why_team_text":"","why_service_title":"","why_service_text":"","template_catalog_visible":"0","template_catalog_title":"","template_catalog_text":"","template_catalog_categories_visible":"","demo_title":"Erstellen Sie Ihre Click-to-Call-App","demo_caption":"Konfigurieren Sie Ihren Click-to-Call und f\u00fcgen Sie ihn kostenlos zu Ihrer Weebly-Website hinzu!","default_faq_hidden":"","app_template_category":[],"platform":"249","template_public_id":"","codecanyon_url":"","codecanyon_item_id":"","codecanyon_price":"","pricing_caption":"","pricing_elfsight_apps_hide_column":"","pricing_elfsight_apps_url":"","pricing_codecanyon_price_caption":"","integration_category":[],"integration_request_title":"","integration_request_cta":"","integration_platform":"","integrations":[],"platform_category":[],"video_schema_markup":"","price":"ab 0 $ \/ Monat","trial":"","benefits":[{"text":"Kostenlose Installationshilfe"},{"text":"Effektiver Kundenservice"},{"text":"14-t\u00e4gige R\u00fcckerstattungsgarantie"},{"text":"Fortlaufende Entwicklung"}],"button_url":"#demo","button_target_blank":"0","button_nofollow":"0","attributes":[{"name":"Installiert","content":"10,000 - 100,000"},{"name":"Reaktionsfreudig","content":"Ja"},{"name":"Kompatible Browser","content":"Firefox, Safari, Opera, Chrome, Edge"}],"tags":[],"tags_disable_links":"0","hide_more_platforms":"0","video_object":"","demo_hide_cta":"0","demo_hide_cloud_options":"0","pricing_title":"","pricing":[{"pricing_icon":"platform","pricing_title":"Elfsight Apps","pricing_title_caption":"Plattform\u00fcbergreifende digitale L\u00f6sung, die auf jeder Website funktioniert","pricing_price":"ab 0 $ \/ Monat","pricing_price_caption":"Beginnen Sie mit einem kostenlosen Plan","pricing_benefits":[{"text":"Unbegrenzte Websites"},{"text":"Premium-Support und gut dokumentiert"},{"text":"Kostenlose Installationsunterst\u00fctzung"},{"text":"Vollst\u00e4ndig anpassbar"}],"pricing_button_text":"Zur Website hinzuf\u00fcgen","pricing_button_url":"#demo"}],"related_apps_title":"","related_apps_hidden":"0","author":"","image":[],"title":"","job":"","social_networks":[]},"_links":{"self":[{"href":"https:\/\/elfsight.com\/de\/wp-json\/wp\/v2\/pages\/8332","targetHints":{"allow":["GET"]}}],"collection":[{"href":"https:\/\/elfsight.com\/de\/wp-json\/wp\/v2\/pages"}],"about":[{"href":"https:\/\/elfsight.com\/de\/wp-json\/wp\/v2\/types\/page"}],"author":[{"embeddable":true,"href":"https:\/\/elfsight.com\/de\/wp-json\/wp\/v2\/users\/9"}],"replies":[{"embeddable":true,"href":"https:\/\/elfsight.com\/de\/wp-json\/wp\/v2\/comments?post=8332"}],"version-history":[{"count":2,"href":"https:\/\/elfsight.com\/de\/wp-json\/wp\/v2\/pages\/8332\/revisions"}],"predecessor-version":[{"id":24468,"href":"https:\/\/elfsight.com\/de\/wp-json\/wp\/v2\/pages\/8332\/revisions\/24468"}],"up":[{"embeddable":true,"href":"https:\/\/elfsight.com\/de\/wp-json\/wp\/v2\/pages\/2867"}],"wp:attachment":[{"href":"https:\/\/elfsight.com\/de\/wp-json\/wp\/v2\/media?parent=8332"}],"curies":[{"name":"wp","href":"https:\/\/api.w.org\/{rel}","templated":true}]}}