{"id":8331,"date":"2024-05-03T06:32:22","date_gmt":"2024-05-03T06:32:22","guid":{"rendered":"https:\/\/elfsight.com\/de\/?page_id=8331"},"modified":"2025-07-08T10:28:36","modified_gmt":"2025-07-08T10:28:36","slug":"wix","status":"publish","type":"page","link":"https:\/\/elfsight.com\/de\/click-to-call-widget\/wix\/","title":{"rendered":"Click to Call &#8211; Wix"},"content":{"rendered":"<div class=\"application-platform-content-item-description application-platform-content-item\" id=\"description\" data-nav-section=\"description\"> <h2>Beschreibung<\/h2> <p>Elfsight Call Now Button ist eine einfache App f\u00fcr jede Website, die Ihren Besuchern den Einstieg erleichtert einen Anruf an Ihre Nummer. Wenn Benutzer Ihre Website auf Mobiltelefonen durchsuchen, w\u00e4hlt die App automatisch die zugewiesene Nummer, wenn eine Person auf das Telefonsymbol klickt. Bei der Anzeige auf PCs und Tablets wird durch Klicken Ihre Nummer auf der Seite angezeigt, damit Benutzer Sie sofort anrufen k\u00f6nnen. Sie k\u00f6nnen nicht nur die Nummer anzeigen, sondern auch das Anruffenster anzeigen, das den Namen und das Bild der Kontaktperson sowie eine Bildunterschrift enth\u00e4lt. Alle Elemente sind flexibel, sodass Sie die Benutzeroberfl\u00e4che unterschiedlich gestalten k\u00f6nnen. Es besteht auch die M\u00f6glichkeit, einen Ausl\u00f6ser zu definieren, der die Telefonblase anzeigt, und eine Besucherkategorie auszuw\u00e4hlen, f\u00fcr die sie angezeigt werden soll. <\/p> <div class=\"faq\" data-component=\"FAQ\"><div class=\"faq-item\">\r\n\t\t\t\t\t<div class=\"faq-item-question\">\r\n\t\t\t\t\t\t<h3 class=\"faq-item-question-text\">Wo kann ich Call Button ver\u00f6ffentlichen<\/h3>\r\n\r\n\t\t\t\t\t\t<div class=\"faq-item-question-icon\"><\/div>\r\n\t\t\t\t\t<\/div>\r\n\r\n\t\t\t\t\t<div class=\"faq-item-answer\">\r\n\t\t\t\t\t\t<div class=\"faq-item-answer-text\"> <p>Sie k\u00f6nnen die App auf jeder Seite der Website oder auf allen Webseiten hinzuf\u00fcgen. In den Widget-Einstellungen gibt es eine Funktion zum Hinzuf\u00fcgen der URLs einzelner Seiten, auf denen Sie die App aktivieren m\u00fcssen. Oder wenden Sie die Option \u201eAusschlie\u00dfen\u201c an und geben Sie die URLs der Seiten ein, auf denen Sie die Anzeige des Widgets einschr\u00e4nken m\u00f6chten. <\/p> <\/div>\r\n\t\t\t\t\t<\/div>\r\n\t\t\t\t<\/div><div class=\"faq-item\">\r\n\t\t\t\t\t<div class=\"faq-item-question\">\r\n\t\t\t\t\t\t<h3 class=\"faq-item-question-text\">Wie w\u00fcrde ich von der App profitieren?<\/h3>\r\n\r\n\t\t\t\t\t\t<div class=\"faq-item-question-icon\"><\/div>\r\n\t\t\t\t\t<\/div>\r\n\r\n\t\t\t\t\t<div class=\"faq-item-answer\">\r\n\t\t\t\t\t\t<div class=\"faq-item-answer-text\"> <p>Sie k\u00f6nnen mehr Anrufe von Website-Besuchern anlocken, indem Sie schnell und bequem anrufen, ohne die Website verlassen zu m\u00fcssen . Dies kann zu mehr pers\u00f6nlicher Kommunikation beitragen und Benutzer zu neuen K\u00e4ufen bewegen. Au\u00dferdem k\u00f6nnen Sie Ihre Datenbank mit Leads sammeln.<\/p> <\/div>\r\n\t\t\t\t\t<\/div>\r\n\t\t\t\t<\/div><div class=\"faq-item\">\r\n\t\t\t\t\t<div class=\"faq-item-question\">\r\n\t\t\t\t\t\t<h3 class=\"faq-item-question-text\">Wie kann ich die Anruf-App auf meiner Website von Wix hinzuf\u00fcgen?<\/h3>\r\n\r\n\t\t\t\t\t\t<div class=\"faq-item-question-icon\"><\/div>\r\n\t\t\t\t\t<\/div>\r\n\r\n\t\t\t\t\t<div class=\"faq-item-answer\">\r\n\t\t\t\t\t\t<div class=\"faq-item-answer-text\"><p>Das Einbetten des Widgets dauert eine Minute . Es ist extrem schnell, kostenlos und erfordert keine Programmierung. <\/p> <p>\u00dcber unseren Service k\u00f6nnen Sie Apps auf Ihrer Website einbinden. Wenden Sie einfach die Anleitung unten auf dieser Seite an.<\/p> <\/div>\r\n\t\t\t\t\t<\/div>\r\n\t\t\t\t<\/div><\/div><\/div><div class=\"application-platform-content-item-features application-platform-content-item\" id=\"features\" data-nav-section=\"features\"> <h2>Funktionen<\/h2> <p>Um eine bessere Gestaltung zu erm\u00f6glichen Wenn Sie die App kennen, entdecken Sie die Liste ihrer wichtigsten Funktionen. Sie machen dieses Widget f\u00fcr Ihr Unternehmen maximal effizient:<\/p><ul><li>Schnellwahl auf mobilen Ger\u00e4ten;<\/li><li>W\u00e4hlen Sie eine der Optionen f\u00fcr die Widget-Position: Links oder rechts schwebend oder benutzerdefiniert;<\/li><li>Die Option, das Widget auf bestimmten Webseiten zu platzieren oder Seiten auszuschlie\u00dfen;<\/li><li>3 Gruppen von Benutzern, denen das Widget angezeigt werden soll: allen, neuen oder nur wiederkehrenden Benutzern;<\/li><li> Vier integrierte Widget-Trigger: Zeit auf der Seite, Zeit auf der Website, Scrollmenge oder Ausstiegsabsicht.<\/li><\/ul><p><a href=\"#demo\">Um weitere Funktionen kennenzulernen, Sehen Sie sich unsere Live-Demo an<\/a><\/p><\/div><div class=\"application-platform-content-item-installation application-platform-content-item\" id=\"installation\" data-nav-section=\"installation\"> <h2>So f\u00fcgen Sie den Click-To-Call-Button zu Ihrer Wix-Website hinzu<\/h2> <p>Ein paar einfache Schritte Schritte sind das Einzige, was Sie ben\u00f6tigen, um die Anruf-App zu aktivieren. <\/p> <ol><li><b>Entwerfen Sie Ihren eigenen \u201eJetzt anrufen\u201c-Button<\/b><br> Richten Sie mithilfe unserer kostenlosen Demo eine App mit einem bevorzugten Design und Funktionen ein. <\/li><li><b>Kopieren Sie den pers\u00f6nlichen Code, um die App anzuzeigen<\/b><br> Nachdem Sie Ihr Widget konfiguriert haben, erhalten Sie den individuellen Code aus dem erscheinenden Fenster auf Elfsight Apps. Kopieren Sie es zur sp\u00e4teren Verwendung.<\/li> <li><b>Zeigen Sie die App auf Ihrer Wix-Website an<\/b><br>Suchen Sie den Ort, an dem Sie das Widget anzeigen m\u00f6chten, und f\u00fcgen Sie den gespeicherten Code dort ein. \u00dcbernehmen Sie die \u00c4nderungen.<\/li><li><b>Fertig!<\/b><br>Besuchen Sie Ihre Website, um Ihre Anrufschaltfl\u00e4che zu sehen.<\/li> <\/ol><p>Sie haben immer noch Zweifel? Oder \u00fcber irgendetwas gestolpert? Schreiben Sie einfach eine Anfrage an unseren Kundenservice. Unsere Spezialisten l\u00f6sen jedes Problem. <\/p> <\/div>","protected":false},"excerpt":{"rendered":"","protected":false},"author":9,"featured_media":0,"parent":2867,"menu_order":0,"comment_status":"closed","ping_status":"closed","template":"templates\/template-application-platform.php","meta":{"publish_to_discourse":"","publish_post_category":"","wpdc_auto_publish_overridden":"","wpdc_topic_tags":"","wpdc_pin_topic":"","wpdc_pin_until":"","discourse_post_id":"","discourse_permalink":"","wpdc_publishing_response":"","wpdc_publishing_error":"","footnotes":""},"class_list":["post-8331","page","type-page","status-publish","hentry"],"yoast_head":"<!-- This site is optimized with the Yoast SEO plugin v25.3.1 - https:\/\/yoast.com\/wordpress\/plugins\/seo\/ -->\n<title>Wix-Anruftaste | Click-to-Call-Button-App zur Website hinzuf\u00fcgen [2025]<\/title>\n<meta name=\"description\" content=\"Es ist ganz einfach, Ihre Click-to-Call-Button-App zu gestalten und zur Wix-Website hinzuzuf\u00fcgen. Der Kundensupport von Elfsight ist kostenlos und schnell.\" \/>\n<meta name=\"robots\" content=\"index, follow, max-snippet:-1, max-image-preview:large, max-video-preview:-1\" \/>\n<link rel=\"canonical\" href=\"https:\/\/elfsight.com\/de\/click-to-call-widget\/wix\/\" \/>\n<meta property=\"og:locale\" content=\"de_DE\" \/>\n<meta property=\"og:type\" content=\"article\" \/>\n<meta property=\"og:title\" content=\"Wix-Anruftaste | Click-to-Call-Button-App zur Website hinzuf\u00fcgen [2025]\" \/>\n<meta property=\"og:description\" content=\"Es ist ganz einfach, Ihre Click-to-Call-Button-App zu gestalten und zur Wix-Website hinzuzuf\u00fcgen. Der Kundensupport von Elfsight ist kostenlos und schnell.\" \/>\n<meta property=\"og:url\" content=\"https:\/\/elfsight.com\/de\/click-to-call-widget\/wix\/\" \/>\n<meta property=\"og:site_name\" content=\"Elfsight DE\" \/>\n<meta property=\"article:modified_time\" content=\"2025-07-08T10:28:36+00:00\" \/>\n<meta name=\"twitter:card\" content=\"summary_large_image\" \/>\n<meta name=\"twitter:label1\" content=\"Gesch\u00e4tzte Lesezeit\" \/>\n\t<meta name=\"twitter:data1\" content=\"3\u00a0Minuten\" \/>\n<!-- \/ Yoast SEO plugin. -->","yoast_head_json":{"title":"Wix-Anruftaste | Click-to-Call-Button-App zur Website hinzuf\u00fcgen [2025]","description":"Es ist ganz einfach, Ihre Click-to-Call-Button-App zu gestalten und zur Wix-Website hinzuzuf\u00fcgen. Der Kundensupport von Elfsight ist kostenlos und schnell.","robots":{"index":"index","follow":"follow","max-snippet":"max-snippet:-1","max-image-preview":"max-image-preview:large","max-video-preview":"max-video-preview:-1"},"canonical":"https:\/\/elfsight.com\/de\/click-to-call-widget\/wix\/","og_locale":"de_DE","og_type":"article","og_title":"Wix-Anruftaste | Click-to-Call-Button-App zur Website hinzuf\u00fcgen [2025]","og_description":"Es ist ganz einfach, Ihre Click-to-Call-Button-App zu gestalten und zur Wix-Website hinzuzuf\u00fcgen. Der Kundensupport von Elfsight ist kostenlos und schnell.","og_url":"https:\/\/elfsight.com\/de\/click-to-call-widget\/wix\/","og_site_name":"Elfsight DE","article_modified_time":"2025-07-08T10:28:36+00:00","twitter_card":"summary_large_image","twitter_misc":{"Gesch\u00e4tzte Lesezeit":"3\u00a0Minuten"},"schema":{"@context":"https:\/\/schema.org","@graph":[{"@type":"WebPage","@id":"https:\/\/elfsight.com\/de\/click-to-call-widget\/wix\/","url":"https:\/\/elfsight.com\/de\/click-to-call-widget\/wix\/","name":"Wix-Anruftaste | Click-to-Call-Button-App zur Website hinzuf\u00fcgen [2025]","isPartOf":{"@id":"https:\/\/elfsight.com\/de\/#website"},"datePublished":"2024-05-03T06:32:22+00:00","dateModified":"2025-07-08T10:28:36+00:00","description":"Es ist ganz einfach, Ihre Click-to-Call-Button-App zu gestalten und zur Wix-Website hinzuzuf\u00fcgen. Der Kundensupport von Elfsight ist kostenlos und schnell.","breadcrumb":{"@id":"https:\/\/elfsight.com\/de\/click-to-call-widget\/wix\/#breadcrumb"},"inLanguage":"de","potentialAction":[{"@type":"ReadAction","target":["https:\/\/elfsight.com\/de\/click-to-call-widget\/wix\/"]}]},{"@type":"BreadcrumbList","@id":"https:\/\/elfsight.com\/de\/click-to-call-widget\/wix\/#breadcrumb","itemListElement":[{"@type":"ListItem","position":1,"name":"Home","item":"https:\/\/elfsight.com\/de\/"},{"@type":"ListItem","position":2,"name":"Click to Call","item":"https:\/\/elfsight.com\/de\/click-to-call-widget\/"},{"@type":"ListItem","position":3,"name":"Click to Call &#8211; Wix"}]},{"@type":"WebSite","@id":"https:\/\/elfsight.com\/de\/#website","url":"https:\/\/elfsight.com\/de\/","name":"Elfsight DE","description":"Just another Elfsight Sites site","potentialAction":[{"@type":"SearchAction","target":{"@type":"EntryPoint","urlTemplate":"https:\/\/elfsight.com\/de\/?s={search_term_string}"},"query-input":{"@type":"PropertyValueSpecification","valueRequired":true,"valueName":"search_term_string"}}],"inLanguage":"de"}]}},"meta_box":{"industry":"","seo_heading":"","heading":"","description":"","cta_heading":"","cta_description":"","application":"490","h1":"Wix Click-to-Call-Schaltfl\u00e4che","h1_caption":"Erm\u00f6glichen Sie Benutzern die sofortige Kontaktaufnahme mit Ihnen \u00fcber eine einfache Click-to-Call-Schaltfl\u00e4che, sodass Sie m\u00fchelos und m\u00fchelos direkt \u00fcber Ihre Wix-Website Kontakt aufnehmen k\u00f6nnen.","application_category":[],"applications_title":"","applications_request_title":"","applications_request_button_text":"","hero_text":"","hero_video":"","hero_video_schema_markup":"","selling_points_title":"","selling_points_caption":"","selling_points":[],"selling_points_cta_text":"","features_title":"","features":"","ed_cta_examples_text":"","ed_cta_examples_hidden":"","ed_cta_demo_text":"","ed_cta_demo_hidden":"","why_caption":"","why_editor_title":"","why_editor_text":"","why_team_title":"","why_team_text":"","why_service_title":"","why_service_text":"","template_catalog_visible":"","template_catalog_title":"","template_catalog_text":"","template_catalog_categories_visible":"","demo_title":"Erstellen Sie Ihre Click-to-Call-App","demo_caption":"Konfigurieren Sie Ihr Click-to-Call und f\u00fcgen Sie es kostenlos zu Ihrer Wix-Website hinzu!","default_faq_hidden":"","app_template_category":[],"platform":"265","template_public_id":"","codecanyon_url":"","codecanyon_item_id":"","codecanyon_price":"","pricing_caption":"","pricing_elfsight_apps_hide_column":"","pricing_elfsight_apps_url":"","pricing_codecanyon_price_caption":"","integration_category":[],"integration_request_title":"","integration_request_cta":"","integration_platform":"","integrations":[],"platform_category":[],"video_schema_markup":"","price":"ab 0 $ \/ Monat","trial":"","benefits":[{"text":"Kostenlose Installationsunterst\u00fctzung"},{"text":"Professioneller Kundenservice"},{"text":"14-t\u00e4gige Geld-zur\u00fcck-Garantie"},{"text":"Fortlaufende Entwicklung"}],"button_url":"#demo","button_target_blank":"","button_nofollow":"","attributes":[{"name":"Installiert","content":"10,000 - 100,000"},{"name":"Reaktionsfreudig","content":"Ja"},{"name":"Kompatible Browser","content":"Chrome, Opera, Firefox, Safari, Edge"}],"tags":[],"tags_disable_links":"","hide_more_platforms":"","video_object":"","demo_hide_cta":"","demo_hide_cloud_options":"","pricing_title":"","pricing":[{"pricing_icon":"platform","pricing_title":"Elfsight Apps","pricing_title_caption":"Plattform\u00fcbergreifende L\u00f6sung","pricing_price":"ab 0 $ \/ Monat","pricing_price_caption":"Beginnen Sie mit einem kostenlosen Plan","pricing_benefits":[{"text":"Unbegrenzte Domains"},{"text":"Professioneller Kundensupport"},{"text":"Kostenlose Installationshilfe"},{"text":"Sonderpreis f\u00fcr mehrere Apps"}],"pricing_button_text":"Zur Website hinzuf\u00fcgen","pricing_button_url":"#demo"}],"related_apps_title":"","related_apps_hidden":"","author":"","image":[],"title":"","job":"","social_networks":[]},"_links":{"self":[{"href":"https:\/\/elfsight.com\/de\/wp-json\/wp\/v2\/pages\/8331","targetHints":{"allow":["GET"]}}],"collection":[{"href":"https:\/\/elfsight.com\/de\/wp-json\/wp\/v2\/pages"}],"about":[{"href":"https:\/\/elfsight.com\/de\/wp-json\/wp\/v2\/types\/page"}],"author":[{"embeddable":true,"href":"https:\/\/elfsight.com\/de\/wp-json\/wp\/v2\/users\/9"}],"replies":[{"embeddable":true,"href":"https:\/\/elfsight.com\/de\/wp-json\/wp\/v2\/comments?post=8331"}],"version-history":[{"count":2,"href":"https:\/\/elfsight.com\/de\/wp-json\/wp\/v2\/pages\/8331\/revisions"}],"predecessor-version":[{"id":21393,"href":"https:\/\/elfsight.com\/de\/wp-json\/wp\/v2\/pages\/8331\/revisions\/21393"}],"up":[{"embeddable":true,"href":"https:\/\/elfsight.com\/de\/wp-json\/wp\/v2\/pages\/2867"}],"wp:attachment":[{"href":"https:\/\/elfsight.com\/de\/wp-json\/wp\/v2\/media?parent=8331"}],"curies":[{"name":"wp","href":"https:\/\/api.w.org\/{rel}","templated":true}]}}