{"id":8324,"date":"2024-05-03T06:32:19","date_gmt":"2024-05-03T06:32:19","guid":{"rendered":"https:\/\/elfsight.com\/de\/?page_id=8324"},"modified":"2025-02-20T06:28:06","modified_gmt":"2025-02-20T06:28:06","slug":"facebook","status":"publish","type":"page","link":"https:\/\/elfsight.com\/de\/click-to-call-widget\/facebook\/","title":{"rendered":"Click to Call &#8211; Facebook Page"},"content":{"rendered":"\n<div class=\"application-platform-content-item-description application-platform-content-item\" id=\"description\" data-nav-section=\"description\"><h2>Beschreibung<\/h2><p>Click-to-Call-Widget f\u00fcr die Facebook-Seite ist ein effektives Tool, mit dem Ihr Website-Publikum Sie schneller kontaktieren kann. Ihre Besucher k\u00f6nnen Sie anrufen, indem sie auf dem Mobiltelefon auf das Telefonsymbol dr\u00fccken. Auf dem PC wird Ihre Nummer zum leichteren W\u00e4hlen fett dargestellt. Die Blase selbst und das W\u00e4hlfenster sind \u00e4u\u00dferst konfigurierbar und erm\u00f6glichen es Ihnen, einen wirklich exklusiven Stil des Plugins zu gestalten. Au\u00dferdem steht es Ihnen frei, alle Teile Ihres Widgets zu \u00e4ndern, damit es perfekt zum Gesamtdesign der Website passt.<\/p><div class=\"faq\" data-component=\"FAQ\"><div class=\"faq-item\">\r\n\t\t\t\t\t<div class=\"faq-item-question\">\r\n\t\t\t\t\t\t<h3 class=\"faq-item-question-text\">Wo kann ich den Click-to-Call-Button einbetten<\/h3>\r\n\r\n\t\t\t\t\t\t<div class=\"faq-item-question-icon\"><\/div>\r\n\t\t\t\t\t<\/div>\r\n\r\n\t\t\t\t\t<div class=\"faq-item-answer\">\r\n\t\t\t\t\t\t<div class=\"faq-item-answer-text\"> <p>Sie Sie k\u00f6nnen die Seiten ausw\u00e4hlen, auf denen Sie die Telefonblase demonstrieren m\u00f6chten, und deren URLs im Abschnitt \u201eEinstellungen\u201c eingeben. Oder Sie l\u00f6schen bestimmte Seiten, auch nach URL.<\/p> <\/div>\r\n\t\t\t\t\t<\/div>\r\n\t\t\t\t<\/div><div class=\"faq-item\">\r\n\t\t\t\t\t<div class=\"faq-item-question\">\r\n\t\t\t\t\t\t<h3 class=\"faq-item-question-text\">Wie kann ich von dem Widget profitieren?<\/h3>\r\n\r\n\t\t\t\t\t\t<div class=\"faq-item-question-icon\"><\/div>\r\n\t\t\t\t\t<\/div>\r\n\r\n\t\t\t\t\t<div class=\"faq-item-answer\">\r\n\t\t\t\t\t\t<div class=\"faq-item-answer-text\"> <p>Ein einfacher Chat am Telefon tr\u00e4gt dazu bei, tats\u00e4chlich mehr potenzielle K\u00e4ufer zu gewinnen Kunden. Au\u00dferdem wird das einfachere Anrufen und die Darstellung der Telefonnummer es einfacher machen, Sie anzurufen.<\/p> <\/div>\r\n\t\t\t\t\t<\/div>\r\n\t\t\t\t<\/div> <div class=\"faq-item\">\r\n\t\t\t\t\t<div class=\"faq-item-question\">\r\n\t\t\t\t\t\t<h3 class=\"faq-item-question-text\">Was brauche ich, um die Schaltfl\u00e4che \u201eJetzt anrufen\u201c in meine Facebook-Seite einzubetten?<\/h3>\r\n\r\n\t\t\t\t\t\t<div class=\"faq-item-question-icon\"><\/div>\r\n\t\t\t\t\t<\/div>\r\n\r\n\t\t\t\t\t<div class=\"faq-item-answer\">\r\n\t\t\t\t\t\t<div class=\"faq-item-answer-text\"> <p>Alles f\u00fcr Sie Sie m\u00fcssen lediglich Ihr Plugin entwerfen, die Farben und Gr\u00f6\u00dfenparameter ausw\u00e4hlen, es dann speichern und den Code kopieren, der am Ende des Erstellungsprozesses im Popup-Fenster angezeigt wird. Betten Sie diesen Code in Ihre Website-Vorlage ein.<\/p> <\/div>\r\n\t\t\t\t\t<\/div>\r\n\t\t\t\t<\/div> <\/div> <p><b>Machen Sie es mit einem Klick einfach, Sie von der Website aus anzurufen!<\/b><\/p><\/div> <div class=\"application-platform-content-item-features application-platform-content-item\" id=\"features\" data-nav-section=\"features\"><h2>Funktionen<\/h2><p>Um ein umfassendes Verst\u00e4ndnis von Call Button zu erhalten, sehen Sie sich die Liste der wichtigsten Funktionen an. Sie machen unser Widget f\u00fcr Ihre Werbung unglaublich effizient: <\/p><ul><li>Schnelle Anrufe auf Mobilger\u00e4ten; <\/li><li>3 Optionen f\u00fcr die Widget-Platzierung: Links schwebend, Rechts schwebend oder benutzerdefiniert; <\/li><li>Die M\u00f6glichkeit, Widgets auf bestimmten Seiten zu platzieren oder Webseiten auszuschlie\u00dfen; <\/li><li>3 Varianten von Benutzern, denen das Widget angezeigt werden soll: allen, neuen und nur wiederkehrenden Benutzern; <\/li><li> Eingebaute Widget-Trigger: auf der Seite verbrachte Zeit, auf der Seite verbrachte Zeit, Scrollposition und Exit-Absicht. <\/li><\/ul><p><a href=\"#demo\">Live-Demo zeigt Ihnen alle Funktionen<\/a><\/p><\/div> <div class=\"application-platform-content-item-installation application-platform-content-item\" id=\"installation\" data-nav-section=\"installation\"><h2>So f\u00fcgen Sie den Anruf-Button zu Ihrer Facebook-Unternehmensseite hinzu<\/h2><p> Ein paar schnelle Aktionen sind das Einzige, was Sie tun m\u00fcssen, um das Widget zu Ihrer Seite hinzuzuf\u00fcgen.<\/p><ol><li> <b>Nutzen Sie unseren kostenlosen Konfigurator und beginnen Sie mit der Erstellung Ihres individuellen Plugins. <\/b><br> Finden Sie die benutzerdefinierte Form und Funktionalit\u00e4t des Tools und \u00fcbernehmen Sie die \u00c4nderungen. <\/li> <li><b>Kopieren Sie den individuellen Code, der im Fenster von Elfsight Apps angezeigt wird. <\/b><br> Wenn die Generierung Ihres pers\u00f6nlichen Tools abgeschlossen ist, kopieren Sie den individuellen Code in das angezeigte Feld und bewahren Sie ihn f\u00fcr den sp\u00e4teren Bedarf auf. <\/li> <li><b>Beginnen Sie mit der Anwendung des Tools auf Ihrer Facebook-Seite. <\/b><br> Integrieren Sie den Code, den Sie k\u00fcrzlich gespeichert haben, in Ihre Homepage und speichern Sie die Korrekturen. <\/li> <li><b>Die Installation ist vollst\u00e4ndig durchgef\u00fchrt. <\/b><br> Besuchen Sie Ihre Website, um zu \u00fcberpr\u00fcfen, wie das Plugin funktioniert. <\/li><\/ol> <p>Immer noch nicht entschieden? Oder Probleme haben? Mit nur einer einzigen Anfrage an unseren Kundensupport l\u00e4sst sich jedes Problem l\u00f6sen.<\/p><\/div>\n","protected":false},"excerpt":{"rendered":"","protected":false},"author":9,"featured_media":0,"parent":2867,"menu_order":0,"comment_status":"closed","ping_status":"closed","template":"templates\/template-application-platform.php","meta":{"publish_to_discourse":"","publish_post_category":"","wpdc_auto_publish_overridden":"","wpdc_topic_tags":"","wpdc_pin_topic":"","wpdc_pin_until":"","discourse_post_id":"","discourse_permalink":"","wpdc_publishing_response":"","wpdc_publishing_error":"","footnotes":""},"class_list":["post-8324","page","type-page","status-publish","hentry"],"yoast_head":"<!-- This site is optimized with the Yoast SEO plugin v25.3.1 - https:\/\/yoast.com\/wordpress\/plugins\/seo\/ -->\n<title>Anrufschaltfl\u00e4che Facebook | Click-to-Call-Button zur Facebook-Seite hinzuf\u00fcgen (2026)<\/title>\n<meta name=\"description\" content=\"Integrieren Sie ein aktives Click-to-Call-Widget auf Ihrer Facebook-Seite. Nutzen Sie Elfsight als kostenlose Demo und erstellen Sie Ihr personalisiertes Plugin.\" \/>\n<meta name=\"robots\" content=\"index, follow, max-snippet:-1, max-image-preview:large, max-video-preview:-1\" \/>\n<link rel=\"canonical\" href=\"https:\/\/elfsight.com\/de\/click-to-call-widget\/facebook\/\" \/>\n<meta property=\"og:locale\" content=\"de_DE\" \/>\n<meta property=\"og:type\" content=\"article\" \/>\n<meta property=\"og:title\" content=\"Anrufschaltfl\u00e4che Facebook | Click-to-Call-Button zur Facebook-Seite hinzuf\u00fcgen (2026)\" \/>\n<meta property=\"og:description\" content=\"Integrieren Sie ein aktives Click-to-Call-Widget auf Ihrer Facebook-Seite. Nutzen Sie Elfsight als kostenlose Demo und erstellen Sie Ihr personalisiertes Plugin.\" \/>\n<meta property=\"og:url\" content=\"https:\/\/elfsight.com\/de\/click-to-call-widget\/facebook\/\" \/>\n<meta property=\"og:site_name\" content=\"Elfsight DE\" \/>\n<meta property=\"article:modified_time\" content=\"2025-02-20T06:28:06+00:00\" \/>\n<meta name=\"twitter:card\" content=\"summary_large_image\" \/>\n<meta name=\"twitter:label1\" content=\"Gesch\u00e4tzte Lesezeit\" \/>\n\t<meta name=\"twitter:data1\" content=\"3\u00a0Minuten\" \/>\n<!-- \/ Yoast SEO plugin. -->","yoast_head_json":{"title":"Anrufschaltfl\u00e4che Facebook | Click-to-Call-Button zur Facebook-Seite hinzuf\u00fcgen (2026)","description":"Integrieren Sie ein aktives Click-to-Call-Widget auf Ihrer Facebook-Seite. Nutzen Sie Elfsight als kostenlose Demo und erstellen Sie Ihr personalisiertes Plugin.","robots":{"index":"index","follow":"follow","max-snippet":"max-snippet:-1","max-image-preview":"max-image-preview:large","max-video-preview":"max-video-preview:-1"},"canonical":"https:\/\/elfsight.com\/de\/click-to-call-widget\/facebook\/","og_locale":"de_DE","og_type":"article","og_title":"Anrufschaltfl\u00e4che Facebook | Click-to-Call-Button zur Facebook-Seite hinzuf\u00fcgen (2026)","og_description":"Integrieren Sie ein aktives Click-to-Call-Widget auf Ihrer Facebook-Seite. Nutzen Sie Elfsight als kostenlose Demo und erstellen Sie Ihr personalisiertes Plugin.","og_url":"https:\/\/elfsight.com\/de\/click-to-call-widget\/facebook\/","og_site_name":"Elfsight DE","article_modified_time":"2025-02-20T06:28:06+00:00","twitter_card":"summary_large_image","twitter_misc":{"Gesch\u00e4tzte Lesezeit":"3\u00a0Minuten"},"schema":{"@context":"https:\/\/schema.org","@graph":[{"@type":"WebPage","@id":"https:\/\/elfsight.com\/de\/click-to-call-widget\/facebook\/","url":"https:\/\/elfsight.com\/de\/click-to-call-widget\/facebook\/","name":"Anrufschaltfl\u00e4che Facebook | Click-to-Call-Button zur Facebook-Seite hinzuf\u00fcgen (2026)","isPartOf":{"@id":"https:\/\/elfsight.com\/de\/#website"},"datePublished":"2024-05-03T06:32:19+00:00","dateModified":"2025-02-20T06:28:06+00:00","description":"Integrieren Sie ein aktives Click-to-Call-Widget auf Ihrer Facebook-Seite. Nutzen Sie Elfsight als kostenlose Demo und erstellen Sie Ihr personalisiertes Plugin.","breadcrumb":{"@id":"https:\/\/elfsight.com\/de\/click-to-call-widget\/facebook\/#breadcrumb"},"inLanguage":"de","potentialAction":[{"@type":"ReadAction","target":["https:\/\/elfsight.com\/de\/click-to-call-widget\/facebook\/"]}]},{"@type":"BreadcrumbList","@id":"https:\/\/elfsight.com\/de\/click-to-call-widget\/facebook\/#breadcrumb","itemListElement":[{"@type":"ListItem","position":1,"name":"Home","item":"https:\/\/elfsight.com\/de\/"},{"@type":"ListItem","position":2,"name":"Click to Call","item":"https:\/\/elfsight.com\/de\/click-to-call-widget\/"},{"@type":"ListItem","position":3,"name":"Click to Call &#8211; Facebook Page"}]},{"@type":"WebSite","@id":"https:\/\/elfsight.com\/de\/#website","url":"https:\/\/elfsight.com\/de\/","name":"Elfsight DE","description":"Just another Elfsight Sites site","potentialAction":[{"@type":"SearchAction","target":{"@type":"EntryPoint","urlTemplate":"https:\/\/elfsight.com\/de\/?s={search_term_string}"},"query-input":{"@type":"PropertyValueSpecification","valueRequired":true,"valueName":"search_term_string"}}],"inLanguage":"de"}]}},"meta_box":{"industry":"","seo_heading":"","heading":"","description":"","cta_heading":"","cta_description":"","application":"490","h1":"Click-to-Call-Widget f\u00fcr Facebook-Seite","h1_caption":"Erm\u00f6glichen Sie Benutzern die sofortige Kontaktaufnahme mit Ihnen \u00fcber eine einfache Click-to-Call-Schaltfl\u00e4che, sodass Sie m\u00fchelos direkt \u00fcber die Website Ihrer Facebook-Seite Kontakt aufnehmen k\u00f6nnen.","application_category":[],"applications_title":"","applications_request_title":"","applications_request_button_text":"","hero_text":"","hero_video":"","hero_video_schema_markup":"","selling_points_title":"","selling_points_caption":"","selling_points":[],"selling_points_cta_text":"","features_title":"","features":"","ed_cta_examples_text":"","ed_cta_examples_hidden":"","ed_cta_demo_text":"","ed_cta_demo_hidden":"","why_caption":"","why_editor_title":"","why_editor_text":"","why_team_title":"","why_team_text":"","why_service_title":"","why_service_text":"","template_catalog_visible":"0","template_catalog_title":"","template_catalog_text":"","template_catalog_categories_visible":"","demo_title":"Erstellen Sie Ihr Click-to-Call-Widget","demo_caption":"Konfigurieren Sie Ihren Click-to-Call und f\u00fcgen Sie ihn kostenlos zu Ihrer Facebook-Seite hinzu!","default_faq_hidden":"","app_template_category":[],"platform":"216","template_public_id":"","codecanyon_url":"","codecanyon_item_id":"","codecanyon_price":"","pricing_caption":"","pricing_elfsight_apps_hide_column":"","pricing_elfsight_apps_url":"","pricing_codecanyon_price_caption":"","integration_category":[],"integration_request_title":"","integration_request_cta":"","integration_platform":"","integrations":[],"platform_category":[],"video_schema_markup":"","price":"ab 0 $ \/ Monat","trial":"","benefits":[{"text":"Kostenlose Installationshilfe"},{"text":"Erfahrener Kundensupport"},{"text":"14-t\u00e4gige R\u00fcckerstattungsgarantie"},{"text":"Zuk\u00fcnftige Updates"}],"button_url":"#demo","button_target_blank":"0","button_nofollow":"0","attributes":[{"name":"Installiert","content":"10,000 - 100,000"},{"name":"Reaktionsfreudig","content":"Ja"},{"name":"Kompatible Browser","content":"Chrome, Safari, Opera, Firefox, Edge"}],"tags":[],"tags_disable_links":"0","hide_more_platforms":"0","video_object":"","demo_hide_cta":"0","demo_hide_cloud_options":"0","pricing_title":"","pricing":[{"pricing_icon":"platform","pricing_title":"Elfsight Apps","pricing_title_caption":"Plattform\u00fcbergreifende Software","pricing_price":"ab 0 $ \/ Monat","pricing_price_caption":"Beginnen Sie mit einem kostenlosen Plan","pricing_benefits":[{"text":"Unbegrenzte Websites"},{"text":"Premium-Support"},{"text":"Kostenloser Installationssupport"},{"text":"100 % anpassbar"}],"pricing_button_text":"Zur Website hinzuf\u00fcgen","pricing_button_url":"#demo"}],"related_apps_title":"","related_apps_hidden":"0","author":"","image":[],"title":"","job":"","social_networks":[]},"_links":{"self":[{"href":"https:\/\/elfsight.com\/de\/wp-json\/wp\/v2\/pages\/8324","targetHints":{"allow":["GET"]}}],"collection":[{"href":"https:\/\/elfsight.com\/de\/wp-json\/wp\/v2\/pages"}],"about":[{"href":"https:\/\/elfsight.com\/de\/wp-json\/wp\/v2\/types\/page"}],"author":[{"embeddable":true,"href":"https:\/\/elfsight.com\/de\/wp-json\/wp\/v2\/users\/9"}],"replies":[{"embeddable":true,"href":"https:\/\/elfsight.com\/de\/wp-json\/wp\/v2\/comments?post=8324"}],"version-history":[{"count":2,"href":"https:\/\/elfsight.com\/de\/wp-json\/wp\/v2\/pages\/8324\/revisions"}],"predecessor-version":[{"id":24460,"href":"https:\/\/elfsight.com\/de\/wp-json\/wp\/v2\/pages\/8324\/revisions\/24460"}],"up":[{"embeddable":true,"href":"https:\/\/elfsight.com\/de\/wp-json\/wp\/v2\/pages\/2867"}],"wp:attachment":[{"href":"https:\/\/elfsight.com\/de\/wp-json\/wp\/v2\/media?parent=8324"}],"curies":[{"name":"wp","href":"https:\/\/api.w.org\/{rel}","templated":true}]}}