{"id":8323,"date":"2024-05-03T06:32:18","date_gmt":"2024-05-03T06:32:18","guid":{"rendered":"https:\/\/elfsight.com\/de\/?page_id=8323"},"modified":"2025-07-08T10:28:42","modified_gmt":"2025-07-08T10:28:42","slug":"woocommerce","status":"publish","type":"page","link":"https:\/\/elfsight.com\/de\/click-to-call-widget\/woocommerce\/","title":{"rendered":"Click to Call &#8211; WooCommerce"},"content":{"rendered":"<div class=\"application-platform-content-item-description application-platform-content-item\" id=\"description\" data-nav-section=\"description\"><h2>Beschreibung<\/h2><p>Das Elfsight Click To Call-Widget f\u00fcr WooCommerce ist ein benutzerfreundliches Tool, mit dem Sie Ihre Zielgruppe schneller erreichen k\u00f6nnen. Ihre Besucher k\u00f6nnen Sie anrufen, indem sie auf dem Smartphone auf das Kontaktbild dr\u00fccken. Auf dem Desktop wird Ihre Nummer f\u00fcr eine optimierte Einwahl auff\u00e4llig angezeigt. Die Bubble selbst und das Aufruffenster sind absolut personalisierbar und erm\u00f6glichen Ihnen ein absolut einzigartiges Design des Plugins. Sie k\u00f6nnen auch alle Elemente Ihres Widgets \u00e4ndern, um es vollst\u00e4ndig an die Farbpalette der Website anzupassen.<\/p><p><b>Starten Sie mit Call Button das Gesch\u00e4ftswachstum und steigern Sie den Umsatz<\/b><\/p><div class=\"faq\" data-component=\"FAQ\"><div class=\"faq-item\">\r\n\t\t\t\t\t<div class=\"faq-item-question\">\r\n\t\t\t\t\t\t<h3 class=\"faq-item-question-text\">Wie bette ich einen Click-to-Call-Button in die WooCommerce-Website ein?<\/h3>\r\n\r\n\t\t\t\t\t\t<div class=\"faq-item-question-icon\"><\/div>\r\n\t\t\t\t\t<\/div>\r\n\r\n\t\t\t\t\t<div class=\"faq-item-answer\">\r\n\t\t\t\t\t\t<div class=\"faq-item-answer-text\"><p>Die Grundlage des Widgets erfolgt auf den Elfsight-Seiten und Sie m\u00fcssen nicht programmieren. \u00d6ffnen Sie unsere aktive Demo, um Ihre App anzupassen, den Code zu erhalten und ihn in Ihre Website zu implementieren. <\/p><\/div>\r\n\t\t\t\t\t<\/div>\r\n\t\t\t\t<\/div><div class=\"faq-item\">\r\n\t\t\t\t\t<div class=\"faq-item-question\">\r\n\t\t\t\t\t\t<h3 class=\"faq-item-question-text\">Die besten M\u00f6glichkeiten zur Nutzung der Call-uns-Button-Integration<\/h3>\r\n\r\n\t\t\t\t\t\t<div class=\"faq-item-question-icon\"><\/div>\r\n\t\t\t\t\t<\/div>\r\n\r\n\t\t\t\t\t<div class=\"faq-item-answer\">\r\n\t\t\t\t\t\t<div class=\"faq-item-answer-text\"><p>Wir haben viele Anpassungsm\u00f6glichkeiten: Widgets in voller Gr\u00f6\u00dfe zum Hinzuf\u00fcgen im Inhaltsbereich, schwebende Plugins mit Scroll-Optionen, Layouts f\u00fcr Fu\u00dfzeile, Kopfzeile und allen m\u00f6glichen vertikalen Optionen f\u00fcr Seitenleisten und Men\u00fcs. <\/p><\/div>\r\n\t\t\t\t\t<\/div>\r\n\t\t\t\t<\/div><div class=\"faq-item\">\r\n\t\t\t\t\t<div class=\"faq-item-question\">\r\n\t\t\t\t\t\t<h3 class=\"faq-item-question-text\">Gibt es eine Option zum Erstellen einer Support- oder Floating Call-Schaltfl\u00e4che \u00fcber die Agentur des Herausgebers?<\/h3>\r\n\r\n\t\t\t\t\t\t<div class=\"faq-item-question-icon\"><\/div>\r\n\t\t\t\t\t<\/div>\r\n\r\n\t\t\t\t\t<div class=\"faq-item-answer\">\r\n\t\t\t\t\t\t<div class=\"faq-item-answer-text\"><p>Sie k\u00f6nnen Variationen jedes Widgets erstellen. Im Editor stehen unz\u00e4hlige Layouts zur Verf\u00fcgung, die alle schnell nach Ihren W\u00fcnschen personalisiert werden k\u00f6nnen. <\/p><\/div>\r\n\t\t\t\t\t<\/div>\r\n\t\t\t\t<\/div><\/div><\/div> <div class=\"application-platform-content-item-features application-platform-content-item\" id=\"features\" data-nav-section=\"features\"><h2>Entdecken Sie die Liste der wichtigsten Funktionen:<\/h2><ul><li>Sofortiges W\u00e4hlen auf dem Handy Ger\u00e4te; <\/li><li>W\u00e4hlen Sie eine der Varianten der Widget-Position aus: Links schwebend, Rechts schwebend oder benutzerdefiniert; <\/li><li>Die Option, das Widget auf bestimmten Seiten anzuzeigen oder Seiten auszuschlie\u00dfen; <\/li><li>Drei Varianten von Benutzern, f\u00fcr die das Widget angezeigt wird: alle, neue oder nur wiederkehrende Benutzer; <\/li><li> 4 Widget-Trigger: Zeit auf der Seite, Zeit auf der Website, Scrollposition und Exit-Absicht. <\/li><\/ul><p><a href=\"#demo\">Schauen Sie sich einfach diese Demo an, um zu sehen, wie es funktioniert<\/a><\/p><\/div><div class=\"application-platform-content-item-installation application-platform-content-item\" id=\"installation\" data-nav-section=\"installation\"><h2>Wie f\u00fcge ich Click-to-Call auf meiner WooCommerce-Webseite hinzu?<\/h2><p>F\u00fchren Sie einfach die unten angegebenen Schritte aus, um das Widget zu integrieren.<\/p><ol><li><b>Starten Sie unseren kostenlosen Editor und beginnen Sie mit der Erstellung Ihres personalisierten Plugins. <\/b><br> W\u00e4hlen Sie das bevorzugte Layout und die Funktionen des Plugins und wenden Sie die Korrekturen an. <\/li> <li><b>Erhalten Sie Ihren individuellen Code, der im speziellen Formular auf Elfsight Apps angezeigt wird. <\/b><br> Nachdem die Erstellung Ihres pers\u00f6nlichen Widgets abgeschlossen ist, kopieren Sie den pers\u00f6nlichen Code aus dem angezeigten Fenster und speichern Sie ihn f\u00fcr eine sp\u00e4tere Gelegenheit. <\/li> <li><b>Beginnen Sie mit der Nutzung des Tools auf der WooCommerce-Website. <\/b><br> Implementieren Sie den k\u00fcrzlich kopierten Code auf Ihrer Website und \u00fcbernehmen Sie die \u00c4nderungen. <\/li> <li><b>Fertig! Die Integration ist vollst\u00e4ndig beendet. <\/b><br> Besuchen Sie Ihre Website, um zu \u00fcberpr\u00fcfen, wie das Plugin funktioniert. <\/li><\/ol> <p>Wenn Sie Fragen haben oder auf Schwierigkeiten sto\u00dfen, z\u00f6gern Sie nicht, unserem Support-Team zu schreiben. Unsere Mitarbeiter sind bestrebt, alle Probleme zu l\u00f6sen, die Sie m\u00f6glicherweise mit dem Widget haben.<\/p><\/div>","protected":false},"excerpt":{"rendered":"","protected":false},"author":9,"featured_media":0,"parent":2867,"menu_order":0,"comment_status":"closed","ping_status":"closed","template":"templates\/template-application-platform.php","meta":{"publish_to_discourse":"","publish_post_category":"","wpdc_auto_publish_overridden":"","wpdc_topic_tags":"","wpdc_pin_topic":"","wpdc_pin_until":"","discourse_post_id":"","discourse_permalink":"","wpdc_publishing_response":"","wpdc_publishing_error":"","footnotes":""},"class_list":["post-8323","page","type-page","status-publish","hentry"],"yoast_head":"<!-- This site is optimized with the Yoast SEO plugin v25.3.1 - https:\/\/yoast.com\/wordpress\/plugins\/seo\/ -->\n<title>WooCommerce Click-to-Call-Button-Plugin f\u00fcr Ihre Website (2025)<\/title>\n<meta name=\"description\" content=\"Einf\u00fcgenImplementieren Sie eine responsive Click-to-Call-App auf Ihrer WooCommerce-Site. Nutzen Sie die n\u00fctzliche Demo von Elfsight und erstellen Sie Ihr einzigartiges Plugin in nur 2 Minuten.\" \/>\n<meta name=\"robots\" content=\"index, follow, max-snippet:-1, max-image-preview:large, max-video-preview:-1\" \/>\n<link rel=\"canonical\" href=\"https:\/\/elfsight.com\/de\/click-to-call-widget\/woocommerce\/\" \/>\n<meta property=\"og:locale\" content=\"de_DE\" \/>\n<meta property=\"og:type\" content=\"article\" \/>\n<meta property=\"og:title\" content=\"WooCommerce Click-to-Call-Button-Plugin f\u00fcr Ihre Website (2025)\" \/>\n<meta property=\"og:description\" content=\"Einf\u00fcgenImplementieren Sie eine responsive Click-to-Call-App auf Ihrer WooCommerce-Site. Nutzen Sie die n\u00fctzliche Demo von Elfsight und erstellen Sie Ihr einzigartiges Plugin in nur 2 Minuten.\" \/>\n<meta property=\"og:url\" content=\"https:\/\/elfsight.com\/de\/click-to-call-widget\/woocommerce\/\" \/>\n<meta property=\"og:site_name\" content=\"Elfsight DE\" \/>\n<meta property=\"article:modified_time\" content=\"2025-07-08T10:28:42+00:00\" \/>\n<meta name=\"twitter:card\" content=\"summary_large_image\" \/>\n<meta name=\"twitter:label1\" content=\"Gesch\u00e4tzte Lesezeit\" \/>\n\t<meta name=\"twitter:data1\" content=\"3\u00a0Minuten\" \/>\n<!-- \/ Yoast SEO plugin. -->","yoast_head_json":{"title":"WooCommerce Click-to-Call-Button-Plugin f\u00fcr Ihre Website (2025)","description":"Einf\u00fcgenImplementieren Sie eine responsive Click-to-Call-App auf Ihrer WooCommerce-Site. Nutzen Sie die n\u00fctzliche Demo von Elfsight und erstellen Sie Ihr einzigartiges Plugin in nur 2 Minuten.","robots":{"index":"index","follow":"follow","max-snippet":"max-snippet:-1","max-image-preview":"max-image-preview:large","max-video-preview":"max-video-preview:-1"},"canonical":"https:\/\/elfsight.com\/de\/click-to-call-widget\/woocommerce\/","og_locale":"de_DE","og_type":"article","og_title":"WooCommerce Click-to-Call-Button-Plugin f\u00fcr Ihre Website (2025)","og_description":"Einf\u00fcgenImplementieren Sie eine responsive Click-to-Call-App auf Ihrer WooCommerce-Site. Nutzen Sie die n\u00fctzliche Demo von Elfsight und erstellen Sie Ihr einzigartiges Plugin in nur 2 Minuten.","og_url":"https:\/\/elfsight.com\/de\/click-to-call-widget\/woocommerce\/","og_site_name":"Elfsight DE","article_modified_time":"2025-07-08T10:28:42+00:00","twitter_card":"summary_large_image","twitter_misc":{"Gesch\u00e4tzte Lesezeit":"3\u00a0Minuten"},"schema":{"@context":"https:\/\/schema.org","@graph":[{"@type":"WebPage","@id":"https:\/\/elfsight.com\/de\/click-to-call-widget\/woocommerce\/","url":"https:\/\/elfsight.com\/de\/click-to-call-widget\/woocommerce\/","name":"WooCommerce Click-to-Call-Button-Plugin f\u00fcr Ihre Website (2025)","isPartOf":{"@id":"https:\/\/elfsight.com\/de\/#website"},"datePublished":"2024-05-03T06:32:18+00:00","dateModified":"2025-07-08T10:28:42+00:00","description":"Einf\u00fcgenImplementieren Sie eine responsive Click-to-Call-App auf Ihrer WooCommerce-Site. Nutzen Sie die n\u00fctzliche Demo von Elfsight und erstellen Sie Ihr einzigartiges Plugin in nur 2 Minuten.","breadcrumb":{"@id":"https:\/\/elfsight.com\/de\/click-to-call-widget\/woocommerce\/#breadcrumb"},"inLanguage":"de","potentialAction":[{"@type":"ReadAction","target":["https:\/\/elfsight.com\/de\/click-to-call-widget\/woocommerce\/"]}]},{"@type":"BreadcrumbList","@id":"https:\/\/elfsight.com\/de\/click-to-call-widget\/woocommerce\/#breadcrumb","itemListElement":[{"@type":"ListItem","position":1,"name":"Home","item":"https:\/\/elfsight.com\/de\/"},{"@type":"ListItem","position":2,"name":"Click to Call","item":"https:\/\/elfsight.com\/de\/click-to-call-widget\/"},{"@type":"ListItem","position":3,"name":"Click to Call &#8211; WooCommerce"}]},{"@type":"WebSite","@id":"https:\/\/elfsight.com\/de\/#website","url":"https:\/\/elfsight.com\/de\/","name":"Elfsight DE","description":"Just another Elfsight Sites site","potentialAction":[{"@type":"SearchAction","target":{"@type":"EntryPoint","urlTemplate":"https:\/\/elfsight.com\/de\/?s={search_term_string}"},"query-input":{"@type":"PropertyValueSpecification","valueRequired":true,"valueName":"search_term_string"}}],"inLanguage":"de"}]}},"meta_box":{"industry":"","seo_heading":"","heading":"","description":"","cta_heading":"","cta_description":"","application":"490","h1":"WooCommerce Click-to-Call-Button-Plugin","h1_caption":"Erm\u00f6glichen Sie Benutzern die sofortige Kontaktaufnahme mit Ihnen \u00fcber eine einfache Click-to-Call-Schaltfl\u00e4che, sodass Sie m\u00fchelos und m\u00fchelos direkt auf Ihre WooCommerce-Website zugreifen k\u00f6nnen.","application_category":[],"applications_title":"","applications_request_title":"","applications_request_button_text":"","hero_text":"","hero_video":"","hero_video_schema_markup":"","selling_points_title":"","selling_points_caption":"","selling_points":[],"selling_points_cta_text":"","features_title":"","features":"","ed_cta_examples_text":"","ed_cta_examples_hidden":"","ed_cta_demo_text":"","ed_cta_demo_hidden":"","why_caption":"","why_editor_title":"","why_editor_text":"","why_team_title":"","why_team_text":"","why_service_title":"","why_service_text":"","template_catalog_visible":"","template_catalog_title":"","template_catalog_text":"","template_catalog_categories_visible":"","demo_title":"Erstellen Sie Ihre Click-to-Call-App","demo_caption":"Konfigurieren Sie Ihren Click-to-Call und f\u00fcgen Sie ihn kostenlos zu Ihrer WooCommerce-Website hinzu!","default_faq_hidden":"","app_template_category":[],"platform":"200","template_public_id":"","codecanyon_url":"","codecanyon_item_id":"","codecanyon_price":"","pricing_caption":"","pricing_elfsight_apps_hide_column":"","pricing_elfsight_apps_url":"","pricing_codecanyon_price_caption":"","integration_category":[],"integration_request_title":"","integration_request_cta":"","integration_platform":"","integrations":[],"platform_category":[],"video_schema_markup":"","price":"ab 0 $ \/ Monat","trial":"","benefits":[{"text":"Kostenlose Installationshilfe"},{"text":"Professioneller Kundenservice"},{"text":"14-t\u00e4gige R\u00fcckerstattungsgarantie"},{"text":"Fortlaufende Entwicklung"}],"button_url":"#demo","button_target_blank":"","button_nofollow":"","attributes":[{"name":"Installiert","content":"10,000 - 100,000"},{"name":"Reaktionsfreudig","content":"Ja"},{"name":"Kompatible Browser","content":"Firefox, Safari, Opera, Chrome, Edge"}],"tags":[],"tags_disable_links":"","hide_more_platforms":"","video_object":"","demo_hide_cta":"","demo_hide_cloud_options":"","pricing_title":"","pricing":[{"pricing_icon":"platform","pricing_title":"Elfsight Apps","pricing_title_caption":"Plattform\u00fcbergreifende digitale L\u00f6sung, die auf jedem Standort funktioniert","pricing_price":"ab 0 $ \/ Monat","pricing_price_caption":"Beginnen Sie mit einem kostenlosen Plan","pricing_benefits":[{"text":"Unbegrenzte Websites"},{"text":"Kostenloser und p\u00fcnktlicher Support und gut dokumentiert"},{"text":"Kostenlose Installationsunterst\u00fctzung"},{"text":"100 % anpassbar"}],"pricing_button_text":"Zur Website hinzuf\u00fcgen","pricing_button_url":"#demo"}],"related_apps_title":"","related_apps_hidden":"","author":"","image":[],"title":"","job":"","social_networks":[]},"_links":{"self":[{"href":"https:\/\/elfsight.com\/de\/wp-json\/wp\/v2\/pages\/8323","targetHints":{"allow":["GET"]}}],"collection":[{"href":"https:\/\/elfsight.com\/de\/wp-json\/wp\/v2\/pages"}],"about":[{"href":"https:\/\/elfsight.com\/de\/wp-json\/wp\/v2\/types\/page"}],"author":[{"embeddable":true,"href":"https:\/\/elfsight.com\/de\/wp-json\/wp\/v2\/users\/9"}],"replies":[{"embeddable":true,"href":"https:\/\/elfsight.com\/de\/wp-json\/wp\/v2\/comments?post=8323"}],"version-history":[{"count":2,"href":"https:\/\/elfsight.com\/de\/wp-json\/wp\/v2\/pages\/8323\/revisions"}],"predecessor-version":[{"id":21390,"href":"https:\/\/elfsight.com\/de\/wp-json\/wp\/v2\/pages\/8323\/revisions\/21390"}],"up":[{"embeddable":true,"href":"https:\/\/elfsight.com\/de\/wp-json\/wp\/v2\/pages\/2867"}],"wp:attachment":[{"href":"https:\/\/elfsight.com\/de\/wp-json\/wp\/v2\/media?parent=8323"}],"curies":[{"name":"wp","href":"https:\/\/api.w.org\/{rel}","templated":true}]}}