{"id":8321,"date":"2024-05-03T06:32:16","date_gmt":"2024-05-03T06:32:16","guid":{"rendered":"https:\/\/elfsight.com\/de\/?page_id=8321"},"modified":"2025-02-20T07:50:30","modified_gmt":"2025-02-20T07:50:30","slug":"google-sites","status":"publish","type":"page","link":"https:\/\/elfsight.com\/de\/click-to-call-widget\/google-sites\/","title":{"rendered":"Click To Call &#8211; Google Sites"},"content":{"rendered":"\n<div class=\"application-platform-content-item-description application-platform-content-item\" id=\"description\" data-nav-section=\"description\"> <h2>Click-to-Call auf Google Sites mit dem Elfsight-Widget einbetten<\/h2> <p>Das Elfsight Call-Widget f\u00fcr Google Sites ist ein effektives Tool, das dies erm\u00f6glicht Ihr Publikum soll Sie schneller anrufen. Benutzer k\u00f6nnen Sie anrufen, indem sie auf dem Smartphone auf das Kontaktsymbol dr\u00fccken, und auf dem PC wird Ihre Nummer f\u00fcr eine optimierte Einwahl auff\u00e4llig angezeigt. Die Blase und das Anruffenster sind vollst\u00e4ndig anpassbar und erm\u00f6glichen es Ihnen, einen v\u00f6llig exklusiven Stil Ihres Tools zu erstellen. Es steht Ihnen frei, alle Elemente Ihres Plugins neu zu gestalten, damit es perfekt zum Gesamtdesign der Website passt.<\/p> <p><b>Probieren Sie Call Me Button aus, um Ihre E-Commerce-H\u00f6hepunkte schneller zu erreichen!<\/b><\/p> <div class=\"faq\" data-component=\"FAQ\"><div class=\"faq-item\">\r\n\t\t\t\t\t<div class=\"faq-item-question\">\r\n\t\t\t\t\t\t<h3 class=\"faq-item-question-text\">Wo kann ich die Anrufschaltfl\u00e4che einbetten<\/h3>\r\n\r\n\t\t\t\t\t\t<div class=\"faq-item-question-icon\"><\/div>\r\n\t\t\t\t\t<\/div>\r\n\r\n\t\t\t\t\t<div class=\"faq-item-answer\">\r\n\t\t\t\t\t\t<div class=\"faq-item-answer-text\"> <p>Sie k\u00f6nnen die Seiten ausw\u00e4hlen, auf denen die Anrufblase angezeigt werden soll, und deren URLs im Abschnitt \u201eEinstellungen\u201c eingeben. Oder Sie k\u00f6nnen bestimmte Seiten auch nach URL entfernen.<\/p> <\/div>\r\n\t\t\t\t\t<\/div>\r\n\t\t\t\t<\/div><div class=\"faq-item\">\r\n\t\t\t\t\t<div class=\"faq-item-question\">\r\n\t\t\t\t\t\t<h3 class=\"faq-item-question-text\">Wie k\u00f6nnte ich von dem Widget profitieren?<\/h3>\r\n\r\n\t\t\t\t\t\t<div class=\"faq-item-question-icon\"><\/div>\r\n\t\t\t\t\t<\/div>\r\n\r\n\t\t\t\t\t<div class=\"faq-item-answer\">\r\n\t\t\t\t\t\t<div class=\"faq-item-answer-text\"> <p>Eine unkomplizierte Konversation w\u00e4hrend des Telefonats hilft dabei, wahrscheinlichere K\u00e4ufer zu gewinnen bei bestehenden Kunden. Dar\u00fcber hinaus wird das Anrufen mit nur einem Klick und die Demonstration der Telefonnummer das Anrufen ganz einfach machen. <\/p> <\/div>\r\n\t\t\t\t\t<\/div>\r\n\t\t\t\t<\/div> <div class=\"faq-item\">\r\n\t\t\t\t\t<div class=\"faq-item-question\">\r\n\t\t\t\t\t\t<h3 class=\"faq-item-question-text\">Was brauche ich, um die Schaltfl\u00e4che \u201eJetzt anrufen\u201c auf meiner Google Sites-Website zu haben?<\/h3>\r\n\r\n\t\t\t\t\t\t<div class=\"faq-item-question-icon\"><\/div>\r\n\t\t\t\t\t<\/div>\r\n\r\n\t\t\t\t\t<div class=\"faq-item-answer\">\r\n\t\t\t\t\t\t<div class=\"faq-item-answer-text\"> <p>Das Einzige, was Sie tun m\u00fcssen, ist, Ihr Widget zu erstellen, die Farben zu definieren und Geben Sie die Gr\u00f6\u00dfenparameter ein, speichern Sie dann Ihre Arbeit und klicken Sie, um den Code zu kopieren, der am Ende des Produktionsprozesses im Popup angezeigt wird. Betten Sie diesen Code in Ihre Website ein.<\/p> <\/div>\r\n\t\t\t\t\t<\/div>\r\n\t\t\t\t<\/div> <\/div> <\/div> <div class=\"application-platform-content-item-features application-platform-content-item\" id=\"features\" data-nav-section=\"features\"> <h2>Hier finden Sie die wichtigsten Funktionen des Widgets: <\/h2> <ul><li>Sofortwahl auf Mobilger\u00e4ten; <\/li> <li>W\u00e4hlen Sie eine von drei Optionen f\u00fcr die Widget-Platzierung: Links schwebend, Rechts schwebend oder benutzerdefiniert; <\/li> <li>Die Option, das Widget auf ausgew\u00e4hlten Seiten anzuzeigen oder Webseiten auszuschlie\u00dfen; <\/li> <li>Drei Gruppen von Besuchern, denen das Widget gezeigt werden soll: alle, neue und nur wiederkehrende Besucher; <\/li> <li> Eingebaute Widget-Trigger: Verweildauer auf der Seite, Verweildauer auf der Website, Scrollmenge und Ausstiegsversuch.<\/li> <\/ul><p><a href=\"#demo\">Das k\u00f6nnen Sie Testen Sie hier die volle Funktionalit\u00e4t des Widgets in der Demo<\/a><\/p> <\/div> <div class=\"application-platform-content-item-installation application-platform-content-item\" id=\"installation\" data-nav-section=\"installation\"> <h2>Wie kann ich den Click-to-Call-Button in meine Google-Site einbetten?<\/h2> <p>Folgen Sie einfach den unten beschriebenen Schritten, um das Widget einzuf\u00fcgen.<\/p> <ol><li><b>Nutzen Sie unseren kostenlosen Konfigurator und beginnen Sie mit der Gestaltung Ihres ma\u00dfgeschneiderten Plugins.<\/b><br> Bestimmen Sie \u00dcberpr\u00fcfen Sie das gew\u00fcnschte Aussehen und die gew\u00fcnschte Funktionalit\u00e4t des Tools und wenden Sie die \u00c4nderungen an.<\/li> <li><b>Lassen Sie sich Ihren eindeutigen Code im Fenster von Elfsight Apps anzeigen.<\/b><br> Nachdem die Anpassung Ihres Widgets abgeschlossen ist , kopieren Sie den exklusiven Code aus dem angezeigten Popup und bewahren Sie ihn f\u00fcr die zuk\u00fcnftige Verwendung auf.<\/li> <li><b>Beginnen Sie mit der Nutzung des \u201eCall Me\u201c-Widgets auf Google Sites.<\/b><br> Integrieren Sie den zuvor gespeicherten Code in \u00d6ffnen Sie Ihre Homepage und speichern Sie die Anpassungen.<\/li> <li><b>Die Installation wurde erfolgreich durchgef\u00fchrt.<\/b><br> Besuchen Sie Ihre Seite, um die Funktion des Tools zu \u00fcberpr\u00fcfen.<\/li><\/ol> <div class=\"tip-yellow tip\"><b>Aufgrund der Besonderheiten der Google Sites-Funktion sieht das Widget m\u00f6glicherweise anders aus als die Online-Demo. Wir entschuldigen uns f\u00fcr etwaige Unannehmlichkeiten.<\/b><\/div><p>Wenn Sie auf Schwierigkeiten sto\u00dfen, z\u00f6gern Sie nicht, sich an unser Kundendienstteam zu wenden. Unsere Berater helfen Ihnen gerne bei allen Schwierigkeiten, die Sie mit dem Tool haben. <\/p> <\/div>\n","protected":false},"excerpt":{"rendered":"","protected":false},"author":9,"featured_media":0,"parent":2867,"menu_order":0,"comment_status":"closed","ping_status":"closed","template":"templates\/template-application-platform.php","meta":{"publish_to_discourse":"","publish_post_category":"","wpdc_auto_publish_overridden":"","wpdc_topic_tags":"","wpdc_pin_topic":"","wpdc_pin_until":"","discourse_post_id":"","discourse_permalink":"","wpdc_publishing_response":"","wpdc_publishing_error":"","footnotes":""},"class_list":["post-8321","page","type-page","status-publish","hentry"],"yoast_head":"<!-- This site is optimized with the Yoast SEO plugin v25.3.1 - https:\/\/yoast.com\/wordpress\/plugins\/seo\/ -->\n<title>Klicken Sie auf die Schaltfl\u00e4che \u201eAnrufen\u201c | \u201eCall Me\u201c-Schaltfl\u00e4che zu Google Sites hinzuf\u00fcgen [2025]<\/title>\n<meta name=\"description\" content=\"Einf\u00fcgenImplementieren Sie eine n\u00fctzliche \u201eCall me\u201c-Schaltfl\u00e4che auf Ihren Google Sites. Nutzen Sie die n\u00fctzliche Demo von Elfsight und gestalten Sie Ihr exklusives Call-Plugin in 1-2-3.\" \/>\n<meta name=\"robots\" content=\"index, follow, max-snippet:-1, max-image-preview:large, max-video-preview:-1\" \/>\n<link rel=\"canonical\" href=\"https:\/\/elfsight.com\/de\/click-to-call-widget\/google-sites\/\" \/>\n<meta property=\"og:locale\" content=\"de_DE\" \/>\n<meta property=\"og:type\" content=\"article\" \/>\n<meta property=\"og:title\" content=\"Klicken Sie auf die Schaltfl\u00e4che \u201eAnrufen\u201c | \u201eCall Me\u201c-Schaltfl\u00e4che zu Google Sites hinzuf\u00fcgen [2025]\" \/>\n<meta property=\"og:description\" content=\"Einf\u00fcgenImplementieren Sie eine n\u00fctzliche \u201eCall me\u201c-Schaltfl\u00e4che auf Ihren Google Sites. Nutzen Sie die n\u00fctzliche Demo von Elfsight und gestalten Sie Ihr exklusives Call-Plugin in 1-2-3.\" \/>\n<meta property=\"og:url\" content=\"https:\/\/elfsight.com\/de\/click-to-call-widget\/google-sites\/\" \/>\n<meta property=\"og:site_name\" content=\"Elfsight DE\" \/>\n<meta property=\"article:modified_time\" content=\"2025-02-20T07:50:30+00:00\" \/>\n<meta name=\"twitter:card\" content=\"summary_large_image\" \/>\n<meta name=\"twitter:label1\" content=\"Gesch\u00e4tzte Lesezeit\" \/>\n\t<meta name=\"twitter:data1\" content=\"3\u00a0Minuten\" \/>\n<!-- \/ Yoast SEO plugin. -->","yoast_head_json":{"title":"Klicken Sie auf die Schaltfl\u00e4che \u201eAnrufen\u201c | \u201eCall Me\u201c-Schaltfl\u00e4che zu Google Sites hinzuf\u00fcgen [2025]","description":"Einf\u00fcgenImplementieren Sie eine n\u00fctzliche \u201eCall me\u201c-Schaltfl\u00e4che auf Ihren Google Sites. Nutzen Sie die n\u00fctzliche Demo von Elfsight und gestalten Sie Ihr exklusives Call-Plugin in 1-2-3.","robots":{"index":"index","follow":"follow","max-snippet":"max-snippet:-1","max-image-preview":"max-image-preview:large","max-video-preview":"max-video-preview:-1"},"canonical":"https:\/\/elfsight.com\/de\/click-to-call-widget\/google-sites\/","og_locale":"de_DE","og_type":"article","og_title":"Klicken Sie auf die Schaltfl\u00e4che \u201eAnrufen\u201c | \u201eCall Me\u201c-Schaltfl\u00e4che zu Google Sites hinzuf\u00fcgen [2025]","og_description":"Einf\u00fcgenImplementieren Sie eine n\u00fctzliche \u201eCall me\u201c-Schaltfl\u00e4che auf Ihren Google Sites. Nutzen Sie die n\u00fctzliche Demo von Elfsight und gestalten Sie Ihr exklusives Call-Plugin in 1-2-3.","og_url":"https:\/\/elfsight.com\/de\/click-to-call-widget\/google-sites\/","og_site_name":"Elfsight DE","article_modified_time":"2025-02-20T07:50:30+00:00","twitter_card":"summary_large_image","twitter_misc":{"Gesch\u00e4tzte Lesezeit":"3\u00a0Minuten"},"schema":{"@context":"https:\/\/schema.org","@graph":[{"@type":"WebPage","@id":"https:\/\/elfsight.com\/de\/click-to-call-widget\/google-sites\/","url":"https:\/\/elfsight.com\/de\/click-to-call-widget\/google-sites\/","name":"Klicken Sie auf die Schaltfl\u00e4che \u201eAnrufen\u201c | \u201eCall Me\u201c-Schaltfl\u00e4che zu Google Sites hinzuf\u00fcgen [2025]","isPartOf":{"@id":"https:\/\/elfsight.com\/de\/#website"},"datePublished":"2024-05-03T06:32:16+00:00","dateModified":"2025-02-20T07:50:30+00:00","description":"Einf\u00fcgenImplementieren Sie eine n\u00fctzliche \u201eCall me\u201c-Schaltfl\u00e4che auf Ihren Google Sites. Nutzen Sie die n\u00fctzliche Demo von Elfsight und gestalten Sie Ihr exklusives Call-Plugin in 1-2-3.","breadcrumb":{"@id":"https:\/\/elfsight.com\/de\/click-to-call-widget\/google-sites\/#breadcrumb"},"inLanguage":"de","potentialAction":[{"@type":"ReadAction","target":["https:\/\/elfsight.com\/de\/click-to-call-widget\/google-sites\/"]}]},{"@type":"BreadcrumbList","@id":"https:\/\/elfsight.com\/de\/click-to-call-widget\/google-sites\/#breadcrumb","itemListElement":[{"@type":"ListItem","position":1,"name":"Home","item":"https:\/\/elfsight.com\/de\/"},{"@type":"ListItem","position":2,"name":"Click to Call","item":"https:\/\/elfsight.com\/de\/click-to-call-widget\/"},{"@type":"ListItem","position":3,"name":"Click To Call &#8211; Google Sites"}]},{"@type":"WebSite","@id":"https:\/\/elfsight.com\/de\/#website","url":"https:\/\/elfsight.com\/de\/","name":"Elfsight DE","description":"Just another Elfsight Sites site","potentialAction":[{"@type":"SearchAction","target":{"@type":"EntryPoint","urlTemplate":"https:\/\/elfsight.com\/de\/?s={search_term_string}"},"query-input":{"@type":"PropertyValueSpecification","valueRequired":true,"valueName":"search_term_string"}}],"inLanguage":"de"}]}},"meta_box":{"industry":"","seo_heading":"","heading":"","description":"","cta_heading":"","cta_description":"","application":"490","h1":"Google Sites-Click-to-Call-Schaltfl\u00e4che","h1_caption":"Erm\u00f6glichen Sie Nutzern die sofortige Kontaktaufnahme mit Ihnen \u00fcber eine einfache Click-to-Call-Schaltfl\u00e4che, sodass Sie m\u00fchelos direkt \u00fcber Ihre Google Sites Kontakt aufnehmen k\u00f6nnen.","application_category":[],"applications_title":"","applications_request_title":"","applications_request_button_text":"","hero_text":"","hero_video":"","hero_video_schema_markup":"","selling_points_title":"","selling_points_caption":"","selling_points":[],"selling_points_cta_text":"","features_title":"","features":"","ed_cta_examples_text":"","ed_cta_examples_hidden":"","ed_cta_demo_text":"","ed_cta_demo_hidden":"","why_caption":"","why_editor_title":"","why_editor_text":"","why_team_title":"","why_team_text":"","why_service_title":"","why_service_text":"","template_catalog_visible":"0","template_catalog_title":"","template_catalog_text":"","template_catalog_categories_visible":"","demo_title":"Erstellen Sie Ihr Click-to-Call-Widget","demo_caption":"Konfigurieren Sie Ihren Click-to-Call und f\u00fcgen Sie ihn kostenlos zu Ihrer Google Sites-Website hinzu!","default_faq_hidden":"","app_template_category":[],"platform":"3000","template_public_id":"","codecanyon_url":"","codecanyon_item_id":"","codecanyon_price":"","pricing_caption":"","pricing_elfsight_apps_hide_column":"","pricing_elfsight_apps_url":"","pricing_codecanyon_price_caption":"","integration_category":[],"integration_request_title":"","integration_request_cta":"","integration_platform":"","integrations":[],"platform_category":[],"video_schema_markup":"","price":"ab 0 $ \/ Monat","trial":"","benefits":[{"text":"Kostenlose Installationshilfe"},{"text":"Au\u00dfergew\u00f6hnliche Unterst\u00fctzung"},{"text":"14-t\u00e4gige Geld-zur\u00fcck-Garantie"},{"text":"St\u00e4ndige Aktualisierung"}],"button_url":"#demo","button_target_blank":"0","button_nofollow":"0","attributes":[{"name":"Installiert","content":"10,000 - 100,000"},{"name":"Reaktionsfreudig","content":"Optimiert f\u00fcr Mobilger\u00e4te"},{"name":"Kompatible Browser","content":"Safari, Firefox, Opera, Chrome, Edge"}],"tags":[],"tags_disable_links":"0","hide_more_platforms":"0","video_object":"","demo_hide_cta":"0","demo_hide_cloud_options":"0","pricing_title":"","pricing":[{"pricing_icon":"platform","pricing_title":"Elfsight Apps","pricing_title_caption":"Plattform\u00fcbergreifende digitale L\u00f6sung, die zu jeder Website passt","pricing_price":"ab 0 $ \/ Monat","pricing_price_caption":"Beginnen Sie mit einem kostenlosen Plan","pricing_benefits":[{"text":"Unbegrenzte Anzahl an Websites"},{"text":"Kostenloser Kundensupport"},{"text":"Kostenlose Installationshilfe"},{"text":"Flexibles Design"}],"pricing_button_text":"Zur Website hinzuf\u00fcgen","pricing_button_url":"#demo"}],"related_apps_title":"","related_apps_hidden":"0","author":"","image":[],"title":"","job":"","social_networks":[]},"_links":{"self":[{"href":"https:\/\/elfsight.com\/de\/wp-json\/wp\/v2\/pages\/8321","targetHints":{"allow":["GET"]}}],"collection":[{"href":"https:\/\/elfsight.com\/de\/wp-json\/wp\/v2\/pages"}],"about":[{"href":"https:\/\/elfsight.com\/de\/wp-json\/wp\/v2\/types\/page"}],"author":[{"embeddable":true,"href":"https:\/\/elfsight.com\/de\/wp-json\/wp\/v2\/users\/9"}],"replies":[{"embeddable":true,"href":"https:\/\/elfsight.com\/de\/wp-json\/wp\/v2\/comments?post=8321"}],"version-history":[{"count":3,"href":"https:\/\/elfsight.com\/de\/wp-json\/wp\/v2\/pages\/8321\/revisions"}],"predecessor-version":[{"id":24471,"href":"https:\/\/elfsight.com\/de\/wp-json\/wp\/v2\/pages\/8321\/revisions\/24471"}],"up":[{"embeddable":true,"href":"https:\/\/elfsight.com\/de\/wp-json\/wp\/v2\/pages\/2867"}],"wp:attachment":[{"href":"https:\/\/elfsight.com\/de\/wp-json\/wp\/v2\/media?parent=8321"}],"curies":[{"name":"wp","href":"https:\/\/api.w.org\/{rel}","templated":true}]}}