{"id":8315,"date":"2024-05-03T06:32:14","date_gmt":"2024-05-03T06:32:14","guid":{"rendered":"https:\/\/elfsight.com\/de\/?page_id=8315"},"modified":"2025-07-08T10:28:12","modified_gmt":"2025-07-08T10:28:12","slug":"prestashop","status":"publish","type":"page","link":"https:\/\/elfsight.com\/de\/click-to-call-widget\/prestashop\/","title":{"rendered":"Click to Call &#8211; PrestaShop"},"content":{"rendered":"<div class=\"application-platform-content-item-description application-platform-content-item\" id=\"description\" data-nav-section=\"description\"> <h2>Beschreibung<\/h2> <p>Click To Call von Elfsight ist ein Tool, das den Benutzern Ihrer Website die Kontaktaufnahme so einfach wie m\u00f6glich macht Sie erreichen uns telefonisch direkt von der Webseite aus. Ein einziger Klick auf das Telefonzeichen l\u00f6st einen Anruf aus. Auf Mobilger\u00e4ten wird automatisch die Nummer gew\u00e4hlt. Auf dem Desktop wird die gew\u00e4hlte Nummer im Anruffenster angezeigt, wo Sie auch ein Bild Ihrer Kontaktperson und einen Text anzeigen k\u00f6nnen Untertitel. Um die effizienteste Arbeit des Widgets zu erreichen, k\u00f6nnen Sie bestimmte Seiten ausw\u00e4hlen, auf denen es angezeigt wird, die Art der Benutzer, die es nur sehen k\u00f6nnen, und eine Aktivierungsbedingung, die seine Anzeige steuert. <\/p><\/div> <div class=\"application-platform-content-item-features application-platform-content-item\" id=\"features\" data-nav-section=\"features\"> <h2>Hier sind grundlegende Funktionen des Add-ons: <\/h2> <ul><li>Zeigen Sie Ihre Telefonnummer auf der Website an, um das W\u00e4hlen zu erleichtern<\/li><li>Ein-Klick-Anwahl auf mobilen Ger\u00e4ten<\/li><li>Die Option, das Foto und den Namen Ihrer Kontaktperson anzuzeigen<\/li><li>F\u00fcgen Sie eine Beschriftung und einen Text des Anruffensters hinzu<\/li><li>Telefonblase mit Symbol und Text anzeigen<\/li><li>W\u00e4hlen Sie die Gr\u00f6\u00dfe der Telefonblase<\/li><li>Die Option zum Bearbeiten des Textes der Blase<\/li><li>Aktivieren Sie die Animation der Blasensymbol<\/li><li>Drei Optionen f\u00fcr die Widget-Position: rechts oder links schwebend oder benutzerdefiniert<\/li><li>Die Option, das Widget auf ausgew\u00e4hlten Seiten anzuzeigen oder Seiten auszuschlie\u00dfen<\/li><li>W\u00e4hlen Sie, um die zu aktivieren Widget sowohl auf dem Desktop als auch auf Mobilger\u00e4ten<\/li><\/ul><p><a href=\"#demo\">Testen Sie alle Anpassungsoptionen in einer Demo mit vollem Funktionsumfang<\/a><\/p> <\/div> <div class=\"application-platform-content-item-installation application-platform-content-item\" id=\"installation\" data-nav-section=\"installation\"> <h2>Wie kann ich Click-to-Call auf meiner PrestaShop-Webseite einbetten? <\/h2> <p>Befolgen Sie einfach die folgenden Richtlinien, um das Widget hinzuzuf\u00fcgen. <\/p> <ol><li><b>Nutzen Sie unsere kostenlose Demo und beginnen Sie mit der Gestaltung Ihres individuellen Add-ons. <\/b><br> Geben Sie die gew\u00fcnschte Schnittstelle und Parameter des Tools an und speichern Sie die \u00c4nderungen. <\/li> <li><b>Erhalten Sie Ihren pers\u00f6nlichen Code, der im Fenster von Elfsight Apps angezeigt wird. <\/b><br> Kopieren Sie direkt nach Abschluss der Konfiguration Ihres pers\u00f6nlichen Add-ons den pers\u00f6nlichen Code aus dem angezeigten Feld und speichern Sie ihn f\u00fcr die sp\u00e4tere Verwendung. <\/li> <li><b>Beginnen Sie mit der Verwendung des Add-ons auf Ihrer PrestaShop-Homepage. <\/b><br> Implementieren Sie den zuvor gespeicherten Code in Ihre Website und speichern Sie die \u00c4nderungen. <\/li> <li><b>Die Installation ist vollst\u00e4ndig beendet. <\/b><br> Besuchen Sie Ihre Website, um einen Blick auf die Leistung des Add-ons zu werfen. <\/li><\/ol> <p>Wenn Sie Fragen haben oder auf Schwierigkeiten sto\u00dfen, scheuen Sie sich nicht, sich an unser Kundendienstteam zu wenden. Unsere Mitarbeiter l\u00f6sen gerne alle Probleme, die Sie mit dem Tool haben. <\/p> <div class=\"faq\" data-component=\"FAQ\"> <div class=\"faq-item\">\r\n\t\t\t\t\t<div class=\"faq-item-question\">\r\n\t\t\t\t\t\t<h3 class=\"faq-item-question-text\">Wie kann ich Click-to-Call ohne Programmierkenntnisse zu meiner PrestaShop-Website hinzuf\u00fcgen?<\/h3>\r\n\r\n\t\t\t\t\t\t<div class=\"faq-item-question-icon\"><\/div>\r\n\t\t\t\t\t<\/div>\r\n\r\n\t\t\t\t\t<div class=\"faq-item-answer\">\r\n\t\t\t\t\t\t<div class=\"faq-item-answer-text\"> <p>Elfsight bietet eine SaaS-L\u00f6sung, mit der Sie selbst ein Click-to-Call-Widget erstellen k\u00f6nnen. Sehen Sie, wie Der Vorgang ist einfach: Erstellen Sie direkt im Online-Editor ein Click-to-Call-Widget, das Sie auf Ihrer PrestaShop-Website sehen m\u00f6chten. W\u00e4hlen Sie eine der vorgefertigten Vorlagen aus und passen Sie die Click-to-Call-Einstellungen an, f\u00fcgen Sie Ihre Inhalte hinzu, \u00e4ndern Sie das Layout und das Farbschema ohne Programmierkenntnisse. Speichern Sie den Click-to-Call-Aufruf und kopieren Sie den Installationscode, den Sie problemlos in Ihre PrestaShop-Website einf\u00fcgen k\u00f6nnen, ohne ein kostenpflichtiges Abonnement zu kaufen. Mit unserem intuitiven Editor kann jeder Internetnutzer ein Click-to-Call-Widget online erstellen und es einfach in seine PrestaShop-Website einbetten. Sie m\u00fcssen weder bezahlen noch Ihre Kartendaten eingeben, um auf den Service zuzugreifen. Sollten bei irgendeinem Schritt Probleme auftreten, wenden Sie sich bitte an unser technisches Support-Team.<\/p> <\/div>\r\n\t\t\t\t\t<\/div>\r\n\t\t\t\t<\/div> <\/div> <\/div>","protected":false},"excerpt":{"rendered":"","protected":false},"author":9,"featured_media":0,"parent":2867,"menu_order":0,"comment_status":"closed","ping_status":"closed","template":"templates\/template-application-platform.php","meta":{"publish_to_discourse":"","publish_post_category":"","wpdc_auto_publish_overridden":"","wpdc_topic_tags":"","wpdc_pin_topic":"","wpdc_pin_until":"","discourse_post_id":"","discourse_permalink":"","wpdc_publishing_response":"","wpdc_publishing_error":"","footnotes":""},"class_list":["post-8315","page","type-page","status-publish","hentry"],"yoast_head":"<!-- This site is optimized with the Yoast SEO plugin v25.3.1 - https:\/\/yoast.com\/wordpress\/plugins\/seo\/ -->\n<title>PrestaShop-Anrufschaltfl\u00e4che | Click-to-Call-Button-Add-on zur Website hinzuf\u00fcgen [2025]<\/title>\n<meta name=\"description\" content=\"Erstellen Sie Ihr Click-to-Call-Button-Add-on und f\u00fcgen Sie es Ihrer PrestaShop-Website hinzu. Wir bieten kostenlosen Kundenservice und andere Boni.\" \/>\n<meta name=\"robots\" content=\"index, follow, max-snippet:-1, max-image-preview:large, max-video-preview:-1\" \/>\n<link rel=\"canonical\" href=\"https:\/\/elfsight.com\/de\/click-to-call-widget\/prestashop\/\" \/>\n<meta property=\"og:locale\" content=\"de_DE\" \/>\n<meta property=\"og:type\" content=\"article\" \/>\n<meta property=\"og:title\" content=\"PrestaShop-Anrufschaltfl\u00e4che | Click-to-Call-Button-Add-on zur Website hinzuf\u00fcgen [2025]\" \/>\n<meta property=\"og:description\" content=\"Erstellen Sie Ihr Click-to-Call-Button-Add-on und f\u00fcgen Sie es Ihrer PrestaShop-Website hinzu. Wir bieten kostenlosen Kundenservice und andere Boni.\" \/>\n<meta property=\"og:url\" content=\"https:\/\/elfsight.com\/de\/click-to-call-widget\/prestashop\/\" \/>\n<meta property=\"og:site_name\" content=\"Elfsight DE\" \/>\n<meta property=\"article:modified_time\" content=\"2025-07-08T10:28:12+00:00\" \/>\n<meta name=\"twitter:card\" content=\"summary_large_image\" \/>\n<meta name=\"twitter:label1\" content=\"Gesch\u00e4tzte Lesezeit\" \/>\n\t<meta name=\"twitter:data1\" content=\"3\u00a0Minuten\" \/>\n<!-- \/ Yoast SEO plugin. -->","yoast_head_json":{"title":"PrestaShop-Anrufschaltfl\u00e4che | Click-to-Call-Button-Add-on zur Website hinzuf\u00fcgen [2025]","description":"Erstellen Sie Ihr Click-to-Call-Button-Add-on und f\u00fcgen Sie es Ihrer PrestaShop-Website hinzu. Wir bieten kostenlosen Kundenservice und andere Boni.","robots":{"index":"index","follow":"follow","max-snippet":"max-snippet:-1","max-image-preview":"max-image-preview:large","max-video-preview":"max-video-preview:-1"},"canonical":"https:\/\/elfsight.com\/de\/click-to-call-widget\/prestashop\/","og_locale":"de_DE","og_type":"article","og_title":"PrestaShop-Anrufschaltfl\u00e4che | Click-to-Call-Button-Add-on zur Website hinzuf\u00fcgen [2025]","og_description":"Erstellen Sie Ihr Click-to-Call-Button-Add-on und f\u00fcgen Sie es Ihrer PrestaShop-Website hinzu. Wir bieten kostenlosen Kundenservice und andere Boni.","og_url":"https:\/\/elfsight.com\/de\/click-to-call-widget\/prestashop\/","og_site_name":"Elfsight DE","article_modified_time":"2025-07-08T10:28:12+00:00","twitter_card":"summary_large_image","twitter_misc":{"Gesch\u00e4tzte Lesezeit":"3\u00a0Minuten"},"schema":{"@context":"https:\/\/schema.org","@graph":[{"@type":"WebPage","@id":"https:\/\/elfsight.com\/de\/click-to-call-widget\/prestashop\/","url":"https:\/\/elfsight.com\/de\/click-to-call-widget\/prestashop\/","name":"PrestaShop-Anrufschaltfl\u00e4che | Click-to-Call-Button-Add-on zur Website hinzuf\u00fcgen [2025]","isPartOf":{"@id":"https:\/\/elfsight.com\/de\/#website"},"datePublished":"2024-05-03T06:32:14+00:00","dateModified":"2025-07-08T10:28:12+00:00","description":"Erstellen Sie Ihr Click-to-Call-Button-Add-on und f\u00fcgen Sie es Ihrer PrestaShop-Website hinzu. Wir bieten kostenlosen Kundenservice und andere Boni.","breadcrumb":{"@id":"https:\/\/elfsight.com\/de\/click-to-call-widget\/prestashop\/#breadcrumb"},"inLanguage":"de","potentialAction":[{"@type":"ReadAction","target":["https:\/\/elfsight.com\/de\/click-to-call-widget\/prestashop\/"]}]},{"@type":"BreadcrumbList","@id":"https:\/\/elfsight.com\/de\/click-to-call-widget\/prestashop\/#breadcrumb","itemListElement":[{"@type":"ListItem","position":1,"name":"Home","item":"https:\/\/elfsight.com\/de\/"},{"@type":"ListItem","position":2,"name":"Click to Call","item":"https:\/\/elfsight.com\/de\/click-to-call-widget\/"},{"@type":"ListItem","position":3,"name":"Click to Call &#8211; PrestaShop"}]},{"@type":"WebSite","@id":"https:\/\/elfsight.com\/de\/#website","url":"https:\/\/elfsight.com\/de\/","name":"Elfsight DE","description":"Just another Elfsight Sites site","potentialAction":[{"@type":"SearchAction","target":{"@type":"EntryPoint","urlTemplate":"https:\/\/elfsight.com\/de\/?s={search_term_string}"},"query-input":{"@type":"PropertyValueSpecification","valueRequired":true,"valueName":"search_term_string"}}],"inLanguage":"de"}]}},"meta_box":{"industry":"","seo_heading":"","heading":"","description":"","cta_heading":"","cta_description":"","application":"490","h1":"PrestaShop Click-to-Call-Schaltfl\u00e4che","h1_caption":"Erm\u00f6glichen Sie Benutzern die sofortige Kontaktaufnahme mit Ihnen \u00fcber eine einfache Click-to-Call-Schaltfl\u00e4che, sodass Sie m\u00fchelos und direkt \u00fcber Ihre Prestashop-Website Kontakt aufnehmen k\u00f6nnen.","application_category":[],"applications_title":"","applications_request_title":"","applications_request_button_text":"","hero_text":"","hero_video":"","hero_video_schema_markup":"","selling_points_title":"","selling_points_caption":"","selling_points":[],"selling_points_cta_text":"","features_title":"","features":"","ed_cta_examples_text":"","ed_cta_examples_hidden":"","ed_cta_demo_text":"","ed_cta_demo_hidden":"","why_caption":"","why_editor_title":"","why_editor_text":"","why_team_title":"","why_team_text":"","why_service_title":"","why_service_text":"","template_catalog_visible":"","template_catalog_title":"","template_catalog_text":"","template_catalog_categories_visible":"","demo_title":"Erstellen Sie Ihr Click-to-Call-Addon","demo_caption":"Konfigurieren Sie Ihren Click-to-Call und f\u00fcgen Sie ihn kostenlos zu Ihrer PrestaShop-Website hinzu!","default_faq_hidden":"","app_template_category":[],"platform":"3811","template_public_id":"","codecanyon_url":"","codecanyon_item_id":"","codecanyon_price":"","pricing_caption":"","pricing_elfsight_apps_hide_column":"","pricing_elfsight_apps_url":"","pricing_codecanyon_price_caption":"","integration_category":[],"integration_request_title":"","integration_request_cta":"","integration_platform":"","integrations":[],"platform_category":[],"video_schema_markup":"","price":"ab 0 $ \/ Monat","trial":"","benefits":[{"text":"Professioneller Kundenservice"},{"text":"Kostenloser Installationsservice"},{"text":"14-t\u00e4gige R\u00fcckerstattungsgarantie"},{"text":"Fortlaufende Entwicklung"}],"button_url":"#demo","button_target_blank":"","button_nofollow":"","attributes":[{"name":"Installiert","content":"10,000 - 100,000"},{"name":"Reaktionsfreudig","content":"Ja"},{"name":"Kompatible Browser","content":"Firefox, Safari, Opera, Chrome, Edge"}],"tags":[],"tags_disable_links":"","hide_more_platforms":"","video_object":"","demo_hide_cta":"","demo_hide_cloud_options":"","pricing_title":"","pricing":[{"pricing_icon":"platform","pricing_title":"Elfsight Apps","pricing_title_caption":"Plattformunabh\u00e4ngige Software, die zu jeder Website passt","pricing_price":"ab 0 $ \/ Monat","pricing_price_caption":"Beginnen Sie mit einem kostenlosen Plan","pricing_benefits":[{"text":"Unbegrenzte Domains"},{"text":"Schneller Kundensupport und gut dokumentiert"},{"text":"Kostenloser Installationsservice"},{"text":"Flexibles Design"}],"pricing_button_text":"Zur Website hinzuf\u00fcgen","pricing_button_url":"#demo"}],"related_apps_title":"","related_apps_hidden":"","author":"","image":[],"title":"","job":"","social_networks":[]},"_links":{"self":[{"href":"https:\/\/elfsight.com\/de\/wp-json\/wp\/v2\/pages\/8315","targetHints":{"allow":["GET"]}}],"collection":[{"href":"https:\/\/elfsight.com\/de\/wp-json\/wp\/v2\/pages"}],"about":[{"href":"https:\/\/elfsight.com\/de\/wp-json\/wp\/v2\/types\/page"}],"author":[{"embeddable":true,"href":"https:\/\/elfsight.com\/de\/wp-json\/wp\/v2\/users\/9"}],"replies":[{"embeddable":true,"href":"https:\/\/elfsight.com\/de\/wp-json\/wp\/v2\/comments?post=8315"}],"version-history":[{"count":2,"href":"https:\/\/elfsight.com\/de\/wp-json\/wp\/v2\/pages\/8315\/revisions"}],"predecessor-version":[{"id":21387,"href":"https:\/\/elfsight.com\/de\/wp-json\/wp\/v2\/pages\/8315\/revisions\/21387"}],"up":[{"embeddable":true,"href":"https:\/\/elfsight.com\/de\/wp-json\/wp\/v2\/pages\/2867"}],"wp:attachment":[{"href":"https:\/\/elfsight.com\/de\/wp-json\/wp\/v2\/media?parent=8315"}],"curies":[{"name":"wp","href":"https:\/\/api.w.org\/{rel}","templated":true}]}}