{"id":8314,"date":"2024-05-03T06:32:13","date_gmt":"2024-05-03T06:32:13","guid":{"rendered":"https:\/\/elfsight.com\/de\/?page_id=8314"},"modified":"2025-07-08T10:25:34","modified_gmt":"2025-07-08T10:25:34","slug":"jimdo","status":"publish","type":"page","link":"https:\/\/elfsight.com\/de\/click-to-call-widget\/jimdo\/","title":{"rendered":"Click to Call &#8211; Jimdo"},"content":{"rendered":"<div class=\"application-platform-content-item-description application-platform-content-item\" id=\"description\" data-nav-section=\"description\"> <h2>Beschreibung<\/h2> <p>Click To Call wurde von Elfsight entwickelt und ist ein Tool, das es Ihren Website-Benutzern erleichtert, Sie anzurufen am Telefon direkt von der Webseite aus. Mit nur einem Klick auf die Telefonblase wird auf Mobilger\u00e4ten automatisch ein Anruf an Ihre Nummer gestartet. Auf dem Desktop wird Ihre Telefonnummer im Anruffenster angezeigt, wo Sie auch ein Bild einer Kommunikationsperson und einen Text anzeigen k\u00f6nnen. F\u00fcr die effektivste Funktion des Widgets k\u00f6nnen Sie bestimmte Seiten ausw\u00e4hlen, auf denen es angezeigt wird, die Besuchergruppe, die es sehen k\u00f6nnte, und einen Ausl\u00f6ser, der es erscheinen l\u00e4sst. <\/p><p><b>Erzielen Sie mit Click To Call ein schnelleres Gesch\u00e4ftswachstum und mehr Umsatz <\/b><\/p> <\/div> <div class=\"application-platform-content-item-features application-platform-content-item\" id=\"features\" data-nav-section=\"features\"> <h2>Hier ist die Liste der Beste Funktionen: <\/h2> <ul><li>Zeigen Sie Ihre Telefonnummer auf der Website an, um das W\u00e4hlen zu erleichtern<\/li><li>Ein-Klick-W\u00e4hlen auf Mobilger\u00e4ten<\/li><li>Die Option, Ihren Kontakt anzuzeigen Foto und Name der Person<\/li><li>F\u00fcgen Sie eine Beschriftung und einen Text des Anruffensters hinzu<\/li><li>Telefonblase mit Text und Symbol anzeigen<\/li><li>W\u00e4hlen Sie die Gr\u00f6\u00dfe der Telefonblase<\/li><li>Die Option zum Bearbeiten des Textes der Blase<\/li><li>Animation des Blasensymbols aktivieren<\/li><li>3 Optionen f\u00fcr die Widget-Position: Links oder rechts schwebend oder benutzerdefiniert<\/li><li>Die Option, das Widget auf ausgew\u00e4hlten Seiten anzuzeigen oder Seiten auszuschlie\u00dfen<\/li><li>W\u00e4hlen Sie, ob das Widget sowohl auf dem Mobilger\u00e4t als auch auf dem Desktop aktiviert werden soll<\/li><\/ul><p><a href=\" #demo\">Entdecken Sie alle Personalisierungsfunktionen in einer voll ausgestatteten Demo<\/a><\/p> <\/div> <div class=\"application-platform-content-item-installation application-platform-content-item\" id=\"installation\" data-nav-section=\"installation\"> <h2>Wie kann ich Click To Call zu meiner Jimdo-Webseite hinzuf\u00fcgen? <\/h2> <p>Erf\u00fcllen Sie einfach die folgenden Richtlinien, um das Tool zu integrieren. <\/p> <ol><li><b>F\u00fchren Sie unseren kostenlosen Editor aus und beginnen Sie mit der Gestaltung Ihres personalisierten Widgets. <\/b><br> Bestimmen Sie das bevorzugte Design und die bevorzugten Aspekte des Widgets und speichern Sie die \u00c4nderungen. <\/li> <li><b>Kopieren Sie den eindeutigen Code, der in der Box auf Elfsight Apps angezeigt wird. <\/b><br> Wenn die Erstellung Ihres Widgets abgeschlossen ist, kopieren Sie den einzelnen Code aus dem angezeigten Fenster und bewahren Sie ihn zur sp\u00e4teren Verwendung auf. <\/li> <li><b>Erste Schritte mit der Verwendung des Tools auf Ihrer Jimdo-Webseite. <\/b><br> Integrieren Sie den k\u00fcrzlich gespeicherten Code in Ihre Seite und speichern Sie die Verbesserungen. <\/li> <li><b>Das Setup ist vollst\u00e4ndig durchgef\u00fchrt. <\/b><br> Gehen Sie zu Ihrer Seite, um die Leistung des Widgets zu \u00fcberpr\u00fcfen. <\/li><\/ol> <p>Bei Komplikationen wenden Sie sich bitte an unseren Kundenservice. Unsere Berater helfen Ihnen gerne bei allen Problemen, die Sie mit dem Produkt haben. <\/p> <div class=\"faq\" data-component=\"FAQ\"> <div class=\"faq-item\">\r\n\t\t\t\t\t<div class=\"faq-item-question\">\r\n\t\t\t\t\t\t<h3 class=\"faq-item-question-text\">Wie kann ich Click-to-Call ohne Programmierkenntnisse zu meiner Jimdo-Website hinzuf\u00fcgen?<\/h3>\r\n\r\n\t\t\t\t\t\t<div class=\"faq-item-question-icon\"><\/div>\r\n\t\t\t\t\t<\/div>\r\n\r\n\t\t\t\t\t<div class=\"faq-item-answer\">\r\n\t\t\t\t\t\t<div class=\"faq-item-answer-text\"> <p>Elfsight bietet eine SaaS-L\u00f6sung, mit der Sie selbst ein Click-to-Call-Widget erstellen k\u00f6nnen. Sehen Sie, wie Der Vorgang ist ganz einfach: Erstellen Sie direkt im Online-Editor ein Click-to-Call-Widget, das Sie gerne auf Ihrer Jimdo-Website sehen m\u00f6chten. W\u00e4hlen Sie eine der vorgefertigten Vorlagen aus und passen Sie die Click-to-Call-Einstellungen an, f\u00fcgen Sie Ihre Inhalte hinzu, \u00e4ndern Sie das Layout und die Farben ohne Programmierkenntnisse. Speichern Sie den Click-to-Call und kopieren Sie den Installationscode, damit Sie ihn ganz einfach zu Ihrer Jimdo-Website hinzuf\u00fcgen k\u00f6nnen, ohne ein kostenpflichtiges Abonnement kaufen zu m\u00fcssen. Mit unserem intuitiven Editor kann jeder Internetnutzer ein Click-to-Call-Widget online erstellen und es einfach in seine Jimdo-Website einbetten. Sie m\u00fcssen weder bezahlen noch Ihre Kartendaten eingeben, um auf den Service zuzugreifen. Sollten bei irgendeinem Schritt Probleme auftreten, wenden Sie sich bitte an unser technisches Support-Team.<\/p> <\/div>\r\n\t\t\t\t\t<\/div>\r\n\t\t\t\t<\/div> <\/div> <\/div>","protected":false},"excerpt":{"rendered":"","protected":false},"author":9,"featured_media":0,"parent":2867,"menu_order":0,"comment_status":"closed","ping_status":"closed","template":"templates\/template-application-platform.php","meta":{"publish_to_discourse":"","publish_post_category":"","wpdc_auto_publish_overridden":"","wpdc_topic_tags":"","wpdc_pin_topic":"","wpdc_pin_until":"","discourse_post_id":"","discourse_permalink":"","wpdc_publishing_response":"","wpdc_publishing_error":"","footnotes":""},"class_list":["post-8314","page","type-page","status-publish","hentry"],"yoast_head":"<!-- This site is optimized with the Yoast SEO plugin v25.3.1 - https:\/\/yoast.com\/wordpress\/plugins\/seo\/ -->\n<title>Jimdo-Anruftaste | Click-to-Call-Button-Widget zur Website hinzuf\u00fcgen [2025]<\/title>\n<meta name=\"description\" content=\"Erstellen Sie Ihr Click-to-Call-Button-Widget und f\u00fcgen Sie es Ihrer Jimdo-Website hinzu. Wir bieten kostenlosen Kundenservice und andere Boni.\" \/>\n<meta name=\"robots\" content=\"index, follow, max-snippet:-1, max-image-preview:large, max-video-preview:-1\" \/>\n<link rel=\"canonical\" href=\"https:\/\/elfsight.com\/de\/click-to-call-widget\/jimdo\/\" \/>\n<meta property=\"og:locale\" content=\"de_DE\" \/>\n<meta property=\"og:type\" content=\"article\" \/>\n<meta property=\"og:title\" content=\"Jimdo-Anruftaste | Click-to-Call-Button-Widget zur Website hinzuf\u00fcgen [2025]\" \/>\n<meta property=\"og:description\" content=\"Erstellen Sie Ihr Click-to-Call-Button-Widget und f\u00fcgen Sie es Ihrer Jimdo-Website hinzu. Wir bieten kostenlosen Kundenservice und andere Boni.\" \/>\n<meta property=\"og:url\" content=\"https:\/\/elfsight.com\/de\/click-to-call-widget\/jimdo\/\" \/>\n<meta property=\"og:site_name\" content=\"Elfsight DE\" \/>\n<meta property=\"article:modified_time\" content=\"2025-07-08T10:25:34+00:00\" \/>\n<meta name=\"twitter:card\" content=\"summary_large_image\" \/>\n<meta name=\"twitter:label1\" content=\"Gesch\u00e4tzte Lesezeit\" \/>\n\t<meta name=\"twitter:data1\" content=\"3\u00a0Minuten\" \/>\n<!-- \/ Yoast SEO plugin. -->","yoast_head_json":{"title":"Jimdo-Anruftaste | Click-to-Call-Button-Widget zur Website hinzuf\u00fcgen [2025]","description":"Erstellen Sie Ihr Click-to-Call-Button-Widget und f\u00fcgen Sie es Ihrer Jimdo-Website hinzu. Wir bieten kostenlosen Kundenservice und andere Boni.","robots":{"index":"index","follow":"follow","max-snippet":"max-snippet:-1","max-image-preview":"max-image-preview:large","max-video-preview":"max-video-preview:-1"},"canonical":"https:\/\/elfsight.com\/de\/click-to-call-widget\/jimdo\/","og_locale":"de_DE","og_type":"article","og_title":"Jimdo-Anruftaste | Click-to-Call-Button-Widget zur Website hinzuf\u00fcgen [2025]","og_description":"Erstellen Sie Ihr Click-to-Call-Button-Widget und f\u00fcgen Sie es Ihrer Jimdo-Website hinzu. Wir bieten kostenlosen Kundenservice und andere Boni.","og_url":"https:\/\/elfsight.com\/de\/click-to-call-widget\/jimdo\/","og_site_name":"Elfsight DE","article_modified_time":"2025-07-08T10:25:34+00:00","twitter_card":"summary_large_image","twitter_misc":{"Gesch\u00e4tzte Lesezeit":"3\u00a0Minuten"},"schema":{"@context":"https:\/\/schema.org","@graph":[{"@type":"WebPage","@id":"https:\/\/elfsight.com\/de\/click-to-call-widget\/jimdo\/","url":"https:\/\/elfsight.com\/de\/click-to-call-widget\/jimdo\/","name":"Jimdo-Anruftaste | Click-to-Call-Button-Widget zur Website hinzuf\u00fcgen [2025]","isPartOf":{"@id":"https:\/\/elfsight.com\/de\/#website"},"datePublished":"2024-05-03T06:32:13+00:00","dateModified":"2025-07-08T10:25:34+00:00","description":"Erstellen Sie Ihr Click-to-Call-Button-Widget und f\u00fcgen Sie es Ihrer Jimdo-Website hinzu. Wir bieten kostenlosen Kundenservice und andere Boni.","breadcrumb":{"@id":"https:\/\/elfsight.com\/de\/click-to-call-widget\/jimdo\/#breadcrumb"},"inLanguage":"de","potentialAction":[{"@type":"ReadAction","target":["https:\/\/elfsight.com\/de\/click-to-call-widget\/jimdo\/"]}]},{"@type":"BreadcrumbList","@id":"https:\/\/elfsight.com\/de\/click-to-call-widget\/jimdo\/#breadcrumb","itemListElement":[{"@type":"ListItem","position":1,"name":"Home","item":"https:\/\/elfsight.com\/de\/"},{"@type":"ListItem","position":2,"name":"Click to Call","item":"https:\/\/elfsight.com\/de\/click-to-call-widget\/"},{"@type":"ListItem","position":3,"name":"Click to Call &#8211; Jimdo"}]},{"@type":"WebSite","@id":"https:\/\/elfsight.com\/de\/#website","url":"https:\/\/elfsight.com\/de\/","name":"Elfsight DE","description":"Just another Elfsight Sites site","potentialAction":[{"@type":"SearchAction","target":{"@type":"EntryPoint","urlTemplate":"https:\/\/elfsight.com\/de\/?s={search_term_string}"},"query-input":{"@type":"PropertyValueSpecification","valueRequired":true,"valueName":"search_term_string"}}],"inLanguage":"de"}]}},"meta_box":{"industry":"","seo_heading":"","heading":"","description":"","cta_heading":"","cta_description":"","application":"490","h1":"Jimdo Click-to-Call-Button-Widget","h1_caption":"Erm\u00f6glichen Sie Benutzern die sofortige Kontaktaufnahme mit Ihnen \u00fcber eine einfache Click-to-Call-Schaltfl\u00e4che, sodass Sie m\u00fchelos direkt \u00fcber Ihre Jimdo-Website Kontakt aufnehmen k\u00f6nnen.","application_category":[],"applications_title":"","applications_request_title":"","applications_request_button_text":"","hero_text":"","hero_video":"","hero_video_schema_markup":"","selling_points_title":"","selling_points_caption":"","selling_points":[],"selling_points_cta_text":"","features_title":"","features":"","ed_cta_examples_text":"","ed_cta_examples_hidden":"","ed_cta_demo_text":"","ed_cta_demo_hidden":"","why_caption":"","why_editor_title":"","why_editor_text":"","why_team_title":"","why_team_text":"","why_service_title":"","why_service_text":"","template_catalog_visible":"","template_catalog_title":"","template_catalog_text":"","template_catalog_categories_visible":"","demo_title":"Erstellen Sie Ihr Click-to-Call-Widget","demo_caption":"Konfigurieren Sie Ihren Click to Call und f\u00fcgen Sie ihn kostenlos zu Ihrer Jimdo-Website hinzu!","default_faq_hidden":"","app_template_category":[],"platform":"239","template_public_id":"","codecanyon_url":"","codecanyon_item_id":"","codecanyon_price":"","pricing_caption":"","pricing_elfsight_apps_hide_column":"","pricing_elfsight_apps_url":"","pricing_codecanyon_price_caption":"","integration_category":[],"integration_request_title":"","integration_request_cta":"","integration_platform":"","integrations":[],"platform_category":[],"video_schema_markup":"","price":"ab 0 $ \/ Monat","trial":"","benefits":[{"text":"Premium-Support"},{"text":"Kostenloser Installationsservice"},{"text":"14-t\u00e4gige Geld-zur\u00fcck-Garantie"},{"text":"Fortlaufende Entwicklung"}],"button_url":"#demo","button_target_blank":"","button_nofollow":"","attributes":[{"name":"Installiert","content":"10,000 - 100,000"},{"name":"Reaktionsfreudig","content":"Ja"},{"name":"Kompatible Browser","content":"Firefox, Safari, Opera, Chrome, Edge"}],"tags":[],"tags_disable_links":"","hide_more_platforms":"","video_object":"","demo_hide_cta":"","demo_hide_cloud_options":"","pricing_title":"","pricing":[{"pricing_icon":"platform","pricing_title":"Elfsight Apps","pricing_title_caption":"Plattform\u00fcbergreifende Software, die f\u00fcr jede Website geeignet ist","pricing_price":"ab 0 $ \/ Monat","pricing_price_caption":"Beginnen Sie mit einem kostenlosen Plan","pricing_benefits":[{"text":"Unbegrenzte Websites"},{"text":"Schnelle Unternehmensunterst\u00fctzung"},{"text":"Kostenlose Installationshilfe"},{"text":"Flexibles Design"}],"pricing_button_text":"Zur Website hinzuf\u00fcgen","pricing_button_url":"#demo"}],"related_apps_title":"","related_apps_hidden":"","author":"","image":[],"title":"","job":"","social_networks":[]},"_links":{"self":[{"href":"https:\/\/elfsight.com\/de\/wp-json\/wp\/v2\/pages\/8314","targetHints":{"allow":["GET"]}}],"collection":[{"href":"https:\/\/elfsight.com\/de\/wp-json\/wp\/v2\/pages"}],"about":[{"href":"https:\/\/elfsight.com\/de\/wp-json\/wp\/v2\/types\/page"}],"author":[{"embeddable":true,"href":"https:\/\/elfsight.com\/de\/wp-json\/wp\/v2\/users\/9"}],"replies":[{"embeddable":true,"href":"https:\/\/elfsight.com\/de\/wp-json\/wp\/v2\/comments?post=8314"}],"version-history":[{"count":2,"href":"https:\/\/elfsight.com\/de\/wp-json\/wp\/v2\/pages\/8314\/revisions"}],"predecessor-version":[{"id":21386,"href":"https:\/\/elfsight.com\/de\/wp-json\/wp\/v2\/pages\/8314\/revisions\/21386"}],"up":[{"embeddable":true,"href":"https:\/\/elfsight.com\/de\/wp-json\/wp\/v2\/pages\/2867"}],"wp:attachment":[{"href":"https:\/\/elfsight.com\/de\/wp-json\/wp\/v2\/media?parent=8314"}],"curies":[{"name":"wp","href":"https:\/\/api.w.org\/{rel}","templated":true}]}}