{"id":8308,"date":"2024-05-03T06:31:46","date_gmt":"2024-05-03T06:31:46","guid":{"rendered":"https:\/\/elfsight.com\/de\/?page_id=8308"},"modified":"2025-07-08T10:19:28","modified_gmt":"2025-07-08T10:19:28","slug":"bigcommerce","status":"publish","type":"page","link":"https:\/\/elfsight.com\/de\/button-widget\/bigcommerce\/","title":{"rendered":"Button &#8211; BigCommerce"},"content":{"rendered":"<div class=\"application-platform-content-item-description application-platform-content-item\" id=\"description\" data-nav-section=\"description\"> <h2>Beschreibung<\/h2> <p>Elfsight Button ist eine App f\u00fcr BigCommerce, mit der Sie verschiedene Schaltfl\u00e4chen f\u00fcr verschiedene Zwecke auf Ihrer Website erstellen k\u00f6nnen. Es gibt viele Aktionen, die ausgef\u00fchrt werden k\u00f6nnen, sobald ein Benutzer auf die Schaltfl\u00e4che klickt. Sie k\u00f6nnen sie beispielsweise an eine andere Website senden, Ihre Telefonnummer w\u00e4hlen, in einem bekannten Messenger kommunizieren und vieles mehr. Der Button ist bemerkenswert anpassbar \u2013 Sie k\u00f6nnen gerne beliebigen Text und Inhalt rund um den Button verwenden und seine Gr\u00f6\u00dfe und seinen Stil \u00e4ndern. <\/p> <p><b>Wenden Sie einen verf\u00fchrerischen Button an, um den Umsatz auf Ihrer Website zu steigern, mehr neue Abonnenten in den sozialen Medien zu gewinnen und vieles mehr! <\/b><\/p> <\/div> <div class=\"application-platform-content-item-features application-platform-content-item\" id=\"features\" data-nav-section=\"features\"> <h2>Zu den wesentlichen Widget-Funktionen geh\u00f6ren<\/h2> <ul><li>Farben und Schriftarten \u00e4ndern<\/li><li>2 Arten von Schaltfl\u00e4chenlayouts \u2013 Eingebettet und schwebend<\/li><li>Eine Option zum Hinzuf\u00fcgen von Inhalten rund um die Schaltfl\u00e4che<\/li><li>Eine Beschriftung, die zwei Zeilen lang sein kann<\/li><li>\u00dcber acht Varianten von Szenarien nach einem Klicken Sie auf<\/li><\/ul><p><a href=\"#demo\">Sehen Sie sich einfach diese Demo an, um die Funktionalit\u00e4t des Widgets zu verstehen<\/a><\/p> <\/div> <div class=\"application-platform-content-item-installation  application-platform-content-item\" id=\"installation \" data-nav-section=\"installation \"> <h2>Wie kann ich meiner BigCommerce-Site einen Button hinzuf\u00fcgen? <\/h2> <p>Befolgen Sie einfach die folgenden Richtlinien, um das Tool einzubetten. <\/p> <ol><li><b>\u00d6ffnen Sie unsere kostenlose Demo und beginnen Sie mit der Erstellung Ihrer ma\u00dfgeschneiderten App. <\/b><br> W\u00e4hlen Sie das gew\u00fcnschte Layout und die gew\u00fcnschten Funktionsmerkmale der App und speichern Sie die Korrekturen. <\/li> <li><b>Holen Sie sich den eindeutigen Code, der im Feld von Elfsight Apps angezeigt wird. <\/b><br> Kopieren Sie unmittelbar nach Abschluss der Erstellung Ihres Tools den exklusiven Code aus dem angezeigten Feld und bewahren Sie ihn f\u00fcr sp\u00e4tere Gelegenheiten auf. <\/li> <li><b>Erste Schritte mit der Nutzung der App auf der BigCommerce-Homepage. <\/b><br> F\u00fcgen Sie den zuletzt gespeicherten Code in Ihre Homepage ein und speichern Sie die Anpassungen. <\/li> <li><b>Die Installation wurde erfolgreich durchgef\u00fchrt. <\/b><br> Gehen Sie auf Ihre Seite, um zu sehen, wie das Tool funktioniert. <\/li><\/ol> <p>Wenn Sie Fragen haben oder auf Probleme sto\u00dfen, wenden Sie sich bitte an unser Support-Team. Unsere Mitarbeiter l\u00f6sen gerne alle Probleme, die Sie mit dem Plugin haben. <\/p> <div class=\"faq\" data-component=\"FAQ\"><div class=\"faq-item\">\r\n\t\t\t\t\t<div class=\"faq-item-question\">\r\n\t\t\t\t\t\t<h3 class=\"faq-item-question-text\">Wie f\u00fcge ich einen Button ohne Programmierkenntnisse zu meiner BigCommerce-Website hinzu?<\/h3>\r\n\r\n\t\t\t\t\t\t<div class=\"faq-item-question-icon\"><\/div>\r\n\t\t\t\t\t<\/div>\r\n\r\n\t\t\t\t\t<div class=\"faq-item-answer\">\r\n\t\t\t\t\t\t<div class=\"faq-item-answer-text\"> <p>Elfsight bietet eine SaaS-L\u00f6sung, mit der Sie selbst ein Button-Widget erstellen k\u00f6nnen. Sehen Sie, wie einfach der Vorgang ist: Arbeiten Sie direkt im Online-Editor, um ein Button-Widget zu erstellen, das Sie gerne auf Ihrer BigCommerce-Website sehen w\u00fcrden. W\u00e4hlen Sie eine der vorgefertigten Vorlagen aus und passen Sie die Schaltfl\u00e4cheneinstellungen an, f\u00fcgen Sie Ihre Inhalte hinzu, \u00e4ndern Sie das Layout und die Farben ohne Programmierkenntnisse. Speichern Sie den Button und kopieren Sie seinen Installationscode, den Sie einfach in Ihre BigCommerce-Website einbetten k\u00f6nnen, ohne einen kostenpflichtigen Plan kaufen zu m\u00fcssen. Mit unserem intuitiven Editor kann jeder Internetnutzer online ein Button-Widget erstellen und es einfach in seine BigCommerce-Website einbetten. Sie m\u00fcssen weder bezahlen noch Ihre Kartendaten eingeben, um auf den Service zuzugreifen. Sollten bei irgendeinem Schritt Probleme auftreten, wenden Sie sich bitte an unser technisches Support-Team.<\/p> <\/div>\r\n\t\t\t\t\t<\/div>\r\n\t\t\t\t<\/div> <\/div><\/div><p><\/p>","protected":false},"excerpt":{"rendered":"","protected":false},"author":9,"featured_media":0,"parent":4165,"menu_order":0,"comment_status":"closed","ping_status":"closed","template":"templates\/template-application-platform.php","meta":{"publish_to_discourse":"","publish_post_category":"","wpdc_auto_publish_overridden":"","wpdc_topic_tags":"","wpdc_pin_topic":"","wpdc_pin_until":"","discourse_post_id":"","discourse_permalink":"","wpdc_publishing_response":"","wpdc_publishing_error":"","footnotes":""},"class_list":["post-8308","page","type-page","status-publish","hentry"],"yoast_head":"<!-- This site is optimized with the Yoast SEO plugin v25.3.1 - https:\/\/yoast.com\/wordpress\/plugins\/seo\/ -->\n<title>Button-Builder-App \u2013 Button-App zu BigCommerce hinzuf\u00fcgen (2025)<\/title>\n<meta name=\"description\" content=\"Probieren Sie die Elfsight Button-App f\u00fcr BigCommerce aus. Gewinnen Sie mehr neue Follower in Ihren sozialen Medien und machen Sie Ihr Unternehmen mit Elfsight-Tools bekannt!\" \/>\n<meta name=\"robots\" content=\"index, follow, max-snippet:-1, max-image-preview:large, max-video-preview:-1\" \/>\n<link rel=\"canonical\" href=\"https:\/\/elfsight.com\/de\/button-widget\/bigcommerce\/\" \/>\n<meta property=\"og:locale\" content=\"de_DE\" \/>\n<meta property=\"og:type\" content=\"article\" \/>\n<meta property=\"og:title\" content=\"Button-Builder-App \u2013 Button-App zu BigCommerce hinzuf\u00fcgen (2025)\" \/>\n<meta property=\"og:description\" content=\"Probieren Sie die Elfsight Button-App f\u00fcr BigCommerce aus. Gewinnen Sie mehr neue Follower in Ihren sozialen Medien und machen Sie Ihr Unternehmen mit Elfsight-Tools bekannt!\" \/>\n<meta property=\"og:url\" content=\"https:\/\/elfsight.com\/de\/button-widget\/bigcommerce\/\" \/>\n<meta property=\"og:site_name\" content=\"Elfsight DE\" \/>\n<meta property=\"article:modified_time\" content=\"2025-07-08T10:19:28+00:00\" \/>\n<meta name=\"twitter:card\" content=\"summary_large_image\" \/>\n<meta name=\"twitter:label1\" content=\"Gesch\u00e4tzte Lesezeit\" \/>\n\t<meta name=\"twitter:data1\" content=\"3\u00a0Minuten\" \/>\n<!-- \/ Yoast SEO plugin. -->","yoast_head_json":{"title":"Button-Builder-App \u2013 Button-App zu BigCommerce hinzuf\u00fcgen (2025)","description":"Probieren Sie die Elfsight Button-App f\u00fcr BigCommerce aus. Gewinnen Sie mehr neue Follower in Ihren sozialen Medien und machen Sie Ihr Unternehmen mit Elfsight-Tools bekannt!","robots":{"index":"index","follow":"follow","max-snippet":"max-snippet:-1","max-image-preview":"max-image-preview:large","max-video-preview":"max-video-preview:-1"},"canonical":"https:\/\/elfsight.com\/de\/button-widget\/bigcommerce\/","og_locale":"de_DE","og_type":"article","og_title":"Button-Builder-App \u2013 Button-App zu BigCommerce hinzuf\u00fcgen (2025)","og_description":"Probieren Sie die Elfsight Button-App f\u00fcr BigCommerce aus. Gewinnen Sie mehr neue Follower in Ihren sozialen Medien und machen Sie Ihr Unternehmen mit Elfsight-Tools bekannt!","og_url":"https:\/\/elfsight.com\/de\/button-widget\/bigcommerce\/","og_site_name":"Elfsight DE","article_modified_time":"2025-07-08T10:19:28+00:00","twitter_card":"summary_large_image","twitter_misc":{"Gesch\u00e4tzte Lesezeit":"3\u00a0Minuten"},"schema":{"@context":"https:\/\/schema.org","@graph":[{"@type":"WebPage","@id":"https:\/\/elfsight.com\/de\/button-widget\/bigcommerce\/","url":"https:\/\/elfsight.com\/de\/button-widget\/bigcommerce\/","name":"Button-Builder-App \u2013 Button-App zu BigCommerce hinzuf\u00fcgen (2025)","isPartOf":{"@id":"https:\/\/elfsight.com\/de\/#website"},"datePublished":"2024-05-03T06:31:46+00:00","dateModified":"2025-07-08T10:19:28+00:00","description":"Probieren Sie die Elfsight Button-App f\u00fcr BigCommerce aus. Gewinnen Sie mehr neue Follower in Ihren sozialen Medien und machen Sie Ihr Unternehmen mit Elfsight-Tools bekannt!","breadcrumb":{"@id":"https:\/\/elfsight.com\/de\/button-widget\/bigcommerce\/#breadcrumb"},"inLanguage":"de","potentialAction":[{"@type":"ReadAction","target":["https:\/\/elfsight.com\/de\/button-widget\/bigcommerce\/"]}]},{"@type":"BreadcrumbList","@id":"https:\/\/elfsight.com\/de\/button-widget\/bigcommerce\/#breadcrumb","itemListElement":[{"@type":"ListItem","position":1,"name":"Home","item":"https:\/\/elfsight.com\/de\/"},{"@type":"ListItem","position":2,"name":"Button","item":"https:\/\/elfsight.com\/de\/button-widget\/"},{"@type":"ListItem","position":3,"name":"Button &#8211; BigCommerce"}]},{"@type":"WebSite","@id":"https:\/\/elfsight.com\/de\/#website","url":"https:\/\/elfsight.com\/de\/","name":"Elfsight DE","description":"Just another Elfsight Sites site","potentialAction":[{"@type":"SearchAction","target":{"@type":"EntryPoint","urlTemplate":"https:\/\/elfsight.com\/de\/?s={search_term_string}"},"query-input":{"@type":"PropertyValueSpecification","valueRequired":true,"valueName":"search_term_string"}}],"inLanguage":"de"}]}},"meta_box":{"industry":"","seo_heading":"","heading":"","description":"","cta_heading":"","cta_description":"","application":"4164","h1":"BigCommerce Button-App","h1_caption":"F\u00fcgen Sie eine anpassbare Call-to-Action-Schaltfl\u00e4che hinzu, um Klicks zu f\u00f6rdern und Ihre Benutzer m\u00fchelos zu Conversions auf Ihrer BigCommerce-Website zu f\u00fchren.","application_category":[],"applications_title":"","applications_request_title":"","applications_request_button_text":"","hero_text":"","hero_video":"","hero_video_schema_markup":"","selling_points_title":"","selling_points_caption":"","selling_points":[],"selling_points_cta_text":"","features_title":"","features":"","ed_cta_examples_text":"","ed_cta_examples_hidden":"","ed_cta_demo_text":"","ed_cta_demo_hidden":"","why_caption":"","why_editor_title":"","why_editor_text":"","why_team_title":"","why_team_text":"","why_service_title":"","why_service_text":"","template_catalog_visible":"","template_catalog_title":"","template_catalog_text":"","template_catalog_categories_visible":"","demo_title":"Erstellen Sie Ihre Button-App","demo_caption":"Konfigurieren Sie Ihren Button und f\u00fcgen Sie ihn kostenlos zu Ihrer BigCommerce-Website hinzu!","default_faq_hidden":"","app_template_category":[],"platform":"268","template_public_id":"","codecanyon_url":"","codecanyon_item_id":"","codecanyon_price":"","pricing_caption":"","pricing_elfsight_apps_hide_column":"","pricing_elfsight_apps_url":"","pricing_codecanyon_price_caption":"","integration_category":[],"integration_request_title":"","integration_request_cta":"","integration_platform":"","integrations":[],"platform_category":[],"video_schema_markup":"","price":"ab 0 $ \/ Monat","trial":"","benefits":[{"text":"Kostenloser Installationsservice"},{"text":"Kompetenter Kundenservice"},{"text":"14-t\u00e4gige Geld-zur\u00fcck-Garantie"},{"text":"Lebenslange kostenlose Updates"}],"button_url":"#demo","button_target_blank":"","button_nofollow":"","attributes":[{"name":"Installiert","content":"10,000 - 100,000"},{"name":"Reaktionsfreudig","content":"Ja"},{"name":"Kompatible Browser","content":"Firefox, Safari, Opera, Chrome, Edge"}],"tags":[],"tags_disable_links":"","hide_more_platforms":"","video_object":"","demo_hide_cta":"","demo_hide_cloud_options":"","pricing_title":"","pricing":[{"pricing_icon":"platform","pricing_title":"Elfsight Apps","pricing_title_caption":"Plattformunabh\u00e4ngige digitale L\u00f6sung, die f\u00fcr jeden Standort geeignet ist","pricing_price":"ab 0 $ \/ Monat","pricing_price_caption":"Beginnen Sie mit einem kostenlosen Plan","pricing_benefits":[{"text":"Unbegrenzte Domains"},{"text":"Professioneller Kundensupport"},{"text":"Kostenloser Installationsservice"},{"text":"Flexibles Design"}],"pricing_button_text":"Zur Website hinzuf\u00fcgen","pricing_button_url":"#demo"}],"related_apps_title":"","related_apps_hidden":"","author":"","image":[],"title":"","job":"","social_networks":[]},"_links":{"self":[{"href":"https:\/\/elfsight.com\/de\/wp-json\/wp\/v2\/pages\/8308","targetHints":{"allow":["GET"]}}],"collection":[{"href":"https:\/\/elfsight.com\/de\/wp-json\/wp\/v2\/pages"}],"about":[{"href":"https:\/\/elfsight.com\/de\/wp-json\/wp\/v2\/types\/page"}],"author":[{"embeddable":true,"href":"https:\/\/elfsight.com\/de\/wp-json\/wp\/v2\/users\/9"}],"replies":[{"embeddable":true,"href":"https:\/\/elfsight.com\/de\/wp-json\/wp\/v2\/comments?post=8308"}],"version-history":[{"count":2,"href":"https:\/\/elfsight.com\/de\/wp-json\/wp\/v2\/pages\/8308\/revisions"}],"predecessor-version":[{"id":21384,"href":"https:\/\/elfsight.com\/de\/wp-json\/wp\/v2\/pages\/8308\/revisions\/21384"}],"up":[{"embeddable":true,"href":"https:\/\/elfsight.com\/de\/wp-json\/wp\/v2\/pages\/4165"}],"wp:attachment":[{"href":"https:\/\/elfsight.com\/de\/wp-json\/wp\/v2\/media?parent=8308"}],"curies":[{"name":"wp","href":"https:\/\/api.w.org\/{rel}","templated":true}]}}