{"id":8307,"date":"2024-05-03T06:31:45","date_gmt":"2024-05-03T06:31:45","guid":{"rendered":"https:\/\/elfsight.com\/de\/?page_id=8307"},"modified":"2025-07-08T10:19:39","modified_gmt":"2025-07-08T10:19:39","slug":"drupal","status":"publish","type":"page","link":"https:\/\/elfsight.com\/de\/button-widget\/drupal\/","title":{"rendered":"Button &#8211; Drupal"},"content":{"rendered":"<div class=\"application-platform-content-item-description application-platform-content-item\" id=\"description\" data-nav-section=\"description\"> <h2>Beschreibung<\/h2> <p>Elfsight Button ist ein Modul f\u00fcr Drupal, mit dem Sie verschiedene Schaltfl\u00e4chen f\u00fcr verschiedene Zwecke auf Ihrer Website erstellen k\u00f6nnen. Sobald Ihr Website-Besucher auf die Schaltfl\u00e4che klickt, k\u00f6nnen zahlreiche Aktionen ausgef\u00fchrt werden. Sie k\u00f6nnen beispielsweise zu einer URL weitergeleitet werden, eine Nummer w\u00e4hlen, in einem bekannten Messenger chatten und vieles mehr. Der Button ist \u00e4u\u00dferst personalisierbar \u2013 Sie k\u00f6nnen beliebige Nachrichten und Inhalte rund um den Button hinzuf\u00fcgen und seine Gr\u00f6\u00dfe und Farben \u00e4ndern. <\/p> <p><b>Verwenden Sie einen verlockenden Button, um den Umsatz auf Ihrer Website zu steigern, mehr Follower in den sozialen Medien zu gewinnen und vieles mehr! <\/b><\/p> <\/div> <div class=\"application-platform-content-item-features application-platform-content-item\" id=\"features\" data-nav-section=\"features\"> <h2>Hier sind grundlegende Funktionen des Moduls: <\/h2> <ul><li>Farben und Schriftarten \u00e4ndern<\/li><li>Zwei Variationen der Schaltfl\u00e4chenpositionierung \u2013 eingebettet und schwebend<\/li><li>Eine M\u00f6glichkeit, Inhalte \u00fcber und unter Ihrer Schaltfl\u00e4che hinzuzuf\u00fcgen<\/li><li>Eine Beschriftung, die zwei Zeilen belegen kann<\/li><li>Oben 8 Aktionsvarianten nach einem Klick<\/li><\/ul><p><a href=\"#demo\">Untersuchen Sie alle Einstellungen in einer 100 % funktionsf\u00e4higen Demo<\/a><\/p> <\/div> <div class=\"application-platform-content-item-installation application-platform-content-item\" id=\"installation\" data-nav-section=\"installation\"> <h2>Wie f\u00fcge ich einen Button zu meiner Drupal-Website hinzu? <\/h2> <p>Befolgen Sie einfach die folgenden Richtlinien, um das Werkzeug einzusetzen. <\/p> <ol><li><b>Verwalten Sie unseren kostenlosen Editor und beginnen Sie mit der Erstellung Ihres personalisierten Moduls. <\/b><br> Finden Sie das benutzerdefinierte Erscheinungsbild und die Eigenschaften des Widgets und speichern Sie die \u00c4nderungen. <\/li> <li><b>Erhalten Sie den einzigartigen Code, der in der speziellen Form auf Elfsight Apps angezeigt wird. <\/b><br> Sobald die Konfiguration Ihres Tools abgeschlossen ist, kopieren Sie den pers\u00f6nlichen Code im erscheinenden Fenster und speichern Sie ihn zur sp\u00e4teren Verwendung. <\/li> <li><b>Geben Sie Informationen zur Verwendung des Tools auf der Drupal-Site ein. <\/b><br> F\u00fcgen Sie den k\u00fcrzlich kopierten Code in Ihre Webseite ein und speichern Sie die Anpassungen. <\/li> <li><b>Das Setup ist vollst\u00e4ndig durchgef\u00fchrt. <\/b><br> Besuchen Sie Ihre Website, um zu sehen, wie das Modul funktioniert. <\/li><\/ol> <p>Wenn Sie Fragen haben oder auf Probleme sto\u00dfen, k\u00f6nnen Sie sich gerne an unsere Kundendienstmitarbeiter wenden. Unsere Mitarbeiter sind bestrebt, alle Probleme zu l\u00f6sen, die Sie m\u00f6glicherweise mit dem Tool haben. <\/p> <div class=\"faq\" data-component=\"FAQ\"><div class=\"faq-item\">\r\n\t\t\t\t\t<div class=\"faq-item-question\">\r\n\t\t\t\t\t\t<h3 class=\"faq-item-question-text\">Wie kann ich Button ohne Programmierkenntnisse zu meiner Drupal-Website hinzuf\u00fcgen?<\/h3>\r\n\r\n\t\t\t\t\t\t<div class=\"faq-item-question-icon\"><\/div>\r\n\t\t\t\t\t<\/div>\r\n\r\n\t\t\t\t\t<div class=\"faq-item-answer\">\r\n\t\t\t\t\t\t<div class=\"faq-item-answer-text\"> <p>Elfsight bietet eine SaaS-L\u00f6sung, mit der Sie selbst ein Button-Widget erstellen k\u00f6nnen. Sehen Sie, wie einfach der Vorgang ist : Arbeiten Sie direkt im Online-Editor, um ein Button-Widget zu erstellen, das Sie auf Ihrer Drupal-Website sehen m\u00f6chten. W\u00e4hlen Sie eine der vorgefertigten Vorlagen aus und passen Sie die Schaltfl\u00e4cheneinstellungen an, f\u00fcgen Sie Ihre Inhalte hinzu, \u00e4ndern Sie das Layout und die Farben ohne Programmierkenntnisse. Speichern Sie den Button und kopieren Sie seinen Installationscode, den Sie problemlos in Ihre Drupal-Website einf\u00fcgen k\u00f6nnen, ohne einen kostenpflichtigen Plan kaufen zu m\u00fcssen. Mit unserem intuitiven Editor kann jeder Internetnutzer online ein Button-Widget erstellen und es einfach in seine Drupal-Website einbetten. Sie m\u00fcssen weder bezahlen noch Ihre Kartendaten eingeben, um auf den Service zuzugreifen. Sollten bei irgendeinem Schritt Probleme auftreten, wenden Sie sich bitte an unser technisches Support-Team.<\/p> <\/div>\r\n\t\t\t\t\t<\/div>\r\n\t\t\t\t<\/div> <\/div><\/div>","protected":false},"excerpt":{"rendered":"","protected":false},"author":9,"featured_media":0,"parent":4165,"menu_order":0,"comment_status":"closed","ping_status":"closed","template":"templates\/template-application-platform.php","meta":{"publish_to_discourse":"","publish_post_category":"","wpdc_auto_publish_overridden":"","wpdc_topic_tags":"","wpdc_pin_topic":"","wpdc_pin_until":"","discourse_post_id":"","discourse_permalink":"","wpdc_publishing_response":"","wpdc_publishing_error":"","footnotes":""},"class_list":["post-8307","page","type-page","status-publish","hentry"],"yoast_head":"<!-- This site is optimized with the Yoast SEO plugin v25.3.1 - https:\/\/yoast.com\/wordpress\/plugins\/seo\/ -->\n<title>Button-Builder-Plugin \u2013 Button-Modul zu Drupal hinzuf\u00fcgen (2025)<\/title>\n<meta name=\"description\" content=\"Nutzen Sie das neue Button-Modul f\u00fcr Drupal. Gewinnen Sie mehr neue Abonnenten in Ihren sozialen Medien und machen Sie Ihr Unternehmen mit Elfsight-Tools bekannt!\" \/>\n<meta name=\"robots\" content=\"index, follow, max-snippet:-1, max-image-preview:large, max-video-preview:-1\" \/>\n<link rel=\"canonical\" href=\"https:\/\/elfsight.com\/de\/button-widget\/drupal\/\" \/>\n<meta property=\"og:locale\" content=\"de_DE\" \/>\n<meta property=\"og:type\" content=\"article\" \/>\n<meta property=\"og:title\" content=\"Button-Builder-Plugin \u2013 Button-Modul zu Drupal hinzuf\u00fcgen (2025)\" \/>\n<meta property=\"og:description\" content=\"Nutzen Sie das neue Button-Modul f\u00fcr Drupal. Gewinnen Sie mehr neue Abonnenten in Ihren sozialen Medien und machen Sie Ihr Unternehmen mit Elfsight-Tools bekannt!\" \/>\n<meta property=\"og:url\" content=\"https:\/\/elfsight.com\/de\/button-widget\/drupal\/\" \/>\n<meta property=\"og:site_name\" content=\"Elfsight DE\" \/>\n<meta property=\"article:modified_time\" content=\"2025-07-08T10:19:39+00:00\" \/>\n<meta name=\"twitter:card\" content=\"summary_large_image\" \/>\n<meta name=\"twitter:label1\" content=\"Gesch\u00e4tzte Lesezeit\" \/>\n\t<meta name=\"twitter:data1\" content=\"3\u00a0Minuten\" \/>\n<!-- \/ Yoast SEO plugin. -->","yoast_head_json":{"title":"Button-Builder-Plugin \u2013 Button-Modul zu Drupal hinzuf\u00fcgen (2025)","description":"Nutzen Sie das neue Button-Modul f\u00fcr Drupal. Gewinnen Sie mehr neue Abonnenten in Ihren sozialen Medien und machen Sie Ihr Unternehmen mit Elfsight-Tools bekannt!","robots":{"index":"index","follow":"follow","max-snippet":"max-snippet:-1","max-image-preview":"max-image-preview:large","max-video-preview":"max-video-preview:-1"},"canonical":"https:\/\/elfsight.com\/de\/button-widget\/drupal\/","og_locale":"de_DE","og_type":"article","og_title":"Button-Builder-Plugin \u2013 Button-Modul zu Drupal hinzuf\u00fcgen (2025)","og_description":"Nutzen Sie das neue Button-Modul f\u00fcr Drupal. Gewinnen Sie mehr neue Abonnenten in Ihren sozialen Medien und machen Sie Ihr Unternehmen mit Elfsight-Tools bekannt!","og_url":"https:\/\/elfsight.com\/de\/button-widget\/drupal\/","og_site_name":"Elfsight DE","article_modified_time":"2025-07-08T10:19:39+00:00","twitter_card":"summary_large_image","twitter_misc":{"Gesch\u00e4tzte Lesezeit":"3\u00a0Minuten"},"schema":{"@context":"https:\/\/schema.org","@graph":[{"@type":"WebPage","@id":"https:\/\/elfsight.com\/de\/button-widget\/drupal\/","url":"https:\/\/elfsight.com\/de\/button-widget\/drupal\/","name":"Button-Builder-Plugin \u2013 Button-Modul zu Drupal hinzuf\u00fcgen (2025)","isPartOf":{"@id":"https:\/\/elfsight.com\/de\/#website"},"datePublished":"2024-05-03T06:31:45+00:00","dateModified":"2025-07-08T10:19:39+00:00","description":"Nutzen Sie das neue Button-Modul f\u00fcr Drupal. Gewinnen Sie mehr neue Abonnenten in Ihren sozialen Medien und machen Sie Ihr Unternehmen mit Elfsight-Tools bekannt!","breadcrumb":{"@id":"https:\/\/elfsight.com\/de\/button-widget\/drupal\/#breadcrumb"},"inLanguage":"de","potentialAction":[{"@type":"ReadAction","target":["https:\/\/elfsight.com\/de\/button-widget\/drupal\/"]}]},{"@type":"BreadcrumbList","@id":"https:\/\/elfsight.com\/de\/button-widget\/drupal\/#breadcrumb","itemListElement":[{"@type":"ListItem","position":1,"name":"Home","item":"https:\/\/elfsight.com\/de\/"},{"@type":"ListItem","position":2,"name":"Button","item":"https:\/\/elfsight.com\/de\/button-widget\/"},{"@type":"ListItem","position":3,"name":"Button &#8211; Drupal"}]},{"@type":"WebSite","@id":"https:\/\/elfsight.com\/de\/#website","url":"https:\/\/elfsight.com\/de\/","name":"Elfsight DE","description":"Just another Elfsight Sites site","potentialAction":[{"@type":"SearchAction","target":{"@type":"EntryPoint","urlTemplate":"https:\/\/elfsight.com\/de\/?s={search_term_string}"},"query-input":{"@type":"PropertyValueSpecification","valueRequired":true,"valueName":"search_term_string"}}],"inLanguage":"de"}]}},"meta_box":{"industry":"","seo_heading":"","heading":"","description":"","cta_heading":"","cta_description":"","application":"4164","h1":"Drupal Button-Modul","h1_caption":"F\u00fcgen Sie eine anpassbare Call-to-Action-Schaltfl\u00e4che hinzu, um Klicks zu f\u00f6rdern und Ihre Benutzer m\u00fchelos zu Conversions auf Ihrer Drupal-Website zu f\u00fchren.","application_category":[],"applications_title":"","applications_request_title":"","applications_request_button_text":"","hero_text":"","hero_video":"","hero_video_schema_markup":"","selling_points_title":"","selling_points_caption":"","selling_points":[],"selling_points_cta_text":"","features_title":"","features":"","ed_cta_examples_text":"","ed_cta_examples_hidden":"","ed_cta_demo_text":"","ed_cta_demo_hidden":"","why_caption":"","why_editor_title":"","why_editor_text":"","why_team_title":"","why_team_text":"","why_service_title":"","why_service_text":"","template_catalog_visible":"","template_catalog_title":"","template_catalog_text":"","template_catalog_categories_visible":"","demo_title":"Erstellen Sie Ihr Button-Modul","demo_caption":"Konfigurieren Sie Ihren Button und f\u00fcgen Sie ihn kostenlos zu Ihrer Drupal-Website hinzu!","default_faq_hidden":"","app_template_category":[],"platform":"261","template_public_id":"","codecanyon_url":"","codecanyon_item_id":"","codecanyon_price":"","pricing_caption":"","pricing_elfsight_apps_hide_column":"","pricing_elfsight_apps_url":"","pricing_codecanyon_price_caption":"","integration_category":[],"integration_request_title":"","integration_request_cta":"","integration_platform":"","integrations":[],"platform_category":[],"video_schema_markup":"","price":"ab 0 $ \/ Monat","trial":"","benefits":[{"text":"Kostenlose Installationshilfe"},{"text":"Premium-Support"},{"text":"14-t\u00e4gige Geld-zur\u00fcck-Garantie"},{"text":"Laufende kostenlose Verbesserungen"}],"button_url":"#demo","button_target_blank":"","button_nofollow":"","attributes":[{"name":"Installiert","content":"10,000 - 100,000"},{"name":"Reaktionsfreudig","content":"Ja"},{"name":"Kompatible Browser","content":"Firefox, Safari, Opera, Chrome, Edge"}],"tags":[],"tags_disable_links":"","hide_more_platforms":"","video_object":"","demo_hide_cta":"","demo_hide_cloud_options":"","pricing_title":"","pricing":[{"pricing_icon":"platform","pricing_title":"Elfsight Apps","pricing_title_caption":"Multiplattform-Software","pricing_price":"ab 0 $ \/ Monat","pricing_price_caption":"Beginnen Sie mit einem kostenlosen Plan","pricing_benefits":[{"text":"Unbegrenzte Domains"},{"text":"Unternehmenssupport rund um die Uhr und gut dokumentiert"},{"text":"Kostenloser Installationsservice"},{"text":"100 % anpassbar"}],"pricing_button_text":"Zur Website hinzuf\u00fcgen","pricing_button_url":"#demo"}],"related_apps_title":"","related_apps_hidden":"","author":"","image":[],"title":"","job":"","social_networks":[]},"_links":{"self":[{"href":"https:\/\/elfsight.com\/de\/wp-json\/wp\/v2\/pages\/8307","targetHints":{"allow":["GET"]}}],"collection":[{"href":"https:\/\/elfsight.com\/de\/wp-json\/wp\/v2\/pages"}],"about":[{"href":"https:\/\/elfsight.com\/de\/wp-json\/wp\/v2\/types\/page"}],"author":[{"embeddable":true,"href":"https:\/\/elfsight.com\/de\/wp-json\/wp\/v2\/users\/9"}],"replies":[{"embeddable":true,"href":"https:\/\/elfsight.com\/de\/wp-json\/wp\/v2\/comments?post=8307"}],"version-history":[{"count":2,"href":"https:\/\/elfsight.com\/de\/wp-json\/wp\/v2\/pages\/8307\/revisions"}],"predecessor-version":[{"id":21383,"href":"https:\/\/elfsight.com\/de\/wp-json\/wp\/v2\/pages\/8307\/revisions\/21383"}],"up":[{"embeddable":true,"href":"https:\/\/elfsight.com\/de\/wp-json\/wp\/v2\/pages\/4165"}],"wp:attachment":[{"href":"https:\/\/elfsight.com\/de\/wp-json\/wp\/v2\/media?parent=8307"}],"curies":[{"name":"wp","href":"https:\/\/api.w.org\/{rel}","templated":true}]}}