{"id":8306,"date":"2024-05-03T06:31:44","date_gmt":"2024-05-03T06:31:44","guid":{"rendered":"https:\/\/elfsight.com\/de\/?page_id=8306"},"modified":"2025-07-08T10:19:47","modified_gmt":"2025-07-08T10:19:47","slug":"facebook","status":"publish","type":"page","link":"https:\/\/elfsight.com\/de\/button-widget\/facebook\/","title":{"rendered":"Button &#8211; Facebook"},"content":{"rendered":"<div class=\"application-platform-content-item-description application-platform-content-item\" id=\"description\" data-nav-section=\"description\"> <h2>Beschreibung<\/h2> <p>Elfsight Button ist ein Widget f\u00fcr Facebook, das Ihnen die M\u00f6glichkeit gibt, verschiedene Schaltfl\u00e4chen f\u00fcr verschiedene Ziele auf Ihrer Website zu erstellen . Es gibt unz\u00e4hlige Aktionen, die ausgef\u00fchrt werden k\u00f6nnen, nachdem ein Benutzer auf die Schaltfl\u00e4che geklickt hat. Sie k\u00f6nnen beispielsweise an eine URL gesendet werden, eine Nummer w\u00e4hlen, \u00fcber einen bekannten Messenger kommunizieren und vieles mehr. Der Button ist \u00e4u\u00dferst personalisierbar \u2013 Sie k\u00f6nnen gerne beliebigen Text und Inhalt \u00fcber und unter dem Button hinzuf\u00fcgen sowie seine Gr\u00f6\u00dfe und seinen Stil \u00e4ndern. <\/p> <p><b>Verwenden Sie eine verlockende Schaltfl\u00e4che, um den Umsatz auf Ihrer Website zu steigern, mehr neue Abonnenten auf Ihren sozialen Medien zu gewinnen und vieles mehr! <\/b><\/p> <\/div> <div class=\"application-platform-content-item-features application-platform-content-item\" id=\"features\" data-nav-section=\"features\"> <h2>Die wichtigsten Widget-Funktionen bieten<\/h2> <ul><li>Farben und Schriftarten \u00e4ndern<\/li><li> Zwei Arten von Schaltfl\u00e4chenlayouts \u2013 eingebettet und schwebend<\/li><li>Eine M\u00f6glichkeit, Inhalte rund um Ihre Schaltfl\u00e4che hinzuzuf\u00fcgen<\/li><li>Sie k\u00f6nnen zwei Zeilen verwenden<\/li><li>\u00dcber acht Aktionsvarianten nach einer klicken<\/li><\/ul><p><a href=\"#demo\">Sie k\u00f6nnen die vollst\u00e4ndigen Funktionen des Widgets in der Demo auf dieser Seite entdecken<\/a><\/p> <\/div> <div class=\"application-platform-content-item-installation application-platform-content-item\" id=\"installation\" data-nav-section=\"installation\"> <h2>Wie f\u00fcge ich einen Button zu meiner Facebook-Seite hinzu? <\/h2> <p>Erf\u00fcllen Sie einfach die folgenden Richtlinien, um das Tool zu integrieren. <\/p> <ol><li><b>Starten Sie unseren kostenlosen Konfigurator und beginnen Sie mit der Erstellung Ihres eigenen Instruments. <\/b><br> Bestimmen Sie das passende Aussehen und die Eigenschaften des Widgets und nehmen Sie die \u00c4nderungen vor. <\/li> <li><b>Erhalten Sie den pers\u00f6nlichen Code, der im Fenster von Elfsight Apps angezeigt wird. <\/b><br> Sobald die Anpassung Ihres Widgets abgeschlossen ist, kopieren Sie den exklusiven Code aus dem angezeigten Feld und speichern Sie ihn zur weiteren Verwendung. <\/li> <li><b>Erste Schritte mit der Verwendung des Widgets auf Ihrer Facebook-Website. <\/b><br> Platzieren Sie den Code, den Sie k\u00fcrzlich kopiert haben, auf Ihrer Homepage und wenden Sie die Korrekturen an. <\/li> <li><b>Die Installation wurde erfolgreich beendet. <\/b><br> Besuchen Sie Ihre Website, um zu sehen, wie das Plugin funktioniert. <\/li><\/ol> <p>Wenn Sie irgendwelche Komplikationen haben, scheuen Sie sich nicht, sich an unser Support-Team zu wenden. Unsere Spezialisten beantworten gerne alle Fragen, die Sie zum Produkt haben. <\/p> <div class=\"faq\" data-component=\"FAQ\"><div class=\"faq-item\">\r\n\t\t\t\t\t<div class=\"faq-item-question\">\r\n\t\t\t\t\t\t<h3 class=\"faq-item-question-text\">Wie kann ich einen Button ohne Programmierkenntnisse zu meiner Facebook-Website hinzuf\u00fcgen?<\/h3>\r\n\r\n\t\t\t\t\t\t<div class=\"faq-item-question-icon\"><\/div>\r\n\t\t\t\t\t<\/div>\r\n\r\n\t\t\t\t\t<div class=\"faq-item-answer\">\r\n\t\t\t\t\t\t<div class=\"faq-item-answer-text\"> <p>Elfsight bietet eine SaaS-L\u00f6sung, mit der Sie selbst ein Button-Widget erstellen k\u00f6nnen. Sehen Sie, wie einfach der Vorgang ist : Arbeiten Sie direkt im Online-Editor, um ein Button-Widget zu erstellen, das Sie gerne auf Ihrer Facebook-Website sehen w\u00fcrden. W\u00e4hlen Sie eine der vorgefertigten Vorlagen aus und passen Sie die Schaltfl\u00e4cheneinstellungen an, f\u00fcgen Sie Ihre Inhalte hinzu, \u00e4ndern Sie das Layout und die Farben ohne Programmierkenntnisse. Speichern Sie den Button und kopieren Sie seinen Installationscode, den Sie einfach in Ihre Facebook-Website einf\u00fcgen k\u00f6nnen, ohne eine kostenpflichtige Version zu kaufen. Mit unserem intuitiven Editor kann jeder Internetnutzer ein Button-Widget online erstellen und es einfach in seine Facebook-Website einbetten. Um auf den Service zuzugreifen, m\u00fcssen Sie weder bezahlen noch Ihre Kartendaten eingeben. Sollten bei irgendeinem Schritt Probleme auftreten, wenden Sie sich bitte an unser technisches Support-Team.<\/p> <\/div>\r\n\t\t\t\t\t<\/div>\r\n\t\t\t\t<\/div> <\/div><\/div><p><\/p>","protected":false},"excerpt":{"rendered":"","protected":false},"author":9,"featured_media":0,"parent":4165,"menu_order":0,"comment_status":"closed","ping_status":"closed","template":"templates\/template-application-platform.php","meta":{"publish_to_discourse":"","publish_post_category":"","wpdc_auto_publish_overridden":"","wpdc_topic_tags":"","wpdc_pin_topic":"","wpdc_pin_until":"","discourse_post_id":"","discourse_permalink":"","wpdc_publishing_response":"","wpdc_publishing_error":"","footnotes":""},"class_list":["post-8306","page","type-page","status-publish","hentry"],"yoast_head":"<!-- This site is optimized with the Yoast SEO plugin v25.3.1 - https:\/\/yoast.com\/wordpress\/plugins\/seo\/ -->\n<title>Button-Generator-Widget \u2013 Button-Widget zu Facebook hinzuf\u00fcgen (2025)<\/title>\n<meta name=\"description\" content=\"Probieren Sie das Elfsight Button-Widget f\u00fcr Facebook aus. Gewinnen Sie mehr neue Abonnenten, steigern Sie den Umsatz auf Ihrer Website und machen Sie Ihr Gesch\u00e4ft mit Elfsight-Tools!\" \/>\n<meta name=\"robots\" content=\"index, follow, max-snippet:-1, max-image-preview:large, max-video-preview:-1\" \/>\n<link rel=\"canonical\" href=\"https:\/\/elfsight.com\/de\/button-widget\/facebook\/\" \/>\n<meta property=\"og:locale\" content=\"de_DE\" \/>\n<meta property=\"og:type\" content=\"article\" \/>\n<meta property=\"og:title\" content=\"Button-Generator-Widget \u2013 Button-Widget zu Facebook hinzuf\u00fcgen (2025)\" \/>\n<meta property=\"og:description\" content=\"Probieren Sie das Elfsight Button-Widget f\u00fcr Facebook aus. Gewinnen Sie mehr neue Abonnenten, steigern Sie den Umsatz auf Ihrer Website und machen Sie Ihr Gesch\u00e4ft mit Elfsight-Tools!\" \/>\n<meta property=\"og:url\" content=\"https:\/\/elfsight.com\/de\/button-widget\/facebook\/\" \/>\n<meta property=\"og:site_name\" content=\"Elfsight DE\" \/>\n<meta property=\"article:modified_time\" content=\"2025-07-08T10:19:47+00:00\" \/>\n<meta name=\"twitter:card\" content=\"summary_large_image\" \/>\n<meta name=\"twitter:label1\" content=\"Gesch\u00e4tzte Lesezeit\" \/>\n\t<meta name=\"twitter:data1\" content=\"3\u00a0Minuten\" \/>\n<!-- \/ Yoast SEO plugin. -->","yoast_head_json":{"title":"Button-Generator-Widget \u2013 Button-Widget zu Facebook hinzuf\u00fcgen (2025)","description":"Probieren Sie das Elfsight Button-Widget f\u00fcr Facebook aus. Gewinnen Sie mehr neue Abonnenten, steigern Sie den Umsatz auf Ihrer Website und machen Sie Ihr Gesch\u00e4ft mit Elfsight-Tools!","robots":{"index":"index","follow":"follow","max-snippet":"max-snippet:-1","max-image-preview":"max-image-preview:large","max-video-preview":"max-video-preview:-1"},"canonical":"https:\/\/elfsight.com\/de\/button-widget\/facebook\/","og_locale":"de_DE","og_type":"article","og_title":"Button-Generator-Widget \u2013 Button-Widget zu Facebook hinzuf\u00fcgen (2025)","og_description":"Probieren Sie das Elfsight Button-Widget f\u00fcr Facebook aus. Gewinnen Sie mehr neue Abonnenten, steigern Sie den Umsatz auf Ihrer Website und machen Sie Ihr Gesch\u00e4ft mit Elfsight-Tools!","og_url":"https:\/\/elfsight.com\/de\/button-widget\/facebook\/","og_site_name":"Elfsight DE","article_modified_time":"2025-07-08T10:19:47+00:00","twitter_card":"summary_large_image","twitter_misc":{"Gesch\u00e4tzte Lesezeit":"3\u00a0Minuten"},"schema":{"@context":"https:\/\/schema.org","@graph":[{"@type":"WebPage","@id":"https:\/\/elfsight.com\/de\/button-widget\/facebook\/","url":"https:\/\/elfsight.com\/de\/button-widget\/facebook\/","name":"Button-Generator-Widget \u2013 Button-Widget zu Facebook hinzuf\u00fcgen (2025)","isPartOf":{"@id":"https:\/\/elfsight.com\/de\/#website"},"datePublished":"2024-05-03T06:31:44+00:00","dateModified":"2025-07-08T10:19:47+00:00","description":"Probieren Sie das Elfsight Button-Widget f\u00fcr Facebook aus. Gewinnen Sie mehr neue Abonnenten, steigern Sie den Umsatz auf Ihrer Website und machen Sie Ihr Gesch\u00e4ft mit Elfsight-Tools!","breadcrumb":{"@id":"https:\/\/elfsight.com\/de\/button-widget\/facebook\/#breadcrumb"},"inLanguage":"de","potentialAction":[{"@type":"ReadAction","target":["https:\/\/elfsight.com\/de\/button-widget\/facebook\/"]}]},{"@type":"BreadcrumbList","@id":"https:\/\/elfsight.com\/de\/button-widget\/facebook\/#breadcrumb","itemListElement":[{"@type":"ListItem","position":1,"name":"Home","item":"https:\/\/elfsight.com\/de\/"},{"@type":"ListItem","position":2,"name":"Button","item":"https:\/\/elfsight.com\/de\/button-widget\/"},{"@type":"ListItem","position":3,"name":"Button &#8211; Facebook"}]},{"@type":"WebSite","@id":"https:\/\/elfsight.com\/de\/#website","url":"https:\/\/elfsight.com\/de\/","name":"Elfsight DE","description":"Just another Elfsight Sites site","potentialAction":[{"@type":"SearchAction","target":{"@type":"EntryPoint","urlTemplate":"https:\/\/elfsight.com\/de\/?s={search_term_string}"},"query-input":{"@type":"PropertyValueSpecification","valueRequired":true,"valueName":"search_term_string"}}],"inLanguage":"de"}]}},"meta_box":{"industry":"","seo_heading":"","heading":"","description":"","cta_heading":"","cta_description":"","application":"4164","h1":"Facebook-Button-Widget","h1_caption":"Bringen Sie Ihr Publikum direkt zur Zielaktion","application_category":[],"applications_title":"","applications_request_title":"","applications_request_button_text":"","hero_text":"","hero_video":"","hero_video_schema_markup":"","selling_points_title":"","selling_points_caption":"","selling_points":[],"selling_points_cta_text":"","features_title":"","features":"","ed_cta_examples_text":"","ed_cta_examples_hidden":"","ed_cta_demo_text":"","ed_cta_demo_hidden":"","why_caption":"","why_editor_title":"","why_editor_text":"","why_team_title":"","why_team_text":"","why_service_title":"","why_service_text":"","template_catalog_visible":"","template_catalog_title":"","template_catalog_text":"","template_catalog_categories_visible":"","demo_title":"F\u00fchlen Sie sich frei, einen individuellen Facebook-Button zu erstellen","demo_caption":"Passen Sie es an und integrieren Sie das Tool mithilfe einer Live-Demo in Ihre Website.","default_faq_hidden":"","app_template_category":[],"platform":"216","template_public_id":"","codecanyon_url":"","codecanyon_item_id":"","codecanyon_price":"","pricing_caption":"","pricing_elfsight_apps_hide_column":"","pricing_elfsight_apps_url":"","pricing_codecanyon_price_caption":"","integration_category":[],"integration_request_title":"","integration_request_cta":"","integration_platform":"","integrations":[],"platform_category":[],"video_schema_markup":"","price":"ab 0 $ \/ Monat","trial":"","benefits":[{"text":"Kostenloser Installationsservice"},{"text":"Effektiver Kundenservice"},{"text":"14-t\u00e4gige R\u00fcckerstattungsgarantie"},{"text":"St\u00e4ndige Aktualisierung"}],"button_url":"#demo","button_target_blank":"","button_nofollow":"","attributes":[{"name":"Installiert","content":"10,000 - 100,000"},{"name":"Reaktionsfreudig","content":"Ja"},{"name":"Kompatible Browser","content":"Firefox, Safari, Opera, Chrome, Edge"}],"tags":[],"tags_disable_links":"","hide_more_platforms":"","video_object":"","demo_hide_cta":"","demo_hide_cloud_options":"","pricing_title":"","pricing":[{"pricing_icon":"platform","pricing_title":"Elfsight Apps","pricing_title_caption":"Plattform\u00fcbergreifende digitale L\u00f6sung, die auf jeder Website funktioniert","pricing_price":"ab 0 $ \/ Monat","pricing_price_caption":"Beginnen Sie mit einem kostenlosen Plan","pricing_benefits":[{"text":"Unbegrenzte Websites"},{"text":"Erstklassiger und p\u00fcnktlicher Support"},{"text":"Kostenlose Installationsunterst\u00fctzung"},{"text":"Vollst\u00e4ndig anpassbar"}],"pricing_button_text":"Zur Website hinzuf\u00fcgen","pricing_button_url":"#demo"}],"related_apps_title":"","related_apps_hidden":"","author":"","image":[],"title":"","job":"","social_networks":[]},"_links":{"self":[{"href":"https:\/\/elfsight.com\/de\/wp-json\/wp\/v2\/pages\/8306","targetHints":{"allow":["GET"]}}],"collection":[{"href":"https:\/\/elfsight.com\/de\/wp-json\/wp\/v2\/pages"}],"about":[{"href":"https:\/\/elfsight.com\/de\/wp-json\/wp\/v2\/types\/page"}],"author":[{"embeddable":true,"href":"https:\/\/elfsight.com\/de\/wp-json\/wp\/v2\/users\/9"}],"replies":[{"embeddable":true,"href":"https:\/\/elfsight.com\/de\/wp-json\/wp\/v2\/comments?post=8306"}],"version-history":[{"count":2,"href":"https:\/\/elfsight.com\/de\/wp-json\/wp\/v2\/pages\/8306\/revisions"}],"predecessor-version":[{"id":21382,"href":"https:\/\/elfsight.com\/de\/wp-json\/wp\/v2\/pages\/8306\/revisions\/21382"}],"up":[{"embeddable":true,"href":"https:\/\/elfsight.com\/de\/wp-json\/wp\/v2\/pages\/4165"}],"wp:attachment":[{"href":"https:\/\/elfsight.com\/de\/wp-json\/wp\/v2\/media?parent=8306"}],"curies":[{"name":"wp","href":"https:\/\/api.w.org\/{rel}","templated":true}]}}