{"id":8305,"date":"2024-05-03T06:31:43","date_gmt":"2024-05-03T06:31:43","guid":{"rendered":"https:\/\/elfsight.com\/de\/?page_id=8305"},"modified":"2025-02-21T07:12:11","modified_gmt":"2025-02-21T07:12:11","slug":"elementor","status":"publish","type":"page","link":"https:\/\/elfsight.com\/de\/button-widget\/elementor\/","title":{"rendered":"Button &#8211; Elementor"},"content":{"rendered":"\n<div class=\"application-platform-content-item-description application-platform-content-item\" id=\"description\" data-nav-section=\"description\"> <h2>Schaltfl\u00e4che in Elementor mit dem Elfsight-Widget einbetten<\/h2> <p>Die Schaltfl\u00e4che ist ein Widget f\u00fcr Elementor, mit dem Sie verschiedene Schaltfl\u00e4chen f\u00fcr erstellen k\u00f6nnen mehrere Ziele auf Ihrer Website. Es gibt viele Aktionen, die durchgef\u00fchrt werden k\u00f6nnen, nachdem Ihr Website-Besucher auf die Schaltfl\u00e4che geklickt hat. Sie k\u00f6nnen sie beispielsweise an eine andere Website senden, Ihre Telefonnummer w\u00e4hlen, \u00fcber einen beliebten Messenger chatten und vieles mehr. Unser Button ist bemerkenswert personalisierbar \u2013 Sie k\u00f6nnen jede beliebige Nachricht und jeden Inhalt oberhalb und unterhalb des Buttons verwenden und dessen Gr\u00f6\u00dfe und Farben \u00e4ndern. <\/p> <p><b>Wenden Sie eine verlockende Schaltfl\u00e4che an, um den Umsatz auf Ihrer Website zu steigern, mehr neue Follower auf Ihren sozialen Medien zu gewinnen und vieles mehr! <\/b><\/p> <\/div> <div class=\"application-platform-content-item-features application-platform-content-item\" id=\"features\" data-nav-section=\"features\"> <h2>Dies sind nur einige der zahlreichen Widget-Funktionen: <\/h2> <ul><li>Farben und Schriftarten \u00e4ndern<\/li><li>Zwei Arten der Schaltfl\u00e4chenpositionierung \u2013 eingebettet und schwebend<\/li><li>Eine M\u00f6glichkeit, Inhalte um die Schaltfl\u00e4che herum hinzuzuf\u00fcgen<\/li><li>Sie k\u00f6nnen zwei Zeilen belegen<\/li><li>Mehr als acht Variationen von Szenarien nach einem Klick<\/li><\/ul><p><a href=\"#demo\">Was das Widget wert ist, k\u00f6nnen Sie anhand der Demo \u00fcberpr\u00fcfen<\/a><\/p> <\/div> <div class=\"application-platform-content-item-installation application-platform-content-item\" id=\"installation\" data-nav-section=\"installation\"> <h2>Wie kann ich einen Button auf meiner Elementor-Website hinzuf\u00fcgen? <\/h2> <p>F\u00fchren Sie einfach die unten aufgef\u00fchrten Schritte aus, um das Tool zu integrieren. <\/p> <ol><li><b>Nutzen Sie unsere kostenlose Demo und beginnen Sie mit der Gestaltung Ihres ma\u00dfgeschneiderten Widgets. <\/b><br> W\u00e4hlen Sie das bevorzugte Design und die Optionen des Widgets und nehmen Sie die Korrekturen vor. <\/li> <li><b>Erhalten Sie den individuellen Code, der im Fenster von Elfsight Apps angezeigt wird. <\/b><br> Nachdem die Erstellung Ihres pers\u00f6nlichen Plugins abgeschlossen ist, kopieren Sie den exklusiven Code in das erscheinende Feld und bewahren Sie ihn f\u00fcr die zuk\u00fcnftige Verwendung auf. <\/li> <li><b>Beginnen Sie mit der Nutzung des Widgets auf Ihrer Elementor-Website. <\/b><br> F\u00fcgen Sie den zuvor gespeicherten Code in Ihre Homepage ein und speichern Sie die \u00c4nderungen. <\/li> <li><b>Du bist fertig! Die Einbettung wurde erfolgreich durchgef\u00fchrt. <\/b><br> Besuchen Sie Ihre Website, um zu sehen, wie das Widget funktioniert. <\/li><\/ol> <p>Scheuen Sie sich nicht, sich an unser Support-Team zu wenden, wenn Sie mit Anfragen oder Problemen konfrontiert werden. Unsere Spezialisten helfen Ihnen gerne bei allen Problemen, die Sie mit dem Produkt haben. <\/p> <div class=\"faq\" data-component=\"FAQ\"><div class=\"faq-item\">\r\n\t\t\t\t\t<div class=\"faq-item-question\">\r\n\t\t\t\t\t\t<h3 class=\"faq-item-question-text\">Wie kann ich Button ohne Programmierkenntnisse zu meiner Elementor-Website hinzuf\u00fcgen?<\/h3>\r\n\r\n\t\t\t\t\t\t<div class=\"faq-item-question-icon\"><\/div>\r\n\t\t\t\t\t<\/div>\r\n\r\n\t\t\t\t\t<div class=\"faq-item-answer\">\r\n\t\t\t\t\t\t<div class=\"faq-item-answer-text\"> <p>Elfsight bietet eine SaaS-L\u00f6sung, mit der Sie selbst ein Button-Widget erstellen k\u00f6nnen. Sehen Sie, wie einfach der Vorgang ist : Arbeiten Sie direkt im Online-Editor, um ein Button-Widget zu erstellen, das Sie auf Ihrer Elementor-Website sehen m\u00f6chten. W\u00e4hlen Sie eine der vorgefertigten Vorlagen aus und passen Sie die Schaltfl\u00e4cheneinstellungen an, f\u00fcgen Sie Ihre Inhalte hinzu, \u00e4ndern Sie das Layout und die Farben ohne Programmierkenntnisse. Speichern Sie den Button und kopieren Sie seinen Installationscode, den Sie ganz einfach in Ihre Elementor-Website einbetten k\u00f6nnen, ohne einen kostenpflichtigen Plan kaufen zu m\u00fcssen. Mit unserem intuitiven Editor kann jeder Internetnutzer online ein Button-Widget erstellen und es einfach in seine Elementor-Website einbetten. Sie m\u00fcssen weder bezahlen noch Ihre Kartendaten eingeben, um auf den Service zuzugreifen. Sollten bei irgendeinem Schritt Probleme auftreten, wenden Sie sich bitte an unser technisches Support-Team.<\/p> <\/div>\r\n\t\t\t\t\t<\/div>\r\n\t\t\t\t<\/div> <\/div><\/div>\n","protected":false},"excerpt":{"rendered":"","protected":false},"author":9,"featured_media":0,"parent":4165,"menu_order":0,"comment_status":"closed","ping_status":"closed","template":"templates\/template-application-platform.php","meta":{"publish_to_discourse":"","publish_post_category":"","wpdc_auto_publish_overridden":"","wpdc_topic_tags":"","wpdc_pin_topic":"","wpdc_pin_until":"","discourse_post_id":"","discourse_permalink":"","wpdc_publishing_response":"","wpdc_publishing_error":"","footnotes":""},"class_list":["post-8305","page","type-page","status-publish","hentry"],"yoast_head":"<!-- This site is optimized with the Yoast SEO plugin v25.3.1 - https:\/\/yoast.com\/wordpress\/plugins\/seo\/ -->\n<title>Button-Konstruktor-Widget \u2013 Button-Widget zu Elementor hinzuf\u00fcgen (2025)<\/title>\n<meta name=\"description\" content=\"Testen Sie das Elfsight Button-Widget f\u00fcr Elementor. Gewinnen Sie mehr Follower, steigern Sie den Umsatz und machen Sie Ihr Unternehmen mit Hilfe der Elfsight-Tools bekannt!\" \/>\n<meta name=\"robots\" content=\"index, follow, max-snippet:-1, max-image-preview:large, max-video-preview:-1\" \/>\n<link rel=\"canonical\" href=\"https:\/\/elfsight.com\/de\/button-widget\/elementor\/\" \/>\n<meta property=\"og:locale\" content=\"de_DE\" \/>\n<meta property=\"og:type\" content=\"article\" \/>\n<meta property=\"og:title\" content=\"Button-Konstruktor-Widget \u2013 Button-Widget zu Elementor hinzuf\u00fcgen (2025)\" \/>\n<meta property=\"og:description\" content=\"Testen Sie das Elfsight Button-Widget f\u00fcr Elementor. Gewinnen Sie mehr Follower, steigern Sie den Umsatz und machen Sie Ihr Unternehmen mit Hilfe der Elfsight-Tools bekannt!\" \/>\n<meta property=\"og:url\" content=\"https:\/\/elfsight.com\/de\/button-widget\/elementor\/\" \/>\n<meta property=\"og:site_name\" content=\"Elfsight DE\" \/>\n<meta property=\"article:modified_time\" content=\"2025-02-21T07:12:11+00:00\" \/>\n<meta name=\"twitter:card\" content=\"summary_large_image\" \/>\n<meta name=\"twitter:label1\" content=\"Gesch\u00e4tzte Lesezeit\" \/>\n\t<meta name=\"twitter:data1\" content=\"3\u00a0Minuten\" \/>\n<!-- \/ Yoast SEO plugin. -->","yoast_head_json":{"title":"Button-Konstruktor-Widget \u2013 Button-Widget zu Elementor hinzuf\u00fcgen (2025)","description":"Testen Sie das Elfsight Button-Widget f\u00fcr Elementor. Gewinnen Sie mehr Follower, steigern Sie den Umsatz und machen Sie Ihr Unternehmen mit Hilfe der Elfsight-Tools bekannt!","robots":{"index":"index","follow":"follow","max-snippet":"max-snippet:-1","max-image-preview":"max-image-preview:large","max-video-preview":"max-video-preview:-1"},"canonical":"https:\/\/elfsight.com\/de\/button-widget\/elementor\/","og_locale":"de_DE","og_type":"article","og_title":"Button-Konstruktor-Widget \u2013 Button-Widget zu Elementor hinzuf\u00fcgen (2025)","og_description":"Testen Sie das Elfsight Button-Widget f\u00fcr Elementor. Gewinnen Sie mehr Follower, steigern Sie den Umsatz und machen Sie Ihr Unternehmen mit Hilfe der Elfsight-Tools bekannt!","og_url":"https:\/\/elfsight.com\/de\/button-widget\/elementor\/","og_site_name":"Elfsight DE","article_modified_time":"2025-02-21T07:12:11+00:00","twitter_card":"summary_large_image","twitter_misc":{"Gesch\u00e4tzte Lesezeit":"3\u00a0Minuten"},"schema":{"@context":"https:\/\/schema.org","@graph":[{"@type":"WebPage","@id":"https:\/\/elfsight.com\/de\/button-widget\/elementor\/","url":"https:\/\/elfsight.com\/de\/button-widget\/elementor\/","name":"Button-Konstruktor-Widget \u2013 Button-Widget zu Elementor hinzuf\u00fcgen (2025)","isPartOf":{"@id":"https:\/\/elfsight.com\/de\/#website"},"datePublished":"2024-05-03T06:31:43+00:00","dateModified":"2025-02-21T07:12:11+00:00","description":"Testen Sie das Elfsight Button-Widget f\u00fcr Elementor. Gewinnen Sie mehr Follower, steigern Sie den Umsatz und machen Sie Ihr Unternehmen mit Hilfe der Elfsight-Tools bekannt!","breadcrumb":{"@id":"https:\/\/elfsight.com\/de\/button-widget\/elementor\/#breadcrumb"},"inLanguage":"de","potentialAction":[{"@type":"ReadAction","target":["https:\/\/elfsight.com\/de\/button-widget\/elementor\/"]}]},{"@type":"BreadcrumbList","@id":"https:\/\/elfsight.com\/de\/button-widget\/elementor\/#breadcrumb","itemListElement":[{"@type":"ListItem","position":1,"name":"Home","item":"https:\/\/elfsight.com\/de\/"},{"@type":"ListItem","position":2,"name":"Button","item":"https:\/\/elfsight.com\/de\/button-widget\/"},{"@type":"ListItem","position":3,"name":"Button &#8211; Elementor"}]},{"@type":"WebSite","@id":"https:\/\/elfsight.com\/de\/#website","url":"https:\/\/elfsight.com\/de\/","name":"Elfsight DE","description":"Just another Elfsight Sites site","potentialAction":[{"@type":"SearchAction","target":{"@type":"EntryPoint","urlTemplate":"https:\/\/elfsight.com\/de\/?s={search_term_string}"},"query-input":{"@type":"PropertyValueSpecification","valueRequired":true,"valueName":"search_term_string"}}],"inLanguage":"de"}]}},"meta_box":{"industry":"","seo_heading":"","heading":"","description":"","cta_heading":"","cta_description":"","application":"4164","h1":"Elementor-Button-Widget","h1_caption":"F\u00fcgen Sie eine anpassbare Call-to-Action-Schaltfl\u00e4che hinzu, um Klicks zu f\u00f6rdern und Ihre Benutzer m\u00fchelos zu Conversions auf Ihrer Elementor-Website zu f\u00fchren.","application_category":[],"applications_title":"","applications_request_title":"","applications_request_button_text":"","hero_text":"","hero_video":"","hero_video_schema_markup":"","selling_points_title":"","selling_points_caption":"","selling_points":[],"selling_points_cta_text":"","features_title":"","features":"","ed_cta_examples_text":"","ed_cta_examples_hidden":"","ed_cta_demo_text":"","ed_cta_demo_hidden":"","why_caption":"","why_editor_title":"","why_editor_text":"","why_team_title":"","why_team_text":"","why_service_title":"","why_service_text":"","template_catalog_visible":"0","template_catalog_title":"","template_catalog_text":"","template_catalog_categories_visible":"","demo_title":"Erstellen Sie Ihr Button-Widget","demo_caption":"Konfigurieren Sie Ihren Button und f\u00fcgen Sie ihn kostenlos zu Ihrer Elementor-Website hinzu!","default_faq_hidden":"","app_template_category":[],"platform":"223","template_public_id":"","codecanyon_url":"","codecanyon_item_id":"","codecanyon_price":"","pricing_caption":"","pricing_elfsight_apps_hide_column":"","pricing_elfsight_apps_url":"","pricing_codecanyon_price_caption":"","integration_category":[],"integration_request_title":"","integration_request_cta":"","integration_platform":"","integrations":[],"platform_category":[],"video_schema_markup":"","price":"ab 0 $ \/ Monat","trial":"","benefits":[{"text":"Kostenlose Installationsunterst\u00fctzung"},{"text":"Effektiver Kundenservice"},{"text":"14-t\u00e4gige Geld-zur\u00fcck-Garantie"},{"text":"St\u00e4ndige Aktualisierung"}],"button_url":"#demo","button_target_blank":"0","button_nofollow":"0","attributes":[{"name":"Installiert","content":"10,000 - 100,000"},{"name":"Reaktionsfreudig","content":"Ja"},{"name":"Kompatible Browser","content":"Firefox, Safari, Opera, Chrome, Edge"}],"tags":[],"tags_disable_links":"0","hide_more_platforms":"0","video_object":"","demo_hide_cta":"0","demo_hide_cloud_options":"0","pricing_title":"","pricing":[{"pricing_icon":"platform","pricing_title":"Elfsight Apps","pricing_title_caption":"Plattformunabh\u00e4ngige digitale L\u00f6sung, die auf jeder Website funktioniert","pricing_price":"ab 0 $ \/ Monat","pricing_price_caption":"Beginnen Sie mit einem kostenlosen Plan","pricing_benefits":[{"text":"Unbegrenzte Domains"},{"text":"Engagierter Kundensupport"},{"text":"Kostenloser Installationsservice"},{"text":"100 % anpassbar"}],"pricing_button_text":"Zur Website hinzuf\u00fcgen","pricing_button_url":"#demo"}],"related_apps_title":"","related_apps_hidden":"0","author":"","image":[],"title":"","job":"","social_networks":[]},"_links":{"self":[{"href":"https:\/\/elfsight.com\/de\/wp-json\/wp\/v2\/pages\/8305","targetHints":{"allow":["GET"]}}],"collection":[{"href":"https:\/\/elfsight.com\/de\/wp-json\/wp\/v2\/pages"}],"about":[{"href":"https:\/\/elfsight.com\/de\/wp-json\/wp\/v2\/types\/page"}],"author":[{"embeddable":true,"href":"https:\/\/elfsight.com\/de\/wp-json\/wp\/v2\/users\/9"}],"replies":[{"embeddable":true,"href":"https:\/\/elfsight.com\/de\/wp-json\/wp\/v2\/comments?post=8305"}],"version-history":[{"count":3,"href":"https:\/\/elfsight.com\/de\/wp-json\/wp\/v2\/pages\/8305\/revisions"}],"predecessor-version":[{"id":24630,"href":"https:\/\/elfsight.com\/de\/wp-json\/wp\/v2\/pages\/8305\/revisions\/24630"}],"up":[{"embeddable":true,"href":"https:\/\/elfsight.com\/de\/wp-json\/wp\/v2\/pages\/4165"}],"wp:attachment":[{"href":"https:\/\/elfsight.com\/de\/wp-json\/wp\/v2\/media?parent=8305"}],"curies":[{"name":"wp","href":"https:\/\/api.w.org\/{rel}","templated":true}]}}