{"id":8299,"date":"2024-05-03T06:31:41","date_gmt":"2024-05-03T06:31:41","guid":{"rendered":"https:\/\/elfsight.com\/de\/?page_id=8299"},"modified":"2025-07-08T10:20:24","modified_gmt":"2025-07-08T10:20:24","slug":"jquery","status":"publish","type":"page","link":"https:\/\/elfsight.com\/de\/button-widget\/jquery\/","title":{"rendered":"Button &#8211; jQuery"},"content":{"rendered":"<div class=\"application-platform-content-item-description application-platform-content-item\" id=\"description\" data-nav-section=\"description\"> <h2>Beschreibung<\/h2> <p>Elfsight Button ist ein Plugin f\u00fcr jQuery, das Ihnen die M\u00f6glichkeit bietet, verschiedene Schaltfl\u00e4chen f\u00fcr mehrere Ziele auf Ihrer Website zu erstellen . Es gibt unz\u00e4hlige Aktionen, die durchgef\u00fchrt werden k\u00f6nnen, nachdem Ihr Website-Besucher auf die Schaltfl\u00e4che geklickt hat. Sie k\u00f6nnen beispielsweise auf eine Website eines Drittanbieters umgeleitet werden, eine Nummer w\u00e4hlen, in einem beliebten Messenger kommunizieren und vieles mehr. Der Button ist hochgradig personalisierbar \u2013 Sie k\u00f6nnen beliebige Nachrichten und Inhalte rund um den Button hinzuf\u00fcgen und seine Gr\u00f6\u00dfe und seinen Stil anpassen. <\/p> <p><b>Wenden Sie einen verf\u00fchrerischen Button an, um den Umsatz auf Ihrer Website zu steigern, mehr neue Follower auf Ihren Social-Media-Konten zu gewinnen und vieles mehr! <\/b><\/p> <\/div> <div class=\"application-platform-content-item-features application-platform-content-item\" id=\"features\" data-nav-section=\"features\"> <h2>Dies sind nur einige der wertvollen Widget-Funktionen: <\/h2> <ul><li>Farben und Schriftarten \u00e4ndern<\/li><li>2 Arten von Schaltfl\u00e4chenlayouts \u2013 eingebettet und schwebend<\/li><li>Eine Option zum Hinzuf\u00fcgen von Inhalten rund um Ihre Schaltfl\u00e4che<\/li><li>Sie k\u00f6nnen zwei Zeilen belegen<\/li><li>Mehr als acht Variationen von Szenarien nach einem Klick<\/li><\/ul><p><a href=\"#demo\">Entdecken Sie alle Anpassungsoptionen in einer voll funktionsf\u00e4higen Demo<\/a><\/p> <\/div> <div class=\"application-platform-content-item-installation application-platform-content-item\" id=\"installation\" data-nav-section=\"installation\"> <h2>Wie f\u00fcge ich Button zu meiner jQuery-Website hinzu? <\/h2> <p>Befolgen Sie einfach die unten aufgef\u00fchrten Schritte, um das Plugin einzubetten. <\/p> <ol><li><b>F\u00fchren Sie unseren kostenlosen Konfigurator aus und beginnen Sie mit der Gestaltung Ihres individuellen Plugins. <\/b><br> Geben Sie das passende Aussehen und die Funktionen des Tools an und speichern Sie die \u00c4nderungen. <\/li> <li><b>Erhalten Sie den pers\u00f6nlichen Code, der in der Box auf Elfsight Apps angezeigt wird. <\/b><br> Nachdem Sie Ihr Tool individuell angepasst haben, kopieren Sie den pers\u00f6nlichen Code aus dem erscheinenden Fenster und speichern Sie ihn f\u00fcr zuk\u00fcnftige Gelegenheiten. <\/li> <li><b>Initiieren Sie die Anwendung des Plugins auf Ihrer jQuery-Website. <\/b><br> F\u00fcgen Sie den zuvor kopierten Code in Ihre Homepage ein und \u00fcbernehmen Sie die \u00c4nderungen. <\/li> <li><b>Fertig! Die Integration ist erfolgreich abgeschlossen. <\/b><br> Besuchen Sie Ihre Website, um einen Blick auf die Funktionsweise des Tools zu werfen. <\/li><\/ol> <p>Wenn Sie Fragen haben oder auf Schwierigkeiten sto\u00dfen, wenden Sie sich bitte an unser Kundendienstteam. Unsere Spezialisten helfen Ihnen gerne bei allen Problemen rund um das Widget weiter. <\/p> <div class=\"faq\" data-component=\"FAQ\"><div class=\"faq-item\">\r\n\t\t\t\t\t<div class=\"faq-item-question\">\r\n\t\t\t\t\t\t<h3 class=\"faq-item-question-text\">Wie f\u00fcge ich einen Button ohne Programmierkenntnisse zu meiner jQuery-Website hinzu?<\/h3>\r\n\r\n\t\t\t\t\t\t<div class=\"faq-item-question-icon\"><\/div>\r\n\t\t\t\t\t<\/div>\r\n\r\n\t\t\t\t\t<div class=\"faq-item-answer\">\r\n\t\t\t\t\t\t<div class=\"faq-item-answer-text\"> <p>Elfsight bietet eine SaaS-L\u00f6sung, mit der Sie selbst ein Button-Widget erstellen k\u00f6nnen. Sehen Sie, wie einfach der Vorgang ist: Arbeiten Sie direkt im Online-Editor, um ein Button-Widget zu erstellen, das Sie auf Ihrer jQuery-Website sehen m\u00f6chten. W\u00e4hlen Sie eine der vorgefertigten Vorlagen aus und passen Sie die Schaltfl\u00e4cheneinstellungen an, f\u00fcgen Sie Ihre Inhalte hinzu, \u00e4ndern Sie das Layout und die Farben ohne Programmierkenntnisse. Speichern Sie den Button und kopieren Sie seinen Installationscode, den Sie m\u00fchelos in Ihre jQuery-Website einf\u00fcgen k\u00f6nnen, ohne einen kostenpflichtigen Plan kaufen zu m\u00fcssen. Mit unserem intuitiven Editor kann jeder Internetnutzer online ein Button-Widget erstellen und es einfach in seine jQuery-Website einbetten. Um auf den Service zuzugreifen, m\u00fcssen Sie weder bezahlen noch Ihre Kartendaten eingeben. Sollten bei irgendeinem Schritt Probleme auftreten, wenden Sie sich bitte an unser technisches Support-Team.<\/p> <\/div>\r\n\t\t\t\t\t<\/div>\r\n\t\t\t\t<\/div> <\/div><\/div>","protected":false},"excerpt":{"rendered":"","protected":false},"author":9,"featured_media":0,"parent":4165,"menu_order":0,"comment_status":"closed","ping_status":"closed","template":"templates\/template-application-platform.php","meta":{"publish_to_discourse":"","publish_post_category":"","wpdc_auto_publish_overridden":"","wpdc_topic_tags":"","wpdc_pin_topic":"","wpdc_pin_until":"","discourse_post_id":"","discourse_permalink":"","wpdc_publishing_response":"","wpdc_publishing_error":"","footnotes":""},"class_list":["post-8299","page","type-page","status-publish","hentry"],"yoast_head":"<!-- This site is optimized with the Yoast SEO plugin v25.3.1 - https:\/\/yoast.com\/wordpress\/plugins\/seo\/ -->\n<title>Button-Builder-Plugin \u2013 Button-Plugin zu jQuery hinzuf\u00fcgen (2025)<\/title>\n<meta name=\"description\" content=\"Wenden Sie das neue Button-Plugin f\u00fcr jQuery an. Gewinnen Sie neue Follower, steigern Sie den Umsatz und machen Sie Ihr Unternehmen mit Hilfe der Elfsight-Tools bekannt!\" \/>\n<meta name=\"robots\" content=\"index, follow, max-snippet:-1, max-image-preview:large, max-video-preview:-1\" \/>\n<link rel=\"canonical\" href=\"https:\/\/elfsight.com\/de\/button-widget\/jquery\/\" \/>\n<meta property=\"og:locale\" content=\"de_DE\" \/>\n<meta property=\"og:type\" content=\"article\" \/>\n<meta property=\"og:title\" content=\"Button-Builder-Plugin \u2013 Button-Plugin zu jQuery hinzuf\u00fcgen (2025)\" \/>\n<meta property=\"og:description\" content=\"Wenden Sie das neue Button-Plugin f\u00fcr jQuery an. Gewinnen Sie neue Follower, steigern Sie den Umsatz und machen Sie Ihr Unternehmen mit Hilfe der Elfsight-Tools bekannt!\" \/>\n<meta property=\"og:url\" content=\"https:\/\/elfsight.com\/de\/button-widget\/jquery\/\" \/>\n<meta property=\"og:site_name\" content=\"Elfsight DE\" \/>\n<meta property=\"article:modified_time\" content=\"2025-07-08T10:20:24+00:00\" \/>\n<meta name=\"twitter:card\" content=\"summary_large_image\" \/>\n<meta name=\"twitter:label1\" content=\"Gesch\u00e4tzte Lesezeit\" \/>\n\t<meta name=\"twitter:data1\" content=\"3\u00a0Minuten\" \/>\n<!-- \/ Yoast SEO plugin. -->","yoast_head_json":{"title":"Button-Builder-Plugin \u2013 Button-Plugin zu jQuery hinzuf\u00fcgen (2025)","description":"Wenden Sie das neue Button-Plugin f\u00fcr jQuery an. Gewinnen Sie neue Follower, steigern Sie den Umsatz und machen Sie Ihr Unternehmen mit Hilfe der Elfsight-Tools bekannt!","robots":{"index":"index","follow":"follow","max-snippet":"max-snippet:-1","max-image-preview":"max-image-preview:large","max-video-preview":"max-video-preview:-1"},"canonical":"https:\/\/elfsight.com\/de\/button-widget\/jquery\/","og_locale":"de_DE","og_type":"article","og_title":"Button-Builder-Plugin \u2013 Button-Plugin zu jQuery hinzuf\u00fcgen (2025)","og_description":"Wenden Sie das neue Button-Plugin f\u00fcr jQuery an. Gewinnen Sie neue Follower, steigern Sie den Umsatz und machen Sie Ihr Unternehmen mit Hilfe der Elfsight-Tools bekannt!","og_url":"https:\/\/elfsight.com\/de\/button-widget\/jquery\/","og_site_name":"Elfsight DE","article_modified_time":"2025-07-08T10:20:24+00:00","twitter_card":"summary_large_image","twitter_misc":{"Gesch\u00e4tzte Lesezeit":"3\u00a0Minuten"},"schema":{"@context":"https:\/\/schema.org","@graph":[{"@type":"WebPage","@id":"https:\/\/elfsight.com\/de\/button-widget\/jquery\/","url":"https:\/\/elfsight.com\/de\/button-widget\/jquery\/","name":"Button-Builder-Plugin \u2013 Button-Plugin zu jQuery hinzuf\u00fcgen (2025)","isPartOf":{"@id":"https:\/\/elfsight.com\/de\/#website"},"datePublished":"2024-05-03T06:31:41+00:00","dateModified":"2025-07-08T10:20:24+00:00","description":"Wenden Sie das neue Button-Plugin f\u00fcr jQuery an. Gewinnen Sie neue Follower, steigern Sie den Umsatz und machen Sie Ihr Unternehmen mit Hilfe der Elfsight-Tools bekannt!","breadcrumb":{"@id":"https:\/\/elfsight.com\/de\/button-widget\/jquery\/#breadcrumb"},"inLanguage":"de","potentialAction":[{"@type":"ReadAction","target":["https:\/\/elfsight.com\/de\/button-widget\/jquery\/"]}]},{"@type":"BreadcrumbList","@id":"https:\/\/elfsight.com\/de\/button-widget\/jquery\/#breadcrumb","itemListElement":[{"@type":"ListItem","position":1,"name":"Home","item":"https:\/\/elfsight.com\/de\/"},{"@type":"ListItem","position":2,"name":"Button","item":"https:\/\/elfsight.com\/de\/button-widget\/"},{"@type":"ListItem","position":3,"name":"Button &#8211; jQuery"}]},{"@type":"WebSite","@id":"https:\/\/elfsight.com\/de\/#website","url":"https:\/\/elfsight.com\/de\/","name":"Elfsight DE","description":"Just another Elfsight Sites site","potentialAction":[{"@type":"SearchAction","target":{"@type":"EntryPoint","urlTemplate":"https:\/\/elfsight.com\/de\/?s={search_term_string}"},"query-input":{"@type":"PropertyValueSpecification","valueRequired":true,"valueName":"search_term_string"}}],"inLanguage":"de"}]}},"meta_box":{"industry":"","seo_heading":"","heading":"","description":"","cta_heading":"","cta_description":"","application":"4164","h1":"jQuery Button-Plugin","h1_caption":"F\u00fcgen Sie eine anpassbare Call-to-Action-Schaltfl\u00e4che hinzu, um Klicks zu f\u00f6rdern und Ihre Benutzer m\u00fchelos zu Conversions auf Ihrer jQuery-Website zu f\u00fchren.","application_category":[],"applications_title":"","applications_request_title":"","applications_request_button_text":"","hero_text":"","hero_video":"","hero_video_schema_markup":"","selling_points_title":"","selling_points_caption":"","selling_points":[],"selling_points_cta_text":"","features_title":"","features":"","ed_cta_examples_text":"","ed_cta_examples_hidden":"","ed_cta_demo_text":"","ed_cta_demo_hidden":"","why_caption":"","why_editor_title":"","why_editor_text":"","why_team_title":"","why_team_text":"","why_service_title":"","why_service_text":"","template_catalog_visible":"","template_catalog_title":"","template_catalog_text":"","template_catalog_categories_visible":"","demo_title":"Erstellen Sie Ihr Button-Plugin","demo_caption":"Konfigurieren Sie Ihren Button und f\u00fcgen Sie ihn kostenlos zu Ihrer jQuery-Website hinzu!","default_faq_hidden":"","app_template_category":[],"platform":"258","template_public_id":"","codecanyon_url":"","codecanyon_item_id":"","codecanyon_price":"","pricing_caption":"","pricing_elfsight_apps_hide_column":"","pricing_elfsight_apps_url":"","pricing_codecanyon_price_caption":"","integration_category":[],"integration_request_title":"","integration_request_cta":"","integration_platform":"","integrations":[],"platform_category":[],"video_schema_markup":"","price":"ab 0 $ \/ Monat","trial":"","benefits":[{"text":"Kostenlose Installationsunterst\u00fctzung"},{"text":"Kompetenter Kundenservice"},{"text":"14-t\u00e4gige R\u00fcckerstattungsgarantie"},{"text":"St\u00e4ndige Aktualisierung"}],"button_url":"#demo","button_target_blank":"","button_nofollow":"","attributes":[{"name":"Installiert","content":"10,000 - 100,000"},{"name":"Reaktionsfreudig","content":"Ja"},{"name":"Kompatible Browser","content":"Firefox, Safari, Opera, Chrome, Edge"}],"tags":[],"tags_disable_links":"","hide_more_platforms":"","video_object":"","demo_hide_cta":"","demo_hide_cloud_options":"","pricing_title":"","pricing":[{"pricing_icon":"platform","pricing_title":"Elfsight Apps","pricing_title_caption":"Plattformunabh\u00e4ngige L\u00f6sung, die auf jeder Website funktioniert","pricing_price":"ab 0 $ \/ Monat","pricing_price_caption":"Beginnen Sie mit einem kostenlosen Plan","pricing_benefits":[{"text":"Unbegrenzte Websites"},{"text":"Engagierter Kundensupport und gut dokumentiert"},{"text":"Kostenlose Installationsunterst\u00fctzung"},{"text":"Flexibles Design"}],"pricing_button_text":"Zur Website hinzuf\u00fcgen","pricing_button_url":"#demo"}],"related_apps_title":"","related_apps_hidden":"","author":"","image":[],"title":"","job":"","social_networks":[]},"_links":{"self":[{"href":"https:\/\/elfsight.com\/de\/wp-json\/wp\/v2\/pages\/8299","targetHints":{"allow":["GET"]}}],"collection":[{"href":"https:\/\/elfsight.com\/de\/wp-json\/wp\/v2\/pages"}],"about":[{"href":"https:\/\/elfsight.com\/de\/wp-json\/wp\/v2\/types\/page"}],"author":[{"embeddable":true,"href":"https:\/\/elfsight.com\/de\/wp-json\/wp\/v2\/users\/9"}],"replies":[{"embeddable":true,"href":"https:\/\/elfsight.com\/de\/wp-json\/wp\/v2\/comments?post=8299"}],"version-history":[{"count":1,"href":"https:\/\/elfsight.com\/de\/wp-json\/wp\/v2\/pages\/8299\/revisions"}],"predecessor-version":[{"id":8303,"href":"https:\/\/elfsight.com\/de\/wp-json\/wp\/v2\/pages\/8299\/revisions\/8303"}],"up":[{"embeddable":true,"href":"https:\/\/elfsight.com\/de\/wp-json\/wp\/v2\/pages\/4165"}],"wp:attachment":[{"href":"https:\/\/elfsight.com\/de\/wp-json\/wp\/v2\/media?parent=8299"}],"curies":[{"name":"wp","href":"https:\/\/api.w.org\/{rel}","templated":true}]}}