{"id":8283,"date":"2024-05-03T06:31:33","date_gmt":"2024-05-03T06:31:33","guid":{"rendered":"https:\/\/elfsight.com\/de\/?page_id=8283"},"modified":"2026-01-19T11:21:49","modified_gmt":"2026-01-19T11:21:49","slug":"squarespace","status":"publish","type":"page","link":"https:\/\/elfsight.com\/de\/button-widget\/squarespace\/","title":{"rendered":"Button &#8211; Squarespace"},"content":{"rendered":"\n<div class=\"application-platform-content-item-description application-platform-content-item\" id=\"description\" data-nav-section=\"description\"> <h2>Produkt mit dem Elfsight-Widget auf der Plattform einbetten<\/h2> <p>Elfsight Button ist ein Plugin f\u00fcr Squarespace, das Ihnen die M\u00f6glichkeit gibt, andere zu erstellen Schaltfl\u00e4chen f\u00fcr mehrere Ziele auf Ihrer Website. Es gibt viele Aktionen, die durchgef\u00fchrt werden k\u00f6nnen, nachdem Ihr Website-Besucher auf die Schaltfl\u00e4che geklickt hat. Sie k\u00f6nnen beispielsweise an eine Zielseite gesendet werden, eine Nummer w\u00e4hlen, in einem bekannten Messenger chatten und vieles mehr. Der Button ist hochgradig anpassbar \u2013 Sie k\u00f6nnen gerne beliebigen Text und Inhalt rund um Ihren Button verwenden und dessen Gr\u00f6\u00dfe und Stil anpassen. <\/p> <p><b>Verwenden Sie eine ansprechende Schaltfl\u00e4che, um den Umsatz auf Ihrer Website zu steigern, mehr Follower in den sozialen Medien zu gewinnen und vieles mehr! <\/b><\/p> <\/div> <div class=\"application-platform-content-item-features application-platform-content-item\" id=\"features\" data-nav-section=\"features\"> <h2>Dies sind nur einige der leistungsstarken Plugin-Funktionen: <\/h2> <ul><li>Farben und Schriftarten \u00e4ndern<\/li><li>Zwei Arten von Schaltfl\u00e4chenlayouts \u2013 eingebettet und schwebend<\/li><li>Eine M\u00f6glichkeit, Inhalte \u00fcber und unter der Schaltfl\u00e4che hinzuzuf\u00fcgen<\/li><li>Eine Beschriftung, die zwei Zeilen umfassen kann<\/li><li> Mehr als 8 Aktionsvarianten nach einem Klick<\/li><\/ul><p><a href=\"#demo\">Entdecken Sie alle Anpassungsoptionen in einer 100 % funktionsf\u00e4higen Demo<\/a><\/p> <\/div> <div class=\"application-platform-content-item-installation application-platform-content-item\" id=\"installation\" data-nav-section=\"installation\"> <h2>Wie kann ich Button zu meiner Squarespace-Website hinzuf\u00fcgen? <\/h2> <div class=\"video-container\">\n<iframe width=\"720\" height=\"405\" src=\"https:\/\/www.youtube.com\/embed\/TrUuecJc1Tg?si=AtYhCRwhSkF3ZUh7\" frameborder=\"0\" allowfullscreen=\"\"><\/iframe>\n<\/div><p>F\u00fchren Sie einfach die folgenden Richtlinien aus, um das Tool zu integrieren. <\/p> <ol><li><b>\u00d6ffnen Sie unseren kostenlosen Editor und beginnen Sie mit der Erstellung Ihres ma\u00dfgeschneiderten Plugins. <\/b><br> Bestimmen Sie das individuelle Design und die Eigenschaften des Plugins und speichern Sie die Korrekturen. <\/li> <li><b>Erhalten Sie Ihren pers\u00f6nlichen Code, der im speziellen Formular auf Elfsight Apps angezeigt wird. <\/b><br> Kopieren Sie direkt nach Abschluss der Generierung Ihres Plugins den pers\u00f6nlichen Code aus dem angezeigten Feld und speichern Sie ihn f\u00fcr die zuk\u00fcnftige Verwendung. <\/li> <li><b>Geben Sie \u00fcber das Plugin auf Ihrer Squarespace-Homepage ein. <\/b><br> F\u00fcgen Sie den zuvor gespeicherten Code in Ihre Homepage ein und \u00fcbernehmen Sie die \u00c4nderungen. <\/li> <li><b>Die Installation ist vollst\u00e4ndig abgeschlossen. <\/b><br> Besuchen Sie Ihre Website, um in Aktion zu sehen, wie das Tool ausgef\u00fchrt wird. <\/li><\/ol> <p>Sollten Sie auf Komplikationen sto\u00dfen, k\u00f6nnen Sie sich gerne an unsere Kundendienstmitarbeiter wenden. Unsere Mitarbeiter werden sich freuen, alle Probleme zu l\u00f6sen, die Sie m\u00f6glicherweise mit dem Produkt haben. <\/p> <div class=\"faq\" data-component=\"FAQ\"><div class=\"faq-item\">\r\n\t\t\t\t\t<div class=\"faq-item-question\">\r\n\t\t\t\t\t\t<h3 class=\"faq-item-question-text\">Wie kann ich Button ohne Programmierkenntnisse zu meiner Squarespace-Website hinzuf\u00fcgen?<\/h3>\r\n\r\n\t\t\t\t\t\t<div class=\"faq-item-question-icon\"><\/div>\r\n\t\t\t\t\t<\/div>\r\n\r\n\t\t\t\t\t<div class=\"faq-item-answer\">\r\n\t\t\t\t\t\t<div class=\"faq-item-answer-text\"> <p>Elfsight bietet eine SaaS-L\u00f6sung, mit der Sie selbst ein Button-Widget erstellen k\u00f6nnen. Sehen Sie, wie einfach der Vorgang ist: Arbeiten Sie direkt im Online-Editor, um ein Button-Widget zu erstellen, das Sie auf Ihrer Squarespace-Website sehen m\u00f6chten. W\u00e4hlen Sie eine der vorgefertigten Vorlagen aus und passen Sie die Schaltfl\u00e4cheneinstellungen an, f\u00fcgen Sie Ihre Inhalte hinzu, \u00e4ndern Sie das Layout und die Farben ohne Programmierkenntnisse. Speichern Sie den Button und kopieren Sie seinen Installationscode, den Sie m\u00fchelos in Ihre Squarespace-Website integrieren k\u00f6nnen, ohne einen kostenpflichtigen Plan zu kaufen. Mit unserem intuitiven Editor kann jeder Internetnutzer online ein Button-Widget erstellen und es einfach in seine Squarespace-Website einbetten. Um auf den Service zuzugreifen, m\u00fcssen Sie weder bezahlen noch Ihre Kartendaten eingeben. Sollten bei irgendeinem Schritt Probleme auftreten, wenden Sie sich bitte an unser technisches Support-Team.<\/p> <\/div>\r\n\t\t\t\t\t<\/div>\r\n\t\t\t\t<\/div> <\/div><\/div>\n","protected":false},"excerpt":{"rendered":"","protected":false},"author":9,"featured_media":0,"parent":4165,"menu_order":0,"comment_status":"closed","ping_status":"closed","template":"templates\/template-application-platform.php","meta":{"publish_to_discourse":"","publish_post_category":"","wpdc_auto_publish_overridden":"","wpdc_topic_tags":"","wpdc_pin_topic":"","wpdc_pin_until":"","discourse_post_id":"","discourse_permalink":"","wpdc_publishing_response":"","wpdc_publishing_error":"","footnotes":""},"class_list":["post-8283","page","type-page","status-publish","hentry"],"yoast_head":"<!-- This site is optimized with the Yoast SEO plugin v25.3.1 - https:\/\/yoast.com\/wordpress\/plugins\/seo\/ -->\n<title>Button-Builder-Plugin \u2013 Button-Plugin zu Squarespace hinzuf\u00fcgen ( 2025 )<\/title>\n<meta name=\"description\" content=\"Test-Button-Plugin f\u00fcr Squarespace. Gewinnen Sie neue Follower, steigern Sie den Umsatz und machen Sie Ihr Unternehmen mit Hilfe der Elfsight-Tools erfolgreich!\" \/>\n<meta name=\"robots\" content=\"index, follow, max-snippet:-1, max-image-preview:large, max-video-preview:-1\" \/>\n<link rel=\"canonical\" href=\"https:\/\/elfsight.com\/de\/button-widget\/squarespace\/\" \/>\n<meta property=\"og:locale\" content=\"de_DE\" \/>\n<meta property=\"og:type\" content=\"article\" \/>\n<meta property=\"og:title\" content=\"Button-Builder-Plugin \u2013 Button-Plugin zu Squarespace hinzuf\u00fcgen ( 2025 )\" \/>\n<meta property=\"og:description\" content=\"Test-Button-Plugin f\u00fcr Squarespace. Gewinnen Sie neue Follower, steigern Sie den Umsatz und machen Sie Ihr Unternehmen mit Hilfe der Elfsight-Tools erfolgreich!\" \/>\n<meta property=\"og:url\" content=\"https:\/\/elfsight.com\/de\/button-widget\/squarespace\/\" \/>\n<meta property=\"og:site_name\" content=\"Elfsight DE\" \/>\n<meta property=\"article:modified_time\" content=\"2026-01-19T11:21:49+00:00\" \/>\n<meta name=\"twitter:card\" content=\"summary_large_image\" \/>\n<meta name=\"twitter:label1\" content=\"Gesch\u00e4tzte Lesezeit\" \/>\n\t<meta name=\"twitter:data1\" content=\"3\u00a0Minuten\" \/>\n<!-- \/ Yoast SEO plugin. -->","yoast_head_json":{"title":"Button-Builder-Plugin \u2013 Button-Plugin zu Squarespace hinzuf\u00fcgen ( 2025 )","description":"Test-Button-Plugin f\u00fcr Squarespace. Gewinnen Sie neue Follower, steigern Sie den Umsatz und machen Sie Ihr Unternehmen mit Hilfe der Elfsight-Tools erfolgreich!","robots":{"index":"index","follow":"follow","max-snippet":"max-snippet:-1","max-image-preview":"max-image-preview:large","max-video-preview":"max-video-preview:-1"},"canonical":"https:\/\/elfsight.com\/de\/button-widget\/squarespace\/","og_locale":"de_DE","og_type":"article","og_title":"Button-Builder-Plugin \u2013 Button-Plugin zu Squarespace hinzuf\u00fcgen ( 2025 )","og_description":"Test-Button-Plugin f\u00fcr Squarespace. Gewinnen Sie neue Follower, steigern Sie den Umsatz und machen Sie Ihr Unternehmen mit Hilfe der Elfsight-Tools erfolgreich!","og_url":"https:\/\/elfsight.com\/de\/button-widget\/squarespace\/","og_site_name":"Elfsight DE","article_modified_time":"2026-01-19T11:21:49+00:00","twitter_card":"summary_large_image","twitter_misc":{"Gesch\u00e4tzte Lesezeit":"3\u00a0Minuten"},"schema":{"@context":"https:\/\/schema.org","@graph":[{"@type":"WebPage","@id":"https:\/\/elfsight.com\/de\/button-widget\/squarespace\/","url":"https:\/\/elfsight.com\/de\/button-widget\/squarespace\/","name":"Button-Builder-Plugin \u2013 Button-Plugin zu Squarespace hinzuf\u00fcgen ( 2025 )","isPartOf":{"@id":"https:\/\/elfsight.com\/de\/#website"},"datePublished":"2024-05-03T06:31:33+00:00","dateModified":"2026-01-19T11:21:49+00:00","description":"Test-Button-Plugin f\u00fcr Squarespace. Gewinnen Sie neue Follower, steigern Sie den Umsatz und machen Sie Ihr Unternehmen mit Hilfe der Elfsight-Tools erfolgreich!","breadcrumb":{"@id":"https:\/\/elfsight.com\/de\/button-widget\/squarespace\/#breadcrumb"},"inLanguage":"de","potentialAction":[{"@type":"ReadAction","target":["https:\/\/elfsight.com\/de\/button-widget\/squarespace\/"]}]},{"@type":"BreadcrumbList","@id":"https:\/\/elfsight.com\/de\/button-widget\/squarespace\/#breadcrumb","itemListElement":[{"@type":"ListItem","position":1,"name":"Home","item":"https:\/\/elfsight.com\/de\/"},{"@type":"ListItem","position":2,"name":"Button","item":"https:\/\/elfsight.com\/de\/button-widget\/"},{"@type":"ListItem","position":3,"name":"Button &#8211; Squarespace"}]},{"@type":"WebSite","@id":"https:\/\/elfsight.com\/de\/#website","url":"https:\/\/elfsight.com\/de\/","name":"Elfsight DE","description":"Just another Elfsight Sites site","potentialAction":[{"@type":"SearchAction","target":{"@type":"EntryPoint","urlTemplate":"https:\/\/elfsight.com\/de\/?s={search_term_string}"},"query-input":{"@type":"PropertyValueSpecification","valueRequired":true,"valueName":"search_term_string"}}],"inLanguage":"de"}]}},"meta_box":{"industry":"","seo_heading":"","heading":"","description":"","cta_heading":"","cta_description":"","application":"4164","h1":"Squarespace Button-Plugin","h1_caption":"F\u00fcgen Sie eine anpassbare Call-to-Action-Schaltfl\u00e4che hinzu, um Klicks zu f\u00f6rdern und Ihre Benutzer m\u00fchelos zu Conversions auf Ihrer Squarespace-Website zu f\u00fchren.","application_category":[],"applications_title":"","applications_request_title":"","applications_request_button_text":"","hero_text":"","hero_video":"","hero_video_schema_markup":"","selling_points_title":"","selling_points_caption":"","selling_points":[],"selling_points_cta_text":"","features_title":"","features":"","ed_cta_examples_text":"","ed_cta_examples_hidden":"","ed_cta_demo_text":"","ed_cta_demo_hidden":"","why_caption":"","why_editor_title":"","why_editor_text":"","why_team_title":"","why_team_text":"","why_service_title":"","why_service_text":"","template_catalog_visible":"0","template_catalog_title":"","template_catalog_text":"","template_catalog_categories_visible":"","demo_title":"Erstellen Sie Ihr Button-Plugin","demo_caption":"Konfigurieren Sie Ihren Button und f\u00fcgen Sie ihn kostenlos zu Ihrer Squarespace-Website hinzu!","default_faq_hidden":"","app_template_category":[],"platform":"252","template_public_id":"","codecanyon_url":"","codecanyon_item_id":"","codecanyon_price":"","pricing_caption":"","pricing_elfsight_apps_hide_column":"","pricing_elfsight_apps_url":"","pricing_codecanyon_price_caption":"","integration_category":[],"integration_request_title":"","integration_request_cta":"","integration_platform":"","integrations":[],"platform_category":[],"video_schema_markup":"","price":"ab 0 $ \/ Monat","trial":"","benefits":[{"text":"Kostenlose Installationshilfe"},{"text":"Professioneller Kundenservice"},{"text":"14-t\u00e4gige R\u00fcckerstattungsgarantie"},{"text":"Fortlaufende Entwicklung"}],"button_url":"#demo","button_target_blank":"0","button_nofollow":"0","attributes":[{"name":"Installiert","content":"10,000 - 100,000"},{"name":"Reaktionsfreudig","content":"Ja"},{"name":"Kompatible Browser","content":"Firefox, Safari, Opera, Chrome, Edge"}],"tags":[],"tags_disable_links":"0","hide_more_platforms":"0","video_object":"","demo_hide_cta":"0","demo_hide_cloud_options":"0","pricing_title":"","pricing":[{"pricing_icon":"platform","pricing_title":"Elfsight Apps","pricing_title_caption":"Plattform\u00fcbergreifende Version, die auf jeder Website funktioniert","pricing_price":"ab 0 $ \/ Monat","pricing_price_caption":"Beginnen Sie mit einem kostenlosen Plan","pricing_benefits":[{"text":"Unbegrenzte Domains"},{"text":"Professionelle und p\u00fcnktliche Unterst\u00fctzung und gut dokumentiert"},{"text":"Kostenloser Installationsservice"},{"text":"100 % anpassbar"}],"pricing_button_text":"Zur Website hinzuf\u00fcgen","pricing_button_url":"#demo"}],"related_apps_title":"","related_apps_hidden":"0","author":"","image":[],"title":"","job":"","social_networks":[]},"_links":{"self":[{"href":"https:\/\/elfsight.com\/de\/wp-json\/wp\/v2\/pages\/8283","targetHints":{"allow":["GET"]}}],"collection":[{"href":"https:\/\/elfsight.com\/de\/wp-json\/wp\/v2\/pages"}],"about":[{"href":"https:\/\/elfsight.com\/de\/wp-json\/wp\/v2\/types\/page"}],"author":[{"embeddable":true,"href":"https:\/\/elfsight.com\/de\/wp-json\/wp\/v2\/users\/9"}],"replies":[{"embeddable":true,"href":"https:\/\/elfsight.com\/de\/wp-json\/wp\/v2\/comments?post=8283"}],"version-history":[{"count":4,"href":"https:\/\/elfsight.com\/de\/wp-json\/wp\/v2\/pages\/8283\/revisions"}],"predecessor-version":[{"id":25603,"href":"https:\/\/elfsight.com\/de\/wp-json\/wp\/v2\/pages\/8283\/revisions\/25603"}],"up":[{"embeddable":true,"href":"https:\/\/elfsight.com\/de\/wp-json\/wp\/v2\/pages\/4165"}],"wp:attachment":[{"href":"https:\/\/elfsight.com\/de\/wp-json\/wp\/v2\/media?parent=8283"}],"curies":[{"name":"wp","href":"https:\/\/api.w.org\/{rel}","templated":true}]}}