{"id":8282,"date":"2024-05-03T06:31:32","date_gmt":"2024-05-03T06:31:32","guid":{"rendered":"https:\/\/elfsight.com\/de\/?page_id=8282"},"modified":"2025-02-21T07:20:45","modified_gmt":"2025-02-21T07:20:45","slug":"webflow","status":"publish","type":"page","link":"https:\/\/elfsight.com\/de\/button-widget\/webflow\/","title":{"rendered":"Button &#8211; Webflow"},"content":{"rendered":"\n<div class=\"application-platform-content-item-description application-platform-content-item\" id=\"description\" data-nav-section=\"description\"> <h2>Button in Webflow mit dem Elfsight-Widget einbetten<\/h2> <p>Elfsight Button ist ein Widget f\u00fcr Webflow, das Ihnen die M\u00f6glichkeit gibt, verschiedene zu erstellen Schaltfl\u00e4chen f\u00fcr verschiedene Zwecke auf Ihrer Website. Sobald Ihr Website-Besucher auf die Schaltfl\u00e4che klickt, k\u00f6nnen unz\u00e4hlige Aktionen ausgef\u00fchrt werden. Sie k\u00f6nnen beispielsweise an eine Website eines Drittanbieters gesendet werden, eine Nummer w\u00e4hlen, in einem beliebten Messenger kommunizieren und vieles mehr. Unser Button ist hochgradig personalisierbar \u2013 Sie k\u00f6nnen gerne beliebigen Text und Inhalt oberhalb und unterhalb des Buttons verwenden und dessen Gr\u00f6\u00dfe und Farben anpassen. <\/p> <p><b>Nutzen Sie einen verlockenden Button, um den Umsatz auf Ihrer Website zu steigern, mehr neue Abonnenten auf Social-Media-Konten zu gewinnen und vieles mehr! <\/b><\/p> <\/div> <div class=\"application-platform-content-item-features application-platform-content-item\" id=\"features\" data-nav-section=\"features\"> <h2>Hier finden Sie die grundlegenden Funktionen des Widgets: <\/h2> <ul><li>\u00c4ndern Sie Farben und Schriftarten<\/li><li>Zwei Variationen des Schaltfl\u00e4chenlayouts \u2013 eingebettet und schwebend<\/li><li>Eine M\u00f6glichkeit, Inhalte rund um Ihre Schaltfl\u00e4che hinzuzuf\u00fcgen<\/li><li>Sie k\u00f6nnen 2 Zeilen belegen<\/li><li>\u00dcber acht Variationen von Szenarien nach einem Klick<\/li><\/ul><p><a href=\"#demo\">Probieren Sie einfach diese Demo aus, um zu sehen, was das Widget wert ist<\/a><\/p> <\/div> <div class=\"application-platform-content-item-installation application-platform-content-item\" id=\"installation\" data-nav-section=\"installation\"> <h2>Wie kann ich Button in meine Webflow-Site einbetten? <\/h2> <p>Befolgen Sie einfach die nachstehenden Anweisungen, um das Widget zu integrieren. <\/p> <ol><li><b>Nutzen Sie unseren kostenlosen Editor und beginnen Sie mit der Erstellung Ihres eigenen Widgets. <\/b><br> Suchen Sie das ausgew\u00e4hlte Design und die ausgew\u00e4hlten Aspekte des Widgets und speichern Sie die Korrekturen. <\/li> <li><b>Erhalten Sie Ihren pers\u00f6nlichen Code im speziellen Formular auf Elfsight Apps. <\/b><br> Sobald die Anpassung Ihres pers\u00f6nlichen Tools abgeschlossen ist, kopieren Sie den individuellen Code im angezeigten Fenster und speichern Sie ihn f\u00fcr zuk\u00fcnftige Gelegenheiten. <\/li> <li><b>Geben Sie Informationen zur Verwendung des Tools auf der Webflow-Website ein. <\/b><br> F\u00fcgen Sie den Code, den Sie zuvor kopiert haben, in Ihre Homepage ein und \u00fcbernehmen Sie die Anpassungen. <\/li> <li><b>Du bist fertig! Die Einbettung wurde erfolgreich durchgef\u00fchrt. <\/b><br> Besuchen Sie Ihre Website, um die Leistung des Tools zu \u00fcberpr\u00fcfen. <\/li><\/ol> <p>Wenn Sie Probleme haben, z\u00f6gern Sie nicht, sich an unser Support-Team zu wenden. Unsere Berater sind bestrebt, alle Probleme zu l\u00f6sen, die Sie m\u00f6glicherweise mit dem Widget haben. <\/p> <div class=\"faq\" data-component=\"FAQ\"><div class=\"faq-item\">\r\n\t\t\t\t\t<div class=\"faq-item-question\">\r\n\t\t\t\t\t\t<h3 class=\"faq-item-question-text\">Wie kann ich Button ohne Programmierkenntnisse zu meiner Webflow-Website hinzuf\u00fcgen?<\/h3>\r\n\r\n\t\t\t\t\t\t<div class=\"faq-item-question-icon\"><\/div>\r\n\t\t\t\t\t<\/div>\r\n\r\n\t\t\t\t\t<div class=\"faq-item-answer\">\r\n\t\t\t\t\t\t<div class=\"faq-item-answer-text\"> <p>Elfsight bietet eine SaaS-L\u00f6sung, mit der Sie selbst ein Button-Widget erstellen k\u00f6nnen. Sehen Sie, wie einfach der Vorgang ist: Arbeiten Sie direkt im Online-Editor, um ein Button-Widget zu erstellen, das Sie auf Ihrer Webflow-Website sehen m\u00f6chten. W\u00e4hlen Sie eine der vorgefertigten Vorlagen aus und passen Sie die Schaltfl\u00e4cheneinstellungen an, f\u00fcgen Sie Ihre Inhalte hinzu, \u00e4ndern Sie das Layout und die Farben ohne Programmierkenntnisse. Speichern Sie den Button und kopieren Sie seinen Installationscode, den Sie einfach in Ihre Webflow-Website einf\u00fcgen k\u00f6nnen, ohne eine kostenpflichtige Version kaufen zu m\u00fcssen. Mit unserem intuitiven Editor kann jeder Internetnutzer online ein Button-Widget erstellen und es einfach in seine Webflow-Website einbetten. Sie m\u00fcssen weder bezahlen noch Ihre Kartendaten eingeben, um auf den Service zuzugreifen. Sollten bei irgendeinem Schritt Probleme auftreten, wenden Sie sich bitte an unser technisches Support-Team.<\/p> <\/div>\r\n\t\t\t\t\t<\/div>\r\n\t\t\t\t<\/div> <\/div><\/div>\n","protected":false},"excerpt":{"rendered":"","protected":false},"author":9,"featured_media":0,"parent":4165,"menu_order":0,"comment_status":"closed","ping_status":"closed","template":"templates\/template-application-platform.php","meta":{"publish_to_discourse":"","publish_post_category":"","wpdc_auto_publish_overridden":"","wpdc_topic_tags":"","wpdc_pin_topic":"","wpdc_pin_until":"","discourse_post_id":"","discourse_permalink":"","wpdc_publishing_response":"","wpdc_publishing_error":"","footnotes":""},"class_list":["post-8282","page","type-page","status-publish","hentry"],"yoast_head":"<!-- This site is optimized with the Yoast SEO plugin v25.3.1 - https:\/\/yoast.com\/wordpress\/plugins\/seo\/ -->\n<title>Button-Builder-Widget \u2013 Button-Widget zu Webflow hinzuf\u00fcgen (2025)<\/title>\n<meta name=\"description\" content=\"Verwenden Sie das neue Elfsight Button-Widget f\u00fcr Webflow. Gewinnen Sie neue Follower, steigern Sie den Umsatz und machen Sie Ihr Unternehmen mit Elfsight-Tools erfolgreich!\" \/>\n<meta name=\"robots\" content=\"index, follow, max-snippet:-1, max-image-preview:large, max-video-preview:-1\" \/>\n<link rel=\"canonical\" href=\"https:\/\/elfsight.com\/de\/button-widget\/webflow\/\" \/>\n<meta property=\"og:locale\" content=\"de_DE\" \/>\n<meta property=\"og:type\" content=\"article\" \/>\n<meta property=\"og:title\" content=\"Button-Builder-Widget \u2013 Button-Widget zu Webflow hinzuf\u00fcgen (2025)\" \/>\n<meta property=\"og:description\" content=\"Verwenden Sie das neue Elfsight Button-Widget f\u00fcr Webflow. Gewinnen Sie neue Follower, steigern Sie den Umsatz und machen Sie Ihr Unternehmen mit Elfsight-Tools erfolgreich!\" \/>\n<meta property=\"og:url\" content=\"https:\/\/elfsight.com\/de\/button-widget\/webflow\/\" \/>\n<meta property=\"og:site_name\" content=\"Elfsight DE\" \/>\n<meta property=\"article:modified_time\" content=\"2025-02-21T07:20:45+00:00\" \/>\n<meta name=\"twitter:card\" content=\"summary_large_image\" \/>\n<meta name=\"twitter:label1\" content=\"Gesch\u00e4tzte Lesezeit\" \/>\n\t<meta name=\"twitter:data1\" content=\"3\u00a0Minuten\" \/>\n<!-- \/ Yoast SEO plugin. -->","yoast_head_json":{"title":"Button-Builder-Widget \u2013 Button-Widget zu Webflow hinzuf\u00fcgen (2025)","description":"Verwenden Sie das neue Elfsight Button-Widget f\u00fcr Webflow. Gewinnen Sie neue Follower, steigern Sie den Umsatz und machen Sie Ihr Unternehmen mit Elfsight-Tools erfolgreich!","robots":{"index":"index","follow":"follow","max-snippet":"max-snippet:-1","max-image-preview":"max-image-preview:large","max-video-preview":"max-video-preview:-1"},"canonical":"https:\/\/elfsight.com\/de\/button-widget\/webflow\/","og_locale":"de_DE","og_type":"article","og_title":"Button-Builder-Widget \u2013 Button-Widget zu Webflow hinzuf\u00fcgen (2025)","og_description":"Verwenden Sie das neue Elfsight Button-Widget f\u00fcr Webflow. Gewinnen Sie neue Follower, steigern Sie den Umsatz und machen Sie Ihr Unternehmen mit Elfsight-Tools erfolgreich!","og_url":"https:\/\/elfsight.com\/de\/button-widget\/webflow\/","og_site_name":"Elfsight DE","article_modified_time":"2025-02-21T07:20:45+00:00","twitter_card":"summary_large_image","twitter_misc":{"Gesch\u00e4tzte Lesezeit":"3\u00a0Minuten"},"schema":{"@context":"https:\/\/schema.org","@graph":[{"@type":"WebPage","@id":"https:\/\/elfsight.com\/de\/button-widget\/webflow\/","url":"https:\/\/elfsight.com\/de\/button-widget\/webflow\/","name":"Button-Builder-Widget \u2013 Button-Widget zu Webflow hinzuf\u00fcgen (2025)","isPartOf":{"@id":"https:\/\/elfsight.com\/de\/#website"},"datePublished":"2024-05-03T06:31:32+00:00","dateModified":"2025-02-21T07:20:45+00:00","description":"Verwenden Sie das neue Elfsight Button-Widget f\u00fcr Webflow. Gewinnen Sie neue Follower, steigern Sie den Umsatz und machen Sie Ihr Unternehmen mit Elfsight-Tools erfolgreich!","breadcrumb":{"@id":"https:\/\/elfsight.com\/de\/button-widget\/webflow\/#breadcrumb"},"inLanguage":"de","potentialAction":[{"@type":"ReadAction","target":["https:\/\/elfsight.com\/de\/button-widget\/webflow\/"]}]},{"@type":"BreadcrumbList","@id":"https:\/\/elfsight.com\/de\/button-widget\/webflow\/#breadcrumb","itemListElement":[{"@type":"ListItem","position":1,"name":"Home","item":"https:\/\/elfsight.com\/de\/"},{"@type":"ListItem","position":2,"name":"Button","item":"https:\/\/elfsight.com\/de\/button-widget\/"},{"@type":"ListItem","position":3,"name":"Button &#8211; Webflow"}]},{"@type":"WebSite","@id":"https:\/\/elfsight.com\/de\/#website","url":"https:\/\/elfsight.com\/de\/","name":"Elfsight DE","description":"Just another Elfsight Sites site","potentialAction":[{"@type":"SearchAction","target":{"@type":"EntryPoint","urlTemplate":"https:\/\/elfsight.com\/de\/?s={search_term_string}"},"query-input":{"@type":"PropertyValueSpecification","valueRequired":true,"valueName":"search_term_string"}}],"inLanguage":"de"}]}},"meta_box":{"industry":"","seo_heading":"","heading":"","description":"","cta_heading":"","cta_description":"","application":"4164","h1":"Webflow-Button-Widget","h1_caption":"F\u00fcgen Sie eine anpassbare Call-to-Action-Schaltfl\u00e4che hinzu, um Klicks zu f\u00f6rdern und Ihre Benutzer m\u00fchelos zu Conversions auf Ihrer Webflow-Website zu f\u00fchren.","application_category":[],"applications_title":"","applications_request_title":"","applications_request_button_text":"","hero_text":"","hero_video":"","hero_video_schema_markup":"","selling_points_title":"","selling_points_caption":"","selling_points":[],"selling_points_cta_text":"","features_title":"","features":"","ed_cta_examples_text":"","ed_cta_examples_hidden":"","ed_cta_demo_text":"","ed_cta_demo_hidden":"","why_caption":"","why_editor_title":"","why_editor_text":"","why_team_title":"","why_team_text":"","why_service_title":"","why_service_text":"","template_catalog_visible":"0","template_catalog_title":"","template_catalog_text":"","template_catalog_categories_visible":"","demo_title":"Erstellen Sie Ihr Button-Widget","demo_caption":"Konfigurieren Sie Ihren Button und f\u00fcgen Sie ihn kostenlos zu Ihrer Webflow-Website hinzu!","default_faq_hidden":"","app_template_category":[],"platform":"250","template_public_id":"","codecanyon_url":"","codecanyon_item_id":"","codecanyon_price":"","pricing_caption":"","pricing_elfsight_apps_hide_column":"","pricing_elfsight_apps_url":"","pricing_codecanyon_price_caption":"","integration_category":[],"integration_request_title":"","integration_request_cta":"","integration_platform":"","integrations":[],"platform_category":[],"video_schema_markup":"","price":"ab 0 $ \/ Monat","trial":"","benefits":[{"text":"Kostenloser Installationsservice"},{"text":"Professioneller Kundenservice"},{"text":"14-t\u00e4gige Geld-zur\u00fcck-Garantie"},{"text":"Kontinuierliche kostenlose Verbesserungen"}],"button_url":"#demo","button_target_blank":"0","button_nofollow":"0","attributes":[{"name":"Installiert","content":"10,000 - 100,000"},{"name":"Reaktionsfreudig","content":"Ja"},{"name":"Kompatible Browser","content":"Firefox, Safari, Opera, Chrome, Edge"}],"tags":[],"tags_disable_links":"0","hide_more_platforms":"0","video_object":"","demo_hide_cta":"0","demo_hide_cloud_options":"0","pricing_title":"","pricing":[{"pricing_icon":"platform","pricing_title":"Elfsight Apps","pricing_title_caption":"Plattformunabh\u00e4ngige Version, die f\u00fcr jede Site geeignet ist","pricing_price":"ab 0 $ \/ Monat","pricing_price_caption":"Beginnen Sie mit einem kostenlosen Plan","pricing_benefits":[{"text":"Unbegrenzte Websites"},{"text":"Schneller und p\u00fcnktlicher Support und gut dokumentiert"},{"text":"Kostenlose Installationshilfe"},{"text":"Vollst\u00e4ndig anpassbar"}],"pricing_button_text":"Zur Website hinzuf\u00fcgen","pricing_button_url":"#demo"}],"related_apps_title":"","related_apps_hidden":"0","author":"","image":[],"title":"","job":"","social_networks":[]},"_links":{"self":[{"href":"https:\/\/elfsight.com\/de\/wp-json\/wp\/v2\/pages\/8282","targetHints":{"allow":["GET"]}}],"collection":[{"href":"https:\/\/elfsight.com\/de\/wp-json\/wp\/v2\/pages"}],"about":[{"href":"https:\/\/elfsight.com\/de\/wp-json\/wp\/v2\/types\/page"}],"author":[{"embeddable":true,"href":"https:\/\/elfsight.com\/de\/wp-json\/wp\/v2\/users\/9"}],"replies":[{"embeddable":true,"href":"https:\/\/elfsight.com\/de\/wp-json\/wp\/v2\/comments?post=8282"}],"version-history":[{"count":3,"href":"https:\/\/elfsight.com\/de\/wp-json\/wp\/v2\/pages\/8282\/revisions"}],"predecessor-version":[{"id":24639,"href":"https:\/\/elfsight.com\/de\/wp-json\/wp\/v2\/pages\/8282\/revisions\/24639"}],"up":[{"embeddable":true,"href":"https:\/\/elfsight.com\/de\/wp-json\/wp\/v2\/pages\/4165"}],"wp:attachment":[{"href":"https:\/\/elfsight.com\/de\/wp-json\/wp\/v2\/media?parent=8282"}],"curies":[{"name":"wp","href":"https:\/\/api.w.org\/{rel}","templated":true}]}}