{"id":8275,"date":"2024-05-03T06:31:29","date_gmt":"2024-05-03T06:31:29","guid":{"rendered":"https:\/\/elfsight.com\/de\/?page_id=8275"},"modified":"2026-01-20T14:49:27","modified_gmt":"2026-01-20T14:49:27","slug":"wix","status":"publish","type":"page","link":"https:\/\/elfsight.com\/de\/button-widget\/wix\/","title":{"rendered":"Button &#8211; Wix"},"content":{"rendered":"<div class=\"application-platform-content-item-description application-platform-content-item\" id=\"description\" data-nav-section=\"description\"> <h2>Beschreibung<\/h2> <p>The Button ist eine App f\u00fcr Wix, mit der Sie verschiedene Schaltfl\u00e4chen f\u00fcr verschiedene Zwecke auf Ihrer Website erstellen k\u00f6nnen. Sobald Ihr Website-Besucher auf die Schaltfl\u00e4che klickt, k\u00f6nnen unz\u00e4hlige Aktionen ausgef\u00fchrt werden. Sie k\u00f6nnen beispielsweise auf eine Zielseite weitergeleitet werden, Ihre Telefonnummer w\u00e4hlen, \u00fcber bekannte Messenger kommunizieren und vieles mehr. Der Button ist bemerkenswert anpassbar \u2013 es steht Ihnen frei, beliebige Nachrichten und Inhalte \u00fcber und unter Ihrem Button hinzuzuf\u00fcgen sowie seine Gr\u00f6\u00dfe und Farben zu \u00e4ndern. <\/p> <p><b>Wenden Sie eine attraktive Schaltfl\u00e4che an, um den Umsatz auf Ihrer Website zu steigern, mehr Abonnenten f\u00fcr Ihre Social-Media-Konten zu gewinnen und vieles mehr! <\/b><\/p> <\/div> <div class=\"application-platform-content-item-features application-platform-content-item\" id=\"features\" data-nav-section=\"features\"> <h2>Sehen Sie sich die Liste der wichtigsten Funktionen an: <\/h2> <ul><li>\u00c4ndern Sie Farben und Schriftarten<\/li><li>Zwei Variationen des Schaltfl\u00e4chenlayouts \u2013 eingebettet und schwebend<\/li><li>Eine Option zum Hinzuf\u00fcgen von Inhalten rund um Ihre Schaltfl\u00e4che<\/li><li>Eine Beschriftung, die zwei Zeilen einnehmen kann<\/li><li>Oben Acht Varianten von Szenarien nach einem Klick<\/li><\/ul><p><a href=\"#demo\">Sie k\u00f6nnen \u00fcberpr\u00fcfen, ob die App das Ausprobieren der Demo bietet<\/a><\/p> <\/div> <div class=\"application-platform-content-item-installation application-platform-content-item\" id=\"installation\" data-nav-section=\"installation\"> <h2>Wie kann ich einen Button auf meiner Wix-Website hinzuf\u00fcgen? <\/h2> <div class=\"video-container\">\n<iframe width=\"720\" height=\"405\" src=\"https:\/\/www.youtube.com\/embed\/hX4Ql0zdoFM?si=kvCKFIUmKrwkiAAt\" frameborder=\"0\" allowfullscreen=\"\"><\/iframe>\n<\/div><p>Befolgen Sie einfach die nachstehenden Anweisungen, um das Tool zu aktivieren. <\/p> <ol><li><b>\u00d6ffnen Sie unseren kostenlosen Konfigurator und beginnen Sie mit der Gestaltung Ihrer ma\u00dfgeschneiderten App. <\/b><br> W\u00e4hlen Sie das ausgew\u00e4hlte Layout und die Eigenschaften des Tools und wenden Sie die \u00c4nderungen an. <\/li> <li><b>Kopieren Sie den eindeutigen Code, der in der Box auf Elfsight Apps angezeigt wird. <\/b><br> Wenn die Anpassung Ihres pers\u00f6nlichen Tools abgeschlossen ist, kopieren Sie den pers\u00f6nlichen Code aus dem angezeigten Popup und bewahren Sie ihn f\u00fcr die zuk\u00fcnftige Verwendung auf. <\/li> <li><b>Initiieren Sie die Nutzung der App auf Ihrer Website von Wix. <\/b><br> F\u00fcgen Sie den zuvor gespeicherten Code in Ihre Webseite ein und \u00fcbernehmen Sie die Korrekturen. <\/li> <li><b>Das Setup wurde erfolgreich abgeschlossen. <\/b><br> Besuchen Sie Ihre Seite, um die Leistung der App zu \u00fcberpr\u00fcfen. <\/li><\/ol> <p>Wenn Sie auf Komplikationen sto\u00dfen, scheuen Sie sich nicht, Hilfe von unserem Support-Personal in Anspruch zu nehmen. Unsere Mitarbeiter helfen Ihnen gerne bei allen Problemen, die Sie m\u00f6glicherweise mit dem Widget haben. <\/p> <div class=\"faq\" data-component=\"FAQ\"><div class=\"faq-item\">\r\n\t\t\t\t\t<div class=\"faq-item-question\">\r\n\t\t\t\t\t\t<h3 class=\"faq-item-question-text\">Wie f\u00fcge ich einen Button ohne Programmierkenntnisse zu meiner Wix-Website hinzu?<\/h3>\r\n\r\n\t\t\t\t\t\t<div class=\"faq-item-question-icon\"><\/div>\r\n\t\t\t\t\t<\/div>\r\n\r\n\t\t\t\t\t<div class=\"faq-item-answer\">\r\n\t\t\t\t\t\t<div class=\"faq-item-answer-text\"> <p>Elfsight bietet eine SaaS-L\u00f6sung, mit der Sie selbst ein Button-Widget erstellen k\u00f6nnen. Sehen Sie, wie einfach der Vorgang ist: Arbeiten Sie direkt im Online-Editor, um ein Button-Widget zu erstellen, das Sie auf Ihrer Website von Wix sehen m\u00f6chten. W\u00e4hlen Sie eine der vorgefertigten Vorlagen aus und passen Sie die Schaltfl\u00e4cheneinstellungen an, f\u00fcgen Sie Ihre Inhalte hinzu, \u00e4ndern Sie das Layout und die Farben ohne Programmierkenntnisse. Speichern Sie den Button und kopieren Sie seinen Installationscode, damit Sie ihn zu Ihrer Wix-Website hinzuf\u00fcgen k\u00f6nnen, ohne eine kostenpflichtige Version kaufen zu m\u00fcssen. Mit unserem intuitiven Editor kann jeder Internetnutzer online ein Button-Widget erstellen und es einfach in seine Wix-Website einbetten. Sie m\u00fcssen weder bezahlen noch Ihre Kartendaten eingeben, um auf den Service zuzugreifen. Sollten bei irgendeinem Schritt Probleme auftreten, wenden Sie sich bitte an unser technisches Support-Team.<\/p> <\/div>\r\n\t\t\t\t\t<\/div>\r\n\t\t\t\t<\/div> <\/div><\/div>","protected":false},"excerpt":{"rendered":"","protected":false},"author":9,"featured_media":0,"parent":4165,"menu_order":0,"comment_status":"closed","ping_status":"closed","template":"templates\/template-application-platform.php","meta":{"publish_to_discourse":"","publish_post_category":"","wpdc_auto_publish_overridden":"","wpdc_topic_tags":"","wpdc_pin_topic":"","wpdc_pin_until":"","discourse_post_id":"","discourse_permalink":"","wpdc_publishing_response":"","wpdc_publishing_error":"","footnotes":""},"class_list":["post-8275","page","type-page","status-publish","hentry"],"yoast_head":"<!-- This site is optimized with the Yoast SEO plugin v25.3.1 - https:\/\/yoast.com\/wordpress\/plugins\/seo\/ -->\n<title>Button-Builder-App \u2013 Button-App in Wix integrieren ( 2025 )<\/title>\n<meta name=\"description\" content=\"Testen Sie die neue Elfsight Button-App f\u00fcr Wix. Gewinnen Sie neue Follower, steigern Sie den Umsatz und machen Sie Ihr Unternehmen mit Elfsight-Tools noch bekannter!\" \/>\n<meta name=\"robots\" content=\"index, follow, max-snippet:-1, max-image-preview:large, max-video-preview:-1\" \/>\n<link rel=\"canonical\" href=\"https:\/\/elfsight.com\/de\/button-widget\/wix\/\" \/>\n<meta property=\"og:locale\" content=\"de_DE\" \/>\n<meta property=\"og:type\" content=\"article\" \/>\n<meta property=\"og:title\" content=\"Button-Builder-App \u2013 Button-App in Wix integrieren ( 2025 )\" \/>\n<meta property=\"og:description\" content=\"Testen Sie die neue Elfsight Button-App f\u00fcr Wix. Gewinnen Sie neue Follower, steigern Sie den Umsatz und machen Sie Ihr Unternehmen mit Elfsight-Tools noch bekannter!\" \/>\n<meta property=\"og:url\" content=\"https:\/\/elfsight.com\/de\/button-widget\/wix\/\" \/>\n<meta property=\"og:site_name\" content=\"Elfsight DE\" \/>\n<meta property=\"article:modified_time\" content=\"2026-01-20T14:49:27+00:00\" \/>\n<meta name=\"twitter:card\" content=\"summary_large_image\" \/>\n<meta name=\"twitter:label1\" content=\"Gesch\u00e4tzte Lesezeit\" \/>\n\t<meta name=\"twitter:data1\" content=\"3\u00a0Minuten\" \/>\n<!-- \/ Yoast SEO plugin. -->","yoast_head_json":{"title":"Button-Builder-App \u2013 Button-App in Wix integrieren ( 2025 )","description":"Testen Sie die neue Elfsight Button-App f\u00fcr Wix. Gewinnen Sie neue Follower, steigern Sie den Umsatz und machen Sie Ihr Unternehmen mit Elfsight-Tools noch bekannter!","robots":{"index":"index","follow":"follow","max-snippet":"max-snippet:-1","max-image-preview":"max-image-preview:large","max-video-preview":"max-video-preview:-1"},"canonical":"https:\/\/elfsight.com\/de\/button-widget\/wix\/","og_locale":"de_DE","og_type":"article","og_title":"Button-Builder-App \u2013 Button-App in Wix integrieren ( 2025 )","og_description":"Testen Sie die neue Elfsight Button-App f\u00fcr Wix. Gewinnen Sie neue Follower, steigern Sie den Umsatz und machen Sie Ihr Unternehmen mit Elfsight-Tools noch bekannter!","og_url":"https:\/\/elfsight.com\/de\/button-widget\/wix\/","og_site_name":"Elfsight DE","article_modified_time":"2026-01-20T14:49:27+00:00","twitter_card":"summary_large_image","twitter_misc":{"Gesch\u00e4tzte Lesezeit":"3\u00a0Minuten"},"schema":{"@context":"https:\/\/schema.org","@graph":[{"@type":"WebPage","@id":"https:\/\/elfsight.com\/de\/button-widget\/wix\/","url":"https:\/\/elfsight.com\/de\/button-widget\/wix\/","name":"Button-Builder-App \u2013 Button-App in Wix integrieren ( 2025 )","isPartOf":{"@id":"https:\/\/elfsight.com\/de\/#website"},"datePublished":"2024-05-03T06:31:29+00:00","dateModified":"2026-01-20T14:49:27+00:00","description":"Testen Sie die neue Elfsight Button-App f\u00fcr Wix. Gewinnen Sie neue Follower, steigern Sie den Umsatz und machen Sie Ihr Unternehmen mit Elfsight-Tools noch bekannter!","breadcrumb":{"@id":"https:\/\/elfsight.com\/de\/button-widget\/wix\/#breadcrumb"},"inLanguage":"de","potentialAction":[{"@type":"ReadAction","target":["https:\/\/elfsight.com\/de\/button-widget\/wix\/"]}]},{"@type":"BreadcrumbList","@id":"https:\/\/elfsight.com\/de\/button-widget\/wix\/#breadcrumb","itemListElement":[{"@type":"ListItem","position":1,"name":"Home","item":"https:\/\/elfsight.com\/de\/"},{"@type":"ListItem","position":2,"name":"Button","item":"https:\/\/elfsight.com\/de\/button-widget\/"},{"@type":"ListItem","position":3,"name":"Button &#8211; Wix"}]},{"@type":"WebSite","@id":"https:\/\/elfsight.com\/de\/#website","url":"https:\/\/elfsight.com\/de\/","name":"Elfsight DE","description":"Just another Elfsight Sites site","potentialAction":[{"@type":"SearchAction","target":{"@type":"EntryPoint","urlTemplate":"https:\/\/elfsight.com\/de\/?s={search_term_string}"},"query-input":{"@type":"PropertyValueSpecification","valueRequired":true,"valueName":"search_term_string"}}],"inLanguage":"de"}]}},"meta_box":{"industry":"","seo_heading":"","heading":"","description":"","cta_heading":"","cta_description":"","application":"4164","h1":"Wix Button-App","h1_caption":"F\u00fcgen Sie eine anpassbare Call-to-Action-Schaltfl\u00e4che hinzu, um Klicks zu f\u00f6rdern und Ihre Benutzer m\u00fchelos zu Conversions auf Ihrer Wix-Website zu f\u00fchren.","application_category":[],"applications_title":"","applications_request_title":"","applications_request_button_text":"","hero_text":"","hero_video":"","hero_video_schema_markup":"","selling_points_title":"","selling_points_caption":"","selling_points":[],"selling_points_cta_text":"","features_title":"","features":"","ed_cta_examples_text":"","ed_cta_examples_hidden":"","ed_cta_demo_text":"","ed_cta_demo_hidden":"","why_caption":"","why_editor_title":"","why_editor_text":"","why_team_title":"","why_team_text":"","why_service_title":"","why_service_text":"","template_catalog_visible":"0","template_catalog_title":"","template_catalog_text":"","template_catalog_categories_visible":"","demo_title":"Erstellen Sie Ihre Button-App","demo_caption":"Konfigurieren Sie Ihren Button und f\u00fcgen Sie ihn kostenlos zu Ihrer Wix-Website hinzu!","default_faq_hidden":"","app_template_category":[],"platform":"265","template_public_id":"","codecanyon_url":"","codecanyon_item_id":"","codecanyon_price":"","pricing_caption":"","pricing_elfsight_apps_hide_column":"","pricing_elfsight_apps_url":"","pricing_codecanyon_price_caption":"","integration_category":[],"integration_request_title":"","integration_request_cta":"","integration_platform":"","integrations":[],"platform_category":[],"video_schema_markup":"","price":"ab 0 $ \/ Monat","trial":"","benefits":[{"text":"Kostenlose Installationshilfe"},{"text":"Effektiver Kundenservice"},{"text":"14-t\u00e4gige Geld-zur\u00fcck-Garantie"},{"text":"St\u00e4ndige Aktualisierung"}],"button_url":"#demo","button_target_blank":"0","button_nofollow":"0","attributes":[{"name":"Installiert","content":"10,000 - 100,000"},{"name":"Reaktionsfreudig","content":"Ja"},{"name":"Kompatible Browser","content":"Firefox, Safari, Opera, Chrome, Edge"}],"tags":[],"tags_disable_links":"0","hide_more_platforms":"0","video_object":"","demo_hide_cta":"0","demo_hide_cloud_options":"0","pricing_title":"","pricing":[{"pricing_icon":"platform","pricing_title":"Elfsight Apps","pricing_title_caption":"Plattformunabh\u00e4ngige Version","pricing_price":"ab 0 $ \/ Monat","pricing_price_caption":"Beginnen Sie mit einem kostenlosen Plan","pricing_benefits":[{"text":"Unbegrenzte Domains"},{"text":"Premium-Support und gut dokumentiert"},{"text":"Kostenlose Installationshilfe"},{"text":"Vollst\u00e4ndig anpassbar"}],"pricing_button_text":"Zur Website hinzuf\u00fcgen","pricing_button_url":"#demo"}],"related_apps_title":"","related_apps_hidden":"0","author":"","image":[],"title":"","job":"","social_networks":[]},"_links":{"self":[{"href":"https:\/\/elfsight.com\/de\/wp-json\/wp\/v2\/pages\/8275","targetHints":{"allow":["GET"]}}],"collection":[{"href":"https:\/\/elfsight.com\/de\/wp-json\/wp\/v2\/pages"}],"about":[{"href":"https:\/\/elfsight.com\/de\/wp-json\/wp\/v2\/types\/page"}],"author":[{"embeddable":true,"href":"https:\/\/elfsight.com\/de\/wp-json\/wp\/v2\/users\/9"}],"replies":[{"embeddable":true,"href":"https:\/\/elfsight.com\/de\/wp-json\/wp\/v2\/comments?post=8275"}],"version-history":[{"count":3,"href":"https:\/\/elfsight.com\/de\/wp-json\/wp\/v2\/pages\/8275\/revisions"}],"predecessor-version":[{"id":25609,"href":"https:\/\/elfsight.com\/de\/wp-json\/wp\/v2\/pages\/8275\/revisions\/25609"}],"up":[{"embeddable":true,"href":"https:\/\/elfsight.com\/de\/wp-json\/wp\/v2\/pages\/4165"}],"wp:attachment":[{"href":"https:\/\/elfsight.com\/de\/wp-json\/wp\/v2\/media?parent=8275"}],"curies":[{"name":"wp","href":"https:\/\/api.w.org\/{rel}","templated":true}]}}