{"id":8268,"date":"2024-05-03T06:31:26","date_gmt":"2024-05-03T06:31:26","guid":{"rendered":"https:\/\/elfsight.com\/de\/?page_id=8268"},"modified":"2025-02-21T07:24:17","modified_gmt":"2025-02-21T07:24:17","slug":"google-sites","status":"publish","type":"page","link":"https:\/\/elfsight.com\/de\/button-widget\/google-sites\/","title":{"rendered":"Button &#8211; Google Sites"},"content":{"rendered":"\n<div class=\"application-platform-content-item-description application-platform-content-item\" id=\"description\" data-nav-section=\"description\"> <h2>Schaltfl\u00e4che auf Google Sites mit dem Elfsight-Widget einbetten<\/h2> <p>Elfsight Button ist ein Plugin f\u00fcr Google Sites, mit dem Sie verschiedene erstellen k\u00f6nnen Schaltfl\u00e4chen f\u00fcr zahlreiche Zwecke auf Ihrer Website. Es gibt viele Aktionen, die durchgef\u00fchrt werden k\u00f6nnen, nachdem Ihr Website-Besucher auf die Schaltfl\u00e4che geklickt hat. Sie k\u00f6nnen beispielsweise an eine Website eines Drittanbieters gesendet werden, Ihre Telefonnummer w\u00e4hlen, \u00fcber einen bekannten Messenger chatten und vieles mehr. Der Button ist hochgradig personalisierbar \u2013 Sie k\u00f6nnen gerne beliebigen Text und Inhalt rund um den Button verwenden und dessen Gr\u00f6\u00dfe und Farben anpassen. <\/p> <p><b>Nutzen Sie eine attraktive Schaltfl\u00e4che, um den Umsatz auf Ihrer Website zu steigern, mehr Abonnenten in den sozialen Medien zu gewinnen und vieles mehr! <\/b><\/p> <\/div> <div class=\"application-platform-content-item-features application-platform-content-item\" id=\"features\" data-nav-section=\"features\"> <h2>\u00dcberpr\u00fcfen Sie die Liste der wichtigsten Funktionen: <\/h2> <ul><li>\u00c4ndern Sie Farben und Schriftarten<\/li> <li>Zwei Arten der Schaltfl\u00e4chenpositionierung \u2013 eingebettet und schwebend<\/li><li>Eine M\u00f6glichkeit, Inhalte \u00fcber und unter der Schaltfl\u00e4che hinzuzuf\u00fcgen<\/li><li>Eine Beschriftung, die zwei Zeilen lang sein kann<\/li><li>Oben 8 Szenariovarianten nach einem Klick<\/li><\/ul><p><a href=\"#demo\">Was das Plugin bietet, k\u00f6nnen Sie anhand der Demo testen<\/a><\/p> <\/div> <div class=\"application-platform-content-item-installation application-platform-content-item\" id=\"installation\" data-nav-section=\"installation\"> <h2>Wie f\u00fcge ich einen Button zu meiner Google Sites-Website hinzu? <\/h2> <p>Befolgen Sie einfach die nachstehenden Richtlinien, um das Werkzeug einzusetzen. <\/p> <ol><li><b>Nutzen Sie unseren kostenlosen Konfigurator und beginnen Sie mit der Erstellung Ihres eigenen Plugins. <\/b><br> Finden Sie die bevorzugte Schnittstelle und die Parameter des Tools und speichern Sie die \u00c4nderungen. <\/li> <li><b>Erhalten Sie Ihren einzigartigen Code, der im Fenster von Elfsight Apps angezeigt wird. <\/b><br> Nachdem die Anpassung Ihres Widgets abgeschlossen ist, kopieren Sie den pers\u00f6nlichen Code aus dem angezeigten Fenster und speichern Sie ihn zur sp\u00e4teren Verwendung. <\/li> <li><b>Beginnen Sie mit der Verwendung des Plugins auf Ihrer Google Sites-Website. <\/b><br> Geben Sie den zuvor kopierten Code auf Ihrer Seite ein und \u00fcbernehmen Sie die \u00c4nderungen. <\/li> <li><b>Fertig! Die Integration wurde erfolgreich abgeschlossen. <\/b><br> Besuchen Sie Ihre Website, um zu sehen, wie das Tool funktioniert. <\/li><\/ol> <div class=\"tip-yellow tip\"><b>Aufgrund der Besonderheiten der Google Sites-Funktion sieht das Widget m\u00f6glicherweise anders aus als die Online-Demo. Wir entschuldigen uns f\u00fcr etwaige Unannehmlichkeiten.<\/b><\/div><p>Wenn Sie Fragen haben oder auf Schwierigkeiten sto\u00dfen, wenden Sie sich bitte an unseren Support. Unsere Mitarbeiter helfen Ihnen gerne bei allen Problemen, die Sie mit dem Plugin haben k\u00f6nnten. <\/p> <div class=\"faq\" data-component=\"FAQ\"><div class=\"faq-item\">\r\n\t\t\t\t\t<div class=\"faq-item-question\">\r\n\t\t\t\t\t\t<h3 class=\"faq-item-question-text\">Wie kann ich Button ohne Programmierkenntnisse zu meiner Google Sites-Website hinzuf\u00fcgen?<\/h3>\r\n\r\n\t\t\t\t\t\t<div class=\"faq-item-question-icon\"><\/div>\r\n\t\t\t\t\t<\/div>\r\n\r\n\t\t\t\t\t<div class=\"faq-item-answer\">\r\n\t\t\t\t\t\t<div class=\"faq-item-answer-text\"> <p>Elfsight bietet eine SaaS-L\u00f6sung, mit der Sie selbst ein Button-Widget erstellen k\u00f6nnen. Sehen Sie, wie einfach der Vorgang ist: Arbeiten Sie direkt im Online-Editor, um ein Button-Widget zu erstellen, das Sie auf Ihrer Google Sites-Website sehen m\u00f6chten. W\u00e4hlen Sie eine der vorgefertigten Vorlagen aus und passen Sie die Schaltfl\u00e4cheneinstellungen an, f\u00fcgen Sie Ihre Inhalte hinzu, \u00e4ndern Sie das Layout und die Farben ohne Programmierkenntnisse. Speichern Sie den Button und kopieren Sie den Installationscode, den Sie problemlos in Ihre Google Sites-Website integrieren k\u00f6nnen, ohne ein kostenpflichtiges Abonnement kaufen zu m\u00fcssen. Mit unserem intuitiven Editor kann jeder Internetnutzer ein Button-Widget online erstellen und es einfach in seine Google Sites-Website einbetten. Sie m\u00fcssen weder bezahlen noch Ihre Kartendaten eingeben, um auf den Service zuzugreifen. Sollten bei irgendeinem Schritt Probleme auftreten, wenden Sie sich bitte an unser technisches Support-Team.<\/p> <\/div>\r\n\t\t\t\t\t<\/div>\r\n\t\t\t\t<\/div> <\/div><\/div>\n","protected":false},"excerpt":{"rendered":"","protected":false},"author":9,"featured_media":0,"parent":4165,"menu_order":0,"comment_status":"closed","ping_status":"closed","template":"templates\/template-application-platform.php","meta":{"publish_to_discourse":"","publish_post_category":"","wpdc_auto_publish_overridden":"","wpdc_topic_tags":"","wpdc_pin_topic":"","wpdc_pin_until":"","discourse_post_id":"","discourse_permalink":"","wpdc_publishing_response":"","wpdc_publishing_error":"","footnotes":""},"class_list":["post-8268","page","type-page","status-publish","hentry"],"yoast_head":"<!-- This site is optimized with the Yoast SEO plugin v25.3.1 - https:\/\/yoast.com\/wordpress\/plugins\/seo\/ -->\n<title>Schaltfl\u00e4chen-Plugin-Widget \u2013 Schaltfl\u00e4chen-Plugin zu Google Sites hinzuf\u00fcgen (2025)<\/title>\n<meta name=\"description\" content=\"Testen Sie das Elfsight Button-Plugin f\u00fcr Google Sites. Gewinnen Sie neue Abonnenten, steigern Sie den Umsatz und machen Sie Ihr Unternehmen mit den Elfsight-Tools zum Erfolg!\" \/>\n<meta name=\"robots\" content=\"index, follow, max-snippet:-1, max-image-preview:large, max-video-preview:-1\" \/>\n<link rel=\"canonical\" href=\"https:\/\/elfsight.com\/de\/button-widget\/google-sites\/\" \/>\n<meta property=\"og:locale\" content=\"de_DE\" \/>\n<meta property=\"og:type\" content=\"article\" \/>\n<meta property=\"og:title\" content=\"Schaltfl\u00e4chen-Plugin-Widget \u2013 Schaltfl\u00e4chen-Plugin zu Google Sites hinzuf\u00fcgen (2025)\" \/>\n<meta property=\"og:description\" content=\"Testen Sie das Elfsight Button-Plugin f\u00fcr Google Sites. Gewinnen Sie neue Abonnenten, steigern Sie den Umsatz und machen Sie Ihr Unternehmen mit den Elfsight-Tools zum Erfolg!\" \/>\n<meta property=\"og:url\" content=\"https:\/\/elfsight.com\/de\/button-widget\/google-sites\/\" \/>\n<meta property=\"og:site_name\" content=\"Elfsight DE\" \/>\n<meta property=\"article:modified_time\" content=\"2025-02-21T07:24:17+00:00\" \/>\n<meta name=\"twitter:card\" content=\"summary_large_image\" \/>\n<meta name=\"twitter:label1\" content=\"Gesch\u00e4tzte Lesezeit\" \/>\n\t<meta name=\"twitter:data1\" content=\"3\u00a0Minuten\" \/>\n<!-- \/ Yoast SEO plugin. -->","yoast_head_json":{"title":"Schaltfl\u00e4chen-Plugin-Widget \u2013 Schaltfl\u00e4chen-Plugin zu Google Sites hinzuf\u00fcgen (2025)","description":"Testen Sie das Elfsight Button-Plugin f\u00fcr Google Sites. Gewinnen Sie neue Abonnenten, steigern Sie den Umsatz und machen Sie Ihr Unternehmen mit den Elfsight-Tools zum Erfolg!","robots":{"index":"index","follow":"follow","max-snippet":"max-snippet:-1","max-image-preview":"max-image-preview:large","max-video-preview":"max-video-preview:-1"},"canonical":"https:\/\/elfsight.com\/de\/button-widget\/google-sites\/","og_locale":"de_DE","og_type":"article","og_title":"Schaltfl\u00e4chen-Plugin-Widget \u2013 Schaltfl\u00e4chen-Plugin zu Google Sites hinzuf\u00fcgen (2025)","og_description":"Testen Sie das Elfsight Button-Plugin f\u00fcr Google Sites. Gewinnen Sie neue Abonnenten, steigern Sie den Umsatz und machen Sie Ihr Unternehmen mit den Elfsight-Tools zum Erfolg!","og_url":"https:\/\/elfsight.com\/de\/button-widget\/google-sites\/","og_site_name":"Elfsight DE","article_modified_time":"2025-02-21T07:24:17+00:00","twitter_card":"summary_large_image","twitter_misc":{"Gesch\u00e4tzte Lesezeit":"3\u00a0Minuten"},"schema":{"@context":"https:\/\/schema.org","@graph":[{"@type":"WebPage","@id":"https:\/\/elfsight.com\/de\/button-widget\/google-sites\/","url":"https:\/\/elfsight.com\/de\/button-widget\/google-sites\/","name":"Schaltfl\u00e4chen-Plugin-Widget \u2013 Schaltfl\u00e4chen-Plugin zu Google Sites hinzuf\u00fcgen (2025)","isPartOf":{"@id":"https:\/\/elfsight.com\/de\/#website"},"datePublished":"2024-05-03T06:31:26+00:00","dateModified":"2025-02-21T07:24:17+00:00","description":"Testen Sie das Elfsight Button-Plugin f\u00fcr Google Sites. Gewinnen Sie neue Abonnenten, steigern Sie den Umsatz und machen Sie Ihr Unternehmen mit den Elfsight-Tools zum Erfolg!","breadcrumb":{"@id":"https:\/\/elfsight.com\/de\/button-widget\/google-sites\/#breadcrumb"},"inLanguage":"de","potentialAction":[{"@type":"ReadAction","target":["https:\/\/elfsight.com\/de\/button-widget\/google-sites\/"]}]},{"@type":"BreadcrumbList","@id":"https:\/\/elfsight.com\/de\/button-widget\/google-sites\/#breadcrumb","itemListElement":[{"@type":"ListItem","position":1,"name":"Home","item":"https:\/\/elfsight.com\/de\/"},{"@type":"ListItem","position":2,"name":"Button","item":"https:\/\/elfsight.com\/de\/button-widget\/"},{"@type":"ListItem","position":3,"name":"Button &#8211; Google Sites"}]},{"@type":"WebSite","@id":"https:\/\/elfsight.com\/de\/#website","url":"https:\/\/elfsight.com\/de\/","name":"Elfsight DE","description":"Just another Elfsight Sites site","potentialAction":[{"@type":"SearchAction","target":{"@type":"EntryPoint","urlTemplate":"https:\/\/elfsight.com\/de\/?s={search_term_string}"},"query-input":{"@type":"PropertyValueSpecification","valueRequired":true,"valueName":"search_term_string"}}],"inLanguage":"de"}]}},"meta_box":{"industry":"","seo_heading":"","heading":"","description":"","cta_heading":"","cta_description":"","application":"4164","h1":"Plugin f\u00fcr die Google Sites-Schaltfl\u00e4che","h1_caption":"F\u00fcgen Sie eine anpassbare Call-to-Action-Schaltfl\u00e4che hinzu, um Klicks zu f\u00f6rdern und Ihre Nutzer m\u00fchelos zu Conversions auf Ihren Google Sites zu f\u00fchren.","application_category":[],"applications_title":"","applications_request_title":"","applications_request_button_text":"","hero_text":"","hero_video":"","hero_video_schema_markup":"","selling_points_title":"","selling_points_caption":"","selling_points":[],"selling_points_cta_text":"","features_title":"","features":"","ed_cta_examples_text":"","ed_cta_examples_hidden":"","ed_cta_demo_text":"","ed_cta_demo_hidden":"","why_caption":"","why_editor_title":"","why_editor_text":"","why_team_title":"","why_team_text":"","why_service_title":"","why_service_text":"","template_catalog_visible":"0","template_catalog_title":"","template_catalog_text":"","template_catalog_categories_visible":"","demo_title":"Erstellen Sie Ihr Button-Widget","demo_caption":"Konfigurieren Sie Ihren Button und f\u00fcgen Sie ihn kostenlos zu Ihrer Google Sites-Website hinzu!","default_faq_hidden":"","app_template_category":[],"platform":"3000","template_public_id":"","codecanyon_url":"","codecanyon_item_id":"","codecanyon_price":"","pricing_caption":"","pricing_elfsight_apps_hide_column":"","pricing_elfsight_apps_url":"","pricing_codecanyon_price_caption":"","integration_category":[],"integration_request_title":"","integration_request_cta":"","integration_platform":"","integrations":[],"platform_category":[],"video_schema_markup":"","price":"ab 0 $ \/ Monat","trial":"","benefits":[{"text":"Kostenloser Installationsservice"},{"text":"Professioneller Kundenservice"},{"text":"14-t\u00e4gige R\u00fcckerstattungsgarantie"},{"text":"Zuk\u00fcnftige Verbesserungen"}],"button_url":"#demo","button_target_blank":"0","button_nofollow":"0","attributes":[{"name":"Installiert","content":"10,000 - 100,000"},{"name":"Reaktionsfreudig","content":"Ja"},{"name":"Kompatible Browser","content":"Firefox, Safari, Opera, Chrome, Edge"}],"tags":[],"tags_disable_links":"0","hide_more_platforms":"0","video_object":"","demo_hide_cta":"0","demo_hide_cloud_options":"0","pricing_title":"","pricing":[{"pricing_icon":"platform","pricing_title":"Elfsight Apps","pricing_title_caption":"Multiplattform-Version","pricing_price":"ab 0 $ \/ Monat","pricing_price_caption":"Beginnen Sie mit einem kostenlosen Plan","pricing_benefits":[{"text":"Unbegrenzte Domains"},{"text":"Professionelle und p\u00fcnktliche Unterst\u00fctzung"},{"text":"Kostenloser Installationsservice"},{"text":"Flexibles Design"}],"pricing_button_text":"Zur Website hinzuf\u00fcgen","pricing_button_url":"#demo"}],"related_apps_title":"","related_apps_hidden":"0","author":"","image":[],"title":"","job":"","social_networks":[]},"_links":{"self":[{"href":"https:\/\/elfsight.com\/de\/wp-json\/wp\/v2\/pages\/8268","targetHints":{"allow":["GET"]}}],"collection":[{"href":"https:\/\/elfsight.com\/de\/wp-json\/wp\/v2\/pages"}],"about":[{"href":"https:\/\/elfsight.com\/de\/wp-json\/wp\/v2\/types\/page"}],"author":[{"embeddable":true,"href":"https:\/\/elfsight.com\/de\/wp-json\/wp\/v2\/users\/9"}],"replies":[{"embeddable":true,"href":"https:\/\/elfsight.com\/de\/wp-json\/wp\/v2\/comments?post=8268"}],"version-history":[{"count":3,"href":"https:\/\/elfsight.com\/de\/wp-json\/wp\/v2\/pages\/8268\/revisions"}],"predecessor-version":[{"id":24643,"href":"https:\/\/elfsight.com\/de\/wp-json\/wp\/v2\/pages\/8268\/revisions\/24643"}],"up":[{"embeddable":true,"href":"https:\/\/elfsight.com\/de\/wp-json\/wp\/v2\/pages\/4165"}],"wp:attachment":[{"href":"https:\/\/elfsight.com\/de\/wp-json\/wp\/v2\/media?parent=8268"}],"curies":[{"name":"wp","href":"https:\/\/api.w.org\/{rel}","templated":true}]}}