{"id":8259,"date":"2024-05-03T06:31:21","date_gmt":"2024-05-03T06:31:21","guid":{"rendered":"https:\/\/elfsight.com\/de\/?page_id=8259"},"modified":"2025-02-21T06:27:09","modified_gmt":"2025-02-21T06:27:09","slug":"squarespace","status":"publish","type":"page","link":"https:\/\/elfsight.com\/de\/business-hours-widget\/squarespace\/","title":{"rendered":"Business Hours &#8211; Squarespace"},"content":{"rendered":"\n<div class=\"application-platform-content-item-description application-platform-content-item\" id=\"description\" data-nav-section=\"description\"> <h2>Einbetten von Gesch\u00e4ftszeiten auf Squarespace mit einem Elfsight-Plugin<\/h2> <p>Elfsight Gesch\u00e4ftszeiten f\u00fcr Squarespace ist ein einfaches Widget, das Ihnen dabei hilft Projizieren Sie eine sch\u00f6ne Visitenkarte mit den wichtigsten Informationen zu Ihrer Aktivit\u00e4t. Sie k\u00f6nnen Informationen zu Ihrem Arbeitsstatus anzeigen und Kontakte f\u00fcr Ihre Kunden aktivieren. Mit dem Widget k\u00f6nnen Sie benutzerfreundliche Designs projizieren, sodass die Kunden alle erforderlichen Informationen ganz einfach kurz oder ausf\u00fchrlich erkunden k\u00f6nnen.<\/p><p>Das wunderbare Widget enth\u00e4lt einige Vorlagen, sodass Sie frei ausw\u00e4hlen k\u00f6nnen die beste Option f\u00fcr Ihre Website. Jede Vorlage verf\u00fcgt \u00fcber flexible Einstellungen, mit denen Sie eine pers\u00f6nliche L\u00f6sung mit den erforderlichen Optionen wie Bestell- und Registrierungsschaltfl\u00e4chen erstellen k\u00f6nnen. Die Einbindung der Arbeitszeiten und der Kontakte Ihres Unternehmens in Ihre Website ist mit Elfsight dank klarer Tutorials und Richtlinien ganz einfach. Jeder Website-Inhaber kann die Gesch\u00e4ftszeiten ohne Code kostenlos erstellen und integrieren.<\/p><p><b>F\u00fcgen Sie Gesch\u00e4ftsdetails zu Ihrer Website hinzu, um die Conversions und die Kundenbindung zu steigern. Teilen Sie wichtige Informationen zu Ihren Aktivit\u00e4tsstunden klar und deutlich auf der Website. <\/b><\/p><p>Mit diesem in Ihre Squarespace-Website eingebetteten Widget k\u00f6nnen Sie Ihre Kunden besser \u00fcber Ihre Arbeitszeiten informieren und regelm\u00e4\u00dfige Verk\u00e4ufe erzielen. Entdecken Sie einige der offensichtlichsten Vorteile f\u00fcr Ihre Website, wenn Sie das Arbeitszeit-Widget hinzuf\u00fcgen.<\/p><ul><li><b>Sorgen Sie daf\u00fcr, dass Ihre Kunden immer p\u00fcnktlich sind.<\/b> Steigern Sie gleichzeitig den Umsatz immer zu den entsprechenden Zeiten da sein. Ihre Website-Besucher werden sich an Ihre Verf\u00fcgbarkeitszeiten erinnern und sind eher davon \u00fcberzeugt, einen erfolgreichen Kauf zu t\u00e4tigen, wenn sie dazu bereit sind. <\/li><li><b>Vermeiden Sie Verwirrung bez\u00fcglich Ihrer Arbeitszeiten.<\/b> Wenn Sie den Kunden Ihre korrekten Arbeitszeiten zeigen, werden sie Ihrem Unternehmen gegen\u00fcber loyaler, da sie eine Reservierung oder einen Besuch planen k\u00f6nnen Du. Dadurch werden mehr Verk\u00e4ufe gesichert.<\/li><li><b>Kontakte auf bequeme Weise anzeigen.<\/b> Durch das Hinzuf\u00fcgen der Kontakte zu Ihren Gesch\u00e4ftszeiten ohne Code k\u00f6nnen Sie eine bessere Kommunikation mit Ihrem Publikum aufbauen und Verk\u00e4ufe schneller t\u00e4tigen. Zeigen Sie, dass Sie hier sind, um ihre Anfragen zu Ihren Produkten und Dienstleistungen zu beantworten, was zu mehr Vertrauen und Anerkennung f\u00fchrt. <\/li><\/ul><div class=\"faq\" data-component=\"FAQ\"><div class=\"faq-item\">\r\n\t\t\t\t\t<div class=\"faq-item-question\">\r\n\t\t\t\t\t\t<h3 class=\"faq-item-question-text\">Gibt es noch andere Plugins f\u00fcr Squarespace, die ich auf meiner Website verwenden kann?<\/h3>\r\n\r\n\t\t\t\t\t\t<div class=\"faq-item-question-icon\"><\/div>\r\n\t\t\t\t\t<\/div>\r\n\r\n\t\t\t\t\t<div class=\"faq-item-answer\">\r\n\t\t\t\t\t\t<div class=\"faq-item-answer-text\">Wir k\u00f6nnen Ihnen viele perfekt funktionierende Plugins zur Verf\u00fcgung stellen, mit denen Sie jedes Ziel auf Ihrer Website erreichen k\u00f6nnen Website und steigern Sie den Umsatz. Probieren Sie beispielsweise Apps aus wie: <a href=\"https:\/\/elfsight.com\/google-reviews-widget\/squarespace\/\" target=\"_blank\" rel=\"noopener\">Google Reviews<\/a>, <a href=\"https:\/\/elfsight.com\/whatsapp-chat-widget\/squarespace\/\" target=\"_blank\" rel=\"noopener\">WhatsApp Chat<\/a>, <a href=\"https:\/\/elfsight.com\/event-calendar-widget\/squarespace\/\" target=\"_blank\" rel=\"noopener\">Veranstaltungskalender<\/a>, <a href=\"https:\/\/elfsight.com\/countdown-timer-widget\/squarespace\/\" target=\"_blank\" rel=\"noopener\">Countdown-Timer<\/a>, <a href=\"https:\/\/elfsight.com\/qr-code-widget\/squarespace\/\" target=\"_blank\" rel=\"noopener\">QR-Code<\/a>. <\/div>\r\n\t\t\t\t\t<\/div>\r\n\t\t\t\t<\/div><div class=\"faq-item\">\r\n\t\t\t\t\t<div class=\"faq-item-question\">\r\n\t\t\t\t\t\t<h3 class=\"faq-item-question-text\">Wie kann ich von der Hinzuf\u00fcgung von Gesch\u00e4ftszeiten ohne Code zur Squarespace-Website profitieren?<\/h3>\r\n\r\n\t\t\t\t\t\t<div class=\"faq-item-question-icon\"><\/div>\r\n\t\t\t\t\t<\/div>\r\n\r\n\t\t\t\t\t<div class=\"faq-item-answer\">\r\n\t\t\t\t\t\t<div class=\"faq-item-answer-text\">Mit den Gesch\u00e4ftszeiten ohne Code haben Sie Zugriff auf viele Szenarien, um Conversion-Statistiken und Verk\u00e4ufe zu verbessern. Mit den Vorlagen von Elfsight f\u00fcr diese gro\u00dfartige App k\u00f6nnen Sie individuelle Gesch\u00e4ftstaktiken ausw\u00e4hlen. Sie k\u00f6nnen entweder detaillierte Informationen zu Ihren \u00d6ffnungszeiten und Kontaktm\u00f6glichkeiten anzeigen oder einfach ein minimalistisches Aktivit\u00e4tsstatus-Popup in die Website integrieren. Mit unserer App k\u00f6nnen Sie Kontaktkarten erstellen und diese in den gew\u00fcnschten Bereichen der Website platzieren, um Aufmerksamkeit zu erregen und die Kunden \u00fcber Ihren Gesch\u00e4ftsstatus und Ihre Verkaufsaktivit\u00e4ten zu informieren. <\/div>\r\n\t\t\t\t\t<\/div>\r\n\t\t\t\t<\/div><div class=\"faq-item\">\r\n\t\t\t\t\t<div class=\"faq-item-question\">\r\n\t\t\t\t\t\t<h3 class=\"faq-item-question-text\">Wie binde ich die No-Code-Gesch\u00e4ftszeiten kostenlos auf Squarespace ein?<\/h3>\r\n\r\n\t\t\t\t\t\t<div class=\"faq-item-question-icon\"><\/div>\r\n\t\t\t\t\t<\/div>\r\n\r\n\t\t\t\t\t<div class=\"faq-item-answer\">\r\n\t\t\t\t\t\t<div class=\"faq-item-answer-text\">Die Integration eines No-Code-Business Hours-Plugins in Ihre Squarespace-Website ist eine gro\u00dfartige M\u00f6glichkeit, mit Kunden zu kommunizieren und ihnen von Ihrem zu erz\u00e4hlen g\u00fcltige Zeit und Status. Hier k\u00f6nnen Sie sich die Tutorials zum Hinzuf\u00fcgen des Business Hours-Plugins zu Ihrer Website ansehen. <ol><li>Um ein Elfsight Business Hours-Plugin kostenlos zu Squarespace hinzuzuf\u00fcgen, gehen Sie zur Elfsight-Website und melden Sie sich an.<\/li> <li>Passen Sie das Plugin an, indem Sie dessen Erscheinungsbild und Einstellungen an das Design Ihrer Website anpassen .<\/li> <li>Nachdem Sie Ihr Gesch\u00e4ftszeiten-Plugin angepasst haben, kopieren Sie den bereitgestellten Code und f\u00fcgen Sie ihn an der Stelle ein, an der das Plugin angezeigt werden soll.<\/li>Durch das Hinzuf\u00fcgen Ihrer Gesch\u00e4ftszeiten zu Ihrer Squarespace-Website k\u00f6nnen Sie wird auf jeden Fall seine visuelle Attraktivit\u00e4t steigern und neben den Umsatzraten auch die kontinuierliche Einbeziehung der Besucher steigern. Testen Sie die Vorteile des Elfsight Business Hours-Plugins auf Ihrer Website! <\/ol><\/div>\r\n\t\t\t\t\t<\/div>\r\n\t\t\t\t<\/div><\/div><\/div><div class=\"application-platform-content-item-features application-platform-content-item\" id=\"features\" data-nav-section=\"features\"> <h2>Entdecken Sie die Liste der wichtigsten Funktionen:<\/h2> <ul><li>Pr\u00e4sentieren Sie die aktuellen Trends Ihres Unternehmens Arbeitsstatus<\/li><li>Einfache Stundenplananpassung<\/li><li>Besondere Anl\u00e4sse konfigurieren<\/li><li>Aktueller Firmenstatus<\/li><li>Einf\u00fcgbares Gesch\u00e4ftszeitendiagramm oder platzsparender Status<\/li><\/ul><p><a href=\"#demo\">Probieren Sie alle Einstellungen in einer voll funktionsf\u00e4higen Demo aus<\/a><\/p> <\/div> <div class=\"application-platform-content-item-installation application-platform-content-item\" id=\"installation\" data-nav-section=\"installation\"> <h2>Wie Kann ich Gesch\u00e4ftszeiten in meine Squarespace-Website einbetten?<\/h2><p>Befolgen Sie einfach die nachstehenden Anweisungen, um das Plugin einzubetten.<\/p> <ol><li><b>Starten Sie unseren Editor und beginnen Sie mit der Erstellung Ihrer individuellen Aktivit\u00e4tszeiten Plugin. <\/b><br> Geben Sie das individuelle Erscheinungsbild und die Funktionsmerkmale des Plugins an und nehmen Sie die gew\u00fcnschten Korrekturen vor. <\/li> <li><b>Kopieren Sie den eingebetteten pers\u00f6nlichen Code, der in der speziellen Form auf Elfsight Apps angezeigt wird.<\/b><br> Kopieren Sie direkt nach der Erstellung Ihres Plugins den individuellen Code im angezeigten Fenster und bewahren Sie es f\u00fcr einen sp\u00e4teren Bedarf auf. <\/li> <li><b>Beginnen Sie mit der Verwendung der hinzugef\u00fcgten App auf Ihrer Website.<\/b><br> Geben Sie den Code, den Sie zuvor erhalten haben, auf Ihrer Squarespace-Startseite ein und speichern Sie die Korrekturen. <\/li> <li><b>Fertig! Die Einrichtung Ihrer No-Code-Gesch\u00e4ftszeiten ist vollst\u00e4ndig abgeschlossen.<\/b><br> Gehen Sie auf Ihre Website, um die Leistung des Plugins in Aktion zu sehen, das Kunden und Verk\u00e4ufe anzieht. <\/li><\/ol> <p>Wenn Sie Probleme mit diesem Squarespace-Widget haben, wenden Sie sich bitte an unser Support-Team. Unsere Berater helfen Ihnen gerne bei allen Schwierigkeiten, die Sie mit dem Widget haben k\u00f6nnten. <\/p><\/div>\n","protected":false},"excerpt":{"rendered":"","protected":false},"author":9,"featured_media":0,"parent":7446,"menu_order":0,"comment_status":"closed","ping_status":"closed","template":"templates\/template-application-platform.php","meta":{"publish_to_discourse":"","publish_post_category":"","wpdc_auto_publish_overridden":"","wpdc_topic_tags":"","wpdc_pin_topic":"","wpdc_pin_until":"","discourse_post_id":"","discourse_permalink":"","wpdc_publishing_response":"","wpdc_publishing_error":"","footnotes":""},"class_list":["post-8259","page","type-page","status-publish","hentry"],"yoast_head":"<!-- This site is optimized with the Yoast SEO plugin v25.3.1 - https:\/\/yoast.com\/wordpress\/plugins\/seo\/ -->\n<title>Gesch\u00e4ftszeiten zu Squarespace hinzuf\u00fcgen \u2013 Stundenplan in Seiten einbetten<\/title>\n<meta name=\"description\" content=\"Betten Sie ein anpassbares Gesch\u00e4ftszeiten-Widget in Squarespace ein, um den aktuellen Status anzuzeigen. Gestalten Sie in der Demo Ihre pers\u00f6nliche Sprechstunden-App.\" \/>\n<meta name=\"robots\" content=\"index, follow, max-snippet:-1, max-image-preview:large, max-video-preview:-1\" \/>\n<link rel=\"canonical\" href=\"https:\/\/elfsight.com\/de\/business-hours-widget\/squarespace\/\" \/>\n<meta property=\"og:locale\" content=\"de_DE\" \/>\n<meta property=\"og:type\" content=\"article\" \/>\n<meta property=\"og:title\" content=\"Gesch\u00e4ftszeiten zu Squarespace hinzuf\u00fcgen \u2013 Stundenplan in Seiten einbetten\" \/>\n<meta property=\"og:description\" content=\"Betten Sie ein anpassbares Gesch\u00e4ftszeiten-Widget in Squarespace ein, um den aktuellen Status anzuzeigen. Gestalten Sie in der Demo Ihre pers\u00f6nliche Sprechstunden-App.\" \/>\n<meta property=\"og:url\" content=\"https:\/\/elfsight.com\/de\/business-hours-widget\/squarespace\/\" \/>\n<meta property=\"og:site_name\" content=\"Elfsight DE\" \/>\n<meta property=\"article:modified_time\" content=\"2025-02-21T06:27:09+00:00\" \/>\n<meta name=\"twitter:card\" content=\"summary_large_image\" \/>\n<meta name=\"twitter:label1\" content=\"Gesch\u00e4tzte Lesezeit\" \/>\n\t<meta name=\"twitter:data1\" content=\"5\u00a0Minuten\" \/>\n<!-- \/ Yoast SEO plugin. -->","yoast_head_json":{"title":"Gesch\u00e4ftszeiten zu Squarespace hinzuf\u00fcgen \u2013 Stundenplan in Seiten einbetten","description":"Betten Sie ein anpassbares Gesch\u00e4ftszeiten-Widget in Squarespace ein, um den aktuellen Status anzuzeigen. Gestalten Sie in der Demo Ihre pers\u00f6nliche Sprechstunden-App.","robots":{"index":"index","follow":"follow","max-snippet":"max-snippet:-1","max-image-preview":"max-image-preview:large","max-video-preview":"max-video-preview:-1"},"canonical":"https:\/\/elfsight.com\/de\/business-hours-widget\/squarespace\/","og_locale":"de_DE","og_type":"article","og_title":"Gesch\u00e4ftszeiten zu Squarespace hinzuf\u00fcgen \u2013 Stundenplan in Seiten einbetten","og_description":"Betten Sie ein anpassbares Gesch\u00e4ftszeiten-Widget in Squarespace ein, um den aktuellen Status anzuzeigen. Gestalten Sie in der Demo Ihre pers\u00f6nliche Sprechstunden-App.","og_url":"https:\/\/elfsight.com\/de\/business-hours-widget\/squarespace\/","og_site_name":"Elfsight DE","article_modified_time":"2025-02-21T06:27:09+00:00","twitter_card":"summary_large_image","twitter_misc":{"Gesch\u00e4tzte Lesezeit":"5\u00a0Minuten"},"schema":{"@context":"https:\/\/schema.org","@graph":[{"@type":"WebPage","@id":"https:\/\/elfsight.com\/de\/business-hours-widget\/squarespace\/","url":"https:\/\/elfsight.com\/de\/business-hours-widget\/squarespace\/","name":"Gesch\u00e4ftszeiten zu Squarespace hinzuf\u00fcgen \u2013 Stundenplan in Seiten einbetten","isPartOf":{"@id":"https:\/\/elfsight.com\/de\/#website"},"datePublished":"2024-05-03T06:31:21+00:00","dateModified":"2025-02-21T06:27:09+00:00","description":"Betten Sie ein anpassbares Gesch\u00e4ftszeiten-Widget in Squarespace ein, um den aktuellen Status anzuzeigen. Gestalten Sie in der Demo Ihre pers\u00f6nliche Sprechstunden-App.","breadcrumb":{"@id":"https:\/\/elfsight.com\/de\/business-hours-widget\/squarespace\/#breadcrumb"},"inLanguage":"de","potentialAction":[{"@type":"ReadAction","target":["https:\/\/elfsight.com\/de\/business-hours-widget\/squarespace\/"]}]},{"@type":"BreadcrumbList","@id":"https:\/\/elfsight.com\/de\/business-hours-widget\/squarespace\/#breadcrumb","itemListElement":[{"@type":"ListItem","position":1,"name":"Home","item":"https:\/\/elfsight.com\/de\/"},{"@type":"ListItem","position":2,"name":"Business Hours","item":"https:\/\/elfsight.com\/de\/business-hours-widget\/"},{"@type":"ListItem","position":3,"name":"Business Hours &#8211; Squarespace"}]},{"@type":"WebSite","@id":"https:\/\/elfsight.com\/de\/#website","url":"https:\/\/elfsight.com\/de\/","name":"Elfsight DE","description":"Just another Elfsight Sites site","potentialAction":[{"@type":"SearchAction","target":{"@type":"EntryPoint","urlTemplate":"https:\/\/elfsight.com\/de\/?s={search_term_string}"},"query-input":{"@type":"PropertyValueSpecification","valueRequired":true,"valueName":"search_term_string"}}],"inLanguage":"de"}]}},"meta_box":{"industry":"","seo_heading":"","heading":"","description":"","cta_heading":"","cta_description":"","application":"7437","h1":"Squarespace-Gesch\u00e4ftszeiten-Plugin","h1_caption":"Zeigen Sie Ihre Gesch\u00e4ftszeiten in einem klaren und attraktiven Format an, um Besucher m\u00fchelos \u00fcber Ihre Verf\u00fcgbarkeit auf Ihrer Squarespace-Website zu informieren.","application_category":[],"applications_title":"","applications_request_title":"","applications_request_button_text":"","hero_text":"","hero_video":"","hero_video_schema_markup":"","selling_points_title":"","selling_points_caption":"","selling_points":[],"selling_points_cta_text":"","features_title":"","features":"","ed_cta_examples_text":"","ed_cta_examples_hidden":"","ed_cta_demo_text":"","ed_cta_demo_hidden":"","why_caption":"","why_editor_title":"","why_editor_text":"","why_team_title":"","why_team_text":"","why_service_title":"","why_service_text":"","template_catalog_visible":"0","template_catalog_title":"","template_catalog_text":"","template_catalog_categories_visible":"","demo_title":"Erstellen Sie Ihr Gesch\u00e4ftszeiten-Plugin","demo_caption":"Konfigurieren Sie Ihre Gesch\u00e4ftszeiten und f\u00fcgen Sie sie kostenlos zu Ihrer Squarespace-Website hinzu!","default_faq_hidden":"","app_template_category":[],"platform":"252","template_public_id":"","codecanyon_url":"","codecanyon_item_id":"","codecanyon_price":"","pricing_caption":"","pricing_elfsight_apps_hide_column":"","pricing_elfsight_apps_url":"","pricing_codecanyon_price_caption":"","integration_category":[],"integration_request_title":"","integration_request_cta":"","integration_platform":"","integrations":[],"platform_category":[],"video_schema_markup":"","price":"ab 0 $ \/ Monat","trial":"","benefits":[{"text":"Kostenloser Installationsservice"},{"text":"Premium-Support"},{"text":"14-t\u00e4gige Geld-zur\u00fcck-Garantie"},{"text":"Lebenslange kostenlose Updates"}],"button_url":"#demo","button_target_blank":"0","button_nofollow":"0","attributes":[{"name":"Installiert","content":"10,000 - 100,000"},{"name":"Reaktionsfreudig","content":"Ja"},{"name":"Kompatible Browser","content":"Firefox, Safari, Opera, Chrome, Edge"}],"tags":[],"tags_disable_links":"0","hide_more_platforms":"0","video_object":"","demo_hide_cta":"0","demo_hide_cloud_options":"0","pricing_title":"","pricing":[{"pricing_icon":"platform","pricing_title":"Elfsight Apps","pricing_title_caption":"Multiplattform-Software, die auf jeder Website funktioniert","pricing_price":"ab 0 $ \/ Monat","pricing_price_caption":"Beginnen Sie mit einem kostenlosen Plan","pricing_benefits":[{"text":"Unbegrenzte Websites"},{"text":"Premium-Kundensupport"},{"text":"Kostenloser Installationsservice"},{"text":"Vollst\u00e4ndig anpassbar"}],"pricing_button_text":"Zur Website hinzuf\u00fcgen","pricing_button_url":"#demo"}],"related_apps_title":"","related_apps_hidden":"0","author":"","image":[],"title":"","job":"","social_networks":[]},"_links":{"self":[{"href":"https:\/\/elfsight.com\/de\/wp-json\/wp\/v2\/pages\/8259","targetHints":{"allow":["GET"]}}],"collection":[{"href":"https:\/\/elfsight.com\/de\/wp-json\/wp\/v2\/pages"}],"about":[{"href":"https:\/\/elfsight.com\/de\/wp-json\/wp\/v2\/types\/page"}],"author":[{"embeddable":true,"href":"https:\/\/elfsight.com\/de\/wp-json\/wp\/v2\/users\/9"}],"replies":[{"embeddable":true,"href":"https:\/\/elfsight.com\/de\/wp-json\/wp\/v2\/comments?post=8259"}],"version-history":[{"count":2,"href":"https:\/\/elfsight.com\/de\/wp-json\/wp\/v2\/pages\/8259\/revisions"}],"predecessor-version":[{"id":24616,"href":"https:\/\/elfsight.com\/de\/wp-json\/wp\/v2\/pages\/8259\/revisions\/24616"}],"up":[{"embeddable":true,"href":"https:\/\/elfsight.com\/de\/wp-json\/wp\/v2\/pages\/7446"}],"wp:attachment":[{"href":"https:\/\/elfsight.com\/de\/wp-json\/wp\/v2\/media?parent=8259"}],"curies":[{"name":"wp","href":"https:\/\/api.w.org\/{rel}","templated":true}]}}