{"id":8258,"date":"2024-05-03T06:31:20","date_gmt":"2024-05-03T06:31:20","guid":{"rendered":"https:\/\/elfsight.com\/de\/?page_id=8258"},"modified":"2025-02-21T06:08:41","modified_gmt":"2025-02-21T06:08:41","slug":"elementor","status":"publish","type":"page","link":"https:\/\/elfsight.com\/de\/business-hours-widget\/elementor\/","title":{"rendered":"Business Hours &#8211; Elementor"},"content":{"rendered":"\n<div class=\"application-platform-content-item-description application-platform-content-item\" id=\"description\" data-nav-section=\"description\"> <h2>Gesch\u00e4ftszeiten in Elementor mit einem Elfsight-Widget einbetten<\/h2> <p>Elfsight-Gesch\u00e4ftszeiten f\u00fcr Elementor ist ein einfaches Widget ohne Code, das aktiviert wird Sie erstellen eine ansprechende Visitenkarte mit den wichtigsten Details zu Ihrer Arbeit. Sie k\u00f6nnen Informationen \u00fcber Ihren aktuellen Gesch\u00e4ftsstatus teilen und Kontakte f\u00fcr Ihre Kunden bereitstellen. Mit dem Widget k\u00f6nnen Sie benutzerfreundliche Designs projizieren, sodass die Kunden alle ben\u00f6tigten Informationen leicht kurz oder ausf\u00fchrlich finden k\u00f6nnen. <\/p><p>Das hervorragende Widget bietet mehrere Vorlagen, sodass Sie die effizienteste Option f\u00fcr Ihre Website ausw\u00e4hlen k\u00f6nnen. Jede Vorlage verf\u00fcgt \u00fcber flexible Einstellungen, mit denen Sie ein pers\u00f6nliches Widget mit erforderlichen Elementen wie Bestell- und Registrierungsschaltfl\u00e4chen erstellen k\u00f6nnen, die den Umsatz steigern. Das Hinzuf\u00fcgen der Arbeitszeiten und der Kontaktdaten Ihres Unternehmens zu Ihrer Website ist mit Elfsight dank klarer Tutorials und Anweisungen ganz einfach. Jeder Benutzer kann das Widget \u201eGesch\u00e4ftszeiten\u201c ohne Code entwickeln und einbetten.<\/p> <p><b>Integrieren Sie Gesch\u00e4ftsdetails in Ihre Website, um den Umsatz und die Kundenbindung zu steigern. Stellen Sie wichtige Informationen zu Ihren Arbeitszeiten \u00fcbersichtlich bereit.<\/b><\/p> <p>Mit dieser in Ihre Elementor-Website eingebetteten L\u00f6sung k\u00f6nnen Sie Ihr Publikum besser auf Ihre Prozesse aufmerksam machen und h\u00f6here Ums\u00e4tze erzielen. Informieren Sie sich \u00fcber einige der gr\u00f6\u00dften positiven Ergebnisse f\u00fcr Ihre Website, wenn Sie das Widget f\u00fcr kostenlose Arbeitszeiten hinzuf\u00fcgen. <\/p><ul><li><b>Sorgen Sie daf\u00fcr, dass die Kunden immer p\u00fcnktlich sind.<\/b> Steigern Sie den Umsatz, indem Sie innerhalb der angegebenen Arbeitszeiten st\u00e4ndig da sind. Ihre Website-Besucher werden sich an Ihre Verf\u00fcgbarkeitszeiten erinnern und sind sicherer, einen erfolgreichen Kauf zu t\u00e4tigen, wenn sie dazu bereit sind. <\/li><li><b>Vermeiden Sie Verwirrung \u00fcber Ihre Arbeitszeiten.<\/b> Wenn Sie den Kunden auf der Website Ihre angemessenen Arbeitszeiten pr\u00e4sentieren, werden sie Ihrer Organisation gegen\u00fcber loyaler, da sie eine Buchung planen oder ein Besuch bei Dir. <\/li><li><b>Geben Sie Kontaktinformationen auf bequeme Weise an.<\/b> Durch das Hinzuf\u00fcgen der Kontaktinformationen zu Ihrem No-Code-Widget f\u00fcr die Gesch\u00e4ftszeiten k\u00f6nnen Sie den Verkauf beschleunigen. Zeigen Sie, dass Sie hier sind, um auf ihre Bedenken hinsichtlich der Produkte und Dienstleistungen Ihres Unternehmens einzugehen, was zu mehr Loyalit\u00e4t und Respekt f\u00fchrt. <\/li><\/ul><div class=\"faq\" data-component=\"FAQ\"><div class=\"faq-item\">\r\n\t\t\t\t\t<div class=\"faq-item-question\">\r\n\t\t\t\t\t\t<h3 class=\"faq-item-question-text\">Gibt es noch andere Plugins f\u00fcr Elementor, die ich in meine Website einbetten kann?<\/h3>\r\n\r\n\t\t\t\t\t\t<div class=\"faq-item-question-icon\"><\/div>\r\n\t\t\t\t\t<\/div>\r\n\r\n\t\t\t\t\t<div class=\"faq-item-answer\">\r\n\t\t\t\t\t\t<div class=\"faq-item-answer-text\">Wir k\u00f6nnen Ihnen viele Plugins zur Verf\u00fcgung stellen, mit denen Sie jedes Ziel auf Ihrer Website erreichen k\u00f6nnen Webseite. Hier sind einige Beispiele: <a href=\"https:\/\/elfsight.com\/google-reviews-widget\/elementor\/\" target=\"_blank\" rel=\"noopener\">Google Reviews<\/a>, <a href=\"https:\/\/elfsight.com\/whatsapp-chat-widget\/elementor\/\" target=\"_blank\" rel=\"noopener\">WhatsApp Chat<\/a>, <a href=\"https:\/\/elfsight.com\/event-calendar-widget\/elementor\/\" target=\"_blank\" rel=\"noopener\">Veranstaltungskalender<\/a>, <a href=\"https:\/\/elfsight.com\/countdown-timer-widget\/elementor\/\" target=\" _blank\" rel=\"noopener\">Countdown-Timer<\/a>, <a href=\"https:\/\/elfsight.com\/qr-code-widget\/elementor\/\" target=\"_blank\" rel=\"noopener\">QR-Code <\/a>. <\/div>\r\n\t\t\t\t\t<\/div>\r\n\t\t\t\t<\/div><div class=\"faq-item\">\r\n\t\t\t\t\t<div class=\"faq-item-question\">\r\n\t\t\t\t\t\t<h3 class=\"faq-item-question-text\">Wie kann ich mit den Gesch\u00e4ftszeiten auf Elementor Ergebnisse erzielen?<\/h3>\r\n\r\n\t\t\t\t\t\t<div class=\"faq-item-question-icon\"><\/div>\r\n\t\t\t\t\t<\/div>\r\n\r\n\t\t\t\t\t<div class=\"faq-item-answer\">\r\n\t\t\t\t\t\t<div class=\"faq-item-answer-text\">Sie haben Zugriff auf viele M\u00f6glichkeiten, die Konversionsraten und Verkaufsergebnisse zu verbessern, indem Sie ein Gesch\u00e4ftszeiten-Plugin hinzuf\u00fcgen. Mit den Vorlagen von Elfsight f\u00fcr dieses wunderbare Plugin f\u00fcr Websites kann man eine individuelle Gesch\u00e4ftsstrategie w\u00e4hlen. Sie k\u00f6nnen entweder detaillierte Informationen zu Ihren Arbeitszeiten und Kontaktm\u00f6glichkeiten anzeigen oder einfach eine minimalistische Betriebsstatusleiste einf\u00fcgen. Sie k\u00f6nnen mit Ihrem \u00d6ffnungszeiten-Plugin Kontaktkarten erstellen und diese an gew\u00fcnschten Standorten auf der Website hinzuf\u00fcgen, um Aufmerksamkeit zu erregen und die Kunden \u00fcber Ihre Gesch\u00e4ftsaktivit\u00e4ten zu informieren, um Verk\u00e4ufe anzuregen. <\/div>\r\n\t\t\t\t\t<\/div>\r\n\t\t\t\t<\/div><div class=\"faq-item\">\r\n\t\t\t\t\t<div class=\"faq-item-question\">\r\n\t\t\t\t\t\t<h3 class=\"faq-item-question-text\">Wie binde ich Gesch\u00e4ftszeiten kostenlos auf Elementor-Websites ein?<\/h3>\r\n\r\n\t\t\t\t\t\t<div class=\"faq-item-question-icon\"><\/div>\r\n\t\t\t\t\t<\/div>\r\n\r\n\t\t\t\t\t<div class=\"faq-item-answer\">\r\n\t\t\t\t\t\t<div class=\"faq-item-answer-text\">Das Integrieren von Gesch\u00e4ftszeiten in Ihre Elementor-Website ist eine perfekte Methode, um mit Besuchern zu kommunizieren und sie \u00fcber Ihre g\u00fcltige Zeit und Ihren Status zu informieren Verk\u00e4ufe t\u00e4tigen oder Dienstleistungen anbieten. Nachfolgend finden Sie die Tutorials zum Hinzuf\u00fcgen des No-Code-Betriebsstunden-Plugins zu Ihrer Website. <ol><li>Wenn Sie Elfsight Business Hours kostenlos in Elementor integrieren m\u00f6chten, gehen Sie zur Elfsight-Website und melden Sie sich an. <\/li><li>Erstellen Sie das kostenlose Aktivit\u00e4tsstunden-Plugin, indem Sie dessen Aussehen und Einstellungen an das Design Ihrer Elementor-Website anpassen. <\/li><li>Nachdem Sie Ihre Gesch\u00e4ftszeiten angepasst haben, kopieren Sie den generierten Code und f\u00fcgen Sie ihn dort auf Ihrer Elementor-Website ein, wo das Plugin angezeigt werden soll. <\/li><\/ol>Indem Sie Ihre Gesch\u00e4ftszeiten zu Ihrer Elementor-Website hinzuf\u00fcgen, steigern Sie auf jeden Fall deren visuelle Attraktivit\u00e4t und regen eine nachhaltige Kundenbindung an. Erleben Sie die Vorteile des Elfsight Business Hours-Plugins kostenlos! <\/div>\r\n\t\t\t\t\t<\/div>\r\n\t\t\t\t<\/div><\/div><\/div><div class=\"application-platform-content-item-features application-platform-content-item\" id=\"features\" data-nav-section=\"features\"> <h2>Das Widget bietet praktische und unkomplizierte Funktionen, hier sind einige davon:<\/h2> <ul><li>Pr\u00e4sentieren Sie Ihr Unternehmen &#8218; Echtzeitstatus<\/li><li>Einfache Anpassung des Arbeitszeitraums<\/li><li>Konfiguration spezieller Tage<\/li><li>Aktivit\u00e4tsanzeige in Echtzeit<\/li><li>Einbettbare Tabelle oder kompakter Status <\/li><\/ul><p><a href=\"#demo\">Probieren Sie einfach diese Demo aus, um zu sehen, was das Widget wert ist<\/a><\/p><\/div> <div class=\"application-platform-content-item-installation application-platform-content-item\" id=\"installation\" data-nav-section=\"installation\"> <h2>Wie bette ich Gesch\u00e4ftszeiten in meine Elementor-Website ein?<\/h2> <p>Wenden Sie einfach die folgenden Anweisungen an, um das Plugin in Ihre Verf\u00fcgbarkeitszeiten zu integrieren.<\/p> <ol><li><b> Nutzen Sie unsere Demo und beginnen Sie mit der Erstellung Ihres ma\u00dfgeschneiderten No-Code-Plugins.<\/b><br> Geben Sie das bevorzugte Layout und die Spezifikationen des Plugins an und speichern Sie die \u00c4nderungen. <\/li> <li><b>Sie erhalten den individuellen Code, der im Fenster von Elfsight Apps angezeigt wird.<\/b><br> Wenn Ihr Widget f\u00fcr die Betriebsstunden ohne Code fertig ist, kopieren Sie den Code aus dem angezeigten Fenster und speichern Sie ihn Es. <\/li> <li><b>Beginnen Sie mit der Verwendung des Plugins auf Ihrer Elementor-Site.<\/b><br> Integrieren Sie den Code, den Sie k\u00fcrzlich kopiert haben, in Ihre Homepage und speichern Sie die Anpassungen. <\/li> <li><b>Fertig! Die Einbettung Ihrer Gesch\u00e4ftszeiten ohne Code wurde erfolgreich durchgef\u00fchrt.<\/b><br> Besuchen Sie Ihre Website, um zu sehen, wie die App f\u00fcr hinzugef\u00fcgte Gesch\u00e4ftszeiten funktioniert. <\/li><\/ol> <p>Falls es zu Komplikationen kommt, wenden Sie sich bitte an unser Kundendienstteam. Unsere Berater helfen Ihnen gerne bei allen Fragen rund um das Plugin f\u00fcr Elementor. <\/p><\/div>\n","protected":false},"excerpt":{"rendered":"","protected":false},"author":9,"featured_media":0,"parent":7446,"menu_order":0,"comment_status":"closed","ping_status":"closed","template":"templates\/template-application-platform.php","meta":{"publish_to_discourse":"","publish_post_category":"","wpdc_auto_publish_overridden":"","wpdc_topic_tags":"","wpdc_pin_topic":"","wpdc_pin_until":"","discourse_post_id":"","discourse_permalink":"","wpdc_publishing_response":"","wpdc_publishing_error":"","footnotes":""},"class_list":["post-8258","page","type-page","status-publish","hentry"],"yoast_head":"<!-- This site is optimized with the Yoast SEO plugin v25.3.1 - https:\/\/yoast.com\/wordpress\/plugins\/seo\/ -->\n<title>Gesch\u00e4ftszeiten zu Elementor hinzuf\u00fcgen \u2013 Kontaktdaten vor Ort einbetten<\/title>\n<meta name=\"description\" content=\"Integrieren Sie eine anpassbare Gesch\u00e4ftszeiten-App in Elementor, um Ihren Aktivit\u00e4tsstatus anzuzeigen. Erstellen Sie in der Demo Ihre pers\u00f6nlichen \u00d6ffnungszeiten.\" \/>\n<meta name=\"robots\" content=\"index, follow, max-snippet:-1, max-image-preview:large, max-video-preview:-1\" \/>\n<link rel=\"canonical\" href=\"https:\/\/elfsight.com\/de\/business-hours-widget\/elementor\/\" \/>\n<meta property=\"og:locale\" content=\"de_DE\" \/>\n<meta property=\"og:type\" content=\"article\" \/>\n<meta property=\"og:title\" content=\"Gesch\u00e4ftszeiten zu Elementor hinzuf\u00fcgen \u2013 Kontaktdaten vor Ort einbetten\" \/>\n<meta property=\"og:description\" content=\"Integrieren Sie eine anpassbare Gesch\u00e4ftszeiten-App in Elementor, um Ihren Aktivit\u00e4tsstatus anzuzeigen. Erstellen Sie in der Demo Ihre pers\u00f6nlichen \u00d6ffnungszeiten.\" \/>\n<meta property=\"og:url\" content=\"https:\/\/elfsight.com\/de\/business-hours-widget\/elementor\/\" \/>\n<meta property=\"og:site_name\" content=\"Elfsight DE\" \/>\n<meta property=\"article:modified_time\" content=\"2025-02-21T06:08:41+00:00\" \/>\n<meta name=\"twitter:card\" content=\"summary_large_image\" \/>\n<meta name=\"twitter:label1\" content=\"Gesch\u00e4tzte Lesezeit\" \/>\n\t<meta name=\"twitter:data1\" content=\"5\u00a0Minuten\" \/>\n<!-- \/ Yoast SEO plugin. -->","yoast_head_json":{"title":"Gesch\u00e4ftszeiten zu Elementor hinzuf\u00fcgen \u2013 Kontaktdaten vor Ort einbetten","description":"Integrieren Sie eine anpassbare Gesch\u00e4ftszeiten-App in Elementor, um Ihren Aktivit\u00e4tsstatus anzuzeigen. Erstellen Sie in der Demo Ihre pers\u00f6nlichen \u00d6ffnungszeiten.","robots":{"index":"index","follow":"follow","max-snippet":"max-snippet:-1","max-image-preview":"max-image-preview:large","max-video-preview":"max-video-preview:-1"},"canonical":"https:\/\/elfsight.com\/de\/business-hours-widget\/elementor\/","og_locale":"de_DE","og_type":"article","og_title":"Gesch\u00e4ftszeiten zu Elementor hinzuf\u00fcgen \u2013 Kontaktdaten vor Ort einbetten","og_description":"Integrieren Sie eine anpassbare Gesch\u00e4ftszeiten-App in Elementor, um Ihren Aktivit\u00e4tsstatus anzuzeigen. Erstellen Sie in der Demo Ihre pers\u00f6nlichen \u00d6ffnungszeiten.","og_url":"https:\/\/elfsight.com\/de\/business-hours-widget\/elementor\/","og_site_name":"Elfsight DE","article_modified_time":"2025-02-21T06:08:41+00:00","twitter_card":"summary_large_image","twitter_misc":{"Gesch\u00e4tzte Lesezeit":"5\u00a0Minuten"},"schema":{"@context":"https:\/\/schema.org","@graph":[{"@type":"WebPage","@id":"https:\/\/elfsight.com\/de\/business-hours-widget\/elementor\/","url":"https:\/\/elfsight.com\/de\/business-hours-widget\/elementor\/","name":"Gesch\u00e4ftszeiten zu Elementor hinzuf\u00fcgen \u2013 Kontaktdaten vor Ort einbetten","isPartOf":{"@id":"https:\/\/elfsight.com\/de\/#website"},"datePublished":"2024-05-03T06:31:20+00:00","dateModified":"2025-02-21T06:08:41+00:00","description":"Integrieren Sie eine anpassbare Gesch\u00e4ftszeiten-App in Elementor, um Ihren Aktivit\u00e4tsstatus anzuzeigen. Erstellen Sie in der Demo Ihre pers\u00f6nlichen \u00d6ffnungszeiten.","breadcrumb":{"@id":"https:\/\/elfsight.com\/de\/business-hours-widget\/elementor\/#breadcrumb"},"inLanguage":"de","potentialAction":[{"@type":"ReadAction","target":["https:\/\/elfsight.com\/de\/business-hours-widget\/elementor\/"]}]},{"@type":"BreadcrumbList","@id":"https:\/\/elfsight.com\/de\/business-hours-widget\/elementor\/#breadcrumb","itemListElement":[{"@type":"ListItem","position":1,"name":"Home","item":"https:\/\/elfsight.com\/de\/"},{"@type":"ListItem","position":2,"name":"Business Hours","item":"https:\/\/elfsight.com\/de\/business-hours-widget\/"},{"@type":"ListItem","position":3,"name":"Business Hours &#8211; Elementor"}]},{"@type":"WebSite","@id":"https:\/\/elfsight.com\/de\/#website","url":"https:\/\/elfsight.com\/de\/","name":"Elfsight DE","description":"Just another Elfsight Sites site","potentialAction":[{"@type":"SearchAction","target":{"@type":"EntryPoint","urlTemplate":"https:\/\/elfsight.com\/de\/?s={search_term_string}"},"query-input":{"@type":"PropertyValueSpecification","valueRequired":true,"valueName":"search_term_string"}}],"inLanguage":"de"}]}},"meta_box":{"industry":"","seo_heading":"","heading":"","description":"","cta_heading":"","cta_description":"","application":"7437","h1":"Elementor-Gesch\u00e4ftszeiten-Widget","h1_caption":"Zeigen Sie Ihre Gesch\u00e4ftszeiten in einem klaren und attraktiven Format an, um Besucher m\u00fchelos \u00fcber Ihre Verf\u00fcgbarkeit auf Ihrer Elementor-Website zu informieren.","application_category":[],"applications_title":"","applications_request_title":"","applications_request_button_text":"","hero_text":"","hero_video":"","hero_video_schema_markup":"","selling_points_title":"","selling_points_caption":"","selling_points":[],"selling_points_cta_text":"","features_title":"","features":"","ed_cta_examples_text":"","ed_cta_examples_hidden":"","ed_cta_demo_text":"","ed_cta_demo_hidden":"","why_caption":"","why_editor_title":"","why_editor_text":"","why_team_title":"","why_team_text":"","why_service_title":"","why_service_text":"","template_catalog_visible":"0","template_catalog_title":"","template_catalog_text":"","template_catalog_categories_visible":"","demo_title":"Erstellen Sie Ihr Gesch\u00e4ftszeiten-Widget","demo_caption":"Konfigurieren Sie Ihre Gesch\u00e4ftszeiten und f\u00fcgen Sie sie kostenlos zu Ihrer Elementor-Website hinzu!","default_faq_hidden":"","app_template_category":[],"platform":"223","template_public_id":"","codecanyon_url":"","codecanyon_item_id":"","codecanyon_price":"","pricing_caption":"","pricing_elfsight_apps_hide_column":"","pricing_elfsight_apps_url":"","pricing_codecanyon_price_caption":"","integration_category":[],"integration_request_title":"","integration_request_cta":"","integration_platform":"","integrations":[],"platform_category":[],"video_schema_markup":"","price":"ab 0 $ \/ Monat","trial":"","benefits":[{"text":"Kostenlose Installationshilfe"},{"text":"Premium-Support"},{"text":"14-t\u00e4gige Geld-zur\u00fcck-Garantie"},{"text":"St\u00e4ndige Aktualisierung"}],"button_url":"#demo","button_target_blank":"0","button_nofollow":"0","attributes":[{"name":"Installiert","content":"10,000 - 100,000"},{"name":"Reaktionsfreudig","content":"Ja"},{"name":"Kompatible Browser","content":"Firefox, Safari, Opera, Chrome, Edge"}],"tags":[],"tags_disable_links":"0","hide_more_platforms":"0","video_object":"","demo_hide_cta":"0","demo_hide_cloud_options":"0","pricing_title":"","pricing":[{"pricing_icon":"platform","pricing_title":"Elfsight Apps","pricing_title_caption":"Plattformunabh\u00e4ngige Software, die auf jeder Site funktioniert","pricing_price":"ab 0 $ \/ Monat","pricing_price_caption":"Beginnen Sie mit einem kostenlosen Plan","pricing_benefits":[{"text":"Unbegrenzte Websites"},{"text":"Erstklassiger und p\u00fcnktlicher Support"},{"text":"Kostenloser Installationsservice"},{"text":"Vollst\u00e4ndig anpassbar"}],"pricing_button_text":"Zur Website hinzuf\u00fcgen","pricing_button_url":"#demo"}],"related_apps_title":"","related_apps_hidden":"0","author":"","image":[],"title":"","job":"","social_networks":[]},"_links":{"self":[{"href":"https:\/\/elfsight.com\/de\/wp-json\/wp\/v2\/pages\/8258","targetHints":{"allow":["GET"]}}],"collection":[{"href":"https:\/\/elfsight.com\/de\/wp-json\/wp\/v2\/pages"}],"about":[{"href":"https:\/\/elfsight.com\/de\/wp-json\/wp\/v2\/types\/page"}],"author":[{"embeddable":true,"href":"https:\/\/elfsight.com\/de\/wp-json\/wp\/v2\/users\/9"}],"replies":[{"embeddable":true,"href":"https:\/\/elfsight.com\/de\/wp-json\/wp\/v2\/comments?post=8258"}],"version-history":[{"count":2,"href":"https:\/\/elfsight.com\/de\/wp-json\/wp\/v2\/pages\/8258\/revisions"}],"predecessor-version":[{"id":24607,"href":"https:\/\/elfsight.com\/de\/wp-json\/wp\/v2\/pages\/8258\/revisions\/24607"}],"up":[{"embeddable":true,"href":"https:\/\/elfsight.com\/de\/wp-json\/wp\/v2\/pages\/7446"}],"wp:attachment":[{"href":"https:\/\/elfsight.com\/de\/wp-json\/wp\/v2\/media?parent=8258"}],"curies":[{"name":"wp","href":"https:\/\/api.w.org\/{rel}","templated":true}]}}