{"id":8257,"date":"2024-05-03T06:31:19","date_gmt":"2024-05-03T06:31:19","guid":{"rendered":"https:\/\/elfsight.com\/de\/?page_id=8257"},"modified":"2025-02-21T06:46:28","modified_gmt":"2025-02-21T06:46:28","slug":"godaddy","status":"publish","type":"page","link":"https:\/\/elfsight.com\/de\/business-hours-widget\/godaddy\/","title":{"rendered":"Business Hours &#8211; GoDaddy"},"content":{"rendered":"\n<div class=\"application-platform-content-item-description application-platform-content-item\" id=\"description\" data-nav-section=\"description\"> <h2>Einbetten von Business Hours in GoDaddy mit einem Elfsight-Plugin<\/h2> <p>Elfsight Business Hours f\u00fcr GoDaddy ist ein einfaches Widget ohne Code, das aktiviert wird Wir bitten Sie, eine sch\u00f6ne Visitenkarte zu erstellen, die die wichtigsten Momente Ihrer Aktivit\u00e4t enth\u00e4lt. Sie k\u00f6nnen Informationen \u00fcber Ihren Gesch\u00e4ftsstatus teilen und Kontakte f\u00fcr Ihre Kunden bereitstellen. Mit dem Widget k\u00f6nnen Sie praktische Designs erstellen, sodass die Kunden alle erforderlichen Informationen einfach kurz oder detaillierter pr\u00fcfen k\u00f6nnen. <\/p><p>Das tolle Widget enth\u00e4lt einige Vorlagen, sodass Sie die f\u00fcr Ihre Website am besten geeignete Option ausw\u00e4hlen k\u00f6nnen. Jede Vorlage bietet flexible Einstellungen, mit denen Sie ein pers\u00f6nliches Widget mit erforderlichen Optionen wie Chat- und Teilen-Schaltfl\u00e4chen erstellen k\u00f6nnen, die den Umsatz steigern. Die Integration der Arbeitszeiten und Ihrer Kontakte in die Seiten Ihrer Website ist sehr einfach, da Elfsight klare Tutorials und Richtlinien bietet. Jeder Website-Inhaber kann das Widget \u201eGesch\u00e4ftszeiten\u201c ohne Code kostenlos entwickeln und hinzuf\u00fcgen.<\/p> <p><b>F\u00fcgen Sie Gesch\u00e4ftsdetails zu Ihrer Website hinzu, um die Verkaufsraten und die Kundentreue zu erh\u00f6hen. Teilen Sie aussagekr\u00e4ftige Informationen zu Ihren Arbeitszeiten \u00fcbersichtlich mit. <\/b><\/p> <p>Mit diesem in Ihre GoDaddy-Website eingebetteten Widget k\u00f6nnen Sie Ihr Publikum besser \u00fcber Ihren Gesch\u00e4ftsplan informieren und h\u00f6here Ums\u00e4tze erzielen. Informieren Sie sich \u00fcber einige der wichtigsten Vorteile f\u00fcr Ihre Website, nachdem Sie das No-Code-Arbeitszeit-Widget darin eingebettet haben. <\/p><ul><li><b>Sorgen Sie daf\u00fcr, dass Ihre Kunden immer p\u00fcnktlich sind.<\/b> Steigern Sie den Umsatz, indem Sie in den angegebenen Arbeitszeiten st\u00e4ndig in Kontakt bleiben. Ihre Website-Besucher werden auf Ihre Verf\u00fcgbarkeit achten und bei Bedarf entschlossener sein, einen erfolgreichen Kauf zu t\u00e4tigen. <\/li><li><b>Vermeiden Sie Verwirrung \u00fcber Ihre Arbeitszeiten.<\/b> Wenn Sie den Kunden auf der Website Ihre klaren \u00d6ffnungszeiten pr\u00e4sentieren, werden sie Ihrem Unternehmen treuer, da sie eine Buchung planen oder planen k\u00f6nnen ein Besuch bei Dir. <\/li><li><b>Teilen Sie Kontakte auf \u00fcbersichtliche Weise.<\/b> Durch das Hinzuf\u00fcgen der Kontaktinformationen zu Ihrem No-Code-Widget f\u00fcr die Gesch\u00e4ftszeiten k\u00f6nnen Sie eine bessere Kommunikation mit Ihren Website-Besuchern aufbauen und Verk\u00e4ufe beschleunigen. Zeigen Sie, dass Sie hier sind, um ihre Fragen zu den Produkten und Dienstleistungen Ihres Unternehmens zu beantworten, was zu mehr Vertrauen und Ansehen f\u00fchrt. <\/li><\/ul><div class=\"faq\" data-component=\"FAQ\"><div class=\"faq-item\">\r\n\t\t\t\t\t<div class=\"faq-item-question\">\r\n\t\t\t\t\t\t<h3 class=\"faq-item-question-text\">Gibt es noch andere Plugins f\u00fcr GoDaddy, die ich in meine Website einbetten kann?<\/h3>\r\n\r\n\t\t\t\t\t\t<div class=\"faq-item-question-icon\"><\/div>\r\n\t\t\t\t\t<\/div>\r\n\r\n\t\t\t\t\t<div class=\"faq-item-answer\">\r\n\t\t\t\t\t\t<div class=\"faq-item-answer-text\">Wir k\u00f6nnen Ihnen viele Plugins anbieten, die zu jeder Art von Aufgabe passen Webseite. Hier sind einige Beispiele: <a href=\"https:\/\/elfsight.com\/google-reviews-widget\/godaddy\/\" target=\"_blank\" rel=\"noopener\">Google Reviews<\/a>, <a href=\"https:\/\/elfsight.com\/whatsapp-chat-widget\/godaddy\/\" target=\"_blank\" rel=\"noopener\">WhatsApp Chat<\/a>, <a href=\"https:\/\/elfsight.com\/event-calendar-widget\/godaddy\/\" target=\"_blank\" rel=\"noopener\">Veranstaltungskalender<\/a>, <a href=\"https:\/\/elfsight.com\/countdown-timer-widget\/godaddy\/\" target=\" _blank\" rel=\"noopener\">Countdown-Timer<\/a>, <a href=\"https:\/\/elfsight.com\/qr-code-widget\/godaddy\/\" target=\"_blank\" rel=\"noopener\">QR-Code <\/a>. <\/div>\r\n\t\t\t\t\t<\/div>\r\n\t\t\t\t<\/div><div class=\"faq-item\">\r\n\t\t\t\t\t<div class=\"faq-item-question\">\r\n\t\t\t\t\t\t<h3 class=\"faq-item-question-text\">Wie kann ich mit Business Hours auf GoDaddy Ergebnisse erzielen?<\/h3>\r\n\r\n\t\t\t\t\t\t<div class=\"faq-item-question-icon\"><\/div>\r\n\t\t\t\t\t<\/div>\r\n\r\n\t\t\t\t\t<div class=\"faq-item-answer\">\r\n\t\t\t\t\t\t<div class=\"faq-item-answer-text\">Durch das Hinzuf\u00fcgen eines Business Hours-Plugins haben Sie Zugriff auf viele M\u00f6glichkeiten, Erfolgsquoten und Verk\u00e4ufe zu steigern. Mit den Vorlagen von Elfsight f\u00fcr dieses spannende Plugin f\u00fcr Websites kann man eine pers\u00f6nliche L\u00f6sung finden. Sie k\u00f6nnen entweder detaillierte Informationen zu Ihren Verf\u00fcgbarkeitszeiten und Kontaktm\u00f6glichkeiten anzeigen oder einfach eine minimalistische aktuelle Statusleiste verwenden. Sie k\u00f6nnen mit Ihrem Business Hours-Plugin Kontaktkarten erstellen und diese an den erforderlichen Standorten auf der Website hinzuf\u00fcgen, um Aufmerksamkeit zu erregen und die Kunden \u00fcber Ihre Aktivit\u00e4ten zu informieren, um Verk\u00e4ufe anzuregen. <\/div>\r\n\t\t\t\t\t<\/div>\r\n\t\t\t\t<\/div><div class=\"faq-item\">\r\n\t\t\t\t\t<div class=\"faq-item-question\">\r\n\t\t\t\t\t\t<h3 class=\"faq-item-question-text\">Wie kann ich Business Hours ohne Code kostenlos auf GoDaddy-Websites einbetten?<\/h3>\r\n\r\n\t\t\t\t\t\t<div class=\"faq-item-question-icon\"><\/div>\r\n\t\t\t\t\t<\/div>\r\n\r\n\t\t\t\t\t<div class=\"faq-item-answer\">\r\n\t\t\t\t\t\t<div class=\"faq-item-answer-text\">Integrieren Sie ein Business Hours-Plugin in Ihre GoDaddy-Website, um Kunden \u00fcber Ihre Verf\u00fcgbarkeit zu informieren und Verk\u00e4ufe sicherzustellen. Hier k\u00f6nnen Sie sich die Tutorials zum Hinzuf\u00fcgen des kostenlosen \u00d6ffnungszeiten-Plugins zu Ihrer Website ansehen. <ol><li>Um Elfsight Business Hours kostenlos in GoDaddy zu integrieren, gehen Sie auf die Elfsight-Website und erstellen Sie ein Konto. <\/li><li>Erstellen Sie die Gesch\u00e4ftszeiten, indem Sie deren Aussehen und Einstellungen an das Thema Ihrer GoDaddy-Website anpassen. <\/li><li>Kopieren Sie nach der Festlegung Ihrer Gesch\u00e4ftszeiten das generierte Code-Snippet und f\u00fcgen Sie es dort auf Ihrer GoDaddy-Website ein, wo das Plugin angezeigt werden soll. <\/li><\/ol>Durch das Hinzuf\u00fcgen Ihrer Gesch\u00e4ftszeiten zu Ihrer GoDaddy-Website steigern Sie mit Sicherheit deren visuelle Attraktivit\u00e4t und f\u00f6rdern die dauerhafte Kundentreue. Profitieren Sie von den f\u00fcr Sie kostenlosen Elfsight-Gesch\u00e4ftszeiten! <\/div>\r\n\t\t\t\t\t<\/div>\r\n\t\t\t\t<\/div><\/div><\/div><div class=\"application-platform-content-item-features application-platform-content-item\" id=\"features\" data-nav-section=\"features\"> <h2>Das Widget enth\u00e4lt praktische und einfache Funktionen, sehen Sie sich einige davon an:<\/h2> <ul><li>Pr\u00e4sentieren Sie die Echtheit Ihres Unternehmens -Zeitstatus<\/li><li>Einfache Anpassung des Arbeitszeitraums<\/li><li>Konfiguration f\u00fcr besondere Anl\u00e4sse<\/li><li>Aktivit\u00e4tsanzeige in Echtzeit<\/li><li>Einf\u00fcgbares Diagramm oder platzsparender Status <\/li><\/ul><p><a href=\"#demo\">Die volle Funktionalit\u00e4t des Widgets erfahren Sie in der Demo auf dieser Seite<\/a><\/p><\/div> <div class=\"application-platform-content-item-installation application-platform-content-item\" id=\"installation\" data-nav-section=\"installation\"> <h2>Wie bette ich Gesch\u00e4ftszeiten in meine GoDaddy-Website ein?<\/h2> <p>Befolgen Sie einfach die unten beschriebenen Schritte, um das Plugin mit Ihren Arbeitszeiten zu aktivieren.<\/p> <ol><li><b>Nutzen Sie unseren Konfigurator und beginnen Sie mit der Gestaltung Ihres einzigartigen Plugins.<\/b><br> Geben Sie die gew\u00fcnschte Schnittstelle und die Eigenschaften der App an und wenden Sie die Korrekturen an. <\/li> <li><b>Lassen Sie sich den eindeutigen Code in der Box von Elfsight Apps anzeigen.<\/b><br> Nachdem die Konfiguration Ihres pers\u00f6nlichen No-Code-Betriebsstunden-Plugins abgeschlossen ist, kopieren Sie den pers\u00f6nlichen Code in die Box \u00d6ffnen Sie das angezeigte Fenster und speichern Sie es zur sp\u00e4teren Verwendung. <\/li> <li><b>Beginnen Sie mit der Verwendung des Plugins auf Ihrer GoDaddy-Webseite.<\/b><br> F\u00fcgen Sie den zuvor kopierten Code in Ihre Webseite ein und speichern Sie die Verbesserungen. <\/li> <li><b>Die Einrichtung Ihrer Gesch\u00e4ftszeiten ohne Code ist erfolgreich abgeschlossen.<\/b><br> Besuchen Sie Ihre Website, um die Leistung der App f\u00fcr hinzugef\u00fcgte Gesch\u00e4ftszeiten zu \u00fcberpr\u00fcfen. <\/li><\/ol> <p>Angenommen, Sie haben Komplikationen, z\u00f6gern Sie nicht, sich an unser Kundendienstteam zu wenden. Unsere Berater sind bestrebt, alle Probleme zu l\u00f6sen, die Sie m\u00f6glicherweise mit dem Plugin f\u00fcr GoDaddy haben. <\/p> <\/div>\n","protected":false},"excerpt":{"rendered":"","protected":false},"author":9,"featured_media":0,"parent":7446,"menu_order":0,"comment_status":"closed","ping_status":"closed","template":"templates\/template-application-platform.php","meta":{"publish_to_discourse":"","publish_post_category":"","wpdc_auto_publish_overridden":"","wpdc_topic_tags":"","wpdc_pin_topic":"","wpdc_pin_until":"","discourse_post_id":"","discourse_permalink":"","wpdc_publishing_response":"","wpdc_publishing_error":"","footnotes":""},"class_list":["post-8257","page","type-page","status-publish","hentry"],"yoast_head":"<!-- This site is optimized with the Yoast SEO plugin v25.3.1 - https:\/\/yoast.com\/wordpress\/plugins\/seo\/ -->\n<title>Gesch\u00e4ftszeiten zu GoDaddy hinzuf\u00fcgen \u2013 Betriebszeiten vor Ort einbetten<\/title>\n<meta name=\"description\" content=\"Integrieren Sie ein anpassbares Gesch\u00e4ftszeiten-Widget in GoDaddy, um Ihren Status anzuzeigen. Gestalten Sie Ihre pers\u00f6nlichen Arbeitszeiten mithilfe der Demo.\" \/>\n<meta name=\"robots\" content=\"index, follow, max-snippet:-1, max-image-preview:large, max-video-preview:-1\" \/>\n<link rel=\"canonical\" href=\"https:\/\/elfsight.com\/de\/business-hours-widget\/godaddy\/\" \/>\n<meta property=\"og:locale\" content=\"de_DE\" \/>\n<meta property=\"og:type\" content=\"article\" \/>\n<meta property=\"og:title\" content=\"Gesch\u00e4ftszeiten zu GoDaddy hinzuf\u00fcgen \u2013 Betriebszeiten vor Ort einbetten\" \/>\n<meta property=\"og:description\" content=\"Integrieren Sie ein anpassbares Gesch\u00e4ftszeiten-Widget in GoDaddy, um Ihren Status anzuzeigen. Gestalten Sie Ihre pers\u00f6nlichen Arbeitszeiten mithilfe der Demo.\" \/>\n<meta property=\"og:url\" content=\"https:\/\/elfsight.com\/de\/business-hours-widget\/godaddy\/\" \/>\n<meta property=\"og:site_name\" content=\"Elfsight DE\" \/>\n<meta property=\"article:modified_time\" content=\"2025-02-21T06:46:28+00:00\" \/>\n<meta name=\"twitter:card\" content=\"summary_large_image\" \/>\n<meta name=\"twitter:label1\" content=\"Gesch\u00e4tzte Lesezeit\" \/>\n\t<meta name=\"twitter:data1\" content=\"5\u00a0Minuten\" \/>\n<!-- \/ Yoast SEO plugin. -->","yoast_head_json":{"title":"Gesch\u00e4ftszeiten zu GoDaddy hinzuf\u00fcgen \u2013 Betriebszeiten vor Ort einbetten","description":"Integrieren Sie ein anpassbares Gesch\u00e4ftszeiten-Widget in GoDaddy, um Ihren Status anzuzeigen. Gestalten Sie Ihre pers\u00f6nlichen Arbeitszeiten mithilfe der Demo.","robots":{"index":"index","follow":"follow","max-snippet":"max-snippet:-1","max-image-preview":"max-image-preview:large","max-video-preview":"max-video-preview:-1"},"canonical":"https:\/\/elfsight.com\/de\/business-hours-widget\/godaddy\/","og_locale":"de_DE","og_type":"article","og_title":"Gesch\u00e4ftszeiten zu GoDaddy hinzuf\u00fcgen \u2013 Betriebszeiten vor Ort einbetten","og_description":"Integrieren Sie ein anpassbares Gesch\u00e4ftszeiten-Widget in GoDaddy, um Ihren Status anzuzeigen. Gestalten Sie Ihre pers\u00f6nlichen Arbeitszeiten mithilfe der Demo.","og_url":"https:\/\/elfsight.com\/de\/business-hours-widget\/godaddy\/","og_site_name":"Elfsight DE","article_modified_time":"2025-02-21T06:46:28+00:00","twitter_card":"summary_large_image","twitter_misc":{"Gesch\u00e4tzte Lesezeit":"5\u00a0Minuten"},"schema":{"@context":"https:\/\/schema.org","@graph":[{"@type":"WebPage","@id":"https:\/\/elfsight.com\/de\/business-hours-widget\/godaddy\/","url":"https:\/\/elfsight.com\/de\/business-hours-widget\/godaddy\/","name":"Gesch\u00e4ftszeiten zu GoDaddy hinzuf\u00fcgen \u2013 Betriebszeiten vor Ort einbetten","isPartOf":{"@id":"https:\/\/elfsight.com\/de\/#website"},"datePublished":"2024-05-03T06:31:19+00:00","dateModified":"2025-02-21T06:46:28+00:00","description":"Integrieren Sie ein anpassbares Gesch\u00e4ftszeiten-Widget in GoDaddy, um Ihren Status anzuzeigen. Gestalten Sie Ihre pers\u00f6nlichen Arbeitszeiten mithilfe der Demo.","breadcrumb":{"@id":"https:\/\/elfsight.com\/de\/business-hours-widget\/godaddy\/#breadcrumb"},"inLanguage":"de","potentialAction":[{"@type":"ReadAction","target":["https:\/\/elfsight.com\/de\/business-hours-widget\/godaddy\/"]}]},{"@type":"BreadcrumbList","@id":"https:\/\/elfsight.com\/de\/business-hours-widget\/godaddy\/#breadcrumb","itemListElement":[{"@type":"ListItem","position":1,"name":"Home","item":"https:\/\/elfsight.com\/de\/"},{"@type":"ListItem","position":2,"name":"Business Hours","item":"https:\/\/elfsight.com\/de\/business-hours-widget\/"},{"@type":"ListItem","position":3,"name":"Business Hours &#8211; GoDaddy"}]},{"@type":"WebSite","@id":"https:\/\/elfsight.com\/de\/#website","url":"https:\/\/elfsight.com\/de\/","name":"Elfsight DE","description":"Just another Elfsight Sites site","potentialAction":[{"@type":"SearchAction","target":{"@type":"EntryPoint","urlTemplate":"https:\/\/elfsight.com\/de\/?s={search_term_string}"},"query-input":{"@type":"PropertyValueSpecification","valueRequired":true,"valueName":"search_term_string"}}],"inLanguage":"de"}]}},"meta_box":{"industry":"","seo_heading":"","heading":"","description":"","cta_heading":"","cta_description":"","application":"7437","h1":"GoDaddy-Gesch\u00e4ftszeiten-Plugin","h1_caption":"Zeigen Sie Ihre Gesch\u00e4ftszeiten in einem klaren und attraktiven Format an, um Besucher m\u00fchelos \u00fcber Ihre Verf\u00fcgbarkeit auf Ihrer GoDaddy-Website zu informieren.","application_category":[],"applications_title":"","applications_request_title":"","applications_request_button_text":"","hero_text":"","hero_video":"","hero_video_schema_markup":"","selling_points_title":"","selling_points_caption":"","selling_points":[],"selling_points_cta_text":"","features_title":"","features":"","ed_cta_examples_text":"","ed_cta_examples_hidden":"","ed_cta_demo_text":"","ed_cta_demo_hidden":"","why_caption":"","why_editor_title":"","why_editor_text":"","why_team_title":"","why_team_text":"","why_service_title":"","why_service_text":"","template_catalog_visible":"0","template_catalog_title":"","template_catalog_text":"","template_catalog_categories_visible":"","demo_title":"Erstellen Sie Ihr Gesch\u00e4ftszeiten-Plugin","demo_caption":"Konfigurieren Sie Ihre Gesch\u00e4ftszeiten und f\u00fcgen Sie sie kostenlos zu Ihrer GoDaddy-Website hinzu!","default_faq_hidden":"","app_template_category":[],"platform":"241","template_public_id":"","codecanyon_url":"","codecanyon_item_id":"","codecanyon_price":"","pricing_caption":"","pricing_elfsight_apps_hide_column":"","pricing_elfsight_apps_url":"","pricing_codecanyon_price_caption":"","integration_category":[],"integration_request_title":"","integration_request_cta":"","integration_platform":"","integrations":[],"platform_category":[],"video_schema_markup":"","price":"ab 0 $ \/ Monat","trial":"","benefits":[{"text":"Kostenlose Installationsunterst\u00fctzung"},{"text":"Professioneller Kundenservice"},{"text":"14-t\u00e4gige Geld-zur\u00fcck-Garantie"},{"text":"Zuk\u00fcnftige Updates"}],"button_url":"#demo","button_target_blank":"0","button_nofollow":"0","attributes":[{"name":"Installiert","content":"10,000 - 100,000"},{"name":"Reaktionsfreudig","content":"Ja"},{"name":"Kompatible Browser","content":"Firefox, Safari, Opera, Chrome, Edge"}],"tags":[],"tags_disable_links":"0","hide_more_platforms":"0","video_object":"","demo_hide_cta":"0","demo_hide_cloud_options":"0","pricing_title":"","pricing":[{"pricing_icon":"platform","pricing_title":"Elfsight Apps","pricing_title_caption":"Plattform\u00fcbergreifende Version, die f\u00fcr jede Website geeignet ist","pricing_price":"ab 0 $ \/ Monat","pricing_price_caption":"Beginnen Sie mit einem kostenlosen Plan","pricing_benefits":[{"text":"Unbegrenzte Websites"},{"text":"Professioneller Kundensupport"},{"text":"Kostenlose Installationshilfe"},{"text":"Vollst\u00e4ndig anpassbar"}],"pricing_button_text":"Zur Website hinzuf\u00fcgen","pricing_button_url":"#demo"}],"related_apps_title":"","related_apps_hidden":"0","author":"","image":[],"title":"","job":"","social_networks":[]},"_links":{"self":[{"href":"https:\/\/elfsight.com\/de\/wp-json\/wp\/v2\/pages\/8257","targetHints":{"allow":["GET"]}}],"collection":[{"href":"https:\/\/elfsight.com\/de\/wp-json\/wp\/v2\/pages"}],"about":[{"href":"https:\/\/elfsight.com\/de\/wp-json\/wp\/v2\/types\/page"}],"author":[{"embeddable":true,"href":"https:\/\/elfsight.com\/de\/wp-json\/wp\/v2\/users\/9"}],"replies":[{"embeddable":true,"href":"https:\/\/elfsight.com\/de\/wp-json\/wp\/v2\/comments?post=8257"}],"version-history":[{"count":3,"href":"https:\/\/elfsight.com\/de\/wp-json\/wp\/v2\/pages\/8257\/revisions"}],"predecessor-version":[{"id":24624,"href":"https:\/\/elfsight.com\/de\/wp-json\/wp\/v2\/pages\/8257\/revisions\/24624"}],"up":[{"embeddable":true,"href":"https:\/\/elfsight.com\/de\/wp-json\/wp\/v2\/pages\/7446"}],"wp:attachment":[{"href":"https:\/\/elfsight.com\/de\/wp-json\/wp\/v2\/media?parent=8257"}],"curies":[{"name":"wp","href":"https:\/\/api.w.org\/{rel}","templated":true}]}}