{"id":8251,"date":"2024-05-03T06:31:17","date_gmt":"2024-05-03T06:31:17","guid":{"rendered":"https:\/\/elfsight.com\/de\/?page_id=8251"},"modified":"2025-02-21T06:15:03","modified_gmt":"2025-02-21T06:15:03","slug":"html","status":"publish","type":"page","link":"https:\/\/elfsight.com\/de\/business-hours-widget\/html\/","title":{"rendered":"Business Hours &#8211; HTML"},"content":{"rendered":"\n<div class=\"application-platform-content-item-description application-platform-content-item\" id=\"description\" data-nav-section=\"description\"> <h2>Einbetten von Gesch\u00e4ftszeiten in HTML mit einem Elfsight-Widget<\/h2> <p>Elfsight Gesch\u00e4ftszeiten f\u00fcr HTML ist ein einfaches No-Code-Widget, das erm\u00f6glicht es Ihnen, eine attraktive Visitenkarte mit den wichtigsten Daten zu Ihrer Aktivit\u00e4t zu erstellen. Sie k\u00f6nnen Informationen zu Ihrem aktuellen Betriebsstatus hinzuf\u00fcgen und Kontakte f\u00fcr Ihre Kunden bereitstellen. Mit dem Widget k\u00f6nnen Sie attraktive Designs erfinden, sodass die Kunden alle ben\u00f6tigten Daten einfach kurz oder detaillierter erkunden k\u00f6nnen. <\/p><p>Das tolle Widget verf\u00fcgt \u00fcber eine Reihe von Vorlagen, sodass Sie die effizienteste Option f\u00fcr Ihre Website ausw\u00e4hlen k\u00f6nnen. Jede Vorlage enth\u00e4lt verschiedene Einstellungen, die Ihnen bei der Erstellung eines benutzerdefinierten Widgets mit notwendigen Elementen wie Bestell- und Registrierungsschaltfl\u00e4chen helfen, die den Umsatz steigern. Das Hinzuf\u00fcgen der Arbeitszeiten und der Kontaktdaten Ihres Unternehmens zu Ihren Website-Seiten ist mit Elfsight dank unkomplizierter Tutorials und Anleitungen sehr einfach. Jeder Benutzer kann das Widget \u201eBetriebszeiten ohne Code\u201c kostenlos erstellen und hinzuf\u00fcgen.<\/p> <p><b>F\u00fcgen Sie Gesch\u00e4ftsdetails zu Ihrer Website hinzu, um den Umsatz und die Kundenbindung zu steigern. Teilen Sie wichtige Informationen zu Ihrer Arbeitst\u00e4tigkeit \u00fcbersichtlich mit dem Widget. <\/b><\/p> <p>Mit diesem in Ihre HTML-Website eingebetteten Widget k\u00f6nnen Sie Ihre Kunden st\u00e4rker auf Ihre Gesch\u00e4ftsprozesse aufmerksam machen und regelm\u00e4\u00dfige Verk\u00e4ufe t\u00e4tigen. Entdecken Sie einige der positivsten Ergebnisse f\u00fcr Ihre Website, wenn Sie das No-Code-Arbeitszeit-Widget hinzuf\u00fcgen.<\/p><ul><li><b>Sorgen Sie daf\u00fcr, dass Ihre Kunden immer p\u00fcnktlich sind.<\/b> Steigern Sie den Umsatz, da wir immer zu den angegebenen \u00d6ffnungszeiten vor Ort sind. Ihre Website-Besucher werden sich an Ihre \u00d6ffnungszeiten erinnern und bei Bedarf sicherer sein, einen erfolgreichen Kauf zu t\u00e4tigen. <\/li><li><b>Vermeiden Sie Missverst\u00e4ndnisse \u00fcber Ihre \u00d6ffnungszeiten.<\/b> Wenn Sie den Kunden auf der Website Ihre klaren Arbeitszeiten zur Verf\u00fcgung stellen, werden sie sich Ihrer Marke st\u00e4rker widmen, da sie eine Buchung planen oder ein Besuch bei Dir. <\/li><li><b>Kontaktdaten sichtbar anzeigen.<\/b> Durch das Hinzuf\u00fcgen der Kontaktdaten zu Ihrem No-Code-Widget \u201eGesch\u00e4ftszeiten\u201c k\u00f6nnen Sie eine bessere Kommunikation mit Ihren Website-Besuchern aufbauen und Verk\u00e4ufe beschleunigen. Zeigen Sie, dass Sie hier sind, um ihre Anfragen zu den Produkten und Dienstleistungen Ihres Unternehmens zu beantworten, was zu mehr Vertrauen und besseren Verk\u00e4ufen f\u00fchrt. <\/li><\/ul><div class=\"faq\" data-component=\"FAQ\"><div class=\"faq-item\">\r\n\t\t\t\t\t<div class=\"faq-item-question\">\r\n\t\t\t\t\t\t<h3 class=\"faq-item-question-text\">Gibt es noch andere Plugins f\u00fcr HTML, die ich zu meiner Website hinzuf\u00fcgen kann?<\/h3>\r\n\r\n\t\t\t\t\t\t<div class=\"faq-item-question-icon\"><\/div>\r\n\t\t\t\t\t<\/div>\r\n\r\n\t\t\t\t\t<div class=\"faq-item-answer\">\r\n\t\t\t\t\t\t<div class=\"faq-item-answer-text\">Wir k\u00f6nnen Ihnen viele Plugins zur Verf\u00fcgung stellen, mit denen Sie jede Art von Aufgabe auf Ihrer Website erledigen k\u00f6nnen Webseite. \u00dcberzeugen Sie sich selbst: <a href=\"https:\/\/elfsight.com\/google-reviews-widget\/html\/\" target=\"_blank\" rel=\"noopener\">Google Reviews<\/a>, <a href=\"https:\/\/elfsight.com\/whatsapp-chat-widget\/html\/\" target=\"_blank\" rel=\"noopener\">WhatsApp Chat<\/a>, <a href=\"https:\/\/elfsight.com\/event-calendar-widget\/html\/\" target=\"_blank\" rel=\"noopener\">Veranstaltungskalender<\/a>, <a href=\"https:\/\/elfsight.com\/countdown-timer-widget\/html\/\" target=\"_blank \" rel=\"noopener\">Countdown-Timer<\/a>, <a href=\"https:\/\/elfsight.com\/qr-code-widget\/html\/\" target=\"_blank\" rel=\"noopener\">QR-Code<\/a>.<\/div>\r\n\t\t\t\t\t<\/div>\r\n\t\t\t\t<\/div><div class=\"faq-item\">\r\n\t\t\t\t\t<div class=\"faq-item-question\">\r\n\t\t\t\t\t\t<h3 class=\"faq-item-question-text\">Wie kann ich mit Business Hours in HTML Ergebnisse erzielen?<\/h3>\r\n\r\n\t\t\t\t\t\t<div class=\"faq-item-question-icon\"><\/div>\r\n\t\t\t\t\t<\/div>\r\n\r\n\t\t\t\t\t<div class=\"faq-item-answer\">\r\n\t\t\t\t\t\t<div class=\"faq-item-answer-text\">Es gibt viele M\u00f6glichkeiten, Konvertierungsstatistiken und Verkaufsergebnisse zu verbessern, indem Sie ein Business Hours-Plugin hinzuf\u00fcgen. Mit den Vorlagen von Elfsight f\u00fcr dieses spannende Plugin f\u00fcr Websites ist es m\u00f6glich, eine pers\u00f6nliche Gesch\u00e4ftsstrategie zu entwickeln. Sie k\u00f6nnen entweder Informationen zu Ihren \u00d6ffnungszeiten und Tools zur Kontaktaufnahme angeben oder einfach ein kleines Status-Popup einbetten. Mit unserem \u00d6ffnungszeiten-Plugin k\u00f6nnen Sie Kontaktkarten erstellen und diese zur Website hinzuf\u00fcgen, um Aufmerksamkeit zu erregen und die Kunden \u00fcber Ihre Aktivit\u00e4ten zu informieren.<\/div>\r\n\t\t\t\t\t<\/div>\r\n\t\t\t\t<\/div><div class=\"faq-item\">\r\n\t\t\t\t\t<div class=\"faq-item-question\">\r\n\t\t\t\t\t\t<h3 class=\"faq-item-question-text\">Wie kann ich Gesch\u00e4ftszeiten kostenlos in HTML-Websites einbetten?<\/h3>\r\n\r\n\t\t\t\t\t\t<div class=\"faq-item-question-icon\"><\/div>\r\n\t\t\t\t\t<\/div>\r\n\r\n\t\t\t\t\t<div class=\"faq-item-answer\">\r\n\t\t\t\t\t\t<div class=\"faq-item-answer-text\">Einbetten von a Das Plugin \u201eGesch\u00e4ftszeiten\u201c in Ihre HTML-Website ist eine hervorragende Methode, um Besucher in die Kommunikation einzubeziehen und sie \u00fcber Ihre g\u00fcltigen Zeiten und Ihren Status zu informieren, um Verk\u00e4ufe sicherzustellen oder Dienstleistungen zu erbringen. Wir bieten einige Tutorials zum Hinzuf\u00fcgen des No-Code-Betriebsstunden-Plugins zu Ihrer Website an.<ol><li>Um Elfsight Business Hours kostenlos in HTML zu integrieren, gehen Sie zur Elfsight-Website und melden Sie sich an.<\/li><li> Erstellen Sie das Plugin f\u00fcr Gesch\u00e4ftszeiten ohne Code, indem Sie dessen Erscheinungsbild und Einstellungen an das Thema Ihrer Website anpassen.<\/li><li>Nachdem Sie Ihre Gesch\u00e4ftszeiten erstellt haben, transportieren Sie den Code in den HTML-Code Ihrer Website, wo das Plugin funktionieren soll.<\/li><\/ol>Indem Sie Ihre \u00d6ffnungszeiten in Ihre HTML-Website einf\u00fcgen, erh\u00f6hen Sie deren visuelle Anziehungskraft und motivieren eine nachhaltige Besucherbindung. Erleben Sie die Vorteile des Elfsight Business Hours-Plugins kostenlos!<\/div>\r\n\t\t\t\t\t<\/div>\r\n\t\t\t\t<\/div><\/div><\/div><div class=\"application-platform-content-item-features application-platform-content-item\" id=\"features\" data-nav-section=\"features\"> <h2>Wir bieten n\u00fctzliche und praktische Widget-Funktionen, sehen Sie sich einige davon an :<\/h2> <ul><li>Pr\u00e4sentieren Sie den aktuellen Status Ihrer Organisation<\/li><li>Einfache Zeitplananpassung<\/li><li>Konfiguration f\u00fcr besondere Anl\u00e4sse<\/li><li>Aktueller Status<\/li> <li>Einf\u00fcgbares Diagramm oder platzsparender Status<\/li><\/ul><p><a href=\"#demo\">Probieren Sie alle Einstellungen in einer voll funktionsf\u00e4higen Demo aus<\/a><\/p><\/div> <div class=\"application-platform-content-item-installation application-platform-content-item\" id=\"installation\" data-nav-section=\"installation\"> <h2>Wie kann ich Gesch\u00e4ftszeiten in meine HTML-Website einbetten?<\/h2> <p>Erf\u00fcllen Sie einfach die folgenden Richtlinien, um das Plugin in Ihre Arbeitsschichten einzubetten.<\/p> <ol> <li><b>Nutzen Sie unseren Konfigurator und beginnen Sie mit der Erstellung Ihres einzigartigen Plugins.<\/b><br> Finden Sie das bevorzugte Aussehen und die Spezifikationen und speichern Sie die \u00c4nderungen. <\/li> <li><b>Kopieren Sie den pers\u00f6nlichen Code, der im speziellen Formular auf Elfsight Apps angezeigt wird.<\/b><br> Sobald die Konfiguration Ihres pers\u00f6nlichen Plugins abgeschlossen ist, kopieren Sie den pers\u00f6nlichen Code erscheint als Popup und bewahren Sie es f\u00fcr weitere Gelegenheiten auf. <\/li> <li><b>Beginnen Sie mit der Verwendung des Plugins auf einer HTML-Site.<\/b><br> F\u00fcgen Sie den k\u00fcrzlich kopierten Code in Ihre Homepage ein und wenden Sie die Korrekturen an. <\/li> <li><b>Die Einrichtung Ihrer No-Code-Gesch\u00e4ftszeiten wurde erfolgreich abgeschlossen.<\/b><br> Gehen Sie zu Ihrer Website, um die Leistung des hinzugef\u00fcgten Gesch\u00e4ftszeiten-Plugins zu sehen. <\/li><\/ol> <p>Sollten Sie auf Hindernisse sto\u00dfen, wenden Sie sich bitte an unseren Kundendienst. Unsere Spezialisten helfen Ihnen bei allen Schwierigkeiten, die Sie mit der App f\u00fcr HTML haben k\u00f6nnten. <\/p> <\/div>\n","protected":false},"excerpt":{"rendered":"","protected":false},"author":9,"featured_media":0,"parent":7446,"menu_order":0,"comment_status":"closed","ping_status":"closed","template":"templates\/template-application-platform.php","meta":{"publish_to_discourse":"","publish_post_category":"","wpdc_auto_publish_overridden":"","wpdc_topic_tags":"","wpdc_pin_topic":"","wpdc_pin_until":"","discourse_post_id":"","discourse_permalink":"","wpdc_publishing_response":"","wpdc_publishing_error":"","footnotes":""},"class_list":["post-8251","page","type-page","status-publish","hentry"],"yoast_head":"<!-- This site is optimized with the Yoast SEO plugin v25.3.1 - https:\/\/yoast.com\/wordpress\/plugins\/seo\/ -->\n<title>F\u00fcgen Sie kostenlose Gesch\u00e4ftszeiten zu HTML hinzu \u2013 Betten Sie Arbeitspl\u00e4ne in Websites ein<\/title>\n<meta name=\"description\" content=\"Betten Sie ein anpassbares Gesch\u00e4ftszeiten-Widget in HTML ein, um Ihren Gesch\u00e4ftsstatus anzuzeigen. Bilden Sie Ihre pers\u00f6nlichen Arbeitszeiten in der Demo.\" \/>\n<meta name=\"robots\" content=\"index, follow, max-snippet:-1, max-image-preview:large, max-video-preview:-1\" \/>\n<link rel=\"canonical\" href=\"https:\/\/elfsight.com\/de\/business-hours-widget\/html\/\" \/>\n<meta property=\"og:locale\" content=\"de_DE\" \/>\n<meta property=\"og:type\" content=\"article\" \/>\n<meta property=\"og:title\" content=\"F\u00fcgen Sie kostenlose Gesch\u00e4ftszeiten zu HTML hinzu \u2013 Betten Sie Arbeitspl\u00e4ne in Websites ein\" \/>\n<meta property=\"og:description\" content=\"Betten Sie ein anpassbares Gesch\u00e4ftszeiten-Widget in HTML ein, um Ihren Gesch\u00e4ftsstatus anzuzeigen. Bilden Sie Ihre pers\u00f6nlichen Arbeitszeiten in der Demo.\" \/>\n<meta property=\"og:url\" content=\"https:\/\/elfsight.com\/de\/business-hours-widget\/html\/\" \/>\n<meta property=\"og:site_name\" content=\"Elfsight DE\" \/>\n<meta property=\"article:modified_time\" content=\"2025-02-21T06:15:03+00:00\" \/>\n<meta name=\"twitter:card\" content=\"summary_large_image\" \/>\n<meta name=\"twitter:label1\" content=\"Gesch\u00e4tzte Lesezeit\" \/>\n\t<meta name=\"twitter:data1\" content=\"5\u00a0Minuten\" \/>\n<!-- \/ Yoast SEO plugin. -->","yoast_head_json":{"title":"F\u00fcgen Sie kostenlose Gesch\u00e4ftszeiten zu HTML hinzu \u2013 Betten Sie Arbeitspl\u00e4ne in Websites ein","description":"Betten Sie ein anpassbares Gesch\u00e4ftszeiten-Widget in HTML ein, um Ihren Gesch\u00e4ftsstatus anzuzeigen. Bilden Sie Ihre pers\u00f6nlichen Arbeitszeiten in der Demo.","robots":{"index":"index","follow":"follow","max-snippet":"max-snippet:-1","max-image-preview":"max-image-preview:large","max-video-preview":"max-video-preview:-1"},"canonical":"https:\/\/elfsight.com\/de\/business-hours-widget\/html\/","og_locale":"de_DE","og_type":"article","og_title":"F\u00fcgen Sie kostenlose Gesch\u00e4ftszeiten zu HTML hinzu \u2013 Betten Sie Arbeitspl\u00e4ne in Websites ein","og_description":"Betten Sie ein anpassbares Gesch\u00e4ftszeiten-Widget in HTML ein, um Ihren Gesch\u00e4ftsstatus anzuzeigen. Bilden Sie Ihre pers\u00f6nlichen Arbeitszeiten in der Demo.","og_url":"https:\/\/elfsight.com\/de\/business-hours-widget\/html\/","og_site_name":"Elfsight DE","article_modified_time":"2025-02-21T06:15:03+00:00","twitter_card":"summary_large_image","twitter_misc":{"Gesch\u00e4tzte Lesezeit":"5\u00a0Minuten"},"schema":{"@context":"https:\/\/schema.org","@graph":[{"@type":"WebPage","@id":"https:\/\/elfsight.com\/de\/business-hours-widget\/html\/","url":"https:\/\/elfsight.com\/de\/business-hours-widget\/html\/","name":"F\u00fcgen Sie kostenlose Gesch\u00e4ftszeiten zu HTML hinzu \u2013 Betten Sie Arbeitspl\u00e4ne in Websites ein","isPartOf":{"@id":"https:\/\/elfsight.com\/de\/#website"},"datePublished":"2024-05-03T06:31:17+00:00","dateModified":"2025-02-21T06:15:03+00:00","description":"Betten Sie ein anpassbares Gesch\u00e4ftszeiten-Widget in HTML ein, um Ihren Gesch\u00e4ftsstatus anzuzeigen. Bilden Sie Ihre pers\u00f6nlichen Arbeitszeiten in der Demo.","breadcrumb":{"@id":"https:\/\/elfsight.com\/de\/business-hours-widget\/html\/#breadcrumb"},"inLanguage":"de","potentialAction":[{"@type":"ReadAction","target":["https:\/\/elfsight.com\/de\/business-hours-widget\/html\/"]}]},{"@type":"BreadcrumbList","@id":"https:\/\/elfsight.com\/de\/business-hours-widget\/html\/#breadcrumb","itemListElement":[{"@type":"ListItem","position":1,"name":"Home","item":"https:\/\/elfsight.com\/de\/"},{"@type":"ListItem","position":2,"name":"Business Hours","item":"https:\/\/elfsight.com\/de\/business-hours-widget\/"},{"@type":"ListItem","position":3,"name":"Business Hours &#8211; HTML"}]},{"@type":"WebSite","@id":"https:\/\/elfsight.com\/de\/#website","url":"https:\/\/elfsight.com\/de\/","name":"Elfsight DE","description":"Just another Elfsight Sites site","potentialAction":[{"@type":"SearchAction","target":{"@type":"EntryPoint","urlTemplate":"https:\/\/elfsight.com\/de\/?s={search_term_string}"},"query-input":{"@type":"PropertyValueSpecification","valueRequired":true,"valueName":"search_term_string"}}],"inLanguage":"de"}]}},"meta_box":{"industry":"","seo_heading":"","heading":"","description":"","cta_heading":"","cta_description":"","application":"7437","h1":"HTML-Widget \u201eGesch\u00e4ftszeiten\u201c","h1_caption":"Zeigen Sie Ihre Gesch\u00e4ftszeiten in einem klaren und attraktiven Format an, um Besucher m\u00fchelos \u00fcber Ihre Verf\u00fcgbarkeit auf Ihrer HTML-Website zu informieren.","application_category":[],"applications_title":"","applications_request_title":"","applications_request_button_text":"","hero_text":"","hero_video":"","hero_video_schema_markup":"","selling_points_title":"","selling_points_caption":"","selling_points":[],"selling_points_cta_text":"","features_title":"","features":"","ed_cta_examples_text":"","ed_cta_examples_hidden":"","ed_cta_demo_text":"","ed_cta_demo_hidden":"","why_caption":"","why_editor_title":"","why_editor_text":"","why_team_title":"","why_team_text":"","why_service_title":"","why_service_text":"","template_catalog_visible":"0","template_catalog_title":"","template_catalog_text":"","template_catalog_categories_visible":"","demo_title":"Erstellen Sie Ihr Gesch\u00e4ftszeiten-Widget","demo_caption":"Konfigurieren Sie Ihre Gesch\u00e4ftszeiten und f\u00fcgen Sie sie kostenlos zu Ihrer HTML-Website hinzu!","default_faq_hidden":"","app_template_category":[],"platform":"260","template_public_id":"","codecanyon_url":"","codecanyon_item_id":"","codecanyon_price":"","pricing_caption":"","pricing_elfsight_apps_hide_column":"","pricing_elfsight_apps_url":"","pricing_codecanyon_price_caption":"","integration_category":[],"integration_request_title":"","integration_request_cta":"","integration_platform":"","integrations":[],"platform_category":[],"video_schema_markup":"","price":"ab 0 $ \/ Monat","trial":"","benefits":[{"text":"Kostenloser Installationsservice"},{"text":"Premium-Support"},{"text":"14-t\u00e4gige Geld-zur\u00fcck-Garantie"},{"text":"Lebenslange kostenlose Updates"}],"button_url":"#demo","button_target_blank":"0","button_nofollow":"0","attributes":[{"name":"Installiert","content":"10,000 - 100,000"},{"name":"Reaktionsfreudig","content":"Ja"},{"name":"Kompatible Browser","content":"Firefox, Safari, Opera, Chrome, Edge"}],"tags":[],"tags_disable_links":"0","hide_more_platforms":"0","video_object":"","demo_hide_cta":"0","demo_hide_cloud_options":"0","pricing_title":"","pricing":[{"pricing_icon":"platform","pricing_title":"Elfsight Apps","pricing_title_caption":"Multiplattform-Software, die auf jeder Website funktioniert","pricing_price":"ab 0 $ \/ Monat","pricing_price_caption":"Beginnen Sie mit einem kostenlosen Plan","pricing_benefits":[{"text":"Unbegrenzte Websites"},{"text":"Premium-Kundensupport"},{"text":"Kostenloser Installationsservice"},{"text":"Flexibles Design"}],"pricing_button_text":"Zur Website hinzuf\u00fcgen","pricing_button_url":"#demo"}],"related_apps_title":"","related_apps_hidden":"0","author":"","image":[],"title":"","job":"","social_networks":[]},"_links":{"self":[{"href":"https:\/\/elfsight.com\/de\/wp-json\/wp\/v2\/pages\/8251","targetHints":{"allow":["GET"]}}],"collection":[{"href":"https:\/\/elfsight.com\/de\/wp-json\/wp\/v2\/pages"}],"about":[{"href":"https:\/\/elfsight.com\/de\/wp-json\/wp\/v2\/types\/page"}],"author":[{"embeddable":true,"href":"https:\/\/elfsight.com\/de\/wp-json\/wp\/v2\/users\/9"}],"replies":[{"embeddable":true,"href":"https:\/\/elfsight.com\/de\/wp-json\/wp\/v2\/comments?post=8251"}],"version-history":[{"count":2,"href":"https:\/\/elfsight.com\/de\/wp-json\/wp\/v2\/pages\/8251\/revisions"}],"predecessor-version":[{"id":24612,"href":"https:\/\/elfsight.com\/de\/wp-json\/wp\/v2\/pages\/8251\/revisions\/24612"}],"up":[{"embeddable":true,"href":"https:\/\/elfsight.com\/de\/wp-json\/wp\/v2\/pages\/7446"}],"wp:attachment":[{"href":"https:\/\/elfsight.com\/de\/wp-json\/wp\/v2\/media?parent=8251"}],"curies":[{"name":"wp","href":"https:\/\/api.w.org\/{rel}","templated":true}]}}