{"id":8249,"date":"2024-05-03T06:31:15","date_gmt":"2024-05-03T06:31:15","guid":{"rendered":"https:\/\/elfsight.com\/de\/?page_id=8249"},"modified":"2025-02-21T06:25:41","modified_gmt":"2025-02-21T06:25:41","slug":"shopify","status":"publish","type":"page","link":"https:\/\/elfsight.com\/de\/business-hours-widget\/shopify\/","title":{"rendered":"Business Hours &#8211; Shopify"},"content":{"rendered":"\n<div class=\"application-platform-content-item-description application-platform-content-item\" id=\"description\" data-nav-section=\"description\"> <h2>Gesch\u00e4ftszeiten auf Shopify mit einer Elfsight-App einbetten<\/h2> <p>Elfsight Gesch\u00e4ftszeiten f\u00fcr Shopify ist ein einfaches No-Code-Widget, das erm\u00f6glicht es Ihnen, eine attraktive Visitenkarte mit den wichtigsten Daten zu Ihrer Aktivit\u00e4t zu erstellen. Sie k\u00f6nnen Informationen zu Ihrem aktuellen Arbeitsstatus hinzuf\u00fcgen und Kontakte f\u00fcr Ihre Kunden aktivieren. Mit dem Widget k\u00f6nnen Sie benutzerfreundliche Designs erstellen, sodass die Besucher alle erforderlichen Daten einfach kurz oder detaillierter erkunden k\u00f6nnen. <\/p><p>Das tolle Widget ist mit einer Reihe von Vorlagen ausgestattet, sodass Sie die beste Option f\u00fcr Ihre Website w\u00e4hlen k\u00f6nnen. Jede Vorlage verf\u00fcgt \u00fcber anpassbare Einstellungen, mit denen Sie ein pers\u00f6nliches Widget mit Elementen wie CTA-Schaltfl\u00e4chen erstellen k\u00f6nnen, die den Umsatz steigern. Dank unkomplizierter Tutorials und Anleitungen ist es mit dem Widget von Elfsight sehr einfach, die Arbeitszeiten und die Kontakte Ihres Unternehmens in Ihre Seiten einzubinden. Jeder Website-Inhaber kann das Widget \u201eGesch\u00e4ftszeiten ohne Code\u201c kostenlos erstellen und nutzen.<\/p><p><b>Verwenden Sie Gesch\u00e4ftsdaten auf Ihrer Website, um die Verkaufsraten und die Kundenzufriedenheit zu steigern. F\u00fcgen Sie m\u00fchelos aussagekr\u00e4ftige Informationen zu Ihrem Arbeitsstatus hinzu. <\/b><\/p> <p>Mit diesem in die Shopify-Website eingebetteten Widget k\u00f6nnen Sie Ihr Publikum auf Ihr Unternehmen aufmerksam machen und regelm\u00e4\u00dfige Verk\u00e4ufe erzielen. Entdecken Sie einige der wichtigsten Vorteile f\u00fcr Ihre Website, wenn Sie das No-Code-Arbeitszeit-Widget hinzuf\u00fcgen. <\/p><ul><li><b>Sorgen Sie daf\u00fcr, dass Ihre Kunden immer p\u00fcnktlich sind.<\/b> Steigern Sie den Umsatz, indem Sie in den angegebenen Arbeitsrahmen sicher in Kontakt bleiben. Ihre Besucher sehen Ihr Aktivit\u00e4tsstunden-Widget und werden bei Bedarf entschlossener, einen erfolgreichen Kauf abzuschlie\u00dfen. <\/li><li><b>Vermeiden Sie Missverst\u00e4ndnisse bez\u00fcglich Ihrer Arbeitszeiten.<\/b> Wenn Sie den Kunden auf der Website Ihre angemessenen Arbeitszeiten pr\u00e4sentieren, werden sie sich st\u00e4rker f\u00fcr Ihr Unternehmen engagieren, da sie eine Bestellung planen oder planen k\u00f6nnen ein Besuch bei Dir. <\/li><li><b>Kontaktdaten bequem anzeigen.<\/b> Integrieren Sie die Kontaktdaten in Ihr No-Code-\u00d6ffnungszeiten-Widget, um die Kommunikation mit Website-Besuchern herzustellen und den Verkauf zu beschleunigen. Zeigen Sie, dass Sie hier sind, um ihre Anfragen zu den Produkten und Dienstleistungen Ihres Unternehmens zu beantworten, was zu mehr Loyalit\u00e4t und besseren Verk\u00e4ufen f\u00fchrt. <\/li><\/ul><div class=\"faq\" data-component=\"FAQ\"><div class=\"faq-item\">\r\n\t\t\t\t\t<div class=\"faq-item-question\">\r\n\t\t\t\t\t\t<h3 class=\"faq-item-question-text\">Bieten Sie noch andere Plugins f\u00fcr Shopify an, die ich auf meiner Website verwenden kann?<\/h3>\r\n\r\n\t\t\t\t\t\t<div class=\"faq-item-question-icon\"><\/div>\r\n\t\t\t\t\t<\/div>\r\n\r\n\t\t\t\t\t<div class=\"faq-item-answer\">\r\n\t\t\t\t\t\t<div class=\"faq-item-answer-text\">Wir k\u00f6nnen Ihnen viele Plugins zur Verf\u00fcgung stellen, mit denen Sie jedes Ziel erreichen k\u00f6nnen deine Website. \u00dcberzeugen Sie sich selbst: <a href=\"https:\/\/elfsight.com\/google-reviews-widget\/shopify\/\" target=\"_blank\" rel=\"noopener\">Google Reviews<\/a>, <a href=\"https:\/\/elfsight.com\/whatsapp-chat-widget\/shopify\/\" target=\"_blank\" rel=\"noopener\">WhatsApp Chat<\/a>, <a href=\"https:\/\/elfsight.com\/event-calendar-widget\/shopify\/\" target=\"_blank\" rel=\"noopener\">Veranstaltungskalender<\/a>, <a href=\"https:\/\/elfsight.com\/countdown-timer-widget\/shopify\/\" target=\"_blank \" rel=\"noopener\">Countdown-Timer<\/a>, <a href=\"https:\/\/elfsight.com\/qr-code-widget\/shopify\/\" target=\"_blank\" rel=\"noopener\">QR-Code<\/a>. <\/div>\r\n\t\t\t\t\t<\/div>\r\n\t\t\t\t<\/div><div class=\"faq-item\">\r\n\t\t\t\t\t<div class=\"faq-item-question\">\r\n\t\t\t\t\t\t<h3 class=\"faq-item-question-text\">Wie kann ich mit den Gesch\u00e4ftszeiten auf Shopify Ergebnisse erzielen?<\/h3>\r\n\r\n\t\t\t\t\t\t<div class=\"faq-item-question-icon\"><\/div>\r\n\t\t\t\t\t<\/div>\r\n\r\n\t\t\t\t\t<div class=\"faq-item-answer\">\r\n\t\t\t\t\t\t<div class=\"faq-item-answer-text\">Sie haben Zugriff auf viele M\u00f6glichkeiten, die Konversionsraten und Verkaufszahlen zu verbessern, indem Sie ein Gesch\u00e4ftszeiten-Plugin hinzuf\u00fcgen. Mit den Vorlagen von Elfsight f\u00fcr dieses wunderbare Plugin f\u00fcr Websites k\u00f6nnen Sie individuelle Gesch\u00e4ftstaktiken erstellen. Sie k\u00f6nnen entweder erweiterte Informationen zu Ihren Aktivit\u00e4tszeiten und Kontaktm\u00f6glichkeiten anzeigen oder einfach eine minimalistische aktuelle Statusleiste einbetten. Sie k\u00f6nnen mit unserem Gesch\u00e4ftszeiten-Plugin Kontaktkarten erstellen und diese zu gew\u00fcnschten Website-Bereichen hinzuf\u00fcgen, um Aufmerksamkeit zu erregen und die Kunden \u00fcber Ihre Gesch\u00e4ftsaktivit\u00e4ten zu informieren. <\/div>\r\n\t\t\t\t\t<\/div>\r\n\t\t\t\t<\/div><div class=\"faq-item\">\r\n\t\t\t\t\t<div class=\"faq-item-question\">\r\n\t\t\t\t\t\t<h3 class=\"faq-item-question-text\">Wie binde ich Business Hours kostenlos auf Shopify ein?<\/h3>\r\n\r\n\t\t\t\t\t\t<div class=\"faq-item-question-icon\"><\/div>\r\n\t\t\t\t\t<\/div>\r\n\r\n\t\t\t\t\t<div class=\"faq-item-answer\">\r\n\t\t\t\t\t\t<div class=\"faq-item-answer-text\">Das Einbetten eines Business Hours-Plugins in Ihre Shopify-Website ist eine einfache M\u00f6glichkeit, neue Kunden zu gewinnen und sie \u00fcber Ihre Verf\u00fcgbarkeit f\u00fcr Verk\u00e4ufe oder die Bereitstellung von Dienstleistungen zu informieren . Wir bieten Tutorials zum Hinzuf\u00fcgen des kostenlosen \u00d6ffnungszeiten-Plugins zu Ihrer Website an. <ol><li>Wenn Sie Elfsight-Gesch\u00e4ftszeiten kostenlos in Shopify einbetten m\u00fcssen, besuchen Sie die Elfsight-Website und melden Sie sich an.<\/li> <li>Passen Sie das \u00d6ffnungszeiten-Plugin an, indem Sie dessen Aussehen und Einstellungen an Ihr Shopify anpassen Stil der Website.<\/li> <li>Nachdem Sie Ihre Gesch\u00e4ftszeiten angepasst haben, kopieren Sie den speziellen Code und f\u00fcgen Sie ihn in den HTML-Code Ihrer Shopify-Website ein, wo das Plugin sein soll. <\/li><\/ol>Durch die Integration Ihrer Gesch\u00e4ftszeiten in Ihr Shopify steigern Sie auf jeden Fall dessen visuelle Attraktivit\u00e4t und steigern die stabile Besucherbindung. Erleben Sie die Vorteile der Elfsight-Gesch\u00e4ftszeiten kostenlos f\u00fcr Sie! <\/div>\r\n\t\t\t\t\t<\/div>\r\n\t\t\t\t<\/div><\/div><\/div><div class=\"application-platform-content-item-features application-platform-content-item\" id=\"features\" data-nav-section=\"features\"> <h2>Das Widget bietet praktische Funktionen, sehen Sie sich einige davon an:<\/h2> <ul><li>Demonstrieren Sie die Echtzeitf\u00e4higkeit Ihrer Organisation Status<\/li><li>Einfache Einrichtung des Arbeitszeitraums<\/li><li>Konfiguration der Feiertage<\/li><li>Status der aktuellen Situation<\/li><li>Einf\u00fcgbare Tabelle oder kompakter Status<\/li><\/ul><p><a href=\"#demo\">Sie k\u00f6nnen sich jetzt alle Funktionen des Widgets in der Demo ansehen<\/a><\/p><\/div> <div class=\"application-platform-content-item-installation application-platform-content-item\" id=\"installation\" data-nav-section=\"installation\"> <h2>Wie f\u00fcge ich Gesch\u00e4ftszeiten zu meiner Shopify-Website hinzu?<\/h2> <p>F\u00fchren Sie einfach die unten beschriebenen Schritte aus, um das Plugin in Ihre Arbeitsschichten zu integrieren.<\/p> <ol><li><b> Starten Sie unseren Editor und beginnen Sie mit der Erstellung Ihres einzigartigen No-Code-Plugins.<\/b><br> W\u00e4hlen Sie die ausgew\u00e4hlten Design- und Funktionsmerkmale des Plugins und speichern Sie die \u00c4nderungen. <\/li> <li><b>Erhalten Sie den individuellen Code, der im Fenster von Elfsight Apps angezeigt wird.<\/b><br> Kopieren Sie unmittelbar nach der Erstellung Ihrer pers\u00f6nlichen No-Code-L\u00f6sung den pers\u00f6nlichen Code in das angezeigte Fenster Popup und speichern Sie es f\u00fcr den sp\u00e4teren Bedarf. <\/li> <li><b>Geben Sie die Nutzung der App auf der Shopify-Website ein.<\/b><br> F\u00fcgen Sie den Code, den Sie k\u00fcrzlich gespeichert haben, auf Ihrer Startseite ein und \u00fcbernehmen Sie die \u00c4nderungen. <\/li> <li><b>Fertig! Die Integration Ihrer No-Code-Gesch\u00e4ftszeiten wurde erfolgreich abgeschlossen.<\/b><br> Besuchen Sie Ihre Website, um die Arbeit des hinzugef\u00fcgten \u00d6ffnungszeiten-Plugins zu \u00fcberpr\u00fcfen. <\/li><\/ol> <p>Wenn Sie Fragen haben oder auf Probleme sto\u00dfen, wenden Sie sich bitte an unser Kundendienstteam. Unsere Mitarbeiter helfen Ihnen gerne bei allen Fragen, die Sie zum Plugin f\u00fcr Shopify haben.<\/p> <\/div>\n","protected":false},"excerpt":{"rendered":"","protected":false},"author":9,"featured_media":0,"parent":7446,"menu_order":0,"comment_status":"closed","ping_status":"closed","template":"templates\/template-application-platform.php","meta":{"publish_to_discourse":"","publish_post_category":"","wpdc_auto_publish_overridden":"","wpdc_topic_tags":"","wpdc_pin_topic":"","wpdc_pin_until":"","discourse_post_id":"","discourse_permalink":"","wpdc_publishing_response":"","wpdc_publishing_error":"","footnotes":""},"class_list":["post-8249","page","type-page","status-publish","hentry"],"yoast_head":"<!-- This site is optimized with the Yoast SEO plugin v25.3.1 - https:\/\/yoast.com\/wordpress\/plugins\/seo\/ -->\n<title>Gesch\u00e4ftszeiten zu Shopify hinzuf\u00fcgen \u2013 Arbeitszeiten in die Website einbetten<\/title>\n<meta name=\"description\" content=\"Integrieren Sie ein anpassbares Gesch\u00e4ftszeiten-Widget in Shopify, um Ihren Aktivit\u00e4tsstatus anzuzeigen. Gestalten Sie Ihre eigenen Aktivit\u00e4tsstunden mithilfe der Demo.\" \/>\n<meta name=\"robots\" content=\"index, follow, max-snippet:-1, max-image-preview:large, max-video-preview:-1\" \/>\n<link rel=\"canonical\" href=\"https:\/\/elfsight.com\/de\/business-hours-widget\/shopify\/\" \/>\n<meta property=\"og:locale\" content=\"de_DE\" \/>\n<meta property=\"og:type\" content=\"article\" \/>\n<meta property=\"og:title\" content=\"Gesch\u00e4ftszeiten zu Shopify hinzuf\u00fcgen \u2013 Arbeitszeiten in die Website einbetten\" \/>\n<meta property=\"og:description\" content=\"Integrieren Sie ein anpassbares Gesch\u00e4ftszeiten-Widget in Shopify, um Ihren Aktivit\u00e4tsstatus anzuzeigen. Gestalten Sie Ihre eigenen Aktivit\u00e4tsstunden mithilfe der Demo.\" \/>\n<meta property=\"og:url\" content=\"https:\/\/elfsight.com\/de\/business-hours-widget\/shopify\/\" \/>\n<meta property=\"og:site_name\" content=\"Elfsight DE\" \/>\n<meta property=\"article:modified_time\" content=\"2025-02-21T06:25:41+00:00\" \/>\n<meta name=\"twitter:card\" content=\"summary_large_image\" \/>\n<meta name=\"twitter:label1\" content=\"Gesch\u00e4tzte Lesezeit\" \/>\n\t<meta name=\"twitter:data1\" content=\"5\u00a0Minuten\" \/>\n<!-- \/ Yoast SEO plugin. -->","yoast_head_json":{"title":"Gesch\u00e4ftszeiten zu Shopify hinzuf\u00fcgen \u2013 Arbeitszeiten in die Website einbetten","description":"Integrieren Sie ein anpassbares Gesch\u00e4ftszeiten-Widget in Shopify, um Ihren Aktivit\u00e4tsstatus anzuzeigen. Gestalten Sie Ihre eigenen Aktivit\u00e4tsstunden mithilfe der Demo.","robots":{"index":"index","follow":"follow","max-snippet":"max-snippet:-1","max-image-preview":"max-image-preview:large","max-video-preview":"max-video-preview:-1"},"canonical":"https:\/\/elfsight.com\/de\/business-hours-widget\/shopify\/","og_locale":"de_DE","og_type":"article","og_title":"Gesch\u00e4ftszeiten zu Shopify hinzuf\u00fcgen \u2013 Arbeitszeiten in die Website einbetten","og_description":"Integrieren Sie ein anpassbares Gesch\u00e4ftszeiten-Widget in Shopify, um Ihren Aktivit\u00e4tsstatus anzuzeigen. Gestalten Sie Ihre eigenen Aktivit\u00e4tsstunden mithilfe der Demo.","og_url":"https:\/\/elfsight.com\/de\/business-hours-widget\/shopify\/","og_site_name":"Elfsight DE","article_modified_time":"2025-02-21T06:25:41+00:00","twitter_card":"summary_large_image","twitter_misc":{"Gesch\u00e4tzte Lesezeit":"5\u00a0Minuten"},"schema":{"@context":"https:\/\/schema.org","@graph":[{"@type":"WebPage","@id":"https:\/\/elfsight.com\/de\/business-hours-widget\/shopify\/","url":"https:\/\/elfsight.com\/de\/business-hours-widget\/shopify\/","name":"Gesch\u00e4ftszeiten zu Shopify hinzuf\u00fcgen \u2013 Arbeitszeiten in die Website einbetten","isPartOf":{"@id":"https:\/\/elfsight.com\/de\/#website"},"datePublished":"2024-05-03T06:31:15+00:00","dateModified":"2025-02-21T06:25:41+00:00","description":"Integrieren Sie ein anpassbares Gesch\u00e4ftszeiten-Widget in Shopify, um Ihren Aktivit\u00e4tsstatus anzuzeigen. Gestalten Sie Ihre eigenen Aktivit\u00e4tsstunden mithilfe der Demo.","breadcrumb":{"@id":"https:\/\/elfsight.com\/de\/business-hours-widget\/shopify\/#breadcrumb"},"inLanguage":"de","potentialAction":[{"@type":"ReadAction","target":["https:\/\/elfsight.com\/de\/business-hours-widget\/shopify\/"]}]},{"@type":"BreadcrumbList","@id":"https:\/\/elfsight.com\/de\/business-hours-widget\/shopify\/#breadcrumb","itemListElement":[{"@type":"ListItem","position":1,"name":"Home","item":"https:\/\/elfsight.com\/de\/"},{"@type":"ListItem","position":2,"name":"Business Hours","item":"https:\/\/elfsight.com\/de\/business-hours-widget\/"},{"@type":"ListItem","position":3,"name":"Business Hours &#8211; Shopify"}]},{"@type":"WebSite","@id":"https:\/\/elfsight.com\/de\/#website","url":"https:\/\/elfsight.com\/de\/","name":"Elfsight DE","description":"Just another Elfsight Sites site","potentialAction":[{"@type":"SearchAction","target":{"@type":"EntryPoint","urlTemplate":"https:\/\/elfsight.com\/de\/?s={search_term_string}"},"query-input":{"@type":"PropertyValueSpecification","valueRequired":true,"valueName":"search_term_string"}}],"inLanguage":"de"}]}},"meta_box":{"industry":"","seo_heading":"","heading":"","description":"","cta_heading":"","cta_description":"","application":"7437","h1":"Shopify-Gesch\u00e4ftszeiten","h1_caption":"Zeigen Sie Ihre Gesch\u00e4ftszeiten in einem klaren und attraktiven Format an, um Besucher m\u00fchelos \u00fcber Ihre Verf\u00fcgbarkeit auf Ihrer Shopify-Website zu informieren.","application_category":[],"applications_title":"","applications_request_title":"","applications_request_button_text":"","hero_text":"","hero_video":"","hero_video_schema_markup":"","selling_points_title":"","selling_points_caption":"","selling_points":[],"selling_points_cta_text":"","features_title":"","features":"","ed_cta_examples_text":"","ed_cta_examples_hidden":"","ed_cta_demo_text":"","ed_cta_demo_hidden":"","why_caption":"","why_editor_title":"","why_editor_text":"","why_team_title":"","why_team_text":"","why_service_title":"","why_service_text":"","template_catalog_visible":"0","template_catalog_title":"","template_catalog_text":"","template_catalog_categories_visible":"","demo_title":"Erstellen Sie Ihre Gesch\u00e4ftszeiten-App","demo_caption":"Konfigurieren Sie Ihre Gesch\u00e4ftszeiten und f\u00fcgen Sie sie kostenlos zu Ihrer Shopify-Website hinzu!","default_faq_hidden":"","app_template_category":[],"platform":"253","template_public_id":"","codecanyon_url":"","codecanyon_item_id":"","codecanyon_price":"","pricing_caption":"","pricing_elfsight_apps_hide_column":"","pricing_elfsight_apps_url":"","pricing_codecanyon_price_caption":"","integration_category":[],"integration_request_title":"","integration_request_cta":"","integration_platform":"","integrations":[],"platform_category":[],"video_schema_markup":"","price":"ab 0 $ \/ Monat","trial":"","benefits":[{"text":"Kostenloser Installationsservice"},{"text":"Premium-Support"},{"text":"14-t\u00e4gige Geld-zur\u00fcck-Garantie"},{"text":"Lebenslange kostenlose Updates"}],"button_url":"#demo","button_target_blank":"0","button_nofollow":"0","attributes":[{"name":"Installiert","content":"10,000 - 100,000"},{"name":"Reaktionsfreudig","content":"Ja"},{"name":"Kompatible Browser","content":"Firefox, Safari, Opera, Chrome, Edge"}],"tags":[],"tags_disable_links":"0","hide_more_platforms":"0","video_object":"","demo_hide_cta":"0","demo_hide_cloud_options":"0","pricing_title":"","pricing":[{"pricing_icon":"platform","pricing_title":"Elfsight Apps","pricing_title_caption":"Plattformunabh\u00e4ngige L\u00f6sung, die f\u00fcr jede Website geeignet ist","pricing_price":"ab 0 $ \/ Monat","pricing_price_caption":"Beginnen Sie mit einem kostenlosen Plan","pricing_benefits":[{"text":"Unbegrenzte Websites"},{"text":"Premium-Kundensupport"},{"text":"Kostenlose Installationsunterst\u00fctzung"},{"text":"100 % anpassbar"}],"pricing_button_text":"Zur Website hinzuf\u00fcgen","pricing_button_url":"#demo"}],"related_apps_title":"","related_apps_hidden":"0","author":"","image":[],"title":"","job":"","social_networks":[]},"_links":{"self":[{"href":"https:\/\/elfsight.com\/de\/wp-json\/wp\/v2\/pages\/8249","targetHints":{"allow":["GET"]}}],"collection":[{"href":"https:\/\/elfsight.com\/de\/wp-json\/wp\/v2\/pages"}],"about":[{"href":"https:\/\/elfsight.com\/de\/wp-json\/wp\/v2\/types\/page"}],"author":[{"embeddable":true,"href":"https:\/\/elfsight.com\/de\/wp-json\/wp\/v2\/users\/9"}],"replies":[{"embeddable":true,"href":"https:\/\/elfsight.com\/de\/wp-json\/wp\/v2\/comments?post=8249"}],"version-history":[{"count":2,"href":"https:\/\/elfsight.com\/de\/wp-json\/wp\/v2\/pages\/8249\/revisions"}],"predecessor-version":[{"id":24615,"href":"https:\/\/elfsight.com\/de\/wp-json\/wp\/v2\/pages\/8249\/revisions\/24615"}],"up":[{"embeddable":true,"href":"https:\/\/elfsight.com\/de\/wp-json\/wp\/v2\/pages\/7446"}],"wp:attachment":[{"href":"https:\/\/elfsight.com\/de\/wp-json\/wp\/v2\/media?parent=8249"}],"curies":[{"name":"wp","href":"https:\/\/api.w.org\/{rel}","templated":true}]}}