{"id":8242,"date":"2024-05-03T06:31:12","date_gmt":"2024-05-03T06:31:12","guid":{"rendered":"https:\/\/elfsight.com\/de\/?page_id=8242"},"modified":"2025-02-21T06:38:59","modified_gmt":"2025-02-21T06:38:59","slug":"wordpress","status":"publish","type":"page","link":"https:\/\/elfsight.com\/de\/business-hours-widget\/wordpress\/","title":{"rendered":"Business Hours &#8211; WordPress"},"content":{"rendered":"\n<div class=\"application-platform-content-item-description application-platform-content-item\" id=\"description\" data-nav-section=\"description\"> <h2>Embed Business Hours in WordPress mit einem Elfsight-Plugin<\/h2> <p>Elfsight Business Hours f\u00fcr WordPress ist ein einfaches No-Code-Widget, das erm\u00f6glicht es Ihnen, eine attraktive Visitenkarte mit den wichtigsten Informationen zu Ihrer Aktivit\u00e4t zu erstellen. Sie k\u00f6nnen Informationen zu Ihrem Gesch\u00e4ftsstatus anzeigen und Kontakte f\u00fcr Ihre Zielgruppe bereitstellen. Mit dem Widget k\u00f6nnen Sie benutzerfreundliche Designs erstellen, sodass die Besucher alle erforderlichen Daten einfach kurz oder detaillierter pr\u00fcfen k\u00f6nnen. <\/p><p>Das bemerkenswerte Widget ist mit einigen Vorlagen ausgestattet, sodass Sie die am besten geeignete Option f\u00fcr Ihre Website ausw\u00e4hlen k\u00f6nnen. Jede Vorlage bietet verschiedene Einstellungen, mit denen Sie eine pers\u00f6nliche L\u00f6sung mit notwendigen Elementen wie Chat- und Teilen-Schaltfl\u00e4chen erstellen k\u00f6nnen, die den Umsatz steigern. Das Hinzuf\u00fcgen der Arbeitszeiten und Ihrer Kontaktinformationen zu Ihrer Website ist mit Elfsight dank unkomplizierter Tutorials und Richtlinien sehr einfach. Jeder Benutzer kann das Widget \u201eGesch\u00e4ftszeiten\u201c ohne Code kostenlos entwickeln und hinzuf\u00fcgen.<\/p> <p><b>F\u00fcgen Sie Gesch\u00e4ftsdetails zu Ihrer Website hinzu, um die Verkaufsraten und die Glaubw\u00fcrdigkeit der Kunden zu erh\u00f6hen. Teilen Sie wichtige Informationen zu Ihrem Arbeitsstatus \u00fcbersichtlich mit. <\/b><\/p> <p>Mit diesem Widget, das Ihrer WordPress-Website hinzugef\u00fcgt wird, k\u00f6nnen Sie Ihre Kunden st\u00e4rker auf Ihr Unternehmen aufmerksam machen und sich h\u00f6here Ums\u00e4tze sichern. Sehen Sie sich einige der gr\u00f6\u00dften positiven Ergebnisse f\u00fcr Ihre Website an, nachdem Sie das No-Code-Arbeitszeit-Widget hinzugef\u00fcgt haben. <\/p><ul><li><b>Lassen Sie die Kunden immer p\u00fcnktlich sein. <\/b>Steigern Sie den Umsatz, indem Sie innerhalb der entsprechenden Arbeitszeiten sicher vor Ort sind. Ihre Website-Besucher werden sich an Ihre Aktivit\u00e4tsstunden erinnern und bei Bedarf entschlossener sein, einen erfolgreichen Kauf zu t\u00e4tigen. <\/li><li><b>Vermeiden Sie Missverst\u00e4ndnisse bez\u00fcglich Ihrer Arbeitszeiten.<\/b> Wenn Sie den Kunden auf der Website Ihre klaren \u00d6ffnungszeiten anzeigen, werden sie Ihrem Unternehmen gegen\u00fcber loyaler, da sie eine Buchung planen oder planen k\u00f6nnen ein Besuch bei Dir. <\/li><li><b>Geben Sie Kontaktinformationen klar an.<\/b> Durch das Hinzuf\u00fcgen der Kontaktdaten zu Ihrem No-Code-Widget f\u00fcr die Gesch\u00e4ftszeiten k\u00f6nnen Sie eine bessere Kommunikation mit Ihren Kunden aufbauen und den Umsatz steigern. Zeigen Sie, dass Sie bereit sind, auf ihre Bedenken bez\u00fcglich der Produkte und Dienstleistungen Ihres Unternehmens einzugehen, was zu mehr Vertrauen und Respekt f\u00fchrt. <\/li><\/ul><div class=\"faq\" data-component=\"FAQ\"><div class=\"faq-item\">\r\n\t\t\t\t\t<div class=\"faq-item-question\">\r\n\t\t\t\t\t\t<h3 class=\"faq-item-question-text\">Gibt es noch andere Plugins f\u00fcr WordPress, die ich in meine Website einbetten kann, um den Umsatz zu steigern?<\/h3>\r\n\r\n\t\t\t\t\t\t<div class=\"faq-item-question-icon\"><\/div>\r\n\t\t\t\t\t<\/div>\r\n\r\n\t\t\t\t\t<div class=\"faq-item-answer\">\r\n\t\t\t\t\t\t<div class=\"faq-item-answer-text\">Wir k\u00f6nnen Ihnen viele Plugins f\u00fcr jede Art von Plugins zur Verf\u00fcgung stellen Aufgabe auf Ihrer Website. Hier sind nur einige Beispiele: <a href=\"https:\/\/elfsight.com\/google-reviews-widget\/wordpress\/\" target=\"_blank\" rel=\"noopener\">Google Reviews<\/a>, <a href=\"https:\/\/elfsight.com\/whatsapp-chat-widget\/wordpress\/\" target=\"_blank\" rel=\"noopener\">WhatsApp-Chat<\/a>, <a href=\"https:\/\/elfsight.com\/event-calendar-widget\/wordpress\/\" target=\"_blank\" rel=\"noopener\">Event Calendar<\/a>, <a href=\"https:\/\/elfsight.com\/countdown-timer-widget\/wordpress\/\" target=\"_blank\" rel=\"noopener\">Countdown-Timer<\/a>, <a href=\"https:\/\/elfsight.com\/qr-code-widget\/wordpress\/\" target=\"_blank\" rel=\"noopener\"> QR-Code<\/a>. <\/div>\r\n\t\t\t\t\t<\/div>\r\n\t\t\t\t<\/div><div class=\"faq-item\">\r\n\t\t\t\t\t<div class=\"faq-item-question\">\r\n\t\t\t\t\t\t<h3 class=\"faq-item-question-text\">Wie kann ich mit Business Hours auf WordPress Ergebnisse erzielen?<\/h3>\r\n\r\n\t\t\t\t\t\t<div class=\"faq-item-question-icon\"><\/div>\r\n\t\t\t\t\t<\/div>\r\n\r\n\t\t\t\t\t<div class=\"faq-item-answer\">\r\n\t\t\t\t\t\t<div class=\"faq-item-answer-text\">Es gibt viele M\u00f6glichkeiten, Erfolgsstatistiken und Verkaufsindikatoren durch die Integration eines Business Hours-Plugins zu verbessern. Mit den Vorlagen von Elfsight f\u00fcr dieses bemerkenswerte Plugin f\u00fcr Websites ist es m\u00f6glich, eine pers\u00f6nliche Werbetaktik zu w\u00e4hlen. Sie k\u00f6nnen erweiterte Informationen zu den \u00d6ffnungszeiten und Kontaktm\u00f6glichkeiten anzeigen oder einfach ein minimalistisches Status-Popup einbetten. Sie k\u00f6nnen mit Ihrem \u00d6ffnungszeiten-Plugin Kontaktkarten erstellen und diese zu den erforderlichen Website-Seiten hinzuf\u00fcgen, um Aufmerksamkeit zu erregen und die Kunden \u00fcber Ihre Gesch\u00e4ftsaktivit\u00e4ten zu informieren. <\/div>\r\n\t\t\t\t\t<\/div>\r\n\t\t\t\t<\/div><div class=\"faq-item\">\r\n\t\t\t\t\t<div class=\"faq-item-question\">\r\n\t\t\t\t\t\t<h3 class=\"faq-item-question-text\">Wie kann ich Business Hours kostenlos auf WordPress-Websites einbetten?<\/h3>\r\n\r\n\t\t\t\t\t\t<div class=\"faq-item-question-icon\"><\/div>\r\n\t\t\t\t\t<\/div>\r\n\r\n\t\t\t\t\t<div class=\"faq-item-answer\">\r\n\t\t\t\t\t\t<div class=\"faq-item-answer-text\">Das Einbetten eines Business Hours-Plugins in Ihre WordPress-Website ist eine gro\u00dfartige M\u00f6glichkeit, die Kommunikation mit Kunden zu beginnen und sie \u00fcber Ihre Verkaufsbereitschaft zu informieren Erbringung von Dienstleistungen. Hier finden Sie kurze Tutorials zur Einbindung des kostenlosen \u00d6ffnungszeiten-Plugins in Ihre Website. <ol><li>Wenn Sie Elfsight Business Hours kostenlos in WordPress integrieren m\u00fcssen, gehen Sie zur Elfsight-Website und melden Sie sich an. <\/li><li>Passen Sie das kostenlose Plugin \u201eGesch\u00e4ftszeiten\u201c an, indem Sie dessen Aussehen und Einstellungen an den Stil Ihrer WordPress-Website anpassen. <\/li><li>Kopieren Sie nach der Anpassung Ihrer Gesch\u00e4ftszeiten ohne Code den bereitgestellten Code und f\u00fcgen Sie ihn dort auf Ihrer Website ein, wo das Plugin angezeigt werden soll.<\/li><\/ol> Durch die Integration Ihrer Gesch\u00e4ftszeiten Wenn Sie Ihre WordPress-Website integrieren, verbessern Sie mit Sicherheit deren visuelles Erscheinungsbild und sorgen f\u00fcr eine dauerhafte Besuchertreue. Profitieren Sie von den f\u00fcr Sie kostenlosen Elfsight-Gesch\u00e4ftszeiten! <\/div>\r\n\t\t\t\t\t<\/div>\r\n\t\t\t\t<\/div><\/div><\/div><div class=\"application-platform-content-item-features application-platform-content-item\" id=\"features\" data-nav-section=\"features\"> <h2>Die wertvollsten Widget-Funktionen, die wir anbieten:<\/h2> <ul><li>Demonstrieren Sie den aktuellen Status Ihrer Organisation<\/li> <li>Benutzerfreundliche Zeitplananpassung<\/li><li>Feste Anl\u00e4sse konfigurieren<\/li><li>Aktivit\u00e4tsstatus in Echtzeit<\/li><li>Integrierbares Diagramm oder kompakter Status<\/li><\/ul> <p><a href=\"#demo\">Sie k\u00f6nnen sehen, was das Widget bietet, indem Sie die Demo ausprobieren<\/a><\/p> <\/div> <div class=\"application-platform-content-item-installation application-platform-content-item\" id=\"installation\" data-nav-section=\"installation\"> <h2>Wie f\u00fcge ich hinzu Gesch\u00e4ftszeiten zu meiner WordPress-Website?<\/h2> <p>Erf\u00fcllen Sie einfach die folgenden Richtlinien, um das Plugin in Ihre Arbeitszeit zu integrieren.<\/p> <ol><li><b>Verwalten Sie unseren Konfigurator und beginnen Sie mit der Erstellung Ihrer eigenen Nummer -Code-Plugin.<\/b><br> W\u00e4hlen Sie das benutzerdefinierte Erscheinungsbild und die Eigenschaften der App und wenden Sie die \u00c4nderungen an. <\/li> <li><b>Sie erhalten den pers\u00f6nlichen Einbettungscode, der im Fenster von Elfsight Apps angezeigt wird.<\/b><br> Nachdem die Einrichtung Ihrer No-Code-Betriebsstunden-App abgeschlossen ist, kopieren Sie den pers\u00f6nlichen Code unter Entfernen Sie das angezeigte Popup und bewahren Sie es zur sp\u00e4teren Verwendung auf. <\/li> <li><b>Beginnen Sie mit der Anwendung des Plugins auf der WordPress-Startseite.<\/b><br> Geben Sie den zuvor gespeicherten Code auf Ihrer Seite ein und \u00fcbernehmen Sie die \u00c4nderungen. <\/li> <li><b>Fertig! Die Einbettung Ihrer Gesch\u00e4ftszeiten ohne Code ist vollst\u00e4ndig abgeschlossen.<\/b><br> Gehen Sie zu Ihrer Website, um die Leistung der App f\u00fcr hinzugef\u00fcgte Gesch\u00e4ftszeiten zu sehen. <\/li><\/ol> <p>Wenn Sie mit Anfragen konfrontiert werden oder auf Probleme sto\u00dfen, z\u00f6gern Sie nicht, sich bei unserem Kundenservice-Team zu bewerben. Unsere Mitarbeiter werden sich freuen, alle Probleme zu l\u00f6sen, die Sie m\u00f6glicherweise mit dem Plugin f\u00fcr WordPress haben. <\/p><\/div>\n","protected":false},"excerpt":{"rendered":"","protected":false},"author":9,"featured_media":0,"parent":7446,"menu_order":0,"comment_status":"closed","ping_status":"closed","template":"templates\/template-application-platform.php","meta":{"publish_to_discourse":"","publish_post_category":"","wpdc_auto_publish_overridden":"","wpdc_topic_tags":"","wpdc_pin_topic":"","wpdc_pin_until":"","discourse_post_id":"","discourse_permalink":"","wpdc_publishing_response":"","wpdc_publishing_error":"","footnotes":""},"class_list":["post-8242","page","type-page","status-publish","hentry"],"yoast_head":"<!-- This site is optimized with the Yoast SEO plugin v25.3.1 - https:\/\/yoast.com\/wordpress\/plugins\/seo\/ -->\n<title>F\u00fcgen Sie Gesch\u00e4ftszeiten zu WordPress hinzu \u2013 Integrieren Sie einen kostenlosen Zeitplan f\u00fcr Websites<\/title>\n<meta name=\"description\" content=\"F\u00fcgen Sie eine anpassbare Gesch\u00e4ftszeiten-App auf WordPress hinzu, um Ihren Gesch\u00e4ftsstatus zu teilen. Erstellen Sie in der Demo Ihr eigenes Aktivit\u00e4tsstunden-Widget.\" \/>\n<meta name=\"robots\" content=\"index, follow, max-snippet:-1, max-image-preview:large, max-video-preview:-1\" \/>\n<link rel=\"canonical\" href=\"https:\/\/elfsight.com\/de\/business-hours-widget\/wordpress\/\" \/>\n<meta property=\"og:locale\" content=\"de_DE\" \/>\n<meta property=\"og:type\" content=\"article\" \/>\n<meta property=\"og:title\" content=\"F\u00fcgen Sie Gesch\u00e4ftszeiten zu WordPress hinzu \u2013 Integrieren Sie einen kostenlosen Zeitplan f\u00fcr Websites\" \/>\n<meta property=\"og:description\" content=\"F\u00fcgen Sie eine anpassbare Gesch\u00e4ftszeiten-App auf WordPress hinzu, um Ihren Gesch\u00e4ftsstatus zu teilen. Erstellen Sie in der Demo Ihr eigenes Aktivit\u00e4tsstunden-Widget.\" \/>\n<meta property=\"og:url\" content=\"https:\/\/elfsight.com\/de\/business-hours-widget\/wordpress\/\" \/>\n<meta property=\"og:site_name\" content=\"Elfsight DE\" \/>\n<meta property=\"article:modified_time\" content=\"2025-02-21T06:38:59+00:00\" \/>\n<meta name=\"twitter:card\" content=\"summary_large_image\" \/>\n<meta name=\"twitter:label1\" content=\"Gesch\u00e4tzte Lesezeit\" \/>\n\t<meta name=\"twitter:data1\" content=\"5\u00a0Minuten\" \/>\n<!-- \/ Yoast SEO plugin. -->","yoast_head_json":{"title":"F\u00fcgen Sie Gesch\u00e4ftszeiten zu WordPress hinzu \u2013 Integrieren Sie einen kostenlosen Zeitplan f\u00fcr Websites","description":"F\u00fcgen Sie eine anpassbare Gesch\u00e4ftszeiten-App auf WordPress hinzu, um Ihren Gesch\u00e4ftsstatus zu teilen. Erstellen Sie in der Demo Ihr eigenes Aktivit\u00e4tsstunden-Widget.","robots":{"index":"index","follow":"follow","max-snippet":"max-snippet:-1","max-image-preview":"max-image-preview:large","max-video-preview":"max-video-preview:-1"},"canonical":"https:\/\/elfsight.com\/de\/business-hours-widget\/wordpress\/","og_locale":"de_DE","og_type":"article","og_title":"F\u00fcgen Sie Gesch\u00e4ftszeiten zu WordPress hinzu \u2013 Integrieren Sie einen kostenlosen Zeitplan f\u00fcr Websites","og_description":"F\u00fcgen Sie eine anpassbare Gesch\u00e4ftszeiten-App auf WordPress hinzu, um Ihren Gesch\u00e4ftsstatus zu teilen. Erstellen Sie in der Demo Ihr eigenes Aktivit\u00e4tsstunden-Widget.","og_url":"https:\/\/elfsight.com\/de\/business-hours-widget\/wordpress\/","og_site_name":"Elfsight DE","article_modified_time":"2025-02-21T06:38:59+00:00","twitter_card":"summary_large_image","twitter_misc":{"Gesch\u00e4tzte Lesezeit":"5\u00a0Minuten"},"schema":{"@context":"https:\/\/schema.org","@graph":[{"@type":"WebPage","@id":"https:\/\/elfsight.com\/de\/business-hours-widget\/wordpress\/","url":"https:\/\/elfsight.com\/de\/business-hours-widget\/wordpress\/","name":"F\u00fcgen Sie Gesch\u00e4ftszeiten zu WordPress hinzu \u2013 Integrieren Sie einen kostenlosen Zeitplan f\u00fcr Websites","isPartOf":{"@id":"https:\/\/elfsight.com\/de\/#website"},"datePublished":"2024-05-03T06:31:12+00:00","dateModified":"2025-02-21T06:38:59+00:00","description":"F\u00fcgen Sie eine anpassbare Gesch\u00e4ftszeiten-App auf WordPress hinzu, um Ihren Gesch\u00e4ftsstatus zu teilen. Erstellen Sie in der Demo Ihr eigenes Aktivit\u00e4tsstunden-Widget.","breadcrumb":{"@id":"https:\/\/elfsight.com\/de\/business-hours-widget\/wordpress\/#breadcrumb"},"inLanguage":"de","potentialAction":[{"@type":"ReadAction","target":["https:\/\/elfsight.com\/de\/business-hours-widget\/wordpress\/"]}]},{"@type":"BreadcrumbList","@id":"https:\/\/elfsight.com\/de\/business-hours-widget\/wordpress\/#breadcrumb","itemListElement":[{"@type":"ListItem","position":1,"name":"Home","item":"https:\/\/elfsight.com\/de\/"},{"@type":"ListItem","position":2,"name":"Business Hours","item":"https:\/\/elfsight.com\/de\/business-hours-widget\/"},{"@type":"ListItem","position":3,"name":"Business Hours &#8211; WordPress"}]},{"@type":"WebSite","@id":"https:\/\/elfsight.com\/de\/#website","url":"https:\/\/elfsight.com\/de\/","name":"Elfsight DE","description":"Just another Elfsight Sites site","potentialAction":[{"@type":"SearchAction","target":{"@type":"EntryPoint","urlTemplate":"https:\/\/elfsight.com\/de\/?s={search_term_string}"},"query-input":{"@type":"PropertyValueSpecification","valueRequired":true,"valueName":"search_term_string"}}],"inLanguage":"de"}]}},"meta_box":{"industry":"","seo_heading":"","heading":"","description":"","cta_heading":"","cta_description":"","application":"7437","h1":"WordPress-Gesch\u00e4ftszeiten-Plugin","h1_caption":"Zeigen Sie Ihre Gesch\u00e4ftszeiten in einem klaren und attraktiven Format an, um Besucher m\u00fchelos \u00fcber Ihre Verf\u00fcgbarkeit auf Ihrer WordPress-Website zu informieren.","application_category":[],"applications_title":"","applications_request_title":"","applications_request_button_text":"","hero_text":"","hero_video":"","hero_video_schema_markup":"","selling_points_title":"","selling_points_caption":"","selling_points":[],"selling_points_cta_text":"","features_title":"","features":"","ed_cta_examples_text":"","ed_cta_examples_hidden":"","ed_cta_demo_text":"","ed_cta_demo_hidden":"","why_caption":"","why_editor_title":"","why_editor_text":"","why_team_title":"","why_team_text":"","why_service_title":"","why_service_text":"","template_catalog_visible":"0","template_catalog_title":"","template_catalog_text":"","template_catalog_categories_visible":"","demo_title":"Erstellen Sie Ihr Gesch\u00e4ftszeiten-Plugin","demo_caption":"Konfigurieren Sie Ihre Gesch\u00e4ftszeiten und f\u00fcgen Sie sie kostenlos zu Ihrer WordPress-Website hinzu!","default_faq_hidden":"","app_template_category":[],"platform":"266","template_public_id":"","codecanyon_url":"","codecanyon_item_id":"","codecanyon_price":"","pricing_caption":"","pricing_elfsight_apps_hide_column":"","pricing_elfsight_apps_url":"","pricing_codecanyon_price_caption":"","integration_category":[],"integration_request_title":"","integration_request_cta":"","integration_platform":"","integrations":[],"platform_category":[],"video_schema_markup":"","price":"ab 0 $ \/ Monat","trial":"","benefits":[{"text":"Kostenloser Installationsservice"},{"text":"Au\u00dfergew\u00f6hnliche Unterst\u00fctzung"},{"text":"14-t\u00e4gige Geld-zur\u00fcck-Garantie"},{"text":"Lebenslange kostenlose Updates"}],"button_url":"#demo","button_target_blank":"0","button_nofollow":"0","attributes":[{"name":"Installiert","content":"10,000 - 100,000"},{"name":"Reaktionsfreudig","content":"Ja"},{"name":"Kompatible Browser","content":"Firefox, Safari, Opera, Chrome, Edge"}],"tags":[],"tags_disable_links":"0","hide_more_platforms":"0","video_object":"","demo_hide_cta":"0","demo_hide_cloud_options":"0","pricing_title":"","pricing":[{"pricing_icon":"platform","pricing_title":"Elfsight Apps","pricing_title_caption":"Multiplattform-Software, die auf jeder Website funktioniert","pricing_price":"ab 0 $ \/ Monat","pricing_price_caption":"Beginnen Sie mit einem kostenlosen Plan","pricing_benefits":[{"text":"Unbegrenzte Websites"},{"text":"Engagierter Kundensupport"},{"text":"Kostenloser Installationsservice"},{"text":"100 % anpassbar"}],"pricing_button_text":"Zur Website hinzuf\u00fcgen","pricing_button_url":"#demo"}],"related_apps_title":"","related_apps_hidden":"0","author":"","image":[],"title":"","job":"","social_networks":[]},"_links":{"self":[{"href":"https:\/\/elfsight.com\/de\/wp-json\/wp\/v2\/pages\/8242","targetHints":{"allow":["GET"]}}],"collection":[{"href":"https:\/\/elfsight.com\/de\/wp-json\/wp\/v2\/pages"}],"about":[{"href":"https:\/\/elfsight.com\/de\/wp-json\/wp\/v2\/types\/page"}],"author":[{"embeddable":true,"href":"https:\/\/elfsight.com\/de\/wp-json\/wp\/v2\/users\/9"}],"replies":[{"embeddable":true,"href":"https:\/\/elfsight.com\/de\/wp-json\/wp\/v2\/comments?post=8242"}],"version-history":[{"count":2,"href":"https:\/\/elfsight.com\/de\/wp-json\/wp\/v2\/pages\/8242\/revisions"}],"predecessor-version":[{"id":24621,"href":"https:\/\/elfsight.com\/de\/wp-json\/wp\/v2\/pages\/8242\/revisions\/24621"}],"up":[{"embeddable":true,"href":"https:\/\/elfsight.com\/de\/wp-json\/wp\/v2\/pages\/7446"}],"wp:attachment":[{"href":"https:\/\/elfsight.com\/de\/wp-json\/wp\/v2\/media?parent=8242"}],"curies":[{"name":"wp","href":"https:\/\/api.w.org\/{rel}","templated":true}]}}