{"id":8241,"date":"2024-05-03T06:31:11","date_gmt":"2024-05-03T06:31:11","guid":{"rendered":"https:\/\/elfsight.com\/de\/?page_id=8241"},"modified":"2025-02-21T06:10:42","modified_gmt":"2025-02-21T06:10:42","slug":"joomla","status":"publish","type":"page","link":"https:\/\/elfsight.com\/de\/business-hours-widget\/joomla\/","title":{"rendered":"Business Hours &#8211; Joomla"},"content":{"rendered":"\n<div class=\"application-platform-content-item-description application-platform-content-item\" id=\"description\" data-nav-section=\"description\"> <h2>Einbetten von Business Hours in Joomla mit einer Elfsight-Erweiterung<\/h2> <p>Elfsight Business Hours f\u00fcr Joomla ist ein einfaches Widget ohne Code, das aktiviert wird Sie k\u00f6nnen eine sch\u00f6ne Visitenkarte mit den wichtigsten Momenten Ihrer Aktivit\u00e4t entwerfen. Sie k\u00f6nnen Informationen zu Ihrem Arbeitsstatus einbinden und Kontakte f\u00fcr Ihre Kunden erm\u00f6glichen. Mit dem Widget k\u00f6nnen Sie praktische Designs erstellen, sodass die Kunden schnell alle erforderlichen Daten kurz oder ausf\u00fchrlich einsehen k\u00f6nnen. <\/p><p>Das hervorragende Widget bietet einige Vorlagen, sodass Sie die beste Option f\u00fcr Ihre Website ausw\u00e4hlen k\u00f6nnen. Jede Vorlage verf\u00fcgt \u00fcber verschiedene Einstellungen, die Ihnen bei der Entwicklung eines pers\u00f6nlichen Widgets mit erforderlichen Optionen wie CTA-Schaltfl\u00e4chen helfen, die den Umsatz steigern. Das Einbetten der Arbeitszeiten und Ihrer Kontaktdaten in Ihre Website-Seiten ist mit Elfsight dank klarer Tutorials und Anleitungen ganz einfach. Jeder Benutzer kann das Widget \u201eGesch\u00e4ftszeiten\u201c ohne Code kostenlos entwickeln und hinzuf\u00fcgen.<\/p> <p><b>F\u00fcgen Sie Gesch\u00e4ftsdetails zu Ihren Seiten hinzu, um den Umsatz und die Kundenzufriedenheit zu steigern. Teilen Sie aussagekr\u00e4ftige Informationen zu Ihrem Arbeitsstatus \u00fcbersichtlich mit dem Widget.<\/b><\/p> <p>Mit diesem in Ihre Joomla-Website eingebetteten Widget k\u00f6nnen Sie Ihre Kunden besser \u00fcber Ihr Unternehmen informieren und mehr Umsatz erzielen. Achten Sie auf einige der wichtigsten Vorteile f\u00fcr Ihre Website, nachdem Sie die kostenlosen Arbeitszeiten darin eingebettet haben. <\/p><ul><li><b>Helfen Sie den Kunden, immer p\u00fcnktlich zu sein.<\/b> Steigern Sie den Umsatz, indem Sie w\u00e4hrend der entsprechenden Arbeitszeiten st\u00e4ndig da sind. Ihre Website-Besucher werden sich an Ihre Aktivit\u00e4tsstunden erinnern und werden st\u00e4rker davon \u00fcberzeugt, einen erfolgreichen Kauf zu t\u00e4tigen, wenn sie dazu bereit sind. <\/li><li><b>Vermeiden Sie Verwirrung bez\u00fcglich Ihrer \u00d6ffnungszeiten.<\/b> Wenn Sie den Kunden Ihre unkomplizierten Arbeitszeiten auf der Website pr\u00e4sentieren, werden sie Ihrem Unternehmen gegen\u00fcber st\u00e4rker treu bleiben. <\/li><li><b>Teilen Sie Kontakte auf \u00fcbersichtliche Weise.<\/b> Durch das Hinzuf\u00fcgen der Kontaktdaten zu Ihrem No-Code-Bedienzeiten-Widget k\u00f6nnen Sie die Kommunikation aufbauen und den Verkauf verbessern. Zeigen Sie, dass Sie hier sind, um auf ihre Bedenken hinsichtlich der Produkte und Dienstleistungen Ihres Unternehmens einzugehen, was zu mehr Loyalit\u00e4t und Anerkennung f\u00fchrt. <\/li><\/ul><div class=\"faq\" data-component=\"FAQ\"><div class=\"faq-item\">\r\n\t\t\t\t\t<div class=\"faq-item-question\">\r\n\t\t\t\t\t\t<h3 class=\"faq-item-question-text\">Gibt es noch andere Plugins f\u00fcr Joomla, die ich in meine Website einbetten kann, um den Umsatz zu steigern?<\/h3>\r\n\r\n\t\t\t\t\t\t<div class=\"faq-item-question-icon\"><\/div>\r\n\t\t\t\t\t<\/div>\r\n\r\n\t\t\t\t\t<div class=\"faq-item-answer\">\r\n\t\t\t\t\t\t<div class=\"faq-item-answer-text\">Wir k\u00f6nnen Ihnen viele Plugins anbieten, mit denen Sie jede Art von Aufgabe erledigen k\u00f6nnen Zielgruppe auf Ihrer Website. Zum Beispiel: <a href=\"https:\/\/elfsight.com\/google-reviews-widget\/joomla\/\" target=\"_blank\" rel=\"noopener\">Google Reviews<\/a>, <a href=\"https:\/\/elfsight.com\/whatsapp-chat-widget\/joomla\/\" target=\"_blank\" rel=\"noopener\">WhatsApp Chat<\/a>, <a href=\"https:\/\/elfsight.com\/event-calendar-widget\/joomla\/\" target=\"_blank\" rel=\"noopener\">Veranstaltungskalender<\/a>, <a href=\"https:\/\/elfsight.com\/countdown-timer-widget\/joomla\/\" target=\"_blank\" rel=\"noopener\">Countdown-Timer<\/a>, <a href=\"https:\/\/elfsight.com\/qr-code-widget\/joomla\/\" target=\"_blank\" rel=\"noopener\">QR-Code<\/a>. <\/div>\r\n\t\t\t\t\t<\/div>\r\n\t\t\t\t<\/div><div class=\"faq-item\">\r\n\t\t\t\t\t<div class=\"faq-item-question\">\r\n\t\t\t\t\t\t<h3 class=\"faq-item-question-text\">Wie kann ich Gesch\u00e4ftszeiten auf der Joomla-Website nutzen?<\/h3>\r\n\r\n\t\t\t\t\t\t<div class=\"faq-item-question-icon\"><\/div>\r\n\t\t\t\t\t<\/div>\r\n\r\n\t\t\t\t\t<div class=\"faq-item-answer\">\r\n\t\t\t\t\t\t<div class=\"faq-item-answer-text\">Sie haben Zugriff auf viele M\u00f6glichkeiten, Erfolgsstatistiken und Verk\u00e4ufe zu verbessern, indem Sie ein Gesch\u00e4ftszeiten-Plugin hinzuf\u00fcgen. Mit den Vorlagen von Elfsight f\u00fcr dieses spannende Plugin f\u00fcr Websites k\u00f6nnen Sie eine individuelle Gesch\u00e4ftsl\u00f6sung finden. Sie k\u00f6nnen entweder erweiterte Informationen zu Ihren Aktivit\u00e4tsstunden und Tools zur Kommunikation mit Ihnen anzeigen oder einfach eine kleine Betriebsstatusleiste einbetten. Sie k\u00f6nnen mit Ihrem Business Hours-Plugin Kontaktkarten erstellen und diese zu erforderlichen Website-Seiten hinzuf\u00fcgen, um Aufmerksamkeit zu erregen. <\/div>\r\n\t\t\t\t\t<\/div>\r\n\t\t\t\t<\/div><div class=\"faq-item\">\r\n\t\t\t\t\t<div class=\"faq-item-question\">\r\n\t\t\t\t\t\t<h3 class=\"faq-item-question-text\">Wie binde ich Business Hours kostenlos in Joomla-Websites ein?<\/h3>\r\n\r\n\t\t\t\t\t\t<div class=\"faq-item-question-icon\"><\/div>\r\n\t\t\t\t\t<\/div>\r\n\r\n\t\t\t\t\t<div class=\"faq-item-answer\">\r\n\t\t\t\t\t\t<div class=\"faq-item-answer-text\">Die Einbindung eines Business Hours-Plugins in Ihre Joomla-Website ist eine gro\u00dfartige M\u00f6glichkeit, neue Kunden zu gewinnen und sie \u00fcber Ihre g\u00fcltigen Zeiten und Ihren Status zu informieren, um sicherzustellen Verkauf oder Erbringung von Dienstleistungen. Hier finden Sie einige Tutorials zum Hinzuf\u00fcgen des No-Code-Betriebsstunden-Plugins zu Ihrer Website. <ol><li>Wenn Sie ein Elfsight Business Hours-Plugin in Joomla integrieren m\u00fcssen, gehen Sie zur Elfsight-Website und richten Sie ein Konto ein. <\/li><li>Passen Sie die No-Code-Gesch\u00e4ftszeiten an, indem Sie deren Aussehen und Einstellungen an das Design Ihrer Joomla-Website anpassen. <\/li><li>Nachdem Sie Ihre Gesch\u00e4ftszeiten angepasst haben, kopieren Sie den generierten Code und f\u00fcgen Sie ihn in den HTML-Code Ihrer Joomla-Website ein, wo das Plugin angezeigt werden soll. <\/li><\/ol>Durch die Integration Ihrer No-Code-Gesch\u00e4ftszeiten in Ihre Joomla-Website verbessern Sie deren visuelles Erscheinungsbild und sorgen f\u00fcr eine nachhaltige Besucherbindung. Entdecken Sie die Vorteile der f\u00fcr Sie kostenlosen Elfsight-Gesch\u00e4ftszeiten! <\/div>\r\n\t\t\t\t\t<\/div>\r\n\t\t\t\t<\/div><\/div><\/div><div class=\"application-platform-content-item-features application-platform-content-item\" id=\"features\" data-nav-section=\"features\"> <h2>Wir bieten wertvolle und einfache Funktionen, sehen Sie sich einige davon an:<\/h2> <ul><li>Pr\u00e4sentieren Sie die realen Merkmale Ihres Unternehmens. Zeitstatus<\/li><li>Benutzerfreundliche Zeitplaneinrichtung<\/li><li>Festliche Ereignisse konfigurieren<\/li><li>Aktueller Situationsstatus<\/li><li>Integrierbare Tabelle oder kompakter Status<\/li> <\/ul><p><a href=\"#demo\">Schauen Sie sich einfach diese Demo an, um zu sehen, wie es funktioniert<\/a><\/p><\/div> <div class=\"application-platform-content-item-installation application-platform-content-item\" id=\"installation\" data-nav-section=\"installation\"> <h2>Wie kann Ich habe Gesch\u00e4ftszeiten auf meiner Joomla-Website angegeben?<\/h2> <p>Befolgen Sie einfach die nachstehenden Anweisungen, um die Erweiterung mit Ihren Arbeitszeiten einzuf\u00fcgen.<\/p> <ol><li><b>Starten Sie unseren Konfigurator und beginnen Sie mit der Erstellung Ihres ma\u00dfgeschneidertes Plugin. <\/b><br> W\u00e4hlen Sie das bevorzugte Layout und die Spezifikationen des Plugins und wenden Sie die Korrekturen an. <\/li> <li><b>Erhalten Sie Ihren individuellen Code, der im speziellen Formular auf Elfsight Apps angezeigt wird. <\/b><br> Sobald die Konfiguration Ihres pers\u00f6nlichen Plugins abgeschlossen ist, kopieren Sie den individuellen Code aus dem angezeigten Feld und bewahren Sie ihn f\u00fcr die sp\u00e4tere Verwendung auf Ihrer Website auf. <\/li> <li><b>Initiieren Sie die Anwendung des Plugins auf Ihrer Joomla-Website. <\/b><br> F\u00fcgen Sie den zuvor gespeicherten Code auf Ihrer Homepage hinzu und \u00fcbernehmen Sie die \u00c4nderungen. <\/li> <li><b>Die Installation Ihrer No-Code-Betriebsstunden wurde erfolgreich abgeschlossen. <\/b><br> Besuchen Sie Ihre Website, um die Leistung der Verl\u00e4ngerung der Betriebszeiten in Aktion zu sehen. <\/li><\/ol> <p>Wenn Sie auf Schwierigkeiten sto\u00dfen, k\u00f6nnen Sie sich jederzeit an unser Support-Team wenden. Unsere Spezialisten sind bestrebt, alle Probleme zu l\u00f6sen, die Sie m\u00f6glicherweise mit dem Produkt f\u00fcr Joomla haben. <\/p><\/div>\n","protected":false},"excerpt":{"rendered":"","protected":false},"author":9,"featured_media":0,"parent":7446,"menu_order":0,"comment_status":"closed","ping_status":"closed","template":"templates\/template-application-platform.php","meta":{"publish_to_discourse":"","publish_post_category":"","wpdc_auto_publish_overridden":"","wpdc_topic_tags":"","wpdc_pin_topic":"","wpdc_pin_until":"","discourse_post_id":"","discourse_permalink":"","wpdc_publishing_response":"","wpdc_publishing_error":"","footnotes":""},"class_list":["post-8241","page","type-page","status-publish","hentry"],"yoast_head":"<!-- This site is optimized with the Yoast SEO plugin v25.3.1 - https:\/\/yoast.com\/wordpress\/plugins\/seo\/ -->\n<title>Gesch\u00e4ftszeiten zu Joomla hinzuf\u00fcgen \u2013 Nutzen Sie den kostenlosen Stundenplan auf der Website<\/title>\n<meta name=\"description\" content=\"F\u00fcgen Sie Joomla ein anpassbares Gesch\u00e4ftszeiten-Widget hinzu, um Ihren Gesch\u00e4ftsstatus anzuzeigen. Gestalten Sie Ihre pers\u00f6nlichen Arbeitszeiten anhand der Demo.\" \/>\n<meta name=\"robots\" content=\"index, follow, max-snippet:-1, max-image-preview:large, max-video-preview:-1\" \/>\n<link rel=\"canonical\" href=\"https:\/\/elfsight.com\/de\/business-hours-widget\/joomla\/\" \/>\n<meta property=\"og:locale\" content=\"de_DE\" \/>\n<meta property=\"og:type\" content=\"article\" \/>\n<meta property=\"og:title\" content=\"Gesch\u00e4ftszeiten zu Joomla hinzuf\u00fcgen \u2013 Nutzen Sie den kostenlosen Stundenplan auf der Website\" \/>\n<meta property=\"og:description\" content=\"F\u00fcgen Sie Joomla ein anpassbares Gesch\u00e4ftszeiten-Widget hinzu, um Ihren Gesch\u00e4ftsstatus anzuzeigen. Gestalten Sie Ihre pers\u00f6nlichen Arbeitszeiten anhand der Demo.\" \/>\n<meta property=\"og:url\" content=\"https:\/\/elfsight.com\/de\/business-hours-widget\/joomla\/\" \/>\n<meta property=\"og:site_name\" content=\"Elfsight DE\" \/>\n<meta property=\"article:modified_time\" content=\"2025-02-21T06:10:42+00:00\" \/>\n<meta name=\"twitter:card\" content=\"summary_large_image\" \/>\n<meta name=\"twitter:label1\" content=\"Gesch\u00e4tzte Lesezeit\" \/>\n\t<meta name=\"twitter:data1\" content=\"5\u00a0Minuten\" \/>\n<!-- \/ Yoast SEO plugin. -->","yoast_head_json":{"title":"Gesch\u00e4ftszeiten zu Joomla hinzuf\u00fcgen \u2013 Nutzen Sie den kostenlosen Stundenplan auf der Website","description":"F\u00fcgen Sie Joomla ein anpassbares Gesch\u00e4ftszeiten-Widget hinzu, um Ihren Gesch\u00e4ftsstatus anzuzeigen. Gestalten Sie Ihre pers\u00f6nlichen Arbeitszeiten anhand der Demo.","robots":{"index":"index","follow":"follow","max-snippet":"max-snippet:-1","max-image-preview":"max-image-preview:large","max-video-preview":"max-video-preview:-1"},"canonical":"https:\/\/elfsight.com\/de\/business-hours-widget\/joomla\/","og_locale":"de_DE","og_type":"article","og_title":"Gesch\u00e4ftszeiten zu Joomla hinzuf\u00fcgen \u2013 Nutzen Sie den kostenlosen Stundenplan auf der Website","og_description":"F\u00fcgen Sie Joomla ein anpassbares Gesch\u00e4ftszeiten-Widget hinzu, um Ihren Gesch\u00e4ftsstatus anzuzeigen. Gestalten Sie Ihre pers\u00f6nlichen Arbeitszeiten anhand der Demo.","og_url":"https:\/\/elfsight.com\/de\/business-hours-widget\/joomla\/","og_site_name":"Elfsight DE","article_modified_time":"2025-02-21T06:10:42+00:00","twitter_card":"summary_large_image","twitter_misc":{"Gesch\u00e4tzte Lesezeit":"5\u00a0Minuten"},"schema":{"@context":"https:\/\/schema.org","@graph":[{"@type":"WebPage","@id":"https:\/\/elfsight.com\/de\/business-hours-widget\/joomla\/","url":"https:\/\/elfsight.com\/de\/business-hours-widget\/joomla\/","name":"Gesch\u00e4ftszeiten zu Joomla hinzuf\u00fcgen \u2013 Nutzen Sie den kostenlosen Stundenplan auf der Website","isPartOf":{"@id":"https:\/\/elfsight.com\/de\/#website"},"datePublished":"2024-05-03T06:31:11+00:00","dateModified":"2025-02-21T06:10:42+00:00","description":"F\u00fcgen Sie Joomla ein anpassbares Gesch\u00e4ftszeiten-Widget hinzu, um Ihren Gesch\u00e4ftsstatus anzuzeigen. Gestalten Sie Ihre pers\u00f6nlichen Arbeitszeiten anhand der Demo.","breadcrumb":{"@id":"https:\/\/elfsight.com\/de\/business-hours-widget\/joomla\/#breadcrumb"},"inLanguage":"de","potentialAction":[{"@type":"ReadAction","target":["https:\/\/elfsight.com\/de\/business-hours-widget\/joomla\/"]}]},{"@type":"BreadcrumbList","@id":"https:\/\/elfsight.com\/de\/business-hours-widget\/joomla\/#breadcrumb","itemListElement":[{"@type":"ListItem","position":1,"name":"Home","item":"https:\/\/elfsight.com\/de\/"},{"@type":"ListItem","position":2,"name":"Business Hours","item":"https:\/\/elfsight.com\/de\/business-hours-widget\/"},{"@type":"ListItem","position":3,"name":"Business Hours &#8211; Joomla"}]},{"@type":"WebSite","@id":"https:\/\/elfsight.com\/de\/#website","url":"https:\/\/elfsight.com\/de\/","name":"Elfsight DE","description":"Just another Elfsight Sites site","potentialAction":[{"@type":"SearchAction","target":{"@type":"EntryPoint","urlTemplate":"https:\/\/elfsight.com\/de\/?s={search_term_string}"},"query-input":{"@type":"PropertyValueSpecification","valueRequired":true,"valueName":"search_term_string"}}],"inLanguage":"de"}]}},"meta_box":{"industry":"","seo_heading":"","heading":"","description":"","cta_heading":"","cta_description":"","application":"7437","h1":"Erweiterung der Joomla-Gesch\u00e4ftszeiten","h1_caption":"Zeigen Sie Ihre Gesch\u00e4ftszeiten in einem klaren und attraktiven Format an, um Besucher m\u00fchelos \u00fcber Ihre Verf\u00fcgbarkeit auf Ihrer Joomla-Website zu informieren.","application_category":[],"applications_title":"","applications_request_title":"","applications_request_button_text":"","hero_text":"","hero_video":"","hero_video_schema_markup":"","selling_points_title":"","selling_points_caption":"","selling_points":[],"selling_points_cta_text":"","features_title":"","features":"","ed_cta_examples_text":"","ed_cta_examples_hidden":"","ed_cta_demo_text":"","ed_cta_demo_hidden":"","why_caption":"","why_editor_title":"","why_editor_text":"","why_team_title":"","why_team_text":"","why_service_title":"","why_service_text":"","template_catalog_visible":"0","template_catalog_title":"","template_catalog_text":"","template_catalog_categories_visible":"","demo_title":"Erstellen Sie Ihr Gesch\u00e4ftszeiten-Plugin","demo_caption":"Konfigurieren Sie Ihre Gesch\u00e4ftszeiten und f\u00fcgen Sie sie kostenlos zu Ihrer Joomla-Website hinzu!","default_faq_hidden":"","app_template_category":[],"platform":"259","template_public_id":"","codecanyon_url":"","codecanyon_item_id":"","codecanyon_price":"","pricing_caption":"","pricing_elfsight_apps_hide_column":"","pricing_elfsight_apps_url":"","pricing_codecanyon_price_caption":"","integration_category":[],"integration_request_title":"","integration_request_cta":"","integration_platform":"","integrations":[],"platform_category":[],"video_schema_markup":"","price":"ab 0 $ \/ Monat","trial":"","benefits":[{"text":"Kostenlose Installationshilfe"},{"text":"Premium-Support"},{"text":"14-t\u00e4gige Geld-zur\u00fcck-Garantie"},{"text":"Laufende Verbesserungen"}],"button_url":"#demo","button_target_blank":"0","button_nofollow":"0","attributes":[{"name":"Installiert","content":"10,000 - 100,000"},{"name":"Reaktionsfreudig","content":"Ja"},{"name":"Kompatible Browser","content":"Firefox, Safari, Opera, Chrome, Edge"}],"tags":[],"tags_disable_links":"0","hide_more_platforms":"0","video_object":"","demo_hide_cta":"0","demo_hide_cloud_options":"0","pricing_title":"","pricing":[{"pricing_icon":"platform","pricing_title":"Elfsight Apps","pricing_title_caption":"Plattformunabh\u00e4ngige digitale L\u00f6sung, die f\u00fcr jede Website geeignet ist","pricing_price":"ab 0 $ \/ Monat","pricing_price_caption":"Beginnen Sie mit einem kostenlosen Plan","pricing_benefits":[{"text":"Unbegrenzte Domains"},{"text":"Schnelle Unterst\u00fctzung"},{"text":"Kostenlose Installationshilfe"},{"text":"Flexibles Design"}],"pricing_button_text":"Zur Website hinzuf\u00fcgen","pricing_button_url":"#demo"}],"related_apps_title":"","related_apps_hidden":"0","author":"","image":[],"title":"","job":"","social_networks":[]},"_links":{"self":[{"href":"https:\/\/elfsight.com\/de\/wp-json\/wp\/v2\/pages\/8241","targetHints":{"allow":["GET"]}}],"collection":[{"href":"https:\/\/elfsight.com\/de\/wp-json\/wp\/v2\/pages"}],"about":[{"href":"https:\/\/elfsight.com\/de\/wp-json\/wp\/v2\/types\/page"}],"author":[{"embeddable":true,"href":"https:\/\/elfsight.com\/de\/wp-json\/wp\/v2\/users\/9"}],"replies":[{"embeddable":true,"href":"https:\/\/elfsight.com\/de\/wp-json\/wp\/v2\/comments?post=8241"}],"version-history":[{"count":2,"href":"https:\/\/elfsight.com\/de\/wp-json\/wp\/v2\/pages\/8241\/revisions"}],"predecessor-version":[{"id":24608,"href":"https:\/\/elfsight.com\/de\/wp-json\/wp\/v2\/pages\/8241\/revisions\/24608"}],"up":[{"embeddable":true,"href":"https:\/\/elfsight.com\/de\/wp-json\/wp\/v2\/pages\/7446"}],"wp:attachment":[{"href":"https:\/\/elfsight.com\/de\/wp-json\/wp\/v2\/media?parent=8241"}],"curies":[{"name":"wp","href":"https:\/\/api.w.org\/{rel}","templated":true}]}}