{"id":8236,"date":"2024-05-03T06:31:10","date_gmt":"2024-05-03T06:31:10","guid":{"rendered":"https:\/\/elfsight.com\/de\/?page_id=8236"},"modified":"2025-02-21T06:35:06","modified_gmt":"2025-02-21T06:35:06","slug":"weebly","status":"publish","type":"page","link":"https:\/\/elfsight.com\/de\/business-hours-widget\/weebly\/","title":{"rendered":"Business Hours &#8211; Weebly"},"content":{"rendered":"\n<div class=\"application-platform-content-item-description application-platform-content-item\" id=\"description\" data-nav-section=\"description\"> <h2>Einbetten von Gesch\u00e4ftszeiten in Weebly mit einer Elfsight-App<\/h2> <p>Elfsight Gesch\u00e4ftszeiten f\u00fcr Weebly ist ein einfaches No-Code-Widget, das dies erm\u00f6glicht Wir bitten Sie, eine sch\u00f6ne Visitenkarte mit den wichtigsten Details zu Ihrer Aktivit\u00e4t zu erstellen. Mit diesem Widget k\u00f6nnen Sie Informationen zu Ihrem aktuellen Arbeitsstatus hinzuf\u00fcgen und Kontakte f\u00fcr Ihr Publikum bereitstellen. Mit dem Widget k\u00f6nnen Sie praktische Designs erstellen, sodass die Kunden schnell alle erforderlichen Daten in kurzer oder detaillierterer Form finden k\u00f6nnen. <\/p><p>Das hervorragende Widget ist mit einigen Vorlagen ausgestattet, sodass Sie die effizienteste Option f\u00fcr Ihre Website ausw\u00e4hlen k\u00f6nnen. Jede Vorlage verf\u00fcgt \u00fcber verschiedene Einstellungen, mit denen Sie ein pers\u00f6nliches Widget mit erforderlichen Optionen wie Chat- und Teilen-Schaltfl\u00e4chen erstellen k\u00f6nnen, die den Umsatz steigern. Das Hinzuf\u00fcgen der Arbeitszeiten und der Kontaktdaten Ihres Unternehmens zu Ihren Seiten ist mit Elfsight dank leicht verst\u00e4ndlicher Tutorials und Anleitungen \u00e4u\u00dferst einfach. Jeder Website-Editor kann das Widget \u201eGesch\u00e4ftszeiten\u201c ohne Code kostenlos erstellen und einbetten.<\/p> <p><b>F\u00fcgen Sie Gesch\u00e4ftsdetails zu Ihrer Website hinzu, um den Umsatz und die Kundenzufriedenheit zu steigern. Geben Sie wichtige Informationen zu Ihrem Arbeitsstatus ganz einfach weiter. <\/b><\/p> <p>Mit diesem in Ihre Weebly-Website eingebetteten Widget informieren Sie Ihre Kunden \u00fcber Ihr Unternehmen und erhalten regelm\u00e4\u00dfige Verk\u00e4ufe. Achten Sie auf einige der positivsten Ergebnisse f\u00fcr Ihre Website, nachdem Sie das Widget f\u00fcr kostenlose Arbeitszeiten hinzugef\u00fcgt haben. <\/p><ul><li><b>Helfen Sie Ihren Kunden, immer p\u00fcnktlich zu sein. <\/b> Steigern Sie den Umsatz, w\u00e4hrend Sie w\u00e4hrend der angegebenen Arbeitszeiten immer in Kontakt bleiben. Ihre Website-Besucher werden sich an Ihre Verf\u00fcgbarkeitszeiten erinnern und bei Bedarf entschlossener einen Kauf t\u00e4tigen. <\/li><li><b>Vermeiden Sie Verwirrung \u00fcber Ihre Arbeitszeiten. <\/b> Wenn Sie den Besuchern auf der Website Ihre korrekten Arbeitszeiten angeben, werden sie sich Ihrer Marke st\u00e4rker widmen. <\/li><li><b>Kontaktinformationen sichtbar teilen. <\/b> Durch das Hinzuf\u00fcgen der Kontaktdaten zu Ihrem Widget f\u00fcr die \u00d6ffnungszeiten ohne Code k\u00f6nnen Sie eine bessere Kommunikation mit Ihren Website-Besuchern aufbauen und Verk\u00e4ufe beschleunigen. Zeigen Sie, dass Sie hier sind, um auf ihre Bedenken hinsichtlich der Produkte und Dienstleistungen Ihres Unternehmens einzugehen, was zu mehr Loyalit\u00e4t und Ansehen f\u00fchrt. <\/li><\/ul><div class=\"faq\" data-component=\"FAQ\"><div class=\"faq-item\">\r\n\t\t\t\t\t<div class=\"faq-item-question\">\r\n\t\t\t\t\t\t<h3 class=\"faq-item-question-text\">Gibt es noch andere Plugins f\u00fcr Weebly, die ich auf meiner Website verwenden kann, um den Umsatz zu steigern?<\/h3>\r\n\r\n\t\t\t\t\t\t<div class=\"faq-item-question-icon\"><\/div>\r\n\t\t\t\t\t<\/div>\r\n\r\n\t\t\t\t\t<div class=\"faq-item-answer\">\r\n\t\t\t\t\t\t<div class=\"faq-item-answer-text\">Wir k\u00f6nnen Ihnen viele Plugins zur Verf\u00fcgung stellen, mit denen Sie jedes Ziel erreichen k\u00f6nnen deine Seite. \u00dcberzeugen Sie sich selbst: <a href=\"https:\/\/elfsight.com\/google-reviews-widget\/weebly\/\" target=\"_blank\" rel=\"noopener\">Google Reviews<\/a>, <a href=\"https:\/\/elfsight.com\/whatsapp-chat-widget\/weebly\/\" target=\"_blank\" rel=\"noopener\">WhatsApp Chat<\/a>, <a href=\"https:\/\/elfsight.com\/event-calendar-widget\/weebly\/\" target=\"_blank\" rel=\"noopener\">Veranstaltungskalender<\/a>, <a href=\"https:\/\/elfsight.com\/countdown-timer-widget\/weebly\/\" target=\"_blank \" rel=\"noopener\">Countdown-Timer<\/a>, <a href=\"https:\/\/elfsight.com\/qr-code-widget\/weebly\/\" target=\"_blank\" rel=\"noopener\">QR-Code<\/a>. <\/div>\r\n\t\t\t\t\t<\/div>\r\n\t\t\t\t<\/div><div class=\"faq-item\">\r\n\t\t\t\t\t<div class=\"faq-item-question\">\r\n\t\t\t\t\t\t<h3 class=\"faq-item-question-text\">Wie kann ich von den Gesch\u00e4ftszeiten auf Weebly profitieren?<\/h3>\r\n\r\n\t\t\t\t\t\t<div class=\"faq-item-question-icon\"><\/div>\r\n\t\t\t\t\t<\/div>\r\n\r\n\t\t\t\t\t<div class=\"faq-item-answer\">\r\n\t\t\t\t\t\t<div class=\"faq-item-answer-text\">Sie haben viele M\u00f6glichkeiten, die Conversion-Statistiken durch das Hinzuf\u00fcgen eines Gesch\u00e4ftszeiten-Plugins zu verbessern. Mit den Vorlagen von Elfsight f\u00fcr dieses bemerkenswerte Plugin f\u00fcr Websites k\u00f6nnen Sie eine individuelle Gesch\u00e4ftstaktik ausw\u00e4hlen. Sie k\u00f6nnen entweder erweiterte Informationen zu Ihren Arbeitszeiten und Tools zur Kommunikation mit Ihnen anzeigen oder einfach ein minimalistisches Popup mit dem aktuellen Status einbetten. Sie k\u00f6nnen mit unserem Gesch\u00e4ftszeiten-Plugin Kontaktkarten erstellen und diese zu bevorzugten Website-Bereichen hinzuf\u00fcgen, um Verk\u00e4ufe anzuregen. <\/div>\r\n\t\t\t\t\t<\/div>\r\n\t\t\t\t<\/div><div class=\"faq-item\">\r\n\t\t\t\t\t<div class=\"faq-item-question\">\r\n\t\t\t\t\t\t<h3 class=\"faq-item-question-text\">Wie binde ich Business Hours kostenlos in Weebly-Websites ein?<\/h3>\r\n\r\n\t\t\t\t\t\t<div class=\"faq-item-question-icon\"><\/div>\r\n\t\t\t\t\t<\/div>\r\n\r\n\t\t\t\t\t<div class=\"faq-item-answer\">\r\n\t\t\t\t\t\t<div class=\"faq-item-answer-text\">Das Einbetten eines Business Hours-Plugins in Ihre Weebly-Website ist eine hervorragende M\u00f6glichkeit, mit Kunden zu kommunizieren und ihnen Ihre g\u00fcltigen Zeiten und Ihren Status mitzuteilen den Verkauf sicherstellen oder Dienstleistungen anbieten. Hier finden Sie einige Tutorials zum Einf\u00fcgen des kostenlosen \u00d6ffnungszeiten-Plugins auf Ihrer Website. <ol><li>Um Elfsight-Gesch\u00e4ftszeiten in Weebly einzubetten, gehen Sie zur Elfsight-Website und erstellen Sie ein Konto. <\/li><li>Passen Sie die No-Code-Gesch\u00e4ftszeiten an, indem Sie deren Aussehen und Einstellungen an den Stil Ihrer Weebly-Website anpassen. <\/li><li>Nachdem Sie Ihre Gesch\u00e4ftszeiten erstellt haben, kopieren Sie das generierte Code-Snippet und f\u00fcgen Sie es in den HTML-Code Ihrer Weebly-Website ein, wo Sie das Plugin haben m\u00f6chten. <\/li><\/ol>Durch die Integration Ihrer Gesch\u00e4ftszeiten in Ihre Weebly-Website erh\u00f6hen Sie auf jeden Fall deren visuelle Anziehungskraft und sorgen f\u00fcr eine nachhaltige Besucherbindung. Entdecken Sie die Vorteile des Elfsight Business Hours-Plugins kostenlos! <\/div>\r\n\t\t\t\t\t<\/div>\r\n\t\t\t\t<\/div><\/div><\/div> <div class=\"application-platform-content-item-features application-platform-content-item\" id=\"features\" data-nav-section=\"features\"> <h2>Das Widget bietet praktische und unkomplizierte Funktionen, sehen Sie sich einige davon an:<\/h2> <ul><li>Demonstrieren Sie den aktuellen Stand Ihres Unternehmens Verf\u00fcgbarkeit<\/li><li>Einfache Anpassung des Arbeitszeitraums<\/li><li>Festtagskonfiguration<\/li><li>Anzeige der aktuellen Situation<\/li><li>Einf\u00fcgbares Diagramm oder kompakter Status<\/li><\/ul><p><a href=\"#demo\">Schauen Sie sich einfach diese Demo an, um die Funktionalit\u00e4t der App zu verstehen<\/a><\/p> <\/div> <div class=\"application-platform-content-item-installation application-platform-content-item\" id=\"installation\" data-nav-section=\"installation\"> <h2>Anleitung Gesch\u00e4ftszeiten zu meiner Weebly-Website hinzuf\u00fcgen?<\/h2> <p>Befolgen Sie einfach die unten beschriebenen Schritte, um das Plugin in Ihre Gesch\u00e4ftszeiten zu integrieren.<\/p> <ol><li><b>\u00d6ffnen Sie unsere Demo und starten Sie Gestalten Sie Ihr benutzerdefiniertes No-Code-Plugin. <\/b><br> Geben Sie das ausgew\u00e4hlte Aussehen und die Eigenschaften des Plugins an und wenden Sie die Korrekturen an. <\/li> <li><b>Erhalten Sie Ihren individuellen Code, der im Fenster von Elfsight Apps angezeigt wird. <\/b><br> Nachdem die Generierung Ihrer L\u00f6sung f\u00fcr Aktivit\u00e4tsstunden ohne Code abgeschlossen ist, kopieren Sie den einzelnen Code im angezeigten Popup und speichern Sie ihn f\u00fcr die zuk\u00fcnftige Verwendung. <\/li> <li><b>Beginnen Sie mit der Nutzung der App auf Ihrer Weebly-Homepage. <\/b><br> F\u00fcgen Sie den k\u00fcrzlich gespeicherten Code in Ihre Homepage ein und speichern Sie die Verbesserungen. <\/li> <li><b>Die Einrichtung Ihrer No-Code-Gesch\u00e4ftszeiten ist vollst\u00e4ndig abgeschlossen. <\/b><br> Besuchen Sie Ihre Website, um in Aktion zu sehen, wie das \u00d6ffnungszeiten-Plugin funktioniert. <\/li><\/ol> <p>Bei Fragen oder Problemen k\u00f6nnen Sie sich gerne an unser Support-Team wenden. Unsere Mitarbeiter helfen Ihnen gerne bei allen Schwierigkeiten, die Sie mit dem Plugin f\u00fcr Weebly haben k\u00f6nnten. <\/p><\/div>\n","protected":false},"excerpt":{"rendered":"","protected":false},"author":9,"featured_media":0,"parent":7446,"menu_order":0,"comment_status":"closed","ping_status":"closed","template":"templates\/template-application-platform.php","meta":{"publish_to_discourse":"","publish_post_category":"","wpdc_auto_publish_overridden":"","wpdc_topic_tags":"","wpdc_pin_topic":"","wpdc_pin_until":"","discourse_post_id":"","discourse_permalink":"","wpdc_publishing_response":"","wpdc_publishing_error":"","footnotes":""},"class_list":["post-8236","page","type-page","status-publish","hentry"],"yoast_head":"<!-- This site is optimized with the Yoast SEO plugin v25.3.1 - https:\/\/yoast.com\/wordpress\/plugins\/seo\/ -->\n<title>F\u00fcgen Sie Weebly Gesch\u00e4ftszeiten hinzu \u2013 Integrieren Sie den No-Code-Zeitplan vor Ort<\/title>\n<meta name=\"description\" content=\"F\u00fcgen Sie Weebly ein anpassbares Gesch\u00e4ftszeiten-Widget hinzu, um Ihren Aktivit\u00e4tsstatus anzuzeigen. Erstellen Sie in der Demo Ihre eigenen Arbeitszeiten.\" \/>\n<meta name=\"robots\" content=\"index, follow, max-snippet:-1, max-image-preview:large, max-video-preview:-1\" \/>\n<link rel=\"canonical\" href=\"https:\/\/elfsight.com\/de\/business-hours-widget\/weebly\/\" \/>\n<meta property=\"og:locale\" content=\"de_DE\" \/>\n<meta property=\"og:type\" content=\"article\" \/>\n<meta property=\"og:title\" content=\"F\u00fcgen Sie Weebly Gesch\u00e4ftszeiten hinzu \u2013 Integrieren Sie den No-Code-Zeitplan vor Ort\" \/>\n<meta property=\"og:description\" content=\"F\u00fcgen Sie Weebly ein anpassbares Gesch\u00e4ftszeiten-Widget hinzu, um Ihren Aktivit\u00e4tsstatus anzuzeigen. Erstellen Sie in der Demo Ihre eigenen Arbeitszeiten.\" \/>\n<meta property=\"og:url\" content=\"https:\/\/elfsight.com\/de\/business-hours-widget\/weebly\/\" \/>\n<meta property=\"og:site_name\" content=\"Elfsight DE\" \/>\n<meta property=\"article:modified_time\" content=\"2025-02-21T06:35:06+00:00\" \/>\n<meta name=\"twitter:card\" content=\"summary_large_image\" \/>\n<meta name=\"twitter:label1\" content=\"Gesch\u00e4tzte Lesezeit\" \/>\n\t<meta name=\"twitter:data1\" content=\"5\u00a0Minuten\" \/>\n<!-- \/ Yoast SEO plugin. -->","yoast_head_json":{"title":"F\u00fcgen Sie Weebly Gesch\u00e4ftszeiten hinzu \u2013 Integrieren Sie den No-Code-Zeitplan vor Ort","description":"F\u00fcgen Sie Weebly ein anpassbares Gesch\u00e4ftszeiten-Widget hinzu, um Ihren Aktivit\u00e4tsstatus anzuzeigen. Erstellen Sie in der Demo Ihre eigenen Arbeitszeiten.","robots":{"index":"index","follow":"follow","max-snippet":"max-snippet:-1","max-image-preview":"max-image-preview:large","max-video-preview":"max-video-preview:-1"},"canonical":"https:\/\/elfsight.com\/de\/business-hours-widget\/weebly\/","og_locale":"de_DE","og_type":"article","og_title":"F\u00fcgen Sie Weebly Gesch\u00e4ftszeiten hinzu \u2013 Integrieren Sie den No-Code-Zeitplan vor Ort","og_description":"F\u00fcgen Sie Weebly ein anpassbares Gesch\u00e4ftszeiten-Widget hinzu, um Ihren Aktivit\u00e4tsstatus anzuzeigen. Erstellen Sie in der Demo Ihre eigenen Arbeitszeiten.","og_url":"https:\/\/elfsight.com\/de\/business-hours-widget\/weebly\/","og_site_name":"Elfsight DE","article_modified_time":"2025-02-21T06:35:06+00:00","twitter_card":"summary_large_image","twitter_misc":{"Gesch\u00e4tzte Lesezeit":"5\u00a0Minuten"},"schema":{"@context":"https:\/\/schema.org","@graph":[{"@type":"WebPage","@id":"https:\/\/elfsight.com\/de\/business-hours-widget\/weebly\/","url":"https:\/\/elfsight.com\/de\/business-hours-widget\/weebly\/","name":"F\u00fcgen Sie Weebly Gesch\u00e4ftszeiten hinzu \u2013 Integrieren Sie den No-Code-Zeitplan vor Ort","isPartOf":{"@id":"https:\/\/elfsight.com\/de\/#website"},"datePublished":"2024-05-03T06:31:10+00:00","dateModified":"2025-02-21T06:35:06+00:00","description":"F\u00fcgen Sie Weebly ein anpassbares Gesch\u00e4ftszeiten-Widget hinzu, um Ihren Aktivit\u00e4tsstatus anzuzeigen. Erstellen Sie in der Demo Ihre eigenen Arbeitszeiten.","breadcrumb":{"@id":"https:\/\/elfsight.com\/de\/business-hours-widget\/weebly\/#breadcrumb"},"inLanguage":"de","potentialAction":[{"@type":"ReadAction","target":["https:\/\/elfsight.com\/de\/business-hours-widget\/weebly\/"]}]},{"@type":"BreadcrumbList","@id":"https:\/\/elfsight.com\/de\/business-hours-widget\/weebly\/#breadcrumb","itemListElement":[{"@type":"ListItem","position":1,"name":"Home","item":"https:\/\/elfsight.com\/de\/"},{"@type":"ListItem","position":2,"name":"Business Hours","item":"https:\/\/elfsight.com\/de\/business-hours-widget\/"},{"@type":"ListItem","position":3,"name":"Business Hours &#8211; Weebly"}]},{"@type":"WebSite","@id":"https:\/\/elfsight.com\/de\/#website","url":"https:\/\/elfsight.com\/de\/","name":"Elfsight DE","description":"Just another Elfsight Sites site","potentialAction":[{"@type":"SearchAction","target":{"@type":"EntryPoint","urlTemplate":"https:\/\/elfsight.com\/de\/?s={search_term_string}"},"query-input":{"@type":"PropertyValueSpecification","valueRequired":true,"valueName":"search_term_string"}}],"inLanguage":"de"}]}},"meta_box":{"industry":"","seo_heading":"","heading":"","description":"","cta_heading":"","cta_description":"","application":"7437","h1":"Weebly-Gesch\u00e4ftszeiten-App","h1_caption":"Zeigen Sie Ihre Gesch\u00e4ftszeiten in einem klaren und attraktiven Format an, um Besucher m\u00fchelos \u00fcber Ihre Verf\u00fcgbarkeit auf Ihrer Weebly-Website zu informieren.","application_category":[],"applications_title":"","applications_request_title":"","applications_request_button_text":"","hero_text":"","hero_video":"","hero_video_schema_markup":"","selling_points_title":"","selling_points_caption":"","selling_points":[],"selling_points_cta_text":"","features_title":"","features":"","ed_cta_examples_text":"","ed_cta_examples_hidden":"","ed_cta_demo_text":"","ed_cta_demo_hidden":"","why_caption":"","why_editor_title":"","why_editor_text":"","why_team_title":"","why_team_text":"","why_service_title":"","why_service_text":"","template_catalog_visible":"0","template_catalog_title":"","template_catalog_text":"","template_catalog_categories_visible":"","demo_title":"Erstellen Sie Ihre Gesch\u00e4ftszeiten-App","demo_caption":"Konfigurieren Sie Ihre Gesch\u00e4ftszeiten und f\u00fcgen Sie sie kostenlos zu Ihrer Weebly-Website hinzu!","default_faq_hidden":"","app_template_category":[],"platform":"249","template_public_id":"","codecanyon_url":"","codecanyon_item_id":"","codecanyon_price":"","pricing_caption":"","pricing_elfsight_apps_hide_column":"","pricing_elfsight_apps_url":"","pricing_codecanyon_price_caption":"","integration_category":[],"integration_request_title":"","integration_request_cta":"","integration_platform":"","integrations":[],"platform_category":[],"video_schema_markup":"","price":"ab 0 $ \/ Monat","trial":"","benefits":[{"text":"Kostenlose Installationshilfe"},{"text":"Professioneller Kundenservice"},{"text":"14-t\u00e4gige R\u00fcckerstattungsgarantie"},{"text":"St\u00e4ndige Aktualisierung"}],"button_url":"#demo","button_target_blank":"0","button_nofollow":"0","attributes":[{"name":"Installiert","content":"10,000 - 100,000"},{"name":"Reaktionsfreudig","content":"Ja"},{"name":"Kompatible Browser","content":"Firefox, Safari, Opera, Chrome, Edge"}],"tags":[],"tags_disable_links":"0","hide_more_platforms":"0","video_object":"","demo_hide_cta":"0","demo_hide_cloud_options":"0","pricing_title":"","pricing":[{"pricing_icon":"platform","pricing_title":"Elfsight Apps","pricing_title_caption":"Plattform\u00fcbergreifende L\u00f6sung, die f\u00fcr jede Website geeignet ist","pricing_price":"ab 0 $ \/ Monat","pricing_price_caption":"Beginnen Sie mit einem kostenlosen Plan","pricing_benefits":[{"text":"Unbegrenzte Websites"},{"text":"Engagierter und p\u00fcnktlicher Support"},{"text":"Kostenlose Installationshilfe"},{"text":"100 % anpassbar"}],"pricing_button_text":"Zur Website hinzuf\u00fcgen","pricing_button_url":"#demo"}],"related_apps_title":"","related_apps_hidden":"0","author":"","image":[],"title":"","job":"","social_networks":[]},"_links":{"self":[{"href":"https:\/\/elfsight.com\/de\/wp-json\/wp\/v2\/pages\/8236","targetHints":{"allow":["GET"]}}],"collection":[{"href":"https:\/\/elfsight.com\/de\/wp-json\/wp\/v2\/pages"}],"about":[{"href":"https:\/\/elfsight.com\/de\/wp-json\/wp\/v2\/types\/page"}],"author":[{"embeddable":true,"href":"https:\/\/elfsight.com\/de\/wp-json\/wp\/v2\/users\/9"}],"replies":[{"embeddable":true,"href":"https:\/\/elfsight.com\/de\/wp-json\/wp\/v2\/comments?post=8236"}],"version-history":[{"count":2,"href":"https:\/\/elfsight.com\/de\/wp-json\/wp\/v2\/pages\/8236\/revisions"}],"predecessor-version":[{"id":24619,"href":"https:\/\/elfsight.com\/de\/wp-json\/wp\/v2\/pages\/8236\/revisions\/24619"}],"up":[{"embeddable":true,"href":"https:\/\/elfsight.com\/de\/wp-json\/wp\/v2\/pages\/7446"}],"wp:attachment":[{"href":"https:\/\/elfsight.com\/de\/wp-json\/wp\/v2\/media?parent=8236"}],"curies":[{"name":"wp","href":"https:\/\/api.w.org\/{rel}","templated":true}]}}