{"id":8235,"date":"2024-05-03T06:31:09","date_gmt":"2024-05-03T06:31:09","guid":{"rendered":"https:\/\/elfsight.com\/de\/?page_id=8235"},"modified":"2025-02-21T06:07:38","modified_gmt":"2025-02-21T06:07:38","slug":"facebook","status":"publish","type":"page","link":"https:\/\/elfsight.com\/de\/business-hours-widget\/facebook\/","title":{"rendered":"Business Hours &#8211; Facebook Page"},"content":{"rendered":"\n<div class=\"application-platform-content-item-description application-platform-content-item\" id=\"description\" data-nav-section=\"description\"> <h2>Gesch\u00e4ftszeiten auf der Facebook-Seite mit einem Elfsight-Widget einbetten<\/h2> <p>Die Gesch\u00e4ftszeiten von Elfsight f\u00fcr die Facebook-Seite sind einfach ohne Code Widget, mit dem Sie eine attraktive Visitenkarte mit den wichtigsten Daten zu Ihrem Unternehmen erstellen k\u00f6nnen. Sie k\u00f6nnen Informationen zu Ihrem aktuellen Verf\u00fcgbarkeitsstatus hinzuf\u00fcgen und Kontakte f\u00fcr Ihre Kunden aktivieren. Mit dem Widget k\u00f6nnen Sie praktische Designs erstellen, sodass die Besucher alle ben\u00f6tigten Informationen einfach kurz oder detaillierter erkunden k\u00f6nnen. <\/p><p>Das bemerkenswerte Widget bietet viele Vorlagen, sodass Sie die am besten geeignete Option f\u00fcr Ihre Website ausw\u00e4hlen k\u00f6nnen. Jede Vorlage enth\u00e4lt flexible Einstellungen, mit denen Sie ein benutzerdefiniertes Widget mit den erforderlichen Optionen wie CTA-Schaltfl\u00e4chen erstellen k\u00f6nnen, die den Umsatz steigern. Das Einbetten der Arbeitszeiten in Ihre Website ist mit Elfsight dank leicht verst\u00e4ndlicher Tutorials und Anleitungen ganz einfach. Jeder Benutzer kann das Widget \u201eGesch\u00e4ftszeiten\u201c ohne Code kostenlos erstellen und hinzuf\u00fcgen.<\/p> <p><b>Verwenden Sie Gesch\u00e4ftsdaten auf Ihrer Website, um den Umsatz und die Glaubw\u00fcrdigkeit der Kunden zu steigern. Teilen Sie m\u00fchelos wichtige Informationen zu Ihrer Arbeitst\u00e4tigkeit. <\/b><\/p> <p>Mit diesem Widget, das in Ihre Facebook-Seiten-Website eingebettet ist, informieren Sie Ihre Kunden und erzielen regelm\u00e4\u00dfige Verk\u00e4ufe. Erfahren Sie mehr \u00fcber einige der besten Ergebnisse f\u00fcr Ihre Website, wenn Sie das No-Code-Arbeitszeit-Widget darin einbetten. <\/p><ul><li><b>Sorgen Sie daf\u00fcr, dass Ihre Kunden immer p\u00fcnktlich sind. <\/b> Steigern Sie den Umsatz, indem Sie zu den entsprechenden Arbeitszeiten sicher vor Ort sind. Ihre Website-Besucher sehen Ihre Verf\u00fcgbarkeitszeiten und werden bei Bedarf sicherer, einen erfolgreichen Kauf zu t\u00e4tigen. <\/li><li><b>Vermeiden Sie Missverst\u00e4ndnisse \u00fcber Ihre Aktivit\u00e4tsstunden. <\/b> Durch die Anzeige Ihrer unkomplizierten Arbeitszeiten f\u00fcr die Kunden auf der Website werden sie sich st\u00e4rker f\u00fcr Ihr Unternehmen engagieren, da sie eine Bestellung oder einen Besuch bei Ihnen planen k\u00f6nnen. <\/li><li><b>Kontaktdaten komfortabel anzeigen. <\/b> Durch das Hinzuf\u00fcgen der Kontaktinformationen zu Ihrem No-Code-Bedienzeiten-Widget k\u00f6nnen Sie die Kommunikation verbessern und den Verkauf verbessern. Zeigen Sie, dass Sie hier sind, um auf ihre Anfragen zu den Produkten und Dienstleistungen Ihres Unternehmens zu antworten, was zu mehr Loyalit\u00e4t und Anerkennung f\u00fchrt. <\/li><\/ul><div class=\"faq\" data-component=\"FAQ\"><div class=\"faq-item\">\r\n\t\t\t\t\t<div class=\"faq-item-question\">\r\n\t\t\t\t\t\t<h3 class=\"faq-item-question-text\">Gibt es noch andere Plugins f\u00fcr Facebook-Seiten, die ich in meine Website einbetten kann, um den Umsatz zu steigern?<\/h3>\r\n\r\n\t\t\t\t\t\t<div class=\"faq-item-question-icon\"><\/div>\r\n\t\t\t\t\t<\/div>\r\n\r\n\t\t\t\t\t<div class=\"faq-item-answer\">\r\n\t\t\t\t\t\t<div class=\"faq-item-answer-text\">Wir k\u00f6nnen Ihnen viele Plugins anbieten, mit denen Sie jedes Ziel erreichen k\u00f6nnen auf Ihrer Website. \u00dcberzeugen Sie sich selbst: <a href=\"https:\/\/elfsight.com\/google-reviews-widget\/facebook\/\" target=\"_blank\" rel=\"noopener\">Google Reviews<\/a>, <a href=\"https:\/\/elfsight.com\/whatsapp-chat-widget\/facebook\/\" target=\"_blank\" rel=\"noopener\">WhatsApp Chat<\/a>, <a href=\"https:\/\/elfsight.com\/event-calendar-widget\/facebook\/\" target=\"_blank\" rel=\"noopener\">Veranstaltungskalender<\/a>, <a href=\"https:\/\/elfsight.com\/countdown-timer-widget\/facebook\/\" target=\"_blank \" rel=\"noopener\">Countdown-Timer<\/a>, <a href=\"https:\/\/elfsight.com\/qr-code-widget\/facebook\/\" target=\"_blank\" rel=\"noopener\">QR-Code<\/a>. <\/div>\r\n\t\t\t\t\t<\/div>\r\n\t\t\t\t<\/div><div class=\"faq-item\">\r\n\t\t\t\t\t<div class=\"faq-item-question\">\r\n\t\t\t\t\t\t<h3 class=\"faq-item-question-text\">Wie kann ich Gesch\u00e4ftszeiten auf einer Facebook-Seite nutzen?<\/h3>\r\n\r\n\t\t\t\t\t\t<div class=\"faq-item-question-icon\"><\/div>\r\n\t\t\t\t\t<\/div>\r\n\r\n\t\t\t\t\t<div class=\"faq-item-answer\">\r\n\t\t\t\t\t\t<div class=\"faq-item-answer-text\">Es gibt viele M\u00f6glichkeiten, die Konversionsraten und Verkaufszahlen durch das Hinzuf\u00fcgen eines Gesch\u00e4ftszeiten-Plugins zu verbessern. Mit den Vorlagen von Elfsight f\u00fcr dieses wunderbare Plugin f\u00fcr Websites kann man pers\u00f6nliche Taktiken finden. Sie k\u00f6nnen sich entweder ausf\u00fchrliche Informationen zu Ihren Arbeitszeiten und Kontaktm\u00f6glichkeiten mit Ihnen anzeigen lassen oder einfach eine minimalistische Business-Statusleiste nutzen. Sie k\u00f6nnen mit unserem Gesch\u00e4ftszeiten-Plugin Kontaktkarten erstellen und diese auf den erforderlichen Website-Seiten platzieren, um Aufmerksamkeit zu erregen und die Besucher \u00fcber Ihre Aktivit\u00e4ten zu informieren. <\/div>\r\n\t\t\t\t\t<\/div>\r\n\t\t\t\t<\/div><div class=\"faq-item\">\r\n\t\t\t\t\t<div class=\"faq-item-question\">\r\n\t\t\t\t\t\t<h3 class=\"faq-item-question-text\">Wie binde ich Business Hours kostenlos in Facebook-Seiten-Websites ein?<\/h3>\r\n\r\n\t\t\t\t\t\t<div class=\"faq-item-question-icon\"><\/div>\r\n\t\t\t\t\t<\/div>\r\n\r\n\t\t\t\t\t<div class=\"faq-item-answer\">\r\n\t\t\t\t\t\t<div class=\"faq-item-answer-text\">Das Einbetten eines Business Hours-Plugins in Ihre Facebook-Seiten-Website ist eine hervorragende Methode, um die Kommunikation mit Kunden zu starten und sie \u00fcber Ihre Verf\u00fcgbarkeit zu informieren Verkauf oder Erbringung von Dienstleistungen. Hier sind die Tutorials zum Hinzuf\u00fcgen des Betriebsstunden-Plugins zu Ihrer Website. <ol><li>Um ein Elfsight Business Hours-Plugin kostenlos in die Facebook-Seite einzubetten, gehen Sie zur Elfsight-Website und melden Sie sich an. <\/li><li>Erstellen Sie das kostenlose Plugin \u201eGesch\u00e4ftszeiten\u201c, indem Sie dessen Erscheinungsbild und Einstellungen an den Stil Ihrer Facebook-Seite anpassen. <\/li><li>Nachdem Sie Ihre No-Code-Gesch\u00e4ftszeiten angepasst haben, kopieren Sie den generierten Code und f\u00fcgen Sie ihn in die Website Ihrer Facebook-Seite ein, auf der das Plugin angezeigt werden soll. <\/li><\/ol>Durch die Integration Ihrer Gesch\u00e4ftszeiten in die Website Ihrer Facebook-Seite verbessern Sie deren visuelles Erscheinungsbild und sorgen f\u00fcr eine stabile Kundenbindung. Profitieren Sie von den f\u00fcr Sie kostenlosen Elfsight-Gesch\u00e4ftszeiten! <\/div>\r\n\t\t\t\t\t<\/div>\r\n\t\t\t\t<\/div><\/div><\/div> <div class=\"application-platform-content-item-features application-platform-content-item\" id=\"features\" data-nav-section=\"features\"> <h2>Lernen Sie die Liste der n\u00fctzlichsten Funktionen des Widgets kennen:<\/h2> <ul><li>Zeigen Sie die Ihres Unternehmens an Echtzeit-Verf\u00fcgbarkeit<\/li><li>Einfache Arbeitsrahmenanpassung<\/li><li>Sonderereignisse-Konfiguration<\/li><li>Echtzeit-Situationsstatus<\/li><li>Einf\u00fcgbarer Tisch oder platzsparend Status<\/li><\/ul><p><a href=\"#demo\">Sie k\u00f6nnen sehen, welches Widget es wert ist, in der Demo auszuprobieren<\/a><\/p><\/div> <div class=\"application-platform-content-item- Installation application-platform-content-item\" id=\" Installation\" data-nav-section=\" Installation\"> <h2>Wie kann ich Gesch\u00e4ftszeiten zu meiner Facebook-Seite hinzuf\u00fcgen?<\/h2> <p>Folgen Sie einfach den Anweisungen unten, um das Plugin in Ihre Betriebszeit zu integrieren.<\/p> <ol><li><b>Starten Sie unsere Demo und beginnen Sie mit der Erstellung Ihres personalisierten No-Code-Plugins. <\/b><br> Bestimmen Sie die gew\u00fcnschte Schnittstelle und Parameter des Plugins und speichern Sie die Korrekturen. <\/li> <li><b>Erhalten Sie den einzelnen Code, der im Fenster von Elfsight Apps angezeigt wird. <\/b><br> Wenn die Erstellung Ihrer pers\u00f6nlichen Aktivit\u00e4tsstunden-App ohne Code abgeschlossen ist, kopieren Sie den exklusiven Code aus dem angezeigten Feld und bewahren Sie ihn f\u00fcr zuk\u00fcnftige Gelegenheiten auf. <\/li> <li><b>Initiieren Sie die Nutzung der App auf der Facebook-Seitenseite. <\/b><br> Integrieren Sie den k\u00fcrzlich gespeicherten Code in Ihre Webseite und speichern Sie die \u00c4nderungen. <\/li> <li><b>Die Installation Ihrer No-Code-Betriebsstunden ist erfolgreich abgeschlossen. <\/b><br> Besuchen Sie Ihre Website, um zu \u00fcberpr\u00fcfen, wie die \u00d6ffnungszeiten-App funktioniert. <\/li><\/ol> <p>Sollten Sie auf Schwierigkeiten sto\u00dfen, scheuen Sie sich nicht, sich an unser Kundendienstteam zu wenden. Unsere Berater helfen Ihnen gerne bei allen Fragen, die Sie zum Plugin f\u00fcr Facebook-Seiten haben. <\/p> <\/div>\n","protected":false},"excerpt":{"rendered":"","protected":false},"author":9,"featured_media":0,"parent":7446,"menu_order":0,"comment_status":"closed","ping_status":"closed","template":"templates\/template-application-platform.php","meta":{"publish_to_discourse":"","publish_post_category":"","wpdc_auto_publish_overridden":"","wpdc_topic_tags":"","wpdc_pin_topic":"","wpdc_pin_until":"","discourse_post_id":"","discourse_permalink":"","wpdc_publishing_response":"","wpdc_publishing_error":"","footnotes":""},"class_list":["post-8235","page","type-page","status-publish","hentry"],"yoast_head":"<!-- This site is optimized with the Yoast SEO plugin v25.3.1 - https:\/\/yoast.com\/wordpress\/plugins\/seo\/ -->\n<title>Gesch\u00e4ftszeiten zur Facebook-Seite hinzuf\u00fcgen \u2013 No-Code-Widget einbetten<\/title>\n<meta name=\"description\" content=\"F\u00fcgen Sie Ihrer Facebook-Seite eine anpassbare Gesch\u00e4ftszeiten-App hinzu, um Ihren Gesch\u00e4ftsstatus zu pr\u00e4sentieren. Erstellen Sie in der Demo Ihre pers\u00f6nlichen Arbeitszeiten.\" \/>\n<meta name=\"robots\" content=\"index, follow, max-snippet:-1, max-image-preview:large, max-video-preview:-1\" \/>\n<link rel=\"canonical\" href=\"https:\/\/elfsight.com\/de\/business-hours-widget\/facebook\/\" \/>\n<meta property=\"og:locale\" content=\"de_DE\" \/>\n<meta property=\"og:type\" content=\"article\" \/>\n<meta property=\"og:title\" content=\"Gesch\u00e4ftszeiten zur Facebook-Seite hinzuf\u00fcgen \u2013 No-Code-Widget einbetten\" \/>\n<meta property=\"og:description\" content=\"F\u00fcgen Sie Ihrer Facebook-Seite eine anpassbare Gesch\u00e4ftszeiten-App hinzu, um Ihren Gesch\u00e4ftsstatus zu pr\u00e4sentieren. Erstellen Sie in der Demo Ihre pers\u00f6nlichen Arbeitszeiten.\" \/>\n<meta property=\"og:url\" content=\"https:\/\/elfsight.com\/de\/business-hours-widget\/facebook\/\" \/>\n<meta property=\"og:site_name\" content=\"Elfsight DE\" \/>\n<meta property=\"article:modified_time\" content=\"2025-02-21T06:07:38+00:00\" \/>\n<meta name=\"twitter:card\" content=\"summary_large_image\" \/>\n<meta name=\"twitter:label1\" content=\"Gesch\u00e4tzte Lesezeit\" \/>\n\t<meta name=\"twitter:data1\" content=\"5\u00a0Minuten\" \/>\n<!-- \/ Yoast SEO plugin. -->","yoast_head_json":{"title":"Gesch\u00e4ftszeiten zur Facebook-Seite hinzuf\u00fcgen \u2013 No-Code-Widget einbetten","description":"F\u00fcgen Sie Ihrer Facebook-Seite eine anpassbare Gesch\u00e4ftszeiten-App hinzu, um Ihren Gesch\u00e4ftsstatus zu pr\u00e4sentieren. Erstellen Sie in der Demo Ihre pers\u00f6nlichen Arbeitszeiten.","robots":{"index":"index","follow":"follow","max-snippet":"max-snippet:-1","max-image-preview":"max-image-preview:large","max-video-preview":"max-video-preview:-1"},"canonical":"https:\/\/elfsight.com\/de\/business-hours-widget\/facebook\/","og_locale":"de_DE","og_type":"article","og_title":"Gesch\u00e4ftszeiten zur Facebook-Seite hinzuf\u00fcgen \u2013 No-Code-Widget einbetten","og_description":"F\u00fcgen Sie Ihrer Facebook-Seite eine anpassbare Gesch\u00e4ftszeiten-App hinzu, um Ihren Gesch\u00e4ftsstatus zu pr\u00e4sentieren. Erstellen Sie in der Demo Ihre pers\u00f6nlichen Arbeitszeiten.","og_url":"https:\/\/elfsight.com\/de\/business-hours-widget\/facebook\/","og_site_name":"Elfsight DE","article_modified_time":"2025-02-21T06:07:38+00:00","twitter_card":"summary_large_image","twitter_misc":{"Gesch\u00e4tzte Lesezeit":"5\u00a0Minuten"},"schema":{"@context":"https:\/\/schema.org","@graph":[{"@type":"WebPage","@id":"https:\/\/elfsight.com\/de\/business-hours-widget\/facebook\/","url":"https:\/\/elfsight.com\/de\/business-hours-widget\/facebook\/","name":"Gesch\u00e4ftszeiten zur Facebook-Seite hinzuf\u00fcgen \u2013 No-Code-Widget einbetten","isPartOf":{"@id":"https:\/\/elfsight.com\/de\/#website"},"datePublished":"2024-05-03T06:31:09+00:00","dateModified":"2025-02-21T06:07:38+00:00","description":"F\u00fcgen Sie Ihrer Facebook-Seite eine anpassbare Gesch\u00e4ftszeiten-App hinzu, um Ihren Gesch\u00e4ftsstatus zu pr\u00e4sentieren. Erstellen Sie in der Demo Ihre pers\u00f6nlichen Arbeitszeiten.","breadcrumb":{"@id":"https:\/\/elfsight.com\/de\/business-hours-widget\/facebook\/#breadcrumb"},"inLanguage":"de","potentialAction":[{"@type":"ReadAction","target":["https:\/\/elfsight.com\/de\/business-hours-widget\/facebook\/"]}]},{"@type":"BreadcrumbList","@id":"https:\/\/elfsight.com\/de\/business-hours-widget\/facebook\/#breadcrumb","itemListElement":[{"@type":"ListItem","position":1,"name":"Home","item":"https:\/\/elfsight.com\/de\/"},{"@type":"ListItem","position":2,"name":"Business Hours","item":"https:\/\/elfsight.com\/de\/business-hours-widget\/"},{"@type":"ListItem","position":3,"name":"Business Hours &#8211; Facebook Page"}]},{"@type":"WebSite","@id":"https:\/\/elfsight.com\/de\/#website","url":"https:\/\/elfsight.com\/de\/","name":"Elfsight DE","description":"Just another Elfsight Sites site","potentialAction":[{"@type":"SearchAction","target":{"@type":"EntryPoint","urlTemplate":"https:\/\/elfsight.com\/de\/?s={search_term_string}"},"query-input":{"@type":"PropertyValueSpecification","valueRequired":true,"valueName":"search_term_string"}}],"inLanguage":"de"}]}},"meta_box":{"industry":"","seo_heading":"","heading":"","description":"","cta_heading":"","cta_description":"","application":"7437","h1":"Widget \u201eGesch\u00e4ftszeiten\u201c der Facebook-Seite","h1_caption":"Zeigen Sie Ihre Gesch\u00e4ftszeiten in einem klaren und attraktiven Format an, um Besucher m\u00fchelos \u00fcber Ihre Verf\u00fcgbarkeit auf Ihrer Facebook-Seiten-Website zu informieren.","application_category":[],"applications_title":"","applications_request_title":"","applications_request_button_text":"","hero_text":"","hero_video":"","hero_video_schema_markup":"","selling_points_title":"","selling_points_caption":"","selling_points":[],"selling_points_cta_text":"","features_title":"","features":"","ed_cta_examples_text":"","ed_cta_examples_hidden":"","ed_cta_demo_text":"","ed_cta_demo_hidden":"","why_caption":"","why_editor_title":"","why_editor_text":"","why_team_title":"","why_team_text":"","why_service_title":"","why_service_text":"","template_catalog_visible":"0","template_catalog_title":"","template_catalog_text":"","template_catalog_categories_visible":"","demo_title":"Erstellen Sie Ihr Gesch\u00e4ftszeiten-Widget","demo_caption":"Konfigurieren Sie Ihre Gesch\u00e4ftszeiten und f\u00fcgen Sie sie kostenlos zu Ihrer Facebook-Seite hinzu!","default_faq_hidden":"","app_template_category":[],"platform":"216","template_public_id":"","codecanyon_url":"","codecanyon_item_id":"","codecanyon_price":"","pricing_caption":"","pricing_elfsight_apps_hide_column":"","pricing_elfsight_apps_url":"","pricing_codecanyon_price_caption":"","integration_category":[],"integration_request_title":"","integration_request_cta":"","integration_platform":"","integrations":[],"platform_category":[],"video_schema_markup":"","price":"ab 0 $ \/ Monat","trial":"","benefits":[{"text":"Kostenlose Installationshilfe"},{"text":"Premium-Support"},{"text":"14-t\u00e4gige R\u00fcckerstattungsgarantie"},{"text":"Fortlaufende Entwicklung"}],"button_url":"#demo","button_target_blank":"0","button_nofollow":"0","attributes":[{"name":"Installiert","content":"10,000 - 100,000"},{"name":"Reaktionsfreudig","content":"Ja"},{"name":"Kompatible Browser","content":"Firefox, Safari, Opera, Chrome, Edge"}],"tags":[],"tags_disable_links":"0","hide_more_platforms":"0","video_object":"","demo_hide_cta":"0","demo_hide_cloud_options":"0","pricing_title":"","pricing":[{"pricing_icon":"platform","pricing_title":"Elfsight Apps","pricing_title_caption":"Multiplattform-Version, die auf jeder Website funktioniert","pricing_price":"ab 0 $ \/ Monat","pricing_price_caption":"Beginnen Sie mit einem kostenlosen Plan","pricing_benefits":[{"text":"Unbegrenzte Websites"},{"text":"Premium-Unternehmensunterst\u00fctzung"},{"text":"Kostenloser Installationssupport"},{"text":"Flexibles Design"}],"pricing_button_text":"Zur Website hinzuf\u00fcgen","pricing_button_url":"#demo"}],"related_apps_title":"","related_apps_hidden":"0","author":"","image":[],"title":"","job":"","social_networks":[]},"_links":{"self":[{"href":"https:\/\/elfsight.com\/de\/wp-json\/wp\/v2\/pages\/8235","targetHints":{"allow":["GET"]}}],"collection":[{"href":"https:\/\/elfsight.com\/de\/wp-json\/wp\/v2\/pages"}],"about":[{"href":"https:\/\/elfsight.com\/de\/wp-json\/wp\/v2\/types\/page"}],"author":[{"embeddable":true,"href":"https:\/\/elfsight.com\/de\/wp-json\/wp\/v2\/users\/9"}],"replies":[{"embeddable":true,"href":"https:\/\/elfsight.com\/de\/wp-json\/wp\/v2\/comments?post=8235"}],"version-history":[{"count":2,"href":"https:\/\/elfsight.com\/de\/wp-json\/wp\/v2\/pages\/8235\/revisions"}],"predecessor-version":[{"id":24606,"href":"https:\/\/elfsight.com\/de\/wp-json\/wp\/v2\/pages\/8235\/revisions\/24606"}],"up":[{"embeddable":true,"href":"https:\/\/elfsight.com\/de\/wp-json\/wp\/v2\/pages\/7446"}],"wp:attachment":[{"href":"https:\/\/elfsight.com\/de\/wp-json\/wp\/v2\/media?parent=8235"}],"curies":[{"name":"wp","href":"https:\/\/api.w.org\/{rel}","templated":true}]}}