{"id":8234,"date":"2024-05-03T06:31:08","date_gmt":"2024-05-03T06:31:08","guid":{"rendered":"https:\/\/elfsight.com\/de\/?page_id=8234"},"modified":"2025-02-21T05:59:24","modified_gmt":"2025-02-21T05:59:24","slug":"bigcommerce","status":"publish","type":"page","link":"https:\/\/elfsight.com\/de\/business-hours-widget\/bigcommerce\/","title":{"rendered":"Business Hours &#8211; BigCommerce"},"content":{"rendered":"\n<div class=\"application-platform-content-item-description application-platform-content-item\" id=\"description\" data-nav-section=\"description\"> <h2>Einbetten von Gesch\u00e4ftszeiten in BigCommerce mit einer Elfsight-App<\/h2> <p>Elfsight Gesch\u00e4ftszeiten f\u00fcr BigCommerce ist ein einfaches Widget ohne Code, das dies erm\u00f6glicht Sie k\u00f6nnen eine auff\u00e4llige Visitenkarte erstellen. Sie k\u00f6nnen Informationen zu Ihrem Gesch\u00e4ftsstatus hinzuf\u00fcgen und Kontakte f\u00fcr Ihre Kunden aktivieren. Mit dem Widget k\u00f6nnen Sie praktische Designs entwickeln, damit die Kunden schnell alle erforderlichen Daten finden k\u00f6nnen. <\/p><p>Das bemerkenswerte Widget enth\u00e4lt mehrere Vorlagen, sodass Sie die beste Option f\u00fcr Ihre Website ausw\u00e4hlen k\u00f6nnen. Jede Vorlage verf\u00fcgt \u00fcber verschiedene Einstellungen, die Ihnen dabei helfen, ein benutzerdefiniertes Widget mit erforderlichen Optionen wie Reservierungs- und Buchungsschaltfl\u00e4chen zu erstellen, die den Umsatz steigern. Das Hinzuf\u00fcgen der Arbeitszeiten und der Kontaktdaten Ihres Unternehmens zu Ihrer Website ist mit Elfsight dank unkomplizierter Tutorials und Anleitungen absolut einfach. Jeder Benutzer kann das No-Code-Widget f\u00fcr die Betriebszeiten kostenlos erstellen und hinzuf\u00fcgen.<\/p> <p><b>Integrieren Sie Gesch\u00e4ftsdetails in Ihre Website, um den Umsatz und die Kundenzufriedenheit zu steigern. Geben Sie wichtige Informationen zu Ihren Arbeitszeiten einfach an. <\/b><\/p> <p>Mit diesem Widget, das Ihrer BigCommerce-Website hinzugef\u00fcgt wird, k\u00f6nnen Sie Ihre Kunden besser \u00fcber Ihr Unternehmen informieren und mehr Verk\u00e4ufe t\u00e4tigen. Achten Sie auf einige der positivsten Ergebnisse f\u00fcr Ihre Website, wenn Sie das Widget f\u00fcr kostenlose Arbeitszeiten darin einbetten. <\/p><ul><li><b>Helfen Sie Ihren Kunden, immer zur richtigen Zeit da zu sein. <\/b> Steigern Sie den Umsatz, da Sie innerhalb der angegebenen Arbeitszeiten sicher vor Ort sind. Ihre Website-Besucher sehen Ihre Verf\u00fcgbarkeitszeiten und sind bei Bedarf st\u00e4rker davon \u00fcberzeugt, einen erfolgreichen Kauf zu t\u00e4tigen. <\/li><li><b>Vermeiden Sie Verwirrung bez\u00fcglich Ihrer Arbeitszeiten. <\/b> Durch die Einbettung Ihrer korrekten Arbeitszeiten auf der Website werden die Kunden an Ihr Unternehmen gebunden, da sie eine Buchung oder einen Besuch bei Ihnen planen k\u00f6nnen. <\/li><li><b>Kontaktinformationen sichtbar teilen. <\/b> Durch das Hinzuf\u00fcgen der Kontaktdaten zu Ihrem No-Code-Widget f\u00fcr die Gesch\u00e4ftszeiten k\u00f6nnen Sie eine bessere Kommunikation mit Ihren Kunden aufbauen und den Verkauf beschleunigen. Zeigen Sie, dass Sie bereit sind, auf ihre Bedenken hinsichtlich der Produkte und Dienstleistungen Ihres Unternehmens einzugehen, was zu mehr Vertrauen und Respekt f\u00fchrt. <\/li><\/ul><div class=\"faq\" data-component=\"FAQ\"><div class=\"faq-item\">\r\n\t\t\t\t\t<div class=\"faq-item-question\">\r\n\t\t\t\t\t\t<h3 class=\"faq-item-question-text\">Gibt es noch andere Plugins f\u00fcr BigCommerce, die ich auf meiner Website f\u00fcr mehr Verk\u00e4ufe verwenden kann?<\/h3>\r\n\r\n\t\t\t\t\t\t<div class=\"faq-item-question-icon\"><\/div>\r\n\t\t\t\t\t<\/div>\r\n\r\n\t\t\t\t\t<div class=\"faq-item-answer\">\r\n\t\t\t\t\t\t<div class=\"faq-item-answer-text\">Wir k\u00f6nnen Ihnen viele Plugins anbieten, mit denen Sie jede Art von Zweck erreichen k\u00f6nnen Aufgabe auf Ihrer Website. Hier sind einige Beispiele: <a href=\"https:\/\/elfsight.com\/google-reviews-widget\/bigcommerce\/\" target=\"_blank\" rel=\"noopener\">Google Reviews<\/a>, <a href=\"https:\/\/elfsight.com\/whatsapp-chat-widget\/bigcommerce\/\" target=\"_blank\" rel=\"noopener\">WhatsApp Chat<\/a>, <a href=\"https:\/\/elfsight.com\/event-calendar-widget\/bigcommerce\/\" target=\"_blank\" rel=\"noopener\">Veranstaltungskalender<\/a>, <a href=\"https:\/\/elfsight.com\/countdown-timer-widget\/bigcommerce\/\" target=\" _blank\" rel=\"noopener\">Countdown-Timer<\/a>, <a href=\"https:\/\/elfsight.com\/qr-code-widget\/bigcommerce\/\" target=\"_blank\" rel=\"noopener\">QR-Code<\/a>. <\/div>\r\n\t\t\t\t\t<\/div>\r\n\t\t\t\t<\/div><div class=\"faq-item\">\r\n\t\t\t\t\t<div class=\"faq-item-question\">\r\n\t\t\t\t\t\t<h3 class=\"faq-item-question-text\">Wie kann ich mit den Gesch\u00e4ftszeiten auf der BigCommerce-Website Ergebnisse erzielen?<\/h3>\r\n\r\n\t\t\t\t\t\t<div class=\"faq-item-question-icon\"><\/div>\r\n\t\t\t\t\t<\/div>\r\n\r\n\t\t\t\t\t<div class=\"faq-item-answer\">\r\n\t\t\t\t\t\t<div class=\"faq-item-answer-text\">Sie haben Zugriff auf viele M\u00f6glichkeiten, Erfolgsraten und Verkaufsindikatoren zu verbessern, indem Sie ein Gesch\u00e4ftszeiten-Plugin hinzuf\u00fcgen. Mit den Vorlagen von Elfsight f\u00fcr dieses spannende Plugin f\u00fcr Websites kann man eine pers\u00f6nliche Gesch\u00e4ftsl\u00f6sung finden. Sie k\u00f6nnen sich entweder ausf\u00fchrliche Informationen zu Ihren \u00d6ffnungszeiten und M\u00f6glichkeiten zur Kontaktaufnahme anzeigen lassen oder einfach ein kompaktes aktuelles Status-Popup nutzen. Sie k\u00f6nnen mit Ihrem \u00d6ffnungszeiten-Plugin Kontaktkarten erstellen und diese den gew\u00fcnschten Website-Bereichen hinzuf\u00fcgen, um Aufmerksamkeit zu erregen und das Publikum \u00fcber Ihre Aktivit\u00e4ten zu informieren, um Verk\u00e4ufe anzuregen. <\/div>\r\n\t\t\t\t\t<\/div>\r\n\t\t\t\t<\/div><div class=\"faq-item\">\r\n\t\t\t\t\t<div class=\"faq-item-question\">\r\n\t\t\t\t\t\t<h3 class=\"faq-item-question-text\">Wie integriere ich Business Hours kostenlos in BigCommerce-Websites?<\/h3>\r\n\r\n\t\t\t\t\t\t<div class=\"faq-item-question-icon\"><\/div>\r\n\t\t\t\t\t<\/div>\r\n\r\n\t\t\t\t\t<div class=\"faq-item-answer\">\r\n\t\t\t\t\t\t<div class=\"faq-item-answer-text\">Das Einbetten eines Business Hours-Plugins in Ihre BigCommerce-Website ist eine einfache M\u00f6glichkeit, neue Kunden zu gewinnen und ihnen Ihre g\u00fcltigen Zeiten und Ihren Status mitzuteilen, um sicherzustellen, dass Sie sich darum k\u00fcmmern Verkauf oder Erbringung von Dienstleistungen. Hier finden Sie die Tutorials zur Integration des kostenlosen \u00d6ffnungszeiten-Plugins in Ihre Website. <ol><li>Um Elfsight-Gesch\u00e4ftszeiten in BigCommerce einzubetten, gehen Sie zur Elfsight-Website und melden Sie sich an. <\/li><li>Passen Sie die kostenlosen Gesch\u00e4ftszeiten an, indem Sie deren Erscheinungsbild und Einstellungen an das Design Ihrer BigCommerce-Website anpassen. <\/li><li>Kopieren Sie nach der Erstellung Ihrer Gesch\u00e4ftszeiten das spezielle Code-Snippet und f\u00fcgen Sie es in den HTML-Code Ihrer BigCommerce-Website ein, wo das Plugin funktionieren soll. <\/li><\/ol>Durch das Einf\u00fcgen Ihrer No-Code-Gesch\u00e4ftszeiten in Ihre BigCommerce-Website verbessern Sie deren visuelles Erscheinungsbild und f\u00f6rdern eine kontinuierliche Kundeneinbindung. Entdecken Sie die Vorteile der f\u00fcr Sie kostenlosen Elfsight-Gesch\u00e4ftszeiten! <\/div>\r\n\t\t\t\t\t<\/div>\r\n\t\t\t\t<\/div><\/div><\/div> <div class=\"application-platform-content-item-features application-platform-content-item\" id=\"features\" data-nav-section=\"features\"> <h2>Das Widget verf\u00fcgt \u00fcber praktische und unkomplizierte Funktionen, sehen Sie sich einige davon an:<\/h2> <ul><li>Demonstrieren Sie den aktuellen Stand Ihrer Organisation Status<\/li><li>Benutzerfreundliche Anpassung der Arbeitsrahmen<\/li><li>Konfiguration festlicher Ereignisse<\/li><li>Anzeige der Gesch\u00e4ftsaktivit\u00e4t in Echtzeit<\/li><li>Integrierbares Diagramm oder platzsparend Status<\/li><\/ul><p><a href=\"#demo\">Probieren Sie einfach diese Demo aus, um zu sehen, was das Widget wert ist<\/a><\/p> <\/div> <div class=\"application-platform-content-item- Installation application-platform-content-item\" id=\" Installation\" data-nav-section=\" Installation\"> <h2>Wie f\u00fcge ich Gesch\u00e4ftszeiten in meine BigCommerce-Website ein?<\/h2> <p>Befolgen Sie einfach die folgenden Richtlinien, um das Plugin mit Ihrem Betriebsstatus zu verwenden.<\/p> <ol><li><b> Nutzen Sie unseren Editor und beginnen Sie mit der Erstellung Ihres eigenen No-Code-Plugins. <\/b><br> Geben Sie die gew\u00fcnschte Form und Funktionalit\u00e4t des Plugins an und speichern Sie die \u00c4nderungen. <\/li> <li><b>Erhalten Sie Ihren individuellen Einbettungscode, der im speziellen Formular auf Elfsight Apps angezeigt wird. <\/b><br> Sobald die Konfiguration Ihres No-Code-Aktivit\u00e4tsstunden-Plugins abgeschlossen ist, kopieren Sie den exklusiven Code aus dem angezeigten Feld und speichern Sie ihn zur weiteren Verwendung. <\/li> <li><b>Beginnen Sie mit der Nutzung der App auf der BigCommerce-Website. <\/b><br> Integrieren Sie den k\u00fcrzlich kopierten Code in Ihre Website und speichern Sie die Anpassungen. <\/li> <li><b>Du bist fertig! Die Einbettung Ihrer No-Code-Gesch\u00e4ftszeiten ist erfolgreich abgeschlossen. <\/b><br> Besuchen Sie Ihre Website, um zu pr\u00fcfen, wie das Betriebsstunden-Plugin funktioniert. <\/li><\/ol> <p>Wenn Sie Fragen haben oder auf Komplikationen sto\u00dfen, z\u00f6gern Sie nicht, sich an unser Support-Team zu wenden. Unsere Berater helfen Ihnen gerne bei allen Fragen rund um das Plugin f\u00fcr BigCommerce. <\/p> <\/div>\n","protected":false},"excerpt":{"rendered":"","protected":false},"author":9,"featured_media":0,"parent":7446,"menu_order":0,"comment_status":"closed","ping_status":"closed","template":"templates\/template-application-platform.php","meta":{"publish_to_discourse":"","publish_post_category":"","wpdc_auto_publish_overridden":"","wpdc_topic_tags":"","wpdc_pin_topic":"","wpdc_pin_until":"","discourse_post_id":"","discourse_permalink":"","wpdc_publishing_response":"","wpdc_publishing_error":"","footnotes":""},"class_list":["post-8234","page","type-page","status-publish","hentry"],"yoast_head":"<!-- This site is optimized with the Yoast SEO plugin v25.3.1 - https:\/\/yoast.com\/wordpress\/plugins\/seo\/ -->\n<title>Gesch\u00e4ftszeiten zu BigCommerce hinzuf\u00fcgen \u2013 Integrieren Sie kostenlose Arbeitszeiten<\/title>\n<meta name=\"description\" content=\"F\u00fcgen Sie BigCommerce ein anpassbares Gesch\u00e4ftszeiten-Widget hinzu, um Ihren Gesch\u00e4ftsstatus anzuzeigen. Gestalten Sie Ihre Arbeitszeiten in der Demo selbst.\" \/>\n<meta name=\"robots\" content=\"index, follow, max-snippet:-1, max-image-preview:large, max-video-preview:-1\" \/>\n<link rel=\"canonical\" href=\"https:\/\/elfsight.com\/de\/business-hours-widget\/bigcommerce\/\" \/>\n<meta property=\"og:locale\" content=\"de_DE\" \/>\n<meta property=\"og:type\" content=\"article\" \/>\n<meta property=\"og:title\" content=\"Gesch\u00e4ftszeiten zu BigCommerce hinzuf\u00fcgen \u2013 Integrieren Sie kostenlose Arbeitszeiten\" \/>\n<meta property=\"og:description\" content=\"F\u00fcgen Sie BigCommerce ein anpassbares Gesch\u00e4ftszeiten-Widget hinzu, um Ihren Gesch\u00e4ftsstatus anzuzeigen. Gestalten Sie Ihre Arbeitszeiten in der Demo selbst.\" \/>\n<meta property=\"og:url\" content=\"https:\/\/elfsight.com\/de\/business-hours-widget\/bigcommerce\/\" \/>\n<meta property=\"og:site_name\" content=\"Elfsight DE\" \/>\n<meta property=\"article:modified_time\" content=\"2025-02-21T05:59:24+00:00\" \/>\n<meta name=\"twitter:card\" content=\"summary_large_image\" \/>\n<meta name=\"twitter:label1\" content=\"Gesch\u00e4tzte Lesezeit\" \/>\n\t<meta name=\"twitter:data1\" content=\"5\u00a0Minuten\" \/>\n<!-- \/ Yoast SEO plugin. -->","yoast_head_json":{"title":"Gesch\u00e4ftszeiten zu BigCommerce hinzuf\u00fcgen \u2013 Integrieren Sie kostenlose Arbeitszeiten","description":"F\u00fcgen Sie BigCommerce ein anpassbares Gesch\u00e4ftszeiten-Widget hinzu, um Ihren Gesch\u00e4ftsstatus anzuzeigen. Gestalten Sie Ihre Arbeitszeiten in der Demo selbst.","robots":{"index":"index","follow":"follow","max-snippet":"max-snippet:-1","max-image-preview":"max-image-preview:large","max-video-preview":"max-video-preview:-1"},"canonical":"https:\/\/elfsight.com\/de\/business-hours-widget\/bigcommerce\/","og_locale":"de_DE","og_type":"article","og_title":"Gesch\u00e4ftszeiten zu BigCommerce hinzuf\u00fcgen \u2013 Integrieren Sie kostenlose Arbeitszeiten","og_description":"F\u00fcgen Sie BigCommerce ein anpassbares Gesch\u00e4ftszeiten-Widget hinzu, um Ihren Gesch\u00e4ftsstatus anzuzeigen. Gestalten Sie Ihre Arbeitszeiten in der Demo selbst.","og_url":"https:\/\/elfsight.com\/de\/business-hours-widget\/bigcommerce\/","og_site_name":"Elfsight DE","article_modified_time":"2025-02-21T05:59:24+00:00","twitter_card":"summary_large_image","twitter_misc":{"Gesch\u00e4tzte Lesezeit":"5\u00a0Minuten"},"schema":{"@context":"https:\/\/schema.org","@graph":[{"@type":"WebPage","@id":"https:\/\/elfsight.com\/de\/business-hours-widget\/bigcommerce\/","url":"https:\/\/elfsight.com\/de\/business-hours-widget\/bigcommerce\/","name":"Gesch\u00e4ftszeiten zu BigCommerce hinzuf\u00fcgen \u2013 Integrieren Sie kostenlose Arbeitszeiten","isPartOf":{"@id":"https:\/\/elfsight.com\/de\/#website"},"datePublished":"2024-05-03T06:31:08+00:00","dateModified":"2025-02-21T05:59:24+00:00","description":"F\u00fcgen Sie BigCommerce ein anpassbares Gesch\u00e4ftszeiten-Widget hinzu, um Ihren Gesch\u00e4ftsstatus anzuzeigen. Gestalten Sie Ihre Arbeitszeiten in der Demo selbst.","breadcrumb":{"@id":"https:\/\/elfsight.com\/de\/business-hours-widget\/bigcommerce\/#breadcrumb"},"inLanguage":"de","potentialAction":[{"@type":"ReadAction","target":["https:\/\/elfsight.com\/de\/business-hours-widget\/bigcommerce\/"]}]},{"@type":"BreadcrumbList","@id":"https:\/\/elfsight.com\/de\/business-hours-widget\/bigcommerce\/#breadcrumb","itemListElement":[{"@type":"ListItem","position":1,"name":"Home","item":"https:\/\/elfsight.com\/de\/"},{"@type":"ListItem","position":2,"name":"Business Hours","item":"https:\/\/elfsight.com\/de\/business-hours-widget\/"},{"@type":"ListItem","position":3,"name":"Business Hours &#8211; BigCommerce"}]},{"@type":"WebSite","@id":"https:\/\/elfsight.com\/de\/#website","url":"https:\/\/elfsight.com\/de\/","name":"Elfsight DE","description":"Just another Elfsight Sites site","potentialAction":[{"@type":"SearchAction","target":{"@type":"EntryPoint","urlTemplate":"https:\/\/elfsight.com\/de\/?s={search_term_string}"},"query-input":{"@type":"PropertyValueSpecification","valueRequired":true,"valueName":"search_term_string"}}],"inLanguage":"de"}]}},"meta_box":{"industry":"","seo_heading":"","heading":"","description":"","cta_heading":"","cta_description":"","application":"7437","h1":"BigCommerce-Gesch\u00e4ftszeiten-App","h1_caption":"Zeigen Sie Ihre Gesch\u00e4ftszeiten in einem klaren und attraktiven Format an, um Besucher m\u00fchelos \u00fcber Ihre Verf\u00fcgbarkeit auf Ihrer BigCommerce-Website zu informieren.","application_category":[],"applications_title":"","applications_request_title":"","applications_request_button_text":"","hero_text":"","hero_video":"","hero_video_schema_markup":"","selling_points_title":"","selling_points_caption":"","selling_points":[],"selling_points_cta_text":"","features_title":"","features":"","ed_cta_examples_text":"","ed_cta_examples_hidden":"","ed_cta_demo_text":"","ed_cta_demo_hidden":"","why_caption":"","why_editor_title":"","why_editor_text":"","why_team_title":"","why_team_text":"","why_service_title":"","why_service_text":"","template_catalog_visible":"0","template_catalog_title":"","template_catalog_text":"","template_catalog_categories_visible":"","demo_title":"Erstellen Sie Ihre Gesch\u00e4ftszeiten-App","demo_caption":"Konfigurieren Sie Ihre Gesch\u00e4ftszeiten und f\u00fcgen Sie sie kostenlos zu Ihrer BigCommerce-Website hinzu!","default_faq_hidden":"","app_template_category":[],"platform":"268","template_public_id":"","codecanyon_url":"","codecanyon_item_id":"","codecanyon_price":"","pricing_caption":"","pricing_elfsight_apps_hide_column":"","pricing_elfsight_apps_url":"","pricing_codecanyon_price_caption":"","integration_category":[],"integration_request_title":"","integration_request_cta":"","integration_platform":"","integrations":[],"platform_category":[],"video_schema_markup":"","price":"ab 0 $ \/ Monat","trial":"","benefits":[{"text":"Kostenloser Installationsservice"},{"text":"Premium-Support"},{"text":"14-t\u00e4gige R\u00fcckerstattungsgarantie"},{"text":"Fortlaufende Entwicklung"}],"button_url":"#demo","button_target_blank":"0","button_nofollow":"0","attributes":[{"name":"Installiert","content":"10,000 - 100,000"},{"name":"Reaktionsfreudig","content":"Ja"},{"name":"Kompatible Browser","content":"Firefox, Safari, Opera, Chrome, Edge"}],"tags":[],"tags_disable_links":"0","hide_more_platforms":"0","video_object":"","demo_hide_cta":"0","demo_hide_cloud_options":"0","pricing_title":"","pricing":[{"pricing_icon":"platform","pricing_title":"Elfsight Apps","pricing_title_caption":"Multiplattform-Software, die auf jeder Website funktioniert","pricing_price":"ab 0 $ \/ Monat","pricing_price_caption":"Beginnen Sie mit einem kostenlosen Plan","pricing_benefits":[{"text":"Unbegrenzte Websites"},{"text":"Professionelle Unterst\u00fctzung"},{"text":"Kostenlose Installationshilfe"},{"text":"Flexibles Design"}],"pricing_button_text":"Zur Website hinzuf\u00fcgen","pricing_button_url":"#demo"}],"related_apps_title":"","related_apps_hidden":"0","author":"","image":[],"title":"","job":"","social_networks":[]},"_links":{"self":[{"href":"https:\/\/elfsight.com\/de\/wp-json\/wp\/v2\/pages\/8234","targetHints":{"allow":["GET"]}}],"collection":[{"href":"https:\/\/elfsight.com\/de\/wp-json\/wp\/v2\/pages"}],"about":[{"href":"https:\/\/elfsight.com\/de\/wp-json\/wp\/v2\/types\/page"}],"author":[{"embeddable":true,"href":"https:\/\/elfsight.com\/de\/wp-json\/wp\/v2\/users\/9"}],"replies":[{"embeddable":true,"href":"https:\/\/elfsight.com\/de\/wp-json\/wp\/v2\/comments?post=8234"}],"version-history":[{"count":3,"href":"https:\/\/elfsight.com\/de\/wp-json\/wp\/v2\/pages\/8234\/revisions"}],"predecessor-version":[{"id":24600,"href":"https:\/\/elfsight.com\/de\/wp-json\/wp\/v2\/pages\/8234\/revisions\/24600"}],"up":[{"embeddable":true,"href":"https:\/\/elfsight.com\/de\/wp-json\/wp\/v2\/pages\/7446"}],"wp:attachment":[{"href":"https:\/\/elfsight.com\/de\/wp-json\/wp\/v2\/media?parent=8234"}],"curies":[{"name":"wp","href":"https:\/\/api.w.org\/{rel}","templated":true}]}}