{"id":8233,"date":"2024-05-03T06:31:07","date_gmt":"2024-05-03T06:31:07","guid":{"rendered":"https:\/\/elfsight.com\/de\/?page_id=8233"},"modified":"2025-02-21T06:04:25","modified_gmt":"2025-02-21T06:04:25","slug":"blogger","status":"publish","type":"page","link":"https:\/\/elfsight.com\/de\/business-hours-widget\/blogger\/","title":{"rendered":"Business Hours &#8211; Blogger"},"content":{"rendered":"\n<div class=\"application-platform-content-item-description application-platform-content-item\" id=\"description\" data-nav-section=\"description\"> <h2>Einbetten von Gesch\u00e4ftszeiten in Blogger mit einem Elfsight-Widget<\/h2> <p>Elfsight Gesch\u00e4ftszeiten f\u00fcr Blogger ist ein einfaches No-Code-Widget, das erm\u00f6glicht es Ihnen, eine auff\u00e4llige Visitenkarte mit den wichtigsten Informationen zu Ihrer Arbeit zu projizieren. Sie k\u00f6nnen Informationen zu Ihrem aktuellen Arbeitsstatus anzeigen und Kontakte f\u00fcr Ihr Publikum erm\u00f6glichen. Mit dem Widget k\u00f6nnen Sie benutzerfreundliche Designs entwickeln, sodass die Kunden alle erforderlichen Daten in K\u00fcrze oder ausf\u00fchrlicher leicht finden k\u00f6nnen. <\/p><p>Das tolle Widget bietet einige Vorlagen, sodass Sie die beste Option f\u00fcr Ihre Website ausw\u00e4hlen k\u00f6nnen. Jede Vorlage enth\u00e4lt Einstellungen, die Ihnen bei der Erstellung eines Widgets mit den notwendigen Elementen helfen, die den Umsatz steigern. Die Integration der Arbeitszeiten und der Kontaktinformationen Ihres Unternehmens in Ihre Website ist mit Elfsight dank unkomplizierter Tutorials und Richtlinien sehr einfach. Jeder Website-Inhaber kann das Widget \u201eGesch\u00e4ftszeiten\u201c ohne Code kostenlos erstellen und hinzuf\u00fcgen.<\/p> <p><b>F\u00fcgen Sie Gesch\u00e4ftsdaten auf Ihrer Website hinzu, um die Verkaufsraten und die Glaubw\u00fcrdigkeit der Kunden zu erh\u00f6hen. Zeigen Sie wichtige Informationen zu Ihren Arbeitszeiten einfach an. <\/b><\/p> <p>Mit diesem Widget auf Ihrer Blogger-Website k\u00f6nnen Sie Ihre Kunden st\u00e4rker auf Ihr Unternehmen aufmerksam machen und mehr Verk\u00e4ufe erzielen. Sehen Sie sich einige wichtige Vorteile f\u00fcr Ihre Website an, wenn Sie ihr das kostenlose Arbeitsrahmen-Widget hinzuf\u00fcgen. <\/p><ul><li><b>Lassen Sie die Kunden immer p\u00fcnktlich sein. <\/b> Steigern Sie den Umsatz, da Sie innerhalb der angegebenen Arbeitszeiten sicher erreichbar sind. Ihre Website-Besucher werden auf Ihre Gesch\u00e4ftszeiten achten und bei Bedarf sicherer sein, einen erfolgreichen Kauf zu t\u00e4tigen. <\/li><li><b>Vermeiden Sie Missverst\u00e4ndnisse bez\u00fcglich Ihrer \u00d6ffnungszeiten. <\/b> Wenn Sie den Kunden auf der Website Ihre klaren Arbeitszeiten anzeigen, werden sie sich Ihrer Marke st\u00e4rker widmen, da sie eine Bestellung oder einen Besuch bei Ihnen planen k\u00f6nnen. <\/li><li><b>Stellen Sie Kontakte sichtbar zur Verf\u00fcgung. <\/b> Durch das Hinzuf\u00fcgen der Kontaktdaten zu Ihrem No-Code-Bedienzeiten-Widget k\u00f6nnen Sie die Kommunikation gestalten und den Verkauf verbessern. Zeigen Sie, dass Sie hier sind, um ihre Fragen zu den Produkten und Dienstleistungen Ihres Unternehmens zu beantworten, was zu mehr Vertrauen und Respekt f\u00fchrt. <\/li><\/ul><div class=\"faq\" data-component=\"FAQ\"><div class=\"faq-item\">\r\n\t\t\t\t\t<div class=\"faq-item-question\">\r\n\t\t\t\t\t\t<h3 class=\"faq-item-question-text\">Haben Sie noch andere Plugins f\u00fcr Blogger, die ich auf meiner Website verwenden kann, um mehr Verk\u00e4ufe zu erzielen?<\/h3>\r\n\r\n\t\t\t\t\t\t<div class=\"faq-item-question-icon\"><\/div>\r\n\t\t\t\t\t<\/div>\r\n\r\n\t\t\t\t\t<div class=\"faq-item-answer\">\r\n\t\t\t\t\t\t<div class=\"faq-item-answer-text\">Wir k\u00f6nnen Ihnen viele Plugins f\u00fcr jede Art von Aufgabe zur Verf\u00fcgung stellen auf Ihrer Website. Hier sind nur einige Beispiele: <a href=\"https:\/\/elfsight.com\/google-reviews-widget\/blogger\/\" target=\"_blank\" rel=\"noopener\">Google Reviews<\/a>, <a href=\"https:\/\/elfsight.com\/whatsapp-chat-widget\/blogger\/\" target=\"_blank\" rel=\"noopener\">WhatsApp-Chat<\/a>, <a href=\"https:\/\/elfsight.com\/event-calendar-widget\/blogger\/\" target=\"_blank\" rel=\"noopener\">Event Calendar<\/a>, <a href=\"https:\/\/elfsight.com\/countdown-timer-widget\/blogger\/\" target=\"_blank\" rel=\"noopener\">Countdown-Timer<\/a>, <a href=\"https:\/\/elfsight.com\/qr-code-widget\/blogger\/\" target=\"_blank\" rel=\"noopener\"> QR-Code<\/a>. <\/div>\r\n\t\t\t\t\t<\/div>\r\n\t\t\t\t<\/div><div class=\"faq-item\">\r\n\t\t\t\t\t<div class=\"faq-item-question\">\r\n\t\t\t\t\t\t<h3 class=\"faq-item-question-text\">Wie kann ich mit den Gesch\u00e4ftszeiten auf der Blogger-Website Ergebnisse erzielen?<\/h3>\r\n\r\n\t\t\t\t\t\t<div class=\"faq-item-question-icon\"><\/div>\r\n\t\t\t\t\t<\/div>\r\n\r\n\t\t\t\t\t<div class=\"faq-item-answer\">\r\n\t\t\t\t\t\t<div class=\"faq-item-answer-text\">Sie haben viele M\u00f6glichkeiten, die Konversionsraten und Verkaufszahlen zu verbessern, indem Sie ein Plugin f\u00fcr die Gesch\u00e4ftszeiten hinzuf\u00fcgen. Mit den Vorlagen von Elfsight f\u00fcr dieses bemerkenswerte Plugin f\u00fcr Websites k\u00f6nnen Sie eine individuelle Gesch\u00e4ftsstrategie entwickeln. Sie k\u00f6nnen entweder erweiterte Informationen zu Ihren Betriebszeiten und Tools anzeigen, um mit Ihnen zu sprechen, oder einfach eine minimalistische Betriebsstatusleiste einbetten. Sie k\u00f6nnen mit Ihrem Business Hours-Plugin Kontaktkarten erstellen und diese zu bevorzugten Website-Bereichen hinzuf\u00fcgen, um Aufmerksamkeit zu erregen und das Publikum \u00fcber Ihre Aktivit\u00e4ten zu informieren. <\/div>\r\n\t\t\t\t\t<\/div>\r\n\t\t\t\t<\/div><div class=\"faq-item\">\r\n\t\t\t\t\t<div class=\"faq-item-question\">\r\n\t\t\t\t\t\t<h3 class=\"faq-item-question-text\">Wie binde ich das Business Hours-Plugin kostenlos in Blogger-Websites ein?<\/h3>\r\n\r\n\t\t\t\t\t\t<div class=\"faq-item-question-icon\"><\/div>\r\n\t\t\t\t\t<\/div>\r\n\r\n\t\t\t\t\t<div class=\"faq-item-answer\">\r\n\t\t\t\t\t\t<div class=\"faq-item-answer-text\">Das Einbetten eines Business Hours-Plugins in Ihre Blogger-Website ist eine einfache M\u00f6glichkeit, mit Kunden zu kommunizieren und sie \u00fcber Ihre Bereitschaft zu informieren, Verk\u00e4ufe sicherzustellen oder Dienstleistungen erbringen. Wir bieten einige Tutorials zum Hinzuf\u00fcgen des No-Code-Betriebsstunden-Plugins zu Ihrer Website an. <ol><li>Um Elfsight-Gesch\u00e4ftszeiten in Blogger einzubetten, gehen Sie zur Elfsight-Website und melden Sie sich an. <\/li><li>Erstellen Sie die kostenlosen Business Hours ohne Code, indem Sie deren Aussehen und Einstellungen an das Design Ihrer Blogger-Website anpassen. <\/li><li>Nachdem Sie Ihre Gesch\u00e4ftszeiten festgelegt haben, kopieren Sie das spezielle Code-Snippet und f\u00fcgen Sie es in den HTML-Code Ihrer Blogger-Website ein, wo das Plugin angezeigt werden soll. <\/li><\/ol>Durch das Einf\u00fcgen Ihrer Gesch\u00e4ftszeiten in Ihre Blogger-Website erh\u00f6hen Sie deren visuelle Anziehungskraft und steigern die kontinuierliche Kundenbindung. Entdecken Sie die Vorteile der f\u00fcr Sie kostenlosen Elfsight-Gesch\u00e4ftszeiten! <\/div>\r\n\t\t\t\t\t<\/div>\r\n\t\t\t\t<\/div><\/div><\/div> <div class=\"application-platform-content-item-features application-platform-content-item\" id=\"features\" data-nav-section=\"features\"> <h2>\u00dcberpr\u00fcfen Sie die Liste der leistungsst\u00e4rksten Funktionen:<\/h2> <ul><li>Pr\u00e4sentieren Sie die Echtzeitverf\u00fcgbarkeit Ihres Unternehmens<\/li><li>Einfache Anpassung der Bedienrahmen<\/li><li>Konfiguration spezieller Tage<\/li><li>Aktuelle Gesch\u00e4ftsaktivit\u00e4tsanzeige<\/li><li>Einf\u00fcgbares Diagramm oder platzsparender Status<\/li><\/ul><p><a href=\"#demo\">Die volle Funktionalit\u00e4t des Widgets erfahren Sie jetzt in der Demo<\/a><\/p><\/div> <div class=\"application-platform-content-item-installation application-platform-content-item\" id=\"installation\" data-nav-section=\"installation\"> <h2>Wie kann ich Gesch\u00e4ftszeiten in meine Blogger-Website integrieren?<\/h2> <p>Befolgen Sie einfach die nachstehenden Anweisungen zum Plugin mit Ihren Arbeitsschichten. <\/p> <ol><li><b>Nutzen Sie unsere Demo und beginnen Sie mit der Entwicklung Ihres ma\u00dfgeschneiderten No-Code-Plugins. <\/b><br> Bestimmen Sie das bevorzugte Aussehen und die Funktionen des Plugins und speichern Sie die Korrekturen. <\/li> <li><b>Erhalten Sie Ihren pers\u00f6nlichen Einbettungscode, der im Feld von Elfsight Apps angezeigt wird. <\/b><br> Kopieren Sie unmittelbar nach der Einrichtung Ihrer L\u00f6sung f\u00fcr Aktivit\u00e4tsstunden ohne Code den exklusiven Code aus dem angezeigten Fenster und speichern Sie ihn f\u00fcr die zuk\u00fcnftige Verwendung. <\/li> <li><b>Initiieren Sie die Einbettung des Plugins auf der Blogger-Webseite. <\/b><br> Platzieren Sie den k\u00fcrzlich kopierten Code auf Ihrer Website und \u00fcbernehmen Sie die \u00c4nderungen. <\/li> <li><b>Die Einrichtung Ihrer Betriebszeiten ist vollst\u00e4ndig abgeschlossen. <\/b><br> Besuchen Sie Ihre Website, um in Aktion zu sehen, wie das Plugin f\u00fcr hinzugef\u00fcgte Betriebsstunden funktioniert. <\/li><\/ol> <p>Wenn Sie mit Anfragen konfrontiert werden oder auf Probleme sto\u00dfen, wenden Sie sich bitte an unseren Kundendienst. Unsere Berater sind bestrebt, alle Probleme zu l\u00f6sen, die Sie m\u00f6glicherweise mit dem Produkt f\u00fcr Blogger haben. <\/p> <\/div>\n","protected":false},"excerpt":{"rendered":"","protected":false},"author":9,"featured_media":0,"parent":7446,"menu_order":0,"comment_status":"closed","ping_status":"closed","template":"templates\/template-application-platform.php","meta":{"publish_to_discourse":"","publish_post_category":"","wpdc_auto_publish_overridden":"","wpdc_topic_tags":"","wpdc_pin_topic":"","wpdc_pin_until":"","discourse_post_id":"","discourse_permalink":"","wpdc_publishing_response":"","wpdc_publishing_error":"","footnotes":""},"class_list":["post-8233","page","type-page","status-publish","hentry"],"yoast_head":"<!-- This site is optimized with the Yoast SEO plugin v25.3.1 - https:\/\/yoast.com\/wordpress\/plugins\/seo\/ -->\n<title>Gesch\u00e4ftszeiten zu Blogger hinzuf\u00fcgen \u2013 Arbeitszeiten auf der Website einbetten<\/title>\n<meta name=\"description\" content=\"F\u00fcgen Sie in Blogger ein anpassbares Gesch\u00e4ftszeiten-Widget hinzu, um Ihren Arbeitsstatus zu teilen. Gestalten Sie Ihre eigenen Arbeitszeiten anhand der Demo.\" \/>\n<meta name=\"robots\" content=\"index, follow, max-snippet:-1, max-image-preview:large, max-video-preview:-1\" \/>\n<link rel=\"canonical\" href=\"https:\/\/elfsight.com\/de\/business-hours-widget\/blogger\/\" \/>\n<meta property=\"og:locale\" content=\"de_DE\" \/>\n<meta property=\"og:type\" content=\"article\" \/>\n<meta property=\"og:title\" content=\"Gesch\u00e4ftszeiten zu Blogger hinzuf\u00fcgen \u2013 Arbeitszeiten auf der Website einbetten\" \/>\n<meta property=\"og:description\" content=\"F\u00fcgen Sie in Blogger ein anpassbares Gesch\u00e4ftszeiten-Widget hinzu, um Ihren Arbeitsstatus zu teilen. Gestalten Sie Ihre eigenen Arbeitszeiten anhand der Demo.\" \/>\n<meta property=\"og:url\" content=\"https:\/\/elfsight.com\/de\/business-hours-widget\/blogger\/\" \/>\n<meta property=\"og:site_name\" content=\"Elfsight DE\" \/>\n<meta property=\"article:modified_time\" content=\"2025-02-21T06:04:25+00:00\" \/>\n<meta name=\"twitter:card\" content=\"summary_large_image\" \/>\n<meta name=\"twitter:label1\" content=\"Gesch\u00e4tzte Lesezeit\" \/>\n\t<meta name=\"twitter:data1\" content=\"5\u00a0Minuten\" \/>\n<!-- \/ Yoast SEO plugin. -->","yoast_head_json":{"title":"Gesch\u00e4ftszeiten zu Blogger hinzuf\u00fcgen \u2013 Arbeitszeiten auf der Website einbetten","description":"F\u00fcgen Sie in Blogger ein anpassbares Gesch\u00e4ftszeiten-Widget hinzu, um Ihren Arbeitsstatus zu teilen. Gestalten Sie Ihre eigenen Arbeitszeiten anhand der Demo.","robots":{"index":"index","follow":"follow","max-snippet":"max-snippet:-1","max-image-preview":"max-image-preview:large","max-video-preview":"max-video-preview:-1"},"canonical":"https:\/\/elfsight.com\/de\/business-hours-widget\/blogger\/","og_locale":"de_DE","og_type":"article","og_title":"Gesch\u00e4ftszeiten zu Blogger hinzuf\u00fcgen \u2013 Arbeitszeiten auf der Website einbetten","og_description":"F\u00fcgen Sie in Blogger ein anpassbares Gesch\u00e4ftszeiten-Widget hinzu, um Ihren Arbeitsstatus zu teilen. Gestalten Sie Ihre eigenen Arbeitszeiten anhand der Demo.","og_url":"https:\/\/elfsight.com\/de\/business-hours-widget\/blogger\/","og_site_name":"Elfsight DE","article_modified_time":"2025-02-21T06:04:25+00:00","twitter_card":"summary_large_image","twitter_misc":{"Gesch\u00e4tzte Lesezeit":"5\u00a0Minuten"},"schema":{"@context":"https:\/\/schema.org","@graph":[{"@type":"WebPage","@id":"https:\/\/elfsight.com\/de\/business-hours-widget\/blogger\/","url":"https:\/\/elfsight.com\/de\/business-hours-widget\/blogger\/","name":"Gesch\u00e4ftszeiten zu Blogger hinzuf\u00fcgen \u2013 Arbeitszeiten auf der Website einbetten","isPartOf":{"@id":"https:\/\/elfsight.com\/de\/#website"},"datePublished":"2024-05-03T06:31:07+00:00","dateModified":"2025-02-21T06:04:25+00:00","description":"F\u00fcgen Sie in Blogger ein anpassbares Gesch\u00e4ftszeiten-Widget hinzu, um Ihren Arbeitsstatus zu teilen. Gestalten Sie Ihre eigenen Arbeitszeiten anhand der Demo.","breadcrumb":{"@id":"https:\/\/elfsight.com\/de\/business-hours-widget\/blogger\/#breadcrumb"},"inLanguage":"de","potentialAction":[{"@type":"ReadAction","target":["https:\/\/elfsight.com\/de\/business-hours-widget\/blogger\/"]}]},{"@type":"BreadcrumbList","@id":"https:\/\/elfsight.com\/de\/business-hours-widget\/blogger\/#breadcrumb","itemListElement":[{"@type":"ListItem","position":1,"name":"Home","item":"https:\/\/elfsight.com\/de\/"},{"@type":"ListItem","position":2,"name":"Business Hours","item":"https:\/\/elfsight.com\/de\/business-hours-widget\/"},{"@type":"ListItem","position":3,"name":"Business Hours &#8211; Blogger"}]},{"@type":"WebSite","@id":"https:\/\/elfsight.com\/de\/#website","url":"https:\/\/elfsight.com\/de\/","name":"Elfsight DE","description":"Just another Elfsight Sites site","potentialAction":[{"@type":"SearchAction","target":{"@type":"EntryPoint","urlTemplate":"https:\/\/elfsight.com\/de\/?s={search_term_string}"},"query-input":{"@type":"PropertyValueSpecification","valueRequired":true,"valueName":"search_term_string"}}],"inLanguage":"de"}]}},"meta_box":{"industry":"","seo_heading":"","heading":"","description":"","cta_heading":"","cta_description":"","application":"7437","h1":"Widget \u201eBigCommerce-Gesch\u00e4ftszeiten\u201c.","h1_caption":"Zeigen Sie Ihre Gesch\u00e4ftszeiten in einem klaren und attraktiven Format an, um Besucher m\u00fchelos \u00fcber Ihre Verf\u00fcgbarkeit auf Ihrer Blogger-Website zu informieren.","application_category":[],"applications_title":"","applications_request_title":"","applications_request_button_text":"","hero_text":"","hero_video":"","hero_video_schema_markup":"","selling_points_title":"","selling_points_caption":"","selling_points":[],"selling_points_cta_text":"","features_title":"","features":"","ed_cta_examples_text":"","ed_cta_examples_hidden":"","ed_cta_demo_text":"","ed_cta_demo_hidden":"","why_caption":"","why_editor_title":"","why_editor_text":"","why_team_title":"","why_team_text":"","why_service_title":"","why_service_text":"","template_catalog_visible":"0","template_catalog_title":"","template_catalog_text":"","template_catalog_categories_visible":"","demo_title":"Erstellen Sie Ihr Gesch\u00e4ftszeiten-Widget","demo_caption":"Konfigurieren Sie Ihre Gesch\u00e4ftszeiten und f\u00fcgen Sie sie kostenlos zu Ihrer Blogger-Website hinzu!","default_faq_hidden":"","app_template_category":[],"platform":"262","template_public_id":"","codecanyon_url":"","codecanyon_item_id":"","codecanyon_price":"","pricing_caption":"","pricing_elfsight_apps_hide_column":"","pricing_elfsight_apps_url":"","pricing_codecanyon_price_caption":"","integration_category":[],"integration_request_title":"","integration_request_cta":"","integration_platform":"","integrations":[],"platform_category":[],"video_schema_markup":"","price":"ab 0 $ \/ Monat","trial":"","benefits":[{"text":"Kostenloser Installationsservice"},{"text":"Au\u00dfergew\u00f6hnlicher Support"},{"text":"14-t\u00e4gige Geld-zur\u00fcck-Garantie"},{"text":"St\u00e4ndige Aktualisierung"}],"button_url":"#demo","button_target_blank":"0","button_nofollow":"0","attributes":[{"name":"Installiert","content":"10,000 - 100,000"},{"name":"Reaktionsfreudig","content":"Ja"},{"name":"Kompatible Browser","content":"Firefox, Safari, Opera, Chrome, Edge"}],"tags":[],"tags_disable_links":"0","hide_more_platforms":"0","video_object":"","demo_hide_cta":"0","demo_hide_cloud_options":"0","pricing_title":"","pricing":[{"pricing_icon":"platform","pricing_title":"Elfsight Apps","pricing_title_caption":"Plattformunabh\u00e4ngige digitale L\u00f6sung, die auf jeder Website funktioniert","pricing_price":"ab 0 $ \/ Monat","pricing_price_caption":"Beginnen Sie mit einem kostenlosen Plan","pricing_benefits":[{"text":"Unbegrenzte Domains"},{"text":"Kostenloser Support"},{"text":"Kostenlose Installationshilfe"},{"text":"100 % anpassbar"}],"pricing_button_text":"Zur Website hinzuf\u00fcgen","pricing_button_url":"#demo"}],"related_apps_title":"","related_apps_hidden":"0","author":"","image":[],"title":"","job":"","social_networks":[]},"_links":{"self":[{"href":"https:\/\/elfsight.com\/de\/wp-json\/wp\/v2\/pages\/8233","targetHints":{"allow":["GET"]}}],"collection":[{"href":"https:\/\/elfsight.com\/de\/wp-json\/wp\/v2\/pages"}],"about":[{"href":"https:\/\/elfsight.com\/de\/wp-json\/wp\/v2\/types\/page"}],"author":[{"embeddable":true,"href":"https:\/\/elfsight.com\/de\/wp-json\/wp\/v2\/users\/9"}],"replies":[{"embeddable":true,"href":"https:\/\/elfsight.com\/de\/wp-json\/wp\/v2\/comments?post=8233"}],"version-history":[{"count":2,"href":"https:\/\/elfsight.com\/de\/wp-json\/wp\/v2\/pages\/8233\/revisions"}],"predecessor-version":[{"id":24603,"href":"https:\/\/elfsight.com\/de\/wp-json\/wp\/v2\/pages\/8233\/revisions\/24603"}],"up":[{"embeddable":true,"href":"https:\/\/elfsight.com\/de\/wp-json\/wp\/v2\/pages\/7446"}],"wp:attachment":[{"href":"https:\/\/elfsight.com\/de\/wp-json\/wp\/v2\/media?parent=8233"}],"curies":[{"name":"wp","href":"https:\/\/api.w.org\/{rel}","templated":true}]}}