{"id":8228,"date":"2024-05-03T06:31:06","date_gmt":"2024-05-03T06:31:06","guid":{"rendered":"https:\/\/elfsight.com\/de\/?page_id=8228"},"modified":"2025-02-21T06:40:57","modified_gmt":"2025-02-21T06:40:57","slug":"woocommerce","status":"publish","type":"page","link":"https:\/\/elfsight.com\/de\/business-hours-widget\/woocommerce\/","title":{"rendered":"Business Hours &#8211; WooCommerce"},"content":{"rendered":"\n<div class=\"application-platform-content-item-description application-platform-content-item\" id=\"description\" data-nav-section=\"description\"> <h2>Einbetten von Gesch\u00e4ftszeiten in WooCommerce mit einem Elfsight-Widget<\/h2> <p>Elfsight Gesch\u00e4ftszeiten f\u00fcr WooCommerce ist ein einfaches Widget ohne Code, das dies erm\u00f6glicht Sie k\u00f6nnen eine auff\u00e4llige Visitenkarte mit den wichtigsten Informationen zu Ihrer Arbeit erstellen. Sie k\u00f6nnen Informationen zu Ihrem aktuellen Gesch\u00e4ftsstatus hinzuf\u00fcgen und Kontakte f\u00fcr Ihre Zielgruppe innerhalb des Widgets aktivieren. Mit dem Widget k\u00f6nnen Sie benutzerfreundliche Designs erstellen, sodass die Besucher schnell alle erforderlichen Daten kurz oder detaillierter erkunden k\u00f6nnen. <\/p><p>Das bemerkenswerte Widget enth\u00e4lt eine Reihe von Vorlagen, sodass Sie die beste Option f\u00fcr Ihre Website ausw\u00e4hlen k\u00f6nnen. Jede Vorlage verf\u00fcgt \u00fcber anpassbare Einstellungen, mit denen Sie eine pers\u00f6nliche L\u00f6sung mit den erforderlichen Optionen wie Bestell- und Registrierungsschaltfl\u00e4chen erstellen k\u00f6nnen, die den Umsatz steigern. Die Integration der Arbeitszeiten und der Kontaktdaten Ihrer Organisation in Ihre Website-Seiten ist mit Elfsight, das leicht verst\u00e4ndliche Tutorials und Anweisungen bietet, ganz einfach. Jeder Benutzer kann das Widget \u201eGesch\u00e4ftszeiten\u201c ohne Code kostenlos entwickeln und hinzuf\u00fcgen.<\/p> <p><b>F\u00fcgen Sie Gesch\u00e4ftsdetails zu Ihrer Website hinzu, um den Umsatz und die Glaubw\u00fcrdigkeit der Kunden zu steigern. Stellen Sie wichtige Informationen zu Ihren Arbeitszeiten \u00fcbersichtlich dar. <\/b><\/p> <p>Mit diesem Widget, das Ihrer WooCommerce-Website hinzugef\u00fcgt wird, k\u00f6nnen Sie Ihr Publikum st\u00e4rker auf Ihre Gesch\u00e4ftsaktivit\u00e4ten aufmerksam machen und h\u00f6here Verk\u00e4ufe erzielen. Achten Sie auf einige der gr\u00f6\u00dften positiven Ergebnisse f\u00fcr Ihre Website, nachdem Sie das No-Code-Working-Frames-Widget darin eingebettet haben. <\/p><ul><li><b>Helfen Sie den Kunden, immer p\u00fcnktlich zu sein. <\/b> Steigern Sie den Umsatz und seien Sie gleichzeitig sicher zu den angegebenen Arbeitszeiten da. Ihre Website-Besucher werden Ihre Verf\u00fcgbarkeitszeiten bemerken und sich st\u00e4rker davon \u00fcberzeugen lassen, bei Bedarf einen erfolgreichen Kauf zu t\u00e4tigen. <\/li><li><b>Vermeiden Sie Missverst\u00e4ndnisse bez\u00fcglich Ihrer Arbeitszeiten. <\/b> Wenn Sie den Besuchern auf der Website Ihre klaren Arbeitszeiten anzeigen, werden sie Ihrer Marke treuer. <\/li><li><b>Kontaktdaten \u00fcbersichtlich darstellen. <\/b> Durch das Hinzuf\u00fcgen der Kontaktdaten zu Ihrem No-Code-Widget f\u00fcr die Gesch\u00e4ftszeiten k\u00f6nnen Sie eine bessere Kommunikation mit Ihren Kunden aufbauen und den Umsatz steigern. Zeigen Sie, dass Sie bereit sind, auf ihre Bedenken bez\u00fcglich Ihrer Produkte und Dienstleistungen einzugehen, was zu mehr Vertrauen und Respekt f\u00fchrt. <\/li><\/ul><div class=\"faq\" data-component=\"FAQ\"><div class=\"faq-item\">\r\n\t\t\t\t\t<div class=\"faq-item-question\">\r\n\t\t\t\t\t\t<h3 class=\"faq-item-question-text\">Gibt es noch andere Plugins f\u00fcr WooCommerce, die ich auf meiner Website verwenden kann?<\/h3>\r\n\r\n\t\t\t\t\t\t<div class=\"faq-item-question-icon\"><\/div>\r\n\t\t\t\t\t<\/div>\r\n\r\n\t\t\t\t\t<div class=\"faq-item-answer\">\r\n\t\t\t\t\t\t<div class=\"faq-item-answer-text\">Wir k\u00f6nnen Ihnen viele Plugins zur Verf\u00fcgung stellen, mit denen Sie jedes Ziel auf Ihrer Website erreichen k\u00f6nnen Website. \u00dcberpr\u00fcfen Sie bitte diese Plugins: <a href=\"https:\/\/elfsight.com\/google-reviews-widget\/woocommerce\/\" target=\"_blank\" rel=\"noopener\">Google Reviews<\/a>, <a href=\"\/\/elfsight.com\/whatsapp-chat-widget\/woocommerce\/\" target=\"_blank\" rel=\"noopener\">WhatsApp-Chat<\/a>, <a href=\"https:\/\/elfsight.com\/event-calendar-widget\/woocommerce\/\" target=\"_blank\" rel=\"noopener\">Veranstaltungskalender<\/a>, <a href=\"https:\/\/elfsight.com\/countdown-timer-widget\/woocommerce\/\" target=\"_blank\" rel=\"noopener\">Countdown-Timer<\/a>, <a href=\"https:\/\/elfsight.com\/qr-code-widget\/woocommerce\/\" target=\"_blank\" rel=\"noopener\">QR Code<\/a>. <\/div>\r\n\t\t\t\t\t<\/div>\r\n\t\t\t\t<\/div><div class=\"faq-item\">\r\n\t\t\t\t\t<div class=\"faq-item-question\">\r\n\t\t\t\t\t\t<h3 class=\"faq-item-question-text\">Wie kann ich von den Gesch\u00e4ftszeiten auf der WooCommerce-Website profitieren?<\/h3>\r\n\r\n\t\t\t\t\t\t<div class=\"faq-item-question-icon\"><\/div>\r\n\t\t\t\t\t<\/div>\r\n\r\n\t\t\t\t\t<div class=\"faq-item-answer\">\r\n\t\t\t\t\t\t<div class=\"faq-item-answer-text\">Sie haben Zugriff auf viele Szenarien, um Erfolgsstatistiken und Verkaufsergebnisse zu verbessern, indem Sie ein Gesch\u00e4ftszeiten-Plugin hinzuf\u00fcgen. Mit den Vorlagen von Elfsight f\u00fcr dieses wunderbare Plugin f\u00fcr Websites ist es m\u00f6glich, individuelle Gesch\u00e4ftstaktiken zu entdecken. Sie k\u00f6nnen entweder erweiterte Informationen zu Ihren Betriebszeiten anzeigen oder einfach ein kompaktes Popup mit dem aktuellen Status einbetten. Sie k\u00f6nnen mit Ihrem Business Hours-Plugin Kontaktkarten erstellen und diese an bevorzugten Standorten auf der Website hinzuf\u00fcgen, um Aufmerksamkeit zu erregen und die Kunden \u00fcber Ihre Aktivit\u00e4ten zu informieren. <\/div>\r\n\t\t\t\t\t<\/div>\r\n\t\t\t\t<\/div><div class=\"faq-item\">\r\n\t\t\t\t\t<div class=\"faq-item-question\">\r\n\t\t\t\t\t\t<h3 class=\"faq-item-question-text\">Wie binde ich Business Hours ohne Code kostenlos in WooCommerce-Websites ein?<\/h3>\r\n\r\n\t\t\t\t\t\t<div class=\"faq-item-question-icon\"><\/div>\r\n\t\t\t\t\t<\/div>\r\n\r\n\t\t\t\t\t<div class=\"faq-item-answer\">\r\n\t\t\t\t\t\t<div class=\"faq-item-answer-text\">Das Einbetten eines Business Hours-Plugins in Ihre WooCommerce-Website ist eine perfekte M\u00f6glichkeit, mit Kunden zu kommunizieren und sie \u00fcber Ihre Verf\u00fcgbarkeit zu informieren den Verkauf sicherstellen oder Dienstleistungen erbringen. Hier finden Sie kurze Anleitungen zum Hinzuf\u00fcgen des Betriebsstunden-Plugins zu Ihrer Website. <ol><li>Wenn Sie Elfsight Business Hours kostenlos in WooCommerce einbetten m\u00fcssen, gehen Sie zur Elfsight-Website und melden Sie sich an. <\/li><li>Erstellen Sie das kostenlose No-Code-Plugin f\u00fcr Betriebszeiten, indem Sie dessen Erscheinungsbild und Einstellungen an den Stil Ihrer WooCommerce-Website anpassen. <\/li><li>Nachdem Sie Ihre Gesch\u00e4ftszeiten festgelegt haben, kopieren Sie den Code und f\u00fcgen Sie ihn in Ihre WooCommerce-Website ein, wo das Plugin funktionieren soll. <\/li><\/ol>Durch das Einf\u00fcgen Ihrer Gesch\u00e4ftszeiten in Ihre WooCommerce-Website steigern Sie auf jeden Fall die kontinuierliche Besuchereinbindung. Entdecken Sie die Vorteile der f\u00fcr Sie kostenlosen Elfsight-Gesch\u00e4ftszeiten! <\/div>\r\n\t\t\t\t\t<\/div>\r\n\t\t\t\t<\/div><\/div><\/div> <div class=\"application-platform-content-item-features application-platform-content-item\" id=\"features\" data-nav-section=\"features\"> <h2>Die grundlegenden Widget-Funktionen bieten<\/h2> <ul><li>Zeigen Sie den Echtzeitstatus Ihres Unternehmens an<\/li><li>Benutzerfreundliche Arbeitsrahmenanpassung<\/li><li>Besondere Ereignisse konfigurieren<\/li><li>Echtzeit-Situationsstatus<\/li><li>Integrierbares Diagramm oder kompakter Status<\/li><\/ul> <p><a href=\"#demo\">Testen Sie alle Anpassungsoptionen in einer Demo mit vollem Funktionsumfang<\/a><\/p><\/div> <div class=\"application-platform-content-item-installation application-platform-content-item\" id=\"installation\" data-nav-section=\"installation\"> <h2>Wie kann ich Business einbetten? Stunden in meine WooCommerce-Website?<\/h2> <p>F\u00fchren Sie einfach die folgenden Richtlinien f\u00fcr die App mit Ihrer Aktivit\u00e4tszeit aus. <\/p> <ol><li><b>Verwalten Sie unseren Editor und beginnen Sie mit der Erstellung Ihres einzigartigen Plugins. <\/b><br> W\u00e4hlen Sie das ausgew\u00e4hlte Aussehen und die ausgew\u00e4hlten Funktionen des Plugins und speichern Sie die \u00c4nderungen. <\/li> <li><b>Kopieren Sie Ihren pers\u00f6nlichen Code, der im speziellen Formular auf Elfsight Apps erscheint. <\/b><br> Nachdem die Erstellung Ihrer L\u00f6sung f\u00fcr Aktivit\u00e4tsstunden ohne Code abgeschlossen ist, kopieren Sie den pers\u00f6nlichen Code aus dem angezeigten Feld und speichern Sie ihn zur sp\u00e4teren Verwendung. <\/li> <li><b>Erste Schritte mit der Verwendung des Plugins auf der WooCommerce-Website. <\/b><br> Betten Sie den Code, den Sie zuvor gespeichert haben, in Ihre Website ein und \u00fcbernehmen Sie die \u00c4nderungen. <\/li> <li><b>Fertig! Die Einrichtung Ihrer Gesch\u00e4ftszeiten ist vollst\u00e4ndig abgeschlossen. <\/b><br> Besuchen Sie Ihre Website, um die Funktion der App f\u00fcr hinzugef\u00fcgte Betriebsstunden zu \u00fcberpr\u00fcfen. <\/li><\/ol> <p>Falls Sie auf Probleme sto\u00dfen, wenden Sie sich bitte an unsere Support-Mitarbeiter. Unsere Berater l\u00f6sen gerne alle Schwierigkeiten, die Sie mit dem Plugin f\u00fcr WooCommerce haben. <\/p><\/div>\n","protected":false},"excerpt":{"rendered":"","protected":false},"author":9,"featured_media":0,"parent":7446,"menu_order":0,"comment_status":"closed","ping_status":"closed","template":"templates\/template-application-platform.php","meta":{"publish_to_discourse":"","publish_post_category":"","wpdc_auto_publish_overridden":"","wpdc_topic_tags":"","wpdc_pin_topic":"","wpdc_pin_until":"","discourse_post_id":"","discourse_permalink":"","wpdc_publishing_response":"","wpdc_publishing_error":"","footnotes":""},"class_list":["post-8228","page","type-page","status-publish","hentry"],"yoast_head":"<!-- This site is optimized with the Yoast SEO plugin v25.3.1 - https:\/\/yoast.com\/wordpress\/plugins\/seo\/ -->\n<title>F\u00fcgen Sie WooCommerce Gesch\u00e4ftszeiten hinzu \u2013 Integrieren Sie ein kostenloses Widget auf der Website<\/title>\n<meta name=\"description\" content=\"F\u00fcgen Sie auf WooCommerce ein anpassbares Gesch\u00e4ftszeiten-Widget hinzu, um Ihren Gesch\u00e4ftsstatus anzuzeigen. Erstellen Sie in der Demo Ihr pers\u00f6nliches Arbeitszeit-Widget.\" \/>\n<meta name=\"robots\" content=\"index, follow, max-snippet:-1, max-image-preview:large, max-video-preview:-1\" \/>\n<link rel=\"canonical\" href=\"https:\/\/elfsight.com\/de\/business-hours-widget\/woocommerce\/\" \/>\n<meta property=\"og:locale\" content=\"de_DE\" \/>\n<meta property=\"og:type\" content=\"article\" \/>\n<meta property=\"og:title\" content=\"F\u00fcgen Sie WooCommerce Gesch\u00e4ftszeiten hinzu \u2013 Integrieren Sie ein kostenloses Widget auf der Website\" \/>\n<meta property=\"og:description\" content=\"F\u00fcgen Sie auf WooCommerce ein anpassbares Gesch\u00e4ftszeiten-Widget hinzu, um Ihren Gesch\u00e4ftsstatus anzuzeigen. Erstellen Sie in der Demo Ihr pers\u00f6nliches Arbeitszeit-Widget.\" \/>\n<meta property=\"og:url\" content=\"https:\/\/elfsight.com\/de\/business-hours-widget\/woocommerce\/\" \/>\n<meta property=\"og:site_name\" content=\"Elfsight DE\" \/>\n<meta property=\"article:modified_time\" content=\"2025-02-21T06:40:57+00:00\" \/>\n<meta name=\"twitter:card\" content=\"summary_large_image\" \/>\n<meta name=\"twitter:label1\" content=\"Gesch\u00e4tzte Lesezeit\" \/>\n\t<meta name=\"twitter:data1\" content=\"5\u00a0Minuten\" \/>\n<!-- \/ Yoast SEO plugin. -->","yoast_head_json":{"title":"F\u00fcgen Sie WooCommerce Gesch\u00e4ftszeiten hinzu \u2013 Integrieren Sie ein kostenloses Widget auf der Website","description":"F\u00fcgen Sie auf WooCommerce ein anpassbares Gesch\u00e4ftszeiten-Widget hinzu, um Ihren Gesch\u00e4ftsstatus anzuzeigen. Erstellen Sie in der Demo Ihr pers\u00f6nliches Arbeitszeit-Widget.","robots":{"index":"index","follow":"follow","max-snippet":"max-snippet:-1","max-image-preview":"max-image-preview:large","max-video-preview":"max-video-preview:-1"},"canonical":"https:\/\/elfsight.com\/de\/business-hours-widget\/woocommerce\/","og_locale":"de_DE","og_type":"article","og_title":"F\u00fcgen Sie WooCommerce Gesch\u00e4ftszeiten hinzu \u2013 Integrieren Sie ein kostenloses Widget auf der Website","og_description":"F\u00fcgen Sie auf WooCommerce ein anpassbares Gesch\u00e4ftszeiten-Widget hinzu, um Ihren Gesch\u00e4ftsstatus anzuzeigen. Erstellen Sie in der Demo Ihr pers\u00f6nliches Arbeitszeit-Widget.","og_url":"https:\/\/elfsight.com\/de\/business-hours-widget\/woocommerce\/","og_site_name":"Elfsight DE","article_modified_time":"2025-02-21T06:40:57+00:00","twitter_card":"summary_large_image","twitter_misc":{"Gesch\u00e4tzte Lesezeit":"5\u00a0Minuten"},"schema":{"@context":"https:\/\/schema.org","@graph":[{"@type":"WebPage","@id":"https:\/\/elfsight.com\/de\/business-hours-widget\/woocommerce\/","url":"https:\/\/elfsight.com\/de\/business-hours-widget\/woocommerce\/","name":"F\u00fcgen Sie WooCommerce Gesch\u00e4ftszeiten hinzu \u2013 Integrieren Sie ein kostenloses Widget auf der Website","isPartOf":{"@id":"https:\/\/elfsight.com\/de\/#website"},"datePublished":"2024-05-03T06:31:06+00:00","dateModified":"2025-02-21T06:40:57+00:00","description":"F\u00fcgen Sie auf WooCommerce ein anpassbares Gesch\u00e4ftszeiten-Widget hinzu, um Ihren Gesch\u00e4ftsstatus anzuzeigen. Erstellen Sie in der Demo Ihr pers\u00f6nliches Arbeitszeit-Widget.","breadcrumb":{"@id":"https:\/\/elfsight.com\/de\/business-hours-widget\/woocommerce\/#breadcrumb"},"inLanguage":"de","potentialAction":[{"@type":"ReadAction","target":["https:\/\/elfsight.com\/de\/business-hours-widget\/woocommerce\/"]}]},{"@type":"BreadcrumbList","@id":"https:\/\/elfsight.com\/de\/business-hours-widget\/woocommerce\/#breadcrumb","itemListElement":[{"@type":"ListItem","position":1,"name":"Home","item":"https:\/\/elfsight.com\/de\/"},{"@type":"ListItem","position":2,"name":"Business Hours","item":"https:\/\/elfsight.com\/de\/business-hours-widget\/"},{"@type":"ListItem","position":3,"name":"Business Hours &#8211; WooCommerce"}]},{"@type":"WebSite","@id":"https:\/\/elfsight.com\/de\/#website","url":"https:\/\/elfsight.com\/de\/","name":"Elfsight DE","description":"Just another Elfsight Sites site","potentialAction":[{"@type":"SearchAction","target":{"@type":"EntryPoint","urlTemplate":"https:\/\/elfsight.com\/de\/?s={search_term_string}"},"query-input":{"@type":"PropertyValueSpecification","valueRequired":true,"valueName":"search_term_string"}}],"inLanguage":"de"}]}},"meta_box":{"industry":"","seo_heading":"","heading":"","description":"","cta_heading":"","cta_description":"","application":"7437","h1":"WooCommerce-Gesch\u00e4ftszeiten-Plugin","h1_caption":"Zeigen Sie Ihre Gesch\u00e4ftszeiten in einem klaren und attraktiven Format an, um Besucher m\u00fchelos \u00fcber Ihre Verf\u00fcgbarkeit auf Ihrer WooCommerce-Website zu informieren.","application_category":[],"applications_title":"","applications_request_title":"","applications_request_button_text":"","hero_text":"","hero_video":"","hero_video_schema_markup":"","selling_points_title":"","selling_points_caption":"","selling_points":[],"selling_points_cta_text":"","features_title":"","features":"","ed_cta_examples_text":"","ed_cta_examples_hidden":"","ed_cta_demo_text":"","ed_cta_demo_hidden":"","why_caption":"","why_editor_title":"","why_editor_text":"","why_team_title":"","why_team_text":"","why_service_title":"","why_service_text":"","template_catalog_visible":"0","template_catalog_title":"","template_catalog_text":"","template_catalog_categories_visible":"","demo_title":"Erstellen Sie Ihre Gesch\u00e4ftszeiten-App","demo_caption":"Konfigurieren Sie Ihre Gesch\u00e4ftszeiten und f\u00fcgen Sie sie kostenlos zu Ihrer WooCommerce-Website hinzu!","default_faq_hidden":"","app_template_category":[],"platform":"200","template_public_id":"","codecanyon_url":"","codecanyon_item_id":"","codecanyon_price":"","pricing_caption":"","pricing_elfsight_apps_hide_column":"","pricing_elfsight_apps_url":"","pricing_codecanyon_price_caption":"","integration_category":[],"integration_request_title":"","integration_request_cta":"","integration_platform":"","integrations":[],"platform_category":[],"video_schema_markup":"","price":"ab 0 $ \/ Monat","trial":"","benefits":[{"text":"Kostenloser Installationsservice"},{"text":"Au\u00dfergew\u00f6hnlicher Support"},{"text":"14-t\u00e4gige Geld-zur\u00fcck-Garantie"},{"text":"St\u00e4ndige Aktualisierung"}],"button_url":"#demo","button_target_blank":"0","button_nofollow":"0","attributes":[{"name":"Installiert","content":"10,000 - 100,000"},{"name":"Reaktionsfreudig","content":"Ja"},{"name":"Kompatible Browser","content":"Firefox, Safari, Opera, Chrome, Edge"}],"tags":[],"tags_disable_links":"0","hide_more_platforms":"0","video_object":"","demo_hide_cta":"0","demo_hide_cloud_options":"0","pricing_title":"","pricing":[{"pricing_icon":"platform","pricing_title":"Elfsight Apps","pricing_title_caption":"Plattform\u00fcbergreifende digitale L\u00f6sung, die f\u00fcr jede Website geeignet ist","pricing_price":"ab 0 $ \/ Monat","pricing_price_caption":"Beginnen Sie mit einem kostenlosen Plan","pricing_benefits":[{"text":"Unbegrenzte Websites"},{"text":"24\/7 und p\u00fcnktlicher Support"},{"text":"Kostenlose Installationsunterst\u00fctzung"},{"text":"Vollst\u00e4ndig anpassbar"}],"pricing_button_text":"Zur Website hinzuf\u00fcgen","pricing_button_url":"#demo"}],"related_apps_title":"","related_apps_hidden":"0","author":"","image":[],"title":"","job":"","social_networks":[]},"_links":{"self":[{"href":"https:\/\/elfsight.com\/de\/wp-json\/wp\/v2\/pages\/8228","targetHints":{"allow":["GET"]}}],"collection":[{"href":"https:\/\/elfsight.com\/de\/wp-json\/wp\/v2\/pages"}],"about":[{"href":"https:\/\/elfsight.com\/de\/wp-json\/wp\/v2\/types\/page"}],"author":[{"embeddable":true,"href":"https:\/\/elfsight.com\/de\/wp-json\/wp\/v2\/users\/9"}],"replies":[{"embeddable":true,"href":"https:\/\/elfsight.com\/de\/wp-json\/wp\/v2\/comments?post=8228"}],"version-history":[{"count":4,"href":"https:\/\/elfsight.com\/de\/wp-json\/wp\/v2\/pages\/8228\/revisions"}],"predecessor-version":[{"id":24623,"href":"https:\/\/elfsight.com\/de\/wp-json\/wp\/v2\/pages\/8228\/revisions\/24623"}],"up":[{"embeddable":true,"href":"https:\/\/elfsight.com\/de\/wp-json\/wp\/v2\/pages\/7446"}],"wp:attachment":[{"href":"https:\/\/elfsight.com\/de\/wp-json\/wp\/v2\/media?parent=8228"}],"curies":[{"name":"wp","href":"https:\/\/api.w.org\/{rel}","templated":true}]}}