{"id":8227,"date":"2024-05-03T06:31:05","date_gmt":"2024-05-03T06:31:05","guid":{"rendered":"https:\/\/elfsight.com\/de\/?page_id=8227"},"modified":"2025-02-21T06:13:53","modified_gmt":"2025-02-21T06:13:53","slug":"magento","status":"publish","type":"page","link":"https:\/\/elfsight.com\/de\/business-hours-widget\/magento\/","title":{"rendered":"Business Hours &#8211; Magento"},"content":{"rendered":"\n<div class=\"application-platform-content-item-description application-platform-content-item\" id=\"description\" data-nav-section=\"description\"> <h2>Einbetten von Business Hours in Magento mit einer Elfsight-Erweiterung<\/h2> <p>Elfsight Business Hours f\u00fcr Magento ist ein einfaches No-Code-Widget, das hilft Ihnen beim Erstellen einer auff\u00e4lligen Visitenkarte mit den wichtigsten Informationen \u00fcber Ihr Unternehmen. Sie k\u00f6nnen Informationen zu Ihrem aktuellen Verf\u00fcgbarkeitsstatus hinzuf\u00fcgen und Kontakte f\u00fcr Ihre Kunden bereitstellen. Mit dem Widget k\u00f6nnen Sie attraktive Designs erstellen, sodass die Kunden alle erforderlichen Informationen einfach kurz oder ausf\u00fchrlich erkunden k\u00f6nnen. <\/p><p>Das bemerkenswerte Widget ist mit einer Reihe von Vorlagen ausgestattet, sodass Sie die am besten geeignete Option f\u00fcr Ihre Website ausw\u00e4hlen k\u00f6nnen. Jede Vorlage bietet verschiedene Einstellungen, die Ihnen bei der Erstellung eines benutzerdefinierten Widgets mit notwendigen Optionen wie Reservierungs- und Buchungsschaltfl\u00e4chen helfen, die den Umsatz steigern. Das Einbetten der Arbeitszeiten und der Kontakte Ihres Unternehmens in Ihre Website ist \u00e4u\u00dferst einfach, da Elfsight leicht verst\u00e4ndliche Tutorials und Anleitungen bietet. Jeder Benutzer kann das Widget \u201eGesch\u00e4ftszeiten\u201c ohne Code kostenlos erstellen und hinzuf\u00fcgen.<\/p> <p><b>F\u00fcgen Sie Gesch\u00e4ftsdetails zu Ihrer Website hinzu, um die Verkaufsraten und die Kundenbindung zu steigern. Geben Sie wichtige Informationen zu Ihrer Arbeitst\u00e4tigkeit einfach an. <\/b><\/p> <p>Mit diesem in Ihre Magento-Website eingebetteten Widget k\u00f6nnen Sie Ihre Kunden besser \u00fcber Ihr Unternehmen informieren und h\u00f6here Verk\u00e4ufe erzielen. Entdecken Sie einige der gr\u00f6\u00dften Vorteile f\u00fcr Ihre Website, nachdem Sie das No-Code-Working-Frames-Widget hinzugef\u00fcgt haben. <\/p><ul><li><b>Helfen Sie den Kunden, immer p\u00fcnktlich zu sein. <\/b> Steigern Sie den Umsatz, da Sie innerhalb der entsprechenden Arbeitszeiten immer erreichbar sind. Ihre Website-Besucher sehen Ihre Betriebszeiten und werden bei Bedarf sicherer, einen erfolgreichen Kauf zu t\u00e4tigen. <\/li><li><b>Vermeiden Sie Missverst\u00e4ndnisse \u00fcber Ihre Arbeitszeiten. <\/b> Wenn Sie den Kunden auf der Website Ihre unkomplizierten Arbeitszeiten anzeigen, erh\u00f6hen Sie die Loyalit\u00e4t Ihrer Kunden zu Ihrem Unternehmen, da sie eine Reservierung oder einen Besuch bei Ihnen planen k\u00f6nnen. <\/li><li><b>Kontaktdaten komfortabel anzeigen. <\/b> Durch das Hinzuf\u00fcgen der Kontaktdaten zu Ihrem No-Code-Bedienzeiten-Widget k\u00f6nnen Sie den Verkauf beschleunigen. Zeigen Sie, dass Sie bereit sind, ihre Anfragen zu den Produkten und Dienstleistungen Ihres Unternehmens zu beantworten, was zu mehr Vertrauen und Ansehen f\u00fchrt. <\/li><\/ul><div class=\"faq\" data-component=\"FAQ\"><div class=\"faq-item\">\r\n\t\t\t\t\t<div class=\"faq-item-question\">\r\n\t\t\t\t\t\t<h3 class=\"faq-item-question-text\">Gibt es noch andere Plugins f\u00fcr Magento, die ich auf meiner Website verwenden kann, um den Umsatz zu steigern?<\/h3>\r\n\r\n\t\t\t\t\t\t<div class=\"faq-item-question-icon\"><\/div>\r\n\t\t\t\t\t<\/div>\r\n\r\n\t\t\t\t\t<div class=\"faq-item-answer\">\r\n\t\t\t\t\t\t<div class=\"faq-item-answer-text\">Wir k\u00f6nnen Ihnen viele Plugins zur Verf\u00fcgung stellen, mit denen Sie jedes Ziel erreichen k\u00f6nnen deine Seite. \u00dcberpr\u00fcfen Sie bitte diese Plugins: <a href=\"https:\/\/elfsight.com\/google-reviews-widget\/magento\/\" target=\"_blank\" rel=\"noopener\">Google Reviews<\/a>, <a href=\"\/\/elfsight.com\/whatsapp-chat-widget\/magento\/\" target=\"_blank\" rel=\"noopener\">WhatsApp-Chat<\/a>, <a href=\"https:\/\/elfsight.com\/event-calendar-widget\/magento\/\" target=\"_blank\" rel=\"noopener\">Veranstaltungskalender<\/a>, <a href=\"https:\/\/elfsight.com\/countdown-timer-widget\/magento\/\" target=\"_blank\" rel=\"noopener\">Countdown-Timer<\/a>, <a href=\"https:\/\/elfsight.com\/qr-code-widget\/magento\/\" target=\"_blank\" rel=\"noopener\">QR Code<\/a>. <\/div>\r\n\t\t\t\t\t<\/div>\r\n\t\t\t\t<\/div><div class=\"faq-item\">\r\n\t\t\t\t\t<div class=\"faq-item-question\">\r\n\t\t\t\t\t\t<h3 class=\"faq-item-question-text\">Wie kann ich mit Business Hours auf Magento Ergebnisse erzielen?<\/h3>\r\n\r\n\t\t\t\t\t\t<div class=\"faq-item-question-icon\"><\/div>\r\n\t\t\t\t\t<\/div>\r\n\r\n\t\t\t\t\t<div class=\"faq-item-answer\">\r\n\t\t\t\t\t\t<div class=\"faq-item-answer-text\">Es gibt viele Szenarien, um Konversionsraten und Verkaufszahlen durch das Hinzuf\u00fcgen eines Business Hours-Plugins zu verbessern. Mit den Vorlagen von Elfsight f\u00fcr dieses bemerkenswerte Plugin f\u00fcr Websites k\u00f6nnen Sie eine individuelle Gesch\u00e4ftstaktik ausw\u00e4hlen. Sie k\u00f6nnen entweder erweiterte Informationen zu Ihren Betriebszeiten und M\u00f6glichkeiten zur Kontaktaufnahme anzeigen oder einfach ein kompaktes Betriebsstatus-Popup einbetten. Sie k\u00f6nnen mit Ihrem \u00d6ffnungszeiten-Plugin Kontaktkarten erstellen und diese zu bevorzugten Website-Bereichen hinzuf\u00fcgen, um Aufmerksamkeit zu erregen und die Kunden \u00fcber Ihren Status zu informieren, um den Umsatz zu steigern. <\/div>\r\n\t\t\t\t\t<\/div>\r\n\t\t\t\t<\/div><div class=\"faq-item\">\r\n\t\t\t\t\t<div class=\"faq-item-question\">\r\n\t\t\t\t\t\t<h3 class=\"faq-item-question-text\">Wie binde ich Business Hours kostenlos in Magento-Websites ein?<\/h3>\r\n\r\n\t\t\t\t\t\t<div class=\"faq-item-question-icon\"><\/div>\r\n\t\t\t\t\t<\/div>\r\n\r\n\t\t\t\t\t<div class=\"faq-item-answer\">\r\n\t\t\t\t\t\t<div class=\"faq-item-answer-text\">Das Einbetten eines Business Hours-Plugins in Ihre Magento-Website dient dazu, Kunden in die Kommunikation einzubeziehen und Verk\u00e4ufe sicherzustellen. Hier finden Sie kurze Tutorials zum Hinzuf\u00fcgen des \u00d6ffnungszeiten-Plugins zu Ihrer Website. <ol><li>Um ein Elfsight Business Hours-Plugin kostenlos in Magento zu integrieren, gehen Sie auf die Elfsight-Website und erstellen Sie ein Konto. <\/li><li>Erstellen Sie das kostenlose Plugin \u201eGesch\u00e4ftszeiten\u201c, indem Sie dessen Erscheinungsbild und Einstellungen an den Stil Ihrer Magento-Website anpassen. <\/li><li>Nachdem Sie Ihre Gesch\u00e4ftszeiten angepasst haben, kopieren Sie das spezielle Code-Snippet und f\u00fcgen Sie es in Ihre Magento-Website ein, wo das Plugin angezeigt werden soll. <\/li><\/ol>Durch das Einf\u00fcgen Ihrer No-Code-Gesch\u00e4ftszeiten in Ihre Magento-Website erh\u00f6hen Sie auf jeden Fall deren visuelle Anziehungskraft und steigern die nachhaltige Kundenbindung. Erleben Sie die Vorteile der Elfsight-Gesch\u00e4ftszeiten kostenlos f\u00fcr Sie! <\/div>\r\n\t\t\t\t\t<\/div>\r\n\t\t\t\t<\/div><\/div><\/div> <div class=\"application-platform-content-item-features application-platform-content-item\" id=\"features\" data-nav-section=\"features\"> <h2>Dies sind nur einige der wertvollen Widget-Funktionen:<\/h2> <ul><li>Zeigen Sie Ihre aktuelle Verf\u00fcgbarkeit an<\/li><li>Einfache Anpassung der Arbeitsrahmen<\/li><li>Konfiguration f\u00fcr besondere Anl\u00e4sse<\/li><li>Echtzeit-Situationsstatus<\/li><li>Integrierbarer Tabellen- oder Kompaktstatus<\/li><\/ul> <p><a href=\"#demo\">Untersuchen Sie alle Anpassungsoptionen in der Demo mit vollem Funktionsumfang<\/a><\/p><\/div> <div class=\"application-platform-content-item-installation application-platform-content-item\" id=\"installation\" data-nav-section=\"installation\"> <h2>Wie kann ich Business integrieren? Stunden in meine Magento-Website?<\/h2> <p>Erf\u00fcllen Sie einfach die folgenden Richtlinien f\u00fcr das Plugin mit Ihrer Betriebszeit. <\/p> <ol><li><b>F\u00fchren Sie unseren Editor aus und beginnen Sie mit der Gestaltung Ihres eigenen Plugins. <\/b><br> Finden Sie das bevorzugte Design und die Funktionalit\u00e4t des Plugins und wenden Sie die Korrekturen an. <\/li> <li><b>Sie erhalten Ihren individuellen Einbettungscode, der im Fenster von Elfsight Apps angezeigt wird. <\/b><br> Sobald die Einrichtung Ihrer pers\u00f6nlichen L\u00f6sung f\u00fcr Aktivit\u00e4tsstunden ohne Code abgeschlossen ist, kopieren Sie den pers\u00f6nlichen Code in das angezeigte Feld und bewahren Sie ihn f\u00fcr einen sp\u00e4teren Bedarf auf. <\/li> <li><b>Initiieren Sie die Nutzung der Erweiterung auf Ihrer Magento-Site. <\/b><br> F\u00fcgen Sie den k\u00fcrzlich kopierten Code in Ihre Website ein und \u00fcbernehmen Sie die \u00c4nderungen. <\/li> <li><b>Fertig! Die Integration Ihres No-Codes in die Gesch\u00e4ftszeiten der Website ist vollst\u00e4ndig abgeschlossen. <\/b><br> Besuchen Sie Ihre Website, um die Leistung der Verl\u00e4ngerung der Betriebszeiten zu \u00fcberpr\u00fcfen. <\/li><\/ol> <p>Wenn Sie Fragen haben oder es zu Komplikationen kommt, k\u00f6nnen Sie sich gerne an unser Kundendienstteam wenden. Unsere Mitarbeiter sind bestrebt, alle Probleme zu l\u00f6sen, die Sie m\u00f6glicherweise mit der Erweiterung f\u00fcr Magento haben. <\/p><\/div>\n","protected":false},"excerpt":{"rendered":"","protected":false},"author":9,"featured_media":0,"parent":7446,"menu_order":0,"comment_status":"closed","ping_status":"closed","template":"templates\/template-application-platform.php","meta":{"publish_to_discourse":"","publish_post_category":"","wpdc_auto_publish_overridden":"","wpdc_topic_tags":"","wpdc_pin_topic":"","wpdc_pin_until":"","discourse_post_id":"","discourse_permalink":"","wpdc_publishing_response":"","wpdc_publishing_error":"","footnotes":""},"class_list":["post-8227","page","type-page","status-publish","hentry"],"yoast_head":"<!-- This site is optimized with the Yoast SEO plugin v25.3.1 - https:\/\/yoast.com\/wordpress\/plugins\/seo\/ -->\n<title>Gesch\u00e4ftszeiten zu Magento hinzuf\u00fcgen \u2013 Kostenlose Erweiterung f\u00fcr Websites einbetten<\/title>\n<meta name=\"description\" content=\"F\u00fcgen Sie Magento ein anpassbares Gesch\u00e4ftszeiten-Widget hinzu, um Ihren Gesch\u00e4ftsstatus anzuzeigen. Erstellen Sie in der Demo Ihr pers\u00f6nliches Arbeitszeit-Widget.\" \/>\n<meta name=\"robots\" content=\"index, follow, max-snippet:-1, max-image-preview:large, max-video-preview:-1\" \/>\n<link rel=\"canonical\" href=\"https:\/\/elfsight.com\/de\/business-hours-widget\/magento\/\" \/>\n<meta property=\"og:locale\" content=\"de_DE\" \/>\n<meta property=\"og:type\" content=\"article\" \/>\n<meta property=\"og:title\" content=\"Gesch\u00e4ftszeiten zu Magento hinzuf\u00fcgen \u2013 Kostenlose Erweiterung f\u00fcr Websites einbetten\" \/>\n<meta property=\"og:description\" content=\"F\u00fcgen Sie Magento ein anpassbares Gesch\u00e4ftszeiten-Widget hinzu, um Ihren Gesch\u00e4ftsstatus anzuzeigen. Erstellen Sie in der Demo Ihr pers\u00f6nliches Arbeitszeit-Widget.\" \/>\n<meta property=\"og:url\" content=\"https:\/\/elfsight.com\/de\/business-hours-widget\/magento\/\" \/>\n<meta property=\"og:site_name\" content=\"Elfsight DE\" \/>\n<meta property=\"article:modified_time\" content=\"2025-02-21T06:13:53+00:00\" \/>\n<meta name=\"twitter:card\" content=\"summary_large_image\" \/>\n<meta name=\"twitter:label1\" content=\"Gesch\u00e4tzte Lesezeit\" \/>\n\t<meta name=\"twitter:data1\" content=\"5\u00a0Minuten\" \/>\n<!-- \/ Yoast SEO plugin. -->","yoast_head_json":{"title":"Gesch\u00e4ftszeiten zu Magento hinzuf\u00fcgen \u2013 Kostenlose Erweiterung f\u00fcr Websites einbetten","description":"F\u00fcgen Sie Magento ein anpassbares Gesch\u00e4ftszeiten-Widget hinzu, um Ihren Gesch\u00e4ftsstatus anzuzeigen. Erstellen Sie in der Demo Ihr pers\u00f6nliches Arbeitszeit-Widget.","robots":{"index":"index","follow":"follow","max-snippet":"max-snippet:-1","max-image-preview":"max-image-preview:large","max-video-preview":"max-video-preview:-1"},"canonical":"https:\/\/elfsight.com\/de\/business-hours-widget\/magento\/","og_locale":"de_DE","og_type":"article","og_title":"Gesch\u00e4ftszeiten zu Magento hinzuf\u00fcgen \u2013 Kostenlose Erweiterung f\u00fcr Websites einbetten","og_description":"F\u00fcgen Sie Magento ein anpassbares Gesch\u00e4ftszeiten-Widget hinzu, um Ihren Gesch\u00e4ftsstatus anzuzeigen. Erstellen Sie in der Demo Ihr pers\u00f6nliches Arbeitszeit-Widget.","og_url":"https:\/\/elfsight.com\/de\/business-hours-widget\/magento\/","og_site_name":"Elfsight DE","article_modified_time":"2025-02-21T06:13:53+00:00","twitter_card":"summary_large_image","twitter_misc":{"Gesch\u00e4tzte Lesezeit":"5\u00a0Minuten"},"schema":{"@context":"https:\/\/schema.org","@graph":[{"@type":"WebPage","@id":"https:\/\/elfsight.com\/de\/business-hours-widget\/magento\/","url":"https:\/\/elfsight.com\/de\/business-hours-widget\/magento\/","name":"Gesch\u00e4ftszeiten zu Magento hinzuf\u00fcgen \u2013 Kostenlose Erweiterung f\u00fcr Websites einbetten","isPartOf":{"@id":"https:\/\/elfsight.com\/de\/#website"},"datePublished":"2024-05-03T06:31:05+00:00","dateModified":"2025-02-21T06:13:53+00:00","description":"F\u00fcgen Sie Magento ein anpassbares Gesch\u00e4ftszeiten-Widget hinzu, um Ihren Gesch\u00e4ftsstatus anzuzeigen. Erstellen Sie in der Demo Ihr pers\u00f6nliches Arbeitszeit-Widget.","breadcrumb":{"@id":"https:\/\/elfsight.com\/de\/business-hours-widget\/magento\/#breadcrumb"},"inLanguage":"de","potentialAction":[{"@type":"ReadAction","target":["https:\/\/elfsight.com\/de\/business-hours-widget\/magento\/"]}]},{"@type":"BreadcrumbList","@id":"https:\/\/elfsight.com\/de\/business-hours-widget\/magento\/#breadcrumb","itemListElement":[{"@type":"ListItem","position":1,"name":"Home","item":"https:\/\/elfsight.com\/de\/"},{"@type":"ListItem","position":2,"name":"Business Hours","item":"https:\/\/elfsight.com\/de\/business-hours-widget\/"},{"@type":"ListItem","position":3,"name":"Business Hours &#8211; Magento"}]},{"@type":"WebSite","@id":"https:\/\/elfsight.com\/de\/#website","url":"https:\/\/elfsight.com\/de\/","name":"Elfsight DE","description":"Just another Elfsight Sites site","potentialAction":[{"@type":"SearchAction","target":{"@type":"EntryPoint","urlTemplate":"https:\/\/elfsight.com\/de\/?s={search_term_string}"},"query-input":{"@type":"PropertyValueSpecification","valueRequired":true,"valueName":"search_term_string"}}],"inLanguage":"de"}]}},"meta_box":{"industry":"","seo_heading":"","heading":"","description":"","cta_heading":"","cta_description":"","application":"7437","h1":"Erweiterung der Magento-Gesch\u00e4ftszeiten","h1_caption":"Zeigen Sie Ihre Gesch\u00e4ftszeiten in einem klaren und attraktiven Format an, um Besucher m\u00fchelos \u00fcber Ihre Verf\u00fcgbarkeit auf Ihrer Magento-Website zu informieren.","application_category":[],"applications_title":"","applications_request_title":"","applications_request_button_text":"","hero_text":"","hero_video":"","hero_video_schema_markup":"","selling_points_title":"","selling_points_caption":"","selling_points":[],"selling_points_cta_text":"","features_title":"","features":"","ed_cta_examples_text":"","ed_cta_examples_hidden":"","ed_cta_demo_text":"","ed_cta_demo_hidden":"","why_caption":"","why_editor_title":"","why_editor_text":"","why_team_title":"","why_team_text":"","why_service_title":"","why_service_text":"","template_catalog_visible":"0","template_catalog_title":"","template_catalog_text":"","template_catalog_categories_visible":"","demo_title":"Erstellen Sie Ihre Gesch\u00e4ftszeitenverl\u00e4ngerung","demo_caption":"Konfigurieren Sie Ihre Gesch\u00e4ftszeiten und f\u00fcgen Sie sie kostenlos zu Ihrer Magento-Website hinzu!","default_faq_hidden":"","app_template_category":[],"platform":"256","template_public_id":"","codecanyon_url":"","codecanyon_item_id":"","codecanyon_price":"","pricing_caption":"","pricing_elfsight_apps_hide_column":"","pricing_elfsight_apps_url":"","pricing_codecanyon_price_caption":"","integration_category":[],"integration_request_title":"","integration_request_cta":"","integration_platform":"","integrations":[],"platform_category":[],"video_schema_markup":"","price":"ab 0 $ \/ Monat","trial":"","benefits":[{"text":"Kostenloser Installationsservice"},{"text":"Erfahrener Kundensupport"},{"text":"14-t\u00e4gige R\u00fcckerstattungsgarantie"},{"text":"Fortlaufende Entwicklung"}],"button_url":"#demo","button_target_blank":"0","button_nofollow":"0","attributes":[{"name":"Installiert","content":"10,000 - 100,000"},{"name":"Reaktionsfreudig","content":"Ja"},{"name":"Kompatible Browser","content":"Firefox, Safari, Opera, Chrome, Edge"}],"tags":[],"tags_disable_links":"0","hide_more_platforms":"0","video_object":"","demo_hide_cta":"0","demo_hide_cloud_options":"0","pricing_title":"","pricing":[{"pricing_icon":"platform","pricing_title":"Elfsight Apps","pricing_title_caption":"Multiplattform-Software, die f\u00fcr jede Website geeignet ist","pricing_price":"ab 0 $ \/ Monat","pricing_price_caption":"Beginnen Sie mit einem kostenlosen Plan","pricing_benefits":[{"text":"Unbegrenzte Websites"},{"text":"Professionelle Unterst\u00fctzung"},{"text":"Kostenlose Installationsunterst\u00fctzung"},{"text":"100 % anpassbar"}],"pricing_button_text":"Zur Website hinzuf\u00fcgen","pricing_button_url":"#demo"}],"related_apps_title":"","related_apps_hidden":"0","author":"","image":[],"title":"","job":"","social_networks":[]},"_links":{"self":[{"href":"https:\/\/elfsight.com\/de\/wp-json\/wp\/v2\/pages\/8227","targetHints":{"allow":["GET"]}}],"collection":[{"href":"https:\/\/elfsight.com\/de\/wp-json\/wp\/v2\/pages"}],"about":[{"href":"https:\/\/elfsight.com\/de\/wp-json\/wp\/v2\/types\/page"}],"author":[{"embeddable":true,"href":"https:\/\/elfsight.com\/de\/wp-json\/wp\/v2\/users\/9"}],"replies":[{"embeddable":true,"href":"https:\/\/elfsight.com\/de\/wp-json\/wp\/v2\/comments?post=8227"}],"version-history":[{"count":3,"href":"https:\/\/elfsight.com\/de\/wp-json\/wp\/v2\/pages\/8227\/revisions"}],"predecessor-version":[{"id":24611,"href":"https:\/\/elfsight.com\/de\/wp-json\/wp\/v2\/pages\/8227\/revisions\/24611"}],"up":[{"embeddable":true,"href":"https:\/\/elfsight.com\/de\/wp-json\/wp\/v2\/pages\/7446"}],"wp:attachment":[{"href":"https:\/\/elfsight.com\/de\/wp-json\/wp\/v2\/media?parent=8227"}],"curies":[{"name":"wp","href":"https:\/\/api.w.org\/{rel}","templated":true}]}}