{"id":8225,"date":"2024-05-03T06:31:03","date_gmt":"2024-05-03T06:31:03","guid":{"rendered":"https:\/\/elfsight.com\/de\/?page_id=8225"},"modified":"2025-02-21T06:05:55","modified_gmt":"2025-02-21T06:05:55","slug":"drupal","status":"publish","type":"page","link":"https:\/\/elfsight.com\/de\/business-hours-widget\/drupal\/","title":{"rendered":"Business Hours &#8211; Drupal"},"content":{"rendered":"\n<div class=\"application-platform-content-item-description application-platform-content-item\" id=\"description\" data-nav-section=\"description\"> <h2>Einbetten von Business Hours in Drupal mit einem Elfsight-Modul<\/h2> <p>Elfsight Business Hours f\u00fcr Drupal ist ein einfaches No-Code-Widget, das dies erm\u00f6glicht Wir bitten Sie, eine sch\u00f6ne Visitenkarte mit den wichtigsten Momenten Ihrer Arbeit zu entwerfen. Sie k\u00f6nnen Informationen \u00fcber Ihren aktuellen Verf\u00fcgbarkeitsstatus teilen und Kontakte f\u00fcr Ihre Kunden bereitstellen. Mit dem Widget k\u00f6nnen Sie attraktive Designs erfinden, sodass die Besucher alle ben\u00f6tigten Informationen in K\u00fcrze oder ausf\u00fchrlicher leicht finden k\u00f6nnen. <\/p><p>Das wunderbare Widget bietet eine Reihe von Vorlagen, sodass Sie die f\u00fcr Ihre Website am besten geeignete Option ausw\u00e4hlen k\u00f6nnen. Jede Vorlage enth\u00e4lt anpassbare Einstellungen, die Ihnen dabei helfen, ein pers\u00f6nliches Widget mit erforderlichen Optionen wie Bestell- und Registrierungsschaltfl\u00e4chen zu erstellen, die den Umsatz steigern. Das Hinzuf\u00fcgen der Arbeitszeiten und der Kontaktinformationen Ihres Unternehmens zu Ihrer Website ist mit Elfsight dank klarer Tutorials ganz einfach. Jeder Benutzer kann das No-Code-Widget f\u00fcr die Betriebszeiten kostenlos erstellen und einbetten.<\/p> <p><b>Verwenden Sie Gesch\u00e4ftsdaten auf Ihrer Website, um den Umsatz und die Kundenzufriedenheit zu steigern. Geben Sie wichtige Informationen zu Ihrem Arbeitsstatus ganz einfach weiter. <\/b><\/p> <p>Mit diesem in Ihre Drupal-Website eingebetteten Widget k\u00f6nnen Sie Ihre Kunden besser \u00fcber Ihren Gesch\u00e4ftsplan informieren und mehr Verk\u00e4ufe erzielen. Informieren Sie sich \u00fcber einige der wichtigsten Vorteile f\u00fcr Ihre Website, wenn Sie das No-Code-Arbeitsframes-Widget hinzuf\u00fcgen. <\/p><ul><li><b>Sorgen Sie daf\u00fcr, dass Ihre Kunden immer p\u00fcnktlich sind. <\/b> Steigern Sie den Umsatz, indem Sie w\u00e4hrend der angegebenen Arbeitszeiten st\u00e4ndig in Kontakt bleiben. Ihre Website-Besucher sehen Ihre Betriebszeiten und sind bei Bedarf entscheidungsfreudiger f\u00fcr einen erfolgreichen Kauf. <\/li><li><b>Vermeiden Sie Verwirrung bez\u00fcglich Ihrer Arbeitszeiten. <\/b> Wenn Sie den Kunden auf der Website Ihre angemessenen Arbeitszeiten zeigen, erh\u00f6hen Sie die Loyalit\u00e4t gegen\u00fcber Ihrem Unternehmen, da sie eine Buchung oder einen Besuch bei Ihnen planen k\u00f6nnen. <\/li><li><b>Kontaktinformationen sichtbar anzeigen. <\/b> Durch das Hinzuf\u00fcgen der Kontaktinformationen zu Ihrem No-Code-Widget f\u00fcr die Betriebszeiten k\u00f6nnen Sie den Umsatz steigern. Zeigen Sie, dass Sie hier sind, um auf ihre Anfragen zu den Produkten und Dienstleistungen Ihres Unternehmens zu antworten, was zu mehr Vertrauen und Anerkennung f\u00fchrt. <\/li><\/ul><div class=\"faq\" data-component=\"FAQ\"><div class=\"faq-item\">\r\n\t\t\t\t\t<div class=\"faq-item-question\">\r\n\t\t\t\t\t\t<h3 class=\"faq-item-question-text\">Gibt es noch andere Plugins f\u00fcr Drupal, die ich meiner Website hinzuf\u00fcgen kann, um den Umsatz zu steigern?<\/h3>\r\n\r\n\t\t\t\t\t\t<div class=\"faq-item-question-icon\"><\/div>\r\n\t\t\t\t\t<\/div>\r\n\r\n\t\t\t\t\t<div class=\"faq-item-answer\">\r\n\t\t\t\t\t\t<div class=\"faq-item-answer-text\">Wir k\u00f6nnen Ihnen viele Plugins zur Verf\u00fcgung stellen, mit denen Sie jede Art von Ziel erreichen k\u00f6nnen Ziel auf Ihrer Website. Zum Beispiel: <a href=\"https:\/\/elfsight.com\/google-reviews-widget\/drupal\/\" target=\"_blank\" rel=\"noopener\">Google Reviews<\/a>, <a href=\"https:\/\/elfsight.com\/whatsapp-chat-widget\/drupal\/\" target=\"_blank\" rel=\"noopener\">WhatsApp Chat<\/a>, <a href=\"https:\/\/elfsight.com\/event-calendar-widget\/drupal\/\" target=\"_blank\" rel=\"noopener\">Veranstaltungskalender<\/a>, <a href=\"https:\/\/elfsight.com\/countdown-timer-widget\/drupal\/\" target=\"_blank\" rel=\"noopener\">Countdown-Timer<\/a>, <a href=\"https:\/\/elfsight.com\/qr-code-widget\/drupal\/\" target=\"_blank\" rel=\"noopener\">QR-Code<\/a>. <\/div>\r\n\t\t\t\t\t<\/div>\r\n\t\t\t\t<\/div><div class=\"faq-item\">\r\n\t\t\t\t\t<div class=\"faq-item-question\">\r\n\t\t\t\t\t\t<h3 class=\"faq-item-question-text\">Wie kann ich mit Business Hours auf der Drupal-Website Ergebnisse erzielen?<\/h3>\r\n\r\n\t\t\t\t\t\t<div class=\"faq-item-question-icon\"><\/div>\r\n\t\t\t\t\t<\/div>\r\n\r\n\t\t\t\t\t<div class=\"faq-item-answer\">\r\n\t\t\t\t\t\t<div class=\"faq-item-answer-text\">Es gibt viele M\u00f6glichkeiten, Erfolgsraten und Verkaufsergebnisse durch das Hinzuf\u00fcgen eines Business Hours-Plugins zu verbessern. Mit den Vorlagen von Elfsight f\u00fcr dieses bemerkenswerte Plugin f\u00fcr Websites kann man eine individuelle Gesch\u00e4ftsl\u00f6sung ausw\u00e4hlen. Sie k\u00f6nnen entweder erweiterte Informationen zu Ihren Betriebszeiten anzeigen oder einfach ein kleines Aktivit\u00e4tsstatus-Popup einbetten. Sie k\u00f6nnen mit Ihrem Business Hours-Plugin Kontaktkarten erstellen und diese zur Website hinzuf\u00fcgen, um Kunden \u00fcber Ihre Aktivit\u00e4ten zu informieren. <\/div>\r\n\t\t\t\t\t<\/div>\r\n\t\t\t\t<\/div><div class=\"faq-item\">\r\n\t\t\t\t\t<div class=\"faq-item-question\">\r\n\t\t\t\t\t\t<h3 class=\"faq-item-question-text\">Wie binde ich das Business Hours-Plugin kostenlos in Drupal-Websites ein?<\/h3>\r\n\r\n\t\t\t\t\t\t<div class=\"faq-item-question-icon\"><\/div>\r\n\t\t\t\t\t<\/div>\r\n\r\n\t\t\t\t\t<div class=\"faq-item-answer\">\r\n\t\t\t\t\t\t<div class=\"faq-item-answer-text\">Das Einbetten eines Business Hours-Plugins in Ihre Drupal-Website ist eine einfache M\u00f6glichkeit, neue Kunden zu gewinnen und sie \u00fcber Ihre Verf\u00fcgbarkeit zu informieren, um Verk\u00e4ufe sicherzustellen oder Dienstleistungen anbieten. Hier finden Sie kurze Anleitungen zum Hinzuf\u00fcgen des kostenlosen \u00d6ffnungszeiten-Plugins zu Ihrer Website. <ol><li>Wenn Sie Elfsight-Gesch\u00e4ftszeiten ohne Code in Drupal integrieren m\u00fcssen, gehen Sie zur Elfsight-Website und melden Sie sich an. <\/li><li>Passen Sie das Plugin \u201eGesch\u00e4ftszeiten\u201c an, indem Sie dessen Aussehen und Einstellungen an das Design Ihrer Drupal-Website anpassen. <\/li><li>Nachdem Sie Ihre Gesch\u00e4ftszeiten angepasst haben, kopieren Sie den speziellen Code und f\u00fcgen Sie ihn in Ihre Drupal-Website ein, wo Sie das Plugin haben m\u00f6chten. <\/li><\/ol>Durch das Einf\u00fcgen Ihrer Gesch\u00e4ftszeiten in Ihre Drupal-Website verbessern Sie deren visuelles Erscheinungsbild und f\u00f6rdern eine stabile Kundenbindung. Erleben Sie die Vorteile der Elfsight Business Hours kostenlos f\u00fcr Sie! <\/div>\r\n\t\t\t\t\t<\/div>\r\n\t\t\t\t<\/div><\/div><\/div> <div class=\"application-platform-content-item-features application-platform-content-item\" id=\"features\" data-nav-section=\"features\"> <h2>Die wichtigsten Widget-Funktionen bieten<\/h2> <ul><li>Pr\u00e4sentieren Sie den aktuellen Status Ihres Unternehmens<\/li><li>Eindeutige Anpassung des Arbeitszeitraums<\/li><li>Festtagskonfiguration<\/li><li>Aktivit\u00e4tsanzeige in Echtzeit<\/li><li>Einf\u00fcgbares Raster oder platzsparender Status<\/li><\/ul><p><a href=\"#demo\">Untersuchen Sie alle Anpassungsoptionen in der Demo mit vollem Funktionsumfang<\/a><\/p><\/div> <div class=\"application-platform-content-item-installation application-platform-content-item\" id=\"installation\" data-nav-section=\"installation\"> <h2>Wie integriere ich Gesch\u00e4ftszeiten? in meine Drupal-Website integrieren?<\/h2> <p>Befolgen Sie einfach die untenstehenden Richtlinien, um das Plugin mit Ihren Betriebsverschiebungen zu verbinden. <\/p> <ol><li><b>Benutzen Sie unseren Editor und beginnen Sie mit der Gestaltung Ihres ma\u00dfgeschneiderten Plugins. <\/b><br> Suchen Sie die ausgew\u00e4hlte Schnittstelle und Aspekte des Plugins und wenden Sie die Korrekturen an. <\/li> <li><b>Sie erhalten Ihren einzigartigen Einbettungscode, der im speziellen Formular auf Elfsight Apps angezeigt wird. <\/b><br> Kopieren Sie unmittelbar nach Abschluss der Erstellung Ihrer pers\u00f6nlichen L\u00f6sung f\u00fcr Aktivit\u00e4tsstunden ohne Code den pers\u00f6nlichen Code im angezeigten Popup und speichern Sie ihn f\u00fcr die zuk\u00fcnftige Verwendung auf der Website. <\/li> <li><b>Beginnen Sie mit der Verwendung des Plugins auf Ihrer Drupal-Site. <\/b><br> Platzieren Sie den zuvor kopierten Code auf Ihrer Seite und \u00fcbernehmen Sie die Anpassungen. <\/li> <li><b>Die Einrichtung Ihrer No-Code-Gesch\u00e4ftszeiten ist vollst\u00e4ndig abgeschlossen. <\/b><br> Besuchen Sie Ihre Website, um die Leistung der hinzugef\u00fcgten Betriebsstunden zu \u00fcberpr\u00fcfen. <\/li><\/ol> <p>Sollten Sie auf Schwierigkeiten sto\u00dfen, k\u00f6nnen Sie sich gerne an unsere Kundendienstmitarbeiter wenden. Unsere Spezialisten sind bestrebt, alle Fragen zu beantworten, die Sie m\u00f6glicherweise mit der App f\u00fcr Drupal haben. <\/p><\/div>\n","protected":false},"excerpt":{"rendered":"","protected":false},"author":9,"featured_media":0,"parent":7446,"menu_order":0,"comment_status":"closed","ping_status":"closed","template":"templates\/template-application-platform.php","meta":{"publish_to_discourse":"","publish_post_category":"","wpdc_auto_publish_overridden":"","wpdc_topic_tags":"","wpdc_pin_topic":"","wpdc_pin_until":"","discourse_post_id":"","discourse_permalink":"","wpdc_publishing_response":"","wpdc_publishing_error":"","footnotes":""},"class_list":["post-8225","page","type-page","status-publish","hentry"],"yoast_head":"<!-- This site is optimized with the Yoast SEO plugin v25.3.1 - https:\/\/yoast.com\/wordpress\/plugins\/seo\/ -->\n<title>Gesch\u00e4ftszeiten zu Drupal hinzuf\u00fcgen \u2013 Arbeitszeiten f\u00fcr Websites einbetten<\/title>\n<meta name=\"description\" content=\"F\u00fcgen Sie auf Drupal ein anpassbares Gesch\u00e4ftszeiten-Widget hinzu, um Ihren Gesch\u00e4ftsstatus anzuzeigen. Gestalten Sie mit der Demo Ihr eigenes Arbeitszeit-Widget.\" \/>\n<meta name=\"robots\" content=\"index, follow, max-snippet:-1, max-image-preview:large, max-video-preview:-1\" \/>\n<link rel=\"canonical\" href=\"https:\/\/elfsight.com\/de\/business-hours-widget\/drupal\/\" \/>\n<meta property=\"og:locale\" content=\"de_DE\" \/>\n<meta property=\"og:type\" content=\"article\" \/>\n<meta property=\"og:title\" content=\"Gesch\u00e4ftszeiten zu Drupal hinzuf\u00fcgen \u2013 Arbeitszeiten f\u00fcr Websites einbetten\" \/>\n<meta property=\"og:description\" content=\"F\u00fcgen Sie auf Drupal ein anpassbares Gesch\u00e4ftszeiten-Widget hinzu, um Ihren Gesch\u00e4ftsstatus anzuzeigen. Gestalten Sie mit der Demo Ihr eigenes Arbeitszeit-Widget.\" \/>\n<meta property=\"og:url\" content=\"https:\/\/elfsight.com\/de\/business-hours-widget\/drupal\/\" \/>\n<meta property=\"og:site_name\" content=\"Elfsight DE\" \/>\n<meta property=\"article:modified_time\" content=\"2025-02-21T06:05:55+00:00\" \/>\n<meta name=\"twitter:card\" content=\"summary_large_image\" \/>\n<meta name=\"twitter:label1\" content=\"Gesch\u00e4tzte Lesezeit\" \/>\n\t<meta name=\"twitter:data1\" content=\"5\u00a0Minuten\" \/>\n<!-- \/ Yoast SEO plugin. -->","yoast_head_json":{"title":"Gesch\u00e4ftszeiten zu Drupal hinzuf\u00fcgen \u2013 Arbeitszeiten f\u00fcr Websites einbetten","description":"F\u00fcgen Sie auf Drupal ein anpassbares Gesch\u00e4ftszeiten-Widget hinzu, um Ihren Gesch\u00e4ftsstatus anzuzeigen. Gestalten Sie mit der Demo Ihr eigenes Arbeitszeit-Widget.","robots":{"index":"index","follow":"follow","max-snippet":"max-snippet:-1","max-image-preview":"max-image-preview:large","max-video-preview":"max-video-preview:-1"},"canonical":"https:\/\/elfsight.com\/de\/business-hours-widget\/drupal\/","og_locale":"de_DE","og_type":"article","og_title":"Gesch\u00e4ftszeiten zu Drupal hinzuf\u00fcgen \u2013 Arbeitszeiten f\u00fcr Websites einbetten","og_description":"F\u00fcgen Sie auf Drupal ein anpassbares Gesch\u00e4ftszeiten-Widget hinzu, um Ihren Gesch\u00e4ftsstatus anzuzeigen. Gestalten Sie mit der Demo Ihr eigenes Arbeitszeit-Widget.","og_url":"https:\/\/elfsight.com\/de\/business-hours-widget\/drupal\/","og_site_name":"Elfsight DE","article_modified_time":"2025-02-21T06:05:55+00:00","twitter_card":"summary_large_image","twitter_misc":{"Gesch\u00e4tzte Lesezeit":"5\u00a0Minuten"},"schema":{"@context":"https:\/\/schema.org","@graph":[{"@type":"WebPage","@id":"https:\/\/elfsight.com\/de\/business-hours-widget\/drupal\/","url":"https:\/\/elfsight.com\/de\/business-hours-widget\/drupal\/","name":"Gesch\u00e4ftszeiten zu Drupal hinzuf\u00fcgen \u2013 Arbeitszeiten f\u00fcr Websites einbetten","isPartOf":{"@id":"https:\/\/elfsight.com\/de\/#website"},"datePublished":"2024-05-03T06:31:03+00:00","dateModified":"2025-02-21T06:05:55+00:00","description":"F\u00fcgen Sie auf Drupal ein anpassbares Gesch\u00e4ftszeiten-Widget hinzu, um Ihren Gesch\u00e4ftsstatus anzuzeigen. Gestalten Sie mit der Demo Ihr eigenes Arbeitszeit-Widget.","breadcrumb":{"@id":"https:\/\/elfsight.com\/de\/business-hours-widget\/drupal\/#breadcrumb"},"inLanguage":"de","potentialAction":[{"@type":"ReadAction","target":["https:\/\/elfsight.com\/de\/business-hours-widget\/drupal\/"]}]},{"@type":"BreadcrumbList","@id":"https:\/\/elfsight.com\/de\/business-hours-widget\/drupal\/#breadcrumb","itemListElement":[{"@type":"ListItem","position":1,"name":"Home","item":"https:\/\/elfsight.com\/de\/"},{"@type":"ListItem","position":2,"name":"Business Hours","item":"https:\/\/elfsight.com\/de\/business-hours-widget\/"},{"@type":"ListItem","position":3,"name":"Business Hours &#8211; Drupal"}]},{"@type":"WebSite","@id":"https:\/\/elfsight.com\/de\/#website","url":"https:\/\/elfsight.com\/de\/","name":"Elfsight DE","description":"Just another Elfsight Sites site","potentialAction":[{"@type":"SearchAction","target":{"@type":"EntryPoint","urlTemplate":"https:\/\/elfsight.com\/de\/?s={search_term_string}"},"query-input":{"@type":"PropertyValueSpecification","valueRequired":true,"valueName":"search_term_string"}}],"inLanguage":"de"}]}},"meta_box":{"industry":"","seo_heading":"","heading":"","description":"","cta_heading":"","cta_description":"","application":"7437","h1":"Drupal-Modul \u201eGesch\u00e4ftszeiten\u201c","h1_caption":"Zeigen Sie Ihre Gesch\u00e4ftszeiten in einem klaren und attraktiven Format an, um Besucher m\u00fchelos \u00fcber Ihre Verf\u00fcgbarkeit auf Ihrer Drupal-Website zu informieren.","application_category":[],"applications_title":"","applications_request_title":"","applications_request_button_text":"","hero_text":"","hero_video":"","hero_video_schema_markup":"","selling_points_title":"","selling_points_caption":"","selling_points":[],"selling_points_cta_text":"","features_title":"","features":"","ed_cta_examples_text":"","ed_cta_examples_hidden":"","ed_cta_demo_text":"","ed_cta_demo_hidden":"","why_caption":"","why_editor_title":"","why_editor_text":"","why_team_title":"","why_team_text":"","why_service_title":"","why_service_text":"","template_catalog_visible":"0","template_catalog_title":"","template_catalog_text":"","template_catalog_categories_visible":"","demo_title":"Erstellen Sie Ihr Modul \u201eGesch\u00e4ftszeiten\u201c.","demo_caption":"Konfigurieren Sie Ihre Gesch\u00e4ftszeiten und f\u00fcgen Sie sie kostenlos zu Ihrer Drupal-Website hinzu!","default_faq_hidden":"","app_template_category":[],"platform":"261","template_public_id":"","codecanyon_url":"","codecanyon_item_id":"","codecanyon_price":"","pricing_caption":"","pricing_elfsight_apps_hide_column":"","pricing_elfsight_apps_url":"","pricing_codecanyon_price_caption":"","integration_category":[],"integration_request_title":"","integration_request_cta":"","integration_platform":"","integrations":[],"platform_category":[],"video_schema_markup":"","price":"ab 0 $ \/ Monat","trial":"","benefits":[{"text":"Kostenloser Installationsservice"},{"text":"Professioneller Kundenservice"},{"text":"14-t\u00e4gige R\u00fcckerstattungsgarantie"},{"text":"Fortlaufende Entwicklung"}],"button_url":"#demo","button_target_blank":"0","button_nofollow":"0","attributes":[{"name":"Installiert","content":"10,000 - 100,000"},{"name":"Reaktionsfreudig","content":"Ja"},{"name":"Kompatible Browser","content":"Firefox, Safari, Opera, Chrome, Edge"}],"tags":[],"tags_disable_links":"0","hide_more_platforms":"0","video_object":"","demo_hide_cta":"0","demo_hide_cloud_options":"0","pricing_title":"","pricing":[{"pricing_icon":"platform","pricing_title":"Elfsight Apps","pricing_title_caption":"Plattformunabh\u00e4ngige L\u00f6sung, die f\u00fcr jede Website geeignet ist","pricing_price":"ab 0 $ \/ Monat","pricing_price_caption":"Beginnen Sie mit einem kostenlosen Plan","pricing_benefits":[{"text":"Unbegrenzte Websites"},{"text":"Schneller Kundensupport"},{"text":"Kostenloser Installationsservice"},{"text":"Vollst\u00e4ndig anpassbar"}],"pricing_button_text":"Zur Website hinzuf\u00fcgen","pricing_button_url":"#demo"}],"related_apps_title":"","related_apps_hidden":"0","author":"","image":[],"title":"","job":"","social_networks":[]},"_links":{"self":[{"href":"https:\/\/elfsight.com\/de\/wp-json\/wp\/v2\/pages\/8225","targetHints":{"allow":["GET"]}}],"collection":[{"href":"https:\/\/elfsight.com\/de\/wp-json\/wp\/v2\/pages"}],"about":[{"href":"https:\/\/elfsight.com\/de\/wp-json\/wp\/v2\/types\/page"}],"author":[{"embeddable":true,"href":"https:\/\/elfsight.com\/de\/wp-json\/wp\/v2\/users\/9"}],"replies":[{"embeddable":true,"href":"https:\/\/elfsight.com\/de\/wp-json\/wp\/v2\/comments?post=8225"}],"version-history":[{"count":2,"href":"https:\/\/elfsight.com\/de\/wp-json\/wp\/v2\/pages\/8225\/revisions"}],"predecessor-version":[{"id":24604,"href":"https:\/\/elfsight.com\/de\/wp-json\/wp\/v2\/pages\/8225\/revisions\/24604"}],"up":[{"embeddable":true,"href":"https:\/\/elfsight.com\/de\/wp-json\/wp\/v2\/pages\/7446"}],"wp:attachment":[{"href":"https:\/\/elfsight.com\/de\/wp-json\/wp\/v2\/media?parent=8225"}],"curies":[{"name":"wp","href":"https:\/\/api.w.org\/{rel}","templated":true}]}}