{"id":8219,"date":"2024-05-03T06:31:01","date_gmt":"2024-05-03T06:31:01","guid":{"rendered":"https:\/\/elfsight.com\/de\/?page_id=8219"},"modified":"2025-02-21T06:18:19","modified_gmt":"2025-02-21T06:18:19","slug":"opencart","status":"publish","type":"page","link":"https:\/\/elfsight.com\/de\/business-hours-widget\/opencart\/","title":{"rendered":"Business Hours &#8211; OpenCart"},"content":{"rendered":"\n<div class=\"application-platform-content-item-description application-platform-content-item\" id=\"description\" data-nav-section=\"description\"><h2>Einbetten von Business Hours in OpenCart mit einer Elfsight-Erweiterung<\/h2> <p>Elfsight Business Hours f\u00fcr OpenCart ist ein einfaches No-Code-Widget, das dies erm\u00f6glicht Sie k\u00f6nnen eine sch\u00f6ne Visitenkarte mit den wichtigsten Details zu Ihrer Aktivit\u00e4t erstellen. Sie k\u00f6nnen Informationen zu Ihrem aktuellen Betriebsstatus hinzuf\u00fcgen und Kontakte f\u00fcr Ihr Publikum bereitstellen. \u00dcber das Widget k\u00f6nnen Sie attraktive Designs projizieren, sodass die Kunden alle erforderlichen Informationen schnell in K\u00fcrze oder ausf\u00fchrlicher einsehen k\u00f6nnen. <\/p><p>Das Widget enth\u00e4lt eine Reihe von Vorlagen, sodass Sie die beste Option f\u00fcr Ihre Website ausw\u00e4hlen k\u00f6nnen. Jede Vorlage enth\u00e4lt Einstellungen, mit denen Sie ein Widget mit notwendigen Optionen wie CTA-Schaltfl\u00e4chen erstellen k\u00f6nnen, die den Umsatz steigern. Die Einbindung der Arbeitszeiten und der Kontakte Ihres Unternehmens in die Seiten Ihrer Website ist sehr einfach, da Elfsight Tutorials zum Widget anbietet. Jeder Website-Inhaber kann das No-Code-Widget f\u00fcr die Betriebszeiten kostenlos erstellen und einbetten.<\/p> <p><b>F\u00fcgen Sie Gesch\u00e4ftsdetails zu Ihrer Website hinzu, um den Umsatz und die Glaubw\u00fcrdigkeit der Kunden zu steigern. Zeigen Sie aussagekr\u00e4ftige Informationen zu Ihrer Arbeitst\u00e4tigkeit \u00fcbersichtlich an. <\/b><\/p> <p>Mit diesem in Ihre OpenCart-Website eingebetteten Widget k\u00f6nnen Sie Ihre Kunden besser \u00fcber Ihre Gesch\u00e4ftsaktivit\u00e4ten informieren und regelm\u00e4\u00dfige Verk\u00e4ufe erzielen. Sehen Sie sich einige der wichtigsten Vorteile f\u00fcr Ihre Website an, nachdem Sie das No-Code-Working-Frames-Widget darin eingebettet haben. <\/p><ul><li><b>Helfen Sie den Kunden, immer p\u00fcnktlich zu sein. <\/b> Steigern Sie den Umsatz, indem Sie w\u00e4hrend der angegebenen Arbeitsperioden st\u00e4ndig in Kontakt bleiben. Ihre Website-Besucher sehen Ihre Betriebszeiten und werden sicherer, einen erfolgreichen Kauf zu t\u00e4tigen, wenn sie dazu bereit sind. <\/li><li><b>Vermeiden Sie Verwirrung \u00fcber Ihre Arbeitszeiten. <\/b> Durch die Anzeige Ihrer unkomplizierten Arbeitszeiten f\u00fcr die Kunden auf der Website werden sie sich st\u00e4rker f\u00fcr Ihr Unternehmen engagieren, da sie eine Bestellung oder einen Besuch bei Ihnen planen k\u00f6nnen. <\/li><li><b>Kontaktdaten \u00fcbersichtlich darstellen. <\/b> Durch das Hinzuf\u00fcgen der Kontaktinformationen zu Ihrem No-Code-Widget f\u00fcr die Gesch\u00e4ftszeiten k\u00f6nnen Sie eine bessere Kommunikation mit Ihren Kunden aufbauen und den Umsatz steigern. Zeigen Sie, dass Sie bereit sind, auf ihre Fragen zu den Produkten und Dienstleistungen Ihres Unternehmens zu antworten, was zu mehr Vertrauen und Anerkennung f\u00fchrt. <\/li><\/ul><div class=\"faq\" data-component=\"FAQ\"><div class=\"faq-item\">\r\n\t\t\t\t\t<div class=\"faq-item-question\">\r\n\t\t\t\t\t\t<h3 class=\"faq-item-question-text\">Gibt es noch andere Plugins f\u00fcr OpenCart, die ich auf meiner Website haben kann?<\/h3>\r\n\r\n\t\t\t\t\t\t<div class=\"faq-item-question-icon\"><\/div>\r\n\t\t\t\t\t<\/div>\r\n\r\n\t\t\t\t\t<div class=\"faq-item-answer\">\r\n\t\t\t\t\t\t<div class=\"faq-item-answer-text\">Wir k\u00f6nnen Ihnen viele Plugins zur Verf\u00fcgung stellen, mit denen Sie jede Art von Ziel auf Ihrer Website erreichen k\u00f6nnen. Zum Beispiel: <a href=\"https:\/\/elfsight.com\/google-reviews-widget\/opencart\/\" target=\"_blank\" rel=\"noopener\">Google Reviews<\/a>, <a href=\"https:\/\/elfsight.com\/whatsapp-chat-widget\/opencart\/\" target=\"_blank\" rel=\"noopener\">WhatsApp Chat<\/a>, <a href=\"https:\/\/elfsight.com\/event-calendar-widget\/opencart\/\" target=\"_blank\" rel=\"noopener\">Veranstaltungskalender<\/a>, <a href=\"https:\/\/elfsight.com\/countdown-timer-widget\/opencart\/\" target=\"_blank\" rel=\"noopener\">Countdown-Timer<\/a>, <a href=\"https:\/\/elfsight.com\/qr-code-widget\/opencart\/\" target=\"_blank\" rel=\"noopener\">QR-Code<\/a>. <\/div>\r\n\t\t\t\t\t<\/div>\r\n\t\t\t\t<\/div><div class=\"faq-item\">\r\n\t\t\t\t\t<div class=\"faq-item-question\">\r\n\t\t\t\t\t\t<h3 class=\"faq-item-question-text\">Wie kann ich mit den Gesch\u00e4ftszeiten auf der OpenCart-Website Ergebnisse erzielen?<\/h3>\r\n\r\n\t\t\t\t\t\t<div class=\"faq-item-question-icon\"><\/div>\r\n\t\t\t\t\t<\/div>\r\n\r\n\t\t\t\t\t<div class=\"faq-item-answer\">\r\n\t\t\t\t\t\t<div class=\"faq-item-answer-text\">Sie haben Zugriff auf viele Szenarien, um Erfolgsquoten und Verkaufsergebnisse zu verbessern, indem Sie ein Gesch\u00e4ftszeiten-Plugin hinzuf\u00fcgen. Mit den Vorlagen von Elfsight f\u00fcr dieses wunderbare Plugin f\u00fcr Websites kann man eine individuelle Gesch\u00e4ftstaktik ausw\u00e4hlen. Sie k\u00f6nnen entweder erweiterte Informationen zu Ihren Arbeitszeiten und Kontaktm\u00f6glichkeiten anzeigen oder einfach ein kompaktes Betriebsstatus-Popup einbetten. Sie k\u00f6nnen mit unserem Gesch\u00e4ftszeiten-Plugin Kontaktkarten erstellen und diese zu den erforderlichen Website-Seiten hinzuf\u00fcgen, um Aufmerksamkeit zu erregen und die Kunden \u00fcber Ihre Aktivit\u00e4ten zu informieren und so Verk\u00e4ufe anzuregen. <\/div>\r\n\t\t\t\t\t<\/div>\r\n\t\t\t\t<\/div><div class=\"faq-item\">\r\n\t\t\t\t\t<div class=\"faq-item-question\">\r\n\t\t\t\t\t\t<h3 class=\"faq-item-question-text\">Wie integriere ich Gesch\u00e4ftszeiten ohne Code kostenlos in OpenCart-Websites?<\/h3>\r\n\r\n\t\t\t\t\t\t<div class=\"faq-item-question-icon\"><\/div>\r\n\t\t\t\t\t<\/div>\r\n\r\n\t\t\t\t\t<div class=\"faq-item-answer\">\r\n\t\t\t\t\t\t<div class=\"faq-item-answer-text\">Das Einbetten eines Gesch\u00e4ftszeiten-Plugins in Ihre OpenCart-Website ist eine perfekte M\u00f6glichkeit, mit Kunden zu kommunizieren und ihnen Ihre g\u00fcltigen Zeiten mitzuteilen und Status, um Verk\u00e4ufe zu t\u00e4tigen oder Dienstleistungen zu erbringen. Hier finden Sie kurze Anleitungen zum Hinzuf\u00fcgen des kostenlosen \u00d6ffnungszeiten-Plugins zu Ihrer Website. <ol><li>Um ein Elfsight Business Hours-Plugin kostenlos in OpenCart zu integrieren, gehen Sie zur Elfsight-Website und melden Sie sich an. <\/li><li>Erstellen Sie das kostenlose Plugin \u201eGesch\u00e4ftszeiten\u201c, indem Sie dessen Aussehen und Einstellungen an das Design Ihrer Website anpassen. <\/li><li>Kopieren Sie nach der Anpassung Ihrer Gesch\u00e4ftszeiten das bereitgestellte Code-Snippet und f\u00fcgen Sie es dort auf Ihrer Website ein, wo das Plugin angezeigt werden soll. <\/li><\/ol>Durch das Einf\u00fcgen Ihrer Gesch\u00e4ftszeiten in Ihre OpenCart-Website sorgen Sie f\u00fcr eine dauerhafte Besuchertreue. Entdecken Sie die Vorteile des Elfsight Business Hours-Plugins kostenlos f\u00fcr Sie! <\/div>\r\n\t\t\t\t\t<\/div>\r\n\t\t\t\t<\/div><\/div><\/div> <div class=\"application-platform-content-item-features application-platform-content-item\" id=\"features\" data-nav-section=\"features\"> <h2>Sehen Sie sich die Liste der wichtigsten Funktionen an:<\/h2> <ul><li>Demonstrieren Sie die Echtzeitverf\u00fcgbarkeit Ihres Unternehmens<\/li><li>Einfache Zeitplaneinrichtung<\/li><li>Festveranstaltungskonfiguration<\/li><li>Statusanzeige in Echtzeit<\/li><li>Einbettbares Diagramm oder kompakter Status<\/li><\/ul><p><a href=\"#demo\">Sie k\u00f6nnen sehen, welches Widget es wert ist, in der Demo auszuprobieren<\/a><\/p><\/div> <div class=\"application-platform-content-item-installation application-platform-content-item\" id=\"installation\" data-nav-section=\"installation\"> <h2>Wie kann Ich f\u00fcge Gesch\u00e4ftszeiten zu meiner OpenCart-Website hinzu?<\/h2> <p>Befolgen Sie einfach die unten beschriebenen Schritte, um das Plugin in Ihre Betriebsschichten zu integrieren. <\/p> <ol><li><b>Nutzen Sie unseren Konfigurator und beginnen Sie mit der Erstellung Ihres personalisierten Plugins. <\/b><br> Geben Sie das bevorzugte Layout und die Spezifikationen des Plugins an und wenden Sie die Korrekturen an. <\/li> <li><b>Erhalten Sie den individuellen Code, der in der speziellen Form auf Elfsight Apps verf\u00fcgbar ist. <\/b><br> Kopieren Sie unmittelbar nach Abschluss der Generierung Ihrer No-Code-Aktivit\u00e4tsstunden-App den einzelnen Code aus dem angezeigten Feld und bewahren Sie ihn f\u00fcr die Zukunft auf. <\/li> <li><b>Beginnen Sie mit der Verwendung des Plugins auf Ihren OpenCart-Seiten. <\/b><br> Integrieren Sie den zuvor kopierten Code in Ihre Website und speichern Sie die Korrekturen. <\/li> <li><b>Du bist fertig! Die Einbindung Ihrer No-Code-Gesch\u00e4ftszeiten ist vollst\u00e4ndig abgeschlossen. <\/b><br> Besuchen Sie Ihre Website, um die Arbeit der App f\u00fcr hinzugef\u00fcgte Betriebsstunden in Aktion zu sehen. <\/li><\/ol> <p>Wenn Sie Fragen haben oder auf Hindernisse sto\u00dfen, k\u00f6nnen Sie sich jederzeit an unser Support-Team wenden. Unsere Mitarbeiter helfen Ihnen gerne bei allen Problemen, die Sie mit dem Produkt f\u00fcr OpenCart haben. <\/p><\/div>\n","protected":false},"excerpt":{"rendered":"","protected":false},"author":9,"featured_media":0,"parent":7446,"menu_order":0,"comment_status":"closed","ping_status":"closed","template":"templates\/template-application-platform.php","meta":{"publish_to_discourse":"","publish_post_category":"","wpdc_auto_publish_overridden":"","wpdc_topic_tags":"","wpdc_pin_topic":"","wpdc_pin_until":"","discourse_post_id":"","discourse_permalink":"","wpdc_publishing_response":"","wpdc_publishing_error":"","footnotes":""},"class_list":["post-8219","page","type-page","status-publish","hentry"],"yoast_head":"<!-- This site is optimized with the Yoast SEO plugin v25.3.1 - https:\/\/yoast.com\/wordpress\/plugins\/seo\/ -->\n<title>F\u00fcgen Sie Gesch\u00e4ftszeiten zu OpenCart hinzu \u2013 Integrieren Sie einen kostenlosen Stundenplan ohne Code<\/title>\n<meta name=\"description\" content=\"Integrieren Sie ein anpassbares Gesch\u00e4ftszeiten-Widget in OpenCart, um Ihren Aktivit\u00e4tsstatus zu teilen. Erstellen Sie in der Demo Ihre eigenen Arbeitszeiten.\" \/>\n<meta name=\"robots\" content=\"index, follow, max-snippet:-1, max-image-preview:large, max-video-preview:-1\" \/>\n<link rel=\"canonical\" href=\"https:\/\/elfsight.com\/de\/business-hours-widget\/opencart\/\" \/>\n<meta property=\"og:locale\" content=\"de_DE\" \/>\n<meta property=\"og:type\" content=\"article\" \/>\n<meta property=\"og:title\" content=\"F\u00fcgen Sie Gesch\u00e4ftszeiten zu OpenCart hinzu \u2013 Integrieren Sie einen kostenlosen Stundenplan ohne Code\" \/>\n<meta property=\"og:description\" content=\"Integrieren Sie ein anpassbares Gesch\u00e4ftszeiten-Widget in OpenCart, um Ihren Aktivit\u00e4tsstatus zu teilen. Erstellen Sie in der Demo Ihre eigenen Arbeitszeiten.\" \/>\n<meta property=\"og:url\" content=\"https:\/\/elfsight.com\/de\/business-hours-widget\/opencart\/\" \/>\n<meta property=\"og:site_name\" content=\"Elfsight DE\" \/>\n<meta property=\"article:modified_time\" content=\"2025-02-21T06:18:19+00:00\" \/>\n<meta name=\"twitter:card\" content=\"summary_large_image\" \/>\n<meta name=\"twitter:label1\" content=\"Gesch\u00e4tzte Lesezeit\" \/>\n\t<meta name=\"twitter:data1\" content=\"5\u00a0Minuten\" \/>\n<!-- \/ Yoast SEO plugin. -->","yoast_head_json":{"title":"F\u00fcgen Sie Gesch\u00e4ftszeiten zu OpenCart hinzu \u2013 Integrieren Sie einen kostenlosen Stundenplan ohne Code","description":"Integrieren Sie ein anpassbares Gesch\u00e4ftszeiten-Widget in OpenCart, um Ihren Aktivit\u00e4tsstatus zu teilen. Erstellen Sie in der Demo Ihre eigenen Arbeitszeiten.","robots":{"index":"index","follow":"follow","max-snippet":"max-snippet:-1","max-image-preview":"max-image-preview:large","max-video-preview":"max-video-preview:-1"},"canonical":"https:\/\/elfsight.com\/de\/business-hours-widget\/opencart\/","og_locale":"de_DE","og_type":"article","og_title":"F\u00fcgen Sie Gesch\u00e4ftszeiten zu OpenCart hinzu \u2013 Integrieren Sie einen kostenlosen Stundenplan ohne Code","og_description":"Integrieren Sie ein anpassbares Gesch\u00e4ftszeiten-Widget in OpenCart, um Ihren Aktivit\u00e4tsstatus zu teilen. Erstellen Sie in der Demo Ihre eigenen Arbeitszeiten.","og_url":"https:\/\/elfsight.com\/de\/business-hours-widget\/opencart\/","og_site_name":"Elfsight DE","article_modified_time":"2025-02-21T06:18:19+00:00","twitter_card":"summary_large_image","twitter_misc":{"Gesch\u00e4tzte Lesezeit":"5\u00a0Minuten"},"schema":{"@context":"https:\/\/schema.org","@graph":[{"@type":"WebPage","@id":"https:\/\/elfsight.com\/de\/business-hours-widget\/opencart\/","url":"https:\/\/elfsight.com\/de\/business-hours-widget\/opencart\/","name":"F\u00fcgen Sie Gesch\u00e4ftszeiten zu OpenCart hinzu \u2013 Integrieren Sie einen kostenlosen Stundenplan ohne Code","isPartOf":{"@id":"https:\/\/elfsight.com\/de\/#website"},"datePublished":"2024-05-03T06:31:01+00:00","dateModified":"2025-02-21T06:18:19+00:00","description":"Integrieren Sie ein anpassbares Gesch\u00e4ftszeiten-Widget in OpenCart, um Ihren Aktivit\u00e4tsstatus zu teilen. Erstellen Sie in der Demo Ihre eigenen Arbeitszeiten.","breadcrumb":{"@id":"https:\/\/elfsight.com\/de\/business-hours-widget\/opencart\/#breadcrumb"},"inLanguage":"de","potentialAction":[{"@type":"ReadAction","target":["https:\/\/elfsight.com\/de\/business-hours-widget\/opencart\/"]}]},{"@type":"BreadcrumbList","@id":"https:\/\/elfsight.com\/de\/business-hours-widget\/opencart\/#breadcrumb","itemListElement":[{"@type":"ListItem","position":1,"name":"Home","item":"https:\/\/elfsight.com\/de\/"},{"@type":"ListItem","position":2,"name":"Business Hours","item":"https:\/\/elfsight.com\/de\/business-hours-widget\/"},{"@type":"ListItem","position":3,"name":"Business Hours &#8211; OpenCart"}]},{"@type":"WebSite","@id":"https:\/\/elfsight.com\/de\/#website","url":"https:\/\/elfsight.com\/de\/","name":"Elfsight DE","description":"Just another Elfsight Sites site","potentialAction":[{"@type":"SearchAction","target":{"@type":"EntryPoint","urlTemplate":"https:\/\/elfsight.com\/de\/?s={search_term_string}"},"query-input":{"@type":"PropertyValueSpecification","valueRequired":true,"valueName":"search_term_string"}}],"inLanguage":"de"}]}},"meta_box":{"industry":"","seo_heading":"","heading":"","description":"","cta_heading":"","cta_description":"","application":"7437","h1":"Erweiterung der OpenCart-Gesch\u00e4ftszeiten","h1_caption":"Zeigen Sie Ihre Gesch\u00e4ftszeiten in einem klaren und attraktiven Format an, um Besucher m\u00fchelos \u00fcber Ihre Verf\u00fcgbarkeit auf Ihrer Opencart-Website zu informieren.","application_category":[],"applications_title":"","applications_request_title":"","applications_request_button_text":"","hero_text":"","hero_video":"","hero_video_schema_markup":"","selling_points_title":"","selling_points_caption":"","selling_points":[],"selling_points_cta_text":"","features_title":"","features":"","ed_cta_examples_text":"","ed_cta_examples_hidden":"","ed_cta_demo_text":"","ed_cta_demo_hidden":"","why_caption":"","why_editor_title":"","why_editor_text":"","why_team_title":"","why_team_text":"","why_service_title":"","why_service_text":"","template_catalog_visible":"0","template_catalog_title":"","template_catalog_text":"","template_catalog_categories_visible":"","demo_title":"Erstellen Sie Ihre Gesch\u00e4ftszeitenverl\u00e4ngerung","demo_caption":"Konfigurieren Sie Ihre Gesch\u00e4ftszeiten und f\u00fcgen Sie sie kostenlos zu Ihrer OpenCart-Website hinzu!","default_faq_hidden":"","app_template_category":[],"platform":"254","template_public_id":"","codecanyon_url":"","codecanyon_item_id":"","codecanyon_price":"","pricing_caption":"","pricing_elfsight_apps_hide_column":"","pricing_elfsight_apps_url":"","pricing_codecanyon_price_caption":"","integration_category":[],"integration_request_title":"","integration_request_cta":"","integration_platform":"","integrations":[],"platform_category":[],"video_schema_markup":"","price":"ab 0 $ \/ Monat","trial":"","benefits":[{"text":"Kostenlose Installationsunterst\u00fctzung"},{"text":"Professioneller Kundenservice"},{"text":"14-t\u00e4gige R\u00fcckerstattungsgarantie"},{"text":"Kontinuierliche kostenlose Verbesserungen"}],"button_url":"#demo","button_target_blank":"0","button_nofollow":"0","attributes":[{"name":"Installiert","content":"10,000 - 100,000"},{"name":"Reaktionsfreudig","content":"Ja"},{"name":"Kompatible Browser","content":"Firefox, Safari, Opera, Chrome, Edge"}],"tags":[],"tags_disable_links":"0","hide_more_platforms":"0","video_object":"","demo_hide_cta":"0","demo_hide_cloud_options":"0","pricing_title":"","pricing":[{"pricing_icon":"platform","pricing_title":"Elfsight Apps","pricing_title_caption":"Plattform\u00fcbergreifende Software, die f\u00fcr jede Website geeignet ist","pricing_price":"ab 0 $ \/ Monat","pricing_price_caption":"Beginnen Sie mit einem kostenlosen Plan","pricing_benefits":[{"text":"Unbegrenzte Websites"},{"text":"Kostenloser Unternehmenssupport"},{"text":"Kostenlose Installationsunterst\u00fctzung"},{"text":"100 % anpassbar"}],"pricing_button_text":"Zur Website hinzuf\u00fcgen","pricing_button_url":"#demo"}],"related_apps_title":"","related_apps_hidden":"0","author":"","image":[],"title":"","job":"","social_networks":[]},"_links":{"self":[{"href":"https:\/\/elfsight.com\/de\/wp-json\/wp\/v2\/pages\/8219","targetHints":{"allow":["GET"]}}],"collection":[{"href":"https:\/\/elfsight.com\/de\/wp-json\/wp\/v2\/pages"}],"about":[{"href":"https:\/\/elfsight.com\/de\/wp-json\/wp\/v2\/types\/page"}],"author":[{"embeddable":true,"href":"https:\/\/elfsight.com\/de\/wp-json\/wp\/v2\/users\/9"}],"replies":[{"embeddable":true,"href":"https:\/\/elfsight.com\/de\/wp-json\/wp\/v2\/comments?post=8219"}],"version-history":[{"count":2,"href":"https:\/\/elfsight.com\/de\/wp-json\/wp\/v2\/pages\/8219\/revisions"}],"predecessor-version":[{"id":24614,"href":"https:\/\/elfsight.com\/de\/wp-json\/wp\/v2\/pages\/8219\/revisions\/24614"}],"up":[{"embeddable":true,"href":"https:\/\/elfsight.com\/de\/wp-json\/wp\/v2\/pages\/7446"}],"wp:attachment":[{"href":"https:\/\/elfsight.com\/de\/wp-json\/wp\/v2\/media?parent=8219"}],"curies":[{"name":"wp","href":"https:\/\/api.w.org\/{rel}","templated":true}]}}