{"id":8218,"date":"2024-05-03T06:31:00","date_gmt":"2024-05-03T06:31:00","guid":{"rendered":"https:\/\/elfsight.com\/de\/?page_id=8218"},"modified":"2025-02-21T06:11:56","modified_gmt":"2025-02-21T06:11:56","slug":"jquery","status":"publish","type":"page","link":"https:\/\/elfsight.com\/de\/business-hours-widget\/jquery\/","title":{"rendered":"Business Hours &#8211; jQuery"},"content":{"rendered":"\n<div class=\"application-platform-content-item-description application-platform-content-item\" id=\"description\" data-nav-section=\"description\"><h2>Einbetten von Business Hours in jQuery mit einem Elfsight-Plugin<\/h2> <p>Elfsight Business Hours f\u00fcr jQuery ist ein einfaches No-Code-Widget, das hilft Ihnen, eine sch\u00f6ne Visitenkarte mit den wichtigsten Daten zu Ihrer Arbeit zu erstellen. Sie k\u00f6nnen Informationen \u00fcber Ihren Verf\u00fcgbarkeitsstatus teilen und Kontakte f\u00fcr Ihre Kunden freischalten. Mit dem Widget k\u00f6nnen Sie praktische Designs projizieren, sodass die Besucher schnell alle ben\u00f6tigten Informationen kurz oder detaillierter einsehen k\u00f6nnen. <\/p><p>Das bemerkenswerte Widget enth\u00e4lt einige Vorlagen, sodass Sie die am besten geeignete Option f\u00fcr Ihre Website ausw\u00e4hlen k\u00f6nnen. Jede Vorlage bietet flexible Einstellungen, die Ihnen dabei helfen, ein pers\u00f6nliches Widget mit den notwendigen Optionen zu erstellen, die den Umsatz steigern. Das Einbetten der Arbeitszeiten in die Seiten Ihrer Website ist ganz einfach, da Elfsight klare Tutorials zum Widget bietet. Jeder Website-Editor kann das Widget \u201eGesch\u00e4ftszeiten\u201c ohne Code kostenlos entwickeln und hinzuf\u00fcgen.<\/p> <p><b>F\u00fcgen Sie Gesch\u00e4ftsdetails zu Ihrer Website hinzu, um den Umsatz und die Kundenbindung zu steigern. Geben Sie wichtige Informationen zu Ihrem Arbeitsstatus deutlich an. <\/b><\/p> <p>Mit diesem in Ihre jQuery-Website eingebetteten Widget informieren Sie Ihre Kunden \u00fcber Ihren Gesch\u00e4ftsplan und sichern so mehr Verk\u00e4ufe. Achten Sie auf einige der typischsten Vorteile Ihrer Website, wenn Sie das Widget f\u00fcr kostenlose Arbeitsrahmen darauf platzieren. <\/p><ul><li><b>Helfen Sie den Kunden, immer p\u00fcnktlich zu sein. <\/b> Steigern Sie den Umsatz, indem Sie im entsprechenden Arbeitsrahmen st\u00e4ndig in Kontakt bleiben. Ihre Website-Besucher werden auf Ihre Aktivit\u00e4tszeiten achten und bei Bedarf entschlossener sein, einen erfolgreichen Kauf zu t\u00e4tigen. <\/li><li><b>Vermeiden Sie Verwirrung bez\u00fcglich Ihrer Arbeitszeiten. <\/b> Wenn Sie den Kunden auf der Website Ihre korrekten Arbeitszeiten angeben, werden sie sich st\u00e4rker f\u00fcr Ihr Unternehmen engagieren, da sie eine Buchung oder einen Besuch bei Ihnen planen k\u00f6nnen. <\/li><li><b>Stellen Sie Kontakte \u00fcbersichtlich bereit. <\/b> Durch das Hinzuf\u00fcgen der Kontaktdaten zu Ihrem No-Code-Bedienzeiten-Widget k\u00f6nnen Sie die Kommunikation aufbauen und den Verkauf beschleunigen. Zeigen Sie, dass Sie hier sind, um ihre Fragen zu den Produkten und Dienstleistungen Ihres Unternehmens zu beantworten, was zu mehr Loyalit\u00e4t und Respekt f\u00fchrt. <\/li><\/ul><div class=\"faq\" data-component=\"FAQ\"><div class=\"faq-item\">\r\n\t\t\t\t\t<div class=\"faq-item-question\">\r\n\t\t\t\t\t\t<h3 class=\"faq-item-question-text\">Bieten Sie noch andere Plugins f\u00fcr jQuery an, die ich in meine Website einbetten kann?<\/h3>\r\n\r\n\t\t\t\t\t\t<div class=\"faq-item-question-icon\"><\/div>\r\n\t\t\t\t\t<\/div>\r\n\r\n\t\t\t\t\t<div class=\"faq-item-answer\">\r\n\t\t\t\t\t\t<div class=\"faq-item-answer-text\">Wir k\u00f6nnen Ihnen viele Plugins anbieten, mit denen Sie jede Art von Ziel erreichen k\u00f6nnen deine Seite. \u00dcberzeugen Sie sich selbst: <a href=\"https:\/\/elfsight.com\/google-reviews-widget\/jquery\/\" target=\"_blank\" rel=\"noopener\">Google Reviews<\/a>, <a href=\"https:\/\/elfsight.com\/whatsapp-chat-widget\/jquery\/\" target=\"_blank\" rel=\"noopener\">WhatsApp Chat<\/a>, <a href=\"https:\/\/elfsight.com\/event-calendar-widget\/jquery\/\" target=\"_blank\" rel=\"noopener\">Veranstaltungskalender<\/a>, <a href=\"https:\/\/elfsight.com\/countdown-timer-widget\/jquery\/\" target=\"_blank \" rel=\"noopener\">Countdown-Timer<\/a>, <a href=\"https:\/\/elfsight.com\/qr-code-widget\/jquery\/\" target=\"_blank\" rel=\"noopener\">QR-Code<\/a>. <\/div>\r\n\t\t\t\t\t<\/div>\r\n\t\t\t\t<\/div><div class=\"faq-item\">\r\n\t\t\t\t\t<div class=\"faq-item-question\">\r\n\t\t\t\t\t\t<h3 class=\"faq-item-question-text\">Wie kann ich Gesch\u00e4ftszeiten in jQuery nutzen?<\/h3>\r\n\r\n\t\t\t\t\t\t<div class=\"faq-item-question-icon\"><\/div>\r\n\t\t\t\t\t<\/div>\r\n\r\n\t\t\t\t\t<div class=\"faq-item-answer\">\r\n\t\t\t\t\t\t<div class=\"faq-item-answer-text\">Es gibt viele Szenarien, um Erfolgsraten und Verkaufsergebnisse durch das Hinzuf\u00fcgen eines Gesch\u00e4ftszeiten-Plugins zu verbessern. Mit den Vorlagen von Elfsight f\u00fcr dieses gro\u00dfartige Plugin f\u00fcr Websites kann man eine pers\u00f6nliche Gesch\u00e4ftsstrategie w\u00e4hlen. Sie k\u00f6nnen entweder detaillierte Informationen zu Ihren Arbeitszeiten und Tools zur Kommunikation mit Ihnen anzeigen oder einfach eine minimalistische aktuelle Statusleiste einbetten. Sie k\u00f6nnen mit Ihrem Business Hours-Plugin Kontaktkarten erstellen und diese zu bevorzugten Website-Bereichen hinzuf\u00fcgen, um Aufmerksamkeit zu erregen und alle \u00fcber Ihren Status zu informieren, um Verk\u00e4ufe anzuregen. <\/div>\r\n\t\t\t\t\t<\/div>\r\n\t\t\t\t<\/div><div class=\"faq-item\">\r\n\t\t\t\t\t<div class=\"faq-item-question\">\r\n\t\t\t\t\t\t<h3 class=\"faq-item-question-text\">Wie binde ich Business Hours kostenlos in jQuery-Websites ein?<\/h3>\r\n\r\n\t\t\t\t\t\t<div class=\"faq-item-question-icon\"><\/div>\r\n\t\t\t\t\t<\/div>\r\n\r\n\t\t\t\t\t<div class=\"faq-item-answer\">\r\n\t\t\t\t\t\t<div class=\"faq-item-answer-text\">Die Integration eines Business Hours-Plugins in Ihre jQuery-Website ist eine gro\u00dfartige Methode, um Kunden in die Kommunikation einzubeziehen und sie \u00fcber Ihre Bereitschaft zu informieren, Verk\u00e4ufe sicherzustellen oder Render Dienstleistungen. Hier finden Sie Tutorials zum Hinzuf\u00fcgen des kostenlosen No-Code-Betriebsstunden-Plugins zu Ihrer Website. <ol><li>Um ein Elfsight Business Hours-Plugin kostenlos in jQuery zu integrieren, gehen Sie auf die Elfsight-Website und erstellen Sie ein Konto. <\/li><li>Erstellen Sie das kostenlose Business Hours-Plugin ohne Code, indem Sie dessen Aussehen und Einstellungen an den Stil Ihrer Website anpassen. <\/li><li>Nachdem Sie Ihre Gesch\u00e4ftszeiten angepasst haben, kopieren Sie das spezifische Code-Snippet und f\u00fcgen Sie es in den HTML-Code Ihrer Website ein, wo das Plugin angezeigt werden soll. <\/li><\/ol>Durch das Einf\u00fcgen Ihrer Gesch\u00e4ftszeiten in Ihre jQuery-Website verbessern Sie deren visuelles Erscheinungsbild und motivieren die kontinuierliche Kundeneinbindung. Entdecken Sie die Vorteile des Elfsight Business Hours-Plugins kostenlos f\u00fcr Sie! <\/div>\r\n\t\t\t\t\t<\/div>\r\n\t\t\t\t<\/div><\/div><\/div> <div class=\"application-platform-content-item-features application-platform-content-item\" id=\"features\" data-nav-section=\"features\"> <h2>Dies sind nur einige der vielen Widget-Funktionen:<\/h2> <ul><li>Zeigen Sie die Echtzeitverf\u00fcgbarkeit Ihres Unternehmens an <\/li><li>Eindeutige Zeitplananpassung<\/li><li>Konfiguration f\u00fcr besondere Anl\u00e4sse<\/li><li>Echtzeit-Aktivit\u00e4tsstatus<\/li><li>Einf\u00fcgbares Diagramm oder platzsparender Status<\/li> <\/ul><p><a href=\"#demo\">Untersuchen Sie alle Einstellungen in der Demo mit vollem Funktionsumfang<\/a><\/p> <\/div> <div class=\"application-platform-content-item-installation application-platform-content-item\" id=\"installation\" data-nav-section=\"installation\"> <h2>Wie geht das? Ich f\u00fcge Gesch\u00e4ftszeiten zu meiner jQuery-Website hinzu?<\/h2> <p>F\u00fchren Sie einfach die unten aufgef\u00fchrten Schritte aus, um das Plugin mit Ihrem Arbeitsstatus zu versehen. <\/p> <ol><li><b>Nutzen Sie unsere Demo und beginnen Sie mit der Gestaltung Ihres benutzerdefinierten No-Code-Plugins. <\/b><br> Finden Sie die passende Form und Parameter des Plugins und \u00fcbernehmen Sie die \u00c4nderungen. <\/li> <li><b>Erhalten Sie Ihren individuellen Code, der im Fenster von Elfsight Apps angezeigt wird. <\/b><br> Nachdem Sie Ihr pers\u00f6nliches No-Code-Aktivit\u00e4tsstunden-Plugin erstellt haben, kopieren Sie den einzelnen Code aus dem entstandenen Feld und speichern Sie ihn zur sp\u00e4teren Verwendung. <\/li> <li><b>Beginnen Sie mit der Nutzung der App auf der jQuery-Site. <\/b><br> F\u00fcgen Sie den zuvor gespeicherten Code in Ihre Homepage ein und \u00fcbernehmen Sie die Korrekturen. <\/li> <li><b>Du bist fertig! Die Einrichtung Ihrer No-Code-Gesch\u00e4ftszeiten wurde erfolgreich abgeschlossen. <\/b><br> Besuchen Sie Ihre Website, um die Funktionsweise des \u00d6ffnungszeiten-Plugins zu beobachten. <\/li><\/ol> <p>Sollten Sie auf Schwierigkeiten sto\u00dfen, z\u00f6gern Sie nicht, unserem Support-Team zu schreiben. Unsere Berater helfen Ihnen gerne bei allen Fragen rund um das Plugin f\u00fcr jQuery weiter. <\/p> <\/div>\n","protected":false},"excerpt":{"rendered":"","protected":false},"author":9,"featured_media":0,"parent":7446,"menu_order":0,"comment_status":"closed","ping_status":"closed","template":"templates\/template-application-platform.php","meta":{"publish_to_discourse":"","publish_post_category":"","wpdc_auto_publish_overridden":"","wpdc_topic_tags":"","wpdc_pin_topic":"","wpdc_pin_until":"","discourse_post_id":"","discourse_permalink":"","wpdc_publishing_response":"","wpdc_publishing_error":"","footnotes":""},"class_list":["post-8218","page","type-page","status-publish","hentry"],"yoast_head":"<!-- This site is optimized with the Yoast SEO plugin v25.3.1 - https:\/\/yoast.com\/wordpress\/plugins\/seo\/ -->\n<title>Gesch\u00e4ftszeiten zu jQuery hinzuf\u00fcgen \u2013 Integrieren Sie ganz einfach kostenlose Arbeitszeiten<\/title>\n<meta name=\"description\" content=\"Integrieren Sie ein anpassbares Gesch\u00e4ftszeiten-Widget in jQuery, um Ihren Aktivit\u00e4tsstatus anzuzeigen. Gestalten Sie Ihre eigenen Arbeitszeiten anhand der Demo.\" \/>\n<meta name=\"robots\" content=\"index, follow, max-snippet:-1, max-image-preview:large, max-video-preview:-1\" \/>\n<link rel=\"canonical\" href=\"https:\/\/elfsight.com\/de\/business-hours-widget\/jquery\/\" \/>\n<meta property=\"og:locale\" content=\"de_DE\" \/>\n<meta property=\"og:type\" content=\"article\" \/>\n<meta property=\"og:title\" content=\"Gesch\u00e4ftszeiten zu jQuery hinzuf\u00fcgen \u2013 Integrieren Sie ganz einfach kostenlose Arbeitszeiten\" \/>\n<meta property=\"og:description\" content=\"Integrieren Sie ein anpassbares Gesch\u00e4ftszeiten-Widget in jQuery, um Ihren Aktivit\u00e4tsstatus anzuzeigen. Gestalten Sie Ihre eigenen Arbeitszeiten anhand der Demo.\" \/>\n<meta property=\"og:url\" content=\"https:\/\/elfsight.com\/de\/business-hours-widget\/jquery\/\" \/>\n<meta property=\"og:site_name\" content=\"Elfsight DE\" \/>\n<meta property=\"article:modified_time\" content=\"2025-02-21T06:11:56+00:00\" \/>\n<meta name=\"twitter:card\" content=\"summary_large_image\" \/>\n<meta name=\"twitter:label1\" content=\"Gesch\u00e4tzte Lesezeit\" \/>\n\t<meta name=\"twitter:data1\" content=\"5\u00a0Minuten\" \/>\n<!-- \/ Yoast SEO plugin. -->","yoast_head_json":{"title":"Gesch\u00e4ftszeiten zu jQuery hinzuf\u00fcgen \u2013 Integrieren Sie ganz einfach kostenlose Arbeitszeiten","description":"Integrieren Sie ein anpassbares Gesch\u00e4ftszeiten-Widget in jQuery, um Ihren Aktivit\u00e4tsstatus anzuzeigen. Gestalten Sie Ihre eigenen Arbeitszeiten anhand der Demo.","robots":{"index":"index","follow":"follow","max-snippet":"max-snippet:-1","max-image-preview":"max-image-preview:large","max-video-preview":"max-video-preview:-1"},"canonical":"https:\/\/elfsight.com\/de\/business-hours-widget\/jquery\/","og_locale":"de_DE","og_type":"article","og_title":"Gesch\u00e4ftszeiten zu jQuery hinzuf\u00fcgen \u2013 Integrieren Sie ganz einfach kostenlose Arbeitszeiten","og_description":"Integrieren Sie ein anpassbares Gesch\u00e4ftszeiten-Widget in jQuery, um Ihren Aktivit\u00e4tsstatus anzuzeigen. Gestalten Sie Ihre eigenen Arbeitszeiten anhand der Demo.","og_url":"https:\/\/elfsight.com\/de\/business-hours-widget\/jquery\/","og_site_name":"Elfsight DE","article_modified_time":"2025-02-21T06:11:56+00:00","twitter_card":"summary_large_image","twitter_misc":{"Gesch\u00e4tzte Lesezeit":"5\u00a0Minuten"},"schema":{"@context":"https:\/\/schema.org","@graph":[{"@type":"WebPage","@id":"https:\/\/elfsight.com\/de\/business-hours-widget\/jquery\/","url":"https:\/\/elfsight.com\/de\/business-hours-widget\/jquery\/","name":"Gesch\u00e4ftszeiten zu jQuery hinzuf\u00fcgen \u2013 Integrieren Sie ganz einfach kostenlose Arbeitszeiten","isPartOf":{"@id":"https:\/\/elfsight.com\/de\/#website"},"datePublished":"2024-05-03T06:31:00+00:00","dateModified":"2025-02-21T06:11:56+00:00","description":"Integrieren Sie ein anpassbares Gesch\u00e4ftszeiten-Widget in jQuery, um Ihren Aktivit\u00e4tsstatus anzuzeigen. Gestalten Sie Ihre eigenen Arbeitszeiten anhand der Demo.","breadcrumb":{"@id":"https:\/\/elfsight.com\/de\/business-hours-widget\/jquery\/#breadcrumb"},"inLanguage":"de","potentialAction":[{"@type":"ReadAction","target":["https:\/\/elfsight.com\/de\/business-hours-widget\/jquery\/"]}]},{"@type":"BreadcrumbList","@id":"https:\/\/elfsight.com\/de\/business-hours-widget\/jquery\/#breadcrumb","itemListElement":[{"@type":"ListItem","position":1,"name":"Home","item":"https:\/\/elfsight.com\/de\/"},{"@type":"ListItem","position":2,"name":"Business Hours","item":"https:\/\/elfsight.com\/de\/business-hours-widget\/"},{"@type":"ListItem","position":3,"name":"Business Hours &#8211; jQuery"}]},{"@type":"WebSite","@id":"https:\/\/elfsight.com\/de\/#website","url":"https:\/\/elfsight.com\/de\/","name":"Elfsight DE","description":"Just another Elfsight Sites site","potentialAction":[{"@type":"SearchAction","target":{"@type":"EntryPoint","urlTemplate":"https:\/\/elfsight.com\/de\/?s={search_term_string}"},"query-input":{"@type":"PropertyValueSpecification","valueRequired":true,"valueName":"search_term_string"}}],"inLanguage":"de"}]}},"meta_box":{"industry":"","seo_heading":"","heading":"","description":"","cta_heading":"","cta_description":"","application":"7437","h1":"jQuery-Gesch\u00e4ftszeiten-Plugin","h1_caption":"Zeigen Sie Ihre Gesch\u00e4ftszeiten in einem klaren und attraktiven Format an, um Besucher m\u00fchelos \u00fcber Ihre Verf\u00fcgbarkeit auf Ihrer jQuery-Website zu informieren.","application_category":[],"applications_title":"","applications_request_title":"","applications_request_button_text":"","hero_text":"","hero_video":"","hero_video_schema_markup":"","selling_points_title":"","selling_points_caption":"","selling_points":[],"selling_points_cta_text":"","features_title":"","features":"","ed_cta_examples_text":"","ed_cta_examples_hidden":"","ed_cta_demo_text":"","ed_cta_demo_hidden":"","why_caption":"","why_editor_title":"","why_editor_text":"","why_team_title":"","why_team_text":"","why_service_title":"","why_service_text":"","template_catalog_visible":"0","template_catalog_title":"","template_catalog_text":"","template_catalog_categories_visible":"","demo_title":"Erstellen Sie Ihr Gesch\u00e4ftszeiten-Plugin","demo_caption":"Konfigurieren Sie Ihre Gesch\u00e4ftszeiten und f\u00fcgen Sie sie kostenlos zu Ihrer jQuery-Website hinzu!","default_faq_hidden":"","app_template_category":[],"platform":"258","template_public_id":"","codecanyon_url":"","codecanyon_item_id":"","codecanyon_price":"","pricing_caption":"","pricing_elfsight_apps_hide_column":"","pricing_elfsight_apps_url":"","pricing_codecanyon_price_caption":"","integration_category":[],"integration_request_title":"","integration_request_cta":"","integration_platform":"","integrations":[],"platform_category":[],"video_schema_markup":"","price":"ab 0 $ \/ Monat","trial":"","benefits":[{"text":"Kostenloser Installationsservice"},{"text":"Premium-Support"},{"text":"14-t\u00e4gige R\u00fcckerstattungsgarantie"},{"text":"Laufende Verbesserungen"}],"button_url":"#demo","button_target_blank":"0","button_nofollow":"0","attributes":[{"name":"Installiert","content":"10,000 - 100,000"},{"name":"Reaktionsfreudig","content":"Ja"},{"name":"Kompatible Browser","content":"Firefox, Safari, Opera, Chrome, Edge"}],"tags":[],"tags_disable_links":"0","hide_more_platforms":"0","video_object":"","demo_hide_cta":"0","demo_hide_cloud_options":"0","pricing_title":"","pricing":[{"pricing_icon":"platform","pricing_title":"Elfsight Apps","pricing_title_caption":"Plattform\u00fcbergreifende Software, die auf jeder Website funktioniert","pricing_price":"ab 0 $ \/ Monat","pricing_price_caption":"Beginnen Sie mit einem kostenlosen Plan","pricing_benefits":[{"text":"Unbegrenzte Domains"},{"text":"Professionelle Unterst\u00fctzung"},{"text":"Kostenloser Installationsservice"},{"text":"Flexibles Design"}],"pricing_button_text":"Zur Website hinzuf\u00fcgen","pricing_button_url":"#demo"}],"related_apps_title":"","related_apps_hidden":"0","author":"","image":[],"title":"","job":"","social_networks":[]},"_links":{"self":[{"href":"https:\/\/elfsight.com\/de\/wp-json\/wp\/v2\/pages\/8218","targetHints":{"allow":["GET"]}}],"collection":[{"href":"https:\/\/elfsight.com\/de\/wp-json\/wp\/v2\/pages"}],"about":[{"href":"https:\/\/elfsight.com\/de\/wp-json\/wp\/v2\/types\/page"}],"author":[{"embeddable":true,"href":"https:\/\/elfsight.com\/de\/wp-json\/wp\/v2\/users\/9"}],"replies":[{"embeddable":true,"href":"https:\/\/elfsight.com\/de\/wp-json\/wp\/v2\/comments?post=8218"}],"version-history":[{"count":2,"href":"https:\/\/elfsight.com\/de\/wp-json\/wp\/v2\/pages\/8218\/revisions"}],"predecessor-version":[{"id":24609,"href":"https:\/\/elfsight.com\/de\/wp-json\/wp\/v2\/pages\/8218\/revisions\/24609"}],"up":[{"embeddable":true,"href":"https:\/\/elfsight.com\/de\/wp-json\/wp\/v2\/pages\/7446"}],"wp:attachment":[{"href":"https:\/\/elfsight.com\/de\/wp-json\/wp\/v2\/media?parent=8218"}],"curies":[{"name":"wp","href":"https:\/\/api.w.org\/{rel}","templated":true}]}}