{"id":8217,"date":"2024-05-03T06:30:59","date_gmt":"2024-05-03T06:30:59","guid":{"rendered":"https:\/\/elfsight.com\/de\/?page_id=8217"},"modified":"2025-02-21T06:29:24","modified_gmt":"2025-02-21T06:29:24","slug":"webnode","status":"publish","type":"page","link":"https:\/\/elfsight.com\/de\/business-hours-widget\/webnode\/","title":{"rendered":"Business Hours &#8211; Webnode"},"content":{"rendered":"\n<div class=\"application-platform-content-item-description application-platform-content-item\" id=\"description\" data-nav-section=\"description\"><h2>Embed Business Hours in Webnode mit einem Elfsight-Widget<\/h2> <p>Elfsight Business Hours f\u00fcr Webnode ist ein einfaches No-Code-Widget, das erm\u00f6glicht es Ihnen, eine auff\u00e4llige Visitenkarte zu erstellen, die die wichtigsten Daten zu Ihrer Arbeit enth\u00e4lt. Sie k\u00f6nnen Informationen zu Ihrem aktuellen Arbeitsstatus anzeigen und Kontakte f\u00fcr Ihre Kunden bereitstellen. Das Widget erm\u00f6glicht es Ihnen, praktische Designs zu erfinden, damit die Kunden schnell alle ben\u00f6tigten Daten finden k\u00f6nnen. <\/p><p>Das hervorragende Widget enth\u00e4lt einige Vorlagen, sodass Sie die effizienteste Option f\u00fcr Ihre Website ausw\u00e4hlen k\u00f6nnen. Jede Vorlage verf\u00fcgt \u00fcber anpassbare Einstellungen, mit denen Sie eine individuelle L\u00f6sung mit erforderlichen Optionen wie Bestell- und Registrierungsschaltfl\u00e4chen erstellen k\u00f6nnen, die den Umsatz steigern. Das Einbetten der Arbeitszeiten und Ihrer Kontaktdaten in Ihre Website-Seiten ist mit Elfsight dank leicht verst\u00e4ndlicher Tutorials und Anleitungen sehr einfach. Jeder Benutzer kann das Widget \u201eGesch\u00e4ftszeiten\u201c ohne Code kostenlos erstellen und einbetten.<\/p> <p><b>Betten Sie Gesch\u00e4ftsdetails in Ihre Website ein, um den Umsatz und die Kundenzufriedenheit zu steigern. Stellen Sie wichtige Informationen zu Ihrer Arbeitst\u00e4tigkeit klar und deutlich dar. <\/b><\/p> <p>Mit diesem in Ihre Webnode-Website eingebetteten Widget k\u00f6nnen Sie Ihre Kunden st\u00e4rker auf Ihr Unternehmen aufmerksam machen und sich h\u00f6here Ums\u00e4tze sichern. Entdecken Sie einige der typischsten Ergebnisse f\u00fcr Ihre Website, wenn Sie ihr das No-Code-Arbeitsframes-Widget hinzuf\u00fcgen. <\/p><ul><li><b>Helfen Sie Ihren Kunden, immer p\u00fcnktlich zu sein. <\/b> Steigern Sie den Umsatz, da Sie innerhalb der angegebenen Arbeitsrahmen immer in Kontakt bleiben. Ihre Website-Besucher sehen Ihre Aktivit\u00e4tsstunden und sind eher davon \u00fcberzeugt, einen erfolgreichen Kauf zu t\u00e4tigen, wenn sie dazu bereit sind. <\/li><li><b>Vermeiden Sie Missverst\u00e4ndnisse \u00fcber Ihre Arbeitszeiten. <\/b> Wenn Sie den Kunden auf der Website Ihre angemessenen Arbeitszeiten zeigen, werden sie sich Ihrer Marke st\u00e4rker widmen. <\/li><li><b>Stellen Sie Kontaktinformationen auf bequeme Weise bereit. <\/b> Durch das Hinzuf\u00fcgen der Kontakte zu Ihrem No-Code-Widget f\u00fcr die Gesch\u00e4ftszeiten k\u00f6nnen Sie eine bessere Kommunikation mit Ihren Kunden aufbauen und den Verkauf beschleunigen. Zeigen Sie, dass Sie hier sind, um auf ihre Anfragen zu den Produkten und Dienstleistungen Ihres Unternehmens zu antworten, was zu mehr Vertrauen und Ansehen f\u00fchrt. <\/li><\/ul><div class=\"faq\" data-component=\"FAQ\"><div class=\"faq-item\">\r\n\t\t\t\t\t<div class=\"faq-item-question\">\r\n\t\t\t\t\t\t<h3 class=\"faq-item-question-text\">Bieten Sie weitere Plugins f\u00fcr Webnode an, die ich zu meiner Website hinzuf\u00fcgen kann?<\/h3>\r\n\r\n\t\t\t\t\t\t<div class=\"faq-item-question-icon\"><\/div>\r\n\t\t\t\t\t<\/div>\r\n\r\n\t\t\t\t\t<div class=\"faq-item-answer\">\r\n\t\t\t\t\t\t<div class=\"faq-item-answer-text\">Wir k\u00f6nnen Ihnen viele Plugins zur Verf\u00fcgung stellen, mit denen Sie jedes Ziel erreichen k\u00f6nnen deine Seite. Zum Beispiel: <a href=\"https:\/\/elfsight.com\/google-reviews-widget\/webnode\/\" target=\"_blank\" rel=\"noopener\">Google Reviews<\/a>, <a href=\"https:\/\/elfsight.com\/whatsapp-chat-widget\/webnode\/\" target=\"_blank\" rel=\"noopener\">WhatsApp Chat<\/a>, <a href=\"https:\/\/elfsight.com\/event-calendar-widget\/webnode\/\" target=\"_blank\" rel=\"noopener\">Veranstaltungskalender<\/a>, <a href=\"https:\/\/elfsight.com\/countdown-timer-widget\/webnode\/\" target=\"_blank\" rel=\"noopener\">Countdown-Timer<\/a>, <a href=\"https:\/\/elfsight.com\/qr-code-widget\/webnode\/\" target=\"_blank\" rel=\"noopener\">QR-Code<\/a>. <\/div>\r\n\t\t\t\t\t<\/div>\r\n\t\t\t\t<\/div><div class=\"faq-item\">\r\n\t\t\t\t\t<div class=\"faq-item-question\">\r\n\t\t\t\t\t\t<h3 class=\"faq-item-question-text\">Wie kann ich Gesch\u00e4ftszeiten auf Webnode nutzen?<\/h3>\r\n\r\n\t\t\t\t\t\t<div class=\"faq-item-question-icon\"><\/div>\r\n\t\t\t\t\t<\/div>\r\n\r\n\t\t\t\t\t<div class=\"faq-item-answer\">\r\n\t\t\t\t\t\t<div class=\"faq-item-answer-text\">Es gibt viele M\u00f6glichkeiten, die Konversionsraten und Verkaufsergebnisse durch das Hinzuf\u00fcgen eines Gesch\u00e4ftszeiten-Plugins zu verbessern. Mit den Vorlagen von Elfsight f\u00fcr dieses gro\u00dfartige Plugin f\u00fcr Websites k\u00f6nnen Sie individuelle Gesch\u00e4ftstaktiken erstellen. Sie k\u00f6nnen entweder erweiterte Informationen zu Ihren Arbeitszeiten anzeigen oder einfach ein kompaktes Aktivit\u00e4tsstatus-Popup einbetten. Sie k\u00f6nnen mit unserem Gesch\u00e4ftszeiten-Plugin Kontaktkarten erstellen und diese an gew\u00fcnschten Standorten auf der Website hinzuf\u00fcgen, um Aufmerksamkeit zu erregen und die Kunden \u00fcber Ihre Aktivit\u00e4ten zu informieren, um Verk\u00e4ufe anzuregen. <\/div>\r\n\t\t\t\t\t<\/div>\r\n\t\t\t\t<\/div><div class=\"faq-item\">\r\n\t\t\t\t\t<div class=\"faq-item-question\">\r\n\t\t\t\t\t\t<h3 class=\"faq-item-question-text\">Wie f\u00fcge ich das Business Hours-Plugin ohne Code kostenlos zu Webnode-Websites hinzu?<\/h3>\r\n\r\n\t\t\t\t\t\t<div class=\"faq-item-question-icon\"><\/div>\r\n\t\t\t\t\t<\/div>\r\n\r\n\t\t\t\t\t<div class=\"faq-item-answer\">\r\n\t\t\t\t\t\t<div class=\"faq-item-answer-text\">Die Integration eines Business Hours-Plugins in Ihre Webnode-Website ist eine einfache Methode, um mit Kunden zu kommunizieren und sie \u00fcber Ihre Bereitschaft zu informieren Um Verk\u00e4ufe zu t\u00e4tigen oder Dienstleistungen zu erbringen. Hier finden Sie einige Tutorials zum Hinzuf\u00fcgen des Betriebsstunden-Plugins zu Ihrer Website. <ol><li>Wenn Sie ein Elfsight Business Hours-Plugin kostenlos in Webnode integrieren m\u00fcssen, gehen Sie zur Elfsight-Website und erstellen Sie ein Konto. <\/li><li>Passen Sie die kostenlosen Gesch\u00e4ftszeiten ohne Code an, indem Sie das Erscheinungsbild und die Einstellungen an das Design Ihrer Website anpassen. <\/li><li>Kopieren Sie nach der Erstellung Ihrer No-Code-Gesch\u00e4ftszeiten das spezielle Code-Snippet und f\u00fcgen Sie es in den HTML-Code Ihrer Website ein, wo das Plugin sein soll. <\/li><\/ol>Durch das Einf\u00fcgen Ihrer Gesch\u00e4ftszeiten in Ihre Webnode-Website steigern Sie deren visuelle Attraktivit\u00e4t und motivieren zu einer stabilen Kundenbindung. Erleben Sie die Vorteile der Elfsight-Gesch\u00e4ftszeiten kostenlos f\u00fcr Sie!<\/div>\r\n\t\t\t\t\t<\/div>\r\n\t\t\t\t<\/div><\/div><\/div> <div class=\"application-platform-content-item-features application-platform-content-item\" id=\"features\" data-nav-section=\"features\"> <h2>Die wichtigsten Widget-Funktionen bieten<\/h2> <ul><li>Zeigen Sie die Verf\u00fcgbarkeit Ihrer Organisation in Echtzeit an<\/li><li>Benutzerfreundliche Zeitplaneinrichtung<\/li><li>Konfiguration von Sonderveranstaltungen<\/li><li>Aktuelle Aktivit\u00e4tsanzeige<\/li><li>Einf\u00fcgbares Raster oder kompakter Status<\/li><\/ul><p><a href=\"#demo\">Probieren Sie einfach diese Demo aus, um zu sehen, was das Widget wert ist<\/a><\/p> <\/div> <div class=\"application-platform-content-item-Installation application-platform-content-item\" id=\"Installation\" data-nav-section=\"Installation\"> <h2>Wie kann ich Business Hours in meine Webnode-Website integrieren?<\/h2> <p>Befolgen Sie einfach die unten aufgef\u00fchrten Schritte, um das Plugin in Ihren Arbeitsschichten zu verwenden. <\/p> <ol><li><b>\u00d6ffnen Sie unseren Editor und beginnen Sie mit der Gestaltung Ihres eigenen No-Code-Plugins. <\/b><br> W\u00e4hlen Sie die gew\u00fcnschten Schnittstellen- und Funktionsmerkmale des Plugins aus und speichern Sie die Korrekturen. <\/li> <li><b>Lassen Sie Ihren einzigartigen Code in der speziellen Form auf Elfsight Apps erscheinen. <\/b><br> Nachdem die Einrichtung Ihrer pers\u00f6nlichen Aktivit\u00e4tsstunden-App ohne Code abgeschlossen ist, kopieren Sie den exklusiven Code aus dem angezeigten Fenster und bewahren Sie ihn f\u00fcr die zuk\u00fcnftige Verwendung auf. <\/li> <li><b>Erstens beginnen Sie mit der Verwendung des Plugins auf Ihrer Webnode-Site. <\/b><br> F\u00fcgen Sie den zuvor gespeicherten Code in Ihre Website ein und speichern Sie die Anpassungen. <\/li> <li><b>Fertig! Die Integration Ihrer No-Code-Gesch\u00e4ftszeiten wurde erfolgreich abgeschlossen. <\/b><br> Besuchen Sie Ihre Website, um zu \u00fcberpr\u00fcfen, wie die App f\u00fcr hinzugef\u00fcgte Betriebsstunden funktioniert. <\/li><\/ol> <p>Sollten Sie auf Schwierigkeiten sto\u00dfen, z\u00f6gern Sie nicht, sich an unsere Kundendienstmitarbeiter zu wenden. Unsere Spezialisten helfen Ihnen gerne bei allen Problemen, die Sie mit dem Produkt f\u00fcr Webnode haben. <\/p> <\/div>\n","protected":false},"excerpt":{"rendered":"","protected":false},"author":9,"featured_media":0,"parent":7446,"menu_order":0,"comment_status":"closed","ping_status":"closed","template":"templates\/template-application-platform.php","meta":{"publish_to_discourse":"","publish_post_category":"","wpdc_auto_publish_overridden":"","wpdc_topic_tags":"","wpdc_pin_topic":"","wpdc_pin_until":"","discourse_post_id":"","discourse_permalink":"","wpdc_publishing_response":"","wpdc_publishing_error":"","footnotes":""},"class_list":["post-8217","page","type-page","status-publish","hentry"],"yoast_head":"<!-- This site is optimized with the Yoast SEO plugin v25.3.1 - https:\/\/yoast.com\/wordpress\/plugins\/seo\/ -->\n<title>Gesch\u00e4ftszeiten zu Webnode hinzuf\u00fcgen \u2013 Kostenlose Arbeitsrahmen einbetten<\/title>\n<meta name=\"description\" content=\"Integrieren Sie eine anpassbare Gesch\u00e4ftszeiten-App in Webnode, um Ihren Gesch\u00e4ftsstatus anzuzeigen. Erstellen Sie mit der Demo Ihre eigenen Arbeitszeiten.\" \/>\n<meta name=\"robots\" content=\"index, follow, max-snippet:-1, max-image-preview:large, max-video-preview:-1\" \/>\n<link rel=\"canonical\" href=\"https:\/\/elfsight.com\/de\/business-hours-widget\/webnode\/\" \/>\n<meta property=\"og:locale\" content=\"de_DE\" \/>\n<meta property=\"og:type\" content=\"article\" \/>\n<meta property=\"og:title\" content=\"Gesch\u00e4ftszeiten zu Webnode hinzuf\u00fcgen \u2013 Kostenlose Arbeitsrahmen einbetten\" \/>\n<meta property=\"og:description\" content=\"Integrieren Sie eine anpassbare Gesch\u00e4ftszeiten-App in Webnode, um Ihren Gesch\u00e4ftsstatus anzuzeigen. Erstellen Sie mit der Demo Ihre eigenen Arbeitszeiten.\" \/>\n<meta property=\"og:url\" content=\"https:\/\/elfsight.com\/de\/business-hours-widget\/webnode\/\" \/>\n<meta property=\"og:site_name\" content=\"Elfsight DE\" \/>\n<meta property=\"article:modified_time\" content=\"2025-02-21T06:29:24+00:00\" \/>\n<meta name=\"twitter:card\" content=\"summary_large_image\" \/>\n<meta name=\"twitter:label1\" content=\"Gesch\u00e4tzte Lesezeit\" \/>\n\t<meta name=\"twitter:data1\" content=\"5\u00a0Minuten\" \/>\n<!-- \/ Yoast SEO plugin. -->","yoast_head_json":{"title":"Gesch\u00e4ftszeiten zu Webnode hinzuf\u00fcgen \u2013 Kostenlose Arbeitsrahmen einbetten","description":"Integrieren Sie eine anpassbare Gesch\u00e4ftszeiten-App in Webnode, um Ihren Gesch\u00e4ftsstatus anzuzeigen. Erstellen Sie mit der Demo Ihre eigenen Arbeitszeiten.","robots":{"index":"index","follow":"follow","max-snippet":"max-snippet:-1","max-image-preview":"max-image-preview:large","max-video-preview":"max-video-preview:-1"},"canonical":"https:\/\/elfsight.com\/de\/business-hours-widget\/webnode\/","og_locale":"de_DE","og_type":"article","og_title":"Gesch\u00e4ftszeiten zu Webnode hinzuf\u00fcgen \u2013 Kostenlose Arbeitsrahmen einbetten","og_description":"Integrieren Sie eine anpassbare Gesch\u00e4ftszeiten-App in Webnode, um Ihren Gesch\u00e4ftsstatus anzuzeigen. Erstellen Sie mit der Demo Ihre eigenen Arbeitszeiten.","og_url":"https:\/\/elfsight.com\/de\/business-hours-widget\/webnode\/","og_site_name":"Elfsight DE","article_modified_time":"2025-02-21T06:29:24+00:00","twitter_card":"summary_large_image","twitter_misc":{"Gesch\u00e4tzte Lesezeit":"5\u00a0Minuten"},"schema":{"@context":"https:\/\/schema.org","@graph":[{"@type":"WebPage","@id":"https:\/\/elfsight.com\/de\/business-hours-widget\/webnode\/","url":"https:\/\/elfsight.com\/de\/business-hours-widget\/webnode\/","name":"Gesch\u00e4ftszeiten zu Webnode hinzuf\u00fcgen \u2013 Kostenlose Arbeitsrahmen einbetten","isPartOf":{"@id":"https:\/\/elfsight.com\/de\/#website"},"datePublished":"2024-05-03T06:30:59+00:00","dateModified":"2025-02-21T06:29:24+00:00","description":"Integrieren Sie eine anpassbare Gesch\u00e4ftszeiten-App in Webnode, um Ihren Gesch\u00e4ftsstatus anzuzeigen. Erstellen Sie mit der Demo Ihre eigenen Arbeitszeiten.","breadcrumb":{"@id":"https:\/\/elfsight.com\/de\/business-hours-widget\/webnode\/#breadcrumb"},"inLanguage":"de","potentialAction":[{"@type":"ReadAction","target":["https:\/\/elfsight.com\/de\/business-hours-widget\/webnode\/"]}]},{"@type":"BreadcrumbList","@id":"https:\/\/elfsight.com\/de\/business-hours-widget\/webnode\/#breadcrumb","itemListElement":[{"@type":"ListItem","position":1,"name":"Home","item":"https:\/\/elfsight.com\/de\/"},{"@type":"ListItem","position":2,"name":"Business Hours","item":"https:\/\/elfsight.com\/de\/business-hours-widget\/"},{"@type":"ListItem","position":3,"name":"Business Hours &#8211; Webnode"}]},{"@type":"WebSite","@id":"https:\/\/elfsight.com\/de\/#website","url":"https:\/\/elfsight.com\/de\/","name":"Elfsight DE","description":"Just another Elfsight Sites site","potentialAction":[{"@type":"SearchAction","target":{"@type":"EntryPoint","urlTemplate":"https:\/\/elfsight.com\/de\/?s={search_term_string}"},"query-input":{"@type":"PropertyValueSpecification","valueRequired":true,"valueName":"search_term_string"}}],"inLanguage":"de"}]}},"meta_box":{"industry":"","seo_heading":"","heading":"","description":"","cta_heading":"","cta_description":"","application":"7437","h1":"Widget \u201eGesch\u00e4ftszeiten\u201c von Webnode","h1_caption":"Zeigen Sie Ihre Gesch\u00e4ftszeiten in einem klaren und attraktiven Format an, um Besucher m\u00fchelos \u00fcber Ihre Verf\u00fcgbarkeit auf Ihrer Webnode-Website zu informieren.","application_category":[],"applications_title":"","applications_request_title":"","applications_request_button_text":"","hero_text":"","hero_video":"","hero_video_schema_markup":"","selling_points_title":"","selling_points_caption":"","selling_points":[],"selling_points_cta_text":"","features_title":"","features":"","ed_cta_examples_text":"","ed_cta_examples_hidden":"","ed_cta_demo_text":"","ed_cta_demo_hidden":"","why_caption":"","why_editor_title":"","why_editor_text":"","why_team_title":"","why_team_text":"","why_service_title":"","why_service_text":"","template_catalog_visible":"0","template_catalog_title":"","template_catalog_text":"","template_catalog_categories_visible":"","demo_title":"Erstellen Sie Ihr Gesch\u00e4ftszeiten-Widget","demo_caption":"Konfigurieren Sie Ihre Gesch\u00e4ftszeiten und f\u00fcgen Sie sie kostenlos zu Ihrer Webnode-Website hinzu!","default_faq_hidden":"","app_template_category":[],"platform":"248","template_public_id":"","codecanyon_url":"","codecanyon_item_id":"","codecanyon_price":"","pricing_caption":"","pricing_elfsight_apps_hide_column":"","pricing_elfsight_apps_url":"","pricing_codecanyon_price_caption":"","integration_category":[],"integration_request_title":"","integration_request_cta":"","integration_platform":"","integrations":[],"platform_category":[],"video_schema_markup":"","price":"ab 0 $ \/ Monat","trial":"","benefits":[{"text":"Kostenlose Installationsunterst\u00fctzung"},{"text":"Professioneller Kundenservice"},{"text":"14-t\u00e4gige Geld-zur\u00fcck-Garantie"},{"text":"St\u00e4ndige Aktualisierung"}],"button_url":"#demo","button_target_blank":"0","button_nofollow":"0","attributes":[{"name":"Installiert","content":"10,000 - 100,000"},{"name":"Reaktionsfreudig","content":"Ja"},{"name":"Kompatible Browser","content":"Firefox, Safari, Opera, Chrome, Edge"}],"tags":[],"tags_disable_links":"0","hide_more_platforms":"0","video_object":"","demo_hide_cta":"0","demo_hide_cloud_options":"0","pricing_title":"","pricing":[{"pricing_icon":"platform","pricing_title":"Elfsight Apps","pricing_title_caption":"Plattformunabh\u00e4ngige L\u00f6sung, die f\u00fcr jede Website geeignet ist","pricing_price":"ab 0 $ \/ Monat","pricing_price_caption":"Beginnen Sie mit einem kostenlosen Plan","pricing_benefits":[{"text":"Unbegrenzte Domains"},{"text":"Professioneller Kundensupport"},{"text":"Kostenlose Installationsunterst\u00fctzung"},{"text":"100 % anpassbar"}],"pricing_button_text":"Zur Website hinzuf\u00fcgen","pricing_button_url":"#demo"}],"related_apps_title":"","related_apps_hidden":"0","author":"","image":[],"title":"","job":"","social_networks":[]},"_links":{"self":[{"href":"https:\/\/elfsight.com\/de\/wp-json\/wp\/v2\/pages\/8217","targetHints":{"allow":["GET"]}}],"collection":[{"href":"https:\/\/elfsight.com\/de\/wp-json\/wp\/v2\/pages"}],"about":[{"href":"https:\/\/elfsight.com\/de\/wp-json\/wp\/v2\/types\/page"}],"author":[{"embeddable":true,"href":"https:\/\/elfsight.com\/de\/wp-json\/wp\/v2\/users\/9"}],"replies":[{"embeddable":true,"href":"https:\/\/elfsight.com\/de\/wp-json\/wp\/v2\/comments?post=8217"}],"version-history":[{"count":3,"href":"https:\/\/elfsight.com\/de\/wp-json\/wp\/v2\/pages\/8217\/revisions"}],"predecessor-version":[{"id":24618,"href":"https:\/\/elfsight.com\/de\/wp-json\/wp\/v2\/pages\/8217\/revisions\/24618"}],"up":[{"embeddable":true,"href":"https:\/\/elfsight.com\/de\/wp-json\/wp\/v2\/pages\/7446"}],"wp:attachment":[{"href":"https:\/\/elfsight.com\/de\/wp-json\/wp\/v2\/media?parent=8217"}],"curies":[{"name":"wp","href":"https:\/\/api.w.org\/{rel}","templated":true}]}}