{"id":8212,"date":"2024-05-03T06:30:58","date_gmt":"2024-05-03T06:30:58","guid":{"rendered":"https:\/\/elfsight.com\/de\/?page_id=8212"},"modified":"2025-02-21T06:48:21","modified_gmt":"2025-02-21T06:48:21","slug":"jimdo","status":"publish","type":"page","link":"https:\/\/elfsight.com\/de\/business-hours-widget\/jimdo\/","title":{"rendered":"Business Hours &#8211; Jimdo"},"content":{"rendered":"\n<div class=\"application-platform-content-item-description application-platform-content-item\" id=\"description\" data-nav-section=\"description\"><h2>Einbetten von Gesch\u00e4ftszeiten in Jimdo mit einem Elfsight-Widget<\/h2> <p>Elfsight Gesch\u00e4ftszeiten f\u00fcr Jimdo ist ein einfaches No-Code-Widget, das dies erm\u00f6glicht Sie k\u00f6nnen eine attraktive Visitenkarte mit den wichtigsten Informationen zu Ihrer Arbeit erstellen. Sie k\u00f6nnen Informationen zu Ihrem Arbeitsstatus hinzuf\u00fcgen und Kontakte f\u00fcr Ihre Kunden bereitstellen. Mit dem Widget k\u00f6nnen Sie praktische Designs erstellen, sodass die Kunden schnell alle erforderlichen Informationen kurz oder detaillierter einsehen k\u00f6nnen. <\/p><p>Das wunderbare Widget bietet eine Reihe von Vorlagen, sodass Sie die beste Option f\u00fcr Ihre Website ausw\u00e4hlen k\u00f6nnen. Jede Vorlage enth\u00e4lt flexible Einstellungen, mit denen Sie eine individuelle L\u00f6sung mit erforderlichen Elementen wie Bestell- und Registrierungsschaltfl\u00e4chen entwickeln k\u00f6nnen, die den Umsatz steigern. Das Hinzuf\u00fcgen der Arbeitszeiten und der Kontaktdaten Ihres Unternehmens zu Ihrer Website ist mit Elfsight dank klarer Tutorials und Anweisungen ganz einfach. Jeder Benutzer kann das Widget \u201eGesch\u00e4ftszeiten\u201c ohne Code kostenlos entwickeln und hinzuf\u00fcgen.<\/p> <p><b>F\u00fcgen Sie Gesch\u00e4ftsdetails zu Ihrer Website hinzu, um die Verkaufsraten und die Kundenbindung zu verbessern. Machen Sie aussagekr\u00e4ftige Informationen zu Ihrer Arbeitst\u00e4tigkeit klar und deutlich. <\/b><\/p> <p>Mit diesem in Ihre Jimdo-Website eingebetteten Widget k\u00f6nnen Sie Ihre Kunden st\u00e4rker auf Ihre Gesch\u00e4ftsprozesse aufmerksam machen und mehr Verk\u00e4ufe t\u00e4tigen. Achten Sie auf einige der offensichtlichsten positiven Ergebnisse f\u00fcr Ihre Website, nachdem Sie das No-Code-Arbeitsframes-Widget darin eingebettet haben. <\/p><ul><li><b>Sorgen Sie daf\u00fcr, dass Ihre Kunden immer p\u00fcnktlich sind. <\/b> Steigern Sie den Umsatz, indem Sie innerhalb der entsprechenden Arbeitsrahmen st\u00e4ndig in Kontakt bleiben. Ihre Website-Besucher werden auf Ihre Verf\u00fcgbarkeitszeiten achten und sich st\u00e4rker f\u00fcr einen erfolgreichen Kauf entscheiden, wenn sie dazu bereit sind. <\/li><li><b>Vermeiden Sie Missverst\u00e4ndnisse bez\u00fcglich Ihrer Arbeitszeiten. <\/b> Wenn Sie den Kunden auf der Website Ihre unkomplizierten Arbeitszeiten anzeigen, werden sie sich Ihrer Marke st\u00e4rker widmen, da sie eine Reservierung oder einen Besuch bei Ihnen planen k\u00f6nnen. <\/li><li><b>Kontakte bequem anzeigen. <\/b> Durch das Hinzuf\u00fcgen der Kontaktinformationen zu Ihrem No-Code-Bedienungszeiten-Widget k\u00f6nnen Sie eine bessere Kommunikation mit Ihrem Publikum aufbauen und den Verkauf beschleunigen. Zeigen Sie, dass Sie hier sind, um auf ihre Anfragen zu den Produkten Ihres Unternehmens zu antworten. <\/li><\/ul><div class=\"faq\" data-component=\"FAQ\"><div class=\"faq-item\">\r\n\t\t\t\t\t<div class=\"faq-item-question\">\r\n\t\t\t\t\t\t<h3 class=\"faq-item-question-text\">Gibt es noch andere Plugins f\u00fcr Jimdo, die ich in meine Website integrieren kann?<\/h3>\r\n\r\n\t\t\t\t\t\t<div class=\"faq-item-question-icon\"><\/div>\r\n\t\t\t\t\t<\/div>\r\n\r\n\t\t\t\t\t<div class=\"faq-item-answer\">\r\n\t\t\t\t\t\t<div class=\"faq-item-answer-text\">Wir k\u00f6nnen Ihnen viele Plugins anbieten, mit denen Sie jedes Ziel auf Ihrer Website erreichen k\u00f6nnen. \u00dcberzeugen Sie sich selbst: <a href=\"https:\/\/elfsight.com\/google-reviews-widget\/jimdo\/\" target=\"_blank\" rel=\"noopener\">Google Reviews<\/a>, <a href=\"https:\/\/elfsight.com\/whatsapp-chat-widget\/jimdo\/\" target=\"_blank\" rel=\"noopener\">WhatsApp Chat<\/a>, <a href=\"https:\/\/elfsight.com\/event-calendar-widget\/jimdo\/\" target=\"_blank\" rel=\"noopener\">Veranstaltungskalender<\/a>, <a href=\"https:\/\/elfsight.com\/countdown-timer-widget\/jimdo\/\" target=\"_blank \" rel=\"noopener\">Countdown-Timer<\/a>, <a href=\"https:\/\/elfsight.com\/qr-code-widget\/jimdo\/\" target=\"_blank\" rel=\"noopener\">QR-Code<\/a>. <\/div>\r\n\t\t\t\t\t<\/div>\r\n\t\t\t\t<\/div><div class=\"faq-item\">\r\n\t\t\t\t\t<div class=\"faq-item-question\">\r\n\t\t\t\t\t\t<h3 class=\"faq-item-question-text\">Wie kann ich von den Gesch\u00e4ftszeiten auf Jimdo profitieren?<\/h3>\r\n\r\n\t\t\t\t\t\t<div class=\"faq-item-question-icon\"><\/div>\r\n\t\t\t\t\t<\/div>\r\n\r\n\t\t\t\t\t<div class=\"faq-item-answer\">\r\n\t\t\t\t\t\t<div class=\"faq-item-answer-text\">Es gibt viele Szenarien, um Conversion-Statistiken und Verkaufsergebnisse durch das Hinzuf\u00fcgen eines Gesch\u00e4ftszeiten-Plugins zu verbessern. Mit den Vorlagen von Elfsight f\u00fcr dieses spannende Plugin f\u00fcr Websites k\u00f6nnen Sie individuelle Gesch\u00e4ftstaktiken finden. Sie k\u00f6nnen sich entweder erweiterte Informationen zu Ihren Betriebsstunden anzeigen lassen oder einfach eine minimalistische aktuelle Statusleiste einbetten. Sie k\u00f6nnen mit unserem Gesch\u00e4ftszeiten-Plugin Kontaktkarten erstellen und diese zu den erforderlichen Website-Bereichen hinzuf\u00fcgen, um Aufmerksamkeit zu erregen und alle \u00fcber Ihre Aktivit\u00e4ten zu informieren und so den Umsatz zu steigern. <\/div>\r\n\t\t\t\t\t<\/div>\r\n\t\t\t\t<\/div><div class=\"faq-item\">\r\n\t\t\t\t\t<div class=\"faq-item-question\">\r\n\t\t\t\t\t\t<h3 class=\"faq-item-question-text\">Wie binde ich das No-Code-Plugin f\u00fcr Gesch\u00e4ftszeiten kostenlos in Jimdo-Websites ein?<\/h3>\r\n\r\n\t\t\t\t\t\t<div class=\"faq-item-question-icon\"><\/div>\r\n\t\t\t\t\t<\/div>\r\n\r\n\t\t\t\t\t<div class=\"faq-item-answer\">\r\n\t\t\t\t\t\t<div class=\"faq-item-answer-text\">Das Einbetten eines Gesch\u00e4ftszeiten-Plugins in Ihre Jimdo-Website ist eine gro\u00dfartige M\u00f6glichkeit, allen Ihre Verf\u00fcgbarkeit f\u00fcr Verk\u00e4ufe zu zeigen. Hier finden Sie kurze Tutorials zum Hinzuf\u00fcgen des kostenlosen No-Code-Betriebsstunden-Plugins zu Ihrer Website. <ol><li>Wenn Sie ein Elfsight Business Hours-Plugin in Jimdo integrieren m\u00fcssen, gehen Sie zur Elfsight-Website und melden Sie sich an. <\/li><li>Erstellen Sie das Gesch\u00e4ftszeiten-Plugin, indem Sie dessen Erscheinungsbild und Einstellungen an das Design Ihrer Website anpassen. <\/li><li>Nachdem Sie Ihre kostenlosen Gesch\u00e4ftszeiten ohne Code erstellt haben, kopieren Sie den Code und f\u00fcgen Sie ihn dort auf Ihrer Website ein, wo das Plugin angezeigt werden soll. <\/li><\/ol>Durch das Einf\u00fcgen Ihrer Gesch\u00e4ftszeiten in Ihre Jimdo-Website werden Sie deren visuelles Erscheinungsbild mit Sicherheit aufwerten. Erleben Sie die Vorteile der Elfsight-Gesch\u00e4ftszeiten kostenlos f\u00fcr Sie! <\/div>\r\n\t\t\t\t\t<\/div>\r\n\t\t\t\t<\/div><\/div><\/div> <div class=\"application-platform-content-item-features application-platform-content-item\" id=\"features\" data-nav-section=\"features\"> <h2>Dies sind nur einige der zahlreichen Widget-Funktionen:<\/h2> <ul><li>Pr\u00e4sentieren Sie den aktuellen Status Ihres Unternehmens<\/li><li>Benutzerfreundliche Anpassung des Betriebszeitraums<\/li><li>Konfiguration spezieller Ereignisse<\/li><li>Echtzeit-Aktivit\u00e4tsstatus<\/li><li>Integrierbares Diagramm oder kompakter Status<\/li> <\/ul><p><a href=\"#demo\">Schauen Sie sich einfach diese Demo an, um einen vollst\u00e4ndigen \u00dcberblick zu erhalten<\/a><\/p><\/div> <div class=\"application-platform-content-item-installation application-platform-content-item\" id=\"installation\" data-nav-section=\"installation\"> <h2>Anleitung Business Hours auf meiner Jimdo-Website installieren?<\/h2> <p>Folgen Sie einfach den Anweisungen unten, um das Plugin in Ihren Aktivit\u00e4tsstatus zu integrieren. <\/p> <ol><li><b>F\u00fchren Sie unseren Editor aus und beginnen Sie mit der Erstellung Ihres ma\u00dfgeschneiderten No-Code-Plugins. <\/b><br> Suchen Sie die ausgew\u00e4hlte Form und die Funktionen des Plugins und \u00fcbernehmen Sie die \u00c4nderungen. <\/li> <li><b>Erhalten Sie den individuellen Code, der im Fenster von Elfsight Apps angezeigt wird. <\/b><br> Nachdem die Erstellung Ihrer pers\u00f6nlichen No-Code-Aktivit\u00e4tsstunden-App abgeschlossen ist, kopieren Sie den exklusiven Code im angezeigten Popup und bewahren Sie ihn f\u00fcr einen sp\u00e4teren Bedarf auf. <\/li> <li><b>Beginnen Sie mit der Verwendung des Plugins auf der Jimdo-Webseite. <\/b><br> Integrieren Sie den k\u00fcrzlich kopierten Code in Ihre Homepage und wenden Sie die Verbesserungen an. <\/li> <li><b>Fertig! Die Integration Ihrer No-Code-Gesch\u00e4ftszeiten ist vollst\u00e4ndig abgeschlossen. <\/b><br> Besuchen Sie Ihre Website, um zu \u00fcberpr\u00fcfen, wie die \u00d6ffnungszeiten-App funktioniert. <\/li><\/ol> <p>Wenn Sie auf Schwierigkeiten sto\u00dfen, schreiben Sie bitte an unser Support-Team. Unsere Mitarbeiter helfen Ihnen gerne bei allen Fragen, die Sie zum Produkt f\u00fcr Jimdo haben. <\/p> <\/div>\n","protected":false},"excerpt":{"rendered":"","protected":false},"author":9,"featured_media":0,"parent":7446,"menu_order":0,"comment_status":"closed","ping_status":"closed","template":"templates\/template-application-platform.php","meta":{"publish_to_discourse":"","publish_post_category":"","wpdc_auto_publish_overridden":"","wpdc_topic_tags":"","wpdc_pin_topic":"","wpdc_pin_until":"","discourse_post_id":"","discourse_permalink":"","wpdc_publishing_response":"","wpdc_publishing_error":"","footnotes":""},"class_list":["post-8212","page","type-page","status-publish","hentry"],"yoast_head":"<!-- This site is optimized with the Yoast SEO plugin v25.3.1 - https:\/\/yoast.com\/wordpress\/plugins\/seo\/ -->\n<title>F\u00fcgen Sie Gesch\u00e4ftszeiten zu Jimdo hinzu \u2013 Integrieren Sie kostenlos schnelle Aktivit\u00e4tszeiten<\/title>\n<meta name=\"description\" content=\"F\u00fcgen Sie auf Jimdo ein anpassbares Gesch\u00e4ftszeiten-Widget hinzu, um Ihren Arbeitsstatus zu teilen. Gestalten Sie Ihre pers\u00f6nlichen Arbeitszeiten mit der Demo.\" \/>\n<meta name=\"robots\" content=\"index, follow, max-snippet:-1, max-image-preview:large, max-video-preview:-1\" \/>\n<link rel=\"canonical\" href=\"https:\/\/elfsight.com\/de\/business-hours-widget\/jimdo\/\" \/>\n<meta property=\"og:locale\" content=\"de_DE\" \/>\n<meta property=\"og:type\" content=\"article\" \/>\n<meta property=\"og:title\" content=\"F\u00fcgen Sie Gesch\u00e4ftszeiten zu Jimdo hinzu \u2013 Integrieren Sie kostenlos schnelle Aktivit\u00e4tszeiten\" \/>\n<meta property=\"og:description\" content=\"F\u00fcgen Sie auf Jimdo ein anpassbares Gesch\u00e4ftszeiten-Widget hinzu, um Ihren Arbeitsstatus zu teilen. Gestalten Sie Ihre pers\u00f6nlichen Arbeitszeiten mit der Demo.\" \/>\n<meta property=\"og:url\" content=\"https:\/\/elfsight.com\/de\/business-hours-widget\/jimdo\/\" \/>\n<meta property=\"og:site_name\" content=\"Elfsight DE\" \/>\n<meta property=\"article:modified_time\" content=\"2025-02-21T06:48:21+00:00\" \/>\n<meta name=\"twitter:card\" content=\"summary_large_image\" \/>\n<meta name=\"twitter:label1\" content=\"Gesch\u00e4tzte Lesezeit\" \/>\n\t<meta name=\"twitter:data1\" content=\"5\u00a0Minuten\" \/>\n<!-- \/ Yoast SEO plugin. -->","yoast_head_json":{"title":"F\u00fcgen Sie Gesch\u00e4ftszeiten zu Jimdo hinzu \u2013 Integrieren Sie kostenlos schnelle Aktivit\u00e4tszeiten","description":"F\u00fcgen Sie auf Jimdo ein anpassbares Gesch\u00e4ftszeiten-Widget hinzu, um Ihren Arbeitsstatus zu teilen. Gestalten Sie Ihre pers\u00f6nlichen Arbeitszeiten mit der Demo.","robots":{"index":"index","follow":"follow","max-snippet":"max-snippet:-1","max-image-preview":"max-image-preview:large","max-video-preview":"max-video-preview:-1"},"canonical":"https:\/\/elfsight.com\/de\/business-hours-widget\/jimdo\/","og_locale":"de_DE","og_type":"article","og_title":"F\u00fcgen Sie Gesch\u00e4ftszeiten zu Jimdo hinzu \u2013 Integrieren Sie kostenlos schnelle Aktivit\u00e4tszeiten","og_description":"F\u00fcgen Sie auf Jimdo ein anpassbares Gesch\u00e4ftszeiten-Widget hinzu, um Ihren Arbeitsstatus zu teilen. Gestalten Sie Ihre pers\u00f6nlichen Arbeitszeiten mit der Demo.","og_url":"https:\/\/elfsight.com\/de\/business-hours-widget\/jimdo\/","og_site_name":"Elfsight DE","article_modified_time":"2025-02-21T06:48:21+00:00","twitter_card":"summary_large_image","twitter_misc":{"Gesch\u00e4tzte Lesezeit":"5\u00a0Minuten"},"schema":{"@context":"https:\/\/schema.org","@graph":[{"@type":"WebPage","@id":"https:\/\/elfsight.com\/de\/business-hours-widget\/jimdo\/","url":"https:\/\/elfsight.com\/de\/business-hours-widget\/jimdo\/","name":"F\u00fcgen Sie Gesch\u00e4ftszeiten zu Jimdo hinzu \u2013 Integrieren Sie kostenlos schnelle Aktivit\u00e4tszeiten","isPartOf":{"@id":"https:\/\/elfsight.com\/de\/#website"},"datePublished":"2024-05-03T06:30:58+00:00","dateModified":"2025-02-21T06:48:21+00:00","description":"F\u00fcgen Sie auf Jimdo ein anpassbares Gesch\u00e4ftszeiten-Widget hinzu, um Ihren Arbeitsstatus zu teilen. Gestalten Sie Ihre pers\u00f6nlichen Arbeitszeiten mit der Demo.","breadcrumb":{"@id":"https:\/\/elfsight.com\/de\/business-hours-widget\/jimdo\/#breadcrumb"},"inLanguage":"de","potentialAction":[{"@type":"ReadAction","target":["https:\/\/elfsight.com\/de\/business-hours-widget\/jimdo\/"]}]},{"@type":"BreadcrumbList","@id":"https:\/\/elfsight.com\/de\/business-hours-widget\/jimdo\/#breadcrumb","itemListElement":[{"@type":"ListItem","position":1,"name":"Home","item":"https:\/\/elfsight.com\/de\/"},{"@type":"ListItem","position":2,"name":"Business Hours","item":"https:\/\/elfsight.com\/de\/business-hours-widget\/"},{"@type":"ListItem","position":3,"name":"Business Hours &#8211; Jimdo"}]},{"@type":"WebSite","@id":"https:\/\/elfsight.com\/de\/#website","url":"https:\/\/elfsight.com\/de\/","name":"Elfsight DE","description":"Just another Elfsight Sites site","potentialAction":[{"@type":"SearchAction","target":{"@type":"EntryPoint","urlTemplate":"https:\/\/elfsight.com\/de\/?s={search_term_string}"},"query-input":{"@type":"PropertyValueSpecification","valueRequired":true,"valueName":"search_term_string"}}],"inLanguage":"de"}]}},"meta_box":{"industry":"","seo_heading":"","heading":"","description":"","cta_heading":"","cta_description":"","application":"7437","h1":"Jimdo-Gesch\u00e4ftszeiten-Widget","h1_caption":"Zeigen Sie Ihre Gesch\u00e4ftszeiten in einem klaren und attraktiven Format an, um Besucher m\u00fchelos \u00fcber Ihre Verf\u00fcgbarkeit auf Ihrer Jimdo-Website zu informieren.","application_category":[],"applications_title":"","applications_request_title":"","applications_request_button_text":"","hero_text":"","hero_video":"","hero_video_schema_markup":"","selling_points_title":"","selling_points_caption":"","selling_points":[],"selling_points_cta_text":"","features_title":"","features":"","ed_cta_examples_text":"","ed_cta_examples_hidden":"","ed_cta_demo_text":"","ed_cta_demo_hidden":"","why_caption":"","why_editor_title":"","why_editor_text":"","why_team_title":"","why_team_text":"","why_service_title":"","why_service_text":"","template_catalog_visible":"0","template_catalog_title":"","template_catalog_text":"","template_catalog_categories_visible":"","demo_title":"Erstellen Sie Ihr Gesch\u00e4ftszeiten-Widget","demo_caption":"Konfigurieren Sie Ihre Gesch\u00e4ftszeiten und f\u00fcgen Sie sie kostenlos zu Ihrer Jimdo-Website hinzu!","default_faq_hidden":"","app_template_category":[],"platform":"239","template_public_id":"","codecanyon_url":"","codecanyon_item_id":"","codecanyon_price":"","pricing_caption":"","pricing_elfsight_apps_hide_column":"","pricing_elfsight_apps_url":"","pricing_codecanyon_price_caption":"","integration_category":[],"integration_request_title":"","integration_request_cta":"","integration_platform":"","integrations":[],"platform_category":[],"video_schema_markup":"","price":"ab 0 $ \/ Monat","trial":"","benefits":[{"text":"Kostenloser Installationsservice"},{"text":"Erfahrener Kundensupport"},{"text":"14-t\u00e4gige R\u00fcckerstattungsgarantie"},{"text":"Laufende Updates"}],"button_url":"#demo","button_target_blank":"0","button_nofollow":"0","attributes":[{"name":"Installiert","content":"10,000 - 100,000"},{"name":"Reaktionsfreudig","content":"Ja"},{"name":"Kompatible Browser","content":"Firefox, Safari, Opera, Chrome, Edge"}],"tags":[],"tags_disable_links":"0","hide_more_platforms":"0","video_object":"","demo_hide_cta":"0","demo_hide_cloud_options":"0","pricing_title":"","pricing":[{"pricing_icon":"platform","pricing_title":"Elfsight Apps","pricing_title_caption":"Plattformunabh\u00e4ngige Version, die f\u00fcr jede Website geeignet ist","pricing_price":"ab 0 $ \/ Monat","pricing_price_caption":"Beginnen Sie mit einem kostenlosen Plan","pricing_benefits":[{"text":"Unbegrenzte Websites"},{"text":"Kostenloser und p\u00fcnktlicher Support"},{"text":"Kostenlose Installationshilfe"},{"text":"Vollst\u00e4ndig anpassbar"}],"pricing_button_text":"Zur Website hinzuf\u00fcgen","pricing_button_url":"#demo"}],"related_apps_title":"","related_apps_hidden":"0","author":"","image":[],"title":"","job":"","social_networks":[]},"_links":{"self":[{"href":"https:\/\/elfsight.com\/de\/wp-json\/wp\/v2\/pages\/8212","targetHints":{"allow":["GET"]}}],"collection":[{"href":"https:\/\/elfsight.com\/de\/wp-json\/wp\/v2\/pages"}],"about":[{"href":"https:\/\/elfsight.com\/de\/wp-json\/wp\/v2\/types\/page"}],"author":[{"embeddable":true,"href":"https:\/\/elfsight.com\/de\/wp-json\/wp\/v2\/users\/9"}],"replies":[{"embeddable":true,"href":"https:\/\/elfsight.com\/de\/wp-json\/wp\/v2\/comments?post=8212"}],"version-history":[{"count":2,"href":"https:\/\/elfsight.com\/de\/wp-json\/wp\/v2\/pages\/8212\/revisions"}],"predecessor-version":[{"id":24626,"href":"https:\/\/elfsight.com\/de\/wp-json\/wp\/v2\/pages\/8212\/revisions\/24626"}],"up":[{"embeddable":true,"href":"https:\/\/elfsight.com\/de\/wp-json\/wp\/v2\/pages\/7446"}],"wp:attachment":[{"href":"https:\/\/elfsight.com\/de\/wp-json\/wp\/v2\/media?parent=8212"}],"curies":[{"name":"wp","href":"https:\/\/api.w.org\/{rel}","templated":true}]}}