{"id":8211,"date":"2024-05-03T06:30:57","date_gmt":"2024-05-03T06:30:57","guid":{"rendered":"https:\/\/elfsight.com\/de\/?page_id=8211"},"modified":"2025-02-21T06:50:15","modified_gmt":"2025-02-21T06:50:15","slug":"prestashop","status":"publish","type":"page","link":"https:\/\/elfsight.com\/de\/business-hours-widget\/prestashop\/","title":{"rendered":"Business Hours &#8211; PrestaShop"},"content":{"rendered":"\n<div class=\"application-platform-content-item-description application-platform-content-item\" id=\"description\" data-nav-section=\"description\"><h2>Einbetten von Business Hours in PrestaShop mit einem Elfsight-Add-on<\/h2> <p>Elfsight Business Hours f\u00fcr PrestaShop ist ein einfaches No-Code-Widget, das erm\u00f6glicht es Ihnen, eine attraktive Visitenkarte zu erstellen, die die wichtigsten Momente Ihres Unternehmens enth\u00e4lt. Sie k\u00f6nnen Informationen \u00fcber Ihren aktuellen Gesch\u00e4ftsstatus teilen und Kontakte f\u00fcr Ihr Publikum bereitstellen. Mit dem Widget k\u00f6nnen Sie attraktive Designs erstellen, sodass die Besucher alle ben\u00f6tigten Daten einfach kurz oder detaillierter erkunden k\u00f6nnen. <\/p><p>Das hervorragende Widget verf\u00fcgt \u00fcber Vorlagen, sodass Sie die effizienteste Option f\u00fcr Ihre Website ausw\u00e4hlen k\u00f6nnen. Jede Vorlage enth\u00e4lt anpassbare Einstellungen, die Ihnen dabei helfen, eine individuelle L\u00f6sung zu erstellen, die den Umsatz steigert. Die Integration der Arbeitszeiten und Ihrer Kontaktdaten in Ihre Website-Seiten ist mit Elfsight dank klarer Tutorials und Anleitungen absolut einfach. Jeder Website-Editor kann das Widget \u201eGesch\u00e4ftszeiten\u201c ohne Code kostenlos erstellen und einbetten.<\/p> <p><b>F\u00fcgen Sie Gesch\u00e4ftsdaten auf Ihrer Website ein, um die Verkaufsraten und die Kundenbindung zu steigern. Zeigen Sie aussagekr\u00e4ftige Informationen zu Ihren Arbeitszeiten \u00fcbersichtlich an. <\/b><\/p> <p>Mit diesem in Ihre PrestaShop-Website eingebetteten Widget k\u00f6nnen Sie Ihr Publikum st\u00e4rker auf Ihre Gesch\u00e4ftst\u00e4tigkeit aufmerksam machen und regelm\u00e4\u00dfige Verk\u00e4ufe t\u00e4tigen. Sehen Sie sich einige der offensichtlichsten Vorteile f\u00fcr Ihre Website an, wenn Sie das No-Code-Arbeitsframes-Widget einbetten. <\/p><ul><li><b>Sorgen Sie daf\u00fcr, dass Ihre Kunden immer p\u00fcnktlich sind. <\/b> Steigern Sie den Umsatz und bleiben Sie gleichzeitig im angegebenen Arbeitsrahmen sicher in Kontakt. Ihre Website-Besucher sehen Ihre Aktivit\u00e4tsstunden und werden entschlossener, einen erfolgreichen Kauf zu t\u00e4tigen, wenn sie dazu bereit sind. <\/li><li><b>Vermeiden Sie Missverst\u00e4ndnisse \u00fcber Ihre Arbeitszeiten. <\/b> Wenn Sie den Kunden auf der Website Ihre angemessenen Arbeitszeiten zeigen, erh\u00f6hen Sie die Loyalit\u00e4t Ihrer Kunden zu Ihrem Unternehmen, da sie eine Reservierung oder einen Besuch bei Ihnen planen k\u00f6nnen. <\/li><li><b>Teilen Sie Kontakte \u00fcbersichtlich. <\/b> Durch das Hinzuf\u00fcgen der Kontaktdaten zu Ihrem No-Code-Bedienungszeiten-Widget k\u00f6nnen Sie eine bessere Kommunikation mit Ihrem Publikum aufbauen und den Verkauf beschleunigen. Zeigen Sie, dass Sie hier sind, um ihre Fragen zu den Produkten und Dienstleistungen Ihres Unternehmens zu beantworten. <\/li><\/ul><div class=\"faq\" data-component=\"FAQ\"><div class=\"faq-item\">\r\n\t\t\t\t\t<div class=\"faq-item-question\">\r\n\t\t\t\t\t\t<h3 class=\"faq-item-question-text\">Gibt es noch andere Plugins f\u00fcr PrestaShop, die ich zu meiner Website hinzuf\u00fcgen kann?<\/h3>\r\n\r\n\t\t\t\t\t\t<div class=\"faq-item-question-icon\"><\/div>\r\n\t\t\t\t\t<\/div>\r\n\r\n\t\t\t\t\t<div class=\"faq-item-answer\">\r\n\t\t\t\t\t\t<div class=\"faq-item-answer-text\">Wir k\u00f6nnen Ihnen viele Plugins anbieten, die zu jedem Ihrer Ziele passen Website. \u00dcberzeugen Sie sich selbst: <a href=\"https:\/\/elfsight.com\/google-reviews-widget\/prestashop\/\" target=\"_blank\" rel=\"noopener\">Google Reviews<\/a>, <a href=\"https:\/\/elfsight.com\/whatsapp-chat-widget\/prestashop\/\" target=\"_blank\" rel=\"noopener\">WhatsApp Chat<\/a>, <a href=\"https:\/\/elfsight.com\/event-calendar-widget\/prestashop\/\" target=\"_blank\" rel=\"noopener\">Veranstaltungskalender<\/a>, <a href=\"https:\/\/elfsight.com\/countdown-timer-widget\/prestashop\/\" target=\"_blank \" rel=\"noopener\">Countdown-Timer<\/a>, <a href=\"https:\/\/elfsight.com\/qr-code-widget\/prestashop\/\" target=\"_blank\" rel=\"noopener\">QR-Code<\/a>. <\/div>\r\n\t\t\t\t\t<\/div>\r\n\t\t\t\t<\/div><div class=\"faq-item\">\r\n\t\t\t\t\t<div class=\"faq-item-question\">\r\n\t\t\t\t\t\t<h3 class=\"faq-item-question-text\">Wie kann ich von den Gesch\u00e4ftszeiten bei PrestaShop profitieren?<\/h3>\r\n\r\n\t\t\t\t\t\t<div class=\"faq-item-question-icon\"><\/div>\r\n\t\t\t\t\t<\/div>\r\n\r\n\t\t\t\t\t<div class=\"faq-item-answer\">\r\n\t\t\t\t\t\t<div class=\"faq-item-answer-text\">Es gibt viele Szenarien, um Erfolgsstatistiken und Verkaufsergebnisse durch das Hinzuf\u00fcgen eines Gesch\u00e4ftszeiten-Plugins zu verbessern. Mit den Vorlagen von Elfsight f\u00fcr dieses spannende Plugin f\u00fcr Websites k\u00f6nnen Sie eine individuelle Gesch\u00e4ftsl\u00f6sung entdecken. Sie k\u00f6nnen entweder erweiterte Informationen zu Ihren Arbeitszeiten anzeigen oder einfach ein kompaktes Popup mit dem aktuellen Status einbetten. Sie k\u00f6nnen mit Ihrem Business Hours-Plugin Kontaktkarten erstellen und diese zu erforderlichen Website-Bereichen hinzuf\u00fcgen, um Aufmerksamkeit zu erregen und das Publikum \u00fcber Ihre Aktivit\u00e4ten zu informieren, um Verk\u00e4ufe anzuregen. <\/div>\r\n\t\t\t\t\t<\/div>\r\n\t\t\t\t<\/div><div class=\"faq-item\">\r\n\t\t\t\t\t<div class=\"faq-item-question\">\r\n\t\t\t\t\t\t<h3 class=\"faq-item-question-text\">Wie binde ich Gesch\u00e4ftszeiten ohne Code in PrestaShop-Websites ein?<\/h3>\r\n\r\n\t\t\t\t\t\t<div class=\"faq-item-question-icon\"><\/div>\r\n\t\t\t\t\t<\/div>\r\n\r\n\t\t\t\t\t<div class=\"faq-item-answer\">\r\n\t\t\t\t\t\t<div class=\"faq-item-answer-text\">Die Integration eines Gesch\u00e4ftszeiten-Plugins in Ihre PrestaShop-Website ist eine gro\u00dfartige Methode, um Kunden in die Kommunikation einzubeziehen und sie \u00fcber Ihre g\u00fcltigen Zeiten und Ihren Status zu informieren Um Verk\u00e4ufe zu t\u00e4tigen oder Dienstleistungen anzubieten. Wir bieten einige Tutorials zum Hinzuf\u00fcgen des kostenlosen \u00d6ffnungszeiten-Plugins zu Ihrer Website an. <ol><li>Um ein Elfsight Business Hours-Plugin kostenlos in PrestaShop zu integrieren, gehen Sie auf die Elfsight-Website und richten Sie ein Konto ein. <\/li><li>Erstellen Sie das kostenlose Plugin \u201eGesch\u00e4ftszeiten\u201c, indem Sie dessen Erscheinungsbild und Einstellungen an das Design Ihrer Website anpassen. <\/li><li>Nachdem Sie Ihre Gesch\u00e4ftszeiten angepasst haben, kopieren Sie das spezifische Code-Snippet und f\u00fcgen Sie es dort auf Ihrer Website ein, wo das Plugin funktionieren soll. <\/li><\/ol>Durch das Einf\u00fcgen Ihrer Gesch\u00e4ftszeiten in Ihre PrestaShop-Website steigern Sie mit Sicherheit deren visuelle Attraktivit\u00e4t und sorgen f\u00fcr eine stabile Besucherbindung. Testen Sie die Vorteile des Elfsight Business Hours-Plugins kostenlos!<\/div>\r\n\t\t\t\t\t<\/div>\r\n\t\t\t\t<\/div><\/div><\/div> <div class=\"application-platform-content-item-features application-platform-content-item\" id=\"features\" data-nav-section=\"features\"> <h2>Hier ist die Liste der besten Funktionen:<\/h2> <ul><li>Anzeige der Verf\u00fcgbarkeit Ihres Unternehmens in Echtzeit<\/li><li>Einfache Einrichtung des Zeitplans<\/li><li>Konfiguration von Festtagen<\/li><li>Anzeige des aktuellen Status<\/li><li> Integrierbarer Grid- oder platzsparender Status<\/li><\/ul><p><a href=\"#demo\">Testen Sie alle Anpassungsoptionen in einer Demo mit vollem Funktionsumfang<\/a><\/p><\/div> <div class=\"application-platform-content-item-installation application-platform-content-item\" id=\"installation\" data-nav-section=\"installation\"> <h2>Wie integriere ich Gesch\u00e4ftszeiten in meine PrestaShop-Website?<\/h2> <p>Befolgen Sie einfach die folgenden Richtlinien, um die App mit Ihrem Arbeitsstatus zu \u00f6ffnen. <\/p> <ol><li><b>\u00d6ffnen Sie unsere Demo und beginnen Sie mit der Erstellung Ihres individuellen No-Code-Plugins. <\/b><br> W\u00e4hlen Sie das bevorzugte Design und die Funktionalit\u00e4t des Plugins und \u00fcbernehmen Sie die \u00c4nderungen. <\/li> <li><b>Erhalten Sie Ihren individuellen Code, der im Fenster von Elfsight Apps angezeigt wird. <\/b><br> Sobald die Einrichtung Ihrer Aktivit\u00e4tsstunden-App ohne Code abgeschlossen ist, kopieren Sie den exklusiven Code im angezeigten Popup und bewahren Sie ihn f\u00fcr einen sp\u00e4teren Bedarf auf. <\/li> <li><b>Initiieren Sie den Einsatz der App auf der PrestaShop-Homepage. <\/b><br> F\u00fcgen Sie den zuvor gespeicherten Code in Ihre Webseite ein und speichern Sie die \u00c4nderungen. <\/li> <li><b>Die Einrichtung Ihrer No-Code-Gesch\u00e4ftszeiten wurde erfolgreich durchgef\u00fchrt. <\/b><br> Besuchen Sie Ihre Website, um zu \u00fcberpr\u00fcfen, wie das hinzugef\u00fcgte Betriebsstunden-Plugin funktioniert. <\/li><\/ol> <p>Bei Schwierigkeiten k\u00f6nnen Sie sich gerne an unseren Kundenservice wenden. Unsere Spezialisten sind bestrebt, alle Probleme zu l\u00f6sen, die Sie m\u00f6glicherweise mit der App f\u00fcr PrestaShop haben. <\/p><\/div>\n","protected":false},"excerpt":{"rendered":"","protected":false},"author":9,"featured_media":0,"parent":7446,"menu_order":0,"comment_status":"closed","ping_status":"closed","template":"templates\/template-application-platform.php","meta":{"publish_to_discourse":"","publish_post_category":"","wpdc_auto_publish_overridden":"","wpdc_topic_tags":"","wpdc_pin_topic":"","wpdc_pin_until":"","discourse_post_id":"","discourse_permalink":"","wpdc_publishing_response":"","wpdc_publishing_error":"","footnotes":""},"class_list":["post-8211","page","type-page","status-publish","hentry"],"yoast_head":"<!-- This site is optimized with the Yoast SEO plugin v25.3.1 - https:\/\/yoast.com\/wordpress\/plugins\/seo\/ -->\n<title>Gesch\u00e4ftszeiten zu PrestaShop hinzuf\u00fcgen \u2013 Kontakte und Zeitplan einbetten<\/title>\n<meta name=\"description\" content=\"F\u00fcgen Sie PrestaShop ein anpassbares Gesch\u00e4ftszeiten-Widget hinzu, um Ihren Arbeitsstatus zu teilen. Erstellen Sie in der Demo Ihr pers\u00f6nliches Arbeitszeit-Widget.\" \/>\n<meta name=\"robots\" content=\"index, follow, max-snippet:-1, max-image-preview:large, max-video-preview:-1\" \/>\n<link rel=\"canonical\" href=\"https:\/\/elfsight.com\/de\/business-hours-widget\/prestashop\/\" \/>\n<meta property=\"og:locale\" content=\"de_DE\" \/>\n<meta property=\"og:type\" content=\"article\" \/>\n<meta property=\"og:title\" content=\"Gesch\u00e4ftszeiten zu PrestaShop hinzuf\u00fcgen \u2013 Kontakte und Zeitplan einbetten\" \/>\n<meta property=\"og:description\" content=\"F\u00fcgen Sie PrestaShop ein anpassbares Gesch\u00e4ftszeiten-Widget hinzu, um Ihren Arbeitsstatus zu teilen. Erstellen Sie in der Demo Ihr pers\u00f6nliches Arbeitszeit-Widget.\" \/>\n<meta property=\"og:url\" content=\"https:\/\/elfsight.com\/de\/business-hours-widget\/prestashop\/\" \/>\n<meta property=\"og:site_name\" content=\"Elfsight DE\" \/>\n<meta property=\"article:modified_time\" content=\"2025-02-21T06:50:15+00:00\" \/>\n<meta name=\"twitter:card\" content=\"summary_large_image\" \/>\n<meta name=\"twitter:label1\" content=\"Gesch\u00e4tzte Lesezeit\" \/>\n\t<meta name=\"twitter:data1\" content=\"5\u00a0Minuten\" \/>\n<!-- \/ Yoast SEO plugin. -->","yoast_head_json":{"title":"Gesch\u00e4ftszeiten zu PrestaShop hinzuf\u00fcgen \u2013 Kontakte und Zeitplan einbetten","description":"F\u00fcgen Sie PrestaShop ein anpassbares Gesch\u00e4ftszeiten-Widget hinzu, um Ihren Arbeitsstatus zu teilen. Erstellen Sie in der Demo Ihr pers\u00f6nliches Arbeitszeit-Widget.","robots":{"index":"index","follow":"follow","max-snippet":"max-snippet:-1","max-image-preview":"max-image-preview:large","max-video-preview":"max-video-preview:-1"},"canonical":"https:\/\/elfsight.com\/de\/business-hours-widget\/prestashop\/","og_locale":"de_DE","og_type":"article","og_title":"Gesch\u00e4ftszeiten zu PrestaShop hinzuf\u00fcgen \u2013 Kontakte und Zeitplan einbetten","og_description":"F\u00fcgen Sie PrestaShop ein anpassbares Gesch\u00e4ftszeiten-Widget hinzu, um Ihren Arbeitsstatus zu teilen. Erstellen Sie in der Demo Ihr pers\u00f6nliches Arbeitszeit-Widget.","og_url":"https:\/\/elfsight.com\/de\/business-hours-widget\/prestashop\/","og_site_name":"Elfsight DE","article_modified_time":"2025-02-21T06:50:15+00:00","twitter_card":"summary_large_image","twitter_misc":{"Gesch\u00e4tzte Lesezeit":"5\u00a0Minuten"},"schema":{"@context":"https:\/\/schema.org","@graph":[{"@type":"WebPage","@id":"https:\/\/elfsight.com\/de\/business-hours-widget\/prestashop\/","url":"https:\/\/elfsight.com\/de\/business-hours-widget\/prestashop\/","name":"Gesch\u00e4ftszeiten zu PrestaShop hinzuf\u00fcgen \u2013 Kontakte und Zeitplan einbetten","isPartOf":{"@id":"https:\/\/elfsight.com\/de\/#website"},"datePublished":"2024-05-03T06:30:57+00:00","dateModified":"2025-02-21T06:50:15+00:00","description":"F\u00fcgen Sie PrestaShop ein anpassbares Gesch\u00e4ftszeiten-Widget hinzu, um Ihren Arbeitsstatus zu teilen. Erstellen Sie in der Demo Ihr pers\u00f6nliches Arbeitszeit-Widget.","breadcrumb":{"@id":"https:\/\/elfsight.com\/de\/business-hours-widget\/prestashop\/#breadcrumb"},"inLanguage":"de","potentialAction":[{"@type":"ReadAction","target":["https:\/\/elfsight.com\/de\/business-hours-widget\/prestashop\/"]}]},{"@type":"BreadcrumbList","@id":"https:\/\/elfsight.com\/de\/business-hours-widget\/prestashop\/#breadcrumb","itemListElement":[{"@type":"ListItem","position":1,"name":"Home","item":"https:\/\/elfsight.com\/de\/"},{"@type":"ListItem","position":2,"name":"Business Hours","item":"https:\/\/elfsight.com\/de\/business-hours-widget\/"},{"@type":"ListItem","position":3,"name":"Business Hours &#8211; PrestaShop"}]},{"@type":"WebSite","@id":"https:\/\/elfsight.com\/de\/#website","url":"https:\/\/elfsight.com\/de\/","name":"Elfsight DE","description":"Just another Elfsight Sites site","potentialAction":[{"@type":"SearchAction","target":{"@type":"EntryPoint","urlTemplate":"https:\/\/elfsight.com\/de\/?s={search_term_string}"},"query-input":{"@type":"PropertyValueSpecification","valueRequired":true,"valueName":"search_term_string"}}],"inLanguage":"de"}]}},"meta_box":{"industry":"","seo_heading":"","heading":"","description":"","cta_heading":"","cta_description":"","application":"7437","h1":"PrestaShop-Gesch\u00e4ftszeiten-Add-on","h1_caption":"Zeigen Sie Ihre Gesch\u00e4ftszeiten in einem klaren und attraktiven Format an, um Besucher m\u00fchelos \u00fcber Ihre Verf\u00fcgbarkeit auf Ihrer Prestashop-Website zu informieren.","application_category":[],"applications_title":"","applications_request_title":"","applications_request_button_text":"","hero_text":"","hero_video":"","hero_video_schema_markup":"","selling_points_title":"","selling_points_caption":"","selling_points":[],"selling_points_cta_text":"","features_title":"","features":"","ed_cta_examples_text":"","ed_cta_examples_hidden":"","ed_cta_demo_text":"","ed_cta_demo_hidden":"","why_caption":"","why_editor_title":"","why_editor_text":"","why_team_title":"","why_team_text":"","why_service_title":"","why_service_text":"","template_catalog_visible":"0","template_catalog_title":"","template_catalog_text":"","template_catalog_categories_visible":"","demo_title":"Erstellen Sie Ihr Gesch\u00e4ftszeiten-Add-on","demo_caption":"Konfigurieren Sie Ihre Gesch\u00e4ftszeiten und f\u00fcgen Sie sie kostenlos zu Ihrer PrestaShop-Website hinzu!","default_faq_hidden":"","app_template_category":[],"platform":"3811","template_public_id":"","codecanyon_url":"","codecanyon_item_id":"","codecanyon_price":"","pricing_caption":"","pricing_elfsight_apps_hide_column":"","pricing_elfsight_apps_url":"","pricing_codecanyon_price_caption":"","integration_category":[],"integration_request_title":"","integration_request_cta":"","integration_platform":"","integrations":[],"platform_category":[],"video_schema_markup":"","price":"ab 0 $ \/ Monat","trial":"","benefits":[{"text":"Kostenlose Installationsunterst\u00fctzung"},{"text":"Erfahrener Kundensupport"},{"text":"14-t\u00e4gige Geld-zur\u00fcck-Garantie"},{"text":"St\u00e4ndige Aktualisierung"}],"button_url":"#demo","button_target_blank":"0","button_nofollow":"0","attributes":[{"name":"Installiert","content":"10,000 - 100,000"},{"name":"Reaktionsfreudig","content":"Ja"},{"name":"Kompatible Browser","content":"Firefox, Safari, Opera, Chrome, Edge"}],"tags":[],"tags_disable_links":"0","hide_more_platforms":"0","video_object":"","demo_hide_cta":"0","demo_hide_cloud_options":"0","pricing_title":"","pricing":[{"pricing_icon":"platform","pricing_title":"Elfsight Apps","pricing_title_caption":"Plattform\u00fcbergreifende Version, die auf jeder Website funktioniert","pricing_price":"ab 0 $ \/ Monat","pricing_price_caption":"Beginnen Sie mit einem kostenlosen Plan","pricing_benefits":[{"text":"Unbegrenzte Websites"},{"text":"Premium-Kundensupport"},{"text":"Kostenlose Installationsunterst\u00fctzung"},{"text":"100 % anpassbar"}],"pricing_button_text":"Zur Website hinzuf\u00fcgen","pricing_button_url":"#demo"}],"related_apps_title":"","related_apps_hidden":"0","author":"","image":[],"title":"","job":"","social_networks":[]},"_links":{"self":[{"href":"https:\/\/elfsight.com\/de\/wp-json\/wp\/v2\/pages\/8211","targetHints":{"allow":["GET"]}}],"collection":[{"href":"https:\/\/elfsight.com\/de\/wp-json\/wp\/v2\/pages"}],"about":[{"href":"https:\/\/elfsight.com\/de\/wp-json\/wp\/v2\/types\/page"}],"author":[{"embeddable":true,"href":"https:\/\/elfsight.com\/de\/wp-json\/wp\/v2\/users\/9"}],"replies":[{"embeddable":true,"href":"https:\/\/elfsight.com\/de\/wp-json\/wp\/v2\/comments?post=8211"}],"version-history":[{"count":2,"href":"https:\/\/elfsight.com\/de\/wp-json\/wp\/v2\/pages\/8211\/revisions"}],"predecessor-version":[{"id":24627,"href":"https:\/\/elfsight.com\/de\/wp-json\/wp\/v2\/pages\/8211\/revisions\/24627"}],"up":[{"embeddable":true,"href":"https:\/\/elfsight.com\/de\/wp-json\/wp\/v2\/pages\/7446"}],"wp:attachment":[{"href":"https:\/\/elfsight.com\/de\/wp-json\/wp\/v2\/media?parent=8211"}],"curies":[{"name":"wp","href":"https:\/\/api.w.org\/{rel}","templated":true}]}}