{"id":8203,"date":"2024-05-03T06:30:53","date_gmt":"2024-05-03T06:30:53","guid":{"rendered":"https:\/\/elfsight.com\/de\/?page_id=8203"},"modified":"2025-07-08T10:19:06","modified_gmt":"2025-07-08T10:19:06","slug":"webnode","status":"publish","type":"page","link":"https:\/\/elfsight.com\/de\/booking-reviews-widget\/webnode\/","title":{"rendered":"Booking Reviews &#8211; Webnode"},"content":{"rendered":"<div class=\"application-platform-content-item-description application-platform-content-item\" id=\"description\" data-nav-section=\"description\"> <h2>Beschreibung<\/h2> <p>Wenn Sie Ihre hohe Bewertung anzeigen und Website-Besucher davon \u00fcberzeugen m\u00f6chten, dass Ihre Angebote einen Kauf wert sind, ist Elfsight Booking genau das Richtige f\u00fcr Sie Das Bewertungs-Widget ist das Richtige f\u00fcr Sie. Mit diesem Tool k\u00f6nnen Sie ganz einfach Kundenbewertungen von Booking mit Informationen zu den Autoren auf Ihrer Website platzieren, sie filtern, um nur die besten anzuzeigen, Bewertungen hinzuf\u00fcgen und eine aktive Schaltfl\u00e4che hinzuf\u00fcgen, die Benutzer zu Ihrem Booking-Konto f\u00fchrt, damit sie sie teilen k\u00f6nnen ihre Rezension. <\/p> <div class=\"faq\" data-component=\"FAQ\"><div class=\"faq-item\">\r\n\t\t\t\t\t<div class=\"faq-item-question\">\r\n\t\t\t\t\t\t<h3 class=\"faq-item-question-text\">Wo auf meiner Website kann ich es installieren<\/h3>\r\n\r\n\t\t\t\t\t\t<div class=\"faq-item-question-icon\"><\/div>\r\n\t\t\t\t\t<\/div>\r\n\r\n\t\t\t\t\t<div class=\"faq-item-answer\">\r\n\t\t\t\t\t\t<div class=\"faq-item-answer-text\"> <p>Sie k\u00f6nnen das Bewertungs-Widget auf jeder Seite der Website anzeigen oder es in die Website-Vorlage einf\u00fcgen, und es wird angezeigt auf allen Seiten. Bewertungen k\u00f6nnen auf Produktseiten oder auf der Seite \u201e\u00dcber uns\u201c wirksam sein, also an den Stellen, an denen Sie Benutzer mit Ihrer hohen Bewertung beeindrucken m\u00f6chten. <\/p> <\/div>\r\n\t\t\t\t\t<\/div>\r\n\t\t\t\t<\/div><div class=\"faq-item\">\r\n\t\t\t\t\t<div class=\"faq-item-question\">\r\n\t\t\t\t\t\t<h3 class=\"faq-item-question-text\">Welche Vorteile kann es mir bringen?<\/h3>\r\n\r\n\t\t\t\t\t\t<div class=\"faq-item-question-icon\"><\/div>\r\n\t\t\t\t\t<\/div>\r\n\r\n\t\t\t\t\t<div class=\"faq-item-answer\">\r\n\t\t\t\t\t\t<div class=\"faq-item-answer-text\"> <p>Bewertungen, die von echten Menschen verfasst wurden, wirken f\u00fcr Ihre Website-Kunden \u00e4u\u00dferst glaubw\u00fcrdig und zeigen ihnen, dass Ihr Unternehmen vertrauensw\u00fcrdig ist. Eine hohe Bewertung und gute Erfahrungsberichte k\u00f6nnen dazu beitragen, die Kaufquote auf Ihrer Website zu steigern. Au\u00dferdem kann die Weiterleitungsschaltfl\u00e4che dazu beitragen, dass bei Booking mehr Benutzerbewertungen zu Ihrem Unternehmen angezeigt werden. <\/p> <\/div>\r\n\t\t\t\t\t<\/div>\r\n\t\t\t\t<\/div> <div class=\"faq-item\">\r\n\t\t\t\t\t<div class=\"faq-item-question\">\r\n\t\t\t\t\t\t<h3 class=\"faq-item-question-text\">Wie kann ich Buchungsbewertungen zu meiner Webnode-Website hinzuf\u00fcgen?<\/h3>\r\n\r\n\t\t\t\t\t\t<div class=\"faq-item-question-icon\"><\/div>\r\n\t\t\t\t\t<\/div>\r\n\r\n\t\t\t\t\t<div class=\"faq-item-answer\">\r\n\t\t\t\t\t\t<div class=\"faq-item-answer-text\"> <p>Es dauert nur eine Minute, um mit der Verwendung des Widgets zu beginnen. Es ist extrem schnell, kostenlos und ohne Programmierung. <\/p> <ol><li>Sie k\u00f6nnen das Widget direkt \u00fcber unseren Service in Ihre Website integrieren. Wenden Sie einfach die Anweisungen unten auf dieser Seite an. <\/li> <li>Elfsight-Buchungsbewertungen k\u00f6nnen in unseren Service oder \u00fcber den Marktplatz eingef\u00fcgt werden. Sie k\u00f6nnen weitere Details zu diesen Varianten lesen und Ihre ausw\u00e4hlen. <\/li> <\/ol> <\/div>\r\n\t\t\t\t\t<\/div>\r\n\t\t\t\t<\/div> <\/div> <\/div> <div class=\"application-platform-content-item-features application-platform-content-item\" id=\"features\" data-nav-section=\"features\"> <h2>Funktionen<\/h2> <p>Um sich ein umfassendes Bild von Buchungsbewertungen zu machen, entdecken Sie die Liste seiner herausragendsten Merkmale. Sie machen das Widget f\u00fcr Ihre Website maximal effektiv: <\/p> <ul> <li>Vier verf\u00fcgbare Layouts: Liste, Raster, Mauerwerk und Schieberegler; <\/li> <li> Vollst\u00e4ndig flexibler Header des Widgets; <\/li> <li>6 anpassbare Elemente des Widgets: Name und Foto des Autors, Empfehlungstext, Datum der Freigabe, Buchungssymbol und Sternebewertung; <\/li> <\/ul><p><a href=\"#demo\">Weitere Funktionen finden Sie in unserer Demo<\/a><\/p> <\/div> <div class=\"application-platform-content-item-installation application-platform-content-item\" id=\"installation\" data-nav-section=\"installation\"> <h2>Erfahren Sie, wie Sie die Buchungsbewertungen in Ihre Webnode-Site einbetten<\/h2> <p>Diese mehreren Schritte sind das Einzige, was Sie tun m\u00fcssen, um das Widget auf Ihrer Webseite einzurichten. Es dauert nur eine Minute Ihrer Zeit und keine Programmierzeile. <\/p> <ol><li><b>Erstellen Sie Ihr einzigartiges Plugin f\u00fcr Buchungsbewertungen<\/b><br> Erstellen Sie mit Hilfe unseres kostenlosen Editors ein Plugin mit individuellem Aussehen und funktionalen Merkmalen. <\/li><li><b>Erwerben Sie den pers\u00f6nlichen Code, um das Plugin zu installieren<\/b><br> Nachdem Sie Ihr Widget eingerichtet haben, erhalten Sie Ihren pers\u00f6nlichen Code \u00fcber die erscheinende Benachrichtigung auf Elfsight Apps. Kopieren Sie den Code f\u00fcr die zuk\u00fcnftige Verwendung. <\/li> <li><b> Das Plugin auf Ihrer Webnode-Site<\/b><br> W\u00e4hlen Sie den Bereich aus, in dem Sie das Plugin platzieren m\u00f6chten, und f\u00fcgen Sie dort den kopierten Code ein. Ver\u00f6ffentlichen Sie die \u00c4nderungen. <\/li> <li><b>Die Installation ist abgeschlossen<\/b><br> Gehen Sie zu Ihrer Webseite, um Ihre Erfahrungsberichte anzuzeigen. <\/li> <\/ol><p>Immer noch nicht sicher? Oder \u00fcber irgendetwas gestolpert? Mit nur einer einzigen Anfrage an unser Support-Team k\u00f6nnen alle Probleme gel\u00f6st werden. <\/p> <\/div>","protected":false},"excerpt":{"rendered":"","protected":false},"author":9,"featured_media":0,"parent":1543,"menu_order":0,"comment_status":"closed","ping_status":"closed","template":"templates\/template-application-platform.php","meta":{"publish_to_discourse":"","publish_post_category":"","wpdc_auto_publish_overridden":"","wpdc_topic_tags":"","wpdc_pin_topic":"","wpdc_pin_until":"","discourse_post_id":"","discourse_permalink":"","wpdc_publishing_response":"","wpdc_publishing_error":"","footnotes":""},"class_list":["post-8203","page","type-page","status-publish","hentry"],"yoast_head":"<!-- This site is optimized with the Yoast SEO plugin v25.3.1 - https:\/\/yoast.com\/wordpress\/plugins\/seo\/ -->\n<title>Einbetten von Buchungsbewertungen auf der Webnode-Website (kostenlos und schnell)<\/title>\n<meta name=\"description\" content=\"Gestalten Sie mit Elfsight Ihre Buchungsbewertungen und ver\u00f6ffentlichen Sie sie schnell auf Ihrer Webnode-Seite. Wir bieten kostenlosen Kundenservice und andere Boni.\" \/>\n<meta name=\"robots\" content=\"index, follow, max-snippet:-1, max-image-preview:large, max-video-preview:-1\" \/>\n<link rel=\"canonical\" href=\"https:\/\/elfsight.com\/de\/booking-reviews-widget\/webnode\/\" \/>\n<meta property=\"og:locale\" content=\"de_DE\" \/>\n<meta property=\"og:type\" content=\"article\" \/>\n<meta property=\"og:title\" content=\"Einbetten von Buchungsbewertungen auf der Webnode-Website (kostenlos und schnell)\" \/>\n<meta property=\"og:description\" content=\"Gestalten Sie mit Elfsight Ihre Buchungsbewertungen und ver\u00f6ffentlichen Sie sie schnell auf Ihrer Webnode-Seite. Wir bieten kostenlosen Kundenservice und andere Boni.\" \/>\n<meta property=\"og:url\" content=\"https:\/\/elfsight.com\/de\/booking-reviews-widget\/webnode\/\" \/>\n<meta property=\"og:site_name\" content=\"Elfsight DE\" \/>\n<meta property=\"article:modified_time\" content=\"2025-07-08T10:19:06+00:00\" \/>\n<meta name=\"twitter:card\" content=\"summary_large_image\" \/>\n<meta name=\"twitter:label1\" content=\"Gesch\u00e4tzte Lesezeit\" \/>\n\t<meta name=\"twitter:data1\" content=\"3\u00a0Minuten\" \/>\n<!-- \/ Yoast SEO plugin. -->","yoast_head_json":{"title":"Einbetten von Buchungsbewertungen auf der Webnode-Website (kostenlos und schnell)","description":"Gestalten Sie mit Elfsight Ihre Buchungsbewertungen und ver\u00f6ffentlichen Sie sie schnell auf Ihrer Webnode-Seite. Wir bieten kostenlosen Kundenservice und andere Boni.","robots":{"index":"index","follow":"follow","max-snippet":"max-snippet:-1","max-image-preview":"max-image-preview:large","max-video-preview":"max-video-preview:-1"},"canonical":"https:\/\/elfsight.com\/de\/booking-reviews-widget\/webnode\/","og_locale":"de_DE","og_type":"article","og_title":"Einbetten von Buchungsbewertungen auf der Webnode-Website (kostenlos und schnell)","og_description":"Gestalten Sie mit Elfsight Ihre Buchungsbewertungen und ver\u00f6ffentlichen Sie sie schnell auf Ihrer Webnode-Seite. Wir bieten kostenlosen Kundenservice und andere Boni.","og_url":"https:\/\/elfsight.com\/de\/booking-reviews-widget\/webnode\/","og_site_name":"Elfsight DE","article_modified_time":"2025-07-08T10:19:06+00:00","twitter_card":"summary_large_image","twitter_misc":{"Gesch\u00e4tzte Lesezeit":"3\u00a0Minuten"},"schema":{"@context":"https:\/\/schema.org","@graph":[{"@type":"WebPage","@id":"https:\/\/elfsight.com\/de\/booking-reviews-widget\/webnode\/","url":"https:\/\/elfsight.com\/de\/booking-reviews-widget\/webnode\/","name":"Einbetten von Buchungsbewertungen auf der Webnode-Website (kostenlos und schnell)","isPartOf":{"@id":"https:\/\/elfsight.com\/de\/#website"},"datePublished":"2024-05-03T06:30:53+00:00","dateModified":"2025-07-08T10:19:06+00:00","description":"Gestalten Sie mit Elfsight Ihre Buchungsbewertungen und ver\u00f6ffentlichen Sie sie schnell auf Ihrer Webnode-Seite. Wir bieten kostenlosen Kundenservice und andere Boni.","breadcrumb":{"@id":"https:\/\/elfsight.com\/de\/booking-reviews-widget\/webnode\/#breadcrumb"},"inLanguage":"de","potentialAction":[{"@type":"ReadAction","target":["https:\/\/elfsight.com\/de\/booking-reviews-widget\/webnode\/"]}]},{"@type":"BreadcrumbList","@id":"https:\/\/elfsight.com\/de\/booking-reviews-widget\/webnode\/#breadcrumb","itemListElement":[{"@type":"ListItem","position":1,"name":"Home","item":"https:\/\/elfsight.com\/de\/"},{"@type":"ListItem","position":2,"name":"Booking Reviews","item":"https:\/\/elfsight.com\/de\/booking-reviews-widget\/"},{"@type":"ListItem","position":3,"name":"Booking Reviews &#8211; Webnode"}]},{"@type":"WebSite","@id":"https:\/\/elfsight.com\/de\/#website","url":"https:\/\/elfsight.com\/de\/","name":"Elfsight DE","description":"Just another Elfsight Sites site","potentialAction":[{"@type":"SearchAction","target":{"@type":"EntryPoint","urlTemplate":"https:\/\/elfsight.com\/de\/?s={search_term_string}"},"query-input":{"@type":"PropertyValueSpecification","valueRequired":true,"valueName":"search_term_string"}}],"inLanguage":"de"}]}},"meta_box":{"industry":"","seo_heading":"","heading":"","description":"","cta_heading":"","cta_description":"","application":"489","h1":"Bewertungen von Webnode Booking.com","h1_caption":"Zeigen Sie Bewertungen von booking.com an, um mehr G\u00e4ste anzulocken, indem Sie m\u00fchelos positive Erfahrungen fr\u00fcherer Besucher auf Ihrer Webnode-Website zeigen.","application_category":[],"applications_title":"","applications_request_title":"","applications_request_button_text":"","hero_text":"","hero_video":"","hero_video_schema_markup":"","selling_points_title":"","selling_points_caption":"","selling_points":[],"selling_points_cta_text":"","features_title":"","features":"","ed_cta_examples_text":"","ed_cta_examples_hidden":"","ed_cta_demo_text":"","ed_cta_demo_hidden":"","why_caption":"","why_editor_title":"","why_editor_text":"","why_team_title":"","why_team_text":"","why_service_title":"","why_service_text":"","template_catalog_visible":"","template_catalog_title":"","template_catalog_text":"","template_catalog_categories_visible":"","demo_title":"Erstellen Sie Ihr Buchungsbewertungs-Widget","demo_caption":"Konfigurieren Sie Ihre Buchungsbewertungen und f\u00fcgen Sie sie kostenlos zu Ihrer Webnode-Website hinzu!","default_faq_hidden":"","app_template_category":[],"platform":"248","template_public_id":"","codecanyon_url":"","codecanyon_item_id":"","codecanyon_price":"","pricing_caption":"","pricing_elfsight_apps_hide_column":"","pricing_elfsight_apps_url":"","pricing_codecanyon_price_caption":"","integration_category":[],"integration_request_title":"","integration_request_cta":"","integration_platform":"","integrations":[],"platform_category":[],"video_schema_markup":"","price":"ab 0 $ \/ Monat","trial":"","benefits":[{"text":"Kostenlose Installationsunterst\u00fctzung"},{"text":"Premium-Support"},{"text":"14-t\u00e4gige Geld-zur\u00fcck-Garantie"},{"text":"Laufende kostenlose Updates"}],"button_url":"#demo","button_target_blank":"","button_nofollow":"","attributes":[{"name":"Installiert","content":"10,000 - 100,000"},{"name":"Reaktionsfreudig","content":"Ja"},{"name":"Kompatible Browser","content":"Firefox, Safari, Opera, Chrome, Edge"}],"tags":[],"tags_disable_links":"","hide_more_platforms":"","video_object":"","demo_hide_cta":"","demo_hide_cloud_options":"","pricing_title":"","pricing":[{"pricing_icon":"platform","pricing_title":"Elfsight Apps","pricing_title_caption":"Plattform\u00fcbergreifende Software, die auf jeder Website funktioniert","pricing_price":"ab 0 $ \/ Monat","pricing_price_caption":"Beginnen Sie mit einem kostenlosen Plan","pricing_benefits":[{"text":"Unbegrenzte Websites"},{"text":"Engagierter und p\u00fcnktlicher Support"},{"text":"Kostenloser Installationsservice"},{"text":"Sonderangebot f\u00fcr mehrere Apps"}],"pricing_button_text":"Zur Website hinzuf\u00fcgen","pricing_button_url":"#demo"}],"related_apps_title":"","related_apps_hidden":"","author":"","image":[],"title":"","job":"","social_networks":[]},"_links":{"self":[{"href":"https:\/\/elfsight.com\/de\/wp-json\/wp\/v2\/pages\/8203","targetHints":{"allow":["GET"]}}],"collection":[{"href":"https:\/\/elfsight.com\/de\/wp-json\/wp\/v2\/pages"}],"about":[{"href":"https:\/\/elfsight.com\/de\/wp-json\/wp\/v2\/types\/page"}],"author":[{"embeddable":true,"href":"https:\/\/elfsight.com\/de\/wp-json\/wp\/v2\/users\/9"}],"replies":[{"embeddable":true,"href":"https:\/\/elfsight.com\/de\/wp-json\/wp\/v2\/comments?post=8203"}],"version-history":[{"count":1,"href":"https:\/\/elfsight.com\/de\/wp-json\/wp\/v2\/pages\/8203\/revisions"}],"predecessor-version":[{"id":8207,"href":"https:\/\/elfsight.com\/de\/wp-json\/wp\/v2\/pages\/8203\/revisions\/8207"}],"up":[{"embeddable":true,"href":"https:\/\/elfsight.com\/de\/wp-json\/wp\/v2\/pages\/1543"}],"wp:attachment":[{"href":"https:\/\/elfsight.com\/de\/wp-json\/wp\/v2\/media?parent=8203"}],"curies":[{"name":"wp","href":"https:\/\/api.w.org\/{rel}","templated":true}]}}