{"id":8201,"date":"2024-05-03T06:30:51","date_gmt":"2024-05-03T06:30:51","guid":{"rendered":"https:\/\/elfsight.com\/de\/?page_id=8201"},"modified":"2025-02-17T13:33:26","modified_gmt":"2025-02-17T13:33:26","slug":"squarespace","status":"publish","type":"page","link":"https:\/\/elfsight.com\/de\/booking-reviews-widget\/squarespace\/","title":{"rendered":"Booking Reviews &#8211; Squarespace"},"content":{"rendered":"\n<div class=\"application-platform-content-item-description application-platform-content-item\" id=\"description\" data-nav-section=\"description\"> <h2>Buchungsbewertungen auf Squarespace mit dem Elfsight-Widget einbetten<\/h2> <p>Wenn Sie Ihre Wertsch\u00e4tzung bei den Benutzern zeigen und Website-Besucher \u00fcberzeugen m\u00f6chten Wenn Sie wissen, dass Ihr Ort einen Besuch wert ist, ist das Elfsight Booking Reviews-Widget genau das Richtige f\u00fcr Sie. Mit unserem Tool haben Sie die M\u00f6glichkeit, Kundenbewertungen von Booking auf Ihrer Website mit Informationen \u00fcber deren Autoren anzuzeigen, Filter zu verwenden, um nur positive Bewertungen anzuzeigen, Bewertungen hinzuzuf\u00fcgen und eine Bewertungsanfrage-Schaltfl\u00e4che einzurichten, die die Leute auf Ihre Buchungsseite leitet, wo sie sie teilen k\u00f6nnen ihre Rezension. <\/p> <div class=\"faq\" data-component=\"FAQ\"><div class=\"faq-item\">\r\n\t\t\t\t\t<div class=\"faq-item-question\">\r\n\t\t\t\t\t\t<h3 class=\"faq-item-question-text\">Wo auf meiner Website kann ich es integrieren<\/h3>\r\n\r\n\t\t\t\t\t\t<div class=\"faq-item-question-icon\"><\/div>\r\n\t\t\t\t\t<\/div>\r\n\r\n\t\t\t\t\t<div class=\"faq-item-answer\">\r\n\t\t\t\t\t\t<div class=\"faq-item-answer-text\"> <p>Das Widget kann auf jeder Webseite hinzugef\u00fcgt werden, auf der Sie Ihre hohe Bewertung und Beliebtheit bei Kunden nachweisen m\u00fcssen. Wenn Sie es auf allen Seiten Ihrer Website ben\u00f6tigen, k\u00f6nnen Sie es einfach in die Website-Vorlage einf\u00fcgen. <\/p> <\/div>\r\n\t\t\t\t\t<\/div>\r\n\t\t\t\t<\/div><div class=\"faq-item\">\r\n\t\t\t\t\t<div class=\"faq-item-question\">\r\n\t\t\t\t\t\t<h3 class=\"faq-item-question-text\">Welche Vorteile habe ich von Buchungsbewertungen?<\/h3>\r\n\r\n\t\t\t\t\t\t<div class=\"faq-item-question-icon\"><\/div>\r\n\t\t\t\t\t<\/div>\r\n\r\n\t\t\t\t\t<div class=\"faq-item-answer\">\r\n\t\t\t\t\t\t<div class=\"faq-item-answer-text\"> <p>Bewertungen von echten Menschen sind f\u00fcr Ihre Website-Kunden absolut glaubw\u00fcrdig und zeigen ihnen, dass Ihr Unternehmen zuverl\u00e4ssig ist. Eine hohe Bewertung und gute Rezensionen k\u00f6nnen dazu beitragen, den Umsatz auf Ihrer Website zu steigern. Au\u00dferdem kann die aktive Schaltfl\u00e4che zu mehr Kundenbewertungen zu Ihren Dienstleistungen bei Booking beitragen. <\/p> <\/div>\r\n\t\t\t\t\t<\/div>\r\n\t\t\t\t<\/div> <div class=\"faq-item\">\r\n\t\t\t\t\t<div class=\"faq-item-question\">\r\n\t\t\t\t\t\t<h3 class=\"faq-item-question-text\">Was ben\u00f6tige ich, um Buchungsbewertungen auf meiner Squarespace-Website einzubetten?<\/h3>\r\n\r\n\t\t\t\t\t\t<div class=\"faq-item-question-icon\"><\/div>\r\n\t\t\t\t\t<\/div>\r\n\r\n\t\t\t\t\t<div class=\"faq-item-answer\">\r\n\t\t\t\t\t\t<div class=\"faq-item-answer-text\"> <p>Die Einrichtung dauert eine Minute. Die Installation ist sehr schnell, kostenlos und ohne Programmieraufwand. <\/p> <ol><li>Sie k\u00f6nnen das Widget \u00fcber unseren Service in Ihre Website einf\u00fcgen. Nutzen Sie einfach die Anleitung weiter unten auf dieser Seite. <\/li> <li>Elfsight-Buchungsbewertungen k\u00f6nnen \u00fcber unseren Service oder \u00fcber den Marktplatz integriert werden. Sie k\u00f6nnen die beiden Varianten vergleichen und entscheiden, welche Ihnen zusagt. <\/li> <\/ol> <\/div>\r\n\t\t\t\t\t<\/div>\r\n\t\t\t\t<\/div> <\/div> <\/div> <div class=\"application-platform-content-item-features application-platform-content-item\" id=\"features\" data-nav-section=\"features\"> <h2>Hauptfunktionen des Buchungsbewertungs-Widgets<\/h2> <p>F\u00fcr ein besseres Verst\u00e4ndnis Sehen Sie sich beim Widget die Liste seiner Hauptmerkmale an. Sie machen dieses Widget f\u00fcr Sie effizient: <\/p> <ul> <li>Drei verf\u00fcgbare Filter: nach Typ, Ausschlie\u00dfen nach und Anzahl der anzuzeigenden Bewertungen; <\/li> <li>Umschaltbarer Header des Widgets; <\/li> <li>Zwei m\u00f6gliche Szenarien nach der Ablehnung einer \u00dcberpr\u00fcfungsanfrage: Demonstrieren Sie Ihre Nachricht oder verbergen Sie die Schaltfl\u00e4che. <\/li> <\/ul><p><a href=\"#demo\">Eine vollst\u00e4ndige Liste der Funktionen finden Sie in unserer Live-Demo<\/a><\/p> <\/div> <div class=\"application-platform-content-item-installation application-platform-content-item\" id=\"installation\" data-nav-section=\"installation\"> <h2>Erfahren Sie, wie Sie die Buchungsbewertungen zu Ihrer Squarespace-Website hinzuf\u00fcgen<\/h2><div class=\"video-container\"><iframe width=\"560\" height=\"315\" src=\"https:\/\/www.youtube.com\/embed\/wdZ8_IaZTqk?si=4s9GI-rt-y3v4em3\" frameborder=\"0\" allow=\"accelerometer; autoplay; clipboard-write; encrypted-media; gyroscope; picture-in-picture; web-share\" allowfullscreen><\/iframe><\/div><p> Ein paar einfache Aktionen sind das Einzige, was Sie brauchen, um es programmierungsfrei zu machen. <\/p> <ol><li><b>Erstellen Sie Ihr eigenes Plugin f\u00fcr Buchungsbewertungen<\/b><br> Holen Sie sich in unserem kostenlosen Editor ein Plugin mit individuellem Aussehen und individuellen Funktionen. <\/li><li><b>Holen Sie sich den pers\u00f6nlichen Code zum Einbetten des Plugins<\/b><br> Nachdem Sie Ihr Widget festgelegt haben, erhalten Sie den Installationscode \u00fcber die angezeigte Benachrichtigung auf Elfsight Apps. Kopiere es. <\/li> <li><b>Betten Sie das Plugin auf Ihrer Squarespace-Site ein<\/b><br> Gehen Sie zu dem Bereich, in dem Sie das Plugin anzeigen m\u00f6chten, und f\u00fcgen Sie dort den gespeicherten Code ein. Wenden Sie die Ergebnisse an. <\/li> <li><b>Du bist fertig! <\/b><br> Betreten Sie Ihre Webseite, um Ihre Erfahrungsberichte anzuzeigen. <\/li> <\/ol><p>Haben Sie immer noch etwas, das Sie unsicher macht? Oder Probleme haben? Eine einzige Anfrage an unseren Kundenservice hilft bei jedem Problem. <\/p> <\/div>\n","protected":false},"excerpt":{"rendered":"","protected":false},"author":9,"featured_media":0,"parent":1543,"menu_order":0,"comment_status":"closed","ping_status":"closed","template":"templates\/template-application-platform.php","meta":{"publish_to_discourse":"","publish_post_category":"","wpdc_auto_publish_overridden":"","wpdc_topic_tags":"","wpdc_pin_topic":"","wpdc_pin_until":"","discourse_post_id":"","discourse_permalink":"","wpdc_publishing_response":"","wpdc_publishing_error":"","footnotes":""},"class_list":["post-8201","page","type-page","status-publish","hentry"],"yoast_head":"<!-- This site is optimized with the Yoast SEO plugin v25.3.1 - https:\/\/yoast.com\/wordpress\/plugins\/seo\/ -->\n<title>Einbetten von Buchungsbewertungen auf der Squarespace-Website (schnell und einfach)<\/title>\n<meta name=\"description\" content=\"Gestalten Sie mit Elfsight Ihre Buchungsbewertungen und f\u00fcgen Sie sie ganz einfach auf Ihrer Squarespace-Website hinzu. Wir bieten kostenlosen Kundensupport und weitere Boni.\" \/>\n<meta name=\"robots\" content=\"index, follow, max-snippet:-1, max-image-preview:large, max-video-preview:-1\" \/>\n<link rel=\"canonical\" href=\"https:\/\/elfsight.com\/de\/booking-reviews-widget\/squarespace\/\" \/>\n<meta property=\"og:locale\" content=\"de_DE\" \/>\n<meta property=\"og:type\" content=\"article\" \/>\n<meta property=\"og:title\" content=\"Einbetten von Buchungsbewertungen auf der Squarespace-Website (schnell und einfach)\" \/>\n<meta property=\"og:description\" content=\"Gestalten Sie mit Elfsight Ihre Buchungsbewertungen und f\u00fcgen Sie sie ganz einfach auf Ihrer Squarespace-Website hinzu. Wir bieten kostenlosen Kundensupport und weitere Boni.\" \/>\n<meta property=\"og:url\" content=\"https:\/\/elfsight.com\/de\/booking-reviews-widget\/squarespace\/\" \/>\n<meta property=\"og:site_name\" content=\"Elfsight DE\" \/>\n<meta property=\"article:modified_time\" content=\"2025-02-17T13:33:26+00:00\" \/>\n<meta name=\"twitter:card\" content=\"summary_large_image\" \/>\n<meta name=\"twitter:label1\" content=\"Gesch\u00e4tzte Lesezeit\" \/>\n\t<meta name=\"twitter:data1\" content=\"3\u00a0Minuten\" \/>\n<!-- \/ Yoast SEO plugin. -->","yoast_head_json":{"title":"Einbetten von Buchungsbewertungen auf der Squarespace-Website (schnell und einfach)","description":"Gestalten Sie mit Elfsight Ihre Buchungsbewertungen und f\u00fcgen Sie sie ganz einfach auf Ihrer Squarespace-Website hinzu. Wir bieten kostenlosen Kundensupport und weitere Boni.","robots":{"index":"index","follow":"follow","max-snippet":"max-snippet:-1","max-image-preview":"max-image-preview:large","max-video-preview":"max-video-preview:-1"},"canonical":"https:\/\/elfsight.com\/de\/booking-reviews-widget\/squarespace\/","og_locale":"de_DE","og_type":"article","og_title":"Einbetten von Buchungsbewertungen auf der Squarespace-Website (schnell und einfach)","og_description":"Gestalten Sie mit Elfsight Ihre Buchungsbewertungen und f\u00fcgen Sie sie ganz einfach auf Ihrer Squarespace-Website hinzu. Wir bieten kostenlosen Kundensupport und weitere Boni.","og_url":"https:\/\/elfsight.com\/de\/booking-reviews-widget\/squarespace\/","og_site_name":"Elfsight DE","article_modified_time":"2025-02-17T13:33:26+00:00","twitter_card":"summary_large_image","twitter_misc":{"Gesch\u00e4tzte Lesezeit":"3\u00a0Minuten"},"schema":{"@context":"https:\/\/schema.org","@graph":[{"@type":"WebPage","@id":"https:\/\/elfsight.com\/de\/booking-reviews-widget\/squarespace\/","url":"https:\/\/elfsight.com\/de\/booking-reviews-widget\/squarespace\/","name":"Einbetten von Buchungsbewertungen auf der Squarespace-Website (schnell und einfach)","isPartOf":{"@id":"https:\/\/elfsight.com\/de\/#website"},"datePublished":"2024-05-03T06:30:51+00:00","dateModified":"2025-02-17T13:33:26+00:00","description":"Gestalten Sie mit Elfsight Ihre Buchungsbewertungen und f\u00fcgen Sie sie ganz einfach auf Ihrer Squarespace-Website hinzu. Wir bieten kostenlosen Kundensupport und weitere Boni.","breadcrumb":{"@id":"https:\/\/elfsight.com\/de\/booking-reviews-widget\/squarespace\/#breadcrumb"},"inLanguage":"de","potentialAction":[{"@type":"ReadAction","target":["https:\/\/elfsight.com\/de\/booking-reviews-widget\/squarespace\/"]}]},{"@type":"BreadcrumbList","@id":"https:\/\/elfsight.com\/de\/booking-reviews-widget\/squarespace\/#breadcrumb","itemListElement":[{"@type":"ListItem","position":1,"name":"Home","item":"https:\/\/elfsight.com\/de\/"},{"@type":"ListItem","position":2,"name":"Booking Reviews","item":"https:\/\/elfsight.com\/de\/booking-reviews-widget\/"},{"@type":"ListItem","position":3,"name":"Booking Reviews &#8211; Squarespace"}]},{"@type":"WebSite","@id":"https:\/\/elfsight.com\/de\/#website","url":"https:\/\/elfsight.com\/de\/","name":"Elfsight DE","description":"Just another Elfsight Sites site","potentialAction":[{"@type":"SearchAction","target":{"@type":"EntryPoint","urlTemplate":"https:\/\/elfsight.com\/de\/?s={search_term_string}"},"query-input":{"@type":"PropertyValueSpecification","valueRequired":true,"valueName":"search_term_string"}}],"inLanguage":"de"}]}},"meta_box":{"industry":"","seo_heading":"","heading":"","description":"","cta_heading":"","cta_description":"","application":"489","h1":"Bewertungen von Squarespace Booking.com","h1_caption":"Zeigen Sie Bewertungen von booking.com an, um mehr G\u00e4ste anzulocken, indem Sie m\u00fchelos positive Erfahrungen fr\u00fcherer Besucher auf Ihrer Squarespace-Website zeigen.","application_category":[],"applications_title":"","applications_request_title":"","applications_request_button_text":"","hero_text":"","hero_video":"","hero_video_schema_markup":"","selling_points_title":"","selling_points_caption":"","selling_points":[],"selling_points_cta_text":"","features_title":"","features":"","ed_cta_examples_text":"","ed_cta_examples_hidden":"","ed_cta_demo_text":"","ed_cta_demo_hidden":"","why_caption":"","why_editor_title":"","why_editor_text":"","why_team_title":"","why_team_text":"","why_service_title":"","why_service_text":"","template_catalog_visible":"0","template_catalog_title":"","template_catalog_text":"","template_catalog_categories_visible":"","demo_title":"Erstellen Sie Ihr Plugin f\u00fcr Buchungsbewertungen","demo_caption":"Konfigurieren Sie Ihre Buchungsbewertungen und f\u00fcgen Sie sie kostenlos zu Ihrer Squarespace-Website hinzu!","default_faq_hidden":"","app_template_category":[],"platform":"252","template_public_id":"","codecanyon_url":"","codecanyon_item_id":"","codecanyon_price":"","pricing_caption":"","pricing_elfsight_apps_hide_column":"","pricing_elfsight_apps_url":"","pricing_codecanyon_price_caption":"","integration_category":[],"integration_request_title":"","integration_request_cta":"","integration_platform":"","integrations":[],"platform_category":[],"video_schema_markup":"","price":"ab 0 $ \/ Monat","trial":"","benefits":[{"text":"Kostenloser Installationsservice"},{"text":"Kompetenter Kundenservice"},{"text":"14-t\u00e4gige Geld-zur\u00fcck-Garantie"},{"text":"Fortlaufende Entwicklung"}],"button_url":"#demo","button_target_blank":"0","button_nofollow":"0","attributes":[{"name":"Installiert","content":"10,000 - 100,000"},{"name":"Reaktionsfreudig","content":"Ja"},{"name":"Kompatible Browser","content":"Firefox, Safari, Opera, Chrome, Edge"}],"tags":[],"tags_disable_links":"0","hide_more_platforms":"0","video_object":"","demo_hide_cta":"0","demo_hide_cloud_options":"0","pricing_title":"","pricing":[{"pricing_icon":"platform","pricing_title":"Elfsight Apps","pricing_title_caption":"Multiplattform-L\u00f6sung","pricing_price":"ab 0 $ \/ Monat","pricing_price_caption":"Beginnen Sie mit einem kostenlosen Plan","pricing_benefits":[{"text":"Unbegrenzte Websites"},{"text":"Erstklassiger und p\u00fcnktlicher Support"},{"text":"Kostenloser Installationssupport"},{"text":"Flexibles Design"}],"pricing_button_text":"Zur Website hinzuf\u00fcgen","pricing_button_url":"#demo"}],"related_apps_title":"","related_apps_hidden":"0","author":"","image":[],"title":"","job":"","social_networks":[]},"_links":{"self":[{"href":"https:\/\/elfsight.com\/de\/wp-json\/wp\/v2\/pages\/8201","targetHints":{"allow":["GET"]}}],"collection":[{"href":"https:\/\/elfsight.com\/de\/wp-json\/wp\/v2\/pages"}],"about":[{"href":"https:\/\/elfsight.com\/de\/wp-json\/wp\/v2\/types\/page"}],"author":[{"embeddable":true,"href":"https:\/\/elfsight.com\/de\/wp-json\/wp\/v2\/users\/9"}],"replies":[{"embeddable":true,"href":"https:\/\/elfsight.com\/de\/wp-json\/wp\/v2\/comments?post=8201"}],"version-history":[{"count":3,"href":"https:\/\/elfsight.com\/de\/wp-json\/wp\/v2\/pages\/8201\/revisions"}],"predecessor-version":[{"id":24273,"href":"https:\/\/elfsight.com\/de\/wp-json\/wp\/v2\/pages\/8201\/revisions\/24273"}],"up":[{"embeddable":true,"href":"https:\/\/elfsight.com\/de\/wp-json\/wp\/v2\/pages\/1543"}],"wp:attachment":[{"href":"https:\/\/elfsight.com\/de\/wp-json\/wp\/v2\/media?parent=8201"}],"curies":[{"name":"wp","href":"https:\/\/api.w.org\/{rel}","templated":true}]}}