{"id":8195,"date":"2024-05-03T06:30:49","date_gmt":"2024-05-03T06:30:49","guid":{"rendered":"https:\/\/elfsight.com\/de\/?page_id=8195"},"modified":"2025-07-08T10:18:59","modified_gmt":"2025-07-08T10:18:59","slug":"opencart","status":"publish","type":"page","link":"https:\/\/elfsight.com\/de\/booking-reviews-widget\/opencart\/","title":{"rendered":"Booking Reviews &#8211; OpenCart"},"content":{"rendered":"<div class=\"application-platform-content-item-description application-platform-content-item\" id=\"description\" data-nav-section=\"description\"> <h2>Beschreibung<\/h2> <p>Wenn Sie nach einer M\u00f6glichkeit suchen, Ihre hohe Wertsch\u00e4tzung durch Kunden zu demonstrieren und Website-Besucher von Ihrer Unterkunft zu \u00fcberzeugen ist einen Besuch wert, Elfsight Booking Reviews wird den Job erledigen. Mit unserem Tool k\u00f6nnen Sie Kundenrezensionen von Booking schnell mit Informationen zu den Autoren auf Ihrer Website platzieren, Filter verwenden, um nur positive Bewertungen anzuzeigen, Bewertungen hinzuf\u00fcgen und eine Weiterleitungsschaltfl\u00e4che verwenden, die Benutzer auf Ihre Booking-Seite weiterleitet, damit sie eine neue Bewertung ver\u00f6ffentlichen k\u00f6nnen Rezension. <\/p> <div class=\"faq\" data-component=\"FAQ\"><div class=\"faq-item\">\r\n\t\t\t\t\t<div class=\"faq-item-question\">\r\n\t\t\t\t\t\t<h3 class=\"faq-item-question-text\">Wo auf meiner Website kann ich dieses Plugin einbetten<\/h3>\r\n\r\n\t\t\t\t\t\t<div class=\"faq-item-question-icon\"><\/div>\r\n\t\t\t\t\t<\/div>\r\n\r\n\t\t\t\t\t<div class=\"faq-item-answer\">\r\n\t\t\t\t\t\t<div class=\"faq-item-answer-text\"> <p>Sie k\u00f6nnen das Widget in jede Seite Ihrer Website einbetten oder es in die Vorlage einf\u00fcgen, in diesem Fall wird es das tun auf allen Seiten offengelegt werden. Bewertungen eignen sich gut f\u00fcr Produktseiten oder die Seite \u201e\u00dcber uns\u201c, auf der Sie Ihre Wertsch\u00e4tzung zum Ausdruck bringen m\u00f6chten. <\/p> <\/div>\r\n\t\t\t\t\t<\/div>\r\n\t\t\t\t<\/div><div class=\"faq-item\">\r\n\t\t\t\t\t<div class=\"faq-item-question\">\r\n\t\t\t\t\t\t<h3 class=\"faq-item-question-text\">Wie kann ich von Buchungsbewertungen profitieren?<\/h3>\r\n\r\n\t\t\t\t\t\t<div class=\"faq-item-question-icon\"><\/div>\r\n\t\t\t\t\t<\/div>\r\n\r\n\t\t\t\t\t<div class=\"faq-item-answer\">\r\n\t\t\t\t\t\t<div class=\"faq-item-answer-text\"> <p>Von echten Menschen verfasste Bewertungen sind f\u00fcr Ihre Website-Besucher absolut glaubw\u00fcrdig und zeigen ihnen, dass Ihr Unternehmen vertrauensw\u00fcrdig ist. Hohe Bewertungen und gute Rezensionen k\u00f6nnen dazu beitragen, den Umsatz Ihrer Website zu steigern. Dar\u00fcber hinaus kann die aktive Schaltfl\u00e4che zu mehr Kundenbewertungen \u00fcber Ihr Unternehmen bei Booking beitragen. <\/p> <\/div>\r\n\t\t\t\t\t<\/div>\r\n\t\t\t\t<\/div> <div class=\"faq-item\">\r\n\t\t\t\t\t<div class=\"faq-item-question\">\r\n\t\t\t\t\t\t<h3 class=\"faq-item-question-text\">Was ben\u00f6tige ich, um Buchungsbewertungen zu meiner OpenCart-Website hinzuzuf\u00fcgen?<\/h3>\r\n\r\n\t\t\t\t\t\t<div class=\"faq-item-question-icon\"><\/div>\r\n\t\t\t\t\t<\/div>\r\n\r\n\t\t\t\t\t<div class=\"faq-item-answer\">\r\n\t\t\t\t\t\t<div class=\"faq-item-answer-text\"> <p>Die Einrichtung des Widgets wird drei Minuten Ihrer Zeit in Anspruch nehmen. Das Hinzuf\u00fcgen geht superschnell, ist kostenlos und erfordert kein Programmieren. <\/p> <ol><li>In unserem Service k\u00f6nnen Sie Buchungsbewertungen auf der Website einf\u00fcgen. Dazu m\u00fcssen Sie der kurzen Beschreibung unten auf dieser Seite folgen. <\/li> <li>Elfsight-Buchungsbewertungen k\u00f6nnen \u00fcber unseren Service oder \u00fcber den Marktplatz integriert werden. Hier k\u00f6nnen Sie weitere Details zu den beiden Optionen lesen und eine passendere ausw\u00e4hlen. <\/li> <\/ol> <\/div>\r\n\t\t\t\t\t<\/div>\r\n\t\t\t\t<\/div> <\/div> <\/div> <div class=\"application-platform-content-item-features application-platform-content-item\" id=\"features\" data-nav-section=\"features\"> <h2>Funktionen<\/h2> <p>Um eine klarere Wahrnehmung des Widgets zu erreichen, Sie k\u00f6nnen die Liste der Hauptfunktionen durchsehen. Sie machen das Widget f\u00fcr Ihr Unternehmen effizient: <\/p> <ul> <li>4 vordefinierte Layouts: Liste, Raster, Mauerwerk und Schieberegler; <\/li> <li>Die Schaltfl\u00e4che zum Anfordern einer Bewertung leitet Besucher zu Ihrer Buchungsseite weiter. <\/li> <li>6 anpassbare Elemente des Widgets: Name des Autors und Bild, Empfehlungstext, Datum, Buchungssymbol und Sternebewertung; <\/li> <\/ul><p><a href=\"#demo\">Lernen Sie weitere Funktionen in der Demo kennen<\/a><\/p> <\/div> <div class=\"application-platform-content-item-installation application-platform-content-item\" id=\"installation\" data-nav-section=\"installation\"> <h2> Erfahren Sie, wie Sie die Buchungsbewertungen in Ihre OpenCart-Seite einbetten.<\/h2> <p>Diese verschiedenen Aktionen sind das Einzige, was Sie ausf\u00fchren m\u00fcssen, um das Bewertungs-Widget auf Ihrer Website einzubetten. <\/p> <ol><li><b>Starten Sie unsere kostenlose Demo und beginnen Sie mit der Gestaltung Ihrer ma\u00dfgeschneiderten Erweiterung. <\/b><br> Finden Sie die gew\u00fcnschten Form- und Funktionsmerkmale der Erweiterung und speichern Sie alle Korrekturen. <\/li> <li><b>Erhalten Sie Ihren einzigartigen Code, der in der Box auf Elfsight Apps angezeigt wird. <\/b><br> Nachdem die Einrichtung Ihrer Nebenstelle abgeschlossen ist, kopieren Sie den pers\u00f6nlichen Code aus dem angezeigten Popup und speichern Sie ihn f\u00fcr eine sp\u00e4tere Gelegenheit. <\/li> <li><b>Beginnen Sie mit der Verwendung der Erweiterung auf der OpenCart-Site. <\/b><br> Betten Sie den Code, den Sie zuvor kopiert haben, in Ihre Website ein und \u00fcbernehmen Sie die \u00c4nderungen. <\/li> <li><b>Die Installation ist vollst\u00e4ndig durchgef\u00fchrt. <\/b><br> Besuchen Sie Ihre Webseite, um einen Blick auf die Funktionsweise der Erweiterung zu werfen. <\/li><\/ol><p>Sie k\u00f6nnen sich immer noch nicht entscheiden? Oder haben Sie Probleme? Senden Sie einfach Ihre Anfrage an unser Support-Team, wir helfen Ihnen bei jedem Problem. <\/p> <\/div>","protected":false},"excerpt":{"rendered":"","protected":false},"author":9,"featured_media":0,"parent":1543,"menu_order":0,"comment_status":"closed","ping_status":"closed","template":"templates\/template-application-platform.php","meta":{"publish_to_discourse":"","publish_post_category":"","wpdc_auto_publish_overridden":"","wpdc_topic_tags":"","wpdc_pin_topic":"","wpdc_pin_until":"","discourse_post_id":"","discourse_permalink":"","wpdc_publishing_response":"","wpdc_publishing_error":"","footnotes":""},"class_list":["post-8195","page","type-page","status-publish","hentry"],"yoast_head":"<!-- This site is optimized with the Yoast SEO plugin v25.3.1 - https:\/\/yoast.com\/wordpress\/plugins\/seo\/ -->\n<title>Einbetten von Buchungsbewertungen auf der OpenCart-Website (kostenlos und schnell)<\/title>\n<meta name=\"description\" content=\"Es ist ganz einfach, Ihre Booking Reviews-Erweiterung zu erstellen und sie auf der OpenCart-Website hinzuzuf\u00fcgen. Der Elfsight-Kundensupport ist kostenlos.\" \/>\n<meta name=\"robots\" content=\"index, follow, max-snippet:-1, max-image-preview:large, max-video-preview:-1\" \/>\n<link rel=\"canonical\" href=\"https:\/\/elfsight.com\/de\/booking-reviews-widget\/opencart\/\" \/>\n<meta property=\"og:locale\" content=\"de_DE\" \/>\n<meta property=\"og:type\" content=\"article\" \/>\n<meta property=\"og:title\" content=\"Einbetten von Buchungsbewertungen auf der OpenCart-Website (kostenlos und schnell)\" \/>\n<meta property=\"og:description\" content=\"Es ist ganz einfach, Ihre Booking Reviews-Erweiterung zu erstellen und sie auf der OpenCart-Website hinzuzuf\u00fcgen. Der Elfsight-Kundensupport ist kostenlos.\" \/>\n<meta property=\"og:url\" content=\"https:\/\/elfsight.com\/de\/booking-reviews-widget\/opencart\/\" \/>\n<meta property=\"og:site_name\" content=\"Elfsight DE\" \/>\n<meta property=\"article:modified_time\" content=\"2025-07-08T10:18:59+00:00\" \/>\n<meta name=\"twitter:card\" content=\"summary_large_image\" \/>\n<meta name=\"twitter:label1\" content=\"Gesch\u00e4tzte Lesezeit\" \/>\n\t<meta name=\"twitter:data1\" content=\"3\u00a0Minuten\" \/>\n<!-- \/ Yoast SEO plugin. -->","yoast_head_json":{"title":"Einbetten von Buchungsbewertungen auf der OpenCart-Website (kostenlos und schnell)","description":"Es ist ganz einfach, Ihre Booking Reviews-Erweiterung zu erstellen und sie auf der OpenCart-Website hinzuzuf\u00fcgen. Der Elfsight-Kundensupport ist kostenlos.","robots":{"index":"index","follow":"follow","max-snippet":"max-snippet:-1","max-image-preview":"max-image-preview:large","max-video-preview":"max-video-preview:-1"},"canonical":"https:\/\/elfsight.com\/de\/booking-reviews-widget\/opencart\/","og_locale":"de_DE","og_type":"article","og_title":"Einbetten von Buchungsbewertungen auf der OpenCart-Website (kostenlos und schnell)","og_description":"Es ist ganz einfach, Ihre Booking Reviews-Erweiterung zu erstellen und sie auf der OpenCart-Website hinzuzuf\u00fcgen. Der Elfsight-Kundensupport ist kostenlos.","og_url":"https:\/\/elfsight.com\/de\/booking-reviews-widget\/opencart\/","og_site_name":"Elfsight DE","article_modified_time":"2025-07-08T10:18:59+00:00","twitter_card":"summary_large_image","twitter_misc":{"Gesch\u00e4tzte Lesezeit":"3\u00a0Minuten"},"schema":{"@context":"https:\/\/schema.org","@graph":[{"@type":"WebPage","@id":"https:\/\/elfsight.com\/de\/booking-reviews-widget\/opencart\/","url":"https:\/\/elfsight.com\/de\/booking-reviews-widget\/opencart\/","name":"Einbetten von Buchungsbewertungen auf der OpenCart-Website (kostenlos und schnell)","isPartOf":{"@id":"https:\/\/elfsight.com\/de\/#website"},"datePublished":"2024-05-03T06:30:49+00:00","dateModified":"2025-07-08T10:18:59+00:00","description":"Es ist ganz einfach, Ihre Booking Reviews-Erweiterung zu erstellen und sie auf der OpenCart-Website hinzuzuf\u00fcgen. Der Elfsight-Kundensupport ist kostenlos.","breadcrumb":{"@id":"https:\/\/elfsight.com\/de\/booking-reviews-widget\/opencart\/#breadcrumb"},"inLanguage":"de","potentialAction":[{"@type":"ReadAction","target":["https:\/\/elfsight.com\/de\/booking-reviews-widget\/opencart\/"]}]},{"@type":"BreadcrumbList","@id":"https:\/\/elfsight.com\/de\/booking-reviews-widget\/opencart\/#breadcrumb","itemListElement":[{"@type":"ListItem","position":1,"name":"Home","item":"https:\/\/elfsight.com\/de\/"},{"@type":"ListItem","position":2,"name":"Booking Reviews","item":"https:\/\/elfsight.com\/de\/booking-reviews-widget\/"},{"@type":"ListItem","position":3,"name":"Booking Reviews &#8211; OpenCart"}]},{"@type":"WebSite","@id":"https:\/\/elfsight.com\/de\/#website","url":"https:\/\/elfsight.com\/de\/","name":"Elfsight DE","description":"Just another Elfsight Sites site","potentialAction":[{"@type":"SearchAction","target":{"@type":"EntryPoint","urlTemplate":"https:\/\/elfsight.com\/de\/?s={search_term_string}"},"query-input":{"@type":"PropertyValueSpecification","valueRequired":true,"valueName":"search_term_string"}}],"inLanguage":"de"}]}},"meta_box":{"industry":"","seo_heading":"","heading":"","description":"","cta_heading":"","cta_description":"","application":"489","h1":"OpenCart Booking.com-Bewertungen","h1_caption":"Zeigen Sie Bewertungen von booking.com an, um mehr G\u00e4ste anzulocken, indem Sie m\u00fchelos positive Erfahrungen fr\u00fcherer Besucher auf Ihrer Opencart-Website anzeigen.","application_category":[],"applications_title":"","applications_request_title":"","applications_request_button_text":"","hero_text":"","hero_video":"","hero_video_schema_markup":"","selling_points_title":"","selling_points_caption":"","selling_points":[],"selling_points_cta_text":"","features_title":"","features":"","ed_cta_examples_text":"","ed_cta_examples_hidden":"","ed_cta_demo_text":"","ed_cta_demo_hidden":"","why_caption":"","why_editor_title":"","why_editor_text":"","why_team_title":"","why_team_text":"","why_service_title":"","why_service_text":"","template_catalog_visible":"","template_catalog_title":"","template_catalog_text":"","template_catalog_categories_visible":"","demo_title":"Erstellen Sie Ihre Erweiterung \u201eBuchungsbewertungen\u201c.","demo_caption":"Konfigurieren Sie Ihre Buchungsbewertungen und f\u00fcgen Sie sie kostenlos zu Ihrer OpenCart-Website hinzu!","default_faq_hidden":"","app_template_category":[],"platform":"254","template_public_id":"","codecanyon_url":"","codecanyon_item_id":"","codecanyon_price":"","pricing_caption":"","pricing_elfsight_apps_hide_column":"","pricing_elfsight_apps_url":"","pricing_codecanyon_price_caption":"","integration_category":[],"integration_request_title":"","integration_request_cta":"","integration_platform":"","integrations":[],"platform_category":[],"video_schema_markup":"","price":"ab 0 $ \/ Monat","trial":"","benefits":[{"text":"Kostenloser Installationsservice"},{"text":"Erfahrener Kundensupport"},{"text":"14-t\u00e4gige R\u00fcckerstattungsgarantie"},{"text":"Zuk\u00fcnftige Updates"}],"button_url":"#demo","button_target_blank":"","button_nofollow":"","attributes":[{"name":"Installiert","content":"10,000 - 100,000"},{"name":"Reaktionsfreudig","content":"Ja"},{"name":"Kompatible Browser","content":"Safari, Opera, Edge, Chrome, Firefox"}],"tags":[],"tags_disable_links":"","hide_more_platforms":"","video_object":"","demo_hide_cta":"","demo_hide_cloud_options":"","pricing_title":"","pricing":[{"pricing_icon":"platform","pricing_title":"Elfsight Apps","pricing_title_caption":"Plattform\u00fcbergreifende digitale L\u00f6sung, die auf jeder Website funktioniert","pricing_price":"ab 0 $ \/ Monat","pricing_price_caption":"Beginnen Sie mit einem kostenlosen Plan","pricing_benefits":[{"text":"Unbegrenzte Domains"},{"text":"Professionelle und p\u00fcnktliche Unterst\u00fctzung"},{"text":"Kostenlose Installationshilfe"},{"text":"100 % anpassbar"}],"pricing_button_text":"Zur Website hinzuf\u00fcgen","pricing_button_url":"#demo"}],"related_apps_title":"","related_apps_hidden":"","author":"","image":[],"title":"","job":"","social_networks":[]},"_links":{"self":[{"href":"https:\/\/elfsight.com\/de\/wp-json\/wp\/v2\/pages\/8195","targetHints":{"allow":["GET"]}}],"collection":[{"href":"https:\/\/elfsight.com\/de\/wp-json\/wp\/v2\/pages"}],"about":[{"href":"https:\/\/elfsight.com\/de\/wp-json\/wp\/v2\/types\/page"}],"author":[{"embeddable":true,"href":"https:\/\/elfsight.com\/de\/wp-json\/wp\/v2\/users\/9"}],"replies":[{"embeddable":true,"href":"https:\/\/elfsight.com\/de\/wp-json\/wp\/v2\/comments?post=8195"}],"version-history":[{"count":1,"href":"https:\/\/elfsight.com\/de\/wp-json\/wp\/v2\/pages\/8195\/revisions"}],"predecessor-version":[{"id":8199,"href":"https:\/\/elfsight.com\/de\/wp-json\/wp\/v2\/pages\/8195\/revisions\/8199"}],"up":[{"embeddable":true,"href":"https:\/\/elfsight.com\/de\/wp-json\/wp\/v2\/pages\/1543"}],"wp:attachment":[{"href":"https:\/\/elfsight.com\/de\/wp-json\/wp\/v2\/media?parent=8195"}],"curies":[{"name":"wp","href":"https:\/\/api.w.org\/{rel}","templated":true}]}}