{"id":8188,"date":"2024-05-03T06:30:46","date_gmt":"2024-05-03T06:30:46","guid":{"rendered":"https:\/\/elfsight.com\/de\/?page_id=8188"},"modified":"2025-07-08T10:18:47","modified_gmt":"2025-07-08T10:18:47","slug":"magento","status":"publish","type":"page","link":"https:\/\/elfsight.com\/de\/booking-reviews-widget\/magento\/","title":{"rendered":"Booking Reviews &#8211; Magento"},"content":{"rendered":"<div class=\"application-platform-content-item-description application-platform-content-item\" id=\"description\" data-nav-section=\"description\"> <h2>Beschreibung<\/h2> <p>Elfsight Booking Reviews ist ein n\u00fctzliches Tool, mit dem Sie Bewertungen von Benutzern zu Ihren Angeboten in Ihre Website einbetten k\u00f6nnen der Buchung. Mit unserem Widget k\u00f6nnen Sie Filter anwenden, um unerw\u00fcnschte Bewertungen auszusortieren, Ihre Sterne- und Zahlenbewertungen von Booking hervorheben, Informationen \u00fcber die Autoren hinzuf\u00fcgen und eine Schaltfl\u00e4che integrieren, die Besucher dazu umleitet, eine weitere Bewertung bei Booking abzugeben. Das Elfsight Booking Reviews-Widget hilft Ihnen dabei, Ihren hohen Social Proof auf der Website zu zeigen und den Umsatz zu steigern. <\/p> <div class=\"faq\" data-component=\"FAQ\"><div class=\"faq-item\">\r\n\t\t\t\t\t<div class=\"faq-item-question\">\r\n\t\t\t\t\t\t<h3 class=\"faq-item-question-text\">Wo auf meiner Seite kann ich dieses Plugin einbetten<\/h3>\r\n\r\n\t\t\t\t\t\t<div class=\"faq-item-question-icon\"><\/div>\r\n\t\t\t\t\t<\/div>\r\n\r\n\t\t\t\t\t<div class=\"faq-item-answer\">\r\n\t\t\t\t\t\t<div class=\"faq-item-answer-text\"> <p>Das Widget kann auf jeder Seite angezeigt werden, auf der Sie Ihre hohe Wertsch\u00e4tzung und Beliebtheit bei Kunden unter Beweis stellen m\u00f6chten. Wenn Sie es auf allen Seiten der Website ben\u00f6tigen, k\u00f6nnen Sie es einfach in die Website-Vorlage einf\u00fcgen. <\/p> <\/div>\r\n\t\t\t\t\t<\/div>\r\n\t\t\t\t<\/div><div class=\"faq-item\">\r\n\t\t\t\t\t<div class=\"faq-item-question\">\r\n\t\t\t\t\t\t<h3 class=\"faq-item-question-text\">Was sind die Vorteile dieses Plugins f\u00fcr mich?<\/h3>\r\n\r\n\t\t\t\t\t\t<div class=\"faq-item-question-icon\"><\/div>\r\n\t\t\t\t\t<\/div>\r\n\r\n\t\t\t\t\t<div class=\"faq-item-answer\">\r\n\t\t\t\t\t\t<div class=\"faq-item-answer-text\"> <p>Bewertungen von echten Menschen wirken f\u00fcr Ihre Website-Kunden absolut glaubw\u00fcrdig und zeigen ihnen, dass Ihr Unternehmen zuverl\u00e4ssig ist. Eine hohe Bewertung und positive Eindr\u00fccke k\u00f6nnen dazu beitragen, die K\u00e4ufe auf Ihrer Website zu steigern. Au\u00dferdem kann die Weiterleitungsschaltfl\u00e4che zu mehr Kundenbewertungen zu Ihrem Unternehmen bei der Buchung f\u00fchren. <\/p> <\/div>\r\n\t\t\t\t\t<\/div>\r\n\t\t\t\t<\/div> <div class=\"faq-item\">\r\n\t\t\t\t\t<div class=\"faq-item-question\">\r\n\t\t\t\t\t\t<h3 class=\"faq-item-question-text\">Wie f\u00fcge ich Buchungsbewertungen zu meiner Magento-Website hinzu?<\/h3>\r\n\r\n\t\t\t\t\t\t<div class=\"faq-item-question-icon\"><\/div>\r\n\t\t\t\t\t<\/div>\r\n\r\n\t\t\t\t\t<div class=\"faq-item-answer\">\r\n\t\t\t\t\t\t<div class=\"faq-item-answer-text\"> <p>Sie ben\u00f6tigen nur drei Minuten Ihrer Zeit, um das Widget betriebsbereit zu haben. Die Integration ist superschnell, kostenlos und ohne Programmierung. <\/p> <ol><li>Es besteht die M\u00f6glichkeit, das Widget \u00fcber unseren Dienst auf der Website einzuf\u00fchren. Befolgen Sie dazu die Schritte der Kurzbeschreibung unten auf dieser Seite. <\/li> <li>Das Widget kann direkt auf unserem Service oder \u00fcber den Marktplatz eingebettet werden. Hier k\u00f6nnen Sie weitere Optionen sehen und Ihre ausw\u00e4hlen. <\/li> <\/ol> <\/div>\r\n\t\t\t\t\t<\/div>\r\n\t\t\t\t<\/div> <\/div> <\/div> <div class=\"application-platform-content-item-features application-platform-content-item\" id=\"features\" data-nav-section=\"features\"> <h2>Funktionen<\/h2> <p>Um eine klarere Wahrnehmung von Buchungsbewertungen zu erhalten, Entdecken Sie die Liste der Hauptfunktionen. Sie machen dieses Widget f\u00fcr Sie maximal effizient:<\/p> <ul> <li>Vier Layouts: Liste, Raster, Mauerwerk und Schieberegler; <\/li> <li>Eine Option zum Steuern der Anzeige der Kopfzeile des Widgets; <\/li> <li>Zwei m\u00f6gliche Szenarien nach der Ablehnung einer \u00dcberpr\u00fcfungsanfrage: Zeigen Sie Ihre Nachricht an oder verbergen Sie die Schaltfl\u00e4che.<\/li> <\/ul><p><a href=\"#demo\">Lernen Sie alle Funktionen in einer Live-Demo <\/a><\/p><\/div> <div class=\"application-platform-content-item-installation application-platform-content-item\" id=\"installation\" data-nav-section=\"installation\"> <h2>Sehen wir uns an, wie Sie die Buchungsbewertungen zu Ihrem Magento-Shop hinzuf\u00fcgen<\/h2> <p>Die folgenden Schritte sind das Einzige, was Sie tun m\u00fcssen m\u00fcssen integriert werden.<\/p> <ol><li><b>Nutzen Sie unseren kostenlosen Konfigurator und beginnen Sie mit der Erstellung Ihrer benutzerdefinierten Rezensionserweiterung. <\/b><br> W\u00e4hlen Sie die gew\u00fcnschte Anordnung und die gew\u00fcnschten Funktionsmerkmale der Erweiterung und speichern Sie alle \u00c4nderungen. <\/li> <li><b>Holen Sie sich den individuellen Code, der im Fenster von Elfsight Apps angezeigt wird. <\/b><br> Kopieren Sie direkt nach der Erstellung Ihrer pers\u00f6nlichen Erweiterung den pers\u00f6nlichen Code aus dem angezeigten Popup und speichern Sie ihn zur sp\u00e4teren Verwendung. <\/li> <li><b>Initiieren Sie die Anwendung der Erweiterung auf Ihrer Magento-Site. <\/b><br> Betten Sie den Code, den Sie zuvor kopiert haben, in Ihre Website ein und wenden Sie die Verbesserungen an. <\/li> <li><b>Du bist fertig! Der Aufbau ist vollst\u00e4ndig abgeschlossen. <\/b><br> Besuchen Sie Ihre Webseite, um zu \u00fcberpr\u00fcfen, wie die Erweiterung funktioniert. <\/li><\/ol><p>Sie k\u00f6nnen sich immer noch nicht entscheiden? Oder haben Sie Probleme? Eine einzige Anfrage an unseren Kundenservice gen\u00fcgt, um jedes Problem zu l\u00f6sen. <\/p> <\/div>","protected":false},"excerpt":{"rendered":"","protected":false},"author":9,"featured_media":0,"parent":1543,"menu_order":0,"comment_status":"closed","ping_status":"closed","template":"templates\/template-application-platform.php","meta":{"publish_to_discourse":"","publish_post_category":"","wpdc_auto_publish_overridden":"","wpdc_topic_tags":"","wpdc_pin_topic":"","wpdc_pin_until":"","discourse_post_id":"","discourse_permalink":"","wpdc_publishing_response":"","wpdc_publishing_error":"","footnotes":""},"class_list":["post-8188","page","type-page","status-publish","hentry"],"yoast_head":"<!-- This site is optimized with the Yoast SEO plugin v25.3.1 - https:\/\/yoast.com\/wordpress\/plugins\/seo\/ -->\n<title>Einbetten von Buchungsbewertungen auf der Magento-Website (2025)<\/title>\n<meta name=\"description\" content=\"Gestalten Sie mit Elfsight Ihre Booking Reviews-Erweiterung und f\u00fcgen Sie sie schnell auf Ihrer Magento-Website ein. Wir bieten kostenlosen Kundenservice und weitere Boni.\" \/>\n<meta name=\"robots\" content=\"index, follow, max-snippet:-1, max-image-preview:large, max-video-preview:-1\" \/>\n<link rel=\"canonical\" href=\"https:\/\/elfsight.com\/de\/booking-reviews-widget\/magento\/\" \/>\n<meta property=\"og:locale\" content=\"de_DE\" \/>\n<meta property=\"og:type\" content=\"article\" \/>\n<meta property=\"og:title\" content=\"Einbetten von Buchungsbewertungen auf der Magento-Website (2025)\" \/>\n<meta property=\"og:description\" content=\"Gestalten Sie mit Elfsight Ihre Booking Reviews-Erweiterung und f\u00fcgen Sie sie schnell auf Ihrer Magento-Website ein. Wir bieten kostenlosen Kundenservice und weitere Boni.\" \/>\n<meta property=\"og:url\" content=\"https:\/\/elfsight.com\/de\/booking-reviews-widget\/magento\/\" \/>\n<meta property=\"og:site_name\" content=\"Elfsight DE\" \/>\n<meta property=\"article:modified_time\" content=\"2025-07-08T10:18:47+00:00\" \/>\n<meta name=\"twitter:card\" content=\"summary_large_image\" \/>\n<meta name=\"twitter:label1\" content=\"Gesch\u00e4tzte Lesezeit\" \/>\n\t<meta name=\"twitter:data1\" content=\"3\u00a0Minuten\" \/>\n<!-- \/ Yoast SEO plugin. -->","yoast_head_json":{"title":"Einbetten von Buchungsbewertungen auf der Magento-Website (2025)","description":"Gestalten Sie mit Elfsight Ihre Booking Reviews-Erweiterung und f\u00fcgen Sie sie schnell auf Ihrer Magento-Website ein. Wir bieten kostenlosen Kundenservice und weitere Boni.","robots":{"index":"index","follow":"follow","max-snippet":"max-snippet:-1","max-image-preview":"max-image-preview:large","max-video-preview":"max-video-preview:-1"},"canonical":"https:\/\/elfsight.com\/de\/booking-reviews-widget\/magento\/","og_locale":"de_DE","og_type":"article","og_title":"Einbetten von Buchungsbewertungen auf der Magento-Website (2025)","og_description":"Gestalten Sie mit Elfsight Ihre Booking Reviews-Erweiterung und f\u00fcgen Sie sie schnell auf Ihrer Magento-Website ein. Wir bieten kostenlosen Kundenservice und weitere Boni.","og_url":"https:\/\/elfsight.com\/de\/booking-reviews-widget\/magento\/","og_site_name":"Elfsight DE","article_modified_time":"2025-07-08T10:18:47+00:00","twitter_card":"summary_large_image","twitter_misc":{"Gesch\u00e4tzte Lesezeit":"3\u00a0Minuten"},"schema":{"@context":"https:\/\/schema.org","@graph":[{"@type":"WebPage","@id":"https:\/\/elfsight.com\/de\/booking-reviews-widget\/magento\/","url":"https:\/\/elfsight.com\/de\/booking-reviews-widget\/magento\/","name":"Einbetten von Buchungsbewertungen auf der Magento-Website (2025)","isPartOf":{"@id":"https:\/\/elfsight.com\/de\/#website"},"datePublished":"2024-05-03T06:30:46+00:00","dateModified":"2025-07-08T10:18:47+00:00","description":"Gestalten Sie mit Elfsight Ihre Booking Reviews-Erweiterung und f\u00fcgen Sie sie schnell auf Ihrer Magento-Website ein. Wir bieten kostenlosen Kundenservice und weitere Boni.","breadcrumb":{"@id":"https:\/\/elfsight.com\/de\/booking-reviews-widget\/magento\/#breadcrumb"},"inLanguage":"de","potentialAction":[{"@type":"ReadAction","target":["https:\/\/elfsight.com\/de\/booking-reviews-widget\/magento\/"]}]},{"@type":"BreadcrumbList","@id":"https:\/\/elfsight.com\/de\/booking-reviews-widget\/magento\/#breadcrumb","itemListElement":[{"@type":"ListItem","position":1,"name":"Home","item":"https:\/\/elfsight.com\/de\/"},{"@type":"ListItem","position":2,"name":"Booking Reviews","item":"https:\/\/elfsight.com\/de\/booking-reviews-widget\/"},{"@type":"ListItem","position":3,"name":"Booking Reviews &#8211; Magento"}]},{"@type":"WebSite","@id":"https:\/\/elfsight.com\/de\/#website","url":"https:\/\/elfsight.com\/de\/","name":"Elfsight DE","description":"Just another Elfsight Sites site","potentialAction":[{"@type":"SearchAction","target":{"@type":"EntryPoint","urlTemplate":"https:\/\/elfsight.com\/de\/?s={search_term_string}"},"query-input":{"@type":"PropertyValueSpecification","valueRequired":true,"valueName":"search_term_string"}}],"inLanguage":"de"}]}},"meta_box":{"industry":"","seo_heading":"","heading":"","description":"","cta_heading":"","cta_description":"","application":"489","h1":"Magento Booking.com Bewertungen","h1_caption":"Zeigen Sie Bewertungen von booking.com an, um mehr G\u00e4ste anzulocken, indem Sie m\u00fchelos positive Erfahrungen fr\u00fcherer Besucher auf Ihrer Magento-Website anzeigen.","application_category":[],"applications_title":"","applications_request_title":"","applications_request_button_text":"","hero_text":"","hero_video":"","hero_video_schema_markup":"","selling_points_title":"","selling_points_caption":"","selling_points":[],"selling_points_cta_text":"","features_title":"","features":"","ed_cta_examples_text":"","ed_cta_examples_hidden":"","ed_cta_demo_text":"","ed_cta_demo_hidden":"","why_caption":"","why_editor_title":"","why_editor_text":"","why_team_title":"","why_team_text":"","why_service_title":"","why_service_text":"","template_catalog_visible":"","template_catalog_title":"","template_catalog_text":"","template_catalog_categories_visible":"","demo_title":"Erstellen Sie Ihre Erweiterung \u201eBuchungsbewertungen\u201c.","demo_caption":"Konfigurieren Sie Ihre Buchungsbewertungen und f\u00fcgen Sie sie kostenlos zu Ihrer Magento-Website hinzu!","default_faq_hidden":"","app_template_category":[],"platform":"256","template_public_id":"","codecanyon_url":"","codecanyon_item_id":"","codecanyon_price":"","pricing_caption":"","pricing_elfsight_apps_hide_column":"","pricing_elfsight_apps_url":"","pricing_codecanyon_price_caption":"","integration_category":[],"integration_request_title":"","integration_request_cta":"","integration_platform":"","integrations":[],"platform_category":[],"video_schema_markup":"","price":"ab 0 $ \/ Monat","trial":"","benefits":[{"text":"Kostenloser Installationsservice"},{"text":"Effektiver Kundenservice"},{"text":"14-t\u00e4gige R\u00fcckerstattungsgarantie"},{"text":"Kontinuierliche kostenlose Verbesserungen"}],"button_url":"#demo","button_target_blank":"","button_nofollow":"","attributes":[{"name":"Installiert","content":"10,000 - 100,000"},{"name":"Reaktionsfreudig","content":"Ja"},{"name":"Kompatible Browser","content":"Firefox, Safari, Opera, Chrome, Edge"}],"tags":[],"tags_disable_links":"","hide_more_platforms":"","video_object":"","demo_hide_cta":"","demo_hide_cloud_options":"","pricing_title":"","pricing":[{"pricing_icon":"platform","pricing_title":"Elfsight Apps","pricing_title_caption":"Plattformunabh\u00e4ngige Software, die auf jeder Site funktioniert","pricing_price":"ab 0 $ \/ Monat","pricing_price_caption":"Beginnen Sie mit einem kostenlosen Plan","pricing_benefits":[{"text":"Unbegrenzte Domains"},{"text":"Kostenloser Kundensupport"},{"text":"Kostenloser Installationsservice"},{"text":"Flexibles Design"}],"pricing_button_text":"Zur Website hinzuf\u00fcgen","pricing_button_url":"#demo"}],"related_apps_title":"","related_apps_hidden":"","author":"","image":[],"title":"","job":"","social_networks":[]},"_links":{"self":[{"href":"https:\/\/elfsight.com\/de\/wp-json\/wp\/v2\/pages\/8188","targetHints":{"allow":["GET"]}}],"collection":[{"href":"https:\/\/elfsight.com\/de\/wp-json\/wp\/v2\/pages"}],"about":[{"href":"https:\/\/elfsight.com\/de\/wp-json\/wp\/v2\/types\/page"}],"author":[{"embeddable":true,"href":"https:\/\/elfsight.com\/de\/wp-json\/wp\/v2\/users\/9"}],"replies":[{"embeddable":true,"href":"https:\/\/elfsight.com\/de\/wp-json\/wp\/v2\/comments?post=8188"}],"version-history":[{"count":1,"href":"https:\/\/elfsight.com\/de\/wp-json\/wp\/v2\/pages\/8188\/revisions"}],"predecessor-version":[{"id":8192,"href":"https:\/\/elfsight.com\/de\/wp-json\/wp\/v2\/pages\/8188\/revisions\/8192"}],"up":[{"embeddable":true,"href":"https:\/\/elfsight.com\/de\/wp-json\/wp\/v2\/pages\/1543"}],"wp:attachment":[{"href":"https:\/\/elfsight.com\/de\/wp-json\/wp\/v2\/media?parent=8188"}],"curies":[{"name":"wp","href":"https:\/\/api.w.org\/{rel}","templated":true}]}}