{"id":8187,"date":"2024-05-03T06:30:45","date_gmt":"2024-05-03T06:30:45","guid":{"rendered":"https:\/\/elfsight.com\/de\/?page_id=8187"},"modified":"2025-07-08T10:18:42","modified_gmt":"2025-07-08T10:18:42","slug":"jquery","status":"publish","type":"page","link":"https:\/\/elfsight.com\/de\/booking-reviews-widget\/jquery\/","title":{"rendered":"Booking Reviews &#8211; jQuery"},"content":{"rendered":"<div class=\"application-platform-content-item-description application-platform-content-item\" id=\"description\" data-nav-section=\"description\"> <h2>Beschreibung<\/h2> <p>Wenn Sie nach einer M\u00f6glichkeit suchen, mit Ihrer hohen Bewertung zu prahlen und Website-Besucher davon zu \u00fcberzeugen, dass Ihr Platz es wert ist Wenn Sie uns besuchen, ist Elfsight Booking Reviews genau das Richtige f\u00fcr Sie. Mit unserem Tool f\u00fcgen Sie schnell Kundenbewertungen von Booking mit Informationen zu den Autoren auf Ihrer Website ein, verwenden Filter, um nur gute Bewertungen anzuzeigen, f\u00fcgen Bewertungen hinzu und verf\u00fcgen \u00fcber eine aktive Schaltfl\u00e4che, die Benutzer zu Ihrem Booking-Konto f\u00fchrt, wo sie ihre Bewertungen ver\u00f6ffentlichen k\u00f6nnen Rezension. <\/p> <div class=\"faq\" data-component=\"FAQ\"><div class=\"faq-item\">\r\n\t\t\t\t\t<div class=\"faq-item-question\">\r\n\t\t\t\t\t\t<h3 class=\"faq-item-question-text\">Wo kann ich dieses Plugin installieren<\/h3>\r\n\r\n\t\t\t\t\t\t<div class=\"faq-item-question-icon\"><\/div>\r\n\t\t\t\t\t<\/div>\r\n\r\n\t\t\t\t\t<div class=\"faq-item-answer\">\r\n\t\t\t\t\t\t<div class=\"faq-item-answer-text\"> <p>Unser Widget kann auf jeder Seite eingef\u00fcgt werden, auf der Sie Ihre hohe Wertsch\u00e4tzung und Beliebtheit bei den Kunden zum Ausdruck bringen m\u00f6chten. Wenn Sie das Widget auf allen Seiten Ihrer Website ver\u00f6ffentlichen m\u00f6chten, k\u00f6nnen Sie es einfach in die Website-Vorlage einf\u00fcgen. <\/p> <\/div>\r\n\t\t\t\t\t<\/div>\r\n\t\t\t\t<\/div><div class=\"faq-item\">\r\n\t\t\t\t\t<div class=\"faq-item-question\">\r\n\t\t\t\t\t\t<h3 class=\"faq-item-question-text\">Wie k\u00f6nnte ich von dem Widget profitieren?<\/h3>\r\n\r\n\t\t\t\t\t\t<div class=\"faq-item-question-icon\"><\/div>\r\n\t\t\t\t\t<\/div>\r\n\r\n\t\t\t\t\t<div class=\"faq-item-answer\">\r\n\t\t\t\t\t\t<div class=\"faq-item-answer-text\"> <p>Bewertungen von echten Menschen sind f\u00fcr Ihre Website-Benutzer absolut glaubw\u00fcrdig und beweisen ihnen, dass Ihr Unternehmen ein zuverl\u00e4ssiger Partner ist. Eine hohe Bewertung und ausgezeichnete Rezensionen k\u00f6nnen dazu beitragen, die Kaufquote auf Ihrer Website zu steigern. Dar\u00fcber hinaus kann die aktive Schaltfl\u00e4che dazu beitragen, dass mehr Benutzerbewertungen zu Ihrem Unternehmen bei Booking angezeigt werden. <\/p> <\/div>\r\n\t\t\t\t\t<\/div>\r\n\t\t\t\t<\/div> <div class=\"faq-item\">\r\n\t\t\t\t\t<div class=\"faq-item-question\">\r\n\t\t\t\t\t\t<h3 class=\"faq-item-question-text\">Wie kann ich Buchungsbewertungen zu meiner jQuery-Website hinzuf\u00fcgen?<\/h3>\r\n\r\n\t\t\t\t\t\t<div class=\"faq-item-question-icon\"><\/div>\r\n\t\t\t\t\t<\/div>\r\n\r\n\t\t\t\t\t<div class=\"faq-item-answer\">\r\n\t\t\t\t\t\t<div class=\"faq-item-answer-text\"> <p>Es wird einige Minuten dauern, bis Sie mit der Verwendung des Widgets beginnen. Das Hinzuf\u00fcgen erfolgt sehr schnell, kostenlos und ohne Programmieraufwand. <\/p> <ol><li>Sie k\u00f6nnen das Widget \u00fcber unseren Service auf Ihrer Website platzieren. Schauen Sie sich einfach die kurze Beschreibung weiter unten auf dieser Seite an. <\/li> <li>Das Widget kann direkt auf unserem Service oder auf dem Marktplatz eingef\u00fchrt werden. Hier k\u00f6nnen Sie die Vor- und Nachteile beider Varianten vergleichen und sich f\u00fcr Ihre entscheiden. <\/li> <\/ol> <\/div>\r\n\t\t\t\t\t<\/div>\r\n\t\t\t\t<\/div> <\/div> <\/div> <div class=\"application-platform-content-item-features application-platform-content-item\" id=\"features\" data-nav-section=\"features\"> <h2>Funktionen<\/h2> <p>Um eine vollst\u00e4ndige Wahrnehmung des Widgets zu erreichen, finden Sie hier die Liste seiner herausragendsten Merkmale. Sie machen dieses Widget f\u00fcr Ihre Werbung unglaublich effizient: <\/p> <ul> <li>4 gebrauchsfertige Layouts: Liste, Raster, Mauerwerk und Schieberegler; <\/li> <li>Die Schaltfl\u00e4che \u201eBewertungsanfrage\u201c leitet Kunden zur Buchungsseite weiter; <\/li> <li>Zwei m\u00f6gliche Szenarien f\u00fcr die Ablehnung einer \u00dcberpr\u00fcfungsanfrage: Anzeigen einer benutzerdefinierten Nachricht oder Ausblenden der Schaltfl\u00e4che. <\/li> <\/ul><p><a href=\"#demo\">Live-Demo zeigt Ihnen eine vollst\u00e4ndige Liste der Funktionen<\/a><\/p> <\/div> <div class=\"application-platform-content-item-installation application-platform-content-item\" id=\"installation\" data-nav-section=\"installation\"> <h2>Finden Sie heraus, wie Sie die Buchungsbewertungen in Ihre jQuery-Website einf\u00fcgen k\u00f6nnen<\/h2> <p> Ein paar schnelle Aktionen sind das Einzige, was Sie tun m\u00fcssen. <\/p> <ol><li><b>Erstellen Sie Ihr personalisiertes Buchungsbewertungs-Plugin<\/b><br> Gestalten Sie mit unserem kostenlosen Editor ein Plugin mit einem bevorzugten Aussehen und Funktionen. <\/li><li><b>Kopieren Sie den pers\u00f6nlichen Code, um das Plugin zu ver\u00f6ffentlichen<\/b><br> Nachdem Sie Ihr Widget erstellt haben, erhalten Sie Ihren Installationscode \u00fcber die Popup-Benachrichtigung auf Elfsight Apps. Kopieren Sie diesen Code f\u00fcr die zuk\u00fcnftige Verwendung. <\/li> <li><b>F\u00fcgen Sie das Plugin auf Ihrer jQuery-Website hinzu<\/b><br> W\u00e4hlen Sie den Bereich aus, in dem Sie das Plugin platzieren m\u00f6chten, und f\u00fcgen Sie dort den gespeicherten Code hinzu. Speichern Sie die Ergebnisse. <\/li> <li><b>Die Installation ist abgeschlossen<\/b><br> Gehen Sie zu Ihrer Website, um Ihre Arbeit anzusehen. <\/li> <\/ol><p>Sie k\u00f6nnen sich immer noch nicht entscheiden? Oder haben Sie Fragen? Schreiben Sie einfach eine Anfrage an unseren Kundensupport, er wird jede Frage kl\u00e4ren. <\/p> <\/div>","protected":false},"excerpt":{"rendered":"","protected":false},"author":9,"featured_media":0,"parent":1543,"menu_order":0,"comment_status":"closed","ping_status":"closed","template":"templates\/template-application-platform.php","meta":{"publish_to_discourse":"","publish_post_category":"","wpdc_auto_publish_overridden":"","wpdc_topic_tags":"","wpdc_pin_topic":"","wpdc_pin_until":"","discourse_post_id":"","discourse_permalink":"","wpdc_publishing_response":"","wpdc_publishing_error":"","footnotes":""},"class_list":["post-8187","page","type-page","status-publish","hentry"],"yoast_head":"<!-- This site is optimized with the Yoast SEO plugin v25.3.1 - https:\/\/yoast.com\/wordpress\/plugins\/seo\/ -->\n<title>Einbetten von Buchungsbewertungen auf der jQuery-Website (kostenlos und schnell)<\/title>\n<meta name=\"description\" content=\"Erstellen Sie mit Elfsight Ihr Booking Reviews-Plugin und platzieren Sie es schnell auf der jQuery-Website. Wir bieten kostenlosen Kundensupport und weitere Boni.\" \/>\n<meta name=\"robots\" content=\"index, follow, max-snippet:-1, max-image-preview:large, max-video-preview:-1\" \/>\n<link rel=\"canonical\" href=\"https:\/\/elfsight.com\/de\/booking-reviews-widget\/jquery\/\" \/>\n<meta property=\"og:locale\" content=\"de_DE\" \/>\n<meta property=\"og:type\" content=\"article\" \/>\n<meta property=\"og:title\" content=\"Einbetten von Buchungsbewertungen auf der jQuery-Website (kostenlos und schnell)\" \/>\n<meta property=\"og:description\" content=\"Erstellen Sie mit Elfsight Ihr Booking Reviews-Plugin und platzieren Sie es schnell auf der jQuery-Website. Wir bieten kostenlosen Kundensupport und weitere Boni.\" \/>\n<meta property=\"og:url\" content=\"https:\/\/elfsight.com\/de\/booking-reviews-widget\/jquery\/\" \/>\n<meta property=\"og:site_name\" content=\"Elfsight DE\" \/>\n<meta property=\"article:modified_time\" content=\"2025-07-08T10:18:42+00:00\" \/>\n<meta name=\"twitter:card\" content=\"summary_large_image\" \/>\n<meta name=\"twitter:label1\" content=\"Gesch\u00e4tzte Lesezeit\" \/>\n\t<meta name=\"twitter:data1\" content=\"3\u00a0Minuten\" \/>\n<!-- \/ Yoast SEO plugin. -->","yoast_head_json":{"title":"Einbetten von Buchungsbewertungen auf der jQuery-Website (kostenlos und schnell)","description":"Erstellen Sie mit Elfsight Ihr Booking Reviews-Plugin und platzieren Sie es schnell auf der jQuery-Website. Wir bieten kostenlosen Kundensupport und weitere Boni.","robots":{"index":"index","follow":"follow","max-snippet":"max-snippet:-1","max-image-preview":"max-image-preview:large","max-video-preview":"max-video-preview:-1"},"canonical":"https:\/\/elfsight.com\/de\/booking-reviews-widget\/jquery\/","og_locale":"de_DE","og_type":"article","og_title":"Einbetten von Buchungsbewertungen auf der jQuery-Website (kostenlos und schnell)","og_description":"Erstellen Sie mit Elfsight Ihr Booking Reviews-Plugin und platzieren Sie es schnell auf der jQuery-Website. Wir bieten kostenlosen Kundensupport und weitere Boni.","og_url":"https:\/\/elfsight.com\/de\/booking-reviews-widget\/jquery\/","og_site_name":"Elfsight DE","article_modified_time":"2025-07-08T10:18:42+00:00","twitter_card":"summary_large_image","twitter_misc":{"Gesch\u00e4tzte Lesezeit":"3\u00a0Minuten"},"schema":{"@context":"https:\/\/schema.org","@graph":[{"@type":"WebPage","@id":"https:\/\/elfsight.com\/de\/booking-reviews-widget\/jquery\/","url":"https:\/\/elfsight.com\/de\/booking-reviews-widget\/jquery\/","name":"Einbetten von Buchungsbewertungen auf der jQuery-Website (kostenlos und schnell)","isPartOf":{"@id":"https:\/\/elfsight.com\/de\/#website"},"datePublished":"2024-05-03T06:30:45+00:00","dateModified":"2025-07-08T10:18:42+00:00","description":"Erstellen Sie mit Elfsight Ihr Booking Reviews-Plugin und platzieren Sie es schnell auf der jQuery-Website. Wir bieten kostenlosen Kundensupport und weitere Boni.","breadcrumb":{"@id":"https:\/\/elfsight.com\/de\/booking-reviews-widget\/jquery\/#breadcrumb"},"inLanguage":"de","potentialAction":[{"@type":"ReadAction","target":["https:\/\/elfsight.com\/de\/booking-reviews-widget\/jquery\/"]}]},{"@type":"BreadcrumbList","@id":"https:\/\/elfsight.com\/de\/booking-reviews-widget\/jquery\/#breadcrumb","itemListElement":[{"@type":"ListItem","position":1,"name":"Home","item":"https:\/\/elfsight.com\/de\/"},{"@type":"ListItem","position":2,"name":"Booking Reviews","item":"https:\/\/elfsight.com\/de\/booking-reviews-widget\/"},{"@type":"ListItem","position":3,"name":"Booking Reviews &#8211; jQuery"}]},{"@type":"WebSite","@id":"https:\/\/elfsight.com\/de\/#website","url":"https:\/\/elfsight.com\/de\/","name":"Elfsight DE","description":"Just another Elfsight Sites site","potentialAction":[{"@type":"SearchAction","target":{"@type":"EntryPoint","urlTemplate":"https:\/\/elfsight.com\/de\/?s={search_term_string}"},"query-input":{"@type":"PropertyValueSpecification","valueRequired":true,"valueName":"search_term_string"}}],"inLanguage":"de"}]}},"meta_box":{"industry":"","seo_heading":"","heading":"","description":"","cta_heading":"","cta_description":"","application":"489","h1":"jQuery Booking.com-Bewertungen","h1_caption":"Zeigen Sie Bewertungen von booking.com an, um mehr G\u00e4ste anzulocken, indem Sie m\u00fchelos positive Erfahrungen fr\u00fcherer Besucher auf Ihrer jQuery-Website anzeigen.","application_category":[],"applications_title":"","applications_request_title":"","applications_request_button_text":"","hero_text":"","hero_video":"","hero_video_schema_markup":"","selling_points_title":"","selling_points_caption":"","selling_points":[],"selling_points_cta_text":"","features_title":"","features":"","ed_cta_examples_text":"","ed_cta_examples_hidden":"","ed_cta_demo_text":"","ed_cta_demo_hidden":"","why_caption":"","why_editor_title":"","why_editor_text":"","why_team_title":"","why_team_text":"","why_service_title":"","why_service_text":"","template_catalog_visible":"","template_catalog_title":"","template_catalog_text":"","template_catalog_categories_visible":"","demo_title":"Erstellen Sie Ihr Plugin f\u00fcr Buchungsbewertungen","demo_caption":"Konfigurieren Sie Ihre Buchungsbewertungen und f\u00fcgen Sie sie kostenlos zu Ihrer jQuery-Website hinzu!","default_faq_hidden":"","app_template_category":[],"platform":"258","template_public_id":"","codecanyon_url":"","codecanyon_item_id":"","codecanyon_price":"","pricing_caption":"","pricing_elfsight_apps_hide_column":"","pricing_elfsight_apps_url":"","pricing_codecanyon_price_caption":"","integration_category":[],"integration_request_title":"","integration_request_cta":"","integration_platform":"","integrations":[],"platform_category":[],"video_schema_markup":"","price":"ab 0 $ \/ Monat","trial":"","benefits":[{"text":"Kostenlose Installationshilfe"},{"text":"Effektiver Kundenservice"},{"text":"14-t\u00e4gige Geld-zur\u00fcck-Garantie"},{"text":"St\u00e4ndige Aktualisierung"}],"button_url":"#demo","button_target_blank":"","button_nofollow":"","attributes":[{"name":"Installiert","content":"10,000 - 100,000"},{"name":"Reaktionsfreudig","content":"Ja"},{"name":"Kompatible Browser","content":"Firefox, Safari, Opera, Chrome, Edge"}],"tags":[],"tags_disable_links":"","hide_more_platforms":"","video_object":"","demo_hide_cta":"","demo_hide_cloud_options":"","pricing_title":"","pricing":[{"pricing_icon":"platform","pricing_title":"Elfsight Apps","pricing_title_caption":"Plattform\u00fcbergreifende digitale L\u00f6sung, die auf jeder Website funktioniert","pricing_price":"ab 0 $ \/ Monat","pricing_price_caption":"Beginnen Sie mit einem kostenlosen Plan","pricing_benefits":[{"text":"Unbegrenzte Domains"},{"text":"Kostenloser Unternehmenssupport und gut dokumentiert"},{"text":"Kostenlose Installationshilfe"},{"text":"Flexibles Design"}],"pricing_button_text":"Zur Website hinzuf\u00fcgen","pricing_button_url":"#demo"}],"related_apps_title":"","related_apps_hidden":"","author":"","image":[],"title":"","job":"","social_networks":[]},"_links":{"self":[{"href":"https:\/\/elfsight.com\/de\/wp-json\/wp\/v2\/pages\/8187","targetHints":{"allow":["GET"]}}],"collection":[{"href":"https:\/\/elfsight.com\/de\/wp-json\/wp\/v2\/pages"}],"about":[{"href":"https:\/\/elfsight.com\/de\/wp-json\/wp\/v2\/types\/page"}],"author":[{"embeddable":true,"href":"https:\/\/elfsight.com\/de\/wp-json\/wp\/v2\/users\/9"}],"replies":[{"embeddable":true,"href":"https:\/\/elfsight.com\/de\/wp-json\/wp\/v2\/comments?post=8187"}],"version-history":[{"count":2,"href":"https:\/\/elfsight.com\/de\/wp-json\/wp\/v2\/pages\/8187\/revisions"}],"predecessor-version":[{"id":21350,"href":"https:\/\/elfsight.com\/de\/wp-json\/wp\/v2\/pages\/8187\/revisions\/21350"}],"up":[{"embeddable":true,"href":"https:\/\/elfsight.com\/de\/wp-json\/wp\/v2\/pages\/1543"}],"wp:attachment":[{"href":"https:\/\/elfsight.com\/de\/wp-json\/wp\/v2\/media?parent=8187"}],"curies":[{"name":"wp","href":"https:\/\/api.w.org\/{rel}","templated":true}]}}