{"id":8185,"date":"2024-05-03T06:30:43","date_gmt":"2024-05-03T06:30:43","guid":{"rendered":"https:\/\/elfsight.com\/de\/?page_id=8185"},"modified":"2025-02-17T12:44:17","modified_gmt":"2025-02-17T12:44:17","slug":"elementor","status":"publish","type":"page","link":"https:\/\/elfsight.com\/de\/booking-reviews-widget\/elementor\/","title":{"rendered":"Booking Reviews &#8211; Elementor"},"content":{"rendered":"\n<div class=\"application-platform-content-item-description application-platform-content-item\" id=\"description\" data-nav-section=\"description\"> <h2>Einbetten von Buchungsbewertungen auf Elementor mit dem Elfsight-Widget<\/h2> <p>Elfsight Booking Reviews ist ein praktisches Tool, das dies ganz einfach macht Damit Sie auf Ihrer Website Bewertungen zu Ihren auf Booking ver\u00f6ffentlichten Angeboten einbetten k\u00f6nnen. Mit diesem Widget k\u00f6nnen Sie Filter verwenden, um negative Bewertungen auszublenden, Ihre Sterne- und Zahlenbewertungen aus Booking hinzuzuf\u00fcgen, Details zu den Autoren hinzuzuf\u00fcgen und eine Schaltfl\u00e4che hinzuzuf\u00fcgen, die Besucher dazu bringt, eine neue Bewertung zu Booking hinzuzuf\u00fcgen. Elfsight Booking Reviews hilft Ihnen dabei, Ihren perfekten Social Proof auf Ihrer pers\u00f6nlichen Website zu demonstrieren und den Umsatz zu steigern. <\/p> <div class=\"faq\" data-component=\"FAQ\"><div class=\"faq-item\">\r\n\t\t\t\t\t<div class=\"faq-item-question\">\r\n\t\t\t\t\t\t<h3 class=\"faq-item-question-text\">Wo kann ich das Widget integrieren<\/h3>\r\n\r\n\t\t\t\t\t\t<div class=\"faq-item-question-icon\"><\/div>\r\n\t\t\t\t\t<\/div>\r\n\r\n\t\t\t\t\t<div class=\"faq-item-answer\">\r\n\t\t\t\t\t\t<div class=\"faq-item-answer-text\"> <p>Sie k\u00f6nnen das Widget auf einer beliebigen Seite Ihrer Website einf\u00fcgen oder in die Website-Vorlage einf\u00fcgen. In diesem Fall wird es angezeigt auf allen Seiten. Bewertungen sind auf Produktseiten oder auf der Seite \u201e\u00dcber uns\u201c wirksam, wo Sie Ihre hohe Bewertung unter Beweis stellen m\u00f6chten. <\/p> <\/div>\r\n\t\t\t\t\t<\/div>\r\n\t\t\t\t<\/div><div class=\"faq-item\">\r\n\t\t\t\t\t<div class=\"faq-item-question\">\r\n\t\t\t\t\t\t<h3 class=\"faq-item-question-text\">Was sind die Vorteile dieses Plugins f\u00fcr mich?<\/h3>\r\n\r\n\t\t\t\t\t\t<div class=\"faq-item-question-icon\"><\/div>\r\n\t\t\t\t\t<\/div>\r\n\r\n\t\t\t\t\t<div class=\"faq-item-answer\">\r\n\t\t\t\t\t\t<div class=\"faq-item-answer-text\"> <p>Bewertungen von echten Menschen sind f\u00fcr Ihre Website-Kunden absolut vertrauensw\u00fcrdig und zeigen ihnen, dass Ihr Unternehmen zuverl\u00e4ssig ist. Eine hohe Bewertung und hervorragende Testimonials k\u00f6nnen dazu beitragen, den Umsatz auf Ihrer Website zu steigern. Au\u00dferdem kann die Weiterleitungsschaltfl\u00e4che zu mehr Kundenbewertungen \u00fcber Ihr Unternehmen bei Booking beitragen. <\/p> <\/div>\r\n\t\t\t\t\t<\/div>\r\n\t\t\t\t<\/div> <div class=\"faq-item\">\r\n\t\t\t\t\t<div class=\"faq-item-question\">\r\n\t\t\t\t\t\t<h3 class=\"faq-item-question-text\">Was ben\u00f6tige ich, um Booking Reviews auf meiner Elementor-Website zu installieren?<\/h3>\r\n\r\n\t\t\t\t\t\t<div class=\"faq-item-question-icon\"><\/div>\r\n\t\t\t\t\t<\/div>\r\n\r\n\t\t\t\t\t<div class=\"faq-item-answer\">\r\n\t\t\t\t\t\t<div class=\"faq-item-answer-text\"> <p>Sie ben\u00f6tigen nur eine Minute, um mit der Verwendung des Widgets zu beginnen. Es ist superschnell, kostenlos und erfordert keine Programmierung. <\/p> <ol><li>Es besteht die M\u00f6glichkeit, das Widget \u00fcber unseren Service in Ihre Website einzubetten. Sehen Sie sich dazu die Anweisungen unten auf dieser Seite an. <\/li> <li>Elfsight-Buchungsbewertungen k\u00f6nnen in unseren Service oder auf dem Marktplatz eingebettet werden. Sie k\u00f6nnen die Vor- und Nachteile dieser Varianten vergleichen und eine passendere Variante ausw\u00e4hlen. <\/li> <\/ol> <\/div>\r\n\t\t\t\t\t<\/div>\r\n\t\t\t\t<\/div> <\/div> <\/div> <div class=\"application-platform-content-item-features application-platform-content-item\" id=\"features\" data-nav-section=\"features\"> <h2>Hauptfunktionen des Buchungsbewertungs-Widgets<\/h2> <p>Um eine klare Vorstellung zu bekommen der Buchungsbewertungen finden Sie in der Liste der Hauptfunktionen. Sie machen das Widget f\u00fcr Sie maximal n\u00fctzlich: <\/p> <ul> <li>4 gebrauchsfertige Layouts: Liste, Raster, Mauerwerk und Schieberegler; <\/li> <li>Eine Option zum Anzeigen oder Ausblenden der Kopfzeile des Widgets; <\/li> <li>Zwei m\u00f6gliche Szenarien nach der Ablehnung einer \u00dcberpr\u00fcfungsanfrage: Demonstrieren Sie Ihre Nachricht oder blenden Sie die Schaltfl\u00e4che aus. <\/li> <\/ul><p><a href=\"#demo\">Live-Demo zeigt Ihnen alle Funktionen<\/a><\/p> <\/div> <div class=\"application-platform-content-item-installation application-platform-content-item\" id=\"installation\" data-nav-section=\"installation\"> <h2>Sehen Sie, wie Sie die Buchungsbewertungen zu Ihrer Elementor-Website hinzuf\u00fcgen<\/h2> <div class=\"video-container\"><iframe width=\"560\" height=\"315\" src=\"https:\/\/www.youtube.com\/embed\/vz3oxrr1zZM?si=3eoA07z6rTdWa4nm\" frameborder=\"0\" allow=\"accelerometer; autoplay; clipboard-write; encrypted-media; gyroscope; picture-in-picture; web-share\" allowfullscreen><\/iframe><\/div><p>Die folgenden Aktionen sind das Einzige, was Sie ben\u00f6tigen, um Elfsight-Buchungsbewertungen auf Ihrer Website anzuzeigen. <\/p> <ol><li><b>Entwerfen Sie Ihr einzigartiges Plugin f\u00fcr Buchungsbewertungen<\/b><br> Richten Sie mithilfe unserer kostenlosen Demo ein Plugin mit einem ausgew\u00e4hlten Layout und ausgew\u00e4hlten Funktionen ein. <\/li><li><b>Erwerben Sie den individuellen Code zur Anzeige des Plugins<\/b><br> Nachdem Sie Ihr Widget erstellt haben, erhalten Sie Ihren pers\u00f6nlichen Code \u00fcber die erscheinende Benachrichtigung auf Elfsight Apps. Kopieren Sie es zur weiteren Verwendung. <\/li> <li><b>F\u00fcgen Sie das Plugin auf Ihrer Elementor-Website hinzu<\/b><br> W\u00e4hlen Sie die Stelle aus, an der Sie das Plugin anzeigen m\u00f6chten, und f\u00fcgen Sie den kopierten Code dort ein. Speichern Sie die \u00c4nderungen. <\/li> <li><b>Du bist fertig! <\/b><br> Gehen Sie auf Ihre Website, um Ihre Erfahrungsberichte zu sehen. <\/li> <\/ol><p>Immer noch unruhig? Oder haben Sie Anfragen? Senden Sie einfach Ihre Anfrage an unser Kundensupport-Team, das jedes Problem l\u00f6sen wird. <\/p> <\/div>\n","protected":false},"excerpt":{"rendered":"","protected":false},"author":9,"featured_media":0,"parent":1543,"menu_order":0,"comment_status":"closed","ping_status":"closed","template":"templates\/template-application-platform.php","meta":{"publish_to_discourse":"","publish_post_category":"","wpdc_auto_publish_overridden":"","wpdc_topic_tags":"","wpdc_pin_topic":"","wpdc_pin_until":"","discourse_post_id":"","discourse_permalink":"","wpdc_publishing_response":"","wpdc_publishing_error":"","footnotes":""},"class_list":["post-8185","page","type-page","status-publish","hentry"],"yoast_head":"<!-- This site is optimized with the Yoast SEO plugin v25.3.1 - https:\/\/yoast.com\/wordpress\/plugins\/seo\/ -->\n<title>Einbetten von Buchungsbewertungen auf der Elementor-Website (schnell und einfach)<\/title>\n<meta name=\"description\" content=\"Es ist ganz einfach, Ihr Buchungsbewertungs-Widget zu erstellen und es auf Ihrer Elementor-Website anzuzeigen. Der Kundendienst von Elfsight ist kostenlos.\" \/>\n<meta name=\"robots\" content=\"index, follow, max-snippet:-1, max-image-preview:large, max-video-preview:-1\" \/>\n<link rel=\"canonical\" href=\"https:\/\/elfsight.com\/de\/booking-reviews-widget\/elementor\/\" \/>\n<meta property=\"og:locale\" content=\"de_DE\" \/>\n<meta property=\"og:type\" content=\"article\" \/>\n<meta property=\"og:title\" content=\"Einbetten von Buchungsbewertungen auf der Elementor-Website (schnell und einfach)\" \/>\n<meta property=\"og:description\" content=\"Es ist ganz einfach, Ihr Buchungsbewertungs-Widget zu erstellen und es auf Ihrer Elementor-Website anzuzeigen. Der Kundendienst von Elfsight ist kostenlos.\" \/>\n<meta property=\"og:url\" content=\"https:\/\/elfsight.com\/de\/booking-reviews-widget\/elementor\/\" \/>\n<meta property=\"og:site_name\" content=\"Elfsight DE\" \/>\n<meta property=\"article:modified_time\" content=\"2025-02-17T12:44:17+00:00\" \/>\n<meta name=\"twitter:card\" content=\"summary_large_image\" \/>\n<meta name=\"twitter:label1\" content=\"Gesch\u00e4tzte Lesezeit\" \/>\n\t<meta name=\"twitter:data1\" content=\"3\u00a0Minuten\" \/>\n<!-- \/ Yoast SEO plugin. -->","yoast_head_json":{"title":"Einbetten von Buchungsbewertungen auf der Elementor-Website (schnell und einfach)","description":"Es ist ganz einfach, Ihr Buchungsbewertungs-Widget zu erstellen und es auf Ihrer Elementor-Website anzuzeigen. Der Kundendienst von Elfsight ist kostenlos.","robots":{"index":"index","follow":"follow","max-snippet":"max-snippet:-1","max-image-preview":"max-image-preview:large","max-video-preview":"max-video-preview:-1"},"canonical":"https:\/\/elfsight.com\/de\/booking-reviews-widget\/elementor\/","og_locale":"de_DE","og_type":"article","og_title":"Einbetten von Buchungsbewertungen auf der Elementor-Website (schnell und einfach)","og_description":"Es ist ganz einfach, Ihr Buchungsbewertungs-Widget zu erstellen und es auf Ihrer Elementor-Website anzuzeigen. Der Kundendienst von Elfsight ist kostenlos.","og_url":"https:\/\/elfsight.com\/de\/booking-reviews-widget\/elementor\/","og_site_name":"Elfsight DE","article_modified_time":"2025-02-17T12:44:17+00:00","twitter_card":"summary_large_image","twitter_misc":{"Gesch\u00e4tzte Lesezeit":"3\u00a0Minuten"},"schema":{"@context":"https:\/\/schema.org","@graph":[{"@type":"WebPage","@id":"https:\/\/elfsight.com\/de\/booking-reviews-widget\/elementor\/","url":"https:\/\/elfsight.com\/de\/booking-reviews-widget\/elementor\/","name":"Einbetten von Buchungsbewertungen auf der Elementor-Website (schnell und einfach)","isPartOf":{"@id":"https:\/\/elfsight.com\/de\/#website"},"datePublished":"2024-05-03T06:30:43+00:00","dateModified":"2025-02-17T12:44:17+00:00","description":"Es ist ganz einfach, Ihr Buchungsbewertungs-Widget zu erstellen und es auf Ihrer Elementor-Website anzuzeigen. Der Kundendienst von Elfsight ist kostenlos.","breadcrumb":{"@id":"https:\/\/elfsight.com\/de\/booking-reviews-widget\/elementor\/#breadcrumb"},"inLanguage":"de","potentialAction":[{"@type":"ReadAction","target":["https:\/\/elfsight.com\/de\/booking-reviews-widget\/elementor\/"]}]},{"@type":"BreadcrumbList","@id":"https:\/\/elfsight.com\/de\/booking-reviews-widget\/elementor\/#breadcrumb","itemListElement":[{"@type":"ListItem","position":1,"name":"Home","item":"https:\/\/elfsight.com\/de\/"},{"@type":"ListItem","position":2,"name":"Booking Reviews","item":"https:\/\/elfsight.com\/de\/booking-reviews-widget\/"},{"@type":"ListItem","position":3,"name":"Booking Reviews &#8211; Elementor"}]},{"@type":"WebSite","@id":"https:\/\/elfsight.com\/de\/#website","url":"https:\/\/elfsight.com\/de\/","name":"Elfsight DE","description":"Just another Elfsight Sites site","potentialAction":[{"@type":"SearchAction","target":{"@type":"EntryPoint","urlTemplate":"https:\/\/elfsight.com\/de\/?s={search_term_string}"},"query-input":{"@type":"PropertyValueSpecification","valueRequired":true,"valueName":"search_term_string"}}],"inLanguage":"de"}]}},"meta_box":{"industry":"","seo_heading":"","heading":"","description":"","cta_heading":"","cta_description":"","application":"489","h1":"Elementor Booking.com Bewertungen","h1_caption":"Zeigen Sie Bewertungen von booking.com an, um mehr G\u00e4ste anzulocken, indem Sie m\u00fchelos positive Erfahrungen fr\u00fcherer Besucher auf Ihrer Elementor-Website zeigen.","application_category":[],"applications_title":"","applications_request_title":"","applications_request_button_text":"","hero_text":"","hero_video":"","hero_video_schema_markup":"","selling_points_title":"","selling_points_caption":"","selling_points":[],"selling_points_cta_text":"","features_title":"","features":"","ed_cta_examples_text":"","ed_cta_examples_hidden":"","ed_cta_demo_text":"","ed_cta_demo_hidden":"","why_caption":"","why_editor_title":"","why_editor_text":"","why_team_title":"","why_team_text":"","why_service_title":"","why_service_text":"","template_catalog_visible":"0","template_catalog_title":"","template_catalog_text":"","template_catalog_categories_visible":"","demo_title":"Erstellen Sie Ihr Buchungsbewertungs-Widget","demo_caption":"Konfigurieren Sie Ihre Buchungsbewertungen und f\u00fcgen Sie sie kostenlos zu Ihrer Elementor-Website hinzu!","default_faq_hidden":"","app_template_category":[],"platform":"223","template_public_id":"","codecanyon_url":"","codecanyon_item_id":"","codecanyon_price":"","pricing_caption":"","pricing_elfsight_apps_hide_column":"","pricing_elfsight_apps_url":"","pricing_codecanyon_price_caption":"","integration_category":[],"integration_request_title":"","integration_request_cta":"","integration_platform":"","integrations":[],"platform_category":[],"video_schema_markup":"","price":"ab 0 $ \/ Monat","trial":"","benefits":[{"text":"Kostenloser Installationsservice"},{"text":"Erfahrener Kundensupport"},{"text":"14-t\u00e4gige R\u00fcckerstattungsgarantie"},{"text":"Fortlaufende Entwicklung"}],"button_url":"#demo","button_target_blank":"0","button_nofollow":"0","attributes":[{"name":"Installiert","content":"10,000 - 100,000"},{"name":"Reaktionsfreudig","content":"Ja"},{"name":"Kompatible Browser","content":"Firefox, Safari, Opera, Chrome, Edge"}],"tags":[],"tags_disable_links":"0","hide_more_platforms":"0","video_object":"","demo_hide_cta":"0","demo_hide_cloud_options":"0","pricing_title":"","pricing":[{"pricing_icon":"platform","pricing_title":"Elfsight Apps","pricing_title_caption":"Plattformunabh\u00e4ngige Software","pricing_price":"ab 0 $ \/ Monat","pricing_price_caption":"Beginnen Sie mit einem kostenlosen Plan","pricing_benefits":[{"text":"Unbegrenzte Domains"},{"text":"Professionelle und p\u00fcnktliche Unterst\u00fctzung"},{"text":"Kostenloser Installationsservice"},{"text":"Sonderangebot f\u00fcr mehrere Apps"}],"pricing_button_text":"Zur Website hinzuf\u00fcgen","pricing_button_url":"#demo"}],"related_apps_title":"","related_apps_hidden":"0","author":"","image":[],"title":"","job":"","social_networks":[]},"_links":{"self":[{"href":"https:\/\/elfsight.com\/de\/wp-json\/wp\/v2\/pages\/8185","targetHints":{"allow":["GET"]}}],"collection":[{"href":"https:\/\/elfsight.com\/de\/wp-json\/wp\/v2\/pages"}],"about":[{"href":"https:\/\/elfsight.com\/de\/wp-json\/wp\/v2\/types\/page"}],"author":[{"embeddable":true,"href":"https:\/\/elfsight.com\/de\/wp-json\/wp\/v2\/users\/9"}],"replies":[{"embeddable":true,"href":"https:\/\/elfsight.com\/de\/wp-json\/wp\/v2\/comments?post=8185"}],"version-history":[{"count":4,"href":"https:\/\/elfsight.com\/de\/wp-json\/wp\/v2\/pages\/8185\/revisions"}],"predecessor-version":[{"id":24266,"href":"https:\/\/elfsight.com\/de\/wp-json\/wp\/v2\/pages\/8185\/revisions\/24266"}],"up":[{"embeddable":true,"href":"https:\/\/elfsight.com\/de\/wp-json\/wp\/v2\/pages\/1543"}],"wp:attachment":[{"href":"https:\/\/elfsight.com\/de\/wp-json\/wp\/v2\/media?parent=8185"}],"curies":[{"name":"wp","href":"https:\/\/api.w.org\/{rel}","templated":true}]}}