{"id":8180,"date":"2024-05-03T06:30:42","date_gmt":"2024-05-03T06:30:42","guid":{"rendered":"https:\/\/elfsight.com\/de\/?page_id=8180"},"modified":"2025-02-17T12:34:59","modified_gmt":"2025-02-17T12:34:59","slug":"drupal","status":"publish","type":"page","link":"https:\/\/elfsight.com\/de\/booking-reviews-widget\/drupal\/","title":{"rendered":"Booking Reviews &#8211; Drupal"},"content":{"rendered":"\n<div class=\"application-platform-content-item-description application-platform-content-item\" id=\"description\" data-nav-section=\"description\"> <h2>Beschreibung<\/h2> <p>Wenn Sie Ihre Wertsch\u00e4tzung bei den Benutzern unter Beweis stellen und Website-Besucher davon \u00fcberzeugen m\u00f6chten, dass Ihre Produkte oder Dienstleistungen ein gutes Preis-Leistungs-Verh\u00e4ltnis bieten F\u00fcr das Geld passt das Elfsight Booking Reviews-Widget perfekt zu Ihnen. Mit diesem Widget k\u00f6nnen Sie Kundenbewertungen von Booking auf Ihrer Website mit Informationen zu ihren Autoren einf\u00fcgen, sie so sortieren, dass nur gute Bewertungen angezeigt werden, Bewertungen anzeigen und eine Weiterleitungsschaltfl\u00e4che verwenden, die die Leute auf Ihre Buchungsseite leitet, wo sie eine hinzuf\u00fcgen k\u00f6nnen mehr Rezension. <\/p> <div class=\"faq\" data-component=\"FAQ\"><div class=\"faq-item\">\r\n\t\t\t\t\t<div class=\"faq-item-question\">\r\n\t\t\t\t\t\t<h3 class=\"faq-item-question-text\">Wo kann ich es anzeigen<\/h3>\r\n\r\n\t\t\t\t\t\t<div class=\"faq-item-question-icon\"><\/div>\r\n\t\t\t\t\t<\/div>\r\n\r\n\t\t\t\t\t<div class=\"faq-item-answer\">\r\n\t\t\t\t\t\t<div class=\"faq-item-answer-text\"> <p>Sie k\u00f6nnen das Bewertungs-Widget auf jeder Seite der Website anzeigen oder es in die Vorlage einf\u00fcgen. In diesem Fall wird es ver\u00f6ffentlicht alle Seiten. Bewertungen k\u00f6nnen auf Produktseiten oder auf der Seite \u201e\u00dcber uns\u201c wirksam sein, wo Sie Ihre hohe Bewertung nachweisen m\u00fcssen. <\/p> <\/div>\r\n\t\t\t\t\t<\/div>\r\n\t\t\t\t<\/div><div class=\"faq-item\">\r\n\t\t\t\t\t<div class=\"faq-item-question\">\r\n\t\t\t\t\t\t<h3 class=\"faq-item-question-text\">Wie werde ich davon profitieren?<\/h3>\r\n\r\n\t\t\t\t\t\t<div class=\"faq-item-question-icon\"><\/div>\r\n\t\t\t\t\t<\/div>\r\n\r\n\t\t\t\t\t<div class=\"faq-item-answer\">\r\n\t\t\t\t\t\t<div class=\"faq-item-answer-text\"> <p>Bewertungen von echten Menschen sind f\u00fcr die Benutzer Ihrer Website absolut glaubw\u00fcrdig und zeigen ihnen, dass Sie Ihrem Unternehmen vertrauen k\u00f6nnen. Eine hohe Bewertung und positive Erfahrungsberichte k\u00f6nnen dazu beitragen, den Umsatz Ihrer Website anzukurbeln. Dar\u00fcber hinaus kann die aktive Schaltfl\u00e4che dazu beitragen, dass bei Booking mehr Kundenbewertungen zu Ihren Dienstleistungen angezeigt werden. <\/p> <\/div>\r\n\t\t\t\t\t<\/div>\r\n\t\t\t\t<\/div> <div class=\"faq-item\">\r\n\t\t\t\t\t<div class=\"faq-item-question\">\r\n\t\t\t\t\t\t<h3 class=\"faq-item-question-text\">Wie f\u00fcge ich Buchungsbewertungen zu meiner Drupal-Website hinzu?<\/h3>\r\n\r\n\t\t\t\t\t\t<div class=\"faq-item-question-icon\"><\/div>\r\n\t\t\t\t\t<\/div>\r\n\r\n\t\t\t\t\t<div class=\"faq-item-answer\">\r\n\t\t\t\t\t\t<div class=\"faq-item-answer-text\"> <p>Sie ben\u00f6tigen nur ein paar Minuten, um das Widget einzubetten. Die Integration ist wirklich schnell, kostenlos und ohne Programmieraufwand. <\/p> <ol><li>\u00dcber unseren Service k\u00f6nnen Sie Buchungsbewertungen zu Ihrer Webseite hinzuf\u00fcgen. Befolgen Sie dazu die Anleitung weiter unten auf dieser Seite. <\/li> <li>Elfsight-Buchungsbewertungen k\u00f6nnen direkt in unserem Service oder \u00fcber den Marktplatz eingerichtet werden. Hier k\u00f6nnen Sie mehr \u00fcber beide Varianten erfahren und Ihre ausw\u00e4hlen. <\/li> <\/ol> <\/div>\r\n\t\t\t\t\t<\/div>\r\n\t\t\t\t<\/div> <\/div> <\/div> <div class=\"application-platform-content-item-features application-platform-content-item\" id=\"features\" data-nav-section=\"features\"> <h2>Funktionen<\/h2> <p>Um eine bessere Vorstellung vom Widget zu bekommen, Sie k\u00f6nnen die Liste seiner Hauptfunktionen studieren. Sie machen unser Widget f\u00fcr Ihre Website wirklich effektiv:<\/p> <ul> <li>4 verf\u00fcgbare Layouts: Liste, Raster, Mauerwerk und Schieberegler; <\/li> <li> Vollst\u00e4ndig flexibler Header des Widgets; <\/li> <li>6 anpassbare Elemente der Benutzeroberfl\u00e4che: Name und Bild des Autors, Empfehlung, Abreisedatum, Buchungssymbol und Sternebewertung; <\/li> <\/ul><p><a href=\"#demo\">Eine vollst\u00e4ndige Liste der Funktionen finden Sie in unserer Live-Demo<\/a><\/p> <\/div> <div class=\"application-platform-content-item-installation application-platform-content-item\" id=\"installation\" data-nav-section=\"installation\"> <h2>Sehen wir uns an, wie man die Buchungsbewertungen auf der Drupal-Website einbettet<\/h2><div class=\"video-container\"><iframe width=\"560\" height=\"315\" src=\"https:\/\/www.youtube.com\/embed\/N3kO8aSUuw8?si=BvyCSXpANZCevg_i\" frameborder=\"0\" allow=\"accelerometer; autoplay; clipboard-write; encrypted-media; gyroscope; picture-in-picture; web-share\" allowfullscreen><\/iframe><\/div><p>F\u00fchren Sie einfach die unten angegebenen Schritte aus, um das Modul auf Drupal hinzuzuf\u00fcgen.<\/p> <ol><li><b>\u00d6ffnen Sie unseren kostenlosen Editor und beginnen Sie mit der Erstellung Ihres eigenen Buchungsbewertungsmoduls. <\/b><br> Bestimmen Sie die geeigneten Form- und Funktionsmerkmale des Widgets und speichern Sie die \u00c4nderungen. <\/li> <li><b>Erhalten Sie den pers\u00f6nlichen Code, der im speziellen Formular auf Elfsight Apps erscheint. <\/b><br> Sobald die Anpassung Ihres pers\u00f6nlichen Tools abgeschlossen ist, kopieren Sie den exklusiven Code aus dem angezeigten Popup und speichern Sie ihn f\u00fcr eine sp\u00e4tere Gelegenheit. <\/li> <li><b>Beginnen Sie mit der Nutzung des Plugins auf der Drupal-Website. <\/b><br> Implementieren Sie den zuvor kopierten Code in Ihre Website und speichern Sie die \u00c4nderungen. <\/li> <li><b>Das Setup ist vollst\u00e4ndig beendet. <\/b><br> Besuchen Sie Ihre Website, um die Leistung des Tools in Aktion zu sehen. <\/li><\/ol><p>Zweifeln Sie immer noch an etwas? Haben Sie Probleme? Mit nur einer einzigen Anfrage an unser Support-Team ist alles erledigt. <\/p> <\/div>\n","protected":false},"excerpt":{"rendered":"","protected":false},"author":9,"featured_media":0,"parent":1543,"menu_order":0,"comment_status":"closed","ping_status":"closed","template":"templates\/template-application-platform.php","meta":{"publish_to_discourse":"","publish_post_category":"","wpdc_auto_publish_overridden":"","wpdc_topic_tags":"","wpdc_pin_topic":"","wpdc_pin_until":"","discourse_post_id":"","discourse_permalink":"","wpdc_publishing_response":"","wpdc_publishing_error":"","footnotes":""},"class_list":["post-8180","page","type-page","status-publish","hentry"],"yoast_head":"<!-- This site is optimized with the Yoast SEO plugin v25.3.1 - https:\/\/yoast.com\/wordpress\/plugins\/seo\/ -->\n<title>Modul \u201eBuchungsbewertungen\u201c auf der Drupal-Website einbetten (2025)<\/title>\n<meta name=\"description\" content=\"Es ist ein Kinderspiel, Ihr Buchungsbewertungsmodul aufzubauen und auf Ihrer Drupal-Website zu platzieren. Der Elfsight-Kundensupport ist kostenlos.\" \/>\n<meta name=\"robots\" content=\"index, follow, max-snippet:-1, max-image-preview:large, max-video-preview:-1\" \/>\n<link rel=\"canonical\" href=\"https:\/\/elfsight.com\/de\/booking-reviews-widget\/drupal\/\" \/>\n<meta property=\"og:locale\" content=\"de_DE\" \/>\n<meta property=\"og:type\" content=\"article\" \/>\n<meta property=\"og:title\" content=\"Modul \u201eBuchungsbewertungen\u201c auf der Drupal-Website einbetten (2025)\" \/>\n<meta property=\"og:description\" content=\"Es ist ein Kinderspiel, Ihr Buchungsbewertungsmodul aufzubauen und auf Ihrer Drupal-Website zu platzieren. Der Elfsight-Kundensupport ist kostenlos.\" \/>\n<meta property=\"og:url\" content=\"https:\/\/elfsight.com\/de\/booking-reviews-widget\/drupal\/\" \/>\n<meta property=\"og:site_name\" content=\"Elfsight DE\" \/>\n<meta property=\"article:modified_time\" content=\"2025-02-17T12:34:59+00:00\" \/>\n<meta name=\"twitter:card\" content=\"summary_large_image\" \/>\n<meta name=\"twitter:label1\" content=\"Gesch\u00e4tzte Lesezeit\" \/>\n\t<meta name=\"twitter:data1\" content=\"3\u00a0Minuten\" \/>\n<!-- \/ Yoast SEO plugin. -->","yoast_head_json":{"title":"Modul \u201eBuchungsbewertungen\u201c auf der Drupal-Website einbetten (2025)","description":"Es ist ein Kinderspiel, Ihr Buchungsbewertungsmodul aufzubauen und auf Ihrer Drupal-Website zu platzieren. Der Elfsight-Kundensupport ist kostenlos.","robots":{"index":"index","follow":"follow","max-snippet":"max-snippet:-1","max-image-preview":"max-image-preview:large","max-video-preview":"max-video-preview:-1"},"canonical":"https:\/\/elfsight.com\/de\/booking-reviews-widget\/drupal\/","og_locale":"de_DE","og_type":"article","og_title":"Modul \u201eBuchungsbewertungen\u201c auf der Drupal-Website einbetten (2025)","og_description":"Es ist ein Kinderspiel, Ihr Buchungsbewertungsmodul aufzubauen und auf Ihrer Drupal-Website zu platzieren. Der Elfsight-Kundensupport ist kostenlos.","og_url":"https:\/\/elfsight.com\/de\/booking-reviews-widget\/drupal\/","og_site_name":"Elfsight DE","article_modified_time":"2025-02-17T12:34:59+00:00","twitter_card":"summary_large_image","twitter_misc":{"Gesch\u00e4tzte Lesezeit":"3\u00a0Minuten"},"schema":{"@context":"https:\/\/schema.org","@graph":[{"@type":"WebPage","@id":"https:\/\/elfsight.com\/de\/booking-reviews-widget\/drupal\/","url":"https:\/\/elfsight.com\/de\/booking-reviews-widget\/drupal\/","name":"Modul \u201eBuchungsbewertungen\u201c auf der Drupal-Website einbetten (2025)","isPartOf":{"@id":"https:\/\/elfsight.com\/de\/#website"},"datePublished":"2024-05-03T06:30:42+00:00","dateModified":"2025-02-17T12:34:59+00:00","description":"Es ist ein Kinderspiel, Ihr Buchungsbewertungsmodul aufzubauen und auf Ihrer Drupal-Website zu platzieren. Der Elfsight-Kundensupport ist kostenlos.","breadcrumb":{"@id":"https:\/\/elfsight.com\/de\/booking-reviews-widget\/drupal\/#breadcrumb"},"inLanguage":"de","potentialAction":[{"@type":"ReadAction","target":["https:\/\/elfsight.com\/de\/booking-reviews-widget\/drupal\/"]}]},{"@type":"BreadcrumbList","@id":"https:\/\/elfsight.com\/de\/booking-reviews-widget\/drupal\/#breadcrumb","itemListElement":[{"@type":"ListItem","position":1,"name":"Home","item":"https:\/\/elfsight.com\/de\/"},{"@type":"ListItem","position":2,"name":"Booking Reviews","item":"https:\/\/elfsight.com\/de\/booking-reviews-widget\/"},{"@type":"ListItem","position":3,"name":"Booking Reviews &#8211; Drupal"}]},{"@type":"WebSite","@id":"https:\/\/elfsight.com\/de\/#website","url":"https:\/\/elfsight.com\/de\/","name":"Elfsight DE","description":"Just another Elfsight Sites site","potentialAction":[{"@type":"SearchAction","target":{"@type":"EntryPoint","urlTemplate":"https:\/\/elfsight.com\/de\/?s={search_term_string}"},"query-input":{"@type":"PropertyValueSpecification","valueRequired":true,"valueName":"search_term_string"}}],"inLanguage":"de"}]}},"meta_box":{"industry":"","seo_heading":"","heading":"","description":"","cta_heading":"","cta_description":"","application":"489","h1":"Drupal Booking.com Reviews-Modul","h1_caption":"Zeigen Sie Bewertungen von booking.com an, um mehr G\u00e4ste anzulocken, indem Sie m\u00fchelos positive Erfahrungen fr\u00fcherer Besucher auf Ihrer Drupal-Website anzeigen.","application_category":[],"applications_title":"","applications_request_title":"","applications_request_button_text":"","hero_text":"","hero_video":"","hero_video_schema_markup":"","selling_points_title":"","selling_points_caption":"","selling_points":[],"selling_points_cta_text":"","features_title":"","features":"","ed_cta_examples_text":"","ed_cta_examples_hidden":"","ed_cta_demo_text":"","ed_cta_demo_hidden":"","why_caption":"","why_editor_title":"","why_editor_text":"","why_team_title":"","why_team_text":"","why_service_title":"","why_service_text":"","template_catalog_visible":"0","template_catalog_title":"","template_catalog_text":"","template_catalog_categories_visible":"","demo_title":"Erstellen Sie Ihr Buchungsbewertungsmodul","demo_caption":"Konfigurieren Sie Ihre Buchungsbewertungen und f\u00fcgen Sie sie kostenlos zu Ihrer Drupal-Website hinzu!","default_faq_hidden":"","app_template_category":[],"platform":"261","template_public_id":"","codecanyon_url":"","codecanyon_item_id":"","codecanyon_price":"","pricing_caption":"","pricing_elfsight_apps_hide_column":"","pricing_elfsight_apps_url":"","pricing_codecanyon_price_caption":"","integration_category":[],"integration_request_title":"","integration_request_cta":"","integration_platform":"","integrations":[],"platform_category":[],"video_schema_markup":"","price":"ab 0 $ \/ Monat","trial":"","benefits":[{"text":"Kostenlose Installationsunterst\u00fctzung"},{"text":"Premium-Support"},{"text":"14-t\u00e4gige R\u00fcckerstattungsgarantie"},{"text":"Fortlaufende Entwicklung"}],"button_url":"#demo","button_target_blank":"0","button_nofollow":"0","attributes":[{"name":"Installiert","content":"10,000 - 100,000"},{"name":"Reaktionsfreudig","content":"Ja"},{"name":"Kompatible Browser","content":"Firefox, Safari, Opera, Chrome, Edge"}],"tags":[],"tags_disable_links":"0","hide_more_platforms":"0","video_object":"","demo_hide_cta":"0","demo_hide_cloud_options":"0","pricing_title":"","pricing":[{"pricing_icon":"platform","pricing_title":"Elfsight Apps","pricing_title_caption":"Plattformunabh\u00e4ngige digitale L\u00f6sung","pricing_price":"ab 0 $ \/ Monat","pricing_price_caption":"Beginnen Sie mit einem kostenlosen Plan","pricing_benefits":[{"text":"Unbegrenzte Websites"},{"text":"Kostenloser Kundensupport"},{"text":"Kostenlose Installationsunterst\u00fctzung"},{"text":"Zeitlich begrenztes Angebot f\u00fcr mehrere Apps"}],"pricing_button_text":"Zur Website hinzuf\u00fcgen","pricing_button_url":"#demo"}],"related_apps_title":"","related_apps_hidden":"0","author":"","image":[],"title":"","job":"","social_networks":[]},"_links":{"self":[{"href":"https:\/\/elfsight.com\/de\/wp-json\/wp\/v2\/pages\/8180","targetHints":{"allow":["GET"]}}],"collection":[{"href":"https:\/\/elfsight.com\/de\/wp-json\/wp\/v2\/pages"}],"about":[{"href":"https:\/\/elfsight.com\/de\/wp-json\/wp\/v2\/types\/page"}],"author":[{"embeddable":true,"href":"https:\/\/elfsight.com\/de\/wp-json\/wp\/v2\/users\/9"}],"replies":[{"embeddable":true,"href":"https:\/\/elfsight.com\/de\/wp-json\/wp\/v2\/comments?post=8180"}],"version-history":[{"count":3,"href":"https:\/\/elfsight.com\/de\/wp-json\/wp\/v2\/pages\/8180\/revisions"}],"predecessor-version":[{"id":24262,"href":"https:\/\/elfsight.com\/de\/wp-json\/wp\/v2\/pages\/8180\/revisions\/24262"}],"up":[{"embeddable":true,"href":"https:\/\/elfsight.com\/de\/wp-json\/wp\/v2\/pages\/1543"}],"wp:attachment":[{"href":"https:\/\/elfsight.com\/de\/wp-json\/wp\/v2\/media?parent=8180"}],"curies":[{"name":"wp","href":"https:\/\/api.w.org\/{rel}","templated":true}]}}