{"id":8172,"date":"2024-05-03T06:30:38","date_gmt":"2024-05-03T06:30:38","guid":{"rendered":"https:\/\/elfsight.com\/de\/?page_id=8172"},"modified":"2025-02-17T13:14:15","modified_gmt":"2025-02-17T13:14:15","slug":"iframe","status":"publish","type":"page","link":"https:\/\/elfsight.com\/de\/booking-reviews-widget\/iframe\/","title":{"rendered":"Booking Reviews &#8211; iFrame"},"content":{"rendered":"\n<div class=\"application-platform-content-item-description application-platform-content-item\" id=\"description\" data-nav-section=\"description\"><h2>Einbetten von Buchungsbewertungen auf iFrame mit dem Elfsight-Widget<\/h2><p>Wenn Sie Ihre hohe Kundenbewertung zeigen und die Website \u00fcberzeugen m\u00f6chten Wenn Ihre Besucher davon \u00fcberzeugt sind, dass sich der Kauf Ihrer Produkte oder Dienstleistungen lohnt, sind Elfsight Booking Reviews die richtige Wahl. Mit unserem Tool k\u00f6nnen Sie Benutzerbewertungen von Booking auf Ihrer Website mit Informationen zu ihren Autoren platzieren; Sortieren Sie sie, um nur die guten zu offenbaren. Zeigen Sie Bewertungen und die Schaltfl\u00e4che \u201eBewertung anfordern\u201c an, die die Leute zu Ihrer Buchungsseite f\u00fchrt, wo sie eine weitere Bewertung schreiben k\u00f6nnen.<\/p><p><b>Prahl die Wertsch\u00e4tzung Ihrer Kunden mit Buchungsbewertungen auf Ihrer Website<\/b><\/p> <\/div><div class=\"application-platform-content-item-features application-platform-content-item\" id=\"features\" data-nav-section=\"features\"><h2>Hauptfunktionen des Buchungsbewertungs-Widgets<\/h2><p>Sehen Sie sich die Liste der Funktionen unten an, um ein besseres Verst\u00e4ndnis des Widgets zu erhalten: <\/p> <ul> <li>Vier vordefinierte Layouts: Liste, Raster, Mauerwerk und Schieberegler; <\/li> <li>\u00dcber die Schaltfl\u00e4che zum Anfordern einer Bewertung gelangen Benutzer zu Ihrer Buchungsseite. <\/li> <li>Zwei Szenariovarianten nach der Ablehnung einer \u00dcberpr\u00fcfungsanfrage: Offenlegen einer Textnachricht oder Ausblenden der Schaltfl\u00e4che. <\/li> <\/ul><p><a href=\"#demo\">Probieren Sie alle Funktionen direkt in der Demo aus<\/a><\/p><\/div><div class=\"application-platform-content-item-installation application-platform-content-item\" id=\"installation\" data-nav-section=\"installation\"><h2> So f\u00fcgen Sie das Plugin \u201eBooking Reviews\u201c zur iFrame-Website hinzu<\/h2><p>Beginnen Sie mit der Nutzung des Plugins in nur wenigen Schritten. <\/p> <ol><li><b>Erstellen Sie Ihr einzigartiges Buchungsbewertungs-Plugin<\/b><br> Erstellen Sie mithilfe unserer kostenlosen Demo ein Plugin und w\u00e4hlen Sie dessen Schnittstellenoptionen aus. <\/li><li><b>Kopieren Sie den einzelnen Code, um das Plugin zu ver\u00f6ffentlichen<\/b><br> Nachdem Sie Ihr Plugin generiert haben, erhalten Sie den Setup-Code aus der Popup-Benachrichtigung auf Elfsight Apps. Kopieren Sie den Code zur weiteren Verwendung. <\/li> <li><b> Das Plugin auf Ihrer iFrame-Website<\/b><br> Suchen Sie den Ort, an dem Sie das Plugin hinzuf\u00fcgen m\u00f6chten, und f\u00fcgen Sie dort den gespeicherten Code ein. Speichern Sie die Ergebnisse. <\/li> <li><b>Fertig! <\/b><br> Betreten Sie die Webseite, um Ihre Arbeit zu sehen. <\/li> <\/ol><p>Wenn Sie Fragen haben oder Hilfe von uns ben\u00f6tigen, z\u00f6gern Sie nicht, uns zu kontaktieren. Wir sind immer bereit zu helfen. <\/p> <div class=\"faq\" data-component=\"FAQ\"> <div class=\"faq-item\">\r\n\t\t\t\t\t<div class=\"faq-item-question\">\r\n\t\t\t\t\t\t<h3 class=\"faq-item-question-text\">Wie f\u00fcge ich Booking.com-Bewertungen ohne Programmierkenntnisse auf meiner iFrame-Website hinzu?<\/h3>\r\n\r\n\t\t\t\t\t\t<div class=\"faq-item-question-icon\"><\/div>\r\n\t\t\t\t\t<\/div>\r\n\r\n\t\t\t\t\t<div class=\"faq-item-answer\">\r\n\t\t\t\t\t\t<div class=\"faq-item-answer-text\"> <p>Elfsight bietet eine SaaS-L\u00f6sung, mit der Sie ganz einfach ein Booking.com-Bewertungen-Widget erstellen k\u00f6nnen. So einfach geht\u2019s:<\/p>  \n<ul>\n<li>\u00d6ffnen Sie den Online-Editor und erstellen Sie das gew\u00fcnschte Booking.com-Bewertungen-Widget f\u00fcr Ihre iFrame-Website. <\/li>\n<li>W\u00e4hlen Sie eine unserer vorgefertigten Vorlagen und passen Sie die Einstellungen an \u2013 \u00e4ndern Sie das Layout und das Farbschema und f\u00fcgen Sie Ihre Inhalte hinzu, alles ganz ohne Programmierkenntnisse.<\/li> \n<li>Speichern Sie Ihre \u00c4nderungen und kopieren Sie den Installationscode, den Sie m\u00fchelos in Ihre iFrame-Website einf\u00fcgen k\u00f6nnen, ohne eine kostenpflichtige Version zu erwerben.<\/li> \n<\/ul>\n<p>Mit unserem benutzerfreundlichen Editor kann jeder Internetnutzer ein Booking.com-Bewertungen-Widget erstellen und einfach in seine iFrame-Website integrieren. F\u00fcr die Nutzung des Services sind keine Zahlungen oder die Eingabe von Kreditkartendaten erforderlich. Wenn Sie auf Probleme sto\u00dfen, steht Ihnen unser technischer Support jederzeit gerne zur Verf\u00fcgung.<\/p> <\/div>\r\n\t\t\t\t\t<\/div>\r\n\t\t\t\t<\/div> <\/div> <\/div>\n","protected":false},"excerpt":{"rendered":"","protected":false},"author":9,"featured_media":0,"parent":1543,"menu_order":0,"comment_status":"closed","ping_status":"closed","template":"templates\/template-application-platform.php","meta":{"publish_to_discourse":"","publish_post_category":"","wpdc_auto_publish_overridden":"","wpdc_topic_tags":"","wpdc_pin_topic":"","wpdc_pin_until":"","discourse_post_id":"","discourse_permalink":"","wpdc_publishing_response":"","wpdc_publishing_error":"","footnotes":""},"class_list":["post-8172","page","type-page","status-publish","hentry"],"yoast_head":"<!-- This site is optimized with the Yoast SEO plugin v25.3.1 - https:\/\/yoast.com\/wordpress\/plugins\/seo\/ -->\n<title>iFrame Booking Reviews-Plugin f\u00fcr Ihre Website (kostenlos und schnell)<\/title>\n<meta name=\"description\" content=\"Es ist ganz einfach, Ihr Booking Reviews-Plugin zu entwerfen und auf Ihrer iFrame-Website zu platzieren. Der Kundensupport von Elfsight ist kostenlos und schnell.\" \/>\n<meta name=\"robots\" content=\"index, follow, max-snippet:-1, max-image-preview:large, max-video-preview:-1\" \/>\n<link rel=\"canonical\" href=\"https:\/\/elfsight.com\/de\/booking-reviews-widget\/iframe\/\" \/>\n<meta property=\"og:locale\" content=\"de_DE\" \/>\n<meta property=\"og:type\" content=\"article\" \/>\n<meta property=\"og:title\" content=\"iFrame Booking Reviews-Plugin f\u00fcr Ihre Website (kostenlos und schnell)\" \/>\n<meta property=\"og:description\" content=\"Es ist ganz einfach, Ihr Booking Reviews-Plugin zu entwerfen und auf Ihrer iFrame-Website zu platzieren. Der Kundensupport von Elfsight ist kostenlos und schnell.\" \/>\n<meta property=\"og:url\" content=\"https:\/\/elfsight.com\/de\/booking-reviews-widget\/iframe\/\" \/>\n<meta property=\"og:site_name\" content=\"Elfsight DE\" \/>\n<meta property=\"article:modified_time\" content=\"2025-02-17T13:14:15+00:00\" \/>\n<meta name=\"twitter:card\" content=\"summary_large_image\" \/>\n<meta name=\"twitter:label1\" content=\"Gesch\u00e4tzte Lesezeit\" \/>\n\t<meta name=\"twitter:data1\" content=\"3\u00a0Minuten\" \/>\n<!-- \/ Yoast SEO plugin. -->","yoast_head_json":{"title":"iFrame Booking Reviews-Plugin f\u00fcr Ihre Website (kostenlos und schnell)","description":"Es ist ganz einfach, Ihr Booking Reviews-Plugin zu entwerfen und auf Ihrer iFrame-Website zu platzieren. Der Kundensupport von Elfsight ist kostenlos und schnell.","robots":{"index":"index","follow":"follow","max-snippet":"max-snippet:-1","max-image-preview":"max-image-preview:large","max-video-preview":"max-video-preview:-1"},"canonical":"https:\/\/elfsight.com\/de\/booking-reviews-widget\/iframe\/","og_locale":"de_DE","og_type":"article","og_title":"iFrame Booking Reviews-Plugin f\u00fcr Ihre Website (kostenlos und schnell)","og_description":"Es ist ganz einfach, Ihr Booking Reviews-Plugin zu entwerfen und auf Ihrer iFrame-Website zu platzieren. Der Kundensupport von Elfsight ist kostenlos und schnell.","og_url":"https:\/\/elfsight.com\/de\/booking-reviews-widget\/iframe\/","og_site_name":"Elfsight DE","article_modified_time":"2025-02-17T13:14:15+00:00","twitter_card":"summary_large_image","twitter_misc":{"Gesch\u00e4tzte Lesezeit":"3\u00a0Minuten"},"schema":{"@context":"https:\/\/schema.org","@graph":[{"@type":"WebPage","@id":"https:\/\/elfsight.com\/de\/booking-reviews-widget\/iframe\/","url":"https:\/\/elfsight.com\/de\/booking-reviews-widget\/iframe\/","name":"iFrame Booking Reviews-Plugin f\u00fcr Ihre Website (kostenlos und schnell)","isPartOf":{"@id":"https:\/\/elfsight.com\/de\/#website"},"datePublished":"2024-05-03T06:30:38+00:00","dateModified":"2025-02-17T13:14:15+00:00","description":"Es ist ganz einfach, Ihr Booking Reviews-Plugin zu entwerfen und auf Ihrer iFrame-Website zu platzieren. Der Kundensupport von Elfsight ist kostenlos und schnell.","breadcrumb":{"@id":"https:\/\/elfsight.com\/de\/booking-reviews-widget\/iframe\/#breadcrumb"},"inLanguage":"de","potentialAction":[{"@type":"ReadAction","target":["https:\/\/elfsight.com\/de\/booking-reviews-widget\/iframe\/"]}]},{"@type":"BreadcrumbList","@id":"https:\/\/elfsight.com\/de\/booking-reviews-widget\/iframe\/#breadcrumb","itemListElement":[{"@type":"ListItem","position":1,"name":"Home","item":"https:\/\/elfsight.com\/de\/"},{"@type":"ListItem","position":2,"name":"Booking Reviews","item":"https:\/\/elfsight.com\/de\/booking-reviews-widget\/"},{"@type":"ListItem","position":3,"name":"Booking Reviews &#8211; iFrame"}]},{"@type":"WebSite","@id":"https:\/\/elfsight.com\/de\/#website","url":"https:\/\/elfsight.com\/de\/","name":"Elfsight DE","description":"Just another Elfsight Sites site","potentialAction":[{"@type":"SearchAction","target":{"@type":"EntryPoint","urlTemplate":"https:\/\/elfsight.com\/de\/?s={search_term_string}"},"query-input":{"@type":"PropertyValueSpecification","valueRequired":true,"valueName":"search_term_string"}}],"inLanguage":"de"}]}},"meta_box":{"industry":"","seo_heading":"","heading":"","description":"","cta_heading":"","cta_description":"","application":"489","h1":"iFrame Booking.com-Bewertungen","h1_caption":"Zeigen Sie Bewertungen von booking.com an, um mehr G\u00e4ste anzulocken, indem Sie m\u00fchelos positive Erfahrungen fr\u00fcherer Besucher auf Ihrer iFrame-Website anzeigen.","application_category":[],"applications_title":"","applications_request_title":"","applications_request_button_text":"","hero_text":"","hero_video":"","hero_video_schema_markup":"","selling_points_title":"","selling_points_caption":"","selling_points":[],"selling_points_cta_text":"","features_title":"","features":"","ed_cta_examples_text":"","ed_cta_examples_hidden":"","ed_cta_demo_text":"","ed_cta_demo_hidden":"","why_caption":"","why_editor_title":"","why_editor_text":"","why_team_title":"","why_team_text":"","why_service_title":"","why_service_text":"","template_catalog_visible":"0","template_catalog_title":"","template_catalog_text":"","template_catalog_categories_visible":"","demo_title":"Erstellen Sie Ihr Buchungsbewertungs-Widget","demo_caption":"Konfigurieren Sie Ihre Buchungsbewertungen und f\u00fcgen Sie sie kostenlos zu Ihrer iFrame-Website hinzu!","default_faq_hidden":"","app_template_category":[],"platform":"240","template_public_id":"","codecanyon_url":"","codecanyon_item_id":"","codecanyon_price":"","pricing_caption":"","pricing_elfsight_apps_hide_column":"","pricing_elfsight_apps_url":"","pricing_codecanyon_price_caption":"","integration_category":[],"integration_request_title":"","integration_request_cta":"","integration_platform":"","integrations":[],"platform_category":[],"video_schema_markup":"","price":"ab 0 $ \/ Monat","trial":"","benefits":[{"text":"Kostenlose Installationshilfe"},{"text":"Erfahrener Kundensupport"},{"text":"14-t\u00e4gige R\u00fcckerstattungsgarantie"},{"text":"Regelm\u00e4\u00dfige kostenlose Verbesserungen"}],"button_url":"#demo","button_target_blank":"0","button_nofollow":"0","attributes":[{"name":"Installiert","content":"10,000 - 100,000"},{"name":"Reaktionsfreudig","content":"Ja"},{"name":"Kompatible Browser","content":"Firefox, Opera, Edge, Safari, Chrome"}],"tags":[],"tags_disable_links":"0","hide_more_platforms":"0","video_object":"","demo_hide_cta":"0","demo_hide_cloud_options":"0","pricing_title":"","pricing":[{"pricing_icon":"platform","pricing_title":"Elfsight Apps","pricing_title_caption":"Plattform\u00fcbergreifende Software, die auf jeder Website funktioniert","pricing_price":"ab 0 $ \/ Monat","pricing_price_caption":"Beginnen Sie mit einem kostenlosen Plan","pricing_benefits":[{"text":"Unbegrenzte Websites"},{"text":"Schneller Kundensupport"},{"text":"Kostenlose Installationsunterst\u00fctzung"},{"text":"Sonderpreis f\u00fcr mehrere Apps"}],"pricing_button_text":"Zur Website hinzuf\u00fcgen","pricing_button_url":"#demo"}],"related_apps_title":"","related_apps_hidden":"0","author":"","image":[],"title":"","job":"","social_networks":[]},"_links":{"self":[{"href":"https:\/\/elfsight.com\/de\/wp-json\/wp\/v2\/pages\/8172","targetHints":{"allow":["GET"]}}],"collection":[{"href":"https:\/\/elfsight.com\/de\/wp-json\/wp\/v2\/pages"}],"about":[{"href":"https:\/\/elfsight.com\/de\/wp-json\/wp\/v2\/types\/page"}],"author":[{"embeddable":true,"href":"https:\/\/elfsight.com\/de\/wp-json\/wp\/v2\/users\/9"}],"replies":[{"embeddable":true,"href":"https:\/\/elfsight.com\/de\/wp-json\/wp\/v2\/comments?post=8172"}],"version-history":[{"count":3,"href":"https:\/\/elfsight.com\/de\/wp-json\/wp\/v2\/pages\/8172\/revisions"}],"predecessor-version":[{"id":24270,"href":"https:\/\/elfsight.com\/de\/wp-json\/wp\/v2\/pages\/8172\/revisions\/24270"}],"up":[{"embeddable":true,"href":"https:\/\/elfsight.com\/de\/wp-json\/wp\/v2\/pages\/1543"}],"wp:attachment":[{"href":"https:\/\/elfsight.com\/de\/wp-json\/wp\/v2\/media?parent=8172"}],"curies":[{"name":"wp","href":"https:\/\/api.w.org\/{rel}","templated":true}]}}